{"id":22853,"date":"2024-03-01T16:50:19","date_gmt":"2024-03-01T15:50:19","guid":{"rendered":"https:\/\/u15jnbdpoq.preview.infomaniak.website\/produit\/500-blatt-weisses-papier-in-ries-a4-80g-m%c2%b2\/"},"modified":"2026-04-17T02:15:44","modified_gmt":"2026-04-17T00:15:44","slug":"500-blatt-weisses-papier-in-ries-a4-80g-m%c2%b2","status":"publish","type":"product","link":"https:\/\/www.csj-emballages.com\/de\/produit\/500-blatt-weisses-papier-in-ries-a4-80g-m%c2%b2\/","title":{"rendered":"Wei\u00dfes A4-Papier, 80g\/m\u00b2, 500 Blatt"},"content":{"rendered":"<h2>Papierblatt<\/h2>\n<hr>\n<h3>Entdecken Sie unser wei\u00dfes A4-Papier, 80g\/m\u00b2, im 500er-Ries.<\/h3>\n<p><!--more--><\/p>\n<p data-start=\"221\" data-end=\"544\">Ob zum Drucken, Schreiben oder einfach zum Organisieren Ihrer Ideen, dieses <strong data-start=\"296\" data-end=\"340\">500er-Ries wei\u00dfes A4-Papier, 80 g\/m\u00b2<\/strong> erf\u00fcllt alle allt\u00e4glichen Anforderungen problemlos. Schon beim ersten Anfassen sp\u00fcrt man ein angenehmes Papier, das weder zu d\u00fcnn noch zu steif ist, perfekt f\u00fcr den regelm\u00e4\u00dfigen Gebrauch im B\u00fcro und zu Hause. <\/p>\n<p data-start=\"546\" data-end=\"868\">Dank seiner <strong>Grammatur<\/strong> von <strong data-start=\"570\" data-end=\"581\">80 g\/m\u00b2<\/strong> bietet das Papier eine ausgezeichnete Balance. Die Tinte schl\u00e4gt nicht durch, Drucke bleiben scharf und Texte gut lesbar, egal ob Sie einen Tintenstrahl-, Laserdrucker oder einen einfachen Stift verwenden. So behalten Ihre Dokumente ein sauberes und professionelles Aussehen, ohne besonderen Aufwand.  <\/p>\n<p data-start=\"870\" data-end=\"1189\">Zudem hebt sein <strong>leuchtendes Wei\u00df<\/strong> den Inhalt nat\u00fcrlich hervor. Ob Sie Rechnungen, Kursunterlagen, Angebote oder Pr\u00e4sentationsmaterialien drucken, jede Seite gewinnt an Klarheit. Ebenso passt das <strong>A4-Format<\/strong> in alle g\u00e4ngigen Ordner, Mappen und Drucker, was Ihnen unangenehme \u00dcberraschungen erspart.  <\/p>\n<p data-start=\"1191\" data-end=\"1506\">Mit <strong data-start=\"1196\" data-end=\"1221\">500 Blatt pro Ries<\/strong> verf\u00fcgen Sie \u00fcber einen komfortablen Vorrat, um ungest\u00f6rt zu arbeiten, ohne Ihren Bestand zu oft erneuern zu m\u00fcssen. Es ist eine einfache, praktische und wirtschaftliche L\u00f6sung f\u00fcr Unternehmen, Studenten, Lehrer oder jeden, der t\u00e4glich zuverl\u00e4ssiges Papier ben\u00f6tigt. <\/p>\n<p data-start=\"1508\" data-end=\"1704\">Kurz gesagt, dieses <strong>A4-Papier 80 g\/m\u00b2<\/strong> ist unkompliziert. Es tut genau das, was man von ihm erwartet: eine saubere, gleichm\u00e4\u00dfige und effiziente Oberfl\u00e4che f\u00fcr all Ihre Dokumente zu bieten, Tag f\u00fcr Tag. <\/p>\n<p data-start=\"1508\" data-end=\"1704\">\n<p data-start=\"1554\" data-end=\"1652\"><!--more--><\/p>\n<h4 data-start=\"1554\" data-end=\"1652\">Vorteile :<\/h4>\n<ul>\n<li data-start=\"1732\" data-end=\"1779\"><strong>Vielseitiges Papier<\/strong> zum Schreiben und Drucken<\/li>\n<li data-start=\"1782\" data-end=\"1828\"><strong>Leuchtendes Wei\u00df<\/strong> f\u00fcr bessere Lesbarkeit<\/li>\n<li data-start=\"1831\" data-end=\"1870\">Ausgewogene Grammatur, nicht durchscheinend<\/li>\n<li data-start=\"1873\" data-end=\"1913\">Kompatibel mit allen Druckern<\/li>\n<li data-start=\"1916\" data-end=\"1962\"><strong>500 Blatt pro Ries<\/strong>, praktisch und wirtschaftlich.<\/li>\n<\/ul>\n<p>&nbsp;<\/p>\n<p><!--more--><\/p>\n<h4>Weitere Informationen :<\/h4>\n<ul>\n<li><strong>Verpackung<\/strong>: Einzeln<\/li>\n<li><strong>Abmessungen<\/strong>: 21 x 29,7 cm<\/li>\n<li><strong>Format<\/strong>: A4<\/li>\n<li><strong>Modell<\/strong>: W\u00fcrfelblock<\/li>\n<li><strong>Papierfarbe<\/strong>: Wei\u00df<\/li>\n<li><strong>Grammatur<\/strong>: 80 g\/m\u00b2<\/li>\n<li><strong>Blattanzahl<\/strong>: 500<\/li>\n<\/ul>\n<p>&nbsp;<\/p>\n<p><!--more--><\/p>\n<p><a href=\"https:\/\/www.csj-emballages.com\/de\/categorie-produit\/lebensmittelverpackungen\/boutique-und-geschaft\/briefpapier-und-kleinmaterial\/blocke\/\">Sehen Sie sich den Rest unseres Blocksortiments an<\/a><\/p>\n","protected":false},"excerpt":{"rendered":"<p>Papierblatt Entdecken Sie unser wei\u00dfes A4-Papier, 80g\/m\u00b2, im 500er-Ries.<\/p>\n","protected":false},"featured_media":260404,"template":"","meta":{"_acf_changed":false},"product_brand":[],"product_cat":[1487,3240],"product_tag":[],"class_list":{"0":"post-22853","1":"product","2":"type-product","3":"status-publish","4":"has-post-thumbnail","6":"product_cat-boutique-und-geschaft","7":"product_cat-papierkorbe","9":"first","10":"instock","11":"taxable","12":"shipping-taxable","13":"purchasable","14":"product-type-simple"},"acf":[],"yoast_head":"<!-- This site is optimized with the Yoast SEO Premium plugin v26.6 (Yoast SEO v26.6) - https:\/\/yoast.com\/wordpress\/plugins\/seo\/ -->\n<title>Wei\u00dfes A4-Papier, 80g\/m\u00b2, 500 Blatt<\/title>\n<meta name=\"description\" content=\"500 Blatt wei\u00dfes A4-Papier, 80 g\/m\u00b2. Vielseitiges Papier zum Drucken und Schreiben, saubere Ergebnisse, Standardformat, ideal f\u00fcr den t\u00e4glichen Gebrauch.\" \/>\n<meta name=\"robots\" content=\"index, follow, max-snippet:-1, max-image-preview:large, max-video-preview:-1\" \/>\n<link rel=\"canonical\" href=\"https:\/\/www.csj-emballages.com\/de\/produit\/500-blatt-weisses-papier-in-ries-a4-80g-m%c2%b2\/\" \/>\n<meta property=\"og:locale\" content=\"de_DE\" \/>\n<meta property=\"og:type\" content=\"article\" \/>\n<meta property=\"og:title\" content=\"Wei\u00dfes A4-Papier, 80g\/m\u00b2, 500 Blatt\" \/>\n<meta property=\"og:description\" content=\"500 Blatt wei\u00dfes A4-Papier, 80 g\/m\u00b2. Vielseitiges Papier zum Drucken und Schreiben, saubere Ergebnisse, Standardformat, ideal f\u00fcr den t\u00e4glichen Gebrauch.\" \/>\n<meta property=\"og:url\" content=\"https:\/\/www.csj-emballages.com\/de\/produit\/500-blatt-weisses-papier-in-ries-a4-80g-m%c2%b2\/\" \/>\n<meta property=\"og:site_name\" content=\"CSJ Emballages\" \/>\n<meta property=\"article:publisher\" content=\"https:\/\/www.facebook.com\/csjemballages\" \/>\n<meta property=\"article:modified_time\" content=\"2026-04-17T00:15:44+00:00\" \/>\n<meta property=\"og:image\" content=\"https:\/\/www.csj-emballages.com\/wp-content\/uploads\/2024\/03\/RAMPAP.webp\" \/>\n\t<meta property=\"og:image:width\" content=\"800\" \/>\n\t<meta property=\"og:image:height\" content=\"800\" \/>\n\t<meta property=\"og:image:type\" content=\"image\/webp\" \/>\n<meta name=\"twitter:card\" content=\"summary_large_image\" \/>\n<meta name=\"twitter:label1\" content=\"Gesch\u00e4tzte Lesezeit\" \/>\n\t<meta name=\"twitter:data1\" content=\"2 Minuten\" \/>\n<script type=\"application\/ld+json\" class=\"yoast-schema-graph\">{\"@context\":\"https:\/\/schema.org\",\"@graph\":[{\"@type\":\"WebPage\",\"@id\":\"https:\/\/www.csj-emballages.com\/de\/produit\/500-blatt-weisses-papier-in-ries-a4-80g-m%c2%b2\/\",\"url\":\"https:\/\/www.csj-emballages.com\/de\/produit\/500-blatt-weisses-papier-in-ries-a4-80g-m%c2%b2\/\",\"name\":\"Wei\u00dfes A4-Papier, 80g\/m\u00b2, 500 Blatt\",\"isPartOf\":{\"@id\":\"https:\/\/www.csj-emballages.com\/de\/#website\"},\"primaryImageOfPage\":{\"@id\":\"https:\/\/www.csj-emballages.com\/de\/produit\/500-blatt-weisses-papier-in-ries-a4-80g-m%c2%b2\/#primaryimage\"},\"image\":{\"@id\":\"https:\/\/www.csj-emballages.com\/de\/produit\/500-blatt-weisses-papier-in-ries-a4-80g-m%c2%b2\/#primaryimage\"},\"thumbnailUrl\":\"https:\/\/www.csj-emballages.com\/wp-content\/uploads\/2024\/03\/RAMPAP.webp\",\"datePublished\":\"2024-03-01T15:50:19+00:00\",\"dateModified\":\"2026-04-17T00:15:44+00:00\",\"description\":\"500 Blatt wei\u00dfes A4-Papier, 80 g\/m\u00b2. Vielseitiges Papier zum Drucken und Schreiben, saubere Ergebnisse, Standardformat, ideal f\u00fcr den t\u00e4glichen Gebrauch.\",\"breadcrumb\":{\"@id\":\"https:\/\/www.csj-emballages.com\/de\/produit\/500-blatt-weisses-papier-in-ries-a4-80g-m%c2%b2\/#breadcrumb\"},\"inLanguage\":\"de\",\"potentialAction\":[{\"@type\":\"ReadAction\",\"target\":[\"https:\/\/www.csj-emballages.com\/de\/produit\/500-blatt-weisses-papier-in-ries-a4-80g-m%c2%b2\/\"]}]},{\"@type\":\"ImageObject\",\"inLanguage\":\"de\",\"@id\":\"https:\/\/www.csj-emballages.com\/de\/produit\/500-blatt-weisses-papier-in-ries-a4-80g-m%c2%b2\/#primaryimage\",\"url\":\"https:\/\/www.csj-emballages.com\/wp-content\/uploads\/2024\/03\/RAMPAP.webp\",\"contentUrl\":\"https:\/\/www.csj-emballages.com\/wp-content\/uploads\/2024\/03\/RAMPAP.webp\",\"width\":800,\"height\":800,\"caption\":\"Feuille en papier blanche\"},{\"@type\":\"BreadcrumbList\",\"@id\":\"https:\/\/www.csj-emballages.com\/de\/produit\/500-blatt-weisses-papier-in-ries-a4-80g-m%c2%b2\/#breadcrumb\",\"itemListElement\":[{\"@type\":\"ListItem\",\"position\":1,\"name\":\"Accueil\",\"item\":\"https:\/\/www.csj-emballages.com\/de\/universum-lebensmittelverpackungen\/\"},{\"@type\":\"ListItem\",\"position\":2,\"name\":\"Shop\",\"item\":\"https:\/\/www.csj-emballages.com\/shop\/\"},{\"@type\":\"ListItem\",\"position\":3,\"name\":\"Wei\u00dfes A4-Papier, 80g\/m\u00b2, 500 Blatt\"}]},{\"@type\":\"WebSite\",\"@id\":\"https:\/\/www.csj-emballages.com\/de\/#website\",\"url\":\"https:\/\/www.csj-emballages.com\/de\/\",\"name\":\"CSJ Emballages\",\"description\":\"\",\"publisher\":{\"@id\":\"https:\/\/www.csj-emballages.com\/de\/#organization\"},\"potentialAction\":[{\"@type\":\"SearchAction\",\"target\":{\"@type\":\"EntryPoint\",\"urlTemplate\":\"https:\/\/www.csj-emballages.com\/de\/?s={search_term_string}\"},\"query-input\":{\"@type\":\"PropertyValueSpecification\",\"valueRequired\":true,\"valueName\":\"search_term_string\"}}],\"inLanguage\":\"de\"},{\"@type\":\"Organization\",\"@id\":\"https:\/\/www.csj-emballages.com\/de\/#Organization\/\",\"name\":\"CSJ Emballages\",\"url\":\"https:\/\/www.csj-emballages.com\/de\/\",\"logo\":{\"@type\":\"ImageObject\",\"inLanguage\":\"de\",\"@id\":\"https:\/\/www.csj-emballages.com\/de\/#\/schema\/logo\/image\/\",\"url\":\"https:\/\/www.csj-emballages.com\/wp-content\/uploads\/2023\/10\/logo_csj.webp\",\"contentUrl\":\"https:\/\/www.csj-emballages.com\/wp-content\/uploads\/2023\/10\/logo_csj.webp\",\"width\":250,\"height\":95,\"caption\":\"CSJ Emballages\"},\"image\":{\"@id\":\"https:\/\/www.csj-emballages.com\/de\/#\/schema\/logo\/image\/\"},\"sameAs\":[\"https:\/\/www.facebook.com\/csjemballages\"],\"address\":{\"@type\":\"PostalAddress\",\"streetAddress\":\"ZI La Lechere\",\"addressLocality\":\"Patornay\",\"postalCode\":\"39130\",\"addressCountry\":\"FR\"},\"contactPoint\":[{\"@type\":\"ContactPoint\",\"contactType\":\"Service client\",\"telephone\":\"0384254272\",\"email\":\"contact@csj-emballages.com\"}]}]}<\/script>\n<!-- \/ Yoast SEO Premium plugin. -->","yoast_head_json":{"title":"Wei\u00dfes A4-Papier, 80g\/m\u00b2, 500 Blatt","description":"500 Blatt wei\u00dfes A4-Papier, 80 g\/m\u00b2. Vielseitiges Papier zum Drucken und Schreiben, saubere Ergebnisse, Standardformat, ideal f\u00fcr den t\u00e4glichen Gebrauch.","robots":{"index":"index","follow":"follow","max-snippet":"max-snippet:-1","max-image-preview":"max-image-preview:large","max-video-preview":"max-video-preview:-1"},"canonical":"https:\/\/www.csj-emballages.com\/de\/produit\/500-blatt-weisses-papier-in-ries-a4-80g-m%c2%b2\/","og_locale":"de_DE","og_type":"article","og_title":"Wei\u00dfes A4-Papier, 80g\/m\u00b2, 500 Blatt","og_description":"500 Blatt wei\u00dfes A4-Papier, 80 g\/m\u00b2. Vielseitiges Papier zum Drucken und Schreiben, saubere Ergebnisse, Standardformat, ideal f\u00fcr den t\u00e4glichen Gebrauch.","og_url":"https:\/\/www.csj-emballages.com\/de\/produit\/500-blatt-weisses-papier-in-ries-a4-80g-m%c2%b2\/","og_site_name":"CSJ Emballages","article_publisher":"https:\/\/www.facebook.com\/csjemballages","article_modified_time":"2026-04-17T00:15:44+00:00","og_image":[{"width":800,"height":800,"url":"https:\/\/www.csj-emballages.com\/wp-content\/uploads\/2024\/03\/RAMPAP.webp","type":"image\/webp"}],"twitter_card":"summary_large_image","twitter_misc":{"Gesch\u00e4tzte Lesezeit":"2 Minuten"},"schema":{"@context":"https:\/\/schema.org","@graph":[{"@type":"WebPage","@id":"https:\/\/www.csj-emballages.com\/de\/produit\/500-blatt-weisses-papier-in-ries-a4-80g-m%c2%b2\/","url":"https:\/\/www.csj-emballages.com\/de\/produit\/500-blatt-weisses-papier-in-ries-a4-80g-m%c2%b2\/","name":"Wei\u00dfes A4-Papier, 80g\/m\u00b2, 500 Blatt","isPartOf":{"@id":"https:\/\/www.csj-emballages.com\/de\/#website"},"primaryImageOfPage":{"@id":"https:\/\/www.csj-emballages.com\/de\/produit\/500-blatt-weisses-papier-in-ries-a4-80g-m%c2%b2\/#primaryimage"},"image":{"@id":"https:\/\/www.csj-emballages.com\/de\/produit\/500-blatt-weisses-papier-in-ries-a4-80g-m%c2%b2\/#primaryimage"},"thumbnailUrl":"https:\/\/www.csj-emballages.com\/wp-content\/uploads\/2024\/03\/RAMPAP.webp","datePublished":"2024-03-01T15:50:19+00:00","dateModified":"2026-04-17T00:15:44+00:00","description":"500 Blatt wei\u00dfes A4-Papier, 80 g\/m\u00b2. Vielseitiges Papier zum Drucken und Schreiben, saubere Ergebnisse, Standardformat, ideal f\u00fcr den t\u00e4glichen Gebrauch.","breadcrumb":{"@id":"https:\/\/www.csj-emballages.com\/de\/produit\/500-blatt-weisses-papier-in-ries-a4-80g-m%c2%b2\/#breadcrumb"},"inLanguage":"de","potentialAction":[{"@type":"ReadAction","target":["https:\/\/www.csj-emballages.com\/de\/produit\/500-blatt-weisses-papier-in-ries-a4-80g-m%c2%b2\/"]}]},{"@type":"ImageObject","inLanguage":"de","@id":"https:\/\/www.csj-emballages.com\/de\/produit\/500-blatt-weisses-papier-in-ries-a4-80g-m%c2%b2\/#primaryimage","url":"https:\/\/www.csj-emballages.com\/wp-content\/uploads\/2024\/03\/RAMPAP.webp","contentUrl":"https:\/\/www.csj-emballages.com\/wp-content\/uploads\/2024\/03\/RAMPAP.webp","width":800,"height":800,"caption":"Feuille en papier blanche"},{"@type":"BreadcrumbList","@id":"https:\/\/www.csj-emballages.com\/de\/produit\/500-blatt-weisses-papier-in-ries-a4-80g-m%c2%b2\/#breadcrumb","itemListElement":[{"@type":"ListItem","position":1,"name":"Accueil","item":"https:\/\/www.csj-emballages.com\/de\/universum-lebensmittelverpackungen\/"},{"@type":"ListItem","position":2,"name":"Shop","item":"https:\/\/www.csj-emballages.com\/shop\/"},{"@type":"ListItem","position":3,"name":"Wei\u00dfes A4-Papier, 80g\/m\u00b2, 500 Blatt"}]},{"@type":"WebSite","@id":"https:\/\/www.csj-emballages.com\/de\/#website","url":"https:\/\/www.csj-emballages.com\/de\/","name":"CSJ Emballages","description":"","publisher":{"@id":"https:\/\/www.csj-emballages.com\/de\/#organization"},"potentialAction":[{"@type":"SearchAction","target":{"@type":"EntryPoint","urlTemplate":"https:\/\/www.csj-emballages.com\/de\/?s={search_term_string}"},"query-input":{"@type":"PropertyValueSpecification","valueRequired":true,"valueName":"search_term_string"}}],"inLanguage":"de"},{"@type":"Organization","@id":"https:\/\/www.csj-emballages.com\/de\/#Organization\/","name":"CSJ Emballages","url":"https:\/\/www.csj-emballages.com\/de\/","logo":{"@type":"ImageObject","inLanguage":"de","@id":"https:\/\/www.csj-emballages.com\/de\/#\/schema\/logo\/image\/","url":"https:\/\/www.csj-emballages.com\/wp-content\/uploads\/2023\/10\/logo_csj.webp","contentUrl":"https:\/\/www.csj-emballages.com\/wp-content\/uploads\/2023\/10\/logo_csj.webp","width":250,"height":95,"caption":"CSJ Emballages"},"image":{"@id":"https:\/\/www.csj-emballages.com\/de\/#\/schema\/logo\/image\/"},"sameAs":["https:\/\/www.facebook.com\/csjemballages"],"address":{"@type":"PostalAddress","streetAddress":"ZI La Lechere","addressLocality":"Patornay","postalCode":"39130","addressCountry":"FR"},"contactPoint":[{"@type":"ContactPoint","contactType":"Service client","telephone":"0384254272","email":"contact@csj-emballages.com"}]}]}},"df_price":7.75,"df_sale_price":"","df_regular_price":7.75,"df_image_link":"https:\/\/www.csj-emballages.com\/wp-content\/uploads\/2024\/03\/RAMPAP-300x300.webp","tiered_pricing_type":"fixed","tiered_pricing_fixed_rules":[],"tiered_pricing_percentage_rules":[],"tiered_pricing_minimum":1,"tiered_pricing_roles_data":[],"_links":{"self":[{"href":"https:\/\/www.csj-emballages.com\/de\/wp-json\/wp\/v2\/product\/22853","targetHints":{"allow":["GET"]}}],"collection":[{"href":"https:\/\/www.csj-emballages.com\/de\/wp-json\/wp\/v2\/product"}],"about":[{"href":"https:\/\/www.csj-emballages.com\/de\/wp-json\/wp\/v2\/types\/product"}],"wp:featuredmedia":[{"embeddable":true,"href":"https:\/\/www.csj-emballages.com\/de\/wp-json\/wp\/v2\/media\/260404"}],"wp:attachment":[{"href":"https:\/\/www.csj-emballages.com\/de\/wp-json\/wp\/v2\/media?parent=22853"}],"wp:term":[{"taxonomy":"product_brand","embeddable":true,"href":"https:\/\/www.csj-emballages.com\/de\/wp-json\/wp\/v2\/product_brand?post=22853"},{"taxonomy":"product_cat","embeddable":true,"href":"https:\/\/www.csj-emballages.com\/de\/wp-json\/wp\/v2\/product_cat?post=22853"},{"taxonomy":"product_tag","embeddable":true,"href":"https:\/\/www.csj-emballages.com\/de\/wp-json\/wp\/v2\/product_tag?post=22853"}],"curies":[{"name":"wp","href":"https:\/\/api.w.org\/{rel}","templated":true}]}}