{"id":22828,"date":"2024-03-01T16:50:19","date_gmt":"2024-03-01T15:50:19","guid":{"rendered":"https:\/\/u15jnbdpoq.preview.infomaniak.website\/produit\/50-einweg-wrapbecher-aus-karton-350-ml\/"},"modified":"2026-04-18T02:16:04","modified_gmt":"2026-04-18T00:16:04","slug":"50-einweg-wrapbecher-aus-karton-350-ml","status":"publish","type":"product","link":"https:\/\/www.csj-emballages.com\/de\/produit\/50-einweg-wrapbecher-aus-karton-350-ml\/","title":{"rendered":"Wrapbecher aus Pappe 360 ml pro 50"},"content":{"rendered":"<h2>Wrap-Topf<\/h2>\n<hr>\n<h3>Entdecken Sie unser Wrapglas aus Pappe 360 ml pro 50 St\u00fcck<\/h3>\n<p><!--more--><\/p>\n<p data-start=\"283\" data-end=\"724\">Wenn Sie nach einer Verpackung suchen, die Ihre <strong>Wraps<\/strong> wirklich anders pr\u00e4sentiert, wird Ihnen dieser <strong data-start=\"371\" data-end=\"395\">360-ml-Pappbecher<\/strong> das Leben eindeutig erleichtern. Er ist so konzipiert, dass er perfekt in der Hand liegt, und erm\u00f6glicht es Ihnen, Ihren <g id=\"gid_2\">Wrap<\/g> ohne Stress zu genie\u00dfen, ohne Kr\u00fcmel \u00fcberall und vor allem ohne dass die F\u00fcllung verrutscht. Sobald man ihn in die Hand nimmt, merkt man sofort, dass er f\u00fcr den mobilen Einsatz konzipiert wurde, ideal f\u00fcr <strong>Take-aways<\/strong> oder f\u00fcr Kunden, die es eilig haben und im Gehen essen.  <\/p>\n<p data-start=\"726\" data-end=\"1221\">Dank des <strong>dicken Kartons<\/strong> h\u00e4lt er den <strong>Wrap<\/strong> gut zusammen, auch wenn Sie gro\u00dfz\u00fcgige oder etwas saftige Rezepte anbieten. Der <strong>Topf<\/strong> bleibt stabil, wird nicht weich und beh\u00e4lt w\u00e4hrend der gesamten Verkostung eine gute Steifigkeit. Auch die abgerundete \u00d6ffnung bringt das Produkt gut zur Geltung: Ein Blick gen\u00fcgt, und man m\u00f6chte sofort hineinbei\u00dfen. Diese Aufmachung wertet Ihre <strong>Wraps<\/strong> automatisch auf, egal ob Sie <strong>klassische Wraps<\/strong>, <strong>vegetarische<\/strong> <strong>Wraps,<\/strong> <strong>Feinschmecker-Wraps<\/strong> oder v\u00f6llig originelle <strong>Wraps<\/strong> zubereiten.   <\/p>\n<p data-start=\"1223\" data-end=\"1589\">Und da es zu <strong data-start=\"1242\" data-end=\"1252\">50 St\u00fcck<\/strong> verkauft wird, haben Sie genug, um eine komplette Schicht zu bew\u00e4ltigen, ohne sich Sorgen um Nachschub machen zu m\u00fcssen. Und ganz unter uns: Wir alle sch\u00e4tzen eine Verpackung, die leicht zu lagern und schnell zu verwenden ist und der Pr\u00e4sentation einen modernen Touch verleiht. Wenn Sie einen einfachen Aufkleber oder ein kleines Kraftband hinzuf\u00fcgen, schaffen Sie m\u00fchelos eine einheitliche visuelle Identit\u00e4t.  <\/p>\n<p data-start=\"1591\" data-end=\"1903\">Zusammenfassend l\u00e4sst sich sagen, dass dieser <strong>Wrap-Topf<\/strong> Ihnen hilft, ein Produkt anzubieten, das angenehm zu genie\u00dfen ist.<\/p>\n<p data-start=\"1591\" data-end=\"1903\">\n<p><!--more--><\/p>\n<p>&nbsp;<\/p>\n<h4><strong>Vorteile :  <\/strong><\/h4>\n<ul>\n<li data-start=\"1931\" data-end=\"1980\">Perfekter Halt f\u00fcr gro\u00dfz\u00fcgige oder leckere <strong>Wraps<\/strong>.<\/li>\n<li data-start=\"1983\" data-end=\"2034\">Praktisches Format zum Mitnehmen und Essen mit einer Hand.<\/li>\n<li data-start=\"2037\" data-end=\"2063\">Steifer und haltbarer Karton.<\/li>\n<li data-start=\"2066\" data-end=\"2103\">Moderne und wertsch\u00e4tzende Pr\u00e4sentation.<\/li>\n<li data-start=\"2106\" data-end=\"2131\">Praktisches Set von <strong>50 T\u00f6pfen<\/strong>.<\/li>\n<\/ul>\n<p>.<\/p>\n<p>&nbsp;<\/p>\n<p><!--more--><\/p>\n<h4>Weitere Informationen :<\/h4>\n<ul>\n<li><strong>Verpackung<\/strong>: Packung mit 50 St\u00fcck<\/li>\n<li><strong>Oberer Durchmesser<\/strong>: 80 mm<\/li>\n<li><strong>Unterer Durchmesser <\/strong>: 58 mm<\/li>\n<li><strong>Gesamth\u00f6he<\/strong>: 120 mm<\/li>\n<li><strong>Halbe H\u00f6he<\/strong>: 70 mm<\/li>\n<li><strong>Volumen<\/strong>: 360 ml<\/li>\n<li><strong>Material<\/strong>: Karton<\/li>\n<li><strong>Farbe<\/strong>: Braun<\/li>\n<\/ul>\n<h2><\/h2>\n<p><!--more--><\/p>\n<p>Dieses Produkt ist in verschiedenen Gr\u00f6\u00dfen erh\u00e4ltlich :<span style=\"color: #d12727;\"> <a style=\"color: #d12727;\" href=\"https:\/\/www.csj-emballages.com\/produit\/50-pot-wrap-jetable-en-carton-250-ml\/\">250 ml<\/a> <span style=\"color: #000000;\">\/<\/span> <a style=\"color: #d12727;\" href=\"https:\/\/www.csj-emballages.com\/es\/produit\/envase-de-carton-de-480-ml-paquete-de-50\/\">480 ml<\/a><\/span><\/p>\n<p>&nbsp;<\/p>\n<p><!--more--><\/p>\n<p><a href=\"https:\/\/www.csj-emballages.com\/de\/categorie-produit\/lebensmittelverpackungen\/restauration-de\/dosen-schalen-beutel-konen\/frittierte-taschen-pfannkuchen-tacos-wraps\/\"><span style=\"color: #000000;\">Sehen Sie sich den Rest unseres Sortiments anPommes frites- \/ Pfannkuchen- \/ Taco- \/ Wrap-Packungen<\/span>an.<\/a><\/p>\n","protected":false},"excerpt":{"rendered":"<p>Wrap-Topf Entdecken Sie unser Wrapglas aus Pappe 360 ml pro 50 St\u00fcck<\/p>\n","protected":false},"featured_media":230378,"template":"","meta":{"_acf_changed":false},"product_brand":[],"product_cat":[1137,1134,3974,3085,2393],"product_tag":[],"class_list":{"0":"post-22828","1":"product","2":"type-product","3":"status-publish","4":"has-post-thumbnail","6":"product_cat-lebensmittelverpackungen","7":"product_cat-restauration-de","8":"product_cat-dosen-schalen-beutel-konen","9":"product_cat-frittierte-taschen-pfannkuchen-tacos-wraps","10":"product_cat-kegel-und-topfe-fur-pasta-wraps-corn","12":"first","13":"instock","14":"taxable","15":"shipping-taxable","16":"purchasable","17":"product-type-simple"},"acf":[],"yoast_head":"<!-- This site is optimized with the Yoast SEO Premium plugin v26.6 (Yoast SEO v26.6) - https:\/\/yoast.com\/wordpress\/plugins\/seo\/ -->\n<title>Wrapsbecher Karton - 360 ml<\/title>\n<meta name=\"description\" content=\"Entdecken Sie unseren stabilen und praktischen 360-ml-Wrapbecher aus Karton, der ideal f\u00fcr den Verkauf von Wraps, Pommes frites oder s\u00fc\u00dfen Waffeln ist! Lot von 50\" \/>\n<meta name=\"robots\" content=\"index, follow, max-snippet:-1, max-image-preview:large, max-video-preview:-1\" \/>\n<link rel=\"canonical\" href=\"https:\/\/www.csj-emballages.com\/de\/produit\/50-einweg-wrapbecher-aus-karton-350-ml\/\" \/>\n<meta property=\"og:locale\" content=\"de_DE\" \/>\n<meta property=\"og:type\" content=\"article\" \/>\n<meta property=\"og:title\" content=\"Wrapbecher aus Pappe 360 ml pro 50\" \/>\n<meta property=\"og:description\" content=\"Entdecken Sie unseren stabilen und praktischen 360-ml-Wrapbecher aus Karton, der ideal f\u00fcr den Verkauf von Wraps, Pommes frites oder s\u00fc\u00dfen Waffeln ist! Lot von 50\" \/>\n<meta property=\"og:url\" content=\"https:\/\/www.csj-emballages.com\/de\/produit\/50-einweg-wrapbecher-aus-karton-350-ml\/\" \/>\n<meta property=\"og:site_name\" content=\"CSJ Emballages\" \/>\n<meta property=\"article:publisher\" content=\"https:\/\/www.facebook.com\/csjemballages\" \/>\n<meta property=\"article:modified_time\" content=\"2026-04-18T00:16:04+00:00\" \/>\n<meta property=\"og:image\" content=\"https:\/\/www.csj-emballages.com\/wp-content\/uploads\/2024\/03\/PW360GE.webp\" \/>\n\t<meta property=\"og:image:width\" content=\"800\" \/>\n\t<meta property=\"og:image:height\" content=\"801\" \/>\n\t<meta property=\"og:image:type\" content=\"image\/webp\" \/>\n<meta name=\"twitter:card\" content=\"summary_large_image\" \/>\n<meta name=\"twitter:label1\" content=\"Gesch\u00e4tzte Lesezeit\" \/>\n\t<meta name=\"twitter:data1\" content=\"2 Minuten\" \/>\n<script type=\"application\/ld+json\" class=\"yoast-schema-graph\">{\"@context\":\"https:\/\/schema.org\",\"@graph\":[{\"@type\":\"WebPage\",\"@id\":\"https:\/\/www.csj-emballages.com\/de\/produit\/50-einweg-wrapbecher-aus-karton-350-ml\/\",\"url\":\"https:\/\/www.csj-emballages.com\/de\/produit\/50-einweg-wrapbecher-aus-karton-350-ml\/\",\"name\":\"Wrapsbecher Karton - 360 ml\",\"isPartOf\":{\"@id\":\"https:\/\/www.csj-emballages.com\/de\/#website\"},\"primaryImageOfPage\":{\"@id\":\"https:\/\/www.csj-emballages.com\/de\/produit\/50-einweg-wrapbecher-aus-karton-350-ml\/#primaryimage\"},\"image\":{\"@id\":\"https:\/\/www.csj-emballages.com\/de\/produit\/50-einweg-wrapbecher-aus-karton-350-ml\/#primaryimage\"},\"thumbnailUrl\":\"https:\/\/www.csj-emballages.com\/wp-content\/uploads\/2024\/03\/PW360GE.webp\",\"datePublished\":\"2024-03-01T15:50:19+00:00\",\"dateModified\":\"2026-04-18T00:16:04+00:00\",\"description\":\"Entdecken Sie unseren stabilen und praktischen 360-ml-Wrapbecher aus Karton, der ideal f\u00fcr den Verkauf von Wraps, Pommes frites oder s\u00fc\u00dfen Waffeln ist! Lot von 50\",\"breadcrumb\":{\"@id\":\"https:\/\/www.csj-emballages.com\/de\/produit\/50-einweg-wrapbecher-aus-karton-350-ml\/#breadcrumb\"},\"inLanguage\":\"de\",\"potentialAction\":[{\"@type\":\"ReadAction\",\"target\":[\"https:\/\/www.csj-emballages.com\/de\/produit\/50-einweg-wrapbecher-aus-karton-350-ml\/\"]}]},{\"@type\":\"ImageObject\",\"inLanguage\":\"de\",\"@id\":\"https:\/\/www.csj-emballages.com\/de\/produit\/50-einweg-wrapbecher-aus-karton-350-ml\/#primaryimage\",\"url\":\"https:\/\/www.csj-emballages.com\/wp-content\/uploads\/2024\/03\/PW360GE.webp\",\"contentUrl\":\"https:\/\/www.csj-emballages.com\/wp-content\/uploads\/2024\/03\/PW360GE.webp\",\"width\":800,\"height\":801,\"caption\":\"Pot \u00e0 wraps\"},{\"@type\":\"BreadcrumbList\",\"@id\":\"https:\/\/www.csj-emballages.com\/de\/produit\/50-einweg-wrapbecher-aus-karton-350-ml\/#breadcrumb\",\"itemListElement\":[{\"@type\":\"ListItem\",\"position\":1,\"name\":\"Accueil\",\"item\":\"https:\/\/www.csj-emballages.com\/de\/universum-lebensmittelverpackungen\/\"},{\"@type\":\"ListItem\",\"position\":2,\"name\":\"Shop\",\"item\":\"https:\/\/www.csj-emballages.com\/shop\/\"},{\"@type\":\"ListItem\",\"position\":3,\"name\":\"Wrapbecher aus Pappe 360 ml pro 50\"}]},{\"@type\":\"WebSite\",\"@id\":\"https:\/\/www.csj-emballages.com\/de\/#website\",\"url\":\"https:\/\/www.csj-emballages.com\/de\/\",\"name\":\"CSJ Emballages\",\"description\":\"\",\"publisher\":{\"@id\":\"https:\/\/www.csj-emballages.com\/de\/#organization\"},\"potentialAction\":[{\"@type\":\"SearchAction\",\"target\":{\"@type\":\"EntryPoint\",\"urlTemplate\":\"https:\/\/www.csj-emballages.com\/de\/?s={search_term_string}\"},\"query-input\":{\"@type\":\"PropertyValueSpecification\",\"valueRequired\":true,\"valueName\":\"search_term_string\"}}],\"inLanguage\":\"de\"},{\"@type\":\"Organization\",\"@id\":\"https:\/\/www.csj-emballages.com\/de\/#Organization\/\",\"name\":\"CSJ Emballages\",\"url\":\"https:\/\/www.csj-emballages.com\/de\/\",\"logo\":{\"@type\":\"ImageObject\",\"inLanguage\":\"de\",\"@id\":\"https:\/\/www.csj-emballages.com\/de\/#\/schema\/logo\/image\/\",\"url\":\"https:\/\/www.csj-emballages.com\/wp-content\/uploads\/2023\/10\/logo_csj.webp\",\"contentUrl\":\"https:\/\/www.csj-emballages.com\/wp-content\/uploads\/2023\/10\/logo_csj.webp\",\"width\":250,\"height\":95,\"caption\":\"CSJ Emballages\"},\"image\":{\"@id\":\"https:\/\/www.csj-emballages.com\/de\/#\/schema\/logo\/image\/\"},\"sameAs\":[\"https:\/\/www.facebook.com\/csjemballages\"],\"address\":{\"@type\":\"PostalAddress\",\"streetAddress\":\"ZI La Lechere\",\"addressLocality\":\"Patornay\",\"postalCode\":\"39130\",\"addressCountry\":\"FR\"},\"contactPoint\":[{\"@type\":\"ContactPoint\",\"contactType\":\"Service client\",\"telephone\":\"0384254272\",\"email\":\"contact@csj-emballages.com\"}]}]}<\/script>\n<!-- \/ Yoast SEO Premium plugin. -->","yoast_head_json":{"title":"Wrapsbecher Karton - 360 ml","description":"Entdecken Sie unseren stabilen und praktischen 360-ml-Wrapbecher aus Karton, der ideal f\u00fcr den Verkauf von Wraps, Pommes frites oder s\u00fc\u00dfen Waffeln ist! Lot von 50","robots":{"index":"index","follow":"follow","max-snippet":"max-snippet:-1","max-image-preview":"max-image-preview:large","max-video-preview":"max-video-preview:-1"},"canonical":"https:\/\/www.csj-emballages.com\/de\/produit\/50-einweg-wrapbecher-aus-karton-350-ml\/","og_locale":"de_DE","og_type":"article","og_title":"Wrapbecher aus Pappe 360 ml pro 50","og_description":"Entdecken Sie unseren stabilen und praktischen 360-ml-Wrapbecher aus Karton, der ideal f\u00fcr den Verkauf von Wraps, Pommes frites oder s\u00fc\u00dfen Waffeln ist! Lot von 50","og_url":"https:\/\/www.csj-emballages.com\/de\/produit\/50-einweg-wrapbecher-aus-karton-350-ml\/","og_site_name":"CSJ Emballages","article_publisher":"https:\/\/www.facebook.com\/csjemballages","article_modified_time":"2026-04-18T00:16:04+00:00","og_image":[{"width":800,"height":801,"url":"https:\/\/www.csj-emballages.com\/wp-content\/uploads\/2024\/03\/PW360GE.webp","type":"image\/webp"}],"twitter_card":"summary_large_image","twitter_misc":{"Gesch\u00e4tzte Lesezeit":"2 Minuten"},"schema":{"@context":"https:\/\/schema.org","@graph":[{"@type":"WebPage","@id":"https:\/\/www.csj-emballages.com\/de\/produit\/50-einweg-wrapbecher-aus-karton-350-ml\/","url":"https:\/\/www.csj-emballages.com\/de\/produit\/50-einweg-wrapbecher-aus-karton-350-ml\/","name":"Wrapsbecher Karton - 360 ml","isPartOf":{"@id":"https:\/\/www.csj-emballages.com\/de\/#website"},"primaryImageOfPage":{"@id":"https:\/\/www.csj-emballages.com\/de\/produit\/50-einweg-wrapbecher-aus-karton-350-ml\/#primaryimage"},"image":{"@id":"https:\/\/www.csj-emballages.com\/de\/produit\/50-einweg-wrapbecher-aus-karton-350-ml\/#primaryimage"},"thumbnailUrl":"https:\/\/www.csj-emballages.com\/wp-content\/uploads\/2024\/03\/PW360GE.webp","datePublished":"2024-03-01T15:50:19+00:00","dateModified":"2026-04-18T00:16:04+00:00","description":"Entdecken Sie unseren stabilen und praktischen 360-ml-Wrapbecher aus Karton, der ideal f\u00fcr den Verkauf von Wraps, Pommes frites oder s\u00fc\u00dfen Waffeln ist! Lot von 50","breadcrumb":{"@id":"https:\/\/www.csj-emballages.com\/de\/produit\/50-einweg-wrapbecher-aus-karton-350-ml\/#breadcrumb"},"inLanguage":"de","potentialAction":[{"@type":"ReadAction","target":["https:\/\/www.csj-emballages.com\/de\/produit\/50-einweg-wrapbecher-aus-karton-350-ml\/"]}]},{"@type":"ImageObject","inLanguage":"de","@id":"https:\/\/www.csj-emballages.com\/de\/produit\/50-einweg-wrapbecher-aus-karton-350-ml\/#primaryimage","url":"https:\/\/www.csj-emballages.com\/wp-content\/uploads\/2024\/03\/PW360GE.webp","contentUrl":"https:\/\/www.csj-emballages.com\/wp-content\/uploads\/2024\/03\/PW360GE.webp","width":800,"height":801,"caption":"Pot \u00e0 wraps"},{"@type":"BreadcrumbList","@id":"https:\/\/www.csj-emballages.com\/de\/produit\/50-einweg-wrapbecher-aus-karton-350-ml\/#breadcrumb","itemListElement":[{"@type":"ListItem","position":1,"name":"Accueil","item":"https:\/\/www.csj-emballages.com\/de\/universum-lebensmittelverpackungen\/"},{"@type":"ListItem","position":2,"name":"Shop","item":"https:\/\/www.csj-emballages.com\/shop\/"},{"@type":"ListItem","position":3,"name":"Wrapbecher aus Pappe 360 ml pro 50"}]},{"@type":"WebSite","@id":"https:\/\/www.csj-emballages.com\/de\/#website","url":"https:\/\/www.csj-emballages.com\/de\/","name":"CSJ Emballages","description":"","publisher":{"@id":"https:\/\/www.csj-emballages.com\/de\/#organization"},"potentialAction":[{"@type":"SearchAction","target":{"@type":"EntryPoint","urlTemplate":"https:\/\/www.csj-emballages.com\/de\/?s={search_term_string}"},"query-input":{"@type":"PropertyValueSpecification","valueRequired":true,"valueName":"search_term_string"}}],"inLanguage":"de"},{"@type":"Organization","@id":"https:\/\/www.csj-emballages.com\/de\/#Organization\/","name":"CSJ Emballages","url":"https:\/\/www.csj-emballages.com\/de\/","logo":{"@type":"ImageObject","inLanguage":"de","@id":"https:\/\/www.csj-emballages.com\/de\/#\/schema\/logo\/image\/","url":"https:\/\/www.csj-emballages.com\/wp-content\/uploads\/2023\/10\/logo_csj.webp","contentUrl":"https:\/\/www.csj-emballages.com\/wp-content\/uploads\/2023\/10\/logo_csj.webp","width":250,"height":95,"caption":"CSJ Emballages"},"image":{"@id":"https:\/\/www.csj-emballages.com\/de\/#\/schema\/logo\/image\/"},"sameAs":["https:\/\/www.facebook.com\/csjemballages"],"address":{"@type":"PostalAddress","streetAddress":"ZI La Lechere","addressLocality":"Patornay","postalCode":"39130","addressCountry":"FR"},"contactPoint":[{"@type":"ContactPoint","contactType":"Service client","telephone":"0384254272","email":"contact@csj-emballages.com"}]}]}},"df_price":2.99,"df_sale_price":"","df_regular_price":2.99,"df_image_link":"https:\/\/www.csj-emballages.com\/wp-content\/uploads\/2024\/03\/PW360GE-300x300.webp","tiered_pricing_type":"fixed","tiered_pricing_fixed_rules":[],"tiered_pricing_percentage_rules":[],"tiered_pricing_minimum":1,"tiered_pricing_roles_data":[],"_links":{"self":[{"href":"https:\/\/www.csj-emballages.com\/de\/wp-json\/wp\/v2\/product\/22828","targetHints":{"allow":["GET"]}}],"collection":[{"href":"https:\/\/www.csj-emballages.com\/de\/wp-json\/wp\/v2\/product"}],"about":[{"href":"https:\/\/www.csj-emballages.com\/de\/wp-json\/wp\/v2\/types\/product"}],"wp:featuredmedia":[{"embeddable":true,"href":"https:\/\/www.csj-emballages.com\/de\/wp-json\/wp\/v2\/media\/230378"}],"wp:attachment":[{"href":"https:\/\/www.csj-emballages.com\/de\/wp-json\/wp\/v2\/media?parent=22828"}],"wp:term":[{"taxonomy":"product_brand","embeddable":true,"href":"https:\/\/www.csj-emballages.com\/de\/wp-json\/wp\/v2\/product_brand?post=22828"},{"taxonomy":"product_cat","embeddable":true,"href":"https:\/\/www.csj-emballages.com\/de\/wp-json\/wp\/v2\/product_cat?post=22828"},{"taxonomy":"product_tag","embeddable":true,"href":"https:\/\/www.csj-emballages.com\/de\/wp-json\/wp\/v2\/product_tag?post=22828"}],"curies":[{"name":"wp","href":"https:\/\/api.w.org\/{rel}","templated":true}]}}