{"id":22818,"date":"2024-03-01T16:50:19","date_gmt":"2024-03-01T15:50:19","guid":{"rendered":"https:\/\/u15jnbdpoq.preview.infomaniak.website\/produit\/etui-pyramide-fuer-24-schokoladenfarbene-macarons\/"},"modified":"2026-03-12T16:35:41","modified_gmt":"2026-03-12T15:35:41","slug":"etui-pyramide-fuer-24-schokoladenfarbene-macarons","status":"publish","type":"product","link":"https:\/\/www.csj-emballages.com\/de\/produit\/etui-pyramide-fuer-24-schokoladenfarbene-macarons\/","title":{"rendered":"Etui Pyramide Macarons Farbe Schokolade"},"content":{"rendered":"<h2>Etui Pyramide Macarons<\/h2>\n<hr>\n<h3>Beschreibung unseres Etuis Pyramide Macarons Farbe Schokolade<\/h3>\n<p><!--more--><\/p>\n<p data-start=\"71\" data-end=\"491\">Das<strong data-start=\"73\" data-end=\"116\">Etui Pyramide Macarons in der Farbe Schokolade<\/strong> ist ein unverzichtbares Accessoire, um Ihre s\u00fc\u00dfen Kreationen elegant und praktisch zu transportieren und zur Geltung zu bringen. Es wurde speziell f\u00fcr die Aufbewahrung einer <span style=\"color: #d12727;\"><br \/>\n  <a style=\"color: #d12727;\" href=\"https:\/\/www.csj-emballages.com\/pt-pt\/produit\/suporte-em-piramide-para-24-macarons-cor-de-chocolate\/\">kleine Macarons-Pyramide<\/a><br \/>\n<\/span>Sie besticht nicht nur durch ihr raffiniertes Design, sondern auch durch ihre Funktionalit\u00e4t. Sie besteht aus <strong data-start=\"382\" data-end=\"399\">Polypropylen <\/strong>und robuster<strong data-start=\"382\" data-end=\"399\"> Pappe<\/strong> und ist sehr widerstandsf\u00e4hig, leicht und einfach zu handhaben.  <\/p>\n<p data-start=\"493\" data-end=\"907\">Dieses <strong data-start=\"497\" data-end=\"505\">Etui<\/strong> besteht aus <strong data-start=\"520\" data-end=\"536\">vier Seiten<\/strong>: zwei feste Seiten, die f\u00fcr Stabilit\u00e4t sorgen, und zwei Seiten mit <strong data-start=\"614\" data-end=\"640\">transparenten Fenstern<\/strong>, die ideal sind, um einen Blick auf Ihre <strong>Macarons<\/strong> zu werfen und die Feinschmecker schon vor dem Verzehr zu wecken. Dank des <strong data-start=\"764\" data-end=\"784\">integrierten Griffs<\/strong> an der Oberseite ist der Transport einfach und sicher. <\/p>\n<p data-start=\"909\" data-end=\"1254\">Mit seinen Abmessungen von <strong>23,5 x 23,5 x 23 cm<\/strong> eignet es sich perfekt f\u00fcr Empf\u00e4nge, Bankette, Geburtstage, Hochzeiten oder auch als raffiniertes Geschenk. Seine <strong data-start=\"1091\" data-end=\"1112\">elegante Schokoladen<\/strong> farbe verleiht ihm einen schicken und zeitlosen Stil, der sich perfekt in die Vitrinen von Konditoren oder in die Pr\u00e4sentation von Buffets einf\u00fcgt. <\/p>\n<p data-start=\"1256\" data-end=\"1618\">Dieses vielseitig einsetzbare <strong>Pyramidenetui<\/strong> ist nicht nur ein Transportmittel, sondern auch ein echtes Highlight: Es pr\u00e4sentiert Ihre Macarons auf \u00e4sthetische Weise und sch\u00fctzt sie gleichzeitig. Da es <strong>einzeln verkauft<\/strong> wird, kann es au\u00dferdem als Erg\u00e4nzung zu einem <span style=\"color: #d12727;\"><br \/>\n  <a style=\"color: #d12727;\" href=\"https:\/\/www.csj-emballages.com\/pt-pt\/produit\/suporte-em-piramide-para-24-macarons-cor-de-chocolate\/\">passenden Pyramidenst\u00e4nder<\/a><br \/>\n<\/span><strong>(separat<\/strong> erh\u00e4ltlich). <\/p>\n<p data-start=\"1620\" data-end=\"1829\">Zusammenfassend l\u00e4sst sich sagen, dass das<strong data-start=\"1633\" data-end=\"1676\">Etui Pyramide Macarons in der Farbe Schokolade<\/strong> Praktikabilit\u00e4t, Robustheit und Eleganz vereint und somit die Erwartungen von professionellen Konditoren und passionierten Privatpersonen perfekt erf\u00fcllt.<\/p>\n<p data-start=\"1423\" data-end=\"1694\"><!--more--><\/p>\n<h4 data-start=\"1423\" data-end=\"1694\">Vorteile :<\/h4>\n<ul>\n<li data-start=\"1423\" data-end=\"1694\"><strong data-start=\"1854\" data-end=\"1874\">Einfacher Transport<\/strong> dank des integrierten Griffs.<\/li>\n<li data-start=\"1423\" data-end=\"1694\"><strong data-start=\"1908\" data-end=\"1926\">Elegantes Design<\/strong> mit raffinierter Schokoladenbraunf\u00e4rbung.<\/li>\n<li data-start=\"1423\" data-end=\"1694\"><strong data-start=\"1965\" data-end=\"1988\">Optimale Sichtbarkeit<\/strong> der Buttons durch transparente Fenster.<\/li>\n<li data-start=\"1423\" data-end=\"1694\"><strong data-start=\"2038\" data-end=\"2062\">Verst\u00e4rkter Schutz<\/strong> durch massive Seiten und starkes Polypropylen.<\/li>\n<li data-start=\"1423\" data-end=\"1694\"><strong data-start=\"2119\" data-end=\"2134\">Vielseitig<\/strong> einsetzbar: ideal f\u00fcr Veranstaltungen, Geschenke oder Schaufenster.<\/li>\n<\/ul>\n<p>&nbsp;<\/p>\n<p><!--more--><\/p>\n<h4>Weitere Informationen :<\/h4>\n<ul style=\"box-sizing: inherit; font-family: Roboto, sans-serif;\">\n<li><strong>Verpackung<\/strong>: Einzeln<\/li>\n<li><strong>Abmessungen<\/strong>: 235 x 235 x 230 (L x B x H in mm)<\/li>\n<li><strong>Material<\/strong>: Karton + Polypropylen<\/li>\n<li><strong>Farbe<\/strong>: Schokolade<\/li>\n<\/ul>\n<p>&nbsp;<\/p>\n<p><!--more--><\/p>\n<p>Finden Sie hier den kompatiblen St\u00e4nder f\u00fcr diese Macarons-Pyramide : <span style=\"color: #d12727;\"><br \/>\n  <a style=\"color: #d12727;\" href=\"https:\/\/www.csj-emballages.com\/pt-pt\/produit\/suporte-em-piramide-para-24-macarons-cor-de-chocolate\/\">SUPYRA<\/a><br \/>\n<\/span><\/p>\n<p>&nbsp;<\/p>\n<p><!--more--><\/p>\n<p><a href=\"https:\/\/www.csj-emballages.com\/de\/categorie-produit\/lebensmittelverpackungen\/backerei-und-konditorei\/schachteln-und-etuis\/macarons-schachteln-etuis\/makronenpyramide\/\">Sehen Sie sich den Rest unseres Sortiments an Makronenpyramiden an<\/a><\/p>\n<p>&nbsp;<\/p>\n","protected":false},"excerpt":{"rendered":"<p>Etui Pyramide Macarons Beschreibung unseres Etuis Pyramide Macarons Farbe Schokolade<\/p>\n","protected":false},"featured_media":242140,"template":"","meta":{"_acf_changed":false},"product_brand":[],"product_cat":[1137,1171,1728,1729],"product_tag":[],"class_list":{"0":"post-22818","1":"product","2":"type-product","3":"status-publish","4":"has-post-thumbnail","6":"product_cat-lebensmittelverpackungen","7":"product_cat-backerei-und-konditorei","8":"product_cat-macarons-schachteln-etuis","9":"product_cat-makronenpyramide","11":"first","12":"instock","13":"taxable","14":"shipping-taxable","15":"purchasable","16":"product-type-simple"},"acf":[],"yoast_head":"<!-- This site is optimized with the Yoast SEO Premium plugin v26.6 (Yoast SEO v26.6) - https:\/\/yoast.com\/wordpress\/plugins\/seo\/ -->\n<title>Etui Pyramide Macarons Couleur Chocolat<\/title>\n<meta name=\"description\" content=\"Schokoladenfarbenes Pyramiden-Etui f\u00fcr Makronen mit Fenstern und integriertem Griff. Praktisch, elegant und stabil, perfekt zum Transportieren und Pr\u00e4sentieren.\" \/>\n<meta name=\"robots\" content=\"index, follow, max-snippet:-1, max-image-preview:large, max-video-preview:-1\" \/>\n<link rel=\"canonical\" href=\"https:\/\/www.csj-emballages.com\/de\/produit\/etui-pyramide-fuer-24-schokoladenfarbene-macarons\/\" \/>\n<meta property=\"og:locale\" content=\"de_DE\" \/>\n<meta property=\"og:type\" content=\"article\" \/>\n<meta property=\"og:title\" content=\"Etui Pyramide Macarons Farbe Schokolade\" \/>\n<meta property=\"og:description\" content=\"Schokoladenfarbenes Pyramiden-Etui f\u00fcr Makronen mit Fenstern und integriertem Griff. Praktisch, elegant und stabil, perfekt zum Transportieren und Pr\u00e4sentieren.\" \/>\n<meta property=\"og:url\" content=\"https:\/\/www.csj-emballages.com\/de\/produit\/etui-pyramide-fuer-24-schokoladenfarbene-macarons\/\" \/>\n<meta property=\"og:site_name\" content=\"CSJ Emballages\" \/>\n<meta property=\"article:publisher\" content=\"https:\/\/www.facebook.com\/csjemballages\" \/>\n<meta property=\"article:modified_time\" content=\"2026-03-12T15:35:41+00:00\" \/>\n<meta property=\"og:image\" content=\"https:\/\/www.csj-emballages.com\/wp-content\/uploads\/2024\/03\/PYRAMIDEDEMACA-2.jpeg\" \/>\n\t<meta property=\"og:image:width\" content=\"800\" \/>\n\t<meta property=\"og:image:height\" content=\"800\" \/>\n\t<meta property=\"og:image:type\" content=\"image\/jpeg\" \/>\n<meta name=\"twitter:card\" content=\"summary_large_image\" \/>\n<meta name=\"twitter:label1\" content=\"Gesch\u00e4tzte Lesezeit\" \/>\n\t<meta name=\"twitter:data1\" content=\"2 Minuten\" \/>\n<script type=\"application\/ld+json\" class=\"yoast-schema-graph\">{\"@context\":\"https:\/\/schema.org\",\"@graph\":[{\"@type\":\"WebPage\",\"@id\":\"https:\/\/www.csj-emballages.com\/de\/produit\/etui-pyramide-fuer-24-schokoladenfarbene-macarons\/\",\"url\":\"https:\/\/www.csj-emballages.com\/de\/produit\/etui-pyramide-fuer-24-schokoladenfarbene-macarons\/\",\"name\":\"Etui Pyramide Macarons Couleur Chocolat\",\"isPartOf\":{\"@id\":\"https:\/\/www.csj-emballages.com\/de\/#website\"},\"primaryImageOfPage\":{\"@id\":\"https:\/\/www.csj-emballages.com\/de\/produit\/etui-pyramide-fuer-24-schokoladenfarbene-macarons\/#primaryimage\"},\"image\":{\"@id\":\"https:\/\/www.csj-emballages.com\/de\/produit\/etui-pyramide-fuer-24-schokoladenfarbene-macarons\/#primaryimage\"},\"thumbnailUrl\":\"https:\/\/www.csj-emballages.com\/wp-content\/uploads\/2024\/03\/PYRAMIDEDEMACA-2.jpeg\",\"datePublished\":\"2024-03-01T15:50:19+00:00\",\"dateModified\":\"2026-03-12T15:35:41+00:00\",\"description\":\"Schokoladenfarbenes Pyramiden-Etui f\u00fcr Makronen mit Fenstern und integriertem Griff. Praktisch, elegant und stabil, perfekt zum Transportieren und Pr\u00e4sentieren.\",\"breadcrumb\":{\"@id\":\"https:\/\/www.csj-emballages.com\/de\/produit\/etui-pyramide-fuer-24-schokoladenfarbene-macarons\/#breadcrumb\"},\"inLanguage\":\"de\",\"potentialAction\":[{\"@type\":\"ReadAction\",\"target\":[\"https:\/\/www.csj-emballages.com\/de\/produit\/etui-pyramide-fuer-24-schokoladenfarbene-macarons\/\"]}]},{\"@type\":\"ImageObject\",\"inLanguage\":\"de\",\"@id\":\"https:\/\/www.csj-emballages.com\/de\/produit\/etui-pyramide-fuer-24-schokoladenfarbene-macarons\/#primaryimage\",\"url\":\"https:\/\/www.csj-emballages.com\/wp-content\/uploads\/2024\/03\/PYRAMIDEDEMACA-2.jpeg\",\"contentUrl\":\"https:\/\/www.csj-emballages.com\/wp-content\/uploads\/2024\/03\/PYRAMIDEDEMACA-2.jpeg\",\"width\":800,\"height\":800,\"caption\":\"Etui pyramide macarons\"},{\"@type\":\"BreadcrumbList\",\"@id\":\"https:\/\/www.csj-emballages.com\/de\/produit\/etui-pyramide-fuer-24-schokoladenfarbene-macarons\/#breadcrumb\",\"itemListElement\":[{\"@type\":\"ListItem\",\"position\":1,\"name\":\"Accueil\",\"item\":\"https:\/\/www.csj-emballages.com\/de\/universum-lebensmittelverpackungen\/\"},{\"@type\":\"ListItem\",\"position\":2,\"name\":\"Shop\",\"item\":\"https:\/\/www.csj-emballages.com\/shop\/\"},{\"@type\":\"ListItem\",\"position\":3,\"name\":\"Etui Pyramide Macarons Farbe Schokolade\"}]},{\"@type\":\"WebSite\",\"@id\":\"https:\/\/www.csj-emballages.com\/de\/#website\",\"url\":\"https:\/\/www.csj-emballages.com\/de\/\",\"name\":\"CSJ Emballages\",\"description\":\"\",\"publisher\":{\"@id\":\"https:\/\/www.csj-emballages.com\/de\/#organization\"},\"potentialAction\":[{\"@type\":\"SearchAction\",\"target\":{\"@type\":\"EntryPoint\",\"urlTemplate\":\"https:\/\/www.csj-emballages.com\/de\/?s={search_term_string}\"},\"query-input\":{\"@type\":\"PropertyValueSpecification\",\"valueRequired\":true,\"valueName\":\"search_term_string\"}}],\"inLanguage\":\"de\"},{\"@type\":\"Organization\",\"@id\":\"https:\/\/www.csj-emballages.com\/de\/#Organization\/\",\"name\":\"CSJ Emballages\",\"url\":\"https:\/\/www.csj-emballages.com\/de\/\",\"logo\":{\"@type\":\"ImageObject\",\"inLanguage\":\"de\",\"@id\":\"https:\/\/www.csj-emballages.com\/de\/#\/schema\/logo\/image\/\",\"url\":\"https:\/\/www.csj-emballages.com\/wp-content\/uploads\/2023\/10\/logo_csj.webp\",\"contentUrl\":\"https:\/\/www.csj-emballages.com\/wp-content\/uploads\/2023\/10\/logo_csj.webp\",\"width\":250,\"height\":95,\"caption\":\"CSJ Emballages\"},\"image\":{\"@id\":\"https:\/\/www.csj-emballages.com\/de\/#\/schema\/logo\/image\/\"},\"sameAs\":[\"https:\/\/www.facebook.com\/csjemballages\"],\"address\":{\"@type\":\"PostalAddress\",\"streetAddress\":\"ZI La Lechere\",\"addressLocality\":\"Patornay\",\"postalCode\":\"39130\",\"addressCountry\":\"FR\"},\"contactPoint\":[{\"@type\":\"ContactPoint\",\"contactType\":\"Service client\",\"telephone\":\"0384254272\",\"email\":\"contact@csj-emballages.com\"}]}]}<\/script>\n<!-- \/ Yoast SEO Premium plugin. -->","yoast_head_json":{"title":"Etui Pyramide Macarons Couleur Chocolat","description":"Schokoladenfarbenes Pyramiden-Etui f\u00fcr Makronen mit Fenstern und integriertem Griff. Praktisch, elegant und stabil, perfekt zum Transportieren und Pr\u00e4sentieren.","robots":{"index":"index","follow":"follow","max-snippet":"max-snippet:-1","max-image-preview":"max-image-preview:large","max-video-preview":"max-video-preview:-1"},"canonical":"https:\/\/www.csj-emballages.com\/de\/produit\/etui-pyramide-fuer-24-schokoladenfarbene-macarons\/","og_locale":"de_DE","og_type":"article","og_title":"Etui Pyramide Macarons Farbe Schokolade","og_description":"Schokoladenfarbenes Pyramiden-Etui f\u00fcr Makronen mit Fenstern und integriertem Griff. Praktisch, elegant und stabil, perfekt zum Transportieren und Pr\u00e4sentieren.","og_url":"https:\/\/www.csj-emballages.com\/de\/produit\/etui-pyramide-fuer-24-schokoladenfarbene-macarons\/","og_site_name":"CSJ Emballages","article_publisher":"https:\/\/www.facebook.com\/csjemballages","article_modified_time":"2026-03-12T15:35:41+00:00","og_image":[{"width":800,"height":800,"url":"https:\/\/www.csj-emballages.com\/wp-content\/uploads\/2024\/03\/PYRAMIDEDEMACA-2.jpeg","type":"image\/jpeg"}],"twitter_card":"summary_large_image","twitter_misc":{"Gesch\u00e4tzte Lesezeit":"2 Minuten"},"schema":{"@context":"https:\/\/schema.org","@graph":[{"@type":"WebPage","@id":"https:\/\/www.csj-emballages.com\/de\/produit\/etui-pyramide-fuer-24-schokoladenfarbene-macarons\/","url":"https:\/\/www.csj-emballages.com\/de\/produit\/etui-pyramide-fuer-24-schokoladenfarbene-macarons\/","name":"Etui Pyramide Macarons Couleur Chocolat","isPartOf":{"@id":"https:\/\/www.csj-emballages.com\/de\/#website"},"primaryImageOfPage":{"@id":"https:\/\/www.csj-emballages.com\/de\/produit\/etui-pyramide-fuer-24-schokoladenfarbene-macarons\/#primaryimage"},"image":{"@id":"https:\/\/www.csj-emballages.com\/de\/produit\/etui-pyramide-fuer-24-schokoladenfarbene-macarons\/#primaryimage"},"thumbnailUrl":"https:\/\/www.csj-emballages.com\/wp-content\/uploads\/2024\/03\/PYRAMIDEDEMACA-2.jpeg","datePublished":"2024-03-01T15:50:19+00:00","dateModified":"2026-03-12T15:35:41+00:00","description":"Schokoladenfarbenes Pyramiden-Etui f\u00fcr Makronen mit Fenstern und integriertem Griff. Praktisch, elegant und stabil, perfekt zum Transportieren und Pr\u00e4sentieren.","breadcrumb":{"@id":"https:\/\/www.csj-emballages.com\/de\/produit\/etui-pyramide-fuer-24-schokoladenfarbene-macarons\/#breadcrumb"},"inLanguage":"de","potentialAction":[{"@type":"ReadAction","target":["https:\/\/www.csj-emballages.com\/de\/produit\/etui-pyramide-fuer-24-schokoladenfarbene-macarons\/"]}]},{"@type":"ImageObject","inLanguage":"de","@id":"https:\/\/www.csj-emballages.com\/de\/produit\/etui-pyramide-fuer-24-schokoladenfarbene-macarons\/#primaryimage","url":"https:\/\/www.csj-emballages.com\/wp-content\/uploads\/2024\/03\/PYRAMIDEDEMACA-2.jpeg","contentUrl":"https:\/\/www.csj-emballages.com\/wp-content\/uploads\/2024\/03\/PYRAMIDEDEMACA-2.jpeg","width":800,"height":800,"caption":"Etui pyramide macarons"},{"@type":"BreadcrumbList","@id":"https:\/\/www.csj-emballages.com\/de\/produit\/etui-pyramide-fuer-24-schokoladenfarbene-macarons\/#breadcrumb","itemListElement":[{"@type":"ListItem","position":1,"name":"Accueil","item":"https:\/\/www.csj-emballages.com\/de\/universum-lebensmittelverpackungen\/"},{"@type":"ListItem","position":2,"name":"Shop","item":"https:\/\/www.csj-emballages.com\/shop\/"},{"@type":"ListItem","position":3,"name":"Etui Pyramide Macarons Farbe Schokolade"}]},{"@type":"WebSite","@id":"https:\/\/www.csj-emballages.com\/de\/#website","url":"https:\/\/www.csj-emballages.com\/de\/","name":"CSJ Emballages","description":"","publisher":{"@id":"https:\/\/www.csj-emballages.com\/de\/#organization"},"potentialAction":[{"@type":"SearchAction","target":{"@type":"EntryPoint","urlTemplate":"https:\/\/www.csj-emballages.com\/de\/?s={search_term_string}"},"query-input":{"@type":"PropertyValueSpecification","valueRequired":true,"valueName":"search_term_string"}}],"inLanguage":"de"},{"@type":"Organization","@id":"https:\/\/www.csj-emballages.com\/de\/#Organization\/","name":"CSJ Emballages","url":"https:\/\/www.csj-emballages.com\/de\/","logo":{"@type":"ImageObject","inLanguage":"de","@id":"https:\/\/www.csj-emballages.com\/de\/#\/schema\/logo\/image\/","url":"https:\/\/www.csj-emballages.com\/wp-content\/uploads\/2023\/10\/logo_csj.webp","contentUrl":"https:\/\/www.csj-emballages.com\/wp-content\/uploads\/2023\/10\/logo_csj.webp","width":250,"height":95,"caption":"CSJ Emballages"},"image":{"@id":"https:\/\/www.csj-emballages.com\/de\/#\/schema\/logo\/image\/"},"sameAs":["https:\/\/www.facebook.com\/csjemballages"],"address":{"@type":"PostalAddress","streetAddress":"ZI La Lechere","addressLocality":"Patornay","postalCode":"39130","addressCountry":"FR"},"contactPoint":[{"@type":"ContactPoint","contactType":"Service client","telephone":"0384254272","email":"contact@csj-emballages.com"}]}]}},"df_price":3.13,"df_sale_price":"","df_regular_price":3.13,"df_image_link":"https:\/\/www.csj-emballages.com\/wp-content\/uploads\/2024\/03\/PYRAMIDEDEMACA-2-300x300.jpeg","tiered_pricing_type":"fixed","tiered_pricing_fixed_rules":[],"tiered_pricing_percentage_rules":[],"tiered_pricing_minimum":1,"tiered_pricing_roles_data":[],"_links":{"self":[{"href":"https:\/\/www.csj-emballages.com\/de\/wp-json\/wp\/v2\/product\/22818","targetHints":{"allow":["GET"]}}],"collection":[{"href":"https:\/\/www.csj-emballages.com\/de\/wp-json\/wp\/v2\/product"}],"about":[{"href":"https:\/\/www.csj-emballages.com\/de\/wp-json\/wp\/v2\/types\/product"}],"wp:featuredmedia":[{"embeddable":true,"href":"https:\/\/www.csj-emballages.com\/de\/wp-json\/wp\/v2\/media\/242140"}],"wp:attachment":[{"href":"https:\/\/www.csj-emballages.com\/de\/wp-json\/wp\/v2\/media?parent=22818"}],"wp:term":[{"taxonomy":"product_brand","embeddable":true,"href":"https:\/\/www.csj-emballages.com\/de\/wp-json\/wp\/v2\/product_brand?post=22818"},{"taxonomy":"product_cat","embeddable":true,"href":"https:\/\/www.csj-emballages.com\/de\/wp-json\/wp\/v2\/product_cat?post=22818"},{"taxonomy":"product_tag","embeddable":true,"href":"https:\/\/www.csj-emballages.com\/de\/wp-json\/wp\/v2\/product_tag?post=22818"}],"curies":[{"name":"wp","href":"https:\/\/api.w.org\/{rel}","templated":true}]}}