{"id":22816,"date":"2024-03-01T16:50:20","date_gmt":"2024-03-01T15:50:20","guid":{"rendered":"https:\/\/u15jnbdpoq.preview.infomaniak.website\/produit\/100-runde-tiegel-aus-pp-200-ml\/"},"modified":"2026-04-21T02:15:53","modified_gmt":"2026-04-21T00:15:53","slug":"100-runde-tiegel-aus-pp-200-ml","status":"publish","type":"product","link":"https:\/\/www.csj-emballages.com\/de\/produit\/100-runde-tiegel-aus-pp-200-ml\/","title":{"rendered":"Rundtopf aus Kunststoff 200 ml pro 100"},"content":{"rendered":"<h2>Runder Topf aus Kunststoff<\/h2>\n<hr>\n<h3>Beschreibung von Suppentopf 200 ml pro 100 St\u00fcck<\/h3>\n<p><!--more--><\/p>\n<p data-start=\"228\" data-end=\"626\">Wenn man in der Gastronomie arbeitet, kommt es auf jeden kleinen Beh\u00e4lter an. Dieser <strong data-start=\"298\" data-end=\"336\">runde 200-ml-Topf aus PP-Kunststoff<\/strong> wurde entwickelt, um das Servieren zu vereinfachen und gleichzeitig zuverl\u00e4ssig zu sein, selbst bei hei\u00dfen Zubereitungen. Seine Gr\u00f6\u00dfe ist ideal f\u00fcr So\u00dfen, Br\u00fchen oder kleine Portionen zum Mitnehmen. Er ist weder zu gro\u00df noch zu klein und erm\u00f6glicht es Ihnen, genau zu dosieren, ohne etwas zu verschwenden.   <\/p>\n<p data-start=\"628\" data-end=\"1066\">Dieser aus <strong data-start=\"640\" data-end=\"662\">Polypropylen (PP)<\/strong> hergestellte <strong>Suppentopf<\/strong> ist sehr hitzebest\u00e4ndig. Sie k\u00f6nnen also hei\u00dfe So\u00dfen, Coulis, lauwarme Zubereitungen oder Beilagen in den Topf geben, ohne Angst haben zu m\u00fcssen, dass er sich verformt. Das ist ein echtes Plus im Alltag, vor allem, wenn es in der K\u00fcche immer hektischer zugeht. Das <strong>durchsichtige<\/strong> Material erm\u00f6glicht es au\u00dferdem, den Inhalt auf einen Blick zu erkennen, was die Organisation erleichtert und Fehler beim Servieren vermeidet.   <\/p>\n<p data-start=\"1068\" data-end=\"1364\">Dank seiner einfachen und effizienten <strong>runden<\/strong> Form l\u00e4sst er sich leicht stapeln und lagern. So sparen Sie Platz und Zeit, sei es im Lager oder auf der Arbeitsfl\u00e4che. Ebenso sorgt der glatte Rand f\u00fcr einen guten Griff und ein sauberes Ergebnis beim Servieren, sei es vor Ort oder zum Mitnehmen.  <\/p>\n<p data-start=\"1366\" data-end=\"1727\">Dieser <strong>Suppentopf<\/strong> wird <strong data-start=\"1372\" data-end=\"1390\">im 100er-Pack<\/strong> verkauft und eignet sich sowohl f\u00fcr Restaurants, Imbisse, Caterer, Foodtrucks als auch f\u00fcr professionelle Take-aways. Er f\u00fcgt sich ganz nat\u00fcrlich in Ihre Routine ein, ohne Ihnen die Arbeit zu erschweren. Kurz gesagt, er ist ein kleiner, unauff\u00e4lliger, aber unverzichtbarer Beh\u00e4lter, der Ihnen hilft, effizienter zu arbeiten und dabei vielseitig einsetzbar zu bleiben.  <\/p>\n<p>&nbsp;<\/p>\n<p><!--more--><\/p>\n<p><strong><span style=\"color: #ff0000;\">*Nur f\u00fcr den warmen Gebrauch<\/span><\/strong><\/p>\n<p>&nbsp;<\/p>\n<p><!--more--><\/p>\n<h4>Vorteile :<\/h4>\n<ul>\n<li data-start=\"1940\" data-end=\"1972\">Praktischer <strong>200-ml-Inhalt<\/strong>.<\/li>\n<li data-start=\"1975\" data-end=\"2029\">Transparenter <strong>Kunststoff<\/strong> f\u00fcr sofortige Sichtbarkeit.<\/li>\n<li data-start=\"2032\" data-end=\"2073\">Gute Stabilit\u00e4t durch die runde Form.<\/li>\n<li data-start=\"2076\" data-end=\"2108\">Einfach zu stapeln und zu lagern.<\/li>\n<li data-start=\"2111\" data-end=\"2140\">Sparset mit <strong>100 Gl\u00e4sern<\/strong><\/li>\n<\/ul>\n<p>&nbsp;<\/p>\n<p><!--more--><\/p>\n<h4>Weitere Informationen :<\/h4>\n<ul>\n<li><strong>Verpackung<\/strong>: Packung mit 100 St\u00fcck<\/li>\n<li><strong>Volumen<\/strong>: 200 ml<\/li>\n<li><strong>Unterer Durchmesser<\/strong>: \u00d885 mm<\/li>\n<li><strong>Durchmesser oben<\/strong>: \u00d898 mm<\/li>\n<li><strong>H\u00f6he<\/strong>: 42 mm<\/li>\n<li><strong>Material<\/strong>: PP (Polypropylen)<\/li>\n<li><strong>Nutzung<\/strong>: Warm<\/li>\n<li><strong>Betriebstemperatur<\/strong>: -20\u00b0C \/ +120\u00b0C<\/li>\n<\/ul>\n<p>&nbsp;<\/p>\n<p><!--more--><\/p>\n<p><span style=\"color: #d12727;\"><a style=\"color: #d12727;\" href=\"https:\/\/www.csj-emballages.com\/es\/produit\/100-tapas-para-tarros-redondos-de-pp-o101-mm\/\">Hier finden Sie den Deckel, der f\u00fcr diesen Topf entworfen wurde.  <\/a><\/span><\/p>\n<p>&nbsp;<\/p>\n<p><!--more--><\/p>\n<p>Das Produkt ist in verschiedenen Gr\u00f6\u00dfen erh\u00e4ltlich: <span style=\"color: #d12727;\"><a style=\"color: #d12727;\" href=\"https:\/\/www.csj-emballages.com\/es\/produit\/100-tarros-redondos-pp-125-ml\/\">125 ml<\/a><\/span> \/ <span style=\"color: #d12727;\"><a style=\"color: #d12727;\" href=\"https:\/\/www.csj-emballages.com\/produit\/100-pots-ronds-en-pp-250-ml\/\">250 ml<\/a><\/span><\/p>\n<p>&nbsp;<\/p>\n<p><!--more--><\/p>\n<p><a href=\"\/?product_cat=pots-ronds-chauds-restauration\">Sehen Sie sich den Rest unseres Sortiments an runden T\u00f6pfen f\u00fcr den warmen Gebrauch an.<\/a><\/p>\n","protected":false},"excerpt":{"rendered":"<p>Runder Topf aus Kunststoff Beschreibung von Suppentopf 200 ml pro 100 St\u00fcck<\/p>\n","protected":false},"featured_media":203991,"template":"","meta":{"_acf_changed":false},"product_brand":[],"product_cat":[1137,1170,1513,1514,1515,1134,1517,1518],"product_tag":[],"class_list":{"0":"post-22816","1":"product","2":"type-product","3":"status-publish","4":"has-post-thumbnail","6":"product_cat-lebensmittelverpackungen","7":"product_cat-metzgerei-und-feinkostgeschaft","8":"product_cat-schalen-dosen-glaser-fur-lebensmittel","9":"product_cat-runde-topfe","10":"product_cat-runde-topfe-fur-den-warmen-gebrauch","11":"product_cat-restauration-de","12":"product_cat-runde-topfe-de","13":"product_cat-heise-runde-topfe","15":"first","16":"instock","17":"taxable","18":"shipping-taxable","19":"purchasable","20":"product-type-simple"},"acf":[],"yoast_head":"<!-- This site is optimized with the Yoast SEO Premium plugin v26.6 (Yoast SEO v26.6) - https:\/\/yoast.com\/wordpress\/plugins\/seo\/ -->\n<title>Hei\u00dfe runde Plastikkanne - 200 ml<\/title>\n<meta name=\"description\" content=\"Entdecke unseren runden 200-ml-Plastikbecher! Wir bieten Ihnen eine Packung mit 100 Plastikt\u00f6pfen an, die f\u00fcr den hei\u00dfen Gebrauch konzipiert sind.\" \/>\n<meta name=\"robots\" content=\"index, follow, max-snippet:-1, max-image-preview:large, max-video-preview:-1\" \/>\n<link rel=\"canonical\" href=\"https:\/\/www.csj-emballages.com\/de\/produit\/100-runde-tiegel-aus-pp-200-ml\/\" \/>\n<meta property=\"og:locale\" content=\"de_DE\" \/>\n<meta property=\"og:type\" content=\"article\" \/>\n<meta property=\"og:title\" content=\"Rundtopf aus Kunststoff 200 ml pro 100\" \/>\n<meta property=\"og:description\" content=\"Entdecke unseren runden 200-ml-Plastikbecher! Wir bieten Ihnen eine Packung mit 100 Plastikt\u00f6pfen an, die f\u00fcr den hei\u00dfen Gebrauch konzipiert sind.\" \/>\n<meta property=\"og:url\" content=\"https:\/\/www.csj-emballages.com\/de\/produit\/100-runde-tiegel-aus-pp-200-ml\/\" \/>\n<meta property=\"og:site_name\" content=\"CSJ Emballages\" \/>\n<meta property=\"article:publisher\" content=\"https:\/\/www.facebook.com\/csjemballages\" \/>\n<meta property=\"article:modified_time\" content=\"2026-04-21T00:15:53+00:00\" \/>\n<meta property=\"og:image\" content=\"https:\/\/www.csj-emballages.com\/wp-content\/uploads\/2024\/03\/POT-ROND-CHAUD-200-2.webp\" \/>\n\t<meta property=\"og:image:width\" content=\"801\" \/>\n\t<meta property=\"og:image:height\" content=\"801\" \/>\n\t<meta property=\"og:image:type\" content=\"image\/webp\" \/>\n<meta name=\"twitter:card\" content=\"summary_large_image\" \/>\n<meta name=\"twitter:label1\" content=\"Gesch\u00e4tzte Lesezeit\" \/>\n\t<meta name=\"twitter:data1\" content=\"2 Minuten\" \/>\n<script type=\"application\/ld+json\" class=\"yoast-schema-graph\">{\"@context\":\"https:\/\/schema.org\",\"@graph\":[{\"@type\":\"WebPage\",\"@id\":\"https:\/\/www.csj-emballages.com\/de\/produit\/100-runde-tiegel-aus-pp-200-ml\/\",\"url\":\"https:\/\/www.csj-emballages.com\/de\/produit\/100-runde-tiegel-aus-pp-200-ml\/\",\"name\":\"Hei\u00dfe runde Plastikkanne - 200 ml\",\"isPartOf\":{\"@id\":\"https:\/\/www.csj-emballages.com\/de\/#website\"},\"primaryImageOfPage\":{\"@id\":\"https:\/\/www.csj-emballages.com\/de\/produit\/100-runde-tiegel-aus-pp-200-ml\/#primaryimage\"},\"image\":{\"@id\":\"https:\/\/www.csj-emballages.com\/de\/produit\/100-runde-tiegel-aus-pp-200-ml\/#primaryimage\"},\"thumbnailUrl\":\"https:\/\/www.csj-emballages.com\/wp-content\/uploads\/2024\/03\/POT-ROND-CHAUD-200-2.webp\",\"datePublished\":\"2024-03-01T15:50:20+00:00\",\"dateModified\":\"2026-04-21T00:15:53+00:00\",\"description\":\"Entdecke unseren runden 200-ml-Plastikbecher! Wir bieten Ihnen eine Packung mit 100 Plastikt\u00f6pfen an, die f\u00fcr den hei\u00dfen Gebrauch konzipiert sind.\",\"breadcrumb\":{\"@id\":\"https:\/\/www.csj-emballages.com\/de\/produit\/100-runde-tiegel-aus-pp-200-ml\/#breadcrumb\"},\"inLanguage\":\"de\",\"potentialAction\":[{\"@type\":\"ReadAction\",\"target\":[\"https:\/\/www.csj-emballages.com\/de\/produit\/100-runde-tiegel-aus-pp-200-ml\/\"]}]},{\"@type\":\"ImageObject\",\"inLanguage\":\"de\",\"@id\":\"https:\/\/www.csj-emballages.com\/de\/produit\/100-runde-tiegel-aus-pp-200-ml\/#primaryimage\",\"url\":\"https:\/\/www.csj-emballages.com\/wp-content\/uploads\/2024\/03\/POT-ROND-CHAUD-200-2.webp\",\"contentUrl\":\"https:\/\/www.csj-emballages.com\/wp-content\/uploads\/2024\/03\/POT-ROND-CHAUD-200-2.webp\",\"width\":801,\"height\":801,\"caption\":\"Pot rond plastique\"},{\"@type\":\"BreadcrumbList\",\"@id\":\"https:\/\/www.csj-emballages.com\/de\/produit\/100-runde-tiegel-aus-pp-200-ml\/#breadcrumb\",\"itemListElement\":[{\"@type\":\"ListItem\",\"position\":1,\"name\":\"Accueil\",\"item\":\"https:\/\/www.csj-emballages.com\/de\/universum-lebensmittelverpackungen\/\"},{\"@type\":\"ListItem\",\"position\":2,\"name\":\"Shop\",\"item\":\"https:\/\/www.csj-emballages.com\/shop\/\"},{\"@type\":\"ListItem\",\"position\":3,\"name\":\"Rundtopf aus Kunststoff 200 ml pro 100\"}]},{\"@type\":\"WebSite\",\"@id\":\"https:\/\/www.csj-emballages.com\/de\/#website\",\"url\":\"https:\/\/www.csj-emballages.com\/de\/\",\"name\":\"CSJ Emballages\",\"description\":\"\",\"publisher\":{\"@id\":\"https:\/\/www.csj-emballages.com\/de\/#organization\"},\"potentialAction\":[{\"@type\":\"SearchAction\",\"target\":{\"@type\":\"EntryPoint\",\"urlTemplate\":\"https:\/\/www.csj-emballages.com\/de\/?s={search_term_string}\"},\"query-input\":{\"@type\":\"PropertyValueSpecification\",\"valueRequired\":true,\"valueName\":\"search_term_string\"}}],\"inLanguage\":\"de\"},{\"@type\":\"Organization\",\"@id\":\"https:\/\/www.csj-emballages.com\/de\/#Organization\/\",\"name\":\"CSJ Emballages\",\"url\":\"https:\/\/www.csj-emballages.com\/de\/\",\"logo\":{\"@type\":\"ImageObject\",\"inLanguage\":\"de\",\"@id\":\"https:\/\/www.csj-emballages.com\/de\/#\/schema\/logo\/image\/\",\"url\":\"https:\/\/www.csj-emballages.com\/wp-content\/uploads\/2023\/10\/logo_csj.webp\",\"contentUrl\":\"https:\/\/www.csj-emballages.com\/wp-content\/uploads\/2023\/10\/logo_csj.webp\",\"width\":250,\"height\":95,\"caption\":\"CSJ Emballages\"},\"image\":{\"@id\":\"https:\/\/www.csj-emballages.com\/de\/#\/schema\/logo\/image\/\"},\"sameAs\":[\"https:\/\/www.facebook.com\/csjemballages\"],\"address\":{\"@type\":\"PostalAddress\",\"streetAddress\":\"ZI La Lechere\",\"addressLocality\":\"Patornay\",\"postalCode\":\"39130\",\"addressCountry\":\"FR\"},\"contactPoint\":[{\"@type\":\"ContactPoint\",\"contactType\":\"Service client\",\"telephone\":\"0384254272\",\"email\":\"contact@csj-emballages.com\"}]}]}<\/script>\n<!-- \/ Yoast SEO Premium plugin. -->","yoast_head_json":{"title":"Hei\u00dfe runde Plastikkanne - 200 ml","description":"Entdecke unseren runden 200-ml-Plastikbecher! Wir bieten Ihnen eine Packung mit 100 Plastikt\u00f6pfen an, die f\u00fcr den hei\u00dfen Gebrauch konzipiert sind.","robots":{"index":"index","follow":"follow","max-snippet":"max-snippet:-1","max-image-preview":"max-image-preview:large","max-video-preview":"max-video-preview:-1"},"canonical":"https:\/\/www.csj-emballages.com\/de\/produit\/100-runde-tiegel-aus-pp-200-ml\/","og_locale":"de_DE","og_type":"article","og_title":"Rundtopf aus Kunststoff 200 ml pro 100","og_description":"Entdecke unseren runden 200-ml-Plastikbecher! Wir bieten Ihnen eine Packung mit 100 Plastikt\u00f6pfen an, die f\u00fcr den hei\u00dfen Gebrauch konzipiert sind.","og_url":"https:\/\/www.csj-emballages.com\/de\/produit\/100-runde-tiegel-aus-pp-200-ml\/","og_site_name":"CSJ Emballages","article_publisher":"https:\/\/www.facebook.com\/csjemballages","article_modified_time":"2026-04-21T00:15:53+00:00","og_image":[{"width":801,"height":801,"url":"https:\/\/www.csj-emballages.com\/wp-content\/uploads\/2024\/03\/POT-ROND-CHAUD-200-2.webp","type":"image\/webp"}],"twitter_card":"summary_large_image","twitter_misc":{"Gesch\u00e4tzte Lesezeit":"2 Minuten"},"schema":{"@context":"https:\/\/schema.org","@graph":[{"@type":"WebPage","@id":"https:\/\/www.csj-emballages.com\/de\/produit\/100-runde-tiegel-aus-pp-200-ml\/","url":"https:\/\/www.csj-emballages.com\/de\/produit\/100-runde-tiegel-aus-pp-200-ml\/","name":"Hei\u00dfe runde Plastikkanne - 200 ml","isPartOf":{"@id":"https:\/\/www.csj-emballages.com\/de\/#website"},"primaryImageOfPage":{"@id":"https:\/\/www.csj-emballages.com\/de\/produit\/100-runde-tiegel-aus-pp-200-ml\/#primaryimage"},"image":{"@id":"https:\/\/www.csj-emballages.com\/de\/produit\/100-runde-tiegel-aus-pp-200-ml\/#primaryimage"},"thumbnailUrl":"https:\/\/www.csj-emballages.com\/wp-content\/uploads\/2024\/03\/POT-ROND-CHAUD-200-2.webp","datePublished":"2024-03-01T15:50:20+00:00","dateModified":"2026-04-21T00:15:53+00:00","description":"Entdecke unseren runden 200-ml-Plastikbecher! Wir bieten Ihnen eine Packung mit 100 Plastikt\u00f6pfen an, die f\u00fcr den hei\u00dfen Gebrauch konzipiert sind.","breadcrumb":{"@id":"https:\/\/www.csj-emballages.com\/de\/produit\/100-runde-tiegel-aus-pp-200-ml\/#breadcrumb"},"inLanguage":"de","potentialAction":[{"@type":"ReadAction","target":["https:\/\/www.csj-emballages.com\/de\/produit\/100-runde-tiegel-aus-pp-200-ml\/"]}]},{"@type":"ImageObject","inLanguage":"de","@id":"https:\/\/www.csj-emballages.com\/de\/produit\/100-runde-tiegel-aus-pp-200-ml\/#primaryimage","url":"https:\/\/www.csj-emballages.com\/wp-content\/uploads\/2024\/03\/POT-ROND-CHAUD-200-2.webp","contentUrl":"https:\/\/www.csj-emballages.com\/wp-content\/uploads\/2024\/03\/POT-ROND-CHAUD-200-2.webp","width":801,"height":801,"caption":"Pot rond plastique"},{"@type":"BreadcrumbList","@id":"https:\/\/www.csj-emballages.com\/de\/produit\/100-runde-tiegel-aus-pp-200-ml\/#breadcrumb","itemListElement":[{"@type":"ListItem","position":1,"name":"Accueil","item":"https:\/\/www.csj-emballages.com\/de\/universum-lebensmittelverpackungen\/"},{"@type":"ListItem","position":2,"name":"Shop","item":"https:\/\/www.csj-emballages.com\/shop\/"},{"@type":"ListItem","position":3,"name":"Rundtopf aus Kunststoff 200 ml pro 100"}]},{"@type":"WebSite","@id":"https:\/\/www.csj-emballages.com\/de\/#website","url":"https:\/\/www.csj-emballages.com\/de\/","name":"CSJ Emballages","description":"","publisher":{"@id":"https:\/\/www.csj-emballages.com\/de\/#organization"},"potentialAction":[{"@type":"SearchAction","target":{"@type":"EntryPoint","urlTemplate":"https:\/\/www.csj-emballages.com\/de\/?s={search_term_string}"},"query-input":{"@type":"PropertyValueSpecification","valueRequired":true,"valueName":"search_term_string"}}],"inLanguage":"de"},{"@type":"Organization","@id":"https:\/\/www.csj-emballages.com\/de\/#Organization\/","name":"CSJ Emballages","url":"https:\/\/www.csj-emballages.com\/de\/","logo":{"@type":"ImageObject","inLanguage":"de","@id":"https:\/\/www.csj-emballages.com\/de\/#\/schema\/logo\/image\/","url":"https:\/\/www.csj-emballages.com\/wp-content\/uploads\/2023\/10\/logo_csj.webp","contentUrl":"https:\/\/www.csj-emballages.com\/wp-content\/uploads\/2023\/10\/logo_csj.webp","width":250,"height":95,"caption":"CSJ Emballages"},"image":{"@id":"https:\/\/www.csj-emballages.com\/de\/#\/schema\/logo\/image\/"},"sameAs":["https:\/\/www.facebook.com\/csjemballages"],"address":{"@type":"PostalAddress","streetAddress":"ZI La Lechere","addressLocality":"Patornay","postalCode":"39130","addressCountry":"FR"},"contactPoint":[{"@type":"ContactPoint","contactType":"Service client","telephone":"0384254272","email":"contact@csj-emballages.com"}]}]}},"df_price":4.82,"df_sale_price":"","df_regular_price":4.82,"df_image_link":"https:\/\/www.csj-emballages.com\/wp-content\/uploads\/2024\/03\/POT-ROND-CHAUD-200-2-300x300.webp","tiered_pricing_type":"fixed","tiered_pricing_fixed_rules":[],"tiered_pricing_percentage_rules":[],"tiered_pricing_minimum":1,"tiered_pricing_roles_data":[],"_links":{"self":[{"href":"https:\/\/www.csj-emballages.com\/de\/wp-json\/wp\/v2\/product\/22816","targetHints":{"allow":["GET"]}}],"collection":[{"href":"https:\/\/www.csj-emballages.com\/de\/wp-json\/wp\/v2\/product"}],"about":[{"href":"https:\/\/www.csj-emballages.com\/de\/wp-json\/wp\/v2\/types\/product"}],"wp:featuredmedia":[{"embeddable":true,"href":"https:\/\/www.csj-emballages.com\/de\/wp-json\/wp\/v2\/media\/203991"}],"wp:attachment":[{"href":"https:\/\/www.csj-emballages.com\/de\/wp-json\/wp\/v2\/media?parent=22816"}],"wp:term":[{"taxonomy":"product_brand","embeddable":true,"href":"https:\/\/www.csj-emballages.com\/de\/wp-json\/wp\/v2\/product_brand?post=22816"},{"taxonomy":"product_cat","embeddable":true,"href":"https:\/\/www.csj-emballages.com\/de\/wp-json\/wp\/v2\/product_cat?post=22816"},{"taxonomy":"product_tag","embeddable":true,"href":"https:\/\/www.csj-emballages.com\/de\/wp-json\/wp\/v2\/product_tag?post=22816"}],"curies":[{"name":"wp","href":"https:\/\/api.w.org\/{rel}","templated":true}]}}