{"id":22766,"date":"2024-03-01T16:50:22","date_gmt":"2024-03-01T15:50:22","guid":{"rendered":"https:\/\/u15jnbdpoq.preview.infomaniak.website\/produit\/25-einweg-suppentoepfe-aus-kraftkarton-350-ml\/"},"modified":"2026-04-29T02:16:59","modified_gmt":"2026-04-29T00:16:59","slug":"25-einweg-suppentoepfe-aus-kraftkarton-350-ml","status":"publish","type":"product","link":"https:\/\/www.csj-emballages.com\/de\/produit\/25-einweg-suppentoepfe-aus-kraftkarton-350-ml\/","title":{"rendered":"Kraftsuppentopf 350 ml pro 25"},"content":{"rendered":"<div style=\"font-family: Roboto, sans-serif;\">\n<div style=\"font-family: Roboto, sans-serif;\">\n<div style=\"font-family: Roboto, sans-serif;\">\n<h2>Suppentopf<\/h2>\n<hr>\n<h3>Beschreibung von unserem Kraftsuppentopf 350 ml pro 25<\/h3>\n<p><!--more--><\/p>\n<div class=\"flex-shrink-0 flex flex-col relative items-end\">\n<div class=\"pt-0.5 juice:pt-0\">\n<div class=\"gizmo-bot-avatar flex h-6 w-6 items-center justify-center overflow-hidden rounded-full juice:h-8 juice:w-8\">\n<div class=\"relative p-1 rounded-sm flex items-center justify-center bg-token-main-surface-primary text-token-text-primary h-8 w-8\">\n<p data-start=\"215\" data-end=\"546\">Der <strong>350-ml-Kraftsuppentopf<\/strong> ist ein unentbehrlicher Helfer f\u00fcr Profis in der Gastronomie und f\u00fcr Privatpersonen, die Wert darauf legen, alles richtig zu machen. Der aus festem <strong>Kraftkarton<\/strong> gefertigte Topf bietet eine hervorragende Hitzebest\u00e4ndigkeit und ist daher perfekt f\u00fcr <strong>Suppen,<\/strong> <strong>Suppeneinlagen<\/strong>, <span style=\"color: #d12727;\"><a style=\"color: #d12727;\" href=\"https:\/\/www.csj-emballages.com\/de\/categorie-produit\/lebensmittel\/kulinarische-grundlagen-fonds\/\"><strong>Br\u00fchen<\/strong><\/a><\/span> oder auch gro\u00dfz\u00fcgige So\u00dfen. <\/p>\n<p data-start=\"548\" data-end=\"881\">Die Gr\u00f6\u00dfe von <strong>350 ml<\/strong> (ca. 12 oz) ist ideal f\u00fcr <strong>Einzelportionen<\/strong>: nicht zu klein, nicht zu gro\u00df, genau richtig, um zu schlemmen, ohne etwas zu verschwenden. Dieser <strong>Pappbecher<\/strong> wird h\u00e4ufig von Caterern, Foodtrucks, Take-away-Restaurants oder f\u00fcr Mahlzeiten, die nach Hause geliefert werden, verwendet und macht alles richtig: Er ist praktisch, robust und sieht gut aus. <\/p>\n<p data-start=\"883\" data-end=\"1216\"><strong>Kraft<\/strong> verleiht ihr diesen nat\u00fcrlichen und authentischen Look, der Kunden und Profis gleicherma\u00dfen gef\u00e4llt. Es ist auch eine sch\u00f6ne Alternative zu herk\u00f6mmlichem Plastik. Mit einem passenden <strong>Deckel<\/strong> (separat erh\u00e4ltlich : <span style=\"color: #d12727;\"><a style=\"color: #d12727;\" href=\"https:\/\/www.csj-emballages.com\/es\/produit\/25-tapas-para-ollas-soperas-kraft-de-237-360-ml\/\">COUVPSA360<\/a><\/span>) garantieren Sie einen sicheren Verschluss, der Ihre Zubereitungen sch\u00f6n warm h\u00e4lt und gleichzeitig verhindert, dass beim Transport etwas ausl\u00e4uft.  <\/p>\n<p data-start=\"1383\" data-end=\"1400\">\n<\/div>\n<\/div>\n<\/div>\n<\/div>\n<p><!--more--><\/p>\n<p><strong>Vorteile :<\/strong><\/p>\n<ul>\n<li>Perfektes Format f\u00fcr Einzelportionen (350 ml).<\/li>\n<li>Nat\u00fcrliche und trendige Kraft\u00e4sthetik.<\/li>\n<li>Dieser Suppentopf ist ideal f\u00fcr den Verkauf zum Mitnehmen oder f\u00fcr Lieferungen.<\/li>\n<li>Kompatibel mit Deckel f\u00fcr einen sicheren Transport.<\/li>\n<\/ul>\n<p>&nbsp;<\/p>\n<p><!--more--><\/p>\n<h4>Weitere Informationen :<\/h4>\n<ul>\n<li><strong>Verpackung<\/strong>: Packung mit 25 St\u00fcck<\/li>\n<li><strong>Oberer Durchmesser<\/strong>: \u00d89 cm<\/li>\n<li><strong>Unterer Durchmesser<\/strong>: \u00d87 cm<\/li>\n<li><strong>H\u00f6he<\/strong>: 8,5 cm<\/li>\n<li><span style=\"font-weight: bold;\">Volumen <\/span>: 350 ml<\/li>\n<li><span style=\"font-weight: bold;\">Material <\/span>: Karton<\/li>\n<\/ul>\n<p>&nbsp;<\/p>\n<p><!--more--><\/p>\n<p>Hier finden Sie den passenden Deckel f\u00fcr diesen Suppentopf : <span style=\"color: #d12727;\"><a style=\"color: #d12727;\" href=\"https:\/\/www.csj-emballages.com\/es\/produit\/25-tapas-para-ollas-soperas-kraft-de-237-360-ml\/\">COUVPSA360<\/a><\/span><\/p>\n<\/div>\n<p>&nbsp;<\/p>\n<\/div>\n<\/div>\n<h5><!--more--><\/h5>\n<div style=\"font-family: Roboto, sans-serif;\">\n<div style=\"font-family: Roboto, sans-serif;\">\n<div style=\"font-family: Roboto, sans-serif;\">\n<p>Dieser Topf ist auch in verschiedenen Gr\u00f6\u00dfen erh\u00e4ltlich : <span style=\"color: #d12727;\"><a style=\"color: #d12727;\" href=\"https:\/\/www.csj-emballages.com\/produit\/pot-de-glace-kraft-237-ml-par-25\/\">237 ml<\/a><\/span> \/ <span style=\"color: #d12727;\"><a style=\"color: #d12727;\" href=\"https:\/\/www.csj-emballages.com\/produit\/pot-a-soupe-avec-couvercle-kraft-450-ml-par-25\/\">450 ml<\/a><\/span> \/ <span style=\"color: #d12727;\"><a style=\"color: #d12727;\" href=\"https:\/\/www.csj-emballages.com\/es\/produit\/tarro-de-sopa-kraft-480-ml-por-25\/\">480 ml<\/a><\/span> \/ <span style=\"color: #d12727;\"><a style=\"color: #d12727;\" href=\"https:\/\/www.csj-emballages.com\/es\/produit\/25-tarros-de-sopa-kraft-desechables-780-ml\/\">780 ml<\/a><\/span> \/ <span style=\"color: #d12727;\"><a style=\"color: #d12727;\" href=\"https:\/\/www.csj-emballages.com\/produit\/pot-a-soupe-carton-960-ml-par-25\/\">960 ml<\/a><\/span><\/p>\n<p>&nbsp;<\/p>\n<p><!--more--><\/p>\n<p><a href=\"https:\/\/www.csj-emballages.com\/de\/categorie-produit\/lebensmittelverpackungen\/restauration-de\/topfe-schalen-becherhalter\/kraft-topfe\/suppentopfe\/\">Sehen Sie sich den Rest unseres Sortiments an Suppent\u00f6pfen an<\/a><\/p>\n<\/div>\n<\/div>\n<\/div>\n","protected":false},"excerpt":{"rendered":"<p>Suppentopf Beschreibung von unserem Kraftsuppentopf 350 ml pro 25<\/p>\n","protected":false},"featured_media":231779,"template":"","meta":{"_acf_changed":false},"product_brand":[],"product_cat":[1137,1134,1328,8644],"product_tag":[],"class_list":{"0":"post-22766","1":"product","2":"type-product","3":"status-publish","4":"has-post-thumbnail","6":"product_cat-lebensmittelverpackungen","7":"product_cat-restauration-de","8":"product_cat-kraft-topfe","9":"product_cat-suppentopfe","11":"first","12":"instock","13":"taxable","14":"shipping-taxable","15":"purchasable","16":"product-type-simple"},"acf":[],"yoast_head":"<!-- This site is optimized with the Yoast SEO Premium plugin v26.6 (Yoast SEO v26.6) - https:\/\/yoast.com\/wordpress\/plugins\/seo\/ -->\n<title>Kraft Suppenkrug 350 ml pro 25<\/title>\n<meta name=\"description\" content=\"Kraft-Suppentopf 350 ml pro 25 St\u00fcck: ideal f\u00fcr Profis und Privatpersonen. Widerstandsf\u00e4hig, praktisch und perfekt f\u00fcr den Verkauf zum Mitnehmen oder zu Hause.\" \/>\n<meta name=\"robots\" content=\"index, follow, max-snippet:-1, max-image-preview:large, max-video-preview:-1\" \/>\n<link rel=\"canonical\" href=\"https:\/\/www.csj-emballages.com\/de\/produit\/25-einweg-suppentoepfe-aus-kraftkarton-350-ml\/\" \/>\n<meta property=\"og:locale\" content=\"de_DE\" \/>\n<meta property=\"og:type\" content=\"article\" \/>\n<meta property=\"og:title\" content=\"Kraftsuppentopf 350 ml pro 25\" \/>\n<meta property=\"og:description\" content=\"Kraft-Suppentopf 350 ml pro 25 St\u00fcck: ideal f\u00fcr Profis und Privatpersonen. Widerstandsf\u00e4hig, praktisch und perfekt f\u00fcr den Verkauf zum Mitnehmen oder zu Hause.\" \/>\n<meta property=\"og:url\" content=\"https:\/\/www.csj-emballages.com\/de\/produit\/25-einweg-suppentoepfe-aus-kraftkarton-350-ml\/\" \/>\n<meta property=\"og:site_name\" content=\"CSJ Emballages\" \/>\n<meta property=\"article:publisher\" content=\"https:\/\/www.facebook.com\/csjemballages\" \/>\n<meta property=\"article:modified_time\" content=\"2026-04-29T00:16:59+00:00\" \/>\n<meta property=\"og:image\" content=\"https:\/\/www.csj-emballages.com\/wp-content\/uploads\/2024\/03\/PSA360.webp\" \/>\n\t<meta property=\"og:image:width\" content=\"800\" \/>\n\t<meta property=\"og:image:height\" content=\"800\" \/>\n\t<meta property=\"og:image:type\" content=\"image\/webp\" \/>\n<meta name=\"twitter:card\" content=\"summary_large_image\" \/>\n<meta name=\"twitter:label1\" content=\"Gesch\u00e4tzte Lesezeit\" \/>\n\t<meta name=\"twitter:data1\" content=\"1\u00a0Minute\" \/>\n<script type=\"application\/ld+json\" class=\"yoast-schema-graph\">{\"@context\":\"https:\/\/schema.org\",\"@graph\":[{\"@type\":\"WebPage\",\"@id\":\"https:\/\/www.csj-emballages.com\/de\/produit\/25-einweg-suppentoepfe-aus-kraftkarton-350-ml\/\",\"url\":\"https:\/\/www.csj-emballages.com\/de\/produit\/25-einweg-suppentoepfe-aus-kraftkarton-350-ml\/\",\"name\":\"Kraft Suppenkrug 350 ml pro 25\",\"isPartOf\":{\"@id\":\"https:\/\/www.csj-emballages.com\/de\/#website\"},\"primaryImageOfPage\":{\"@id\":\"https:\/\/www.csj-emballages.com\/de\/produit\/25-einweg-suppentoepfe-aus-kraftkarton-350-ml\/#primaryimage\"},\"image\":{\"@id\":\"https:\/\/www.csj-emballages.com\/de\/produit\/25-einweg-suppentoepfe-aus-kraftkarton-350-ml\/#primaryimage\"},\"thumbnailUrl\":\"https:\/\/www.csj-emballages.com\/wp-content\/uploads\/2024\/03\/PSA360.webp\",\"datePublished\":\"2024-03-01T15:50:22+00:00\",\"dateModified\":\"2026-04-29T00:16:59+00:00\",\"description\":\"Kraft-Suppentopf 350 ml pro 25 St\u00fcck: ideal f\u00fcr Profis und Privatpersonen. Widerstandsf\u00e4hig, praktisch und perfekt f\u00fcr den Verkauf zum Mitnehmen oder zu Hause.\",\"breadcrumb\":{\"@id\":\"https:\/\/www.csj-emballages.com\/de\/produit\/25-einweg-suppentoepfe-aus-kraftkarton-350-ml\/#breadcrumb\"},\"inLanguage\":\"de\",\"potentialAction\":[{\"@type\":\"ReadAction\",\"target\":[\"https:\/\/www.csj-emballages.com\/de\/produit\/25-einweg-suppentoepfe-aus-kraftkarton-350-ml\/\"]}]},{\"@type\":\"ImageObject\",\"inLanguage\":\"de\",\"@id\":\"https:\/\/www.csj-emballages.com\/de\/produit\/25-einweg-suppentoepfe-aus-kraftkarton-350-ml\/#primaryimage\",\"url\":\"https:\/\/www.csj-emballages.com\/wp-content\/uploads\/2024\/03\/PSA360.webp\",\"contentUrl\":\"https:\/\/www.csj-emballages.com\/wp-content\/uploads\/2024\/03\/PSA360.webp\",\"width\":800,\"height\":800,\"caption\":\"Pot \u00e0 soupe\"},{\"@type\":\"BreadcrumbList\",\"@id\":\"https:\/\/www.csj-emballages.com\/de\/produit\/25-einweg-suppentoepfe-aus-kraftkarton-350-ml\/#breadcrumb\",\"itemListElement\":[{\"@type\":\"ListItem\",\"position\":1,\"name\":\"Accueil\",\"item\":\"https:\/\/www.csj-emballages.com\/de\/universum-lebensmittelverpackungen\/\"},{\"@type\":\"ListItem\",\"position\":2,\"name\":\"Shop\",\"item\":\"https:\/\/www.csj-emballages.com\/shop\/\"},{\"@type\":\"ListItem\",\"position\":3,\"name\":\"Kraftsuppentopf 350 ml pro 25\"}]},{\"@type\":\"WebSite\",\"@id\":\"https:\/\/www.csj-emballages.com\/de\/#website\",\"url\":\"https:\/\/www.csj-emballages.com\/de\/\",\"name\":\"CSJ Emballages\",\"description\":\"\",\"publisher\":{\"@id\":\"https:\/\/www.csj-emballages.com\/de\/#organization\"},\"potentialAction\":[{\"@type\":\"SearchAction\",\"target\":{\"@type\":\"EntryPoint\",\"urlTemplate\":\"https:\/\/www.csj-emballages.com\/de\/?s={search_term_string}\"},\"query-input\":{\"@type\":\"PropertyValueSpecification\",\"valueRequired\":true,\"valueName\":\"search_term_string\"}}],\"inLanguage\":\"de\"},{\"@type\":\"Organization\",\"@id\":\"https:\/\/www.csj-emballages.com\/de\/#Organization\/\",\"name\":\"CSJ Emballages\",\"url\":\"https:\/\/www.csj-emballages.com\/de\/\",\"logo\":{\"@type\":\"ImageObject\",\"inLanguage\":\"de\",\"@id\":\"https:\/\/www.csj-emballages.com\/de\/#\/schema\/logo\/image\/\",\"url\":\"https:\/\/www.csj-emballages.com\/wp-content\/uploads\/2023\/10\/logo_csj.webp\",\"contentUrl\":\"https:\/\/www.csj-emballages.com\/wp-content\/uploads\/2023\/10\/logo_csj.webp\",\"width\":250,\"height\":95,\"caption\":\"CSJ Emballages\"},\"image\":{\"@id\":\"https:\/\/www.csj-emballages.com\/de\/#\/schema\/logo\/image\/\"},\"sameAs\":[\"https:\/\/www.facebook.com\/csjemballages\"],\"address\":{\"@type\":\"PostalAddress\",\"streetAddress\":\"ZI La Lechere\",\"addressLocality\":\"Patornay\",\"postalCode\":\"39130\",\"addressCountry\":\"FR\"},\"contactPoint\":[{\"@type\":\"ContactPoint\",\"contactType\":\"Service client\",\"telephone\":\"0384254272\",\"email\":\"contact@csj-emballages.com\"}]}]}<\/script>\n<!-- \/ Yoast SEO Premium plugin. -->","yoast_head_json":{"title":"Kraft Suppenkrug 350 ml pro 25","description":"Kraft-Suppentopf 350 ml pro 25 St\u00fcck: ideal f\u00fcr Profis und Privatpersonen. Widerstandsf\u00e4hig, praktisch und perfekt f\u00fcr den Verkauf zum Mitnehmen oder zu Hause.","robots":{"index":"index","follow":"follow","max-snippet":"max-snippet:-1","max-image-preview":"max-image-preview:large","max-video-preview":"max-video-preview:-1"},"canonical":"https:\/\/www.csj-emballages.com\/de\/produit\/25-einweg-suppentoepfe-aus-kraftkarton-350-ml\/","og_locale":"de_DE","og_type":"article","og_title":"Kraftsuppentopf 350 ml pro 25","og_description":"Kraft-Suppentopf 350 ml pro 25 St\u00fcck: ideal f\u00fcr Profis und Privatpersonen. Widerstandsf\u00e4hig, praktisch und perfekt f\u00fcr den Verkauf zum Mitnehmen oder zu Hause.","og_url":"https:\/\/www.csj-emballages.com\/de\/produit\/25-einweg-suppentoepfe-aus-kraftkarton-350-ml\/","og_site_name":"CSJ Emballages","article_publisher":"https:\/\/www.facebook.com\/csjemballages","article_modified_time":"2026-04-29T00:16:59+00:00","og_image":[{"width":800,"height":800,"url":"https:\/\/www.csj-emballages.com\/wp-content\/uploads\/2024\/03\/PSA360.webp","type":"image\/webp"}],"twitter_card":"summary_large_image","twitter_misc":{"Gesch\u00e4tzte Lesezeit":"1\u00a0Minute"},"schema":{"@context":"https:\/\/schema.org","@graph":[{"@type":"WebPage","@id":"https:\/\/www.csj-emballages.com\/de\/produit\/25-einweg-suppentoepfe-aus-kraftkarton-350-ml\/","url":"https:\/\/www.csj-emballages.com\/de\/produit\/25-einweg-suppentoepfe-aus-kraftkarton-350-ml\/","name":"Kraft Suppenkrug 350 ml pro 25","isPartOf":{"@id":"https:\/\/www.csj-emballages.com\/de\/#website"},"primaryImageOfPage":{"@id":"https:\/\/www.csj-emballages.com\/de\/produit\/25-einweg-suppentoepfe-aus-kraftkarton-350-ml\/#primaryimage"},"image":{"@id":"https:\/\/www.csj-emballages.com\/de\/produit\/25-einweg-suppentoepfe-aus-kraftkarton-350-ml\/#primaryimage"},"thumbnailUrl":"https:\/\/www.csj-emballages.com\/wp-content\/uploads\/2024\/03\/PSA360.webp","datePublished":"2024-03-01T15:50:22+00:00","dateModified":"2026-04-29T00:16:59+00:00","description":"Kraft-Suppentopf 350 ml pro 25 St\u00fcck: ideal f\u00fcr Profis und Privatpersonen. Widerstandsf\u00e4hig, praktisch und perfekt f\u00fcr den Verkauf zum Mitnehmen oder zu Hause.","breadcrumb":{"@id":"https:\/\/www.csj-emballages.com\/de\/produit\/25-einweg-suppentoepfe-aus-kraftkarton-350-ml\/#breadcrumb"},"inLanguage":"de","potentialAction":[{"@type":"ReadAction","target":["https:\/\/www.csj-emballages.com\/de\/produit\/25-einweg-suppentoepfe-aus-kraftkarton-350-ml\/"]}]},{"@type":"ImageObject","inLanguage":"de","@id":"https:\/\/www.csj-emballages.com\/de\/produit\/25-einweg-suppentoepfe-aus-kraftkarton-350-ml\/#primaryimage","url":"https:\/\/www.csj-emballages.com\/wp-content\/uploads\/2024\/03\/PSA360.webp","contentUrl":"https:\/\/www.csj-emballages.com\/wp-content\/uploads\/2024\/03\/PSA360.webp","width":800,"height":800,"caption":"Pot \u00e0 soupe"},{"@type":"BreadcrumbList","@id":"https:\/\/www.csj-emballages.com\/de\/produit\/25-einweg-suppentoepfe-aus-kraftkarton-350-ml\/#breadcrumb","itemListElement":[{"@type":"ListItem","position":1,"name":"Accueil","item":"https:\/\/www.csj-emballages.com\/de\/universum-lebensmittelverpackungen\/"},{"@type":"ListItem","position":2,"name":"Shop","item":"https:\/\/www.csj-emballages.com\/shop\/"},{"@type":"ListItem","position":3,"name":"Kraftsuppentopf 350 ml pro 25"}]},{"@type":"WebSite","@id":"https:\/\/www.csj-emballages.com\/de\/#website","url":"https:\/\/www.csj-emballages.com\/de\/","name":"CSJ Emballages","description":"","publisher":{"@id":"https:\/\/www.csj-emballages.com\/de\/#organization"},"potentialAction":[{"@type":"SearchAction","target":{"@type":"EntryPoint","urlTemplate":"https:\/\/www.csj-emballages.com\/de\/?s={search_term_string}"},"query-input":{"@type":"PropertyValueSpecification","valueRequired":true,"valueName":"search_term_string"}}],"inLanguage":"de"},{"@type":"Organization","@id":"https:\/\/www.csj-emballages.com\/de\/#Organization\/","name":"CSJ Emballages","url":"https:\/\/www.csj-emballages.com\/de\/","logo":{"@type":"ImageObject","inLanguage":"de","@id":"https:\/\/www.csj-emballages.com\/de\/#\/schema\/logo\/image\/","url":"https:\/\/www.csj-emballages.com\/wp-content\/uploads\/2023\/10\/logo_csj.webp","contentUrl":"https:\/\/www.csj-emballages.com\/wp-content\/uploads\/2023\/10\/logo_csj.webp","width":250,"height":95,"caption":"CSJ Emballages"},"image":{"@id":"https:\/\/www.csj-emballages.com\/de\/#\/schema\/logo\/image\/"},"sameAs":["https:\/\/www.facebook.com\/csjemballages"],"address":{"@type":"PostalAddress","streetAddress":"ZI La Lechere","addressLocality":"Patornay","postalCode":"39130","addressCountry":"FR"},"contactPoint":[{"@type":"ContactPoint","contactType":"Service client","telephone":"0384254272","email":"contact@csj-emballages.com"}]}]}},"df_price":2.58,"df_sale_price":"","df_regular_price":2.58,"df_image_link":"https:\/\/www.csj-emballages.com\/wp-content\/uploads\/2024\/03\/PSA360-300x300.webp","tiered_pricing_type":"fixed","tiered_pricing_fixed_rules":[],"tiered_pricing_percentage_rules":[],"tiered_pricing_minimum":1,"tiered_pricing_roles_data":[],"_links":{"self":[{"href":"https:\/\/www.csj-emballages.com\/de\/wp-json\/wp\/v2\/product\/22766","targetHints":{"allow":["GET"]}}],"collection":[{"href":"https:\/\/www.csj-emballages.com\/de\/wp-json\/wp\/v2\/product"}],"about":[{"href":"https:\/\/www.csj-emballages.com\/de\/wp-json\/wp\/v2\/types\/product"}],"wp:featuredmedia":[{"embeddable":true,"href":"https:\/\/www.csj-emballages.com\/de\/wp-json\/wp\/v2\/media\/231779"}],"wp:attachment":[{"href":"https:\/\/www.csj-emballages.com\/de\/wp-json\/wp\/v2\/media?parent=22766"}],"wp:term":[{"taxonomy":"product_brand","embeddable":true,"href":"https:\/\/www.csj-emballages.com\/de\/wp-json\/wp\/v2\/product_brand?post=22766"},{"taxonomy":"product_cat","embeddable":true,"href":"https:\/\/www.csj-emballages.com\/de\/wp-json\/wp\/v2\/product_cat?post=22766"},{"taxonomy":"product_tag","embeddable":true,"href":"https:\/\/www.csj-emballages.com\/de\/wp-json\/wp\/v2\/product_tag?post=22766"}],"curies":[{"name":"wp","href":"https:\/\/api.w.org\/{rel}","templated":true}]}}