{"id":22761,"date":"2024-03-01T16:50:21","date_gmt":"2024-03-01T15:50:21","guid":{"rendered":"https:\/\/u15jnbdpoq.preview.infomaniak.website\/produit\/25-einweg-suppentoepfe-kraft-960-ml\/"},"modified":"2026-04-29T02:16:57","modified_gmt":"2026-04-29T00:16:57","slug":"25-einweg-suppentoepfe-kraft-960-ml","status":"publish","type":"product","link":"https:\/\/www.csj-emballages.com\/de\/produit\/25-einweg-suppentoepfe-kraft-960-ml\/","title":{"rendered":"Kraft-Suppentopf 960 ml pro 25"},"content":{"rendered":"<div style=\"font-family: Roboto, sans-serif\">\n<div style=\"font-family: Roboto, sans-serif\">\n<div style=\"font-family: Roboto, sans-serif\">\n<h2>Suppentopf<\/h2>\n<hr>\n<h3>Beschreibung von unserem Kraftsuppentopf 960 ml pro 25<\/h3>\n<p><!--more--><\/p>\n<div class=\"flex-shrink-0 flex flex-col relative items-end\">\n<div class=\"pt-0.5 juice:pt-0\">\n<div class=\"gizmo-bot-avatar flex h-6 w-6 items-center justify-center overflow-hidden rounded-full juice:h-8 juice:w-8\">\n<div class=\"relative p-1 rounded-sm flex items-center justify-center bg-token-main-surface-primary text-token-text-primary h-8 w-8\">\n<p class=\"\" data-start=\"170\" data-end=\"492\">Dieser <strong>960-ml-Kraftsuppentopf<\/strong> mit <strong>passendem Deckel (separat erh\u00e4ltlich : <\/strong><span style=\"color: #d12727\"><a style=\"color: #d12727\" href=\"https:\/\/www.csj-emballages.com\/de\/produit\/25-deckel-fuer-kraftsuppentoepfe-psa780k-psa1000k\/\">COUVPSA7801000<\/a><\/span>) ist die ideale L\u00f6sung, um hei\u00dfe Speisen sicher zu servieren. Mit seinem sch\u00f6nen Fassungsverm\u00f6gen eignet er sich perfekt f\u00fcr <strong>gro\u00dfe Portionen<\/strong>: <strong>Suppen<\/strong>, <strong>Velout\u00e9s<\/strong>, &#8230; <\/p>\n<p class=\"\" data-start=\"494\" data-end=\"839\">Hergestellt aus hochwertigem <strong>Kraftkarton<\/strong>, ist er hitzebest\u00e4ndig, wasserdicht und steif zugleich. Er vertr\u00e4gt problemlos fl\u00fcssige oder dickfl\u00fcssige Zubereitungen und h\u00e4lt dabei die Temperatur. Dank des <strong>perfekt sitzenden Deckels<\/strong> ist der Transport sauber und sicher &#8211; kein \u00dcberlaufen, keine b\u00f6sen \u00dcberraschungen bei der Ankunft.  <\/p>\n<p class=\"\" data-start=\"841\" data-end=\"1185\">Dieser <strong>Papptopf<\/strong> wurde f\u00fcr Gastronomen, Caterer, Food Trucks oder Eventveranstalter entwickelt, ist aber auch perfekt f\u00fcr Privatpersonen, die ihre selbstgemachten Gerichte sorgf\u00e4ltig verpacken m\u00f6chten. Sein Design aus <strong>Naturkraft<\/strong> verleiht ihm einen echten Hauch von Authentizit\u00e4t und ist Teil eines verantwortungsvolleren Ansatzes, weg von den klassischen Plastikbeh\u00e4ltern. <\/p>\n<p class=\"\" data-start=\"1187\" data-end=\"1371\">Es ist ein Muss f\u00fcr einen hochwertigen Snack oder ein gut pr\u00e4sentiertes Essen zum Mitnehmen. Es ist sofort einsatzbereit, spart Zeit und sorgt gleichzeitig f\u00fcr ein professionelles und gepflegtes Erscheinungsbild. <\/p>\n<p class=\"\" data-start=\"1373\" data-end=\"1390\">\n<\/div>\n<\/div>\n<\/div>\n<\/div>\n<p><!--more--><\/p>\n<p><strong>Ihre Vorteile :<\/strong><\/p>\n<ul>\n<li>Gro\u00dfz\u00fcgiges Fassungsverm\u00f6gen von 960 ml f\u00fcr komplette Mahlzeiten.<\/li>\n<li>Wird mit Deckeln f\u00fcr einen sicheren Transport verkauft.<\/li>\n<li>Nat\u00fcrlicher, trendiger und umweltfreundlicher Kraft-Look.<\/li>\n<li>Dieser Suppentopf ist ideal f\u00fcr Berufst\u00e4tige.<\/li>\n<\/ul>\n<p>&nbsp;<\/p>\n<p><!--more--><\/p>\n<h4>Weitere Informationen :<\/h4>\n<ul>\n<li><strong>Verpackung<\/strong>: Packung mit 25 St\u00fcck<\/li>\n<li><strong>Durchmesser oben<\/strong>: \u00d811,5 cm<\/li>\n<li><strong>Unterer Durchmesser<\/strong>: \u00d89,2 cm<\/li>\n<li><strong>H\u00f6he<\/strong>: 13 cm<\/li>\n<li><span style=\"font-weight: bold\">Volumen <\/span>: 960 ml<\/li>\n<li><span style=\"font-weight: bold\">Material <\/span>: Karton<\/li>\n<\/ul>\n<\/div>\n<\/div>\n<div style=\"font-family: Roboto, sans-serif\">\n<p>&nbsp;<\/p>\n<\/div>\n<\/div>\n<p><!--more--><\/p>\n<p>Hier finden Sie den passenden Deckel f\u00fcr diesen Suppentopf : <span style=\"color: #d12727\"><a style=\"color: #d12727\" href=\"https:\/\/www.csj-emballages.com\/de\/produit\/25-deckel-fuer-kraftsuppentoepfe-psa780k-psa1000k\/\">COUVPSA7801000<\/a><\/span><\/p>\n<p>&nbsp;<\/p>\n<h5><!--more--><\/h5>\n<div style=\"font-family: Roboto, sans-serif\">\n<div style=\"font-family: Roboto, sans-serif\">\n<div style=\"font-family: Roboto, sans-serif\">\n<p>Dieser Topf ist auch in verschiedenen Gr\u00f6\u00dfen erh\u00e4ltlich : <span style=\"color: #d12727\"><a style=\"color: #d12727\" href=\"https:\/\/www.csj-emballages.com\/produit\/pot-de-glace-kraft-237-ml-par-25\/\">237 ml<\/a><\/span> \/ <span style=\"color: #d12727\"><a style=\"color: #d12727\" href=\"https:\/\/www.csj-emballages.com\/de\/produit\/25-einweg-suppentoepfe-aus-kraftkarton-350-ml\/\">350 ml<\/a><\/span> \/ <span style=\"color: #d12727\"><a style=\"color: #d12727\" href=\"https:\/\/www.csj-emballages.com\/pt-pt\/produit\/25-recipientes-de-sopa-kraft-descartaveis-com-tampa-450-ml\/\">450 ml<\/a><\/span> \/ <span style=\"color: #d12727\"><a style=\"color: #d12727\" href=\"https:\/\/www.csj-emballages.com\/pt-pt\/produit\/panela-de-sopa-kraft-480-ml-por-25\/\">480 ml<\/a><\/span> \/ <span style=\"color: #d12727\"><a style=\"color: #d12727\" href=\"https:\/\/www.csj-emballages.com\/pt-pt\/produit\/25-frascos-de-sopa-kraft-descartaveis-de-780-ml\/\">780 ml<\/a><\/span><\/p>\n<p>&nbsp;<\/p>\n<p><!--more--><\/p>\n<p><a href=\"https:\/\/www.csj-emballages.com\/de\/categorie-produit\/lebensmittelverpackungen\/restauration-de\/topfe-schalen-becherhalter\/kraft-topfe\/suppentopfe\/\">Sehen Sie sich den Rest unseres Sortiments an Suppent\u00f6pfen an<\/a><\/p>\n<\/div>\n<\/div>\n<\/div>\n","protected":false},"excerpt":{"rendered":"<p>Suppentopf Beschreibung von unserem Kraftsuppentopf 960 ml pro 25<\/p>\n","protected":false},"featured_media":231802,"template":"","meta":{"_acf_changed":false},"product_brand":[],"product_cat":[1137,1134,1328,8644],"product_tag":[],"class_list":{"0":"post-22761","1":"product","2":"type-product","3":"status-publish","4":"has-post-thumbnail","6":"product_cat-lebensmittelverpackungen","7":"product_cat-restauration-de","8":"product_cat-kraft-topfe","9":"product_cat-suppentopfe","11":"first","12":"instock","13":"taxable","14":"shipping-taxable","15":"purchasable","16":"product-type-simple"},"acf":[],"yoast_head":"<!-- This site is optimized with the Yoast SEO Premium plugin v26.6 (Yoast SEO v26.6) - https:\/\/yoast.com\/wordpress\/plugins\/seo\/ -->\n<title>Suppenglas Kraft 960 ml pro 25<\/title>\n<meta name=\"description\" content=\"Kraft-Suppentopf 780 ml pro 25 St\u00fcck: ideal f\u00fcr Profis und Privatpersonen. Widerstandsf\u00e4hig, praktisch und perfekt f\u00fcr den Verkauf zum Mitnehmen oder zu Hause.\" \/>\n<meta name=\"robots\" content=\"index, follow, max-snippet:-1, max-image-preview:large, max-video-preview:-1\" \/>\n<link rel=\"canonical\" href=\"https:\/\/www.csj-emballages.com\/de\/produit\/25-einweg-suppentoepfe-kraft-960-ml\/\" \/>\n<meta property=\"og:locale\" content=\"de_DE\" \/>\n<meta property=\"og:type\" content=\"article\" \/>\n<meta property=\"og:title\" content=\"Kraft-Suppentopf 960 ml pro 25\" \/>\n<meta property=\"og:description\" content=\"Kraft-Suppentopf 780 ml pro 25 St\u00fcck: ideal f\u00fcr Profis und Privatpersonen. Widerstandsf\u00e4hig, praktisch und perfekt f\u00fcr den Verkauf zum Mitnehmen oder zu Hause.\" \/>\n<meta property=\"og:url\" content=\"https:\/\/www.csj-emballages.com\/de\/produit\/25-einweg-suppentoepfe-kraft-960-ml\/\" \/>\n<meta property=\"og:site_name\" content=\"CSJ Emballages\" \/>\n<meta property=\"article:publisher\" content=\"https:\/\/www.facebook.com\/csjemballages\" \/>\n<meta property=\"article:modified_time\" content=\"2026-04-29T00:16:57+00:00\" \/>\n<meta property=\"og:image\" content=\"https:\/\/www.csj-emballages.com\/wp-content\/uploads\/2024\/03\/PSA1000K.webp\" \/>\n\t<meta property=\"og:image:width\" content=\"800\" \/>\n\t<meta property=\"og:image:height\" content=\"800\" \/>\n\t<meta property=\"og:image:type\" content=\"image\/webp\" \/>\n<meta name=\"twitter:card\" content=\"summary_large_image\" \/>\n<meta name=\"twitter:label1\" content=\"Gesch\u00e4tzte Lesezeit\" \/>\n\t<meta name=\"twitter:data1\" content=\"1\u00a0Minute\" \/>\n<script type=\"application\/ld+json\" class=\"yoast-schema-graph\">{\"@context\":\"https:\/\/schema.org\",\"@graph\":[{\"@type\":\"WebPage\",\"@id\":\"https:\/\/www.csj-emballages.com\/de\/produit\/25-einweg-suppentoepfe-kraft-960-ml\/\",\"url\":\"https:\/\/www.csj-emballages.com\/de\/produit\/25-einweg-suppentoepfe-kraft-960-ml\/\",\"name\":\"Suppenglas Kraft 960 ml pro 25\",\"isPartOf\":{\"@id\":\"https:\/\/www.csj-emballages.com\/de\/#website\"},\"primaryImageOfPage\":{\"@id\":\"https:\/\/www.csj-emballages.com\/de\/produit\/25-einweg-suppentoepfe-kraft-960-ml\/#primaryimage\"},\"image\":{\"@id\":\"https:\/\/www.csj-emballages.com\/de\/produit\/25-einweg-suppentoepfe-kraft-960-ml\/#primaryimage\"},\"thumbnailUrl\":\"https:\/\/www.csj-emballages.com\/wp-content\/uploads\/2024\/03\/PSA1000K.webp\",\"datePublished\":\"2024-03-01T15:50:21+00:00\",\"dateModified\":\"2026-04-29T00:16:57+00:00\",\"description\":\"Kraft-Suppentopf 780 ml pro 25 St\u00fcck: ideal f\u00fcr Profis und Privatpersonen. Widerstandsf\u00e4hig, praktisch und perfekt f\u00fcr den Verkauf zum Mitnehmen oder zu Hause.\",\"breadcrumb\":{\"@id\":\"https:\/\/www.csj-emballages.com\/de\/produit\/25-einweg-suppentoepfe-kraft-960-ml\/#breadcrumb\"},\"inLanguage\":\"de\",\"potentialAction\":[{\"@type\":\"ReadAction\",\"target\":[\"https:\/\/www.csj-emballages.com\/de\/produit\/25-einweg-suppentoepfe-kraft-960-ml\/\"]}]},{\"@type\":\"ImageObject\",\"inLanguage\":\"de\",\"@id\":\"https:\/\/www.csj-emballages.com\/de\/produit\/25-einweg-suppentoepfe-kraft-960-ml\/#primaryimage\",\"url\":\"https:\/\/www.csj-emballages.com\/wp-content\/uploads\/2024\/03\/PSA1000K.webp\",\"contentUrl\":\"https:\/\/www.csj-emballages.com\/wp-content\/uploads\/2024\/03\/PSA1000K.webp\",\"width\":800,\"height\":800,\"caption\":\"Pot \u00e0 soupe\"},{\"@type\":\"BreadcrumbList\",\"@id\":\"https:\/\/www.csj-emballages.com\/de\/produit\/25-einweg-suppentoepfe-kraft-960-ml\/#breadcrumb\",\"itemListElement\":[{\"@type\":\"ListItem\",\"position\":1,\"name\":\"Accueil\",\"item\":\"https:\/\/www.csj-emballages.com\/de\/universum-lebensmittelverpackungen\/\"},{\"@type\":\"ListItem\",\"position\":2,\"name\":\"Shop\",\"item\":\"https:\/\/www.csj-emballages.com\/shop\/\"},{\"@type\":\"ListItem\",\"position\":3,\"name\":\"Kraft-Suppentopf 960 ml pro 25\"}]},{\"@type\":\"WebSite\",\"@id\":\"https:\/\/www.csj-emballages.com\/de\/#website\",\"url\":\"https:\/\/www.csj-emballages.com\/de\/\",\"name\":\"CSJ Emballages\",\"description\":\"\",\"publisher\":{\"@id\":\"https:\/\/www.csj-emballages.com\/de\/#organization\"},\"potentialAction\":[{\"@type\":\"SearchAction\",\"target\":{\"@type\":\"EntryPoint\",\"urlTemplate\":\"https:\/\/www.csj-emballages.com\/de\/?s={search_term_string}\"},\"query-input\":{\"@type\":\"PropertyValueSpecification\",\"valueRequired\":true,\"valueName\":\"search_term_string\"}}],\"inLanguage\":\"de\"},{\"@type\":\"Organization\",\"@id\":\"https:\/\/www.csj-emballages.com\/de\/#Organization\/\",\"name\":\"CSJ Emballages\",\"url\":\"https:\/\/www.csj-emballages.com\/de\/\",\"logo\":{\"@type\":\"ImageObject\",\"inLanguage\":\"de\",\"@id\":\"https:\/\/www.csj-emballages.com\/de\/#\/schema\/logo\/image\/\",\"url\":\"https:\/\/www.csj-emballages.com\/wp-content\/uploads\/2023\/10\/logo_csj.webp\",\"contentUrl\":\"https:\/\/www.csj-emballages.com\/wp-content\/uploads\/2023\/10\/logo_csj.webp\",\"width\":250,\"height\":95,\"caption\":\"CSJ Emballages\"},\"image\":{\"@id\":\"https:\/\/www.csj-emballages.com\/de\/#\/schema\/logo\/image\/\"},\"sameAs\":[\"https:\/\/www.facebook.com\/csjemballages\"],\"address\":{\"@type\":\"PostalAddress\",\"streetAddress\":\"ZI La Lechere\",\"addressLocality\":\"Patornay\",\"postalCode\":\"39130\",\"addressCountry\":\"FR\"},\"contactPoint\":[{\"@type\":\"ContactPoint\",\"contactType\":\"Service client\",\"telephone\":\"0384254272\",\"email\":\"contact@csj-emballages.com\"}]}]}<\/script>\n<!-- \/ Yoast SEO Premium plugin. -->","yoast_head_json":{"title":"Suppenglas Kraft 960 ml pro 25","description":"Kraft-Suppentopf 780 ml pro 25 St\u00fcck: ideal f\u00fcr Profis und Privatpersonen. Widerstandsf\u00e4hig, praktisch und perfekt f\u00fcr den Verkauf zum Mitnehmen oder zu Hause.","robots":{"index":"index","follow":"follow","max-snippet":"max-snippet:-1","max-image-preview":"max-image-preview:large","max-video-preview":"max-video-preview:-1"},"canonical":"https:\/\/www.csj-emballages.com\/de\/produit\/25-einweg-suppentoepfe-kraft-960-ml\/","og_locale":"de_DE","og_type":"article","og_title":"Kraft-Suppentopf 960 ml pro 25","og_description":"Kraft-Suppentopf 780 ml pro 25 St\u00fcck: ideal f\u00fcr Profis und Privatpersonen. Widerstandsf\u00e4hig, praktisch und perfekt f\u00fcr den Verkauf zum Mitnehmen oder zu Hause.","og_url":"https:\/\/www.csj-emballages.com\/de\/produit\/25-einweg-suppentoepfe-kraft-960-ml\/","og_site_name":"CSJ Emballages","article_publisher":"https:\/\/www.facebook.com\/csjemballages","article_modified_time":"2026-04-29T00:16:57+00:00","og_image":[{"width":800,"height":800,"url":"https:\/\/www.csj-emballages.com\/wp-content\/uploads\/2024\/03\/PSA1000K.webp","type":"image\/webp"}],"twitter_card":"summary_large_image","twitter_misc":{"Gesch\u00e4tzte Lesezeit":"1\u00a0Minute"},"schema":{"@context":"https:\/\/schema.org","@graph":[{"@type":"WebPage","@id":"https:\/\/www.csj-emballages.com\/de\/produit\/25-einweg-suppentoepfe-kraft-960-ml\/","url":"https:\/\/www.csj-emballages.com\/de\/produit\/25-einweg-suppentoepfe-kraft-960-ml\/","name":"Suppenglas Kraft 960 ml pro 25","isPartOf":{"@id":"https:\/\/www.csj-emballages.com\/de\/#website"},"primaryImageOfPage":{"@id":"https:\/\/www.csj-emballages.com\/de\/produit\/25-einweg-suppentoepfe-kraft-960-ml\/#primaryimage"},"image":{"@id":"https:\/\/www.csj-emballages.com\/de\/produit\/25-einweg-suppentoepfe-kraft-960-ml\/#primaryimage"},"thumbnailUrl":"https:\/\/www.csj-emballages.com\/wp-content\/uploads\/2024\/03\/PSA1000K.webp","datePublished":"2024-03-01T15:50:21+00:00","dateModified":"2026-04-29T00:16:57+00:00","description":"Kraft-Suppentopf 780 ml pro 25 St\u00fcck: ideal f\u00fcr Profis und Privatpersonen. Widerstandsf\u00e4hig, praktisch und perfekt f\u00fcr den Verkauf zum Mitnehmen oder zu Hause.","breadcrumb":{"@id":"https:\/\/www.csj-emballages.com\/de\/produit\/25-einweg-suppentoepfe-kraft-960-ml\/#breadcrumb"},"inLanguage":"de","potentialAction":[{"@type":"ReadAction","target":["https:\/\/www.csj-emballages.com\/de\/produit\/25-einweg-suppentoepfe-kraft-960-ml\/"]}]},{"@type":"ImageObject","inLanguage":"de","@id":"https:\/\/www.csj-emballages.com\/de\/produit\/25-einweg-suppentoepfe-kraft-960-ml\/#primaryimage","url":"https:\/\/www.csj-emballages.com\/wp-content\/uploads\/2024\/03\/PSA1000K.webp","contentUrl":"https:\/\/www.csj-emballages.com\/wp-content\/uploads\/2024\/03\/PSA1000K.webp","width":800,"height":800,"caption":"Pot \u00e0 soupe"},{"@type":"BreadcrumbList","@id":"https:\/\/www.csj-emballages.com\/de\/produit\/25-einweg-suppentoepfe-kraft-960-ml\/#breadcrumb","itemListElement":[{"@type":"ListItem","position":1,"name":"Accueil","item":"https:\/\/www.csj-emballages.com\/de\/universum-lebensmittelverpackungen\/"},{"@type":"ListItem","position":2,"name":"Shop","item":"https:\/\/www.csj-emballages.com\/shop\/"},{"@type":"ListItem","position":3,"name":"Kraft-Suppentopf 960 ml pro 25"}]},{"@type":"WebSite","@id":"https:\/\/www.csj-emballages.com\/de\/#website","url":"https:\/\/www.csj-emballages.com\/de\/","name":"CSJ Emballages","description":"","publisher":{"@id":"https:\/\/www.csj-emballages.com\/de\/#organization"},"potentialAction":[{"@type":"SearchAction","target":{"@type":"EntryPoint","urlTemplate":"https:\/\/www.csj-emballages.com\/de\/?s={search_term_string}"},"query-input":{"@type":"PropertyValueSpecification","valueRequired":true,"valueName":"search_term_string"}}],"inLanguage":"de"},{"@type":"Organization","@id":"https:\/\/www.csj-emballages.com\/de\/#Organization\/","name":"CSJ Emballages","url":"https:\/\/www.csj-emballages.com\/de\/","logo":{"@type":"ImageObject","inLanguage":"de","@id":"https:\/\/www.csj-emballages.com\/de\/#\/schema\/logo\/image\/","url":"https:\/\/www.csj-emballages.com\/wp-content\/uploads\/2023\/10\/logo_csj.webp","contentUrl":"https:\/\/www.csj-emballages.com\/wp-content\/uploads\/2023\/10\/logo_csj.webp","width":250,"height":95,"caption":"CSJ Emballages"},"image":{"@id":"https:\/\/www.csj-emballages.com\/de\/#\/schema\/logo\/image\/"},"sameAs":["https:\/\/www.facebook.com\/csjemballages"],"address":{"@type":"PostalAddress","streetAddress":"ZI La Lechere","addressLocality":"Patornay","postalCode":"39130","addressCountry":"FR"},"contactPoint":[{"@type":"ContactPoint","contactType":"Service client","telephone":"0384254272","email":"contact@csj-emballages.com"}]}]}},"df_price":4.78,"df_sale_price":"","df_regular_price":4.78,"df_image_link":"https:\/\/www.csj-emballages.com\/wp-content\/uploads\/2024\/03\/PSA1000K-300x300.webp","tiered_pricing_type":"fixed","tiered_pricing_fixed_rules":[],"tiered_pricing_percentage_rules":[],"tiered_pricing_minimum":1,"tiered_pricing_roles_data":[],"_links":{"self":[{"href":"https:\/\/www.csj-emballages.com\/de\/wp-json\/wp\/v2\/product\/22761","targetHints":{"allow":["GET"]}}],"collection":[{"href":"https:\/\/www.csj-emballages.com\/de\/wp-json\/wp\/v2\/product"}],"about":[{"href":"https:\/\/www.csj-emballages.com\/de\/wp-json\/wp\/v2\/types\/product"}],"wp:featuredmedia":[{"embeddable":true,"href":"https:\/\/www.csj-emballages.com\/de\/wp-json\/wp\/v2\/media\/231802"}],"wp:attachment":[{"href":"https:\/\/www.csj-emballages.com\/de\/wp-json\/wp\/v2\/media?parent=22761"}],"wp:term":[{"taxonomy":"product_brand","embeddable":true,"href":"https:\/\/www.csj-emballages.com\/de\/wp-json\/wp\/v2\/product_brand?post=22761"},{"taxonomy":"product_cat","embeddable":true,"href":"https:\/\/www.csj-emballages.com\/de\/wp-json\/wp\/v2\/product_cat?post=22761"},{"taxonomy":"product_tag","embeddable":true,"href":"https:\/\/www.csj-emballages.com\/de\/wp-json\/wp\/v2\/product_tag?post=22761"}],"curies":[{"name":"wp","href":"https:\/\/api.w.org\/{rel}","templated":true}]}}