{"id":22733,"date":"2024-03-01T16:50:23","date_gmt":"2024-03-01T15:50:23","guid":{"rendered":"https:\/\/u15jnbdpoq.preview.infomaniak.website\/produit\/10-aluminiumpraesentationsschalen-345-x-250-mm\/"},"modified":"2026-03-26T02:15:49","modified_gmt":"2026-03-26T01:15:49","slug":"10-aluminiumpraesentationsschalen-345-x-250-mm","status":"publish","type":"product","link":"https:\/\/www.csj-emballages.com\/de\/produit\/10-aluminiumpraesentationsschalen-345-x-250-mm\/","title":{"rendered":"Aluminiumplatte Pr\u00e4sentation 345 x 250 mm pro 10"},"content":{"rendered":"<h2>Aluminium-Tablett<\/h2>\n<hr>\n<h3>Beschreibung von unserem Aluminium Tablett Pr\u00e4sentation 345 x 250 mm pro 10<\/h3>\n<p><!--more--><\/p>\n<p data-start=\"0\" data-end=\"398\">Das <strong data-start=\"30\" data-end=\"80\">Aluminiumtablett 345 x 250 mm<\/strong> ist ein Muss f\u00fcr alle Caterer, Restaurantbesitzer und Privatpersonen, die ihre Buffets und Empf\u00e4nge aufwerten m\u00f6chten. Das elegante Design und die gl\u00e4nzende Oberfl\u00e4che bieten eine gepflegte und professionelle Pr\u00e4sentation f\u00fcr alle Arten von Speisen: <strong data-start=\"323\" data-end=\"395\">Petit Fours, Wurstwaren, K\u00e4se, Geb\u00e4ck oder Feinkostgerichte<\/strong>. <\/p>\n<p data-start=\"400\" data-end=\"698\">Die aus <strong>Aluminium<\/strong> gefertigten <strong>Buffetplatten<\/strong> sind leicht und gleichzeitig robust, sodass sie leicht zu handhaben sind und gleichzeitig eine hohe Belastbarkeit aufweisen. Sie wird im 10er-Set angeboten und vereinfacht die Organisation von Veranstaltungen, w\u00e4hrend sie gleichzeitig optimale Hygiene gew\u00e4hrleistet. <\/p>\n<p data-start=\"700\" data-end=\"873\">Dank seines Formats von <strong data-start=\"722\" data-end=\"738\">345 x 250 mm<\/strong> passt es sich perfekt an die Bed\u00fcrfnisse von Gastronomiefachleuten und Privatpersonen an, die Mahlzeiten oder Buffets organisieren.<\/p>\n<p>&nbsp;<\/p>\n<p><!--more--><\/p>\n<h4>Ihre Vorteile :<\/h4>\n<ul>\n<li data-start=\"893\" data-end=\"986\"><strong data-start=\"895\" data-end=\"920\">Elegante Pr\u00e4sentation<\/strong>: Ideal, um Ihre Gerichte bei Buffets und Empf\u00e4ngen aufzuwerten.<\/li>\n<li data-start=\"987\" data-end=\"1070\"><strong data-start=\"989\" data-end=\"1009\">Robustes Material<\/strong>: Dank des Aluminiumdesigns ist es widerstandsf\u00e4hig und leicht, sodass es sich leicht transportieren l\u00e4sst.<\/li>\n<li data-start=\"1071\" data-end=\"1152\"><strong data-start=\"1073\" data-end=\"1093\">Vielseitige Verwendung<\/strong>: Geeignet f\u00fcr Caterer, Restaurants und Privathaushalte.<\/li>\n<\/ul>\n<p>&nbsp;<\/p>\n<p><!--more--><\/p>\n<h4>Weitere Informationen :<\/h4>\n<ul>\n<li><strong>Verpackung<\/strong>: Packung mit 10 St\u00fcck<\/li>\n<li><strong>Abmessungen<\/strong>: 345 x 250 x 23 ( L x B x H in mm )<\/li>\n<li><strong>Material<\/strong>: Aluminium<\/li>\n<\/ul>\n<p>&nbsp;<\/p>\n<p><!--more--><\/p>\n<p>Dieses Produkt wird in verschiedenen Gr\u00f6\u00dfen angeboten: <span style=\"color: #d12727\"><a style=\"color: #d12727\" href=\"https:\/\/www.csj-emballages.com\/produit\/10-plateaux-presentations-aluminium-430-x-286-mm\/\">430 x 286 mm<\/a><\/span> \/ <span style=\"color: #d12727\"><a style=\"color: #d12727\" href=\"https:\/\/www.csj-emballages.com\/produit\/10-plateaux-presentations-aluminium-545-x-372-mm\/\">545 x 372 mm<\/a><\/span><\/p>\n<p>&nbsp;<\/p>\n<p><!--more--><\/p>\n<p><a href=\"https:\/\/www.csj-emballages.com\/de\/categorie-produit\/lebensmittelverpackungen\/metzgerei-und-feinkostgeschaft\/schalen-dosen-und-glaser\/aluminiumschalen-schalen-formen-tabletts-becher-auflaufformen-tortenschalen\/prasentationsschalen\/\">Sehen Sie sich den Rest unseres Sortiments an Aluminium-Pr\u00e4sentationsschalen an<\/a><\/p>\n","protected":false},"excerpt":{"rendered":"<p>Aluminium-Tablett Beschreibung von unserem Aluminium Tablett Pr\u00e4sentation 345 x 250 mm pro 10<\/p>\n","protected":false},"featured_media":228202,"template":"","meta":{"_acf_changed":false},"product_brand":[],"product_cat":[1170,1997,3196,2881,1279],"product_tag":[],"class_list":{"0":"post-22733","1":"product","2":"type-product","3":"status-publish","4":"has-post-thumbnail","6":"product_cat-metzgerei-und-feinkostgeschaft","7":"product_cat-aluminiumschalen-schalen-formen-tabletts-becher-auflaufformen-tortenschalen","8":"product_cat-prasentationsschalen","9":"product_cat-mignardises-platten-verrines","10":"product_cat-schalen-topfe-glaser","12":"first","13":"instock","14":"taxable","15":"shipping-taxable","16":"purchasable","17":"product-type-simple"},"acf":[],"yoast_head":"<!-- This site is optimized with the Yoast SEO Premium plugin v26.6 (Yoast SEO v26.6) - https:\/\/yoast.com\/wordpress\/plugins\/seo\/ -->\n<title>Aluminiumplatte Pr\u00e4sentation 345 x 250 mm pro 10 St\u00fcck<\/title>\n<meta name=\"description\" content=\"Aluminiumtablett 345 x 250 mm pro 10 St\u00fcck, ideal f\u00fcr die Pr\u00e4sentation von Buffets und Feinkostgerichten. Leicht, robust und hygienisch.\" \/>\n<meta name=\"robots\" content=\"index, follow, max-snippet:-1, max-image-preview:large, max-video-preview:-1\" \/>\n<link rel=\"canonical\" href=\"https:\/\/www.csj-emballages.com\/de\/produit\/10-aluminiumpraesentationsschalen-345-x-250-mm\/\" \/>\n<meta property=\"og:locale\" content=\"de_DE\" \/>\n<meta property=\"og:type\" content=\"article\" \/>\n<meta property=\"og:title\" content=\"Aluminiumplatte Pr\u00e4sentation 345 x 250 mm pro 10\" \/>\n<meta property=\"og:description\" content=\"Aluminiumtablett 345 x 250 mm pro 10 St\u00fcck, ideal f\u00fcr die Pr\u00e4sentation von Buffets und Feinkostgerichten. Leicht, robust und hygienisch.\" \/>\n<meta property=\"og:url\" content=\"https:\/\/www.csj-emballages.com\/de\/produit\/10-aluminiumpraesentationsschalen-345-x-250-mm\/\" \/>\n<meta property=\"og:site_name\" content=\"CSJ Emballages\" \/>\n<meta property=\"article:publisher\" content=\"https:\/\/www.facebook.com\/csjemballages\" \/>\n<meta property=\"article:modified_time\" content=\"2026-03-26T01:15:49+00:00\" \/>\n<meta property=\"og:image\" content=\"https:\/\/www.csj-emballages.com\/wp-content\/uploads\/2024\/03\/PP-350.webp\" \/>\n\t<meta property=\"og:image:width\" content=\"800\" \/>\n\t<meta property=\"og:image:height\" content=\"800\" \/>\n\t<meta property=\"og:image:type\" content=\"image\/webp\" \/>\n<meta name=\"twitter:card\" content=\"summary_large_image\" \/>\n<meta name=\"twitter:label1\" content=\"Gesch\u00e4tzte Lesezeit\" \/>\n\t<meta name=\"twitter:data1\" content=\"1\u00a0Minute\" \/>\n<script type=\"application\/ld+json\" class=\"yoast-schema-graph\">{\"@context\":\"https:\/\/schema.org\",\"@graph\":[{\"@type\":\"WebPage\",\"@id\":\"https:\/\/www.csj-emballages.com\/de\/produit\/10-aluminiumpraesentationsschalen-345-x-250-mm\/\",\"url\":\"https:\/\/www.csj-emballages.com\/de\/produit\/10-aluminiumpraesentationsschalen-345-x-250-mm\/\",\"name\":\"Aluminiumplatte Pr\u00e4sentation 345 x 250 mm pro 10 St\u00fcck\",\"isPartOf\":{\"@id\":\"https:\/\/www.csj-emballages.com\/de\/#website\"},\"primaryImageOfPage\":{\"@id\":\"https:\/\/www.csj-emballages.com\/de\/produit\/10-aluminiumpraesentationsschalen-345-x-250-mm\/#primaryimage\"},\"image\":{\"@id\":\"https:\/\/www.csj-emballages.com\/de\/produit\/10-aluminiumpraesentationsschalen-345-x-250-mm\/#primaryimage\"},\"thumbnailUrl\":\"https:\/\/www.csj-emballages.com\/wp-content\/uploads\/2024\/03\/PP-350.webp\",\"datePublished\":\"2024-03-01T15:50:23+00:00\",\"dateModified\":\"2026-03-26T01:15:49+00:00\",\"description\":\"Aluminiumtablett 345 x 250 mm pro 10 St\u00fcck, ideal f\u00fcr die Pr\u00e4sentation von Buffets und Feinkostgerichten. Leicht, robust und hygienisch.\",\"breadcrumb\":{\"@id\":\"https:\/\/www.csj-emballages.com\/de\/produit\/10-aluminiumpraesentationsschalen-345-x-250-mm\/#breadcrumb\"},\"inLanguage\":\"de\",\"potentialAction\":[{\"@type\":\"ReadAction\",\"target\":[\"https:\/\/www.csj-emballages.com\/de\/produit\/10-aluminiumpraesentationsschalen-345-x-250-mm\/\"]}]},{\"@type\":\"ImageObject\",\"inLanguage\":\"de\",\"@id\":\"https:\/\/www.csj-emballages.com\/de\/produit\/10-aluminiumpraesentationsschalen-345-x-250-mm\/#primaryimage\",\"url\":\"https:\/\/www.csj-emballages.com\/wp-content\/uploads\/2024\/03\/PP-350.webp\",\"contentUrl\":\"https:\/\/www.csj-emballages.com\/wp-content\/uploads\/2024\/03\/PP-350.webp\",\"width\":800,\"height\":800,\"caption\":\"Plateau aluminium\"},{\"@type\":\"BreadcrumbList\",\"@id\":\"https:\/\/www.csj-emballages.com\/de\/produit\/10-aluminiumpraesentationsschalen-345-x-250-mm\/#breadcrumb\",\"itemListElement\":[{\"@type\":\"ListItem\",\"position\":1,\"name\":\"Accueil\",\"item\":\"https:\/\/www.csj-emballages.com\/de\/universum-lebensmittelverpackungen\/\"},{\"@type\":\"ListItem\",\"position\":2,\"name\":\"Shop\",\"item\":\"https:\/\/www.csj-emballages.com\/shop\/\"},{\"@type\":\"ListItem\",\"position\":3,\"name\":\"Aluminiumplatte Pr\u00e4sentation 345 x 250 mm pro 10\"}]},{\"@type\":\"WebSite\",\"@id\":\"https:\/\/www.csj-emballages.com\/de\/#website\",\"url\":\"https:\/\/www.csj-emballages.com\/de\/\",\"name\":\"CSJ Emballages\",\"description\":\"\",\"publisher\":{\"@id\":\"https:\/\/www.csj-emballages.com\/de\/#organization\"},\"potentialAction\":[{\"@type\":\"SearchAction\",\"target\":{\"@type\":\"EntryPoint\",\"urlTemplate\":\"https:\/\/www.csj-emballages.com\/de\/?s={search_term_string}\"},\"query-input\":{\"@type\":\"PropertyValueSpecification\",\"valueRequired\":true,\"valueName\":\"search_term_string\"}}],\"inLanguage\":\"de\"},{\"@type\":\"Organization\",\"@id\":\"https:\/\/www.csj-emballages.com\/de\/#Organization\/\",\"name\":\"CSJ Emballages\",\"url\":\"https:\/\/www.csj-emballages.com\/de\/\",\"logo\":{\"@type\":\"ImageObject\",\"inLanguage\":\"de\",\"@id\":\"https:\/\/www.csj-emballages.com\/de\/#\/schema\/logo\/image\/\",\"url\":\"https:\/\/www.csj-emballages.com\/wp-content\/uploads\/2023\/10\/logo_csj.webp\",\"contentUrl\":\"https:\/\/www.csj-emballages.com\/wp-content\/uploads\/2023\/10\/logo_csj.webp\",\"width\":250,\"height\":95,\"caption\":\"CSJ Emballages\"},\"image\":{\"@id\":\"https:\/\/www.csj-emballages.com\/de\/#\/schema\/logo\/image\/\"},\"sameAs\":[\"https:\/\/www.facebook.com\/csjemballages\"],\"address\":{\"@type\":\"PostalAddress\",\"streetAddress\":\"ZI La Lechere\",\"addressLocality\":\"Patornay\",\"postalCode\":\"39130\",\"addressCountry\":\"FR\"},\"contactPoint\":[{\"@type\":\"ContactPoint\",\"contactType\":\"Service client\",\"telephone\":\"0384254272\",\"email\":\"contact@csj-emballages.com\"}]}]}<\/script>\n<!-- \/ Yoast SEO Premium plugin. -->","yoast_head_json":{"title":"Aluminiumplatte Pr\u00e4sentation 345 x 250 mm pro 10 St\u00fcck","description":"Aluminiumtablett 345 x 250 mm pro 10 St\u00fcck, ideal f\u00fcr die Pr\u00e4sentation von Buffets und Feinkostgerichten. Leicht, robust und hygienisch.","robots":{"index":"index","follow":"follow","max-snippet":"max-snippet:-1","max-image-preview":"max-image-preview:large","max-video-preview":"max-video-preview:-1"},"canonical":"https:\/\/www.csj-emballages.com\/de\/produit\/10-aluminiumpraesentationsschalen-345-x-250-mm\/","og_locale":"de_DE","og_type":"article","og_title":"Aluminiumplatte Pr\u00e4sentation 345 x 250 mm pro 10","og_description":"Aluminiumtablett 345 x 250 mm pro 10 St\u00fcck, ideal f\u00fcr die Pr\u00e4sentation von Buffets und Feinkostgerichten. Leicht, robust und hygienisch.","og_url":"https:\/\/www.csj-emballages.com\/de\/produit\/10-aluminiumpraesentationsschalen-345-x-250-mm\/","og_site_name":"CSJ Emballages","article_publisher":"https:\/\/www.facebook.com\/csjemballages","article_modified_time":"2026-03-26T01:15:49+00:00","og_image":[{"width":800,"height":800,"url":"https:\/\/www.csj-emballages.com\/wp-content\/uploads\/2024\/03\/PP-350.webp","type":"image\/webp"}],"twitter_card":"summary_large_image","twitter_misc":{"Gesch\u00e4tzte Lesezeit":"1\u00a0Minute"},"schema":{"@context":"https:\/\/schema.org","@graph":[{"@type":"WebPage","@id":"https:\/\/www.csj-emballages.com\/de\/produit\/10-aluminiumpraesentationsschalen-345-x-250-mm\/","url":"https:\/\/www.csj-emballages.com\/de\/produit\/10-aluminiumpraesentationsschalen-345-x-250-mm\/","name":"Aluminiumplatte Pr\u00e4sentation 345 x 250 mm pro 10 St\u00fcck","isPartOf":{"@id":"https:\/\/www.csj-emballages.com\/de\/#website"},"primaryImageOfPage":{"@id":"https:\/\/www.csj-emballages.com\/de\/produit\/10-aluminiumpraesentationsschalen-345-x-250-mm\/#primaryimage"},"image":{"@id":"https:\/\/www.csj-emballages.com\/de\/produit\/10-aluminiumpraesentationsschalen-345-x-250-mm\/#primaryimage"},"thumbnailUrl":"https:\/\/www.csj-emballages.com\/wp-content\/uploads\/2024\/03\/PP-350.webp","datePublished":"2024-03-01T15:50:23+00:00","dateModified":"2026-03-26T01:15:49+00:00","description":"Aluminiumtablett 345 x 250 mm pro 10 St\u00fcck, ideal f\u00fcr die Pr\u00e4sentation von Buffets und Feinkostgerichten. Leicht, robust und hygienisch.","breadcrumb":{"@id":"https:\/\/www.csj-emballages.com\/de\/produit\/10-aluminiumpraesentationsschalen-345-x-250-mm\/#breadcrumb"},"inLanguage":"de","potentialAction":[{"@type":"ReadAction","target":["https:\/\/www.csj-emballages.com\/de\/produit\/10-aluminiumpraesentationsschalen-345-x-250-mm\/"]}]},{"@type":"ImageObject","inLanguage":"de","@id":"https:\/\/www.csj-emballages.com\/de\/produit\/10-aluminiumpraesentationsschalen-345-x-250-mm\/#primaryimage","url":"https:\/\/www.csj-emballages.com\/wp-content\/uploads\/2024\/03\/PP-350.webp","contentUrl":"https:\/\/www.csj-emballages.com\/wp-content\/uploads\/2024\/03\/PP-350.webp","width":800,"height":800,"caption":"Plateau aluminium"},{"@type":"BreadcrumbList","@id":"https:\/\/www.csj-emballages.com\/de\/produit\/10-aluminiumpraesentationsschalen-345-x-250-mm\/#breadcrumb","itemListElement":[{"@type":"ListItem","position":1,"name":"Accueil","item":"https:\/\/www.csj-emballages.com\/de\/universum-lebensmittelverpackungen\/"},{"@type":"ListItem","position":2,"name":"Shop","item":"https:\/\/www.csj-emballages.com\/shop\/"},{"@type":"ListItem","position":3,"name":"Aluminiumplatte Pr\u00e4sentation 345 x 250 mm pro 10"}]},{"@type":"WebSite","@id":"https:\/\/www.csj-emballages.com\/de\/#website","url":"https:\/\/www.csj-emballages.com\/de\/","name":"CSJ Emballages","description":"","publisher":{"@id":"https:\/\/www.csj-emballages.com\/de\/#organization"},"potentialAction":[{"@type":"SearchAction","target":{"@type":"EntryPoint","urlTemplate":"https:\/\/www.csj-emballages.com\/de\/?s={search_term_string}"},"query-input":{"@type":"PropertyValueSpecification","valueRequired":true,"valueName":"search_term_string"}}],"inLanguage":"de"},{"@type":"Organization","@id":"https:\/\/www.csj-emballages.com\/de\/#Organization\/","name":"CSJ Emballages","url":"https:\/\/www.csj-emballages.com\/de\/","logo":{"@type":"ImageObject","inLanguage":"de","@id":"https:\/\/www.csj-emballages.com\/de\/#\/schema\/logo\/image\/","url":"https:\/\/www.csj-emballages.com\/wp-content\/uploads\/2023\/10\/logo_csj.webp","contentUrl":"https:\/\/www.csj-emballages.com\/wp-content\/uploads\/2023\/10\/logo_csj.webp","width":250,"height":95,"caption":"CSJ Emballages"},"image":{"@id":"https:\/\/www.csj-emballages.com\/de\/#\/schema\/logo\/image\/"},"sameAs":["https:\/\/www.facebook.com\/csjemballages"],"address":{"@type":"PostalAddress","streetAddress":"ZI La Lechere","addressLocality":"Patornay","postalCode":"39130","addressCountry":"FR"},"contactPoint":[{"@type":"ContactPoint","contactType":"Service client","telephone":"0384254272","email":"contact@csj-emballages.com"}]}]}},"df_price":4.16,"df_sale_price":"","df_regular_price":4.16,"df_image_link":"https:\/\/www.csj-emballages.com\/wp-content\/uploads\/2024\/03\/PP-350-300x300.webp","tiered_pricing_type":"fixed","tiered_pricing_fixed_rules":[],"tiered_pricing_percentage_rules":[],"tiered_pricing_minimum":1,"tiered_pricing_roles_data":[],"_links":{"self":[{"href":"https:\/\/www.csj-emballages.com\/de\/wp-json\/wp\/v2\/product\/22733","targetHints":{"allow":["GET"]}}],"collection":[{"href":"https:\/\/www.csj-emballages.com\/de\/wp-json\/wp\/v2\/product"}],"about":[{"href":"https:\/\/www.csj-emballages.com\/de\/wp-json\/wp\/v2\/types\/product"}],"wp:featuredmedia":[{"embeddable":true,"href":"https:\/\/www.csj-emballages.com\/de\/wp-json\/wp\/v2\/media\/228202"}],"wp:attachment":[{"href":"https:\/\/www.csj-emballages.com\/de\/wp-json\/wp\/v2\/media?parent=22733"}],"wp:term":[{"taxonomy":"product_brand","embeddable":true,"href":"https:\/\/www.csj-emballages.com\/de\/wp-json\/wp\/v2\/product_brand?post=22733"},{"taxonomy":"product_cat","embeddable":true,"href":"https:\/\/www.csj-emballages.com\/de\/wp-json\/wp\/v2\/product_cat?post=22733"},{"taxonomy":"product_tag","embeddable":true,"href":"https:\/\/www.csj-emballages.com\/de\/wp-json\/wp\/v2\/product_tag?post=22733"}],"curies":[{"name":"wp","href":"https:\/\/api.w.org\/{rel}","templated":true}]}}