{"id":22724,"date":"2024-03-01T16:50:22","date_gmt":"2024-03-01T15:50:22","guid":{"rendered":"https:\/\/u15jnbdpoq.preview.infomaniak.website\/produit\/3000-beutel-buendel-mit-versetzter-oeffnung-350-x-500-mm-21-mikron\/"},"modified":"2026-04-21T02:15:45","modified_gmt":"2026-04-21T00:15:45","slug":"3000-beutel-buendel-mit-versetzter-oeffnung-350-x-500-mm-21-mikron","status":"publish","type":"product","link":"https:\/\/www.csj-emballages.com\/de\/produit\/3000-beutel-buendel-mit-versetzter-oeffnung-350-x-500-mm-21-mikron\/","title":{"rendered":"B\u00fcndelbeutel mit versetzter \u00d6ffnung 350 x 500 mm 21 Mikron pro 3000"},"content":{"rendered":"<h2>B\u00fcndeltasche<\/h2>\n<hr>\n<h3>Beschreibung von Bundtasche mit versetzter \u00d6ffnung 350 x 500 mm 21 Mikron pro 3000 St\u00fcck<\/h3>\n<p><!--more--><\/p>\n<p data-start=\"262\" data-end=\"704\">Der <strong>Blockbeutel mit versetzter \u00d6ffnung 350 x 500 mm aus 21 Mikron<\/strong> ist eine praktische, wirtschaftliche und perfekt auf die Bed\u00fcrfnisse von Fachleuten aus <strong>Lebensmittelindustrie, Handel, Industrie und Verwaltungsdienstleistungen<\/strong> zugeschnittene Verpackungsl\u00f6sung. Da er f\u00fcr eine schnelle und wiederholte Handhabung konzipiert wurde, wird dieser <strong>Beutel<\/strong> als <strong>Block<\/strong> geliefert, was eine erhebliche Zeitersparnis bei der Vorbereitung, Verpackung oder Lagerung von Produkten gew\u00e4hrleistet. <\/p>\n<p data-start=\"706\" data-end=\"1046\">Seine <strong>versetzte \u00d6ffnung<\/strong> erm\u00f6glicht ein einfaches Trennen der Beutel, was die Benutzerfreundlichkeit verbessert, insbesondere in Umgebungen mit hoher Taktzahl. Hergestellt aus <strong>Polyethylen niedriger Dichte (PE-LD)<\/strong> von <strong>21 Mikron<\/strong>, bietet er eine gute Flexibilit\u00e4t und gew\u00e4hrleistet gleichzeitig eine ausreichende Rei\u00dffestigkeit f\u00fcr die Verpackung von leichten bis mittelschweren Produkten. <\/p>\n<p data-start=\"1048\" data-end=\"1442\">Mit seinen <strong>Abmessungen von 350 x 500 mm<\/strong> ist dieser Beutel ideal f\u00fcr die Verpackung von <strong>gro\u00dfen Teilen, Komponenten, Schrauben, Zubeh\u00f6r oder trockenen Lebensmitteln<\/strong>, sowie f\u00fcr den Einsatz in <strong>Labor, Werkstatt oder Gesch\u00e4ft<\/strong>. Ebenso erm\u00f6glicht seine Transparenz eine schnelle Identifizierung des Inhalts, was die Lagerverwaltung und die visuelle Kontrolle ohne \u00d6ffnen des Beutels erleichtert. <\/p>\n<p data-start=\"1444\" data-end=\"1798\">Verpackt zu <strong>3.000 St\u00fcck<\/strong>, ist dieser <strong>Blockbeutel<\/strong> besonders geeignet f\u00fcr Unternehmen mit hohem Verbrauchsvolumen. Dar\u00fcber hinaus erm\u00f6glicht dieses Format eine Reduzierung der St\u00fcckkosten, eine Optimierung der Lagerhaltung und eine Sicherstellung der Lieferkontinuit\u00e4t. Zusammenfassend ist er eine zuverl\u00e4ssige L\u00f6sung f\u00fcr den intensiven t\u00e4glichen Gebrauch.  <\/p>\n<p>&nbsp;<\/p>\n<p><!--more--><\/p>\n<h4>Vorteile :<\/h4>\n<ul>\n<li>Die Blockbeutel sind miteinander verbunden, was eine schnelle und geordnete Entnahme erm\u00f6glicht.<\/li>\n<li>Die Blockbeutel sind geb\u00fcndelt, was deren Lagerung und Verwaltung erleichtert.<\/li>\n<li>Erh\u00e4ltlich in verschiedenen Gr\u00f6\u00dfen und Materialien je nach Benutzerbedarf.<\/li>\n<li>Die Beutel bieten eine Schutzbarriere gegen Schmutz und Verunreinigungen, wodurch die Frische der Produkte gew\u00e4hrleistet wird.<\/li>\n<\/ul>\n<p>&nbsp;<\/p>\n<p><!--more--><\/p>\n<p><strong>Weitere Informationen :  <\/strong><\/p>\n<ul>\n<li><strong>Ma\u00dfe<\/strong>: 350 x 500 mm<\/li>\n<li><strong>Material<\/strong>: HDPE<\/li>\n<li><strong>Verpackung<\/strong>: Packung mit 3000<\/li>\n<li><strong>Widerstand<\/strong>: 21 Mikron<\/li>\n<\/ul>\n<p>&nbsp;<\/p>\n<p><!--more--><\/p>\n<p>Dieser Blockbeutel mit versetzter \u00d6ffnung ist in verschiedenen Gr\u00f6\u00dfen erh\u00e4ltlich: <span style=\"color: #d62727;\"><a style=\"color: #d62727;\" href=\"https:\/\/www.csj-emballages.com\/produit\/5000-sacs-liasse-ouverture-decalee-170-x-220-mm-21-microns\/\">170&#215;220 mm<\/a><\/span> \/ <span style=\"color: #d62727;\"><a style=\"color: #d62727;\" href=\"https:\/\/www.csj-emballages.com\/es\/produit\/5000-bolsas-de-apertura-descentrada-230-x-310-mm-21-micras\/\">23&#215;310 mm<\/a> \/ <a style=\"color: #d62727;\" href=\"https:\/\/www.csj-emballages.com\/produit\/5000-sacs-liasse-ouverture-decalee-300-x-350-mm-21-microns\/\">300&#215;350 mm<\/a><\/span><\/p>\n<p>&nbsp;<\/p>\n<p><!--more--><\/p>\n<p><a href=\"https:\/\/u15jnbdpoq.preview.infomaniak.website\/categorie-produit\/emballages\/boucherie-traiteur-primeur\/sacs-et-sachets\/sacs-liasses-fond-de-caisse\/\">Sehen Sie sich den Rest unseres Sortiments an B\u00fcndelbeuteln an.<\/a><\/p>\n","protected":false},"excerpt":{"rendered":"<p>B\u00fcndeltasche Beschreibung von Bundtasche mit versetzter \u00d6ffnung 350 x 500 mm 21 Mikron pro 3000 St\u00fcck<\/p>\n","protected":false},"featured_media":209290,"template":"","meta":{"_acf_changed":false},"product_brand":[],"product_cat":[1170,2624],"product_tag":[],"class_list":{"0":"post-22724","1":"product","2":"type-product","3":"status-publish","4":"has-post-thumbnail","6":"product_cat-metzgerei-und-feinkostgeschaft","7":"product_cat-beutel-boden","9":"first","10":"instock","11":"taxable","12":"shipping-taxable","13":"purchasable","14":"product-type-simple"},"acf":[],"yoast_head":"<!-- This site is optimized with the Yoast SEO Premium plugin v26.6 (Yoast SEO v26.6) - https:\/\/yoast.com\/wordpress\/plugins\/seo\/ -->\n<title>Liassetasche mit versetzter \u00d6ffnung 21 Mikron - 350 x 500 mm<\/title>\n<meta name=\"description\" content=\"B\u00fcndelbeutel 350 x 500 mm, 21 Mikron, versetzte \u00d6ffnung. Praktisch, strapazierf\u00e4hig und preiswert, verpackt in Packungen zu 3000 St\u00fcck.\" \/>\n<meta name=\"robots\" content=\"index, follow, max-snippet:-1, max-image-preview:large, max-video-preview:-1\" \/>\n<link rel=\"canonical\" href=\"https:\/\/www.csj-emballages.com\/de\/produit\/3000-beutel-buendel-mit-versetzter-oeffnung-350-x-500-mm-21-mikron\/\" \/>\n<meta property=\"og:locale\" content=\"de_DE\" \/>\n<meta property=\"og:type\" content=\"article\" \/>\n<meta property=\"og:title\" content=\"B\u00fcndelbeutel mit versetzter \u00d6ffnung 350 x 500 mm 21 Mikron pro 3000\" \/>\n<meta property=\"og:description\" content=\"B\u00fcndelbeutel 350 x 500 mm, 21 Mikron, versetzte \u00d6ffnung. Praktisch, strapazierf\u00e4hig und preiswert, verpackt in Packungen zu 3000 St\u00fcck.\" \/>\n<meta property=\"og:url\" content=\"https:\/\/www.csj-emballages.com\/de\/produit\/3000-beutel-buendel-mit-versetzter-oeffnung-350-x-500-mm-21-mikron\/\" \/>\n<meta property=\"og:site_name\" content=\"CSJ Emballages\" \/>\n<meta property=\"article:publisher\" content=\"https:\/\/www.facebook.com\/csjemballages\" \/>\n<meta property=\"article:modified_time\" content=\"2026-04-21T00:15:45+00:00\" \/>\n<meta property=\"og:image\" content=\"https:\/\/www.csj-emballages.com\/wp-content\/uploads\/2024\/03\/sac-liasse.webp\" \/>\n\t<meta property=\"og:image:width\" content=\"800\" \/>\n\t<meta property=\"og:image:height\" content=\"800\" \/>\n\t<meta property=\"og:image:type\" content=\"image\/webp\" \/>\n<meta name=\"twitter:card\" content=\"summary_large_image\" \/>\n<meta name=\"twitter:label1\" content=\"Gesch\u00e4tzte Lesezeit\" \/>\n\t<meta name=\"twitter:data1\" content=\"2 Minuten\" \/>\n<script type=\"application\/ld+json\" class=\"yoast-schema-graph\">{\"@context\":\"https:\/\/schema.org\",\"@graph\":[{\"@type\":\"WebPage\",\"@id\":\"https:\/\/www.csj-emballages.com\/de\/produit\/3000-beutel-buendel-mit-versetzter-oeffnung-350-x-500-mm-21-mikron\/\",\"url\":\"https:\/\/www.csj-emballages.com\/de\/produit\/3000-beutel-buendel-mit-versetzter-oeffnung-350-x-500-mm-21-mikron\/\",\"name\":\"Liassetasche mit versetzter \u00d6ffnung 21 Mikron - 350 x 500 mm\",\"isPartOf\":{\"@id\":\"https:\/\/www.csj-emballages.com\/de\/#website\"},\"primaryImageOfPage\":{\"@id\":\"https:\/\/www.csj-emballages.com\/de\/produit\/3000-beutel-buendel-mit-versetzter-oeffnung-350-x-500-mm-21-mikron\/#primaryimage\"},\"image\":{\"@id\":\"https:\/\/www.csj-emballages.com\/de\/produit\/3000-beutel-buendel-mit-versetzter-oeffnung-350-x-500-mm-21-mikron\/#primaryimage\"},\"thumbnailUrl\":\"https:\/\/www.csj-emballages.com\/wp-content\/uploads\/2024\/03\/sac-liasse.webp\",\"datePublished\":\"2024-03-01T15:50:22+00:00\",\"dateModified\":\"2026-04-21T00:15:45+00:00\",\"description\":\"B\u00fcndelbeutel 350 x 500 mm, 21 Mikron, versetzte \u00d6ffnung. Praktisch, strapazierf\u00e4hig und preiswert, verpackt in Packungen zu 3000 St\u00fcck.\",\"breadcrumb\":{\"@id\":\"https:\/\/www.csj-emballages.com\/de\/produit\/3000-beutel-buendel-mit-versetzter-oeffnung-350-x-500-mm-21-mikron\/#breadcrumb\"},\"inLanguage\":\"de\",\"potentialAction\":[{\"@type\":\"ReadAction\",\"target\":[\"https:\/\/www.csj-emballages.com\/de\/produit\/3000-beutel-buendel-mit-versetzter-oeffnung-350-x-500-mm-21-mikron\/\"]}]},{\"@type\":\"ImageObject\",\"inLanguage\":\"de\",\"@id\":\"https:\/\/www.csj-emballages.com\/de\/produit\/3000-beutel-buendel-mit-versetzter-oeffnung-350-x-500-mm-21-mikron\/#primaryimage\",\"url\":\"https:\/\/www.csj-emballages.com\/wp-content\/uploads\/2024\/03\/sac-liasse.webp\",\"contentUrl\":\"https:\/\/www.csj-emballages.com\/wp-content\/uploads\/2024\/03\/sac-liasse.webp\",\"width\":800,\"height\":800,\"caption\":\"sac liasse\"},{\"@type\":\"BreadcrumbList\",\"@id\":\"https:\/\/www.csj-emballages.com\/de\/produit\/3000-beutel-buendel-mit-versetzter-oeffnung-350-x-500-mm-21-mikron\/#breadcrumb\",\"itemListElement\":[{\"@type\":\"ListItem\",\"position\":1,\"name\":\"Accueil\",\"item\":\"https:\/\/www.csj-emballages.com\/de\/universum-lebensmittelverpackungen\/\"},{\"@type\":\"ListItem\",\"position\":2,\"name\":\"Shop\",\"item\":\"https:\/\/www.csj-emballages.com\/shop\/\"},{\"@type\":\"ListItem\",\"position\":3,\"name\":\"B\u00fcndelbeutel mit versetzter \u00d6ffnung 350 x 500 mm 21 Mikron pro 3000\"}]},{\"@type\":\"WebSite\",\"@id\":\"https:\/\/www.csj-emballages.com\/de\/#website\",\"url\":\"https:\/\/www.csj-emballages.com\/de\/\",\"name\":\"CSJ Emballages\",\"description\":\"\",\"publisher\":{\"@id\":\"https:\/\/www.csj-emballages.com\/de\/#organization\"},\"potentialAction\":[{\"@type\":\"SearchAction\",\"target\":{\"@type\":\"EntryPoint\",\"urlTemplate\":\"https:\/\/www.csj-emballages.com\/de\/?s={search_term_string}\"},\"query-input\":{\"@type\":\"PropertyValueSpecification\",\"valueRequired\":true,\"valueName\":\"search_term_string\"}}],\"inLanguage\":\"de\"},{\"@type\":\"Organization\",\"@id\":\"https:\/\/www.csj-emballages.com\/de\/#Organization\/\",\"name\":\"CSJ Emballages\",\"url\":\"https:\/\/www.csj-emballages.com\/de\/\",\"logo\":{\"@type\":\"ImageObject\",\"inLanguage\":\"de\",\"@id\":\"https:\/\/www.csj-emballages.com\/de\/#\/schema\/logo\/image\/\",\"url\":\"https:\/\/www.csj-emballages.com\/wp-content\/uploads\/2023\/10\/logo_csj.webp\",\"contentUrl\":\"https:\/\/www.csj-emballages.com\/wp-content\/uploads\/2023\/10\/logo_csj.webp\",\"width\":250,\"height\":95,\"caption\":\"CSJ Emballages\"},\"image\":{\"@id\":\"https:\/\/www.csj-emballages.com\/de\/#\/schema\/logo\/image\/\"},\"sameAs\":[\"https:\/\/www.facebook.com\/csjemballages\"],\"address\":{\"@type\":\"PostalAddress\",\"streetAddress\":\"ZI La Lechere\",\"addressLocality\":\"Patornay\",\"postalCode\":\"39130\",\"addressCountry\":\"FR\"},\"contactPoint\":[{\"@type\":\"ContactPoint\",\"contactType\":\"Service client\",\"telephone\":\"0384254272\",\"email\":\"contact@csj-emballages.com\"}]}]}<\/script>\n<!-- \/ Yoast SEO Premium plugin. -->","yoast_head_json":{"title":"Liassetasche mit versetzter \u00d6ffnung 21 Mikron - 350 x 500 mm","description":"B\u00fcndelbeutel 350 x 500 mm, 21 Mikron, versetzte \u00d6ffnung. Praktisch, strapazierf\u00e4hig und preiswert, verpackt in Packungen zu 3000 St\u00fcck.","robots":{"index":"index","follow":"follow","max-snippet":"max-snippet:-1","max-image-preview":"max-image-preview:large","max-video-preview":"max-video-preview:-1"},"canonical":"https:\/\/www.csj-emballages.com\/de\/produit\/3000-beutel-buendel-mit-versetzter-oeffnung-350-x-500-mm-21-mikron\/","og_locale":"de_DE","og_type":"article","og_title":"B\u00fcndelbeutel mit versetzter \u00d6ffnung 350 x 500 mm 21 Mikron pro 3000","og_description":"B\u00fcndelbeutel 350 x 500 mm, 21 Mikron, versetzte \u00d6ffnung. Praktisch, strapazierf\u00e4hig und preiswert, verpackt in Packungen zu 3000 St\u00fcck.","og_url":"https:\/\/www.csj-emballages.com\/de\/produit\/3000-beutel-buendel-mit-versetzter-oeffnung-350-x-500-mm-21-mikron\/","og_site_name":"CSJ Emballages","article_publisher":"https:\/\/www.facebook.com\/csjemballages","article_modified_time":"2026-04-21T00:15:45+00:00","og_image":[{"width":800,"height":800,"url":"https:\/\/www.csj-emballages.com\/wp-content\/uploads\/2024\/03\/sac-liasse.webp","type":"image\/webp"}],"twitter_card":"summary_large_image","twitter_misc":{"Gesch\u00e4tzte Lesezeit":"2 Minuten"},"schema":{"@context":"https:\/\/schema.org","@graph":[{"@type":"WebPage","@id":"https:\/\/www.csj-emballages.com\/de\/produit\/3000-beutel-buendel-mit-versetzter-oeffnung-350-x-500-mm-21-mikron\/","url":"https:\/\/www.csj-emballages.com\/de\/produit\/3000-beutel-buendel-mit-versetzter-oeffnung-350-x-500-mm-21-mikron\/","name":"Liassetasche mit versetzter \u00d6ffnung 21 Mikron - 350 x 500 mm","isPartOf":{"@id":"https:\/\/www.csj-emballages.com\/de\/#website"},"primaryImageOfPage":{"@id":"https:\/\/www.csj-emballages.com\/de\/produit\/3000-beutel-buendel-mit-versetzter-oeffnung-350-x-500-mm-21-mikron\/#primaryimage"},"image":{"@id":"https:\/\/www.csj-emballages.com\/de\/produit\/3000-beutel-buendel-mit-versetzter-oeffnung-350-x-500-mm-21-mikron\/#primaryimage"},"thumbnailUrl":"https:\/\/www.csj-emballages.com\/wp-content\/uploads\/2024\/03\/sac-liasse.webp","datePublished":"2024-03-01T15:50:22+00:00","dateModified":"2026-04-21T00:15:45+00:00","description":"B\u00fcndelbeutel 350 x 500 mm, 21 Mikron, versetzte \u00d6ffnung. Praktisch, strapazierf\u00e4hig und preiswert, verpackt in Packungen zu 3000 St\u00fcck.","breadcrumb":{"@id":"https:\/\/www.csj-emballages.com\/de\/produit\/3000-beutel-buendel-mit-versetzter-oeffnung-350-x-500-mm-21-mikron\/#breadcrumb"},"inLanguage":"de","potentialAction":[{"@type":"ReadAction","target":["https:\/\/www.csj-emballages.com\/de\/produit\/3000-beutel-buendel-mit-versetzter-oeffnung-350-x-500-mm-21-mikron\/"]}]},{"@type":"ImageObject","inLanguage":"de","@id":"https:\/\/www.csj-emballages.com\/de\/produit\/3000-beutel-buendel-mit-versetzter-oeffnung-350-x-500-mm-21-mikron\/#primaryimage","url":"https:\/\/www.csj-emballages.com\/wp-content\/uploads\/2024\/03\/sac-liasse.webp","contentUrl":"https:\/\/www.csj-emballages.com\/wp-content\/uploads\/2024\/03\/sac-liasse.webp","width":800,"height":800,"caption":"sac liasse"},{"@type":"BreadcrumbList","@id":"https:\/\/www.csj-emballages.com\/de\/produit\/3000-beutel-buendel-mit-versetzter-oeffnung-350-x-500-mm-21-mikron\/#breadcrumb","itemListElement":[{"@type":"ListItem","position":1,"name":"Accueil","item":"https:\/\/www.csj-emballages.com\/de\/universum-lebensmittelverpackungen\/"},{"@type":"ListItem","position":2,"name":"Shop","item":"https:\/\/www.csj-emballages.com\/shop\/"},{"@type":"ListItem","position":3,"name":"B\u00fcndelbeutel mit versetzter \u00d6ffnung 350 x 500 mm 21 Mikron pro 3000"}]},{"@type":"WebSite","@id":"https:\/\/www.csj-emballages.com\/de\/#website","url":"https:\/\/www.csj-emballages.com\/de\/","name":"CSJ Emballages","description":"","publisher":{"@id":"https:\/\/www.csj-emballages.com\/de\/#organization"},"potentialAction":[{"@type":"SearchAction","target":{"@type":"EntryPoint","urlTemplate":"https:\/\/www.csj-emballages.com\/de\/?s={search_term_string}"},"query-input":{"@type":"PropertyValueSpecification","valueRequired":true,"valueName":"search_term_string"}}],"inLanguage":"de"},{"@type":"Organization","@id":"https:\/\/www.csj-emballages.com\/de\/#Organization\/","name":"CSJ Emballages","url":"https:\/\/www.csj-emballages.com\/de\/","logo":{"@type":"ImageObject","inLanguage":"de","@id":"https:\/\/www.csj-emballages.com\/de\/#\/schema\/logo\/image\/","url":"https:\/\/www.csj-emballages.com\/wp-content\/uploads\/2023\/10\/logo_csj.webp","contentUrl":"https:\/\/www.csj-emballages.com\/wp-content\/uploads\/2023\/10\/logo_csj.webp","width":250,"height":95,"caption":"CSJ Emballages"},"image":{"@id":"https:\/\/www.csj-emballages.com\/de\/#\/schema\/logo\/image\/"},"sameAs":["https:\/\/www.facebook.com\/csjemballages"],"address":{"@type":"PostalAddress","streetAddress":"ZI La Lechere","addressLocality":"Patornay","postalCode":"39130","addressCountry":"FR"},"contactPoint":[{"@type":"ContactPoint","contactType":"Service client","telephone":"0384254272","email":"contact@csj-emballages.com"}]}]}},"df_price":92.26,"df_sale_price":"","df_regular_price":92.26,"df_image_link":"https:\/\/www.csj-emballages.com\/wp-content\/uploads\/2024\/03\/sac-liasse-300x300.webp","tiered_pricing_type":"fixed","tiered_pricing_fixed_rules":[],"tiered_pricing_percentage_rules":[],"tiered_pricing_minimum":1,"tiered_pricing_roles_data":[],"_links":{"self":[{"href":"https:\/\/www.csj-emballages.com\/de\/wp-json\/wp\/v2\/product\/22724","targetHints":{"allow":["GET"]}}],"collection":[{"href":"https:\/\/www.csj-emballages.com\/de\/wp-json\/wp\/v2\/product"}],"about":[{"href":"https:\/\/www.csj-emballages.com\/de\/wp-json\/wp\/v2\/types\/product"}],"wp:featuredmedia":[{"embeddable":true,"href":"https:\/\/www.csj-emballages.com\/de\/wp-json\/wp\/v2\/media\/209290"}],"wp:attachment":[{"href":"https:\/\/www.csj-emballages.com\/de\/wp-json\/wp\/v2\/media?parent=22724"}],"wp:term":[{"taxonomy":"product_brand","embeddable":true,"href":"https:\/\/www.csj-emballages.com\/de\/wp-json\/wp\/v2\/product_brand?post=22724"},{"taxonomy":"product_cat","embeddable":true,"href":"https:\/\/www.csj-emballages.com\/de\/wp-json\/wp\/v2\/product_cat?post=22724"},{"taxonomy":"product_tag","embeddable":true,"href":"https:\/\/www.csj-emballages.com\/de\/wp-json\/wp\/v2\/product_tag?post=22724"}],"curies":[{"name":"wp","href":"https:\/\/api.w.org\/{rel}","templated":true}]}}