{"id":22715,"date":"2024-03-01T16:50:24","date_gmt":"2024-03-01T15:50:24","guid":{"rendered":"https:\/\/u15jnbdpoq.preview.infomaniak.website\/produit\/weisser-abgerundeter-12-liter-kunststoff-treteimer\/"},"modified":"2026-04-14T02:19:33","modified_gmt":"2026-04-14T00:19:33","slug":"weisser-abgerundeter-12-liter-kunststoff-treteimer","status":"publish","type":"product","link":"https:\/\/www.csj-emballages.com\/de\/produit\/weisser-abgerundeter-12-liter-kunststoff-treteimer\/","title":{"rendered":"Wei\u00dfer runder Kunststoff-Tretm\u00fclleimer 12 Liter"},"content":{"rendered":"<div style=\"font-family: Roboto, sans-serif;\">\n<div style=\"font-family: Roboto, sans-serif;\">\n<div style=\"font-family: Roboto, sans-serif;\">\n<div style=\"font-family: Roboto, sans-serif;\">\n<div style=\"font-family: Roboto, sans-serif;\">\n<div style=\"font-family: Roboto, sans-serif;\">\n<div style=\"font-family: Roboto, sans-serif;\">\n<div style=\"font-family: Roboto, sans-serif;\">\n<div style=\"font-family: Roboto, sans-serif;\">\n<div style=\"font-family: Roboto, sans-serif;\">\n<div style=\"font-family: Roboto, sans-serif;\">\n<div style=\"font-family: Roboto, sans-serif;\">\n<div style=\"font-family: Roboto, sans-serif;\">\n<div class=\"flex flex-grow flex-col max-w-full\">\n<div class=\"min-h-[20px] text-message flex flex-col items-start whitespace-pre-wrap break-words [.text-message+&amp;]:mt-5 juice:w-full juice:items-end overflow-x-auto gap-2\" dir=\"auto\" data-message-author-role=\"assistant\" data-message-id=\"2034782e-88f9-44ef-b4dc-07dd7bf0115f\">\n<div class=\"flex w-full flex-col gap-1 juice:empty:hidden juice:first:pt-[3px]\">\n<div class=\"markdown prose w-full break-words dark:prose-invert light\">\n<div style=\"font-family: Roboto, sans-serif;\">\n<div style=\"font-family: Roboto, sans-serif;\">\n<div style=\"font-family: Roboto, sans-serif;\">\n<div style=\"font-family: Roboto, sans-serif;\">\n<div style=\"font-family: Roboto, sans-serif;\">\n<div style=\"font-family: Roboto, sans-serif;\">\n<h2>Kunststoff-M\u00fclleimer<\/h2>\n<div style=\"font-family: Roboto, sans-serif;\">\n<div style=\"font-family: Roboto, sans-serif;\">\n<div style=\"font-family: Roboto, sans-serif;\">\n<div style=\"text-align: center;\">\n<div style=\"font-family: Roboto, sans-serif;\">\n<div style=\"font-family: Roboto, sans-serif;\">\n<div style=\"font-family: Roboto, sans-serif;\">\n<div style=\"font-family: Roboto, sans-serif;\">\n<div style=\"font-family: Roboto, sans-serif;\">\n<hr>\n<h3 style=\"font-family: Roboto, sans-serif; text-align: left;\">Beschreibung unseres wei\u00dfen runden Kunststoff-Tretm\u00fclleimers 12 Liter<\/h3>\n<\/div>\n<\/div>\n<\/div>\n<\/div>\n<\/div>\n<\/div>\n<\/div>\n<\/div>\n<\/div>\n<\/div>\n<\/div>\n<\/div>\n<\/div>\n<\/div>\n<\/div>\n<\/div>\n<\/div>\n<\/div>\n<\/div>\n<\/div>\n<\/div>\n<\/div>\n<\/div>\n<\/div>\n<\/div>\n<\/div>\n<\/div>\n<\/div>\n<\/div>\n<\/div>\n<\/div>\n<\/div>\n<p><!--more--><\/p>\n<div class=\"flex max-w-full flex-col flex-grow\">\n<div class=\"min-h-8 text-message flex w-full flex-col items-end gap-2 whitespace-normal break-words [.text-message+&amp;]:mt-5\" dir=\"auto\" data-message-author-role=\"assistant\" data-message-id=\"438df6e8-49a2-474e-9d5c-14a6d91e27c5\" data-client-thread-id=\"WEB:f9818d6b-cc00-47a9-ba1c-1549baa0484c\" data-message-model-slug=\"gpt-4o\">\n<div class=\"flex w-full flex-col gap-1 empty:hidden first:pt-[3px]\">\n<div class=\"markdown prose w-full break-words dark:prose-invert light\">\n<p data-start=\"272\" data-end=\"607\">Dezent, praktisch und hygienisch f\u00fcgt sich dieser <strong>wei\u00dfe Kunststoff-M\u00fclleimer mit 12 Litern<\/strong> problemlos in jede Umgebung ein: K\u00fcche, Badezimmer, Arbeitsbereich oder auch professionelle Hinterk\u00fcche. Sein abgerundetes Design und seine neutrale Farbe verleihen ihm eine schlichte Note und bleiben dabei im Alltag funktional. Sein <strong data-start=\"613\" data-end=\"633\">Tretmechanismus<\/strong> erm\u00f6glicht eine kontaktlose \u00d6ffnung ohne Ber\u00fchrung mit den H\u00e4nden f\u00fcr eine sauberere und sicherere Nutzung, insbesondere im Lebensmittel- oder Sanit\u00e4rbereich. Die Kapazit\u00e4t von <strong>12 Litern<\/strong> ist perfekt f\u00fcr den regelm\u00e4\u00dfigen Gebrauch, ohne sperrig zu sein. Sein <strong data-start=\"878\" data-end=\"909\">schlie\u00dfender Deckel<\/strong> verhindert unangenehme Ger\u00fcche und verst\u00e4rkt die allgemeine Hygiene Ihres Raums.    <\/p>\n<p data-start=\"986\" data-end=\"1212\">Aus <strong>Kunststoff<\/strong> gefertigt, ist dieser <strong>M\u00fclleimer<\/strong> sto\u00df- und feuchtigkeitsbest\u00e4ndig, was ihn auch bei intensiver Nutzung langlebig macht. Er l\u00e4sst sich dank seiner glatten Oberfl\u00e4che und seines Innenraums ohne Unebenheiten zudem leicht reinigen. <\/p>\n<p data-start=\"1214\" data-end=\"1427\">Ob Sie Gastronom, Einrichtungsleiter oder anspruchsvoller Privathaushalt in Sachen Sauberkeit sind \u2013 dieser <strong>Kunststoff-M\u00fclleimer<\/strong> ist eine clevere, wirtschaftliche und effektive Wahl f\u00fcr die t\u00e4gliche Abfallentsorgung.<\/p>\n<\/div>\n<\/div>\n<div class=\"flex w-full flex-col gap-1 empty:hidden first:pt-[3px]\">\n<div class=\"markdown prose w-full break-words dark:prose-invert light\">\n<p data-start=\"1214\" data-end=\"1427\">\n<\/div>\n<\/div>\n<\/div>\n<\/div>\n<p><!--more--><\/p>\n<h4>Seine Vorteile :<\/h4>\n<ul>\n<li>Tret\u00f6ffnung f\u00fcr verst\u00e4rkte Hygiene.<\/li>\n<li>Kompaktes und dezentes Design.<\/li>\n<li>Dicht schlie\u00dfender Deckel zur Geruchsbegrenzung.<\/li>\n<li>Robuster und leicht zu reinigender Kunststoff.<\/li>\n<li>Ideal f\u00fcr alle Bereiche (beruflich oder privat).<\/li>\n<\/ul>\n<p>&nbsp;<\/p>\n<p><!--more--><\/p>\n<h4>Weitere Informationen zu diesem Produkt :<\/h4>\n<ul style=\"font-family: Roboto, sans-serif;\">\n<li><strong>Verpackung<\/strong>: Einzeln<\/li>\n<li><span style=\"font-weight: bold;\">Abmessungen<\/span>: 290 x 210 x 330 mm<\/li>\n<li><strong>Farbe<\/strong>: Wei\u00df<\/li>\n<li><strong>Material<\/strong>: Polypropylen (PP)<\/li>\n<\/ul>\n<p>&nbsp;<\/p>\n<p style=\"text-align: left;\"><!--more--><\/p>\n<p><a href=\"https:\/\/www.csj-emballages.com\/de\/categorie-produit\/hygiene-und-pflege\/mullsacke\/\">Entdecken Sie den Rest unseres M\u00fclleimer-Sortiments<\/a><\/p>\n","protected":false},"excerpt":{"rendered":"<p>Kunststoff-M\u00fclleimer Beschreibung unseres wei\u00dfen runden Kunststoff-Tretm\u00fclleimers 12 Liter<\/p>\n","protected":false},"featured_media":180081,"template":"","meta":{"_acf_changed":false},"product_brand":[],"product_cat":[1218,1873,10273],"product_tag":[],"class_list":{"0":"post-22715","1":"product","2":"type-product","3":"status-publish","4":"has-post-thumbnail","6":"product_cat-hygiene-und-pflege","7":"product_cat-mullsacke","8":"product_cat-lagerbestand","10":"first","11":"instock","12":"sale","13":"taxable","14":"shipping-taxable","15":"purchasable","16":"product-type-simple"},"acf":[],"yoast_head":"<!-- This site is optimized with the Yoast SEO Premium plugin v26.6 (Yoast SEO v26.6) - https:\/\/yoast.com\/wordpress\/plugins\/seo\/ -->\n<title>Wei\u00dfer Kunststoff-Tretm\u00fclleimer<\/title>\n<meta name=\"description\" content=\"Wei\u00dfer runder Kunststoff-Tretm\u00fclleimer 12 L \u2013 Kompakt, mit hygienischer kontaktloser \u00d6ffnung. Ideal f\u00fcr K\u00fcchen, Badezimmer oder B\u00fcros.\" \/>\n<meta name=\"robots\" content=\"index, follow, max-snippet:-1, max-image-preview:large, max-video-preview:-1\" \/>\n<link rel=\"canonical\" href=\"https:\/\/www.csj-emballages.com\/de\/produit\/weisser-abgerundeter-12-liter-kunststoff-treteimer\/\" \/>\n<meta property=\"og:locale\" content=\"de_DE\" \/>\n<meta property=\"og:type\" content=\"article\" \/>\n<meta property=\"og:title\" content=\"Wei\u00dfer runder Kunststoff-Tretm\u00fclleimer 12 Liter\" \/>\n<meta property=\"og:description\" content=\"Wei\u00dfer runder Kunststoff-Tretm\u00fclleimer 12 L \u2013 Kompakt, mit hygienischer kontaktloser \u00d6ffnung. Ideal f\u00fcr K\u00fcchen, Badezimmer oder B\u00fcros.\" \/>\n<meta property=\"og:url\" content=\"https:\/\/www.csj-emballages.com\/de\/produit\/weisser-abgerundeter-12-liter-kunststoff-treteimer\/\" \/>\n<meta property=\"og:site_name\" content=\"CSJ Emballages\" \/>\n<meta property=\"article:publisher\" content=\"https:\/\/www.facebook.com\/csjemballages\" \/>\n<meta property=\"article:modified_time\" content=\"2026-04-14T00:19:33+00:00\" \/>\n<meta property=\"og:image\" content=\"https:\/\/www.csj-emballages.com\/wp-content\/uploads\/2024\/03\/Poubelleblanche.webp\" \/>\n\t<meta property=\"og:image:width\" content=\"820\" \/>\n\t<meta property=\"og:image:height\" content=\"820\" \/>\n\t<meta property=\"og:image:type\" content=\"image\/webp\" \/>\n<meta name=\"twitter:card\" content=\"summary_large_image\" \/>\n<meta name=\"twitter:label1\" content=\"Gesch\u00e4tzte Lesezeit\" \/>\n\t<meta name=\"twitter:data1\" content=\"1\u00a0Minute\" \/>\n<script type=\"application\/ld+json\" class=\"yoast-schema-graph\">{\"@context\":\"https:\/\/schema.org\",\"@graph\":[{\"@type\":\"WebPage\",\"@id\":\"https:\/\/www.csj-emballages.com\/de\/produit\/weisser-abgerundeter-12-liter-kunststoff-treteimer\/\",\"url\":\"https:\/\/www.csj-emballages.com\/de\/produit\/weisser-abgerundeter-12-liter-kunststoff-treteimer\/\",\"name\":\"Wei\u00dfer Kunststoff-Tretm\u00fclleimer\",\"isPartOf\":{\"@id\":\"https:\/\/www.csj-emballages.com\/de\/#website\"},\"primaryImageOfPage\":{\"@id\":\"https:\/\/www.csj-emballages.com\/de\/produit\/weisser-abgerundeter-12-liter-kunststoff-treteimer\/#primaryimage\"},\"image\":{\"@id\":\"https:\/\/www.csj-emballages.com\/de\/produit\/weisser-abgerundeter-12-liter-kunststoff-treteimer\/#primaryimage\"},\"thumbnailUrl\":\"https:\/\/www.csj-emballages.com\/wp-content\/uploads\/2024\/03\/Poubelleblanche.webp\",\"datePublished\":\"2024-03-01T15:50:24+00:00\",\"dateModified\":\"2026-04-14T00:19:33+00:00\",\"description\":\"Wei\u00dfer runder Kunststoff-Tretm\u00fclleimer 12 L \u2013 Kompakt, mit hygienischer kontaktloser \u00d6ffnung. Ideal f\u00fcr K\u00fcchen, Badezimmer oder B\u00fcros.\",\"breadcrumb\":{\"@id\":\"https:\/\/www.csj-emballages.com\/de\/produit\/weisser-abgerundeter-12-liter-kunststoff-treteimer\/#breadcrumb\"},\"inLanguage\":\"de\",\"potentialAction\":[{\"@type\":\"ReadAction\",\"target\":[\"https:\/\/www.csj-emballages.com\/de\/produit\/weisser-abgerundeter-12-liter-kunststoff-treteimer\/\"]}]},{\"@type\":\"ImageObject\",\"inLanguage\":\"de\",\"@id\":\"https:\/\/www.csj-emballages.com\/de\/produit\/weisser-abgerundeter-12-liter-kunststoff-treteimer\/#primaryimage\",\"url\":\"https:\/\/www.csj-emballages.com\/wp-content\/uploads\/2024\/03\/Poubelleblanche.webp\",\"contentUrl\":\"https:\/\/www.csj-emballages.com\/wp-content\/uploads\/2024\/03\/Poubelleblanche.webp\",\"width\":820,\"height\":820,\"caption\":\"poubelle plastique\"},{\"@type\":\"BreadcrumbList\",\"@id\":\"https:\/\/www.csj-emballages.com\/de\/produit\/weisser-abgerundeter-12-liter-kunststoff-treteimer\/#breadcrumb\",\"itemListElement\":[{\"@type\":\"ListItem\",\"position\":1,\"name\":\"Accueil\",\"item\":\"https:\/\/www.csj-emballages.com\/de\/universum-lebensmittelverpackungen\/\"},{\"@type\":\"ListItem\",\"position\":2,\"name\":\"Shop\",\"item\":\"https:\/\/www.csj-emballages.com\/shop\/\"},{\"@type\":\"ListItem\",\"position\":3,\"name\":\"Wei\u00dfer runder Kunststoff-Tretm\u00fclleimer 12 Liter\"}]},{\"@type\":\"WebSite\",\"@id\":\"https:\/\/www.csj-emballages.com\/de\/#website\",\"url\":\"https:\/\/www.csj-emballages.com\/de\/\",\"name\":\"CSJ Emballages\",\"description\":\"\",\"publisher\":{\"@id\":\"https:\/\/www.csj-emballages.com\/de\/#organization\"},\"potentialAction\":[{\"@type\":\"SearchAction\",\"target\":{\"@type\":\"EntryPoint\",\"urlTemplate\":\"https:\/\/www.csj-emballages.com\/de\/?s={search_term_string}\"},\"query-input\":{\"@type\":\"PropertyValueSpecification\",\"valueRequired\":true,\"valueName\":\"search_term_string\"}}],\"inLanguage\":\"de\"},{\"@type\":\"Organization\",\"@id\":\"https:\/\/www.csj-emballages.com\/de\/#Organization\/\",\"name\":\"CSJ Emballages\",\"url\":\"https:\/\/www.csj-emballages.com\/de\/\",\"logo\":{\"@type\":\"ImageObject\",\"inLanguage\":\"de\",\"@id\":\"https:\/\/www.csj-emballages.com\/de\/#\/schema\/logo\/image\/\",\"url\":\"https:\/\/www.csj-emballages.com\/wp-content\/uploads\/2023\/10\/logo_csj.webp\",\"contentUrl\":\"https:\/\/www.csj-emballages.com\/wp-content\/uploads\/2023\/10\/logo_csj.webp\",\"width\":250,\"height\":95,\"caption\":\"CSJ Emballages\"},\"image\":{\"@id\":\"https:\/\/www.csj-emballages.com\/de\/#\/schema\/logo\/image\/\"},\"sameAs\":[\"https:\/\/www.facebook.com\/csjemballages\"],\"address\":{\"@type\":\"PostalAddress\",\"streetAddress\":\"ZI La Lechere\",\"addressLocality\":\"Patornay\",\"postalCode\":\"39130\",\"addressCountry\":\"FR\"},\"contactPoint\":[{\"@type\":\"ContactPoint\",\"contactType\":\"Service client\",\"telephone\":\"0384254272\",\"email\":\"contact@csj-emballages.com\"}]}]}<\/script>\n<!-- \/ Yoast SEO Premium plugin. -->","yoast_head_json":{"title":"Wei\u00dfer Kunststoff-Tretm\u00fclleimer","description":"Wei\u00dfer runder Kunststoff-Tretm\u00fclleimer 12 L \u2013 Kompakt, mit hygienischer kontaktloser \u00d6ffnung. Ideal f\u00fcr K\u00fcchen, Badezimmer oder B\u00fcros.","robots":{"index":"index","follow":"follow","max-snippet":"max-snippet:-1","max-image-preview":"max-image-preview:large","max-video-preview":"max-video-preview:-1"},"canonical":"https:\/\/www.csj-emballages.com\/de\/produit\/weisser-abgerundeter-12-liter-kunststoff-treteimer\/","og_locale":"de_DE","og_type":"article","og_title":"Wei\u00dfer runder Kunststoff-Tretm\u00fclleimer 12 Liter","og_description":"Wei\u00dfer runder Kunststoff-Tretm\u00fclleimer 12 L \u2013 Kompakt, mit hygienischer kontaktloser \u00d6ffnung. Ideal f\u00fcr K\u00fcchen, Badezimmer oder B\u00fcros.","og_url":"https:\/\/www.csj-emballages.com\/de\/produit\/weisser-abgerundeter-12-liter-kunststoff-treteimer\/","og_site_name":"CSJ Emballages","article_publisher":"https:\/\/www.facebook.com\/csjemballages","article_modified_time":"2026-04-14T00:19:33+00:00","og_image":[{"width":820,"height":820,"url":"https:\/\/www.csj-emballages.com\/wp-content\/uploads\/2024\/03\/Poubelleblanche.webp","type":"image\/webp"}],"twitter_card":"summary_large_image","twitter_misc":{"Gesch\u00e4tzte Lesezeit":"1\u00a0Minute"},"schema":{"@context":"https:\/\/schema.org","@graph":[{"@type":"WebPage","@id":"https:\/\/www.csj-emballages.com\/de\/produit\/weisser-abgerundeter-12-liter-kunststoff-treteimer\/","url":"https:\/\/www.csj-emballages.com\/de\/produit\/weisser-abgerundeter-12-liter-kunststoff-treteimer\/","name":"Wei\u00dfer Kunststoff-Tretm\u00fclleimer","isPartOf":{"@id":"https:\/\/www.csj-emballages.com\/de\/#website"},"primaryImageOfPage":{"@id":"https:\/\/www.csj-emballages.com\/de\/produit\/weisser-abgerundeter-12-liter-kunststoff-treteimer\/#primaryimage"},"image":{"@id":"https:\/\/www.csj-emballages.com\/de\/produit\/weisser-abgerundeter-12-liter-kunststoff-treteimer\/#primaryimage"},"thumbnailUrl":"https:\/\/www.csj-emballages.com\/wp-content\/uploads\/2024\/03\/Poubelleblanche.webp","datePublished":"2024-03-01T15:50:24+00:00","dateModified":"2026-04-14T00:19:33+00:00","description":"Wei\u00dfer runder Kunststoff-Tretm\u00fclleimer 12 L \u2013 Kompakt, mit hygienischer kontaktloser \u00d6ffnung. Ideal f\u00fcr K\u00fcchen, Badezimmer oder B\u00fcros.","breadcrumb":{"@id":"https:\/\/www.csj-emballages.com\/de\/produit\/weisser-abgerundeter-12-liter-kunststoff-treteimer\/#breadcrumb"},"inLanguage":"de","potentialAction":[{"@type":"ReadAction","target":["https:\/\/www.csj-emballages.com\/de\/produit\/weisser-abgerundeter-12-liter-kunststoff-treteimer\/"]}]},{"@type":"ImageObject","inLanguage":"de","@id":"https:\/\/www.csj-emballages.com\/de\/produit\/weisser-abgerundeter-12-liter-kunststoff-treteimer\/#primaryimage","url":"https:\/\/www.csj-emballages.com\/wp-content\/uploads\/2024\/03\/Poubelleblanche.webp","contentUrl":"https:\/\/www.csj-emballages.com\/wp-content\/uploads\/2024\/03\/Poubelleblanche.webp","width":820,"height":820,"caption":"poubelle plastique"},{"@type":"BreadcrumbList","@id":"https:\/\/www.csj-emballages.com\/de\/produit\/weisser-abgerundeter-12-liter-kunststoff-treteimer\/#breadcrumb","itemListElement":[{"@type":"ListItem","position":1,"name":"Accueil","item":"https:\/\/www.csj-emballages.com\/de\/universum-lebensmittelverpackungen\/"},{"@type":"ListItem","position":2,"name":"Shop","item":"https:\/\/www.csj-emballages.com\/shop\/"},{"@type":"ListItem","position":3,"name":"Wei\u00dfer runder Kunststoff-Tretm\u00fclleimer 12 Liter"}]},{"@type":"WebSite","@id":"https:\/\/www.csj-emballages.com\/de\/#website","url":"https:\/\/www.csj-emballages.com\/de\/","name":"CSJ Emballages","description":"","publisher":{"@id":"https:\/\/www.csj-emballages.com\/de\/#organization"},"potentialAction":[{"@type":"SearchAction","target":{"@type":"EntryPoint","urlTemplate":"https:\/\/www.csj-emballages.com\/de\/?s={search_term_string}"},"query-input":{"@type":"PropertyValueSpecification","valueRequired":true,"valueName":"search_term_string"}}],"inLanguage":"de"},{"@type":"Organization","@id":"https:\/\/www.csj-emballages.com\/de\/#Organization\/","name":"CSJ Emballages","url":"https:\/\/www.csj-emballages.com\/de\/","logo":{"@type":"ImageObject","inLanguage":"de","@id":"https:\/\/www.csj-emballages.com\/de\/#\/schema\/logo\/image\/","url":"https:\/\/www.csj-emballages.com\/wp-content\/uploads\/2023\/10\/logo_csj.webp","contentUrl":"https:\/\/www.csj-emballages.com\/wp-content\/uploads\/2023\/10\/logo_csj.webp","width":250,"height":95,"caption":"CSJ Emballages"},"image":{"@id":"https:\/\/www.csj-emballages.com\/de\/#\/schema\/logo\/image\/"},"sameAs":["https:\/\/www.facebook.com\/csjemballages"],"address":{"@type":"PostalAddress","streetAddress":"ZI La Lechere","addressLocality":"Patornay","postalCode":"39130","addressCountry":"FR"},"contactPoint":[{"@type":"ContactPoint","contactType":"Service client","telephone":"0384254272","email":"contact@csj-emballages.com"}]}]}},"df_price":19.38,"df_sale_price":19.38,"df_regular_price":32.29,"df_image_link":"https:\/\/www.csj-emballages.com\/wp-content\/uploads\/2024\/03\/Poubelleblanche-300x300.webp","tiered_pricing_type":"fixed","tiered_pricing_fixed_rules":[],"tiered_pricing_percentage_rules":[],"tiered_pricing_minimum":1,"tiered_pricing_roles_data":[],"_links":{"self":[{"href":"https:\/\/www.csj-emballages.com\/de\/wp-json\/wp\/v2\/product\/22715","targetHints":{"allow":["GET"]}}],"collection":[{"href":"https:\/\/www.csj-emballages.com\/de\/wp-json\/wp\/v2\/product"}],"about":[{"href":"https:\/\/www.csj-emballages.com\/de\/wp-json\/wp\/v2\/types\/product"}],"wp:featuredmedia":[{"embeddable":true,"href":"https:\/\/www.csj-emballages.com\/de\/wp-json\/wp\/v2\/media\/180081"}],"wp:attachment":[{"href":"https:\/\/www.csj-emballages.com\/de\/wp-json\/wp\/v2\/media?parent=22715"}],"wp:term":[{"taxonomy":"product_brand","embeddable":true,"href":"https:\/\/www.csj-emballages.com\/de\/wp-json\/wp\/v2\/product_brand?post=22715"},{"taxonomy":"product_cat","embeddable":true,"href":"https:\/\/www.csj-emballages.com\/de\/wp-json\/wp\/v2\/product_cat?post=22715"},{"taxonomy":"product_tag","embeddable":true,"href":"https:\/\/www.csj-emballages.com\/de\/wp-json\/wp\/v2\/product_tag?post=22715"}],"curies":[{"name":"wp","href":"https:\/\/api.w.org\/{rel}","templated":true}]}}