{"id":22710,"date":"2024-03-01T16:50:22","date_gmt":"2024-03-01T15:50:22","guid":{"rendered":"https:\/\/u15jnbdpoq.preview.infomaniak.website\/produit\/470-ovale-blaetter-fuer-steak-11-x-8-cm\/"},"modified":"2026-05-04T02:13:00","modified_gmt":"2026-05-04T00:13:00","slug":"470-ovale-blaetter-fuer-steak-11-x-8-cm","status":"publish","type":"product","link":"https:\/\/www.csj-emballages.com\/de\/produit\/470-ovale-blaetter-fuer-steak-11-x-8-cm\/","title":{"rendered":"Trennblatt Steak oval 11 x 8 cm pro 2000"},"content":{"rendered":"<h2>Trennblatt<\/h2>\n<hr>\n<h3>Beschreibung von unserem Trennblatt Steak oval 11 x 8 cm pro 470<\/h3>\n<p><!--more--><\/p>\n<p data-start=\"210\" data-end=\"622\">Das <strong data-start=\"213\" data-end=\"260\">ovale Steak-Trennblatt 11 x 8 cm<\/strong> ist ein Muss f\u00fcr alle professionellen Metzger und Fleischer, aber auch f\u00fcr Gastronomen und sogar f\u00fcr anspruchsvolle Privatpersonen. Es wurde f\u00fcr den t\u00e4glichen Bedarf entwickelt und erm\u00f6glicht das <strong data-start=\"479\" data-end=\"561\">einfache Trennen von Hacksteaks, geschnittenem Fleisch oder hausgemachten Zubereitungen<\/strong>, wobei Hygiene, Praktikabilit\u00e4t und Zeitersparnis gew\u00e4hrleistet sind. <\/p>\n<p data-start=\"624\" data-end=\"953\">Dank ihrer <strong data-start=\"641\" data-end=\"692\">ovalen<\/strong> Form, die <strong data-start=\"641\" data-end=\"692\">perfekt auf das Format eines Steaks abgestimmt<\/strong> ist, wird diese <strong>Folie<\/strong> zwischen zwei Fleischst\u00fccke gelegt. Sie verhindert, dass diese bei der Lagerung oder beim Einfrieren aneinander kleben, was die Handhabung erheblich vereinfacht und beim Servieren oder Kochen ein makelloses Aussehen bewahrt. <\/p>\n<p data-start=\"955\" data-end=\"1312\">Die robuste, lebensmittelechte Zusammensetzung sorgt f\u00fcr eine sch\u00fctzende Barriere zwischen den einzelnen Teilen. Ob f\u00fcr den Einsatz im Labor, in der Profik\u00fcche oder zu Hause, dieses <strong>Set mit 470 Bl\u00e4ttern<\/strong> bietet Ihnen eine <strong data-start=\"1252\" data-end=\"1287\">kosteng\u00fcnstige und effiziente L\u00f6sung<\/strong> f\u00fcr Ihre Zubereitungen. <\/p>\n<p data-start=\"1314\" data-end=\"1695\">Neben seiner praktischen Seite ist dieses <strong>Trennblatt<\/strong> ein echter Trumpf, um Ihre Organisation zu optimieren: Portionieren, Einfrieren, Lagern und Zubereiten wird viel einfacher und schneller. Berufst\u00e4tige werden die Regelm\u00e4\u00dfigkeit, die es in ihre Arbeit bringt, zu sch\u00e4tzen wissen. <\/p>\n<p data-start=\"1610\" data-end=\"1830\"><!--more--><\/p>\n<h4>Vorteile :<\/h4>\n<ul>\n<li><strong>Praktisch<\/strong>: Verhindert, dass die Steaks aneinander kleben.<\/li>\n<li><strong>Hygienisch<\/strong>: Sch\u00fctzt jede Fleischportion.<\/li>\n<li><strong>Sparsam<\/strong>: Packung mit 470 Blatt.<\/li>\n<li><strong>Vielseitig<\/strong> einsetzbar: ideal f\u00fcr Metzger, Caterer, Restaurants oder Privathaushalte.<\/li>\n<li><strong>Zeitersparnis<\/strong>: erleichtert die Lagerung, das Einfrieren und die Handhabung.<\/li>\n<\/ul>\n<p>&nbsp;<\/p>\n<p><!--more--><\/p>\n<h4>Weitere Informationen :<\/h4>\n<ul>\n<li><strong>Verpackung<\/strong>: Packung mit 470<\/li>\n<li><strong>Ma\u00dfe<\/strong>: 11 x 8 cm<\/li>\n<li><strong>Gewicht<\/strong>: 0,22 gr<\/li>\n<li><strong>Farbe<\/strong>: Wei\u00df<\/li>\n<\/ul>\n<p>&nbsp;<\/p>\n<p><!--more--><\/p>\n<p><a href=\"https:\/\/www.csj-emballages.com\/de\/categorie-produit\/lebensmittelverpackungen\/metzgerei-und-feinkostgeschaft\/trennblatter\/\">Sehen Sie sich den Rest unseres Sortiments an Trennbl\u00e4ttern f\u00fcr Steaks an<\/a><\/p>\n","protected":false},"excerpt":{"rendered":"<p>Trennblatt Beschreibung von unserem Trennblatt Steak oval 11 x 8 cm pro 470<\/p>\n","protected":false},"featured_media":279027,"template":"","meta":{"_acf_changed":false},"product_brand":[],"product_cat":[1170,3165],"product_tag":[],"class_list":{"0":"post-22710","1":"product","2":"type-product","3":"status-publish","4":"has-post-thumbnail","6":"product_cat-metzgerei-und-feinkostgeschaft","7":"product_cat-trennblatter","9":"first","10":"instock","11":"taxable","12":"shipping-taxable","13":"purchasable","14":"product-type-simple"},"acf":[],"yoast_head":"<!-- This site is optimized with the Yoast SEO Premium plugin v26.6 (Yoast SEO v26.6) - https:\/\/yoast.com\/wordpress\/plugins\/seo\/ -->\n<title>Trennblatt Steak Oval 11 x 8 cm pro 470<\/title>\n<meta name=\"description\" content=\"Ovale Steak-Trennbl\u00e4tter 11 x 8 cm \u2013 Set mit 470 St\u00fcck. Praktisch und hygienisch, ideal zum Lagern, Einfrieren und Handhaben Ihres Fleisches.\" \/>\n<meta name=\"robots\" content=\"index, follow, max-snippet:-1, max-image-preview:large, max-video-preview:-1\" \/>\n<link rel=\"canonical\" href=\"https:\/\/www.csj-emballages.com\/de\/produit\/470-ovale-blaetter-fuer-steak-11-x-8-cm\/\" \/>\n<meta property=\"og:locale\" content=\"de_DE\" \/>\n<meta property=\"og:type\" content=\"article\" \/>\n<meta property=\"og:title\" content=\"Trennblatt Steak oval 11 x 8 cm pro 2000\" \/>\n<meta property=\"og:description\" content=\"Ovale Steak-Trennbl\u00e4tter 11 x 8 cm \u2013 Set mit 470 St\u00fcck. Praktisch und hygienisch, ideal zum Lagern, Einfrieren und Handhaben Ihres Fleisches.\" \/>\n<meta property=\"og:url\" content=\"https:\/\/www.csj-emballages.com\/de\/produit\/470-ovale-blaetter-fuer-steak-11-x-8-cm\/\" \/>\n<meta property=\"og:site_name\" content=\"CSJ Emballages\" \/>\n<meta property=\"article:publisher\" content=\"https:\/\/www.facebook.com\/csjemballages\" \/>\n<meta property=\"article:modified_time\" content=\"2026-05-04T00:13:00+00:00\" \/>\n<meta property=\"og:image\" content=\"https:\/\/www.csj-emballages.com\/wp-content\/uploads\/2024\/03\/PS118.webp\" \/>\n\t<meta property=\"og:image:width\" content=\"800\" \/>\n\t<meta property=\"og:image:height\" content=\"800\" \/>\n\t<meta property=\"og:image:type\" content=\"image\/webp\" \/>\n<meta name=\"twitter:card\" content=\"summary_large_image\" \/>\n<meta name=\"twitter:label1\" content=\"Gesch\u00e4tzte Lesezeit\" \/>\n\t<meta name=\"twitter:data1\" content=\"1\u00a0Minute\" \/>\n<script type=\"application\/ld+json\" class=\"yoast-schema-graph\">{\"@context\":\"https:\/\/schema.org\",\"@graph\":[{\"@type\":\"WebPage\",\"@id\":\"https:\/\/www.csj-emballages.com\/de\/produit\/470-ovale-blaetter-fuer-steak-11-x-8-cm\/\",\"url\":\"https:\/\/www.csj-emballages.com\/de\/produit\/470-ovale-blaetter-fuer-steak-11-x-8-cm\/\",\"name\":\"Trennblatt Steak Oval 11 x 8 cm pro 470\",\"isPartOf\":{\"@id\":\"https:\/\/www.csj-emballages.com\/de\/#website\"},\"primaryImageOfPage\":{\"@id\":\"https:\/\/www.csj-emballages.com\/de\/produit\/470-ovale-blaetter-fuer-steak-11-x-8-cm\/#primaryimage\"},\"image\":{\"@id\":\"https:\/\/www.csj-emballages.com\/de\/produit\/470-ovale-blaetter-fuer-steak-11-x-8-cm\/#primaryimage\"},\"thumbnailUrl\":\"https:\/\/www.csj-emballages.com\/wp-content\/uploads\/2024\/03\/PS118.webp\",\"datePublished\":\"2024-03-01T15:50:22+00:00\",\"dateModified\":\"2026-05-04T00:13:00+00:00\",\"description\":\"Ovale Steak-Trennbl\u00e4tter 11 x 8 cm \u2013 Set mit 470 St\u00fcck. Praktisch und hygienisch, ideal zum Lagern, Einfrieren und Handhaben Ihres Fleisches.\",\"breadcrumb\":{\"@id\":\"https:\/\/www.csj-emballages.com\/de\/produit\/470-ovale-blaetter-fuer-steak-11-x-8-cm\/#breadcrumb\"},\"inLanguage\":\"de\",\"potentialAction\":[{\"@type\":\"ReadAction\",\"target\":[\"https:\/\/www.csj-emballages.com\/de\/produit\/470-ovale-blaetter-fuer-steak-11-x-8-cm\/\"]}]},{\"@type\":\"ImageObject\",\"inLanguage\":\"de\",\"@id\":\"https:\/\/www.csj-emballages.com\/de\/produit\/470-ovale-blaetter-fuer-steak-11-x-8-cm\/#primaryimage\",\"url\":\"https:\/\/www.csj-emballages.com\/wp-content\/uploads\/2024\/03\/PS118.webp\",\"contentUrl\":\"https:\/\/www.csj-emballages.com\/wp-content\/uploads\/2024\/03\/PS118.webp\",\"width\":800,\"height\":800,\"caption\":\"Feuille de s\u00e9paration steak\"},{\"@type\":\"BreadcrumbList\",\"@id\":\"https:\/\/www.csj-emballages.com\/de\/produit\/470-ovale-blaetter-fuer-steak-11-x-8-cm\/#breadcrumb\",\"itemListElement\":[{\"@type\":\"ListItem\",\"position\":1,\"name\":\"Accueil\",\"item\":\"https:\/\/www.csj-emballages.com\/de\/universum-lebensmittelverpackungen\/\"},{\"@type\":\"ListItem\",\"position\":2,\"name\":\"Shop\",\"item\":\"https:\/\/www.csj-emballages.com\/shop\/\"},{\"@type\":\"ListItem\",\"position\":3,\"name\":\"Trennblatt Steak oval 11 x 8 cm pro 2000\"}]},{\"@type\":\"WebSite\",\"@id\":\"https:\/\/www.csj-emballages.com\/de\/#website\",\"url\":\"https:\/\/www.csj-emballages.com\/de\/\",\"name\":\"CSJ Emballages\",\"description\":\"\",\"publisher\":{\"@id\":\"https:\/\/www.csj-emballages.com\/de\/#organization\"},\"potentialAction\":[{\"@type\":\"SearchAction\",\"target\":{\"@type\":\"EntryPoint\",\"urlTemplate\":\"https:\/\/www.csj-emballages.com\/de\/?s={search_term_string}\"},\"query-input\":{\"@type\":\"PropertyValueSpecification\",\"valueRequired\":true,\"valueName\":\"search_term_string\"}}],\"inLanguage\":\"de\"},{\"@type\":\"Organization\",\"@id\":\"https:\/\/www.csj-emballages.com\/de\/#Organization\/\",\"name\":\"CSJ Emballages\",\"url\":\"https:\/\/www.csj-emballages.com\/de\/\",\"logo\":{\"@type\":\"ImageObject\",\"inLanguage\":\"de\",\"@id\":\"https:\/\/www.csj-emballages.com\/de\/#\/schema\/logo\/image\/\",\"url\":\"https:\/\/www.csj-emballages.com\/wp-content\/uploads\/2023\/10\/logo_csj.webp\",\"contentUrl\":\"https:\/\/www.csj-emballages.com\/wp-content\/uploads\/2023\/10\/logo_csj.webp\",\"width\":250,\"height\":95,\"caption\":\"CSJ Emballages\"},\"image\":{\"@id\":\"https:\/\/www.csj-emballages.com\/de\/#\/schema\/logo\/image\/\"},\"sameAs\":[\"https:\/\/www.facebook.com\/csjemballages\"],\"address\":{\"@type\":\"PostalAddress\",\"streetAddress\":\"ZI La Lechere\",\"addressLocality\":\"Patornay\",\"postalCode\":\"39130\",\"addressCountry\":\"FR\"},\"contactPoint\":[{\"@type\":\"ContactPoint\",\"contactType\":\"Service client\",\"telephone\":\"0384254272\",\"email\":\"contact@csj-emballages.com\"}]}]}<\/script>\n<!-- \/ Yoast SEO Premium plugin. -->","yoast_head_json":{"title":"Trennblatt Steak Oval 11 x 8 cm pro 470","description":"Ovale Steak-Trennbl\u00e4tter 11 x 8 cm \u2013 Set mit 470 St\u00fcck. Praktisch und hygienisch, ideal zum Lagern, Einfrieren und Handhaben Ihres Fleisches.","robots":{"index":"index","follow":"follow","max-snippet":"max-snippet:-1","max-image-preview":"max-image-preview:large","max-video-preview":"max-video-preview:-1"},"canonical":"https:\/\/www.csj-emballages.com\/de\/produit\/470-ovale-blaetter-fuer-steak-11-x-8-cm\/","og_locale":"de_DE","og_type":"article","og_title":"Trennblatt Steak oval 11 x 8 cm pro 2000","og_description":"Ovale Steak-Trennbl\u00e4tter 11 x 8 cm \u2013 Set mit 470 St\u00fcck. Praktisch und hygienisch, ideal zum Lagern, Einfrieren und Handhaben Ihres Fleisches.","og_url":"https:\/\/www.csj-emballages.com\/de\/produit\/470-ovale-blaetter-fuer-steak-11-x-8-cm\/","og_site_name":"CSJ Emballages","article_publisher":"https:\/\/www.facebook.com\/csjemballages","article_modified_time":"2026-05-04T00:13:00+00:00","og_image":[{"width":800,"height":800,"url":"https:\/\/www.csj-emballages.com\/wp-content\/uploads\/2024\/03\/PS118.webp","type":"image\/webp"}],"twitter_card":"summary_large_image","twitter_misc":{"Gesch\u00e4tzte Lesezeit":"1\u00a0Minute"},"schema":{"@context":"https:\/\/schema.org","@graph":[{"@type":"WebPage","@id":"https:\/\/www.csj-emballages.com\/de\/produit\/470-ovale-blaetter-fuer-steak-11-x-8-cm\/","url":"https:\/\/www.csj-emballages.com\/de\/produit\/470-ovale-blaetter-fuer-steak-11-x-8-cm\/","name":"Trennblatt Steak Oval 11 x 8 cm pro 470","isPartOf":{"@id":"https:\/\/www.csj-emballages.com\/de\/#website"},"primaryImageOfPage":{"@id":"https:\/\/www.csj-emballages.com\/de\/produit\/470-ovale-blaetter-fuer-steak-11-x-8-cm\/#primaryimage"},"image":{"@id":"https:\/\/www.csj-emballages.com\/de\/produit\/470-ovale-blaetter-fuer-steak-11-x-8-cm\/#primaryimage"},"thumbnailUrl":"https:\/\/www.csj-emballages.com\/wp-content\/uploads\/2024\/03\/PS118.webp","datePublished":"2024-03-01T15:50:22+00:00","dateModified":"2026-05-04T00:13:00+00:00","description":"Ovale Steak-Trennbl\u00e4tter 11 x 8 cm \u2013 Set mit 470 St\u00fcck. Praktisch und hygienisch, ideal zum Lagern, Einfrieren und Handhaben Ihres Fleisches.","breadcrumb":{"@id":"https:\/\/www.csj-emballages.com\/de\/produit\/470-ovale-blaetter-fuer-steak-11-x-8-cm\/#breadcrumb"},"inLanguage":"de","potentialAction":[{"@type":"ReadAction","target":["https:\/\/www.csj-emballages.com\/de\/produit\/470-ovale-blaetter-fuer-steak-11-x-8-cm\/"]}]},{"@type":"ImageObject","inLanguage":"de","@id":"https:\/\/www.csj-emballages.com\/de\/produit\/470-ovale-blaetter-fuer-steak-11-x-8-cm\/#primaryimage","url":"https:\/\/www.csj-emballages.com\/wp-content\/uploads\/2024\/03\/PS118.webp","contentUrl":"https:\/\/www.csj-emballages.com\/wp-content\/uploads\/2024\/03\/PS118.webp","width":800,"height":800,"caption":"Feuille de s\u00e9paration steak"},{"@type":"BreadcrumbList","@id":"https:\/\/www.csj-emballages.com\/de\/produit\/470-ovale-blaetter-fuer-steak-11-x-8-cm\/#breadcrumb","itemListElement":[{"@type":"ListItem","position":1,"name":"Accueil","item":"https:\/\/www.csj-emballages.com\/de\/universum-lebensmittelverpackungen\/"},{"@type":"ListItem","position":2,"name":"Shop","item":"https:\/\/www.csj-emballages.com\/shop\/"},{"@type":"ListItem","position":3,"name":"Trennblatt Steak oval 11 x 8 cm pro 2000"}]},{"@type":"WebSite","@id":"https:\/\/www.csj-emballages.com\/de\/#website","url":"https:\/\/www.csj-emballages.com\/de\/","name":"CSJ Emballages","description":"","publisher":{"@id":"https:\/\/www.csj-emballages.com\/de\/#organization"},"potentialAction":[{"@type":"SearchAction","target":{"@type":"EntryPoint","urlTemplate":"https:\/\/www.csj-emballages.com\/de\/?s={search_term_string}"},"query-input":{"@type":"PropertyValueSpecification","valueRequired":true,"valueName":"search_term_string"}}],"inLanguage":"de"},{"@type":"Organization","@id":"https:\/\/www.csj-emballages.com\/de\/#Organization\/","name":"CSJ Emballages","url":"https:\/\/www.csj-emballages.com\/de\/","logo":{"@type":"ImageObject","inLanguage":"de","@id":"https:\/\/www.csj-emballages.com\/de\/#\/schema\/logo\/image\/","url":"https:\/\/www.csj-emballages.com\/wp-content\/uploads\/2023\/10\/logo_csj.webp","contentUrl":"https:\/\/www.csj-emballages.com\/wp-content\/uploads\/2023\/10\/logo_csj.webp","width":250,"height":95,"caption":"CSJ Emballages"},"image":{"@id":"https:\/\/www.csj-emballages.com\/de\/#\/schema\/logo\/image\/"},"sameAs":["https:\/\/www.facebook.com\/csjemballages"],"address":{"@type":"PostalAddress","streetAddress":"ZI La Lechere","addressLocality":"Patornay","postalCode":"39130","addressCountry":"FR"},"contactPoint":[{"@type":"ContactPoint","contactType":"Service client","telephone":"0384254272","email":"contact@csj-emballages.com"}]}]}},"df_price":20.68,"df_sale_price":"","df_regular_price":20.68,"df_image_link":"https:\/\/www.csj-emballages.com\/wp-content\/uploads\/2024\/03\/PS118-300x300.webp","tiered_pricing_type":"fixed","tiered_pricing_fixed_rules":[],"tiered_pricing_percentage_rules":[],"tiered_pricing_minimum":1,"tiered_pricing_roles_data":[],"_links":{"self":[{"href":"https:\/\/www.csj-emballages.com\/de\/wp-json\/wp\/v2\/product\/22710","targetHints":{"allow":["GET"]}}],"collection":[{"href":"https:\/\/www.csj-emballages.com\/de\/wp-json\/wp\/v2\/product"}],"about":[{"href":"https:\/\/www.csj-emballages.com\/de\/wp-json\/wp\/v2\/types\/product"}],"wp:featuredmedia":[{"embeddable":true,"href":"https:\/\/www.csj-emballages.com\/de\/wp-json\/wp\/v2\/media\/279027"}],"wp:attachment":[{"href":"https:\/\/www.csj-emballages.com\/de\/wp-json\/wp\/v2\/media?parent=22710"}],"wp:term":[{"taxonomy":"product_brand","embeddable":true,"href":"https:\/\/www.csj-emballages.com\/de\/wp-json\/wp\/v2\/product_brand?post=22710"},{"taxonomy":"product_cat","embeddable":true,"href":"https:\/\/www.csj-emballages.com\/de\/wp-json\/wp\/v2\/product_cat?post=22710"},{"taxonomy":"product_tag","embeddable":true,"href":"https:\/\/www.csj-emballages.com\/de\/wp-json\/wp\/v2\/product_tag?post=22710"}],"curies":[{"name":"wp","href":"https:\/\/api.w.org\/{rel}","templated":true}]}}