{"id":22705,"date":"2024-03-01T16:50:24","date_gmt":"2024-03-01T15:50:24","guid":{"rendered":"https:\/\/u15jnbdpoq.preview.infomaniak.website\/produit\/200-plastik-pizzastativ-37-mm\/"},"modified":"2026-05-02T02:11:42","modified_gmt":"2026-05-02T00:11:42","slug":"200-plastik-pizzastativ-37-mm","status":"publish","type":"product","link":"https:\/\/www.csj-emballages.com\/de\/produit\/200-plastik-pizzastativ-37-mm\/","title":{"rendered":"Plastik-Pizzastativ 37 mm pro 200"},"content":{"rendered":"<h2>Pizzastativ<\/h2>\n<div style=\"text-align: left;\">\n<hr>\n<h3 style=\"text-align: left;\">Entdecken Sie unser Pizzastativ aus Kunststoff 37 mm pro 200<\/h3>\n<p><!--more--><\/p>\n<div style=\"text-align: left;\">\n<p data-start=\"311\" data-end=\"620\">Wenn Sie eine hei\u00dfe Pizza versenden, m\u00f6chten Sie, dass sie bei Ihrem Kunden genau so ankommt, wie sie aus dem Ofen gekommen ist: sch\u00f6n, unversehrt und appetitlich. Genau aus diesem Grund wird dieses <strong data-start=\"509\" data-end=\"550\">37-mm-Pizzastativ aus Kunststoff<\/strong>, das im <strong>Set mit 200 St\u00fcck<\/strong> verkauft wird, zu einem unverzichtbaren Bestandteil Ihrer K\u00fcche. <\/p>\n<p data-start=\"622\" data-end=\"1010\">Sobald Sie ihn in der <strong>Mitte der Pizza<\/strong> platzieren, sch\u00fctzt er den Belag wirksam vor dem Zerdr\u00fccken durch den Schachteldeckel. Schluss mit am Karton klebenden Pizzen, zerdr\u00fccktem K\u00e4se oder verdorbener Pr\u00e4sentation: Ihre Zubereitung bleibt vom Ofen bis zum Tisch makellos. Dank seiner Gr\u00f6\u00dfe von <strong>37 mm<\/strong> bietet er die ideale H\u00f6he, um den n\u00f6tigen Platz zu erhalten und gleichzeitig unauff\u00e4llig zu bleiben.  <\/p>\n<p data-start=\"1012\" data-end=\"1292\">Ebenso sorgt sein <strong>lebensmittelechter Kunststoff<\/strong> f\u00fcr eine sichere Verwendung. Er ist sehr hitzebest\u00e4ndig, verformt sich nicht und ist geruchsneutral. Sie k\u00f6nnen ihn f\u00fcr alle Arten von Pizzen verwenden: klassische, gro\u00dfz\u00fcgige, stark belegte oder sogar d\u00fcnnere Formate.  <\/p>\n<p data-start=\"1294\" data-end=\"1570\">Au\u00dferdem verf\u00fcgen Sie mit der Verpackung von <strong data-start=\"1336\" data-end=\"1350\">200 St\u00fcck<\/strong> \u00fcber einen komfortablen Vorrat, der sich perfekt f\u00fcr regelm\u00e4\u00dfige oder intensive Aktivit\u00e4ten eignet. Mit dieser Charge sparen Sie Zeit im Service und bieten gleichzeitig eine professionelle und gepflegte Pr\u00e4sentation bei jeder Bestellung. <\/p>\n<p data-start=\"1572\" data-end=\"1785\">Dieses <strong>kleine Zubeh\u00f6r<\/strong>, das oft vergessen wird, aber schrecklich n\u00fctzlich ist, zeugt von Ihrer Liebe zum Detail. Es zeigt Ihren Kunden, dass Sie bis zum letzten Moment auf Qualit\u00e4t achten: sogar w\u00e4hrend des Transports. <\/p>\n<p data-start=\"1572\" data-end=\"1785\">\n<p data-start=\"1836\" data-end=\"2037\"><!--more--><\/p>\n<\/div>\n<h4>Vorteile :<\/h4>\n<ul>\n<li data-start=\"1813\" data-end=\"1861\"><strong>Sch\u00fctzt die Pizza<\/strong> in der Schachtel vor dem Zerdr\u00fccken.<\/li>\n<li data-start=\"1864\" data-end=\"1919\">Beh\u00e4lt eine sch\u00f6ne Pr\u00e4sentation bis zur Lieferung bei.<\/li>\n<li data-start=\"1922\" data-end=\"1973\"><strong>Gr\u00f6\u00dfe 37 mm<\/strong> perfekt f\u00fcr alle Pizzagr\u00f6\u00dfen.<\/li>\n<li data-start=\"1976\" data-end=\"2022\">Hitzebest\u00e4ndiger, lebensmittelechter Kunststoff.<\/li>\n<li data-start=\"2025\" data-end=\"2066\">Sehr unauff\u00e4llig, aber schrecklich effektiv.<\/li>\n<li data-start=\"2069\" data-end=\"2099\">Lot von <strong>200 St\u00fcck<\/strong>.<\/li>\n<li data-start=\"2102\" data-end=\"2162\">Ideal f\u00fcr Pizzerien, Food Trucks und Lieferdienste.<\/li>\n<\/ul>\n<p>&nbsp;<\/p>\n<p><!--more--><\/p>\n<h4>Weitere Informationen :<\/h4>\n<ul>\n<li><strong>Verpackung<\/strong>: Packung mit 200 St\u00fcck<\/li>\n<li><strong>H\u00f6he<\/strong>: 37 mm<\/li>\n<li><strong>Material<\/strong>: PP<\/li>\n<li><strong>Farbe<\/strong>: Wei\u00df<\/li>\n<\/ul>\n<\/div>\n<p>&nbsp;<\/p>\n<p><!--more--><\/p>\n<div style=\"text-align: left;\">\n<div style=\"text-align: left;\">\n<div style=\"text-align: left;\">\n<div style=\"text-align: left;\">\n<p><a href=\"https:\/\/www.csj-emballages.com\/de\/categorie-produit\/lebensmittelverpackungen\/restauration-de\/dosen-schalen-beutel-konen\/pizzakartons\/\"><span style=\"text-decoration: underline;\">Sehen Sie sich den Rest unseres Sortiments an Pizzakartons an<\/span><\/a><\/p>\n<\/div>\n<\/div>\n<\/div>\n<\/div>\n","protected":false},"excerpt":{"rendered":"<p>Pizzastativ Entdecken Sie unser Pizzastativ aus Kunststoff 37 mm pro 200<\/p>\n","protected":false},"featured_media":255316,"template":"","meta":{"_acf_changed":false},"product_brand":[],"product_cat":[1134,2234],"product_tag":[],"class_list":{"0":"post-22705","1":"product","2":"type-product","3":"status-publish","4":"has-post-thumbnail","6":"product_cat-restauration-de","7":"product_cat-pizzakartons","9":"first","10":"instock","11":"taxable","12":"shipping-taxable","13":"purchasable","14":"product-type-simple"},"acf":[],"yoast_head":"<!-- This site is optimized with the Yoast SEO Premium plugin v26.6 (Yoast SEO v26.6) - https:\/\/yoast.com\/wordpress\/plugins\/seo\/ -->\n<title>Pizzastativ Kunststoff 37 mm pro 200<\/title>\n<meta name=\"description\" content=\"Pizzastativ 37 mm pro 200 St\u00fcck. Unentbehrliches Zubeh\u00f6r, um das Zerdr\u00fccken von Pizzen zu verhindern und eine sch\u00f6ne Pr\u00e4sentation bis zur Lieferung zu gew\u00e4hrleisten.\" \/>\n<meta name=\"robots\" content=\"index, follow, max-snippet:-1, max-image-preview:large, max-video-preview:-1\" \/>\n<link rel=\"canonical\" href=\"https:\/\/www.csj-emballages.com\/de\/produit\/200-plastik-pizzastativ-37-mm\/\" \/>\n<meta property=\"og:locale\" content=\"de_DE\" \/>\n<meta property=\"og:type\" content=\"article\" \/>\n<meta property=\"og:title\" content=\"Plastik-Pizzastativ 37 mm pro 200\" \/>\n<meta property=\"og:description\" content=\"Pizzastativ 37 mm pro 200 St\u00fcck. Unentbehrliches Zubeh\u00f6r, um das Zerdr\u00fccken von Pizzen zu verhindern und eine sch\u00f6ne Pr\u00e4sentation bis zur Lieferung zu gew\u00e4hrleisten.\" \/>\n<meta property=\"og:url\" content=\"https:\/\/www.csj-emballages.com\/de\/produit\/200-plastik-pizzastativ-37-mm\/\" \/>\n<meta property=\"og:site_name\" content=\"CSJ Emballages\" \/>\n<meta property=\"article:publisher\" content=\"https:\/\/www.facebook.com\/csjemballages\" \/>\n<meta property=\"article:modified_time\" content=\"2026-05-02T00:11:42+00:00\" \/>\n<meta property=\"og:image\" content=\"https:\/\/www.csj-emballages.com\/wp-content\/uploads\/2024\/03\/Trepied-a-pizza.webp\" \/>\n\t<meta property=\"og:image:width\" content=\"800\" \/>\n\t<meta property=\"og:image:height\" content=\"800\" \/>\n\t<meta property=\"og:image:type\" content=\"image\/webp\" \/>\n<meta name=\"twitter:card\" content=\"summary_large_image\" \/>\n<meta name=\"twitter:label1\" content=\"Gesch\u00e4tzte Lesezeit\" \/>\n\t<meta name=\"twitter:data1\" content=\"2 Minuten\" \/>\n<script type=\"application\/ld+json\" class=\"yoast-schema-graph\">{\"@context\":\"https:\/\/schema.org\",\"@graph\":[{\"@type\":\"WebPage\",\"@id\":\"https:\/\/www.csj-emballages.com\/de\/produit\/200-plastik-pizzastativ-37-mm\/\",\"url\":\"https:\/\/www.csj-emballages.com\/de\/produit\/200-plastik-pizzastativ-37-mm\/\",\"name\":\"Pizzastativ Kunststoff 37 mm pro 200\",\"isPartOf\":{\"@id\":\"https:\/\/www.csj-emballages.com\/de\/#website\"},\"primaryImageOfPage\":{\"@id\":\"https:\/\/www.csj-emballages.com\/de\/produit\/200-plastik-pizzastativ-37-mm\/#primaryimage\"},\"image\":{\"@id\":\"https:\/\/www.csj-emballages.com\/de\/produit\/200-plastik-pizzastativ-37-mm\/#primaryimage\"},\"thumbnailUrl\":\"https:\/\/www.csj-emballages.com\/wp-content\/uploads\/2024\/03\/Trepied-a-pizza.webp\",\"datePublished\":\"2024-03-01T15:50:24+00:00\",\"dateModified\":\"2026-05-02T00:11:42+00:00\",\"description\":\"Pizzastativ 37 mm pro 200 St\u00fcck. Unentbehrliches Zubeh\u00f6r, um das Zerdr\u00fccken von Pizzen zu verhindern und eine sch\u00f6ne Pr\u00e4sentation bis zur Lieferung zu gew\u00e4hrleisten.\",\"breadcrumb\":{\"@id\":\"https:\/\/www.csj-emballages.com\/de\/produit\/200-plastik-pizzastativ-37-mm\/#breadcrumb\"},\"inLanguage\":\"de\",\"potentialAction\":[{\"@type\":\"ReadAction\",\"target\":[\"https:\/\/www.csj-emballages.com\/de\/produit\/200-plastik-pizzastativ-37-mm\/\"]}]},{\"@type\":\"ImageObject\",\"inLanguage\":\"de\",\"@id\":\"https:\/\/www.csj-emballages.com\/de\/produit\/200-plastik-pizzastativ-37-mm\/#primaryimage\",\"url\":\"https:\/\/www.csj-emballages.com\/wp-content\/uploads\/2024\/03\/Trepied-a-pizza.webp\",\"contentUrl\":\"https:\/\/www.csj-emballages.com\/wp-content\/uploads\/2024\/03\/Trepied-a-pizza.webp\",\"width\":800,\"height\":800,\"caption\":\"Tr\u00e9pied \u00e0 pizza\"},{\"@type\":\"BreadcrumbList\",\"@id\":\"https:\/\/www.csj-emballages.com\/de\/produit\/200-plastik-pizzastativ-37-mm\/#breadcrumb\",\"itemListElement\":[{\"@type\":\"ListItem\",\"position\":1,\"name\":\"Accueil\",\"item\":\"https:\/\/www.csj-emballages.com\/de\/universum-lebensmittelverpackungen\/\"},{\"@type\":\"ListItem\",\"position\":2,\"name\":\"Shop\",\"item\":\"https:\/\/www.csj-emballages.com\/shop\/\"},{\"@type\":\"ListItem\",\"position\":3,\"name\":\"Plastik-Pizzastativ 37 mm pro 200\"}]},{\"@type\":\"WebSite\",\"@id\":\"https:\/\/www.csj-emballages.com\/de\/#website\",\"url\":\"https:\/\/www.csj-emballages.com\/de\/\",\"name\":\"CSJ Emballages\",\"description\":\"\",\"publisher\":{\"@id\":\"https:\/\/www.csj-emballages.com\/de\/#organization\"},\"potentialAction\":[{\"@type\":\"SearchAction\",\"target\":{\"@type\":\"EntryPoint\",\"urlTemplate\":\"https:\/\/www.csj-emballages.com\/de\/?s={search_term_string}\"},\"query-input\":{\"@type\":\"PropertyValueSpecification\",\"valueRequired\":true,\"valueName\":\"search_term_string\"}}],\"inLanguage\":\"de\"},{\"@type\":\"Organization\",\"@id\":\"https:\/\/www.csj-emballages.com\/de\/#Organization\/\",\"name\":\"CSJ Emballages\",\"url\":\"https:\/\/www.csj-emballages.com\/de\/\",\"logo\":{\"@type\":\"ImageObject\",\"inLanguage\":\"de\",\"@id\":\"https:\/\/www.csj-emballages.com\/de\/#\/schema\/logo\/image\/\",\"url\":\"https:\/\/www.csj-emballages.com\/wp-content\/uploads\/2023\/10\/logo_csj.webp\",\"contentUrl\":\"https:\/\/www.csj-emballages.com\/wp-content\/uploads\/2023\/10\/logo_csj.webp\",\"width\":250,\"height\":95,\"caption\":\"CSJ Emballages\"},\"image\":{\"@id\":\"https:\/\/www.csj-emballages.com\/de\/#\/schema\/logo\/image\/\"},\"sameAs\":[\"https:\/\/www.facebook.com\/csjemballages\"],\"address\":{\"@type\":\"PostalAddress\",\"streetAddress\":\"ZI La Lechere\",\"addressLocality\":\"Patornay\",\"postalCode\":\"39130\",\"addressCountry\":\"FR\"},\"contactPoint\":[{\"@type\":\"ContactPoint\",\"contactType\":\"Service client\",\"telephone\":\"0384254272\",\"email\":\"contact@csj-emballages.com\"}]}]}<\/script>\n<!-- \/ Yoast SEO Premium plugin. -->","yoast_head_json":{"title":"Pizzastativ Kunststoff 37 mm pro 200","description":"Pizzastativ 37 mm pro 200 St\u00fcck. Unentbehrliches Zubeh\u00f6r, um das Zerdr\u00fccken von Pizzen zu verhindern und eine sch\u00f6ne Pr\u00e4sentation bis zur Lieferung zu gew\u00e4hrleisten.","robots":{"index":"index","follow":"follow","max-snippet":"max-snippet:-1","max-image-preview":"max-image-preview:large","max-video-preview":"max-video-preview:-1"},"canonical":"https:\/\/www.csj-emballages.com\/de\/produit\/200-plastik-pizzastativ-37-mm\/","og_locale":"de_DE","og_type":"article","og_title":"Plastik-Pizzastativ 37 mm pro 200","og_description":"Pizzastativ 37 mm pro 200 St\u00fcck. Unentbehrliches Zubeh\u00f6r, um das Zerdr\u00fccken von Pizzen zu verhindern und eine sch\u00f6ne Pr\u00e4sentation bis zur Lieferung zu gew\u00e4hrleisten.","og_url":"https:\/\/www.csj-emballages.com\/de\/produit\/200-plastik-pizzastativ-37-mm\/","og_site_name":"CSJ Emballages","article_publisher":"https:\/\/www.facebook.com\/csjemballages","article_modified_time":"2026-05-02T00:11:42+00:00","og_image":[{"width":800,"height":800,"url":"https:\/\/www.csj-emballages.com\/wp-content\/uploads\/2024\/03\/Trepied-a-pizza.webp","type":"image\/webp"}],"twitter_card":"summary_large_image","twitter_misc":{"Gesch\u00e4tzte Lesezeit":"2 Minuten"},"schema":{"@context":"https:\/\/schema.org","@graph":[{"@type":"WebPage","@id":"https:\/\/www.csj-emballages.com\/de\/produit\/200-plastik-pizzastativ-37-mm\/","url":"https:\/\/www.csj-emballages.com\/de\/produit\/200-plastik-pizzastativ-37-mm\/","name":"Pizzastativ Kunststoff 37 mm pro 200","isPartOf":{"@id":"https:\/\/www.csj-emballages.com\/de\/#website"},"primaryImageOfPage":{"@id":"https:\/\/www.csj-emballages.com\/de\/produit\/200-plastik-pizzastativ-37-mm\/#primaryimage"},"image":{"@id":"https:\/\/www.csj-emballages.com\/de\/produit\/200-plastik-pizzastativ-37-mm\/#primaryimage"},"thumbnailUrl":"https:\/\/www.csj-emballages.com\/wp-content\/uploads\/2024\/03\/Trepied-a-pizza.webp","datePublished":"2024-03-01T15:50:24+00:00","dateModified":"2026-05-02T00:11:42+00:00","description":"Pizzastativ 37 mm pro 200 St\u00fcck. Unentbehrliches Zubeh\u00f6r, um das Zerdr\u00fccken von Pizzen zu verhindern und eine sch\u00f6ne Pr\u00e4sentation bis zur Lieferung zu gew\u00e4hrleisten.","breadcrumb":{"@id":"https:\/\/www.csj-emballages.com\/de\/produit\/200-plastik-pizzastativ-37-mm\/#breadcrumb"},"inLanguage":"de","potentialAction":[{"@type":"ReadAction","target":["https:\/\/www.csj-emballages.com\/de\/produit\/200-plastik-pizzastativ-37-mm\/"]}]},{"@type":"ImageObject","inLanguage":"de","@id":"https:\/\/www.csj-emballages.com\/de\/produit\/200-plastik-pizzastativ-37-mm\/#primaryimage","url":"https:\/\/www.csj-emballages.com\/wp-content\/uploads\/2024\/03\/Trepied-a-pizza.webp","contentUrl":"https:\/\/www.csj-emballages.com\/wp-content\/uploads\/2024\/03\/Trepied-a-pizza.webp","width":800,"height":800,"caption":"Tr\u00e9pied \u00e0 pizza"},{"@type":"BreadcrumbList","@id":"https:\/\/www.csj-emballages.com\/de\/produit\/200-plastik-pizzastativ-37-mm\/#breadcrumb","itemListElement":[{"@type":"ListItem","position":1,"name":"Accueil","item":"https:\/\/www.csj-emballages.com\/de\/universum-lebensmittelverpackungen\/"},{"@type":"ListItem","position":2,"name":"Shop","item":"https:\/\/www.csj-emballages.com\/shop\/"},{"@type":"ListItem","position":3,"name":"Plastik-Pizzastativ 37 mm pro 200"}]},{"@type":"WebSite","@id":"https:\/\/www.csj-emballages.com\/de\/#website","url":"https:\/\/www.csj-emballages.com\/de\/","name":"CSJ Emballages","description":"","publisher":{"@id":"https:\/\/www.csj-emballages.com\/de\/#organization"},"potentialAction":[{"@type":"SearchAction","target":{"@type":"EntryPoint","urlTemplate":"https:\/\/www.csj-emballages.com\/de\/?s={search_term_string}"},"query-input":{"@type":"PropertyValueSpecification","valueRequired":true,"valueName":"search_term_string"}}],"inLanguage":"de"},{"@type":"Organization","@id":"https:\/\/www.csj-emballages.com\/de\/#Organization\/","name":"CSJ Emballages","url":"https:\/\/www.csj-emballages.com\/de\/","logo":{"@type":"ImageObject","inLanguage":"de","@id":"https:\/\/www.csj-emballages.com\/de\/#\/schema\/logo\/image\/","url":"https:\/\/www.csj-emballages.com\/wp-content\/uploads\/2023\/10\/logo_csj.webp","contentUrl":"https:\/\/www.csj-emballages.com\/wp-content\/uploads\/2023\/10\/logo_csj.webp","width":250,"height":95,"caption":"CSJ Emballages"},"image":{"@id":"https:\/\/www.csj-emballages.com\/de\/#\/schema\/logo\/image\/"},"sameAs":["https:\/\/www.facebook.com\/csjemballages"],"address":{"@type":"PostalAddress","streetAddress":"ZI La Lechere","addressLocality":"Patornay","postalCode":"39130","addressCountry":"FR"},"contactPoint":[{"@type":"ContactPoint","contactType":"Service client","telephone":"0384254272","email":"contact@csj-emballages.com"}]}]}},"df_price":6.43,"df_sale_price":"","df_regular_price":6.43,"df_image_link":"https:\/\/www.csj-emballages.com\/wp-content\/uploads\/2024\/03\/Trepied-a-pizza-300x300.webp","tiered_pricing_type":"fixed","tiered_pricing_fixed_rules":[],"tiered_pricing_percentage_rules":[],"tiered_pricing_minimum":1,"tiered_pricing_roles_data":[],"_links":{"self":[{"href":"https:\/\/www.csj-emballages.com\/de\/wp-json\/wp\/v2\/product\/22705","targetHints":{"allow":["GET"]}}],"collection":[{"href":"https:\/\/www.csj-emballages.com\/de\/wp-json\/wp\/v2\/product"}],"about":[{"href":"https:\/\/www.csj-emballages.com\/de\/wp-json\/wp\/v2\/types\/product"}],"wp:featuredmedia":[{"embeddable":true,"href":"https:\/\/www.csj-emballages.com\/de\/wp-json\/wp\/v2\/media\/255316"}],"wp:attachment":[{"href":"https:\/\/www.csj-emballages.com\/de\/wp-json\/wp\/v2\/media?parent=22705"}],"wp:term":[{"taxonomy":"product_brand","embeddable":true,"href":"https:\/\/www.csj-emballages.com\/de\/wp-json\/wp\/v2\/product_brand?post=22705"},{"taxonomy":"product_cat","embeddable":true,"href":"https:\/\/www.csj-emballages.com\/de\/wp-json\/wp\/v2\/product_cat?post=22705"},{"taxonomy":"product_tag","embeddable":true,"href":"https:\/\/www.csj-emballages.com\/de\/wp-json\/wp\/v2\/product_tag?post=22705"}],"curies":[{"name":"wp","href":"https:\/\/api.w.org\/{rel}","templated":true}]}}