{"id":226976,"date":"2025-03-08T02:18:34","date_gmt":"2025-03-08T01:18:34","guid":{"rendered":"https:\/\/www.csj-emballages.com\/?post_type=product&#038;p=226976"},"modified":"2026-04-18T02:13:02","modified_gmt":"2026-04-18T00:13:02","slug":"50-farbige-morgan-pastetenschachteln-aus-karton-23-x-5-cm","status":"publish","type":"product","link":"https:\/\/www.csj-emballages.com\/de\/produit\/50-farbige-morgan-pastetenschachteln-aus-karton-23-x-5-cm\/","title":{"rendered":"Morgan Patisserie Box Karton farbig 23 x 5 cm pro 50"},"content":{"rendered":"<h2>Konditoreischachtel<\/h2>\n<hr>\n<h3>Beschreibung unserer Backschachtel Morgan Karton farbig 23 x 5 cm pro 50<\/h3>\n<p><!--more--><\/p>\n<p data-start=\"206\" data-end=\"550\">Als Profi in Sachen Konditorei, s\u00fc\u00dfer Snack oder anspruchsvolles Catering ist diese <strong data-start=\"287\" data-end=\"332\">Morgan-Patisseriebox aus farbigem Karton<\/strong> genau das Richtige f\u00fcr Sie. Denn mit ihrem Format von <strong data-start=\"389\" data-end=\"402\">23 x 5 cm<\/strong> ist sie ideal f\u00fcr den Transport und die sorgf\u00e4ltige Pr\u00e4sentation Ihrer Kreationen: Eclairs, Torten, Kuchen etc. <\/p>\n<p data-start=\"552\" data-end=\"994\">Diese aus <strong data-start=\"565\" data-end=\"595\">festem, widerstandsf\u00e4higem Karton<\/strong> hergestellte <strong>Konditoreischachtel<\/strong> vereint <strong data-start=\"617\" data-end=\"642\">Eleganz und Praktikabilit\u00e4t<\/strong>. Ihre leuchtende Farbe ist ein Blickfang im Schaufenster oder bei der Auslieferung und spiegelt ein gepflegtes professionelles Image wider. Sie <strong data-start=\"758\" data-end=\"777\">l\u00e4sst sich<\/strong> dank des integrierten Klappsystems <strong data-start=\"758\" data-end=\"777\">leicht aufstellen<\/strong> und wieder verschlie\u00dfen. Ob f\u00fcr den t\u00e4glichen Gebrauch im Gesch\u00e4ft, f\u00fcr Sonderbestellungen oder f\u00fcr Veranstaltungen, sie wird Ihnen Zeit sparen, ohne die \u00c4sthetik zu vernachl\u00e4ssigen.   <\/p>\n<p data-start=\"996\" data-end=\"1189\">Diese <strong>Schachtel<\/strong> eignet sich auch perfekt f\u00fcr <strong data-start=\"1036\" data-end=\"1063\">Privatpersonen<\/strong>, die <strong data-start=\"1036\" data-end=\"1063\">leidenschaftlich<\/strong> gerne selbstgebackene Leckereien verschenken oder ihre Werke in einem sauberen, stabilen und attraktiven Beh\u00e4lter transportieren m\u00f6chten.<\/p>\n<p data-start=\"1191\" data-end=\"1375\">Sie wurde entwickelt, um Ihre S\u00fc\u00dfigkeiten aufzunehmen und gleichzeitig <strong data-start=\"1233\" data-end=\"1269\">Hygiene und Halt zu garantieren. <\/strong>Diese Schachtel ist au\u00dferdem recycelbar, ein echtes Plus f\u00fcr Berufst\u00e4tige, die auf ihre Umweltbelastung achten.<\/p>\n<p data-start=\"1191\" data-end=\"1375\">\n<p><!--more--><\/p>\n<p><strong>Ihre Vorteile :<\/strong><\/p>\n<ul>\n<li data-start=\"1142\" data-end=\"1224\">Langes Format ideal f\u00fcr Torten oder Kuchen.<\/li>\n<li data-start=\"1225\" data-end=\"1289\">Fester Karton f\u00fcr eine hervorragende Passform.<\/li>\n<li data-start=\"1290\" data-end=\"1359\">Ansprechendes farbiges Design, das im Schaufenster aufwertet.<\/li>\n<li data-start=\"1360\" data-end=\"1429\">Diese Konditoreidose ist recycelbar und umweltfreundlich.<\/li>\n<li data-start=\"1430\" data-end=\"1517\" data-is-last-node=\"\">Einfach zu montieren, schnell im Alltag zu verwenden.<\/li>\n<\/ul>\n<p>&nbsp;<\/p>\n<p><!--more--><\/p>\n<h4>Weitere Informationen :<\/h4>\n<ul>\n<li><strong>Verpackung<\/strong>: Packung mit 50 St\u00fcck<\/li>\n<li><strong>Ma\u00dfe<\/strong>: 23 x 5 cm<\/li>\n<li><strong>Farbe<\/strong>: Wei\u00df \/ Rosa \/ Schwarz<\/li>\n<li><strong>Modell<\/strong>: Morgan<\/li>\n<\/ul>\n<p>&nbsp;<\/p>\n<p><!--more--><\/p>\n<p>Dieses Produkt ist in verschiedenen Gr\u00f6\u00dfen erh\u00e4ltlich :<span style=\"color: #d12727;\"> <a style=\"color: #d12727;\" href=\"https:\/\/www.csj-emballages.com\/de\/produit\/50-farbige-morgan-pastetenschachteln-aus-karton-16-x-5-cm\/\">16 x 5 cm<\/a> <span style=\"color: #000000;\">\/<\/span> <a style=\"color: #d12727;\" href=\"https:\/\/www.csj-emballages.com\/de\/produit\/50-farbige-morgan-pastetenschachteln-aus-karton-16-x-8-cm\/\">16 x 8 cm<\/a> <span style=\"color: #000000;\">\/<\/span> <a style=\"color: #d12727;\" href=\"https:\/\/www.csj-emballages.com\/de\/produit\/50-farbige-morgan-pastetenschachteln-aus-karton-18-x-5-cm\/\">18 x 5 cm<\/a> <span style=\"color: #000000;\">\/<\/span> <a style=\"color: #d12727;\" href=\"https:\/\/www.csj-emballages.com\/de\/produit\/50-bunte-morgan-pastetenschachteln-aus-karton-18-x-8-cm\/\">18 x 8 cm<\/a> <span style=\"color: #000000;\">\/<\/span> <a style=\"color: #d12727;\" href=\"https:\/\/www.csj-emballages.com\/de\/produit\/50-bunte-morgan-pastetenschachteln-aus-karton-20-x-5-cm\/\">20 x 5 cm<\/a> <span style=\"color: #000000;\">\/<\/span> <a style=\"color: #d12727;\" href=\"https:\/\/www.csj-emballages.com\/de\/produit\/50-farbige-morgan-pastetenschachteln-aus-karton-20-x-8-cm\/\">20 x 8 cm<\/a> <span style=\"color: #000000;\">\/<\/span> <a style=\"color: #d12727;\" href=\"https:\/\/www.csj-emballages.com\/de\/produit\/50-farbige-morgan-pastetenschachteln-aus-karton-23-x-8-cm\/\">23 x 8 cm<\/a> <span style=\"color: #000000;\">\/<\/span> <a style=\"color: #d12727;\" href=\"https:\/\/www.csj-emballages.com\/de\/produit\/50-farbige-morgan-pastetenschachteln-aus-karton-26-x-5-cm\/\">26 x 5 cm<\/a> <span style=\"color: #000000;\">\/<\/span> <a style=\"color: #d12727;\" href=\"https:\/\/www.csj-emballages.com\/de\/produit\/50-farbige-morgan-pastetenschachteln-aus-karton-26-x-8-cm\/\">26 x 8 cm<\/a> <span style=\"color: #000000;\">\/<\/span> <a style=\"color: #d12727;\" href=\"https:\/\/www.csj-emballages.com\/de\/produit\/50-farbige-morgan-pastetenschachteln-aus-karton-29-x-5-cm\/\">29 x 5 cm<\/a> <span style=\"color: #000000;\">\/<\/span> <a style=\"color: #d12727;\" href=\"https:\/\/www.csj-emballages.com\/de\/produit\/50-farbige-morgan-pastetenschachteln-aus-karton-29-x-8-cm\/\">29 x 8 cm<\/a> <span style=\"color: #000000;\">\/<\/span> <a style=\"color: #d12727;\" href=\"https:\/\/www.csj-emballages.com\/de\/produit\/25-farbige-morgan-pastetenschachteln-aus-karton-33-x-5-cm\/\">33 x 5 cm<\/a> <span style=\"color: #000000;\">\/<\/span> <a style=\"color: #d12727;\" href=\"https:\/\/www.csj-emballages.com\/de\/produit\/25-farbige-morgan-pastetenschachteln-aus-karton-32-x-8-cm\/\">32 x 8 cm<\/a> <\/span><\/p>\n<p>&nbsp;<\/p>\n<p><!--more--><\/p>\n<p><a href=\"https:\/\/www.csj-emballages.com\/de\/categorie-produit\/lebensmittelverpackungen\/backerei-und-konditorei\/schachteln-und-etuis\/gebackschachteln\/bunte-gebackschachteln\/morgan-patisserie-dosen\/\">Sehen Sie sich den Rest unseres Sortiments an Morgan-Pastetenboxen an<\/a><\/p>\n","protected":false},"excerpt":{"rendered":"<p>Konditoreischachtel Beschreibung unserer Backschachtel Morgan Karton farbig 23 x 5 cm pro 50<\/p>\n","protected":false},"featured_media":224087,"template":"","meta":{"_acf_changed":false},"product_brand":[],"product_cat":[1137,1171,3964,1256,1261,9276],"product_tag":[],"class_list":{"0":"post-226976","1":"product","2":"type-product","3":"status-publish","4":"has-post-thumbnail","6":"product_cat-lebensmittelverpackungen","7":"product_cat-backerei-und-konditorei","8":"product_cat-schachteln-und-etuis","9":"product_cat-gebackschachteln","10":"product_cat-bunte-gebackschachteln","11":"product_cat-morgan-patisserie-dosen","13":"first","14":"outofstock","15":"taxable","16":"shipping-taxable","17":"purchasable","18":"product-type-simple"},"acf":[],"yoast_head":"<!-- This site is optimized with the Yoast SEO Premium plugin v26.6 (Yoast SEO v26.6) - https:\/\/yoast.com\/wordpress\/plugins\/seo\/ -->\n<title>Morgan Pastabox aus Karton Farbig 23 x 5 cm pro 50<\/title>\n<meta name=\"description\" content=\"Konditoreibox Morgan 23 x 5 cm aus farbigem Karton- Elegant, robust und praktisch, um Ihre Backwaren zu transportieren und zu sch\u00fctzen. Set mit 50 St\u00fcck.\" \/>\n<meta name=\"robots\" content=\"index, follow, max-snippet:-1, max-image-preview:large, max-video-preview:-1\" \/>\n<link rel=\"canonical\" href=\"https:\/\/www.csj-emballages.com\/de\/produit\/50-farbige-morgan-pastetenschachteln-aus-karton-23-x-5-cm\/\" \/>\n<meta property=\"og:locale\" content=\"de_DE\" \/>\n<meta property=\"og:type\" content=\"article\" \/>\n<meta property=\"og:title\" content=\"Morgan Patisserie Box Karton farbig 23 x 5 cm pro 50\" \/>\n<meta property=\"og:description\" content=\"Konditoreibox Morgan 23 x 5 cm aus farbigem Karton- Elegant, robust und praktisch, um Ihre Backwaren zu transportieren und zu sch\u00fctzen. Set mit 50 St\u00fcck.\" \/>\n<meta property=\"og:url\" content=\"https:\/\/www.csj-emballages.com\/de\/produit\/50-farbige-morgan-pastetenschachteln-aus-karton-23-x-5-cm\/\" \/>\n<meta property=\"og:site_name\" content=\"CSJ Emballages\" \/>\n<meta property=\"article:publisher\" content=\"https:\/\/www.facebook.com\/csjemballages\" \/>\n<meta property=\"article:modified_time\" content=\"2026-04-18T00:13:02+00:00\" \/>\n<meta property=\"og:image\" content=\"https:\/\/www.csj-emballages.com\/wp-content\/uploads\/2024\/03\/BTP335EVAN.webp\" \/>\n\t<meta property=\"og:image:width\" content=\"800\" \/>\n\t<meta property=\"og:image:height\" content=\"800\" \/>\n\t<meta property=\"og:image:type\" content=\"image\/webp\" \/>\n<meta name=\"twitter:card\" content=\"summary_large_image\" \/>\n<meta name=\"twitter:label1\" content=\"Gesch\u00e4tzte Lesezeit\" \/>\n\t<meta name=\"twitter:data1\" content=\"1\u00a0Minute\" \/>\n<script type=\"application\/ld+json\" class=\"yoast-schema-graph\">{\"@context\":\"https:\/\/schema.org\",\"@graph\":[{\"@type\":\"WebPage\",\"@id\":\"https:\/\/www.csj-emballages.com\/de\/produit\/50-farbige-morgan-pastetenschachteln-aus-karton-23-x-5-cm\/\",\"url\":\"https:\/\/www.csj-emballages.com\/de\/produit\/50-farbige-morgan-pastetenschachteln-aus-karton-23-x-5-cm\/\",\"name\":\"Morgan Pastabox aus Karton Farbig 23 x 5 cm pro 50\",\"isPartOf\":{\"@id\":\"https:\/\/www.csj-emballages.com\/de\/#website\"},\"primaryImageOfPage\":{\"@id\":\"https:\/\/www.csj-emballages.com\/de\/produit\/50-farbige-morgan-pastetenschachteln-aus-karton-23-x-5-cm\/#primaryimage\"},\"image\":{\"@id\":\"https:\/\/www.csj-emballages.com\/de\/produit\/50-farbige-morgan-pastetenschachteln-aus-karton-23-x-5-cm\/#primaryimage\"},\"thumbnailUrl\":\"https:\/\/www.csj-emballages.com\/wp-content\/uploads\/2024\/03\/BTP335EVAN.webp\",\"datePublished\":\"2025-03-08T01:18:34+00:00\",\"dateModified\":\"2026-04-18T00:13:02+00:00\",\"description\":\"Konditoreibox Morgan 23 x 5 cm aus farbigem Karton- Elegant, robust und praktisch, um Ihre Backwaren zu transportieren und zu sch\u00fctzen. Set mit 50 St\u00fcck.\",\"breadcrumb\":{\"@id\":\"https:\/\/www.csj-emballages.com\/de\/produit\/50-farbige-morgan-pastetenschachteln-aus-karton-23-x-5-cm\/#breadcrumb\"},\"inLanguage\":\"de\",\"potentialAction\":[{\"@type\":\"ReadAction\",\"target\":[\"https:\/\/www.csj-emballages.com\/de\/produit\/50-farbige-morgan-pastetenschachteln-aus-karton-23-x-5-cm\/\"]}]},{\"@type\":\"ImageObject\",\"inLanguage\":\"de\",\"@id\":\"https:\/\/www.csj-emballages.com\/de\/produit\/50-farbige-morgan-pastetenschachteln-aus-karton-23-x-5-cm\/#primaryimage\",\"url\":\"https:\/\/www.csj-emballages.com\/wp-content\/uploads\/2024\/03\/BTP335EVAN.webp\",\"contentUrl\":\"https:\/\/www.csj-emballages.com\/wp-content\/uploads\/2024\/03\/BTP335EVAN.webp\",\"width\":800,\"height\":800,\"caption\":\"Boite p\u00e2tissi\u00e8re\"},{\"@type\":\"BreadcrumbList\",\"@id\":\"https:\/\/www.csj-emballages.com\/de\/produit\/50-farbige-morgan-pastetenschachteln-aus-karton-23-x-5-cm\/#breadcrumb\",\"itemListElement\":[{\"@type\":\"ListItem\",\"position\":1,\"name\":\"Accueil\",\"item\":\"https:\/\/www.csj-emballages.com\/de\/universum-lebensmittelverpackungen\/\"},{\"@type\":\"ListItem\",\"position\":2,\"name\":\"Shop\",\"item\":\"https:\/\/www.csj-emballages.com\/shop\/\"},{\"@type\":\"ListItem\",\"position\":3,\"name\":\"Morgan Patisserie Box Karton farbig 23 x 5 cm pro 50\"}]},{\"@type\":\"WebSite\",\"@id\":\"https:\/\/www.csj-emballages.com\/de\/#website\",\"url\":\"https:\/\/www.csj-emballages.com\/de\/\",\"name\":\"CSJ Emballages\",\"description\":\"\",\"publisher\":{\"@id\":\"https:\/\/www.csj-emballages.com\/de\/#organization\"},\"potentialAction\":[{\"@type\":\"SearchAction\",\"target\":{\"@type\":\"EntryPoint\",\"urlTemplate\":\"https:\/\/www.csj-emballages.com\/de\/?s={search_term_string}\"},\"query-input\":{\"@type\":\"PropertyValueSpecification\",\"valueRequired\":true,\"valueName\":\"search_term_string\"}}],\"inLanguage\":\"de\"},{\"@type\":\"Organization\",\"@id\":\"https:\/\/www.csj-emballages.com\/de\/#Organization\/\",\"name\":\"CSJ Emballages\",\"url\":\"https:\/\/www.csj-emballages.com\/de\/\",\"logo\":{\"@type\":\"ImageObject\",\"inLanguage\":\"de\",\"@id\":\"https:\/\/www.csj-emballages.com\/de\/#\/schema\/logo\/image\/\",\"url\":\"https:\/\/www.csj-emballages.com\/wp-content\/uploads\/2023\/10\/logo_csj.webp\",\"contentUrl\":\"https:\/\/www.csj-emballages.com\/wp-content\/uploads\/2023\/10\/logo_csj.webp\",\"width\":250,\"height\":95,\"caption\":\"CSJ Emballages\"},\"image\":{\"@id\":\"https:\/\/www.csj-emballages.com\/de\/#\/schema\/logo\/image\/\"},\"sameAs\":[\"https:\/\/www.facebook.com\/csjemballages\"],\"address\":{\"@type\":\"PostalAddress\",\"streetAddress\":\"ZI La Lechere\",\"addressLocality\":\"Patornay\",\"postalCode\":\"39130\",\"addressCountry\":\"FR\"},\"contactPoint\":[{\"@type\":\"ContactPoint\",\"contactType\":\"Service client\",\"telephone\":\"0384254272\",\"email\":\"contact@csj-emballages.com\"}]}]}<\/script>\n<!-- \/ Yoast SEO Premium plugin. -->","yoast_head_json":{"title":"Morgan Pastabox aus Karton Farbig 23 x 5 cm pro 50","description":"Konditoreibox Morgan 23 x 5 cm aus farbigem Karton- Elegant, robust und praktisch, um Ihre Backwaren zu transportieren und zu sch\u00fctzen. Set mit 50 St\u00fcck.","robots":{"index":"index","follow":"follow","max-snippet":"max-snippet:-1","max-image-preview":"max-image-preview:large","max-video-preview":"max-video-preview:-1"},"canonical":"https:\/\/www.csj-emballages.com\/de\/produit\/50-farbige-morgan-pastetenschachteln-aus-karton-23-x-5-cm\/","og_locale":"de_DE","og_type":"article","og_title":"Morgan Patisserie Box Karton farbig 23 x 5 cm pro 50","og_description":"Konditoreibox Morgan 23 x 5 cm aus farbigem Karton- Elegant, robust und praktisch, um Ihre Backwaren zu transportieren und zu sch\u00fctzen. Set mit 50 St\u00fcck.","og_url":"https:\/\/www.csj-emballages.com\/de\/produit\/50-farbige-morgan-pastetenschachteln-aus-karton-23-x-5-cm\/","og_site_name":"CSJ Emballages","article_publisher":"https:\/\/www.facebook.com\/csjemballages","article_modified_time":"2026-04-18T00:13:02+00:00","og_image":[{"width":800,"height":800,"url":"https:\/\/www.csj-emballages.com\/wp-content\/uploads\/2024\/03\/BTP335EVAN.webp","type":"image\/webp"}],"twitter_card":"summary_large_image","twitter_misc":{"Gesch\u00e4tzte Lesezeit":"1\u00a0Minute"},"schema":{"@context":"https:\/\/schema.org","@graph":[{"@type":"WebPage","@id":"https:\/\/www.csj-emballages.com\/de\/produit\/50-farbige-morgan-pastetenschachteln-aus-karton-23-x-5-cm\/","url":"https:\/\/www.csj-emballages.com\/de\/produit\/50-farbige-morgan-pastetenschachteln-aus-karton-23-x-5-cm\/","name":"Morgan Pastabox aus Karton Farbig 23 x 5 cm pro 50","isPartOf":{"@id":"https:\/\/www.csj-emballages.com\/de\/#website"},"primaryImageOfPage":{"@id":"https:\/\/www.csj-emballages.com\/de\/produit\/50-farbige-morgan-pastetenschachteln-aus-karton-23-x-5-cm\/#primaryimage"},"image":{"@id":"https:\/\/www.csj-emballages.com\/de\/produit\/50-farbige-morgan-pastetenschachteln-aus-karton-23-x-5-cm\/#primaryimage"},"thumbnailUrl":"https:\/\/www.csj-emballages.com\/wp-content\/uploads\/2024\/03\/BTP335EVAN.webp","datePublished":"2025-03-08T01:18:34+00:00","dateModified":"2026-04-18T00:13:02+00:00","description":"Konditoreibox Morgan 23 x 5 cm aus farbigem Karton- Elegant, robust und praktisch, um Ihre Backwaren zu transportieren und zu sch\u00fctzen. Set mit 50 St\u00fcck.","breadcrumb":{"@id":"https:\/\/www.csj-emballages.com\/de\/produit\/50-farbige-morgan-pastetenschachteln-aus-karton-23-x-5-cm\/#breadcrumb"},"inLanguage":"de","potentialAction":[{"@type":"ReadAction","target":["https:\/\/www.csj-emballages.com\/de\/produit\/50-farbige-morgan-pastetenschachteln-aus-karton-23-x-5-cm\/"]}]},{"@type":"ImageObject","inLanguage":"de","@id":"https:\/\/www.csj-emballages.com\/de\/produit\/50-farbige-morgan-pastetenschachteln-aus-karton-23-x-5-cm\/#primaryimage","url":"https:\/\/www.csj-emballages.com\/wp-content\/uploads\/2024\/03\/BTP335EVAN.webp","contentUrl":"https:\/\/www.csj-emballages.com\/wp-content\/uploads\/2024\/03\/BTP335EVAN.webp","width":800,"height":800,"caption":"Boite p\u00e2tissi\u00e8re"},{"@type":"BreadcrumbList","@id":"https:\/\/www.csj-emballages.com\/de\/produit\/50-farbige-morgan-pastetenschachteln-aus-karton-23-x-5-cm\/#breadcrumb","itemListElement":[{"@type":"ListItem","position":1,"name":"Accueil","item":"https:\/\/www.csj-emballages.com\/de\/universum-lebensmittelverpackungen\/"},{"@type":"ListItem","position":2,"name":"Shop","item":"https:\/\/www.csj-emballages.com\/shop\/"},{"@type":"ListItem","position":3,"name":"Morgan Patisserie Box Karton farbig 23 x 5 cm pro 50"}]},{"@type":"WebSite","@id":"https:\/\/www.csj-emballages.com\/de\/#website","url":"https:\/\/www.csj-emballages.com\/de\/","name":"CSJ Emballages","description":"","publisher":{"@id":"https:\/\/www.csj-emballages.com\/de\/#organization"},"potentialAction":[{"@type":"SearchAction","target":{"@type":"EntryPoint","urlTemplate":"https:\/\/www.csj-emballages.com\/de\/?s={search_term_string}"},"query-input":{"@type":"PropertyValueSpecification","valueRequired":true,"valueName":"search_term_string"}}],"inLanguage":"de"},{"@type":"Organization","@id":"https:\/\/www.csj-emballages.com\/de\/#Organization\/","name":"CSJ Emballages","url":"https:\/\/www.csj-emballages.com\/de\/","logo":{"@type":"ImageObject","inLanguage":"de","@id":"https:\/\/www.csj-emballages.com\/de\/#\/schema\/logo\/image\/","url":"https:\/\/www.csj-emballages.com\/wp-content\/uploads\/2023\/10\/logo_csj.webp","contentUrl":"https:\/\/www.csj-emballages.com\/wp-content\/uploads\/2023\/10\/logo_csj.webp","width":250,"height":95,"caption":"CSJ Emballages"},"image":{"@id":"https:\/\/www.csj-emballages.com\/de\/#\/schema\/logo\/image\/"},"sameAs":["https:\/\/www.facebook.com\/csjemballages"],"address":{"@type":"PostalAddress","streetAddress":"ZI La Lechere","addressLocality":"Patornay","postalCode":"39130","addressCountry":"FR"},"contactPoint":[{"@type":"ContactPoint","contactType":"Service client","telephone":"0384254272","email":"contact@csj-emballages.com"}]}]}},"df_price":15.65,"df_sale_price":"","df_regular_price":15.65,"df_image_link":"https:\/\/www.csj-emballages.com\/wp-content\/uploads\/2024\/03\/BTP335EVAN-300x300.webp","tiered_pricing_type":"fixed","tiered_pricing_fixed_rules":[],"tiered_pricing_percentage_rules":[],"tiered_pricing_minimum":1,"tiered_pricing_roles_data":[],"_links":{"self":[{"href":"https:\/\/www.csj-emballages.com\/de\/wp-json\/wp\/v2\/product\/226976","targetHints":{"allow":["GET"]}}],"collection":[{"href":"https:\/\/www.csj-emballages.com\/de\/wp-json\/wp\/v2\/product"}],"about":[{"href":"https:\/\/www.csj-emballages.com\/de\/wp-json\/wp\/v2\/types\/product"}],"wp:featuredmedia":[{"embeddable":true,"href":"https:\/\/www.csj-emballages.com\/de\/wp-json\/wp\/v2\/media\/224087"}],"wp:attachment":[{"href":"https:\/\/www.csj-emballages.com\/de\/wp-json\/wp\/v2\/media?parent=226976"}],"wp:term":[{"taxonomy":"product_brand","embeddable":true,"href":"https:\/\/www.csj-emballages.com\/de\/wp-json\/wp\/v2\/product_brand?post=226976"},{"taxonomy":"product_cat","embeddable":true,"href":"https:\/\/www.csj-emballages.com\/de\/wp-json\/wp\/v2\/product_cat?post=226976"},{"taxonomy":"product_tag","embeddable":true,"href":"https:\/\/www.csj-emballages.com\/de\/wp-json\/wp\/v2\/product_tag?post=226976"}],"curies":[{"name":"wp","href":"https:\/\/api.w.org\/{rel}","templated":true}]}}