{"id":226958,"date":"2025-03-07T02:18:53","date_gmt":"2025-03-07T01:18:53","guid":{"rendered":"https:\/\/www.csj-emballages.com\/?post_type=product&#038;p=226958"},"modified":"2026-04-15T02:18:06","modified_gmt":"2026-04-15T00:18:06","slug":"weises-heissiegelbares-papier-25-x-32-cm-in-10-kg","status":"publish","type":"product","link":"https:\/\/www.csj-emballages.com\/de\/produit\/weises-heissiegelbares-papier-25-x-32-cm-in-10-kg\/","title":{"rendered":"Wei\u00dfes Hei\u00dfsiegelpapier 25 x 32 cm in 10 kg"},"content":{"rendered":"<h2>Hei\u00dfsiegelbares Papier<\/h2>\n<hr>\n<h3>Beschreibung unseres wei\u00dfen Hei\u00dfsiegelpapiers 25 x 32 cm in 10 kg<\/h3>\n<p><!--more--><\/p>\n<p class=\"\" data-start=\"31\" data-end=\"433\">Das <strong data-start=\"34\" data-end=\"86\">wei\u00dfe Hei\u00dfsiegelpapier 25 x 32 cm in 10 kg<\/strong> ist ein Muss f\u00fcr Caterer, Restaurants und Privatpersonen, die eine optimale Aufbewahrung ihrer Lebensmittelzubereitungen gew\u00e4hrleisten m\u00f6chten. Es wurde f\u00fcr die Verwendung mit einem Hei\u00dfsiegelger\u00e4t entwickelt und garantiert eine sichere und luftdichte Versiegelung, die ein Auslaufen verhindert und die Frische der Lebensmittel bewahrt. Dank seines gro\u00dfz\u00fcgigen Formats von <strong>25 x 32 cm<\/strong> passt er auf eine Vielzahl von Schalen und Verpackungen und bietet so eine vielseitige und effiziente L\u00f6sung. Seine Zusammensetzung erm\u00f6glicht eine perfekte Haftung beim <strong>Hei\u00dfsiegeln<\/strong> und sorgt daf\u00fcr, dass <strong data-start=\"700\" data-end=\"720\">warme oder kalte<\/strong> Speisen w\u00e4hrend des Transports und der Lagerung optimal gehalten werden.   <\/p>\n<p data-start=\"31\" data-end=\"433\">\n<p data-start=\"108\" data-end=\"487\"><!--more--><\/p>\n<h4>Ihre Vorteile :<\/h4>\n<ul>\n<li data-start=\"513\" data-end=\"610\"><strong data-start=\"1021\" data-end=\"1044\">Hermetische Versiegelung<\/strong>: Optimaler Schutz vor Auslaufen und Verunreinigungen.<\/li>\n<li data-start=\"611\" data-end=\"701\"><strong data-start=\"1108\" data-end=\"1134\">L\u00e4ngere Haltbarkeit<\/strong>: Dieses hei\u00dfsiegelf\u00e4hige Papier h\u00e4lt Lebensmittel frisch und qualitativ hochwertig.<\/li>\n<li data-start=\"790\" data-end=\"888\"><strong data-start=\"1191\" data-end=\"1205\">Vielseitig<\/strong>: Geeignet f\u00fcr warme und kalte Speisen.<\/li>\n<li data-start=\"889\" data-end=\"981\"><strong data-start=\"1249\" data-end=\"1279\">Gro\u00dfe Gr\u00f6\u00dfe (25 x 32 cm)<\/strong>: Passt in viele Beh\u00e4lter.<\/li>\n<li data-start=\"889\" data-end=\"981\"><strong data-start=\"1321\" data-end=\"1349\">10-kg-Verpackung<\/strong>: Sparsames Format f\u00fcr den regelm\u00e4\u00dfigen Gebrauch.<\/li>\n<\/ul>\n<p>&nbsp;<\/p>\n<p><!--more--><\/p>\n<h4>Weitere Informationen :<\/h4>\n<ul>\n<li><strong>Verpackung<\/strong>: 10kg-Karton<\/li>\n<li><strong>Ma\u00dfe<\/strong>: 25 x 32 cm<\/li>\n<li><strong>Material<\/strong>: Papier<\/li>\n<li><strong>Farbe<\/strong>: Wei\u00df<\/li>\n<\/ul>\n<p>&nbsp;<\/p>\n<p><!--more--><\/p>\n<p>Dieses Produkt ist in einer anderen Gr\u00f6\u00dfe erh\u00e4ltlich : <span style=\"color: #d12727\"><a style=\"color: #d12727\" href=\"https:\/\/www.csj-emballages.com\/es\/produit\/papel-termosellable-blanco-32-x-50-cm-10-kg\/\">32 x 50 cm<\/a><\/span><\/p>\n<p>&nbsp;<\/p>\n<p><!--more--><\/p>\n<p><a href=\"https:\/\/www.csj-emballages.com\/de\/categorie-produit\/lebensmittelverpackungen\/metzgerei-und-feinkostgeschaft\/lebensmittelpapier\/heissiegelbares-papier\/\">Sehen Sie sich den Rest unseres Sortiments an Hei\u00dfsiegelpapier an<\/a><\/p>\n","protected":false},"excerpt":{"rendered":"<p>Hei\u00dfsiegelbares Papier Beschreibung unseres wei\u00dfen Hei\u00dfsiegelpapiers 25 x 32 cm in 10 kg<\/p>\n","protected":false},"featured_media":229053,"template":"","meta":{"_acf_changed":false},"product_brand":[],"product_cat":[1137,1170,2571,8145],"product_tag":[],"class_list":{"0":"post-226958","1":"product","2":"type-product","3":"status-publish","4":"has-post-thumbnail","6":"product_cat-lebensmittelverpackungen","7":"product_cat-metzgerei-und-feinkostgeschaft","8":"product_cat-lebensmittelpapier","9":"product_cat-heissiegelbares-papier","11":"first","12":"instock","13":"taxable","14":"shipping-taxable","15":"purchasable","16":"product-type-simple"},"acf":[],"yoast_head":"<!-- This site is optimized with the Yoast SEO Premium plugin v26.6 (Yoast SEO v26.6) - https:\/\/yoast.com\/wordpress\/plugins\/seo\/ -->\n<title>Hei\u00dfsiegelpapier Wei\u00df 25 x 32 cm in 10 kg<\/title>\n<meta name=\"description\" content=\"Wei\u00dfes Hei\u00dfsiegelpapier 25 x 32 cm in 10 kg. Garantiert eine sichere und luftdichte Versiegelung, verhindert das Auslaufen und h\u00e4lt die Lebensmittel frisch.\" \/>\n<meta name=\"robots\" content=\"index, follow, max-snippet:-1, max-image-preview:large, max-video-preview:-1\" \/>\n<link rel=\"canonical\" href=\"https:\/\/www.csj-emballages.com\/de\/produit\/weises-heissiegelbares-papier-25-x-32-cm-in-10-kg\/\" \/>\n<meta property=\"og:locale\" content=\"de_DE\" \/>\n<meta property=\"og:type\" content=\"article\" \/>\n<meta property=\"og:title\" content=\"Wei\u00dfes Hei\u00dfsiegelpapier 25 x 32 cm in 10 kg\" \/>\n<meta property=\"og:description\" content=\"Wei\u00dfes Hei\u00dfsiegelpapier 25 x 32 cm in 10 kg. Garantiert eine sichere und luftdichte Versiegelung, verhindert das Auslaufen und h\u00e4lt die Lebensmittel frisch.\" \/>\n<meta property=\"og:url\" content=\"https:\/\/www.csj-emballages.com\/de\/produit\/weises-heissiegelbares-papier-25-x-32-cm-in-10-kg\/\" \/>\n<meta property=\"og:site_name\" content=\"CSJ Emballages\" \/>\n<meta property=\"article:publisher\" content=\"https:\/\/www.facebook.com\/csjemballages\" \/>\n<meta property=\"article:modified_time\" content=\"2026-04-15T00:18:06+00:00\" \/>\n<meta property=\"og:image\" content=\"https:\/\/www.csj-emballages.com\/wp-content\/uploads\/2025\/03\/papier-thermo.webp\" \/>\n\t<meta property=\"og:image:width\" content=\"800\" \/>\n\t<meta property=\"og:image:height\" content=\"800\" \/>\n\t<meta property=\"og:image:type\" content=\"image\/webp\" \/>\n<meta name=\"twitter:card\" content=\"summary_large_image\" \/>\n<meta name=\"twitter:label1\" content=\"Gesch\u00e4tzte Lesezeit\" \/>\n\t<meta name=\"twitter:data1\" content=\"1\u00a0Minute\" \/>\n<script type=\"application\/ld+json\" class=\"yoast-schema-graph\">{\"@context\":\"https:\/\/schema.org\",\"@graph\":[{\"@type\":\"WebPage\",\"@id\":\"https:\/\/www.csj-emballages.com\/de\/produit\/weises-heissiegelbares-papier-25-x-32-cm-in-10-kg\/\",\"url\":\"https:\/\/www.csj-emballages.com\/de\/produit\/weises-heissiegelbares-papier-25-x-32-cm-in-10-kg\/\",\"name\":\"Hei\u00dfsiegelpapier Wei\u00df 25 x 32 cm in 10 kg\",\"isPartOf\":{\"@id\":\"https:\/\/www.csj-emballages.com\/de\/#website\"},\"primaryImageOfPage\":{\"@id\":\"https:\/\/www.csj-emballages.com\/de\/produit\/weises-heissiegelbares-papier-25-x-32-cm-in-10-kg\/#primaryimage\"},\"image\":{\"@id\":\"https:\/\/www.csj-emballages.com\/de\/produit\/weises-heissiegelbares-papier-25-x-32-cm-in-10-kg\/#primaryimage\"},\"thumbnailUrl\":\"https:\/\/www.csj-emballages.com\/wp-content\/uploads\/2025\/03\/papier-thermo.webp\",\"datePublished\":\"2025-03-07T01:18:53+00:00\",\"dateModified\":\"2026-04-15T00:18:06+00:00\",\"description\":\"Wei\u00dfes Hei\u00dfsiegelpapier 25 x 32 cm in 10 kg. Garantiert eine sichere und luftdichte Versiegelung, verhindert das Auslaufen und h\u00e4lt die Lebensmittel frisch.\",\"breadcrumb\":{\"@id\":\"https:\/\/www.csj-emballages.com\/de\/produit\/weises-heissiegelbares-papier-25-x-32-cm-in-10-kg\/#breadcrumb\"},\"inLanguage\":\"de\",\"potentialAction\":[{\"@type\":\"ReadAction\",\"target\":[\"https:\/\/www.csj-emballages.com\/de\/produit\/weises-heissiegelbares-papier-25-x-32-cm-in-10-kg\/\"]}]},{\"@type\":\"ImageObject\",\"inLanguage\":\"de\",\"@id\":\"https:\/\/www.csj-emballages.com\/de\/produit\/weises-heissiegelbares-papier-25-x-32-cm-in-10-kg\/#primaryimage\",\"url\":\"https:\/\/www.csj-emballages.com\/wp-content\/uploads\/2025\/03\/papier-thermo.webp\",\"contentUrl\":\"https:\/\/www.csj-emballages.com\/wp-content\/uploads\/2025\/03\/papier-thermo.webp\",\"width\":800,\"height\":800,\"caption\":\"Papier thermoscellable\"},{\"@type\":\"BreadcrumbList\",\"@id\":\"https:\/\/www.csj-emballages.com\/de\/produit\/weises-heissiegelbares-papier-25-x-32-cm-in-10-kg\/#breadcrumb\",\"itemListElement\":[{\"@type\":\"ListItem\",\"position\":1,\"name\":\"Accueil\",\"item\":\"https:\/\/www.csj-emballages.com\/de\/universum-lebensmittelverpackungen\/\"},{\"@type\":\"ListItem\",\"position\":2,\"name\":\"Shop\",\"item\":\"https:\/\/www.csj-emballages.com\/shop\/\"},{\"@type\":\"ListItem\",\"position\":3,\"name\":\"Wei\u00dfes Hei\u00dfsiegelpapier 25 x 32 cm in 10 kg\"}]},{\"@type\":\"WebSite\",\"@id\":\"https:\/\/www.csj-emballages.com\/de\/#website\",\"url\":\"https:\/\/www.csj-emballages.com\/de\/\",\"name\":\"CSJ Emballages\",\"description\":\"\",\"publisher\":{\"@id\":\"https:\/\/www.csj-emballages.com\/de\/#organization\"},\"potentialAction\":[{\"@type\":\"SearchAction\",\"target\":{\"@type\":\"EntryPoint\",\"urlTemplate\":\"https:\/\/www.csj-emballages.com\/de\/?s={search_term_string}\"},\"query-input\":{\"@type\":\"PropertyValueSpecification\",\"valueRequired\":true,\"valueName\":\"search_term_string\"}}],\"inLanguage\":\"de\"},{\"@type\":\"Organization\",\"@id\":\"https:\/\/www.csj-emballages.com\/de\/#Organization\/\",\"name\":\"CSJ Emballages\",\"url\":\"https:\/\/www.csj-emballages.com\/de\/\",\"logo\":{\"@type\":\"ImageObject\",\"inLanguage\":\"de\",\"@id\":\"https:\/\/www.csj-emballages.com\/de\/#\/schema\/logo\/image\/\",\"url\":\"https:\/\/www.csj-emballages.com\/wp-content\/uploads\/2023\/10\/logo_csj.webp\",\"contentUrl\":\"https:\/\/www.csj-emballages.com\/wp-content\/uploads\/2023\/10\/logo_csj.webp\",\"width\":250,\"height\":95,\"caption\":\"CSJ Emballages\"},\"image\":{\"@id\":\"https:\/\/www.csj-emballages.com\/de\/#\/schema\/logo\/image\/\"},\"sameAs\":[\"https:\/\/www.facebook.com\/csjemballages\"],\"address\":{\"@type\":\"PostalAddress\",\"streetAddress\":\"ZI La Lechere\",\"addressLocality\":\"Patornay\",\"postalCode\":\"39130\",\"addressCountry\":\"FR\"},\"contactPoint\":[{\"@type\":\"ContactPoint\",\"contactType\":\"Service client\",\"telephone\":\"0384254272\",\"email\":\"contact@csj-emballages.com\"}]}]}<\/script>\n<!-- \/ Yoast SEO Premium plugin. -->","yoast_head_json":{"title":"Hei\u00dfsiegelpapier Wei\u00df 25 x 32 cm in 10 kg","description":"Wei\u00dfes Hei\u00dfsiegelpapier 25 x 32 cm in 10 kg. Garantiert eine sichere und luftdichte Versiegelung, verhindert das Auslaufen und h\u00e4lt die Lebensmittel frisch.","robots":{"index":"index","follow":"follow","max-snippet":"max-snippet:-1","max-image-preview":"max-image-preview:large","max-video-preview":"max-video-preview:-1"},"canonical":"https:\/\/www.csj-emballages.com\/de\/produit\/weises-heissiegelbares-papier-25-x-32-cm-in-10-kg\/","og_locale":"de_DE","og_type":"article","og_title":"Wei\u00dfes Hei\u00dfsiegelpapier 25 x 32 cm in 10 kg","og_description":"Wei\u00dfes Hei\u00dfsiegelpapier 25 x 32 cm in 10 kg. Garantiert eine sichere und luftdichte Versiegelung, verhindert das Auslaufen und h\u00e4lt die Lebensmittel frisch.","og_url":"https:\/\/www.csj-emballages.com\/de\/produit\/weises-heissiegelbares-papier-25-x-32-cm-in-10-kg\/","og_site_name":"CSJ Emballages","article_publisher":"https:\/\/www.facebook.com\/csjemballages","article_modified_time":"2026-04-15T00:18:06+00:00","og_image":[{"width":800,"height":800,"url":"https:\/\/www.csj-emballages.com\/wp-content\/uploads\/2025\/03\/papier-thermo.webp","type":"image\/webp"}],"twitter_card":"summary_large_image","twitter_misc":{"Gesch\u00e4tzte Lesezeit":"1\u00a0Minute"},"schema":{"@context":"https:\/\/schema.org","@graph":[{"@type":"WebPage","@id":"https:\/\/www.csj-emballages.com\/de\/produit\/weises-heissiegelbares-papier-25-x-32-cm-in-10-kg\/","url":"https:\/\/www.csj-emballages.com\/de\/produit\/weises-heissiegelbares-papier-25-x-32-cm-in-10-kg\/","name":"Hei\u00dfsiegelpapier Wei\u00df 25 x 32 cm in 10 kg","isPartOf":{"@id":"https:\/\/www.csj-emballages.com\/de\/#website"},"primaryImageOfPage":{"@id":"https:\/\/www.csj-emballages.com\/de\/produit\/weises-heissiegelbares-papier-25-x-32-cm-in-10-kg\/#primaryimage"},"image":{"@id":"https:\/\/www.csj-emballages.com\/de\/produit\/weises-heissiegelbares-papier-25-x-32-cm-in-10-kg\/#primaryimage"},"thumbnailUrl":"https:\/\/www.csj-emballages.com\/wp-content\/uploads\/2025\/03\/papier-thermo.webp","datePublished":"2025-03-07T01:18:53+00:00","dateModified":"2026-04-15T00:18:06+00:00","description":"Wei\u00dfes Hei\u00dfsiegelpapier 25 x 32 cm in 10 kg. Garantiert eine sichere und luftdichte Versiegelung, verhindert das Auslaufen und h\u00e4lt die Lebensmittel frisch.","breadcrumb":{"@id":"https:\/\/www.csj-emballages.com\/de\/produit\/weises-heissiegelbares-papier-25-x-32-cm-in-10-kg\/#breadcrumb"},"inLanguage":"de","potentialAction":[{"@type":"ReadAction","target":["https:\/\/www.csj-emballages.com\/de\/produit\/weises-heissiegelbares-papier-25-x-32-cm-in-10-kg\/"]}]},{"@type":"ImageObject","inLanguage":"de","@id":"https:\/\/www.csj-emballages.com\/de\/produit\/weises-heissiegelbares-papier-25-x-32-cm-in-10-kg\/#primaryimage","url":"https:\/\/www.csj-emballages.com\/wp-content\/uploads\/2025\/03\/papier-thermo.webp","contentUrl":"https:\/\/www.csj-emballages.com\/wp-content\/uploads\/2025\/03\/papier-thermo.webp","width":800,"height":800,"caption":"Papier thermoscellable"},{"@type":"BreadcrumbList","@id":"https:\/\/www.csj-emballages.com\/de\/produit\/weises-heissiegelbares-papier-25-x-32-cm-in-10-kg\/#breadcrumb","itemListElement":[{"@type":"ListItem","position":1,"name":"Accueil","item":"https:\/\/www.csj-emballages.com\/de\/universum-lebensmittelverpackungen\/"},{"@type":"ListItem","position":2,"name":"Shop","item":"https:\/\/www.csj-emballages.com\/shop\/"},{"@type":"ListItem","position":3,"name":"Wei\u00dfes Hei\u00dfsiegelpapier 25 x 32 cm in 10 kg"}]},{"@type":"WebSite","@id":"https:\/\/www.csj-emballages.com\/de\/#website","url":"https:\/\/www.csj-emballages.com\/de\/","name":"CSJ Emballages","description":"","publisher":{"@id":"https:\/\/www.csj-emballages.com\/de\/#organization"},"potentialAction":[{"@type":"SearchAction","target":{"@type":"EntryPoint","urlTemplate":"https:\/\/www.csj-emballages.com\/de\/?s={search_term_string}"},"query-input":{"@type":"PropertyValueSpecification","valueRequired":true,"valueName":"search_term_string"}}],"inLanguage":"de"},{"@type":"Organization","@id":"https:\/\/www.csj-emballages.com\/de\/#Organization\/","name":"CSJ Emballages","url":"https:\/\/www.csj-emballages.com\/de\/","logo":{"@type":"ImageObject","inLanguage":"de","@id":"https:\/\/www.csj-emballages.com\/de\/#\/schema\/logo\/image\/","url":"https:\/\/www.csj-emballages.com\/wp-content\/uploads\/2023\/10\/logo_csj.webp","contentUrl":"https:\/\/www.csj-emballages.com\/wp-content\/uploads\/2023\/10\/logo_csj.webp","width":250,"height":95,"caption":"CSJ Emballages"},"image":{"@id":"https:\/\/www.csj-emballages.com\/de\/#\/schema\/logo\/image\/"},"sameAs":["https:\/\/www.facebook.com\/csjemballages"],"address":{"@type":"PostalAddress","streetAddress":"ZI La Lechere","addressLocality":"Patornay","postalCode":"39130","addressCountry":"FR"},"contactPoint":[{"@type":"ContactPoint","contactType":"Service client","telephone":"0384254272","email":"contact@csj-emballages.com"}]}]}},"df_price":37.75,"df_sale_price":"","df_regular_price":37.75,"df_image_link":"https:\/\/www.csj-emballages.com\/wp-content\/uploads\/2025\/03\/papier-thermo-300x300.webp","tiered_pricing_type":"fixed","tiered_pricing_fixed_rules":[],"tiered_pricing_percentage_rules":[],"tiered_pricing_minimum":1,"tiered_pricing_roles_data":[],"_links":{"self":[{"href":"https:\/\/www.csj-emballages.com\/de\/wp-json\/wp\/v2\/product\/226958","targetHints":{"allow":["GET"]}}],"collection":[{"href":"https:\/\/www.csj-emballages.com\/de\/wp-json\/wp\/v2\/product"}],"about":[{"href":"https:\/\/www.csj-emballages.com\/de\/wp-json\/wp\/v2\/types\/product"}],"wp:featuredmedia":[{"embeddable":true,"href":"https:\/\/www.csj-emballages.com\/de\/wp-json\/wp\/v2\/media\/229053"}],"wp:attachment":[{"href":"https:\/\/www.csj-emballages.com\/de\/wp-json\/wp\/v2\/media?parent=226958"}],"wp:term":[{"taxonomy":"product_brand","embeddable":true,"href":"https:\/\/www.csj-emballages.com\/de\/wp-json\/wp\/v2\/product_brand?post=226958"},{"taxonomy":"product_cat","embeddable":true,"href":"https:\/\/www.csj-emballages.com\/de\/wp-json\/wp\/v2\/product_cat?post=226958"},{"taxonomy":"product_tag","embeddable":true,"href":"https:\/\/www.csj-emballages.com\/de\/wp-json\/wp\/v2\/product_tag?post=226958"}],"curies":[{"name":"wp","href":"https:\/\/api.w.org\/{rel}","templated":true}]}}