{"id":226949,"date":"2025-03-07T02:18:44","date_gmt":"2025-03-07T01:18:44","guid":{"rendered":"https:\/\/www.csj-emballages.com\/?post_type=product&#038;p=226949"},"modified":"2026-03-20T15:03:01","modified_gmt":"2026-03-20T14:03:01","slug":"weise-thermotasche-mit-kasedruck-25-x-16-6-cm-pro-1000","status":"publish","type":"product","link":"https:\/\/www.csj-emballages.com\/de\/produit\/weise-thermotasche-mit-kasedruck-25-x-16-6-cm-pro-1000\/","title":{"rendered":"K\u00e4setasche Thermo wei\u00df 25 x 16.6 cm pro 1000"},"content":{"rendered":"<h2 class=\"p1\">K\u00e4serei-Tasche<\/h2>\n<hr>\n<h3>Beschreibung unserer K\u00e4setasche Thermo wei\u00df 25 x 16.6 cm pro 1000 St\u00fcck<\/h3>\n<p><!--more--><\/p>\n<div class=\"flex max-w-full flex-col grow\">\n<div class=\"min-h-8 text-message relative flex w-full flex-col items-end gap-2 text-start break-words whitespace-normal [.text-message+&amp;]:mt-5\" dir=\"auto\" data-message-author-role=\"assistant\" data-message-id=\"1cf90a76-2f90-4af9-82a6-726e1ff89d2d\" data-message-model-slug=\"gpt-4o\">\n<div class=\"flex w-full flex-col gap-1 empty:hidden first:pt-[3px]\">\n<div class=\"markdown prose dark:prose-invert w-full break-words dark\">\n<article class=\"text-token-text-primary w-full\" dir=\"auto\" data-testid=\"conversation-turn-10\" data-scroll-anchor=\"true\">\n<div class=\"text-base my-auto mx-auto py-5 px-6\">\n<div class=\"mx-auto flex flex-1 text-base gap-4 md:gap-5 lg:gap-6 md:max-w-3xl lg:max-w-[40rem] xl:max-w-[48rem] group\/turn-messages focus-visible:outline-hidden\" tabindex=\"-1\">\n<div class=\"group\/conversation-turn relative flex w-full min-w-0 flex-col agent-turn @xs\/thread:px-0 @sm\/thread:px-1.5 @md\/thread:px-4\">\n<div class=\"relative flex-col gap-1 md:gap-3\">\n<div class=\"flex max-w-full flex-col grow\">\n<div class=\"min-h-8 text-message relative flex w-full flex-col items-end gap-2 text-start break-words whitespace-normal [.text-message+&amp;]:mt-5\" dir=\"auto\" data-message-author-role=\"assistant\" data-message-id=\"501a8fbe-9cc6-4e38-8a4d-2da13b1b7753\" data-message-model-slug=\"gpt-4o\">\n<div class=\"flex w-full flex-col gap-1 empty:hidden first:pt-[3px]\">\n<div class=\"markdown prose dark:prose-invert w-full break-words dark\">\n<p data-start=\"0\" data-end=\"1877\">Dieser <strong>wei\u00dfe Thermo-K\u00e4sebeutel<\/strong> wurde entwickelt, um K\u00e4sern und H\u00e4ndlern eine Verpackungsl\u00f6sung zu bieten, die Hygiene, Zweckm\u00e4\u00dfigkeit und \u00c4sthetik miteinander verbindet. Das integrierte <strong>Klebesystem<\/strong> erm\u00f6glicht ein schnelles und luftdichtes Verschlie\u00dfen, wodurch ein optimaler Schutz vor Luft gew\u00e4hrleistet ist. Aus hochwertigem Material gefertigt, garantiert sie eine effektive Aufbewahrung von K\u00e4se und anderen frischen Produkten und erleichtert gleichzeitig den Transport. Ihr Format von <strong>25 x 16,6 cm<\/strong> passt sich kleinen Portionen an und macht sie somit ideal f\u00fcr die Verwendung von Kleinteilen. Neben seiner Funktionalit\u00e4t wertet sein schlichtes und professionelles Design die Produkte auf und st\u00e4rkt das Markenimage von H\u00e4ndlern, die Wert auf eine sorgf\u00e4ltige und effiziente Verpackung legen.    <\/p>\n<p data-start=\"0\" data-end=\"1877\">\n<\/div>\n<div class=\"markdown prose dark:prose-invert w-full break-words dark\">\n<p data-start=\"0\" data-end=\"1877\"><!--more--><\/p>\n<p data-start=\"0\" data-end=\"1877\">Diese <strong>selbstklebende K\u00e4setasche<\/strong> ist robust und zuverl\u00e4ssig und eignet sich perfekt f\u00fcr die Bed\u00fcrfnisse anspruchsvoller Profis. Sie verhindert das Auslaufen und garantiert eine einwandfreie Pr\u00e4sentation. Durch die einfache und schnelle Anwendung wird die Vorbereitungszeit im Gesch\u00e4ft optimiert und gleichzeitig ein besseres Kundenerlebnis gew\u00e4hrleistet. Er eignet sich f\u00fcr Lebensmittel, die aufbewahrt werden m\u00fcssen, und ist eine gute Wahl, wenn es darum geht, Qualit\u00e4t, Sicherheit und \u00c4sthetik miteinander zu verbinden. Das <strong>Thermo-Design<\/strong> sorgt f\u00fcr eine ausgezeichnete Temperaturbest\u00e4ndigkeit und verringert so die Gefahr von Feuchtigkeitssch\u00e4den. Diese <strong>K\u00e4sereiverpackung<\/strong> ist ideal f\u00fcr den t\u00e4glichen Gebrauch und bietet eine moderne und effiziente Alternative zu herk\u00f6mmlichen Verpackungen. Ihr leistungsstarker <strong>Klebstoff<\/strong> sorgt f\u00fcr einen dauerhaften Halt und erm\u00f6glicht einen sicheren Transport ohne das Risiko, dass sie unerwartet ge\u00f6ffnet wird. Kurzum, sie ist ein unverzichtbares Produkt f\u00fcr Fachleute, die Praktikabilit\u00e4t mit hygienischen Anforderungen verbinden m\u00f6chten.      <\/p>\n<\/div>\n<\/div>\n<\/div>\n<\/div>\n<\/div>\n<\/div>\n<\/div>\n<\/div>\n<\/article>\n<\/div>\n<\/div>\n<\/div>\n<\/div>\n<div class=\"flex justify-start\"><\/div>\n<p data-start=\"108\" data-end=\"487\"><!--more--><\/p>\n<h4>Ihre Vorteile :<\/h4>\n<ul>\n<li data-start=\"513\" data-end=\"610\"><strong data-start=\"515\" data-end=\"540\">Hygienisch &amp; sicher<\/strong>: Sch\u00fctzt Ihren K\u00e4se wirksam vor Verunreinigungen von au\u00dfen.<\/li>\n<li data-start=\"611\" data-end=\"701\"><strong data-start=\"613\" data-end=\"632\">Integrierter Kleber<\/strong>: erleichtert das Verschlie\u00dfen ohne zus\u00e4tzliches Zubeh\u00f6r.<\/li>\n<li data-start=\"790\" data-end=\"888\"><strong data-start=\"792\" data-end=\"814\">Schnelle Anwendung<\/strong>: Zeitersparnis f\u00fcr Berufst\u00e4tige durch einfache Handhabung.<\/li>\n<li data-start=\"889\" data-end=\"981\"><strong data-start=\"891\" data-end=\"910\">Praktisches Format<\/strong>: Diese K\u00e4setaschen sind ideal f\u00fcr verschiedene K\u00e4sesorten und andere frische Produkte.<\/li>\n<li><strong>2 Verschlussm\u00f6glichkeiten<\/strong>: Mit integriertem Klebestreifen oder durch Hei\u00dfsiegelung<\/li>\n<\/ul>\n<p>&nbsp;<\/p>\n<p><!--more--><\/p>\n<h4>Weitere Informationen :<\/h4>\n<ul>\n<li><strong>Verpackung<\/strong>: Karton mit 1000 St\u00fcck<\/li>\n<li><strong>Ma\u00dfe<\/strong>: 25 x 16.6 cm<\/li>\n<li><strong>Material<\/strong>: Papier<\/li>\n<li><strong>Farbe<\/strong>: Wei\u00df \/ Orange<\/li>\n<\/ul>\n<p>&nbsp;<\/p>\n<p><!--more--><\/p>\n<p>Dieses Produkt ist in verschiedenen Gr\u00f6\u00dfen erh\u00e4ltlich : <span style=\"color: #d12727;\"><a style=\"color: #d12727;\" href=\"https:\/\/www.csj-emballages.com\/es\/produit\/bolsa-termo-blanca-impresa-con-queso-25-x-25-cm-por-1000\/\">25 x 25 cm<\/a><\/span> \/ <span style=\"color: #d12727;\"><a style=\"color: #d12727;\" href=\"https:\/\/www.csj-emballages.com\/es\/produit\/bolsa-termica-blanca-con-impresion-de-queso-25-x-33-cm-por-500\/\">25 x 33 cm<\/a><\/span><\/p>\n<p>&nbsp;<\/p>\n<p><!--more--><\/p>\n<p><a href=\"https:\/\/www.csj-emballages.com\/de\/categorie-produit\/lebensmittelverpackungen\/metzgerei-und-feinkostgeschaft\/lebensmittelpapier\/selbstklebende-hullen\/\">Sehen Sie sich den Rest unseres Sortiments an selbstklebenden H\u00fcllen an<\/a><\/p>\n","protected":false},"excerpt":{"rendered":"<p>K\u00e4serei-Tasche Beschreibung unserer K\u00e4setasche Thermo wei\u00df 25 x 16.6 cm pro 1000 St\u00fcck<\/p>\n","protected":false},"featured_media":227216,"template":"","meta":{"_acf_changed":false},"product_brand":[],"product_cat":[1137,1170,2571,9262],"product_tag":[],"class_list":{"0":"post-226949","1":"product","2":"type-product","3":"status-publish","4":"has-post-thumbnail","6":"product_cat-lebensmittelverpackungen","7":"product_cat-metzgerei-und-feinkostgeschaft","8":"product_cat-lebensmittelpapier","9":"product_cat-selbstklebende-hullen","11":"first","12":"instock","13":"taxable","14":"shipping-taxable","15":"purchasable","16":"product-type-simple"},"acf":[],"yoast_head":"<!-- This site is optimized with the Yoast SEO Premium plugin v26.6 (Yoast SEO v26.6) - https:\/\/yoast.com\/wordpress\/plugins\/seo\/ -->\n<title>K\u00e4setasche Thermo Wei\u00df 25 x 16.6 cm pro 1000<\/title>\n<meta name=\"description\" content=\"Entdecken Sie unsere selbstklebende K\u00e4setasche Thermo wei\u00df 25 x 16,6 cm (x1000). Sie eignet sich perfekt f\u00fcr K\u00e4sereien und Cateringunternehmen und bietet einen schnellen Verschluss.\" \/>\n<meta name=\"robots\" content=\"index, follow, max-snippet:-1, max-image-preview:large, max-video-preview:-1\" \/>\n<link rel=\"canonical\" href=\"https:\/\/www.csj-emballages.com\/de\/produit\/weise-thermotasche-mit-kasedruck-25-x-16-6-cm-pro-1000\/\" \/>\n<meta property=\"og:locale\" content=\"de_DE\" \/>\n<meta property=\"og:type\" content=\"article\" \/>\n<meta property=\"og:title\" content=\"K\u00e4setasche Thermo wei\u00df 25 x 16.6 cm pro 1000\" \/>\n<meta property=\"og:description\" content=\"Entdecken Sie unsere selbstklebende K\u00e4setasche Thermo wei\u00df 25 x 16,6 cm (x1000). Sie eignet sich perfekt f\u00fcr K\u00e4sereien und Cateringunternehmen und bietet einen schnellen Verschluss.\" \/>\n<meta property=\"og:url\" content=\"https:\/\/www.csj-emballages.com\/de\/produit\/weise-thermotasche-mit-kasedruck-25-x-16-6-cm-pro-1000\/\" \/>\n<meta property=\"og:site_name\" content=\"CSJ Emballages\" \/>\n<meta property=\"article:publisher\" content=\"https:\/\/www.facebook.com\/csjemballages\" \/>\n<meta property=\"article:modified_time\" content=\"2026-03-20T14:03:01+00:00\" \/>\n<meta property=\"og:image\" content=\"https:\/\/www.csj-emballages.com\/wp-content\/uploads\/2025\/03\/pochette-fromagerie.webp\" \/>\n\t<meta property=\"og:image:width\" content=\"800\" \/>\n\t<meta property=\"og:image:height\" content=\"800\" \/>\n\t<meta property=\"og:image:type\" content=\"image\/webp\" \/>\n<meta name=\"twitter:card\" content=\"summary_large_image\" \/>\n<meta name=\"twitter:label1\" content=\"Gesch\u00e4tzte Lesezeit\" \/>\n\t<meta name=\"twitter:data1\" content=\"2 Minuten\" \/>\n<script type=\"application\/ld+json\" class=\"yoast-schema-graph\">{\"@context\":\"https:\/\/schema.org\",\"@graph\":[{\"@type\":\"WebPage\",\"@id\":\"https:\/\/www.csj-emballages.com\/de\/produit\/weise-thermotasche-mit-kasedruck-25-x-16-6-cm-pro-1000\/\",\"url\":\"https:\/\/www.csj-emballages.com\/de\/produit\/weise-thermotasche-mit-kasedruck-25-x-16-6-cm-pro-1000\/\",\"name\":\"K\u00e4setasche Thermo Wei\u00df 25 x 16.6 cm pro 1000\",\"isPartOf\":{\"@id\":\"https:\/\/www.csj-emballages.com\/de\/#website\"},\"primaryImageOfPage\":{\"@id\":\"https:\/\/www.csj-emballages.com\/de\/produit\/weise-thermotasche-mit-kasedruck-25-x-16-6-cm-pro-1000\/#primaryimage\"},\"image\":{\"@id\":\"https:\/\/www.csj-emballages.com\/de\/produit\/weise-thermotasche-mit-kasedruck-25-x-16-6-cm-pro-1000\/#primaryimage\"},\"thumbnailUrl\":\"https:\/\/www.csj-emballages.com\/wp-content\/uploads\/2025\/03\/pochette-fromagerie.webp\",\"datePublished\":\"2025-03-07T01:18:44+00:00\",\"dateModified\":\"2026-03-20T14:03:01+00:00\",\"description\":\"Entdecken Sie unsere selbstklebende K\u00e4setasche Thermo wei\u00df 25 x 16,6 cm (x1000). Sie eignet sich perfekt f\u00fcr K\u00e4sereien und Cateringunternehmen und bietet einen schnellen Verschluss.\",\"breadcrumb\":{\"@id\":\"https:\/\/www.csj-emballages.com\/de\/produit\/weise-thermotasche-mit-kasedruck-25-x-16-6-cm-pro-1000\/#breadcrumb\"},\"inLanguage\":\"de\",\"potentialAction\":[{\"@type\":\"ReadAction\",\"target\":[\"https:\/\/www.csj-emballages.com\/de\/produit\/weise-thermotasche-mit-kasedruck-25-x-16-6-cm-pro-1000\/\"]}]},{\"@type\":\"ImageObject\",\"inLanguage\":\"de\",\"@id\":\"https:\/\/www.csj-emballages.com\/de\/produit\/weise-thermotasche-mit-kasedruck-25-x-16-6-cm-pro-1000\/#primaryimage\",\"url\":\"https:\/\/www.csj-emballages.com\/wp-content\/uploads\/2025\/03\/pochette-fromagerie.webp\",\"contentUrl\":\"https:\/\/www.csj-emballages.com\/wp-content\/uploads\/2025\/03\/pochette-fromagerie.webp\",\"width\":800,\"height\":800,\"caption\":\"pochette fromagerie\"},{\"@type\":\"BreadcrumbList\",\"@id\":\"https:\/\/www.csj-emballages.com\/de\/produit\/weise-thermotasche-mit-kasedruck-25-x-16-6-cm-pro-1000\/#breadcrumb\",\"itemListElement\":[{\"@type\":\"ListItem\",\"position\":1,\"name\":\"Accueil\",\"item\":\"https:\/\/www.csj-emballages.com\/de\/universum-lebensmittelverpackungen\/\"},{\"@type\":\"ListItem\",\"position\":2,\"name\":\"Shop\",\"item\":\"https:\/\/www.csj-emballages.com\/shop\/\"},{\"@type\":\"ListItem\",\"position\":3,\"name\":\"K\u00e4setasche Thermo wei\u00df 25 x 16.6 cm pro 1000\"}]},{\"@type\":\"WebSite\",\"@id\":\"https:\/\/www.csj-emballages.com\/de\/#website\",\"url\":\"https:\/\/www.csj-emballages.com\/de\/\",\"name\":\"CSJ Emballages\",\"description\":\"\",\"publisher\":{\"@id\":\"https:\/\/www.csj-emballages.com\/de\/#organization\"},\"potentialAction\":[{\"@type\":\"SearchAction\",\"target\":{\"@type\":\"EntryPoint\",\"urlTemplate\":\"https:\/\/www.csj-emballages.com\/de\/?s={search_term_string}\"},\"query-input\":{\"@type\":\"PropertyValueSpecification\",\"valueRequired\":true,\"valueName\":\"search_term_string\"}}],\"inLanguage\":\"de\"},{\"@type\":\"Organization\",\"@id\":\"https:\/\/www.csj-emballages.com\/de\/#Organization\/\",\"name\":\"CSJ Emballages\",\"url\":\"https:\/\/www.csj-emballages.com\/de\/\",\"logo\":{\"@type\":\"ImageObject\",\"inLanguage\":\"de\",\"@id\":\"https:\/\/www.csj-emballages.com\/de\/#\/schema\/logo\/image\/\",\"url\":\"https:\/\/www.csj-emballages.com\/wp-content\/uploads\/2023\/10\/logo_csj.webp\",\"contentUrl\":\"https:\/\/www.csj-emballages.com\/wp-content\/uploads\/2023\/10\/logo_csj.webp\",\"width\":250,\"height\":95,\"caption\":\"CSJ Emballages\"},\"image\":{\"@id\":\"https:\/\/www.csj-emballages.com\/de\/#\/schema\/logo\/image\/\"},\"sameAs\":[\"https:\/\/www.facebook.com\/csjemballages\"],\"address\":{\"@type\":\"PostalAddress\",\"streetAddress\":\"ZI La Lechere\",\"addressLocality\":\"Patornay\",\"postalCode\":\"39130\",\"addressCountry\":\"FR\"},\"contactPoint\":[{\"@type\":\"ContactPoint\",\"contactType\":\"Service client\",\"telephone\":\"0384254272\",\"email\":\"contact@csj-emballages.com\"}]}]}<\/script>\n<!-- \/ Yoast SEO Premium plugin. -->","yoast_head_json":{"title":"K\u00e4setasche Thermo Wei\u00df 25 x 16.6 cm pro 1000","description":"Entdecken Sie unsere selbstklebende K\u00e4setasche Thermo wei\u00df 25 x 16,6 cm (x1000). Sie eignet sich perfekt f\u00fcr K\u00e4sereien und Cateringunternehmen und bietet einen schnellen Verschluss.","robots":{"index":"index","follow":"follow","max-snippet":"max-snippet:-1","max-image-preview":"max-image-preview:large","max-video-preview":"max-video-preview:-1"},"canonical":"https:\/\/www.csj-emballages.com\/de\/produit\/weise-thermotasche-mit-kasedruck-25-x-16-6-cm-pro-1000\/","og_locale":"de_DE","og_type":"article","og_title":"K\u00e4setasche Thermo wei\u00df 25 x 16.6 cm pro 1000","og_description":"Entdecken Sie unsere selbstklebende K\u00e4setasche Thermo wei\u00df 25 x 16,6 cm (x1000). Sie eignet sich perfekt f\u00fcr K\u00e4sereien und Cateringunternehmen und bietet einen schnellen Verschluss.","og_url":"https:\/\/www.csj-emballages.com\/de\/produit\/weise-thermotasche-mit-kasedruck-25-x-16-6-cm-pro-1000\/","og_site_name":"CSJ Emballages","article_publisher":"https:\/\/www.facebook.com\/csjemballages","article_modified_time":"2026-03-20T14:03:01+00:00","og_image":[{"width":800,"height":800,"url":"https:\/\/www.csj-emballages.com\/wp-content\/uploads\/2025\/03\/pochette-fromagerie.webp","type":"image\/webp"}],"twitter_card":"summary_large_image","twitter_misc":{"Gesch\u00e4tzte Lesezeit":"2 Minuten"},"schema":{"@context":"https:\/\/schema.org","@graph":[{"@type":"WebPage","@id":"https:\/\/www.csj-emballages.com\/de\/produit\/weise-thermotasche-mit-kasedruck-25-x-16-6-cm-pro-1000\/","url":"https:\/\/www.csj-emballages.com\/de\/produit\/weise-thermotasche-mit-kasedruck-25-x-16-6-cm-pro-1000\/","name":"K\u00e4setasche Thermo Wei\u00df 25 x 16.6 cm pro 1000","isPartOf":{"@id":"https:\/\/www.csj-emballages.com\/de\/#website"},"primaryImageOfPage":{"@id":"https:\/\/www.csj-emballages.com\/de\/produit\/weise-thermotasche-mit-kasedruck-25-x-16-6-cm-pro-1000\/#primaryimage"},"image":{"@id":"https:\/\/www.csj-emballages.com\/de\/produit\/weise-thermotasche-mit-kasedruck-25-x-16-6-cm-pro-1000\/#primaryimage"},"thumbnailUrl":"https:\/\/www.csj-emballages.com\/wp-content\/uploads\/2025\/03\/pochette-fromagerie.webp","datePublished":"2025-03-07T01:18:44+00:00","dateModified":"2026-03-20T14:03:01+00:00","description":"Entdecken Sie unsere selbstklebende K\u00e4setasche Thermo wei\u00df 25 x 16,6 cm (x1000). Sie eignet sich perfekt f\u00fcr K\u00e4sereien und Cateringunternehmen und bietet einen schnellen Verschluss.","breadcrumb":{"@id":"https:\/\/www.csj-emballages.com\/de\/produit\/weise-thermotasche-mit-kasedruck-25-x-16-6-cm-pro-1000\/#breadcrumb"},"inLanguage":"de","potentialAction":[{"@type":"ReadAction","target":["https:\/\/www.csj-emballages.com\/de\/produit\/weise-thermotasche-mit-kasedruck-25-x-16-6-cm-pro-1000\/"]}]},{"@type":"ImageObject","inLanguage":"de","@id":"https:\/\/www.csj-emballages.com\/de\/produit\/weise-thermotasche-mit-kasedruck-25-x-16-6-cm-pro-1000\/#primaryimage","url":"https:\/\/www.csj-emballages.com\/wp-content\/uploads\/2025\/03\/pochette-fromagerie.webp","contentUrl":"https:\/\/www.csj-emballages.com\/wp-content\/uploads\/2025\/03\/pochette-fromagerie.webp","width":800,"height":800,"caption":"pochette fromagerie"},{"@type":"BreadcrumbList","@id":"https:\/\/www.csj-emballages.com\/de\/produit\/weise-thermotasche-mit-kasedruck-25-x-16-6-cm-pro-1000\/#breadcrumb","itemListElement":[{"@type":"ListItem","position":1,"name":"Accueil","item":"https:\/\/www.csj-emballages.com\/de\/universum-lebensmittelverpackungen\/"},{"@type":"ListItem","position":2,"name":"Shop","item":"https:\/\/www.csj-emballages.com\/shop\/"},{"@type":"ListItem","position":3,"name":"K\u00e4setasche Thermo wei\u00df 25 x 16.6 cm pro 1000"}]},{"@type":"WebSite","@id":"https:\/\/www.csj-emballages.com\/de\/#website","url":"https:\/\/www.csj-emballages.com\/de\/","name":"CSJ Emballages","description":"","publisher":{"@id":"https:\/\/www.csj-emballages.com\/de\/#organization"},"potentialAction":[{"@type":"SearchAction","target":{"@type":"EntryPoint","urlTemplate":"https:\/\/www.csj-emballages.com\/de\/?s={search_term_string}"},"query-input":{"@type":"PropertyValueSpecification","valueRequired":true,"valueName":"search_term_string"}}],"inLanguage":"de"},{"@type":"Organization","@id":"https:\/\/www.csj-emballages.com\/de\/#Organization\/","name":"CSJ Emballages","url":"https:\/\/www.csj-emballages.com\/de\/","logo":{"@type":"ImageObject","inLanguage":"de","@id":"https:\/\/www.csj-emballages.com\/de\/#\/schema\/logo\/image\/","url":"https:\/\/www.csj-emballages.com\/wp-content\/uploads\/2023\/10\/logo_csj.webp","contentUrl":"https:\/\/www.csj-emballages.com\/wp-content\/uploads\/2023\/10\/logo_csj.webp","width":250,"height":95,"caption":"CSJ Emballages"},"image":{"@id":"https:\/\/www.csj-emballages.com\/de\/#\/schema\/logo\/image\/"},"sameAs":["https:\/\/www.facebook.com\/csjemballages"],"address":{"@type":"PostalAddress","streetAddress":"ZI La Lechere","addressLocality":"Patornay","postalCode":"39130","addressCountry":"FR"},"contactPoint":[{"@type":"ContactPoint","contactType":"Service client","telephone":"0384254272","email":"contact@csj-emballages.com"}]}]}},"df_price":60.8,"df_sale_price":"","df_regular_price":60.8,"df_image_link":"https:\/\/www.csj-emballages.com\/wp-content\/uploads\/2025\/03\/pochette-fromagerie-300x300.webp","tiered_pricing_type":"fixed","tiered_pricing_fixed_rules":[],"tiered_pricing_percentage_rules":[],"tiered_pricing_minimum":1,"tiered_pricing_roles_data":[],"_links":{"self":[{"href":"https:\/\/www.csj-emballages.com\/de\/wp-json\/wp\/v2\/product\/226949","targetHints":{"allow":["GET"]}}],"collection":[{"href":"https:\/\/www.csj-emballages.com\/de\/wp-json\/wp\/v2\/product"}],"about":[{"href":"https:\/\/www.csj-emballages.com\/de\/wp-json\/wp\/v2\/types\/product"}],"wp:featuredmedia":[{"embeddable":true,"href":"https:\/\/www.csj-emballages.com\/de\/wp-json\/wp\/v2\/media\/227216"}],"wp:attachment":[{"href":"https:\/\/www.csj-emballages.com\/de\/wp-json\/wp\/v2\/media?parent=226949"}],"wp:term":[{"taxonomy":"product_brand","embeddable":true,"href":"https:\/\/www.csj-emballages.com\/de\/wp-json\/wp\/v2\/product_brand?post=226949"},{"taxonomy":"product_cat","embeddable":true,"href":"https:\/\/www.csj-emballages.com\/de\/wp-json\/wp\/v2\/product_cat?post=226949"},{"taxonomy":"product_tag","embeddable":true,"href":"https:\/\/www.csj-emballages.com\/de\/wp-json\/wp\/v2\/product_tag?post=226949"}],"curies":[{"name":"wp","href":"https:\/\/api.w.org\/{rel}","templated":true}]}}