{"id":226923,"date":"2025-03-07T02:18:38","date_gmt":"2025-03-07T01:18:38","guid":{"rendered":"https:\/\/www.csj-emballages.com\/?post_type=product&#038;p=226923"},"modified":"2026-04-29T02:16:50","modified_gmt":"2026-04-29T00:16:50","slug":"thermotasche-weis-bedruckt-metzgerei-25-x-33-cm-pro-500","status":"publish","type":"product","link":"https:\/\/www.csj-emballages.com\/de\/produit\/thermotasche-weis-bedruckt-metzgerei-25-x-33-cm-pro-500\/","title":{"rendered":"Metzgertasche Thermo wei\u00df 25 x 33 cm pro 500"},"content":{"rendered":"<h2>Aufschnittbeutel<\/h2>\n<hr>\n<h3>Beschreibung unserer Metzgerei-Tasche Thermo wei\u00df 25 x 33 cm pro 500<\/h3>\n<p><!--more--><\/p>\n<article class=\"text-token-text-primary w-full\" dir=\"auto\" data-testid=\"conversation-turn-16\" data-scroll-anchor=\"true\">\n<div class=\"text-base my-auto mx-auto py-5 px-6\">\n<div class=\"mx-auto flex flex-1 text-base gap-4 md:gap-5 lg:gap-6 md:max-w-3xl lg:max-w-[40rem] xl:max-w-[48rem] group\/turn-messages focus-visible:outline-hidden\" tabindex=\"-1\">\n<div class=\"group\/conversation-turn relative flex w-full min-w-0 flex-col agent-turn @xs\/thread:px-0 @sm\/thread:px-1.5 @md\/thread:px-4\">\n<div class=\"relative flex-col gap-1 md:gap-3\">\n<div class=\"flex max-w-full flex-col grow\">\n<div class=\"min-h-8 text-message relative flex w-full flex-col items-end gap-2 text-start break-words whitespace-normal [.text-message+&amp;]:mt-5\" dir=\"auto\" data-message-author-role=\"assistant\" data-message-id=\"d62e6ffa-4ea5-4026-a1a5-06f5f5719fdc\" data-message-model-slug=\"gpt-4o\">\n<div class=\"flex w-full flex-col gap-1 empty:hidden first:pt-[3px]\">\n<div class=\"markdown prose dark:prose-invert w-full break-words dark\">\n<p data-start=\"0\" data-end=\"659\">Diese <strong>wei\u00dfe Thermo-Metzgertasche<\/strong> ist die ideale Verpackung, um Ihr Fleisch und Ihre Wurstwaren unter optimalen Bedingungen zu sch\u00fctzen und aufzubewahren. Mit ihrem Format von <strong>25 x 33 cm<\/strong> passt sie perfekt auf Standardportionen, erleichtert das Verpacken und sorgt gleichzeitig f\u00fcr eine saubere und gepflegte Pr\u00e4sentation. Ihr <strong>hei\u00dfsiegelf\u00e4higes<\/strong> Design erm\u00f6glicht einen luftdichten Verschluss, der verhindert, dass Luft und Feuchtigkeit die Frische der Lebensmittel beeintr\u00e4chtigen, wodurch die Haltbarkeit verl\u00e4ngert wird, ohne die Qualit\u00e4t zu beeintr\u00e4chtigen. Das robuste und widerstandsf\u00e4hige Material garantiert eine rei\u00dffeste Handhabung und sorgt f\u00fcr einen sicheren Transport und eine optimale Lagerung.   <\/p>\n<p data-start=\"661\" data-end=\"1107\">Diese <strong>selbstklebende Metzgereih\u00fclle<\/strong> wurde speziell f\u00fcr die Bed\u00fcrfnisse von <strong>Metzgereien<\/strong>, <strong>Wurstwarengesch\u00e4ften<\/strong> und <strong>Feinkostl\u00e4den<\/strong> entwickelt. Sie bietet eine wirksame Barriere gegen \u00e4u\u00dfere Verunreinigungen und erf\u00fcllt gleichzeitig die strengsten Hygienestandards. Ihr schlichtes wei\u00dfes Aussehen hebt die Produkte hervor und unterstreicht das Image Ihres Gesch\u00e4fts als qualitativ hochwertiges und professionelles Unternehmen. <\/p>\n<p data-start=\"661\" data-end=\"1107\"><!--more--><\/p>\n<p data-start=\"661\" data-end=\"1107\">Sie ist einfach zu verwenden, optimiert die Zubereitungszeit und vereinfacht die Organisation im Labor oder im Laden. Ideal f\u00fcr den Verkauf zum Mitnehmen, die Lagerung im K\u00fchlraum oder die Pr\u00e4sentation im Schaufenster, garantiert sie eine zuverl\u00e4ssige und praktische Verpackung, die den Anforderungen von Fachleuten und Privatpersonen gerecht wird. Ihre <strong>Thermostruktur<\/strong> verleiht ihr eine erh\u00f6hte Widerstandsf\u00e4higkeit gegen Temperaturschwankungen, wodurch Kondensation und Produktver\u00e4nderungen vermieden werden. Bieten Sie Ihren Kunden mit dieser <strong>Metzgereiverpackung<\/strong> eine praktische, hygienische und \u00e4sthetische L\u00f6sung f\u00fcr ein Einkaufserlebnis, das ihren Erwartungen entspricht.   <\/p>\n<\/div>\n<\/div>\n<\/div>\n<\/div>\n<\/div>\n<\/div>\n<\/div>\n<\/div>\n<\/article>\n<div class=\"pointer-events-none h-px w-px\" aria-hidden=\"true\" data-edge=\"true\"><\/div>\n<p data-start=\"108\" data-end=\"487\"><!--more--><\/p>\n<h4>Ihre Vorteile :<\/h4>\n<ul>\n<li data-start=\"749\" data-end=\"840\"><strong data-start=\"751\" data-end=\"774\">Optimaler Schutz<\/strong>: H\u00e4lt das Fleisch frisch und begrenzt das Austrocknen.<\/li>\n<li data-start=\"926\" data-end=\"1017\"><strong data-start=\"928\" data-end=\"947\">Praktisches Format<\/strong>: 25 x 33 cm, ideal f\u00fcr verschiedene Arten von Fleisch und Wurstwaren.<\/li>\n<li data-start=\"1018\" data-end=\"1109\"><strong data-start=\"1020\" data-end=\"1043\">Gewerbliche Nutzung<\/strong>: Geeignet f\u00fcr Metzgereien, Cateringunternehmen und Lebensmittelgesch\u00e4fte.<\/li>\n<li data-start=\"1110\" data-end=\"1215\"><strong data-start=\"1112\" data-end=\"1137\">Sparsam und praktisch<\/strong>: 500er-Pack, perfekt f\u00fcr den t\u00e4glichen Gebrauch in gro\u00dfen Mengen.<\/li>\n<li><strong>2 Verschlussm\u00f6glichkeiten<\/strong>: Mit integriertem Klebestreifen oder durch Hei\u00dfsiegelung<\/li>\n<\/ul>\n<p>&nbsp;<\/p>\n<p><!--more--><\/p>\n<h4>Weitere Informationen :<\/h4>\n<ul>\n<li><strong>Verpackung<\/strong>: Karton mit 500 St\u00fcck<\/li>\n<li><strong>Ma\u00dfe<\/strong>: 25 x 33 cm<\/li>\n<li><strong>Material<\/strong>: Papier<\/li>\n<li><strong>Farbe<\/strong>: Wei\u00df \/ Bordeaux<\/li>\n<\/ul>\n<p>&nbsp;<\/p>\n<p><!--more--><\/p>\n<p>Dieses Produkt ist in verschiedenen Gr\u00f6\u00dfen erh\u00e4ltlich : <span style=\"color: #d12727;\"><a style=\"color: #d12727;\" href=\"https:\/\/www.csj-emballages.com\/es\/produit\/bolsa-termica-blanca-impresa-de-carnicero-25-x-166-cm-por-1000\/\">25 x 16,6 cm<\/a><\/span> \/ <span style=\"color: #d12727;\"><a style=\"color: #d12727;\" href=\"https:\/\/www.csj-emballages.com\/es\/produit\/bolsa-termica-blanca-impresa-para-carnicerias-25-x-25-cm-por-1000\/\">25 x 25 cm<\/a><\/span><\/p>\n<p>&nbsp;<\/p>\n<p><!--more--><\/p>\n<p><a href=\"https:\/\/www.csj-emballages.com\/de\/categorie-produit\/lebensmittelverpackungen\/metzgerei-und-feinkostgeschaft\/lebensmittelpapier\/selbstklebende-hullen\/\">Sehen Sie sich den Rest unseres Sortiments an selbstklebenden H\u00fcllen an<\/a><\/p>\n","protected":false},"excerpt":{"rendered":"<p>Aufschnittbeutel Beschreibung unserer Metzgerei-Tasche Thermo wei\u00df 25 x 33 cm pro 500<\/p>\n","protected":false},"featured_media":227238,"template":"","meta":{"_acf_changed":false},"product_brand":[],"product_cat":[1137,1170,2571,9262],"product_tag":[],"class_list":{"0":"post-226923","1":"product","2":"type-product","3":"status-publish","4":"has-post-thumbnail","6":"product_cat-lebensmittelverpackungen","7":"product_cat-metzgerei-und-feinkostgeschaft","8":"product_cat-lebensmittelpapier","9":"product_cat-selbstklebende-hullen","11":"first","12":"instock","13":"taxable","14":"shipping-taxable","15":"purchasable","16":"product-type-simple"},"acf":[],"yoast_head":"<!-- This site is optimized with the Yoast SEO Premium plugin v26.6 (Yoast SEO v26.6) - https:\/\/yoast.com\/wordpress\/plugins\/seo\/ -->\n<title>Metzgerei-Tasche Thermo Wei\u00df 25 x 33 cm pro 500<\/title>\n<meta name=\"description\" content=\"Entdecken Sie die wei\u00dfe Thermo-Metzgertasche 25 x 33 cm. Sie ist ideal f\u00fcr Metzgereien und Feinkostgesch\u00e4fte und sorgt f\u00fcr Frische, Schutz und Hygiene.\" \/>\n<meta name=\"robots\" content=\"index, follow, max-snippet:-1, max-image-preview:large, max-video-preview:-1\" \/>\n<link rel=\"canonical\" href=\"https:\/\/www.csj-emballages.com\/de\/produit\/thermotasche-weis-bedruckt-metzgerei-25-x-33-cm-pro-500\/\" \/>\n<meta property=\"og:locale\" content=\"de_DE\" \/>\n<meta property=\"og:type\" content=\"article\" \/>\n<meta property=\"og:title\" content=\"Metzgertasche Thermo wei\u00df 25 x 33 cm pro 500\" \/>\n<meta property=\"og:description\" content=\"Entdecken Sie die wei\u00dfe Thermo-Metzgertasche 25 x 33 cm. Sie ist ideal f\u00fcr Metzgereien und Feinkostgesch\u00e4fte und sorgt f\u00fcr Frische, Schutz und Hygiene.\" \/>\n<meta property=\"og:url\" content=\"https:\/\/www.csj-emballages.com\/de\/produit\/thermotasche-weis-bedruckt-metzgerei-25-x-33-cm-pro-500\/\" \/>\n<meta property=\"og:site_name\" content=\"CSJ Emballages\" \/>\n<meta property=\"article:publisher\" content=\"https:\/\/www.facebook.com\/csjemballages\" \/>\n<meta property=\"article:modified_time\" content=\"2026-04-29T00:16:50+00:00\" \/>\n<meta property=\"og:image\" content=\"https:\/\/www.csj-emballages.com\/wp-content\/uploads\/2025\/03\/pochette-boucherie.webp\" \/>\n\t<meta property=\"og:image:width\" content=\"800\" \/>\n\t<meta property=\"og:image:height\" content=\"800\" \/>\n\t<meta property=\"og:image:type\" content=\"image\/webp\" \/>\n<meta name=\"twitter:card\" content=\"summary_large_image\" \/>\n<meta name=\"twitter:label1\" content=\"Gesch\u00e4tzte Lesezeit\" \/>\n\t<meta name=\"twitter:data1\" content=\"2 Minuten\" \/>\n<script type=\"application\/ld+json\" class=\"yoast-schema-graph\">{\"@context\":\"https:\/\/schema.org\",\"@graph\":[{\"@type\":\"WebPage\",\"@id\":\"https:\/\/www.csj-emballages.com\/de\/produit\/thermotasche-weis-bedruckt-metzgerei-25-x-33-cm-pro-500\/\",\"url\":\"https:\/\/www.csj-emballages.com\/de\/produit\/thermotasche-weis-bedruckt-metzgerei-25-x-33-cm-pro-500\/\",\"name\":\"Metzgerei-Tasche Thermo Wei\u00df 25 x 33 cm pro 500\",\"isPartOf\":{\"@id\":\"https:\/\/www.csj-emballages.com\/de\/#website\"},\"primaryImageOfPage\":{\"@id\":\"https:\/\/www.csj-emballages.com\/de\/produit\/thermotasche-weis-bedruckt-metzgerei-25-x-33-cm-pro-500\/#primaryimage\"},\"image\":{\"@id\":\"https:\/\/www.csj-emballages.com\/de\/produit\/thermotasche-weis-bedruckt-metzgerei-25-x-33-cm-pro-500\/#primaryimage\"},\"thumbnailUrl\":\"https:\/\/www.csj-emballages.com\/wp-content\/uploads\/2025\/03\/pochette-boucherie.webp\",\"datePublished\":\"2025-03-07T01:18:38+00:00\",\"dateModified\":\"2026-04-29T00:16:50+00:00\",\"description\":\"Entdecken Sie die wei\u00dfe Thermo-Metzgertasche 25 x 33 cm. Sie ist ideal f\u00fcr Metzgereien und Feinkostgesch\u00e4fte und sorgt f\u00fcr Frische, Schutz und Hygiene.\",\"breadcrumb\":{\"@id\":\"https:\/\/www.csj-emballages.com\/de\/produit\/thermotasche-weis-bedruckt-metzgerei-25-x-33-cm-pro-500\/#breadcrumb\"},\"inLanguage\":\"de\",\"potentialAction\":[{\"@type\":\"ReadAction\",\"target\":[\"https:\/\/www.csj-emballages.com\/de\/produit\/thermotasche-weis-bedruckt-metzgerei-25-x-33-cm-pro-500\/\"]}]},{\"@type\":\"ImageObject\",\"inLanguage\":\"de\",\"@id\":\"https:\/\/www.csj-emballages.com\/de\/produit\/thermotasche-weis-bedruckt-metzgerei-25-x-33-cm-pro-500\/#primaryimage\",\"url\":\"https:\/\/www.csj-emballages.com\/wp-content\/uploads\/2025\/03\/pochette-boucherie.webp\",\"contentUrl\":\"https:\/\/www.csj-emballages.com\/wp-content\/uploads\/2025\/03\/pochette-boucherie.webp\",\"width\":800,\"height\":800,\"caption\":\"pochette boucherie\"},{\"@type\":\"BreadcrumbList\",\"@id\":\"https:\/\/www.csj-emballages.com\/de\/produit\/thermotasche-weis-bedruckt-metzgerei-25-x-33-cm-pro-500\/#breadcrumb\",\"itemListElement\":[{\"@type\":\"ListItem\",\"position\":1,\"name\":\"Accueil\",\"item\":\"https:\/\/www.csj-emballages.com\/de\/universum-lebensmittelverpackungen\/\"},{\"@type\":\"ListItem\",\"position\":2,\"name\":\"Shop\",\"item\":\"https:\/\/www.csj-emballages.com\/shop\/\"},{\"@type\":\"ListItem\",\"position\":3,\"name\":\"Metzgertasche Thermo wei\u00df 25 x 33 cm pro 500\"}]},{\"@type\":\"WebSite\",\"@id\":\"https:\/\/www.csj-emballages.com\/de\/#website\",\"url\":\"https:\/\/www.csj-emballages.com\/de\/\",\"name\":\"CSJ Emballages\",\"description\":\"\",\"publisher\":{\"@id\":\"https:\/\/www.csj-emballages.com\/de\/#organization\"},\"potentialAction\":[{\"@type\":\"SearchAction\",\"target\":{\"@type\":\"EntryPoint\",\"urlTemplate\":\"https:\/\/www.csj-emballages.com\/de\/?s={search_term_string}\"},\"query-input\":{\"@type\":\"PropertyValueSpecification\",\"valueRequired\":true,\"valueName\":\"search_term_string\"}}],\"inLanguage\":\"de\"},{\"@type\":\"Organization\",\"@id\":\"https:\/\/www.csj-emballages.com\/de\/#Organization\/\",\"name\":\"CSJ Emballages\",\"url\":\"https:\/\/www.csj-emballages.com\/de\/\",\"logo\":{\"@type\":\"ImageObject\",\"inLanguage\":\"de\",\"@id\":\"https:\/\/www.csj-emballages.com\/de\/#\/schema\/logo\/image\/\",\"url\":\"https:\/\/www.csj-emballages.com\/wp-content\/uploads\/2023\/10\/logo_csj.webp\",\"contentUrl\":\"https:\/\/www.csj-emballages.com\/wp-content\/uploads\/2023\/10\/logo_csj.webp\",\"width\":250,\"height\":95,\"caption\":\"CSJ Emballages\"},\"image\":{\"@id\":\"https:\/\/www.csj-emballages.com\/de\/#\/schema\/logo\/image\/\"},\"sameAs\":[\"https:\/\/www.facebook.com\/csjemballages\"],\"address\":{\"@type\":\"PostalAddress\",\"streetAddress\":\"ZI La Lechere\",\"addressLocality\":\"Patornay\",\"postalCode\":\"39130\",\"addressCountry\":\"FR\"},\"contactPoint\":[{\"@type\":\"ContactPoint\",\"contactType\":\"Service client\",\"telephone\":\"0384254272\",\"email\":\"contact@csj-emballages.com\"}]}]}<\/script>\n<!-- \/ Yoast SEO Premium plugin. -->","yoast_head_json":{"title":"Metzgerei-Tasche Thermo Wei\u00df 25 x 33 cm pro 500","description":"Entdecken Sie die wei\u00dfe Thermo-Metzgertasche 25 x 33 cm. Sie ist ideal f\u00fcr Metzgereien und Feinkostgesch\u00e4fte und sorgt f\u00fcr Frische, Schutz und Hygiene.","robots":{"index":"index","follow":"follow","max-snippet":"max-snippet:-1","max-image-preview":"max-image-preview:large","max-video-preview":"max-video-preview:-1"},"canonical":"https:\/\/www.csj-emballages.com\/de\/produit\/thermotasche-weis-bedruckt-metzgerei-25-x-33-cm-pro-500\/","og_locale":"de_DE","og_type":"article","og_title":"Metzgertasche Thermo wei\u00df 25 x 33 cm pro 500","og_description":"Entdecken Sie die wei\u00dfe Thermo-Metzgertasche 25 x 33 cm. Sie ist ideal f\u00fcr Metzgereien und Feinkostgesch\u00e4fte und sorgt f\u00fcr Frische, Schutz und Hygiene.","og_url":"https:\/\/www.csj-emballages.com\/de\/produit\/thermotasche-weis-bedruckt-metzgerei-25-x-33-cm-pro-500\/","og_site_name":"CSJ Emballages","article_publisher":"https:\/\/www.facebook.com\/csjemballages","article_modified_time":"2026-04-29T00:16:50+00:00","og_image":[{"width":800,"height":800,"url":"https:\/\/www.csj-emballages.com\/wp-content\/uploads\/2025\/03\/pochette-boucherie.webp","type":"image\/webp"}],"twitter_card":"summary_large_image","twitter_misc":{"Gesch\u00e4tzte Lesezeit":"2 Minuten"},"schema":{"@context":"https:\/\/schema.org","@graph":[{"@type":"WebPage","@id":"https:\/\/www.csj-emballages.com\/de\/produit\/thermotasche-weis-bedruckt-metzgerei-25-x-33-cm-pro-500\/","url":"https:\/\/www.csj-emballages.com\/de\/produit\/thermotasche-weis-bedruckt-metzgerei-25-x-33-cm-pro-500\/","name":"Metzgerei-Tasche Thermo Wei\u00df 25 x 33 cm pro 500","isPartOf":{"@id":"https:\/\/www.csj-emballages.com\/de\/#website"},"primaryImageOfPage":{"@id":"https:\/\/www.csj-emballages.com\/de\/produit\/thermotasche-weis-bedruckt-metzgerei-25-x-33-cm-pro-500\/#primaryimage"},"image":{"@id":"https:\/\/www.csj-emballages.com\/de\/produit\/thermotasche-weis-bedruckt-metzgerei-25-x-33-cm-pro-500\/#primaryimage"},"thumbnailUrl":"https:\/\/www.csj-emballages.com\/wp-content\/uploads\/2025\/03\/pochette-boucherie.webp","datePublished":"2025-03-07T01:18:38+00:00","dateModified":"2026-04-29T00:16:50+00:00","description":"Entdecken Sie die wei\u00dfe Thermo-Metzgertasche 25 x 33 cm. Sie ist ideal f\u00fcr Metzgereien und Feinkostgesch\u00e4fte und sorgt f\u00fcr Frische, Schutz und Hygiene.","breadcrumb":{"@id":"https:\/\/www.csj-emballages.com\/de\/produit\/thermotasche-weis-bedruckt-metzgerei-25-x-33-cm-pro-500\/#breadcrumb"},"inLanguage":"de","potentialAction":[{"@type":"ReadAction","target":["https:\/\/www.csj-emballages.com\/de\/produit\/thermotasche-weis-bedruckt-metzgerei-25-x-33-cm-pro-500\/"]}]},{"@type":"ImageObject","inLanguage":"de","@id":"https:\/\/www.csj-emballages.com\/de\/produit\/thermotasche-weis-bedruckt-metzgerei-25-x-33-cm-pro-500\/#primaryimage","url":"https:\/\/www.csj-emballages.com\/wp-content\/uploads\/2025\/03\/pochette-boucherie.webp","contentUrl":"https:\/\/www.csj-emballages.com\/wp-content\/uploads\/2025\/03\/pochette-boucherie.webp","width":800,"height":800,"caption":"pochette boucherie"},{"@type":"BreadcrumbList","@id":"https:\/\/www.csj-emballages.com\/de\/produit\/thermotasche-weis-bedruckt-metzgerei-25-x-33-cm-pro-500\/#breadcrumb","itemListElement":[{"@type":"ListItem","position":1,"name":"Accueil","item":"https:\/\/www.csj-emballages.com\/de\/universum-lebensmittelverpackungen\/"},{"@type":"ListItem","position":2,"name":"Shop","item":"https:\/\/www.csj-emballages.com\/shop\/"},{"@type":"ListItem","position":3,"name":"Metzgertasche Thermo wei\u00df 25 x 33 cm pro 500"}]},{"@type":"WebSite","@id":"https:\/\/www.csj-emballages.com\/de\/#website","url":"https:\/\/www.csj-emballages.com\/de\/","name":"CSJ Emballages","description":"","publisher":{"@id":"https:\/\/www.csj-emballages.com\/de\/#organization"},"potentialAction":[{"@type":"SearchAction","target":{"@type":"EntryPoint","urlTemplate":"https:\/\/www.csj-emballages.com\/de\/?s={search_term_string}"},"query-input":{"@type":"PropertyValueSpecification","valueRequired":true,"valueName":"search_term_string"}}],"inLanguage":"de"},{"@type":"Organization","@id":"https:\/\/www.csj-emballages.com\/de\/#Organization\/","name":"CSJ Emballages","url":"https:\/\/www.csj-emballages.com\/de\/","logo":{"@type":"ImageObject","inLanguage":"de","@id":"https:\/\/www.csj-emballages.com\/de\/#\/schema\/logo\/image\/","url":"https:\/\/www.csj-emballages.com\/wp-content\/uploads\/2023\/10\/logo_csj.webp","contentUrl":"https:\/\/www.csj-emballages.com\/wp-content\/uploads\/2023\/10\/logo_csj.webp","width":250,"height":95,"caption":"CSJ Emballages"},"image":{"@id":"https:\/\/www.csj-emballages.com\/de\/#\/schema\/logo\/image\/"},"sameAs":["https:\/\/www.facebook.com\/csjemballages"],"address":{"@type":"PostalAddress","streetAddress":"ZI La Lechere","addressLocality":"Patornay","postalCode":"39130","addressCountry":"FR"},"contactPoint":[{"@type":"ContactPoint","contactType":"Service client","telephone":"0384254272","email":"contact@csj-emballages.com"}]}]}},"df_price":46.04,"df_sale_price":"","df_regular_price":46.04,"df_image_link":"https:\/\/www.csj-emballages.com\/wp-content\/uploads\/2025\/03\/pochette-boucherie-300x300.webp","tiered_pricing_type":"fixed","tiered_pricing_fixed_rules":[],"tiered_pricing_percentage_rules":[],"tiered_pricing_minimum":1,"tiered_pricing_roles_data":[],"_links":{"self":[{"href":"https:\/\/www.csj-emballages.com\/de\/wp-json\/wp\/v2\/product\/226923","targetHints":{"allow":["GET"]}}],"collection":[{"href":"https:\/\/www.csj-emballages.com\/de\/wp-json\/wp\/v2\/product"}],"about":[{"href":"https:\/\/www.csj-emballages.com\/de\/wp-json\/wp\/v2\/types\/product"}],"wp:featuredmedia":[{"embeddable":true,"href":"https:\/\/www.csj-emballages.com\/de\/wp-json\/wp\/v2\/media\/227238"}],"wp:attachment":[{"href":"https:\/\/www.csj-emballages.com\/de\/wp-json\/wp\/v2\/media?parent=226923"}],"wp:term":[{"taxonomy":"product_brand","embeddable":true,"href":"https:\/\/www.csj-emballages.com\/de\/wp-json\/wp\/v2\/product_brand?post=226923"},{"taxonomy":"product_cat","embeddable":true,"href":"https:\/\/www.csj-emballages.com\/de\/wp-json\/wp\/v2\/product_cat?post=226923"},{"taxonomy":"product_tag","embeddable":true,"href":"https:\/\/www.csj-emballages.com\/de\/wp-json\/wp\/v2\/product_tag?post=226923"}],"curies":[{"name":"wp","href":"https:\/\/api.w.org\/{rel}","templated":true}]}}