{"id":22689,"date":"2024-03-01T16:50:25","date_gmt":"2024-03-01T15:50:25","guid":{"rendered":"https:\/\/u15jnbdpoq.preview.infomaniak.website\/produit\/50-sossenglaeser-mit-aufliegendem-deckel-30-ml\/"},"modified":"2026-05-07T02:18:01","modified_gmt":"2026-05-07T00:18:01","slug":"50-sossenglaeser-mit-aufliegendem-deckel-30-ml","status":"publish","type":"product","link":"https:\/\/www.csj-emballages.com\/de\/produit\/50-sossenglaeser-mit-aufliegendem-deckel-30-ml\/","title":{"rendered":"Saucenbecher mit Scharnierdeckel, 30 ml, 50 St\u00fcck"},"content":{"rendered":"<h2>Saucentopf<\/h2>\n<hr>\n<h3>Beschreibung unseres Saucenbechers mit Scharnierdeckel, 30 ml, im 50er-Pack<\/h3>\n<p><!--more--><\/p>\n<p data-start=\"299\" data-end=\"627\">Wenn es darum geht, Saucen sauber zu servieren, z\u00e4hlt jedes Detail. Dieser <strong data-start=\"372\" data-end=\"421\">30-ml-Saucenbecher mit Scharnierdeckel<\/strong> wurde entwickelt, um den Service zu vereinfachen und dabei diskret und effizient zu bleiben. Sein kompaktes Format ist ideal, um Pommes, Burger, Nuggets, Salate oder Take-away-Gerichte zu begleiten, ohne zu viel Platz einzunehmen.  <\/p>\n<p data-start=\"629\" data-end=\"986\">Dank seines <strong>integrierten Deckels<\/strong> m\u00fcssen Sie keinen separaten Deckel mehr suchen: Er schlie\u00dft sich mit einer einfachen Bewegung und bleibt fest sitzen. Das Ergebnis: <strong>Saucen<\/strong> reisen auslaufsicher und kommen unversehrt beim Kunden an. Das ist beruhigend f\u00fcr Sie und viel angenehmer f\u00fcr Ihre Kunden. Zudem sorgt der luftdichte Verschluss daf\u00fcr, dass die <strong>Sauce<\/strong> l\u00e4nger frisch bleibt.   <\/p>\n<p data-start=\"988\" data-end=\"1259\">Der <strong>transparente Kunststoff<\/strong> bietet echten visuellen Komfort. Der Inhalt ist sofort sichtbar, was Bestellfehler vermeidet und die Arbeit in der K\u00fcche sowie am Tresen erleichtert. Ketchup, Mayonnaise, Vinaigrette oder hausgemachte Sauce: Alles ist auf einen Blick erkennbar.  <\/p>\n<p data-start=\"1261\" data-end=\"1512\">Dar\u00fcber hinaus ist sein <strong>30-ml-Format<\/strong> perfekt dosiert. Es reduziert Abfall und ist dennoch ausreichend, um ein Gericht zu begleiten. Ob Sie Gastronom, Imbissbetreiber, Food-Truck-Besitzer oder Caterer sind, dieser Becher f\u00fcgt sich nahtlos in Ihre t\u00e4gliche Organisation ein.  <\/p>\n<p data-start=\"1514\" data-end=\"1712\">Im <strong data-start=\"1520\" data-end=\"1537\">50er-Pack<\/strong> verkauft, erm\u00f6glicht er eine einfache Lagerverwaltung, ohne Platz zu beanspruchen. Es ist eine praktische, saubere und zuverl\u00e4ssige L\u00f6sung f\u00fcr einen reibungsloseren und professionelleren Take-away-Service. <\/p>\n<p data-start=\"1514\" data-end=\"1712\"><!--more--><\/p>\n<h4 data-start=\"1514\" data-end=\"1712\">Vorteile :<\/h4>\n<ul>\n<li data-start=\"1740\" data-end=\"1782\">Praktischer und sicherer <strong>Scharnierdeckel<\/strong>.<\/li>\n<li data-start=\"1785\" data-end=\"1831\">Ideales <strong>30-ml-Format<\/strong> f\u00fcr Saucen und Dips.<\/li>\n<li data-start=\"1834\" data-end=\"1888\">Transparenter Kunststoff zur schnellen Identifizierung.<\/li>\n<li data-start=\"1891\" data-end=\"1929\">Effektiver Verschluss gegen Auslaufen.<\/li>\n<li data-start=\"1932\" data-end=\"1975\"><strong>50er-Set<\/strong> f\u00fcr den professionellen Gebrauch geeignet.<\/li>\n<\/ul>\n<p>&nbsp;<\/p>\n<p><!--more--><\/p>\n<h4>Weitere Informationen :<\/h4>\n<ul>\n<li><strong>Oberer Durchmesser<\/strong>: 50 mm<\/li>\n<li><strong>Unterer Durchmesser<\/strong>: 40 mm<\/li>\n<li><strong>H\u00f6he<\/strong>: 26,6 mm<\/li>\n<li><strong>Volumen<\/strong>: 30 ml<\/li>\n<li><strong>Verpackung<\/strong>: Packung mit 50 St\u00fcck<\/li>\n<li><strong>Material<\/strong>: PP<\/li>\n<li><strong>Betriebstemperatur<\/strong>: -20\u00b0C \/ +120\u00b0C<\/li>\n<\/ul>\n<p>&nbsp;<\/p>\n<p><!--more--><\/p>\n<p>Dieses Produkt ist auch in 70 ml erh\u00e4ltlich: <span style=\"color: #d12727;\"><a style=\"color: #d12727;\" href=\"https:\/\/www.csj-emballages.com\/produit\/50-pots-a-sauce-couvercle-attenant-70-ml\/\">POT70<\/a><\/span><\/p>\n<p>&nbsp;<\/p>\n<p><!--more--><\/p>\n<p><a href=\"https:\/\/www.csj-emballages.com\/de\/categorie-produit\/lebensmittelverpackungen\/restauration-de\/topfe-schalen-becherhalter\/sosentopfe\/\">Sehen Sie sich unser restliches Sortiment an Saucenbechern an<\/a><\/p>\n","protected":false},"excerpt":{"rendered":"<p>Saucentopf Beschreibung unseres Saucenbechers mit Scharnierdeckel, 30 ml, im 50er-Pack<\/p>\n","protected":false},"featured_media":259236,"template":"","meta":{"_acf_changed":false},"product_brand":[],"product_cat":[1134,3095],"product_tag":[],"class_list":{"0":"post-22689","1":"product","2":"type-product","3":"status-publish","4":"has-post-thumbnail","6":"product_cat-restauration-de","7":"product_cat-sosentopfe","9":"first","10":"outofstock","11":"taxable","12":"shipping-taxable","13":"purchasable","14":"product-type-simple"},"acf":[],"yoast_head":"<!-- This site is optimized with the Yoast SEO Premium plugin v26.6 (Yoast SEO v26.6) - https:\/\/yoast.com\/wordpress\/plugins\/seo\/ -->\n<title>Saucenbecher mit Scharnierdeckel 30 ml, 50 St\u00fcck<\/title>\n<meta name=\"description\" content=\"Transparenter Saucenbecher 30 ml mit Scharnierdeckel, im 50er-Pack. Praktisch, luftdicht und ideal f\u00fcr Take-away und Lieferdienste.\" \/>\n<meta name=\"robots\" content=\"index, follow, max-snippet:-1, max-image-preview:large, max-video-preview:-1\" \/>\n<link rel=\"canonical\" href=\"https:\/\/www.csj-emballages.com\/de\/produit\/50-sossenglaeser-mit-aufliegendem-deckel-30-ml\/\" \/>\n<meta property=\"og:locale\" content=\"de_DE\" \/>\n<meta property=\"og:type\" content=\"article\" \/>\n<meta property=\"og:title\" content=\"Saucenbecher mit Scharnierdeckel, 30 ml, 50 St\u00fcck\" \/>\n<meta property=\"og:description\" content=\"Transparenter Saucenbecher 30 ml mit Scharnierdeckel, im 50er-Pack. Praktisch, luftdicht und ideal f\u00fcr Take-away und Lieferdienste.\" \/>\n<meta property=\"og:url\" content=\"https:\/\/www.csj-emballages.com\/de\/produit\/50-sossenglaeser-mit-aufliegendem-deckel-30-ml\/\" \/>\n<meta property=\"og:site_name\" content=\"CSJ Emballages\" \/>\n<meta property=\"article:publisher\" content=\"https:\/\/www.facebook.com\/csjemballages\" \/>\n<meta property=\"article:modified_time\" content=\"2026-05-07T00:18:01+00:00\" \/>\n<meta property=\"og:image\" content=\"https:\/\/www.csj-emballages.com\/wp-content\/uploads\/2024\/03\/POT26.webp\" \/>\n\t<meta property=\"og:image:width\" content=\"800\" \/>\n\t<meta property=\"og:image:height\" content=\"800\" \/>\n\t<meta property=\"og:image:type\" content=\"image\/webp\" \/>\n<meta name=\"twitter:card\" content=\"summary_large_image\" \/>\n<meta name=\"twitter:label1\" content=\"Gesch\u00e4tzte Lesezeit\" \/>\n\t<meta name=\"twitter:data1\" content=\"2 Minuten\" \/>\n<script type=\"application\/ld+json\" class=\"yoast-schema-graph\">{\"@context\":\"https:\/\/schema.org\",\"@graph\":[{\"@type\":\"WebPage\",\"@id\":\"https:\/\/www.csj-emballages.com\/de\/produit\/50-sossenglaeser-mit-aufliegendem-deckel-30-ml\/\",\"url\":\"https:\/\/www.csj-emballages.com\/de\/produit\/50-sossenglaeser-mit-aufliegendem-deckel-30-ml\/\",\"name\":\"Saucenbecher mit Scharnierdeckel 30 ml, 50 St\u00fcck\",\"isPartOf\":{\"@id\":\"https:\/\/www.csj-emballages.com\/de\/#website\"},\"primaryImageOfPage\":{\"@id\":\"https:\/\/www.csj-emballages.com\/de\/produit\/50-sossenglaeser-mit-aufliegendem-deckel-30-ml\/#primaryimage\"},\"image\":{\"@id\":\"https:\/\/www.csj-emballages.com\/de\/produit\/50-sossenglaeser-mit-aufliegendem-deckel-30-ml\/#primaryimage\"},\"thumbnailUrl\":\"https:\/\/www.csj-emballages.com\/wp-content\/uploads\/2024\/03\/POT26.webp\",\"datePublished\":\"2024-03-01T15:50:25+00:00\",\"dateModified\":\"2026-05-07T00:18:01+00:00\",\"description\":\"Transparenter Saucenbecher 30 ml mit Scharnierdeckel, im 50er-Pack. Praktisch, luftdicht und ideal f\u00fcr Take-away und Lieferdienste.\",\"breadcrumb\":{\"@id\":\"https:\/\/www.csj-emballages.com\/de\/produit\/50-sossenglaeser-mit-aufliegendem-deckel-30-ml\/#breadcrumb\"},\"inLanguage\":\"de\",\"potentialAction\":[{\"@type\":\"ReadAction\",\"target\":[\"https:\/\/www.csj-emballages.com\/de\/produit\/50-sossenglaeser-mit-aufliegendem-deckel-30-ml\/\"]}]},{\"@type\":\"ImageObject\",\"inLanguage\":\"de\",\"@id\":\"https:\/\/www.csj-emballages.com\/de\/produit\/50-sossenglaeser-mit-aufliegendem-deckel-30-ml\/#primaryimage\",\"url\":\"https:\/\/www.csj-emballages.com\/wp-content\/uploads\/2024\/03\/POT26.webp\",\"contentUrl\":\"https:\/\/www.csj-emballages.com\/wp-content\/uploads\/2024\/03\/POT26.webp\",\"width\":800,\"height\":800,\"caption\":\"Pot \u00e0 sauce\"},{\"@type\":\"BreadcrumbList\",\"@id\":\"https:\/\/www.csj-emballages.com\/de\/produit\/50-sossenglaeser-mit-aufliegendem-deckel-30-ml\/#breadcrumb\",\"itemListElement\":[{\"@type\":\"ListItem\",\"position\":1,\"name\":\"Accueil\",\"item\":\"https:\/\/www.csj-emballages.com\/de\/universum-lebensmittelverpackungen\/\"},{\"@type\":\"ListItem\",\"position\":2,\"name\":\"Shop\",\"item\":\"https:\/\/www.csj-emballages.com\/shop\/\"},{\"@type\":\"ListItem\",\"position\":3,\"name\":\"Saucenbecher mit Scharnierdeckel, 30 ml, 50 St\u00fcck\"}]},{\"@type\":\"WebSite\",\"@id\":\"https:\/\/www.csj-emballages.com\/de\/#website\",\"url\":\"https:\/\/www.csj-emballages.com\/de\/\",\"name\":\"CSJ Emballages\",\"description\":\"\",\"publisher\":{\"@id\":\"https:\/\/www.csj-emballages.com\/de\/#organization\"},\"potentialAction\":[{\"@type\":\"SearchAction\",\"target\":{\"@type\":\"EntryPoint\",\"urlTemplate\":\"https:\/\/www.csj-emballages.com\/de\/?s={search_term_string}\"},\"query-input\":{\"@type\":\"PropertyValueSpecification\",\"valueRequired\":true,\"valueName\":\"search_term_string\"}}],\"inLanguage\":\"de\"},{\"@type\":\"Organization\",\"@id\":\"https:\/\/www.csj-emballages.com\/de\/#Organization\/\",\"name\":\"CSJ Emballages\",\"url\":\"https:\/\/www.csj-emballages.com\/de\/\",\"logo\":{\"@type\":\"ImageObject\",\"inLanguage\":\"de\",\"@id\":\"https:\/\/www.csj-emballages.com\/de\/#\/schema\/logo\/image\/\",\"url\":\"https:\/\/www.csj-emballages.com\/wp-content\/uploads\/2023\/10\/logo_csj.webp\",\"contentUrl\":\"https:\/\/www.csj-emballages.com\/wp-content\/uploads\/2023\/10\/logo_csj.webp\",\"width\":250,\"height\":95,\"caption\":\"CSJ Emballages\"},\"image\":{\"@id\":\"https:\/\/www.csj-emballages.com\/de\/#\/schema\/logo\/image\/\"},\"sameAs\":[\"https:\/\/www.facebook.com\/csjemballages\"],\"address\":{\"@type\":\"PostalAddress\",\"streetAddress\":\"ZI La Lechere\",\"addressLocality\":\"Patornay\",\"postalCode\":\"39130\",\"addressCountry\":\"FR\"},\"contactPoint\":[{\"@type\":\"ContactPoint\",\"contactType\":\"Service client\",\"telephone\":\"0384254272\",\"email\":\"contact@csj-emballages.com\"}]}]}<\/script>\n<!-- \/ Yoast SEO Premium plugin. -->","yoast_head_json":{"title":"Saucenbecher mit Scharnierdeckel 30 ml, 50 St\u00fcck","description":"Transparenter Saucenbecher 30 ml mit Scharnierdeckel, im 50er-Pack. Praktisch, luftdicht und ideal f\u00fcr Take-away und Lieferdienste.","robots":{"index":"index","follow":"follow","max-snippet":"max-snippet:-1","max-image-preview":"max-image-preview:large","max-video-preview":"max-video-preview:-1"},"canonical":"https:\/\/www.csj-emballages.com\/de\/produit\/50-sossenglaeser-mit-aufliegendem-deckel-30-ml\/","og_locale":"de_DE","og_type":"article","og_title":"Saucenbecher mit Scharnierdeckel, 30 ml, 50 St\u00fcck","og_description":"Transparenter Saucenbecher 30 ml mit Scharnierdeckel, im 50er-Pack. Praktisch, luftdicht und ideal f\u00fcr Take-away und Lieferdienste.","og_url":"https:\/\/www.csj-emballages.com\/de\/produit\/50-sossenglaeser-mit-aufliegendem-deckel-30-ml\/","og_site_name":"CSJ Emballages","article_publisher":"https:\/\/www.facebook.com\/csjemballages","article_modified_time":"2026-05-07T00:18:01+00:00","og_image":[{"width":800,"height":800,"url":"https:\/\/www.csj-emballages.com\/wp-content\/uploads\/2024\/03\/POT26.webp","type":"image\/webp"}],"twitter_card":"summary_large_image","twitter_misc":{"Gesch\u00e4tzte Lesezeit":"2 Minuten"},"schema":{"@context":"https:\/\/schema.org","@graph":[{"@type":"WebPage","@id":"https:\/\/www.csj-emballages.com\/de\/produit\/50-sossenglaeser-mit-aufliegendem-deckel-30-ml\/","url":"https:\/\/www.csj-emballages.com\/de\/produit\/50-sossenglaeser-mit-aufliegendem-deckel-30-ml\/","name":"Saucenbecher mit Scharnierdeckel 30 ml, 50 St\u00fcck","isPartOf":{"@id":"https:\/\/www.csj-emballages.com\/de\/#website"},"primaryImageOfPage":{"@id":"https:\/\/www.csj-emballages.com\/de\/produit\/50-sossenglaeser-mit-aufliegendem-deckel-30-ml\/#primaryimage"},"image":{"@id":"https:\/\/www.csj-emballages.com\/de\/produit\/50-sossenglaeser-mit-aufliegendem-deckel-30-ml\/#primaryimage"},"thumbnailUrl":"https:\/\/www.csj-emballages.com\/wp-content\/uploads\/2024\/03\/POT26.webp","datePublished":"2024-03-01T15:50:25+00:00","dateModified":"2026-05-07T00:18:01+00:00","description":"Transparenter Saucenbecher 30 ml mit Scharnierdeckel, im 50er-Pack. Praktisch, luftdicht und ideal f\u00fcr Take-away und Lieferdienste.","breadcrumb":{"@id":"https:\/\/www.csj-emballages.com\/de\/produit\/50-sossenglaeser-mit-aufliegendem-deckel-30-ml\/#breadcrumb"},"inLanguage":"de","potentialAction":[{"@type":"ReadAction","target":["https:\/\/www.csj-emballages.com\/de\/produit\/50-sossenglaeser-mit-aufliegendem-deckel-30-ml\/"]}]},{"@type":"ImageObject","inLanguage":"de","@id":"https:\/\/www.csj-emballages.com\/de\/produit\/50-sossenglaeser-mit-aufliegendem-deckel-30-ml\/#primaryimage","url":"https:\/\/www.csj-emballages.com\/wp-content\/uploads\/2024\/03\/POT26.webp","contentUrl":"https:\/\/www.csj-emballages.com\/wp-content\/uploads\/2024\/03\/POT26.webp","width":800,"height":800,"caption":"Pot \u00e0 sauce"},{"@type":"BreadcrumbList","@id":"https:\/\/www.csj-emballages.com\/de\/produit\/50-sossenglaeser-mit-aufliegendem-deckel-30-ml\/#breadcrumb","itemListElement":[{"@type":"ListItem","position":1,"name":"Accueil","item":"https:\/\/www.csj-emballages.com\/de\/universum-lebensmittelverpackungen\/"},{"@type":"ListItem","position":2,"name":"Shop","item":"https:\/\/www.csj-emballages.com\/shop\/"},{"@type":"ListItem","position":3,"name":"Saucenbecher mit Scharnierdeckel, 30 ml, 50 St\u00fcck"}]},{"@type":"WebSite","@id":"https:\/\/www.csj-emballages.com\/de\/#website","url":"https:\/\/www.csj-emballages.com\/de\/","name":"CSJ Emballages","description":"","publisher":{"@id":"https:\/\/www.csj-emballages.com\/de\/#organization"},"potentialAction":[{"@type":"SearchAction","target":{"@type":"EntryPoint","urlTemplate":"https:\/\/www.csj-emballages.com\/de\/?s={search_term_string}"},"query-input":{"@type":"PropertyValueSpecification","valueRequired":true,"valueName":"search_term_string"}}],"inLanguage":"de"},{"@type":"Organization","@id":"https:\/\/www.csj-emballages.com\/de\/#Organization\/","name":"CSJ Emballages","url":"https:\/\/www.csj-emballages.com\/de\/","logo":{"@type":"ImageObject","inLanguage":"de","@id":"https:\/\/www.csj-emballages.com\/de\/#\/schema\/logo\/image\/","url":"https:\/\/www.csj-emballages.com\/wp-content\/uploads\/2023\/10\/logo_csj.webp","contentUrl":"https:\/\/www.csj-emballages.com\/wp-content\/uploads\/2023\/10\/logo_csj.webp","width":250,"height":95,"caption":"CSJ Emballages"},"image":{"@id":"https:\/\/www.csj-emballages.com\/de\/#\/schema\/logo\/image\/"},"sameAs":["https:\/\/www.facebook.com\/csjemballages"],"address":{"@type":"PostalAddress","streetAddress":"ZI La Lechere","addressLocality":"Patornay","postalCode":"39130","addressCountry":"FR"},"contactPoint":[{"@type":"ContactPoint","contactType":"Service client","telephone":"0384254272","email":"contact@csj-emballages.com"}]}]}},"df_price":1.38,"df_sale_price":"","df_regular_price":1.38,"df_image_link":"https:\/\/www.csj-emballages.com\/wp-content\/uploads\/2024\/03\/POT26-300x300.webp","tiered_pricing_type":"fixed","tiered_pricing_fixed_rules":[],"tiered_pricing_percentage_rules":[],"tiered_pricing_minimum":1,"tiered_pricing_roles_data":[],"_links":{"self":[{"href":"https:\/\/www.csj-emballages.com\/de\/wp-json\/wp\/v2\/product\/22689","targetHints":{"allow":["GET"]}}],"collection":[{"href":"https:\/\/www.csj-emballages.com\/de\/wp-json\/wp\/v2\/product"}],"about":[{"href":"https:\/\/www.csj-emballages.com\/de\/wp-json\/wp\/v2\/types\/product"}],"wp:featuredmedia":[{"embeddable":true,"href":"https:\/\/www.csj-emballages.com\/de\/wp-json\/wp\/v2\/media\/259236"}],"wp:attachment":[{"href":"https:\/\/www.csj-emballages.com\/de\/wp-json\/wp\/v2\/media?parent=22689"}],"wp:term":[{"taxonomy":"product_brand","embeddable":true,"href":"https:\/\/www.csj-emballages.com\/de\/wp-json\/wp\/v2\/product_brand?post=22689"},{"taxonomy":"product_cat","embeddable":true,"href":"https:\/\/www.csj-emballages.com\/de\/wp-json\/wp\/v2\/product_cat?post=22689"},{"taxonomy":"product_tag","embeddable":true,"href":"https:\/\/www.csj-emballages.com\/de\/wp-json\/wp\/v2\/product_tag?post=22689"}],"curies":[{"name":"wp","href":"https:\/\/api.w.org\/{rel}","templated":true}]}}