{"id":226883,"date":"2025-03-07T02:18:28","date_gmt":"2025-03-07T01:18:28","guid":{"rendered":"https:\/\/www.csj-emballages.com\/?post_type=product&#038;p=226883"},"modified":"2026-04-28T02:17:41","modified_gmt":"2026-04-28T00:17:41","slug":"100-einweg-tullenbeutel-warm-oder-kalt-27-x-50-cm","status":"publish","type":"product","link":"https:\/\/www.csj-emballages.com\/de\/produit\/100-einweg-tullenbeutel-warm-oder-kalt-27-x-50-cm\/","title":{"rendered":"Spritzbeutel warme oder kalte Verwendung 27 x 50 cm pro 100"},"content":{"rendered":"<h2>Spritzbeutel<\/h2>\n<hr>\n<h3>Beschreibung unseres Spritzbeutels Verwendung warm oder kalt 27 x 50 cm pro 100<\/h3>\n<p><!--more--><\/p>\n<p data-start=\"150\" data-end=\"473\">Der <strong data-start=\"153\" data-end=\"198\">Spritzbeutel f\u00fcr warme oder kalte Anwendungen 27 x 50 cm<\/strong> pro <strong>100<\/strong> St\u00fcck ist ein Muss f\u00fcr alle Profis in der Gastronomie und der Patisserie. Er wurde entwickelt, um Ihren Alltag zu vereinfachen, und vereint Zweckm\u00e4\u00dfigkeit, Widerstandsf\u00e4higkeit und Hygiene in einem gro\u00dfz\u00fcgigen Format, das perfekt f\u00fcr die k\u00f6stlichsten Zubereitungen geeignet ist. <\/p>\n<p data-start=\"475\" data-end=\"809\">Zun\u00e4chst einmal sorgt die <strong data-start=\"492\" data-end=\"518\">rutschfeste Oberfl\u00e4che<\/strong> daf\u00fcr, dass die Tasche auch bei langen Trainingseinheiten gut in der Hand liegt. So bleiben Sie pr\u00e4zise und bequem, ohne Angst haben zu m\u00fcssen, dass Ihnen der Beutel durch die Finger rutscht. Die <strong>glatte Innenseite<\/strong> sorgt daf\u00fcr, dass Ihre Zubereitungen leicht abflie\u00dfen und ein sauberes und gleichm\u00e4\u00dfiges Ergebnis liefern.  <\/p>\n<p data-start=\"811\" data-end=\"1162\">Zweitens ist die <strong>Transparenz der Beutel<\/strong> ein nicht zu untersch\u00e4tzender Vorteil: Sie k\u00f6nnen auf einen Blick sehen, wie viel noch \u00fcbrig ist, und Ihren Bedarf vorausplanen. Da die <strong>Taschen<\/strong> auf einer <strong data-start=\"992\" data-end=\"1038\">Rolle direkt in der Schachtel<\/strong> verpackt sind, lassen sie sich <strong>leicht einzeln abtrennen<\/strong>, wodurch Zeitverluste vermieden und ein organisierter Arbeitsplatz gew\u00e4hrleistet werden. <\/p>\n<p data-start=\"1164\" data-end=\"1538\">Was die Leistung angeht, passt sich dieser <strong>Spritzbeutel<\/strong> Ihren W\u00fcnschen an: Er h\u00e4lt sowohl einer Verwendung <strong data-start=\"1258\" data-end=\"1283\">im hei\u00dfen Zustand bis 70 \u00b0C<\/strong> als auch im <strong>kalten<\/strong> Zustand stand. So k\u00f6nnen Sie problemlos <strong data-start=\"1343\" data-end=\"1393\">Tortencremes, Schlagsahne, leichte Mousses<\/strong> oder auch <strong data-start=\"1408\" data-end=\"1436\">P\u00fcrees und warme So\u00dfen<\/strong> f\u00fcllen. Seine Robustheit sorgt daf\u00fcr, dass er auch bei dickeren Zubereitungen druckfest ist.  <\/p>\n<p data-start=\"1540\" data-end=\"1848\">Schlie\u00dflich macht die Verpackung zu <strong data-start=\"1570\" data-end=\"1584\">100 St\u00fcck<\/strong> sie zu einer kosteng\u00fcnstigen und effizienten Wahl, die besonders in professionellen Umgebungen gesch\u00e4tzt wird, in denen Hygiene und Schnelligkeit von entscheidender Bedeutung sind.<\/p>\n<p data-start=\"1850\" data-end=\"2035\">Zusammenfassend l\u00e4sst sich sagen, dass dieser <strong data-start=\"1867\" data-end=\"1909\">transparente Spritzbeutel 27 x 50 cm<\/strong> die ideale L\u00f6sung ist, um schnell, gut und sicher zu arbeiten und dabei Ihre kulinarischen Kreationen ins rechte Licht zu r\u00fccken.<\/p>\n<p><!--more--><\/p>\n<h4><strong>Vorteile :<\/strong><\/h4>\n<ul>\n<li><strong data-start=\"2263\" data-end=\"2289\">Rutschfeste Oberfl\u00e4che<\/strong> f\u00fcr einen besseren Griff.<\/li>\n<li><strong data-start=\"2327\" data-end=\"2343\">Transparent<\/strong>: Einfache Kontrolle der verbleibenden Menge.<\/li>\n<li><strong data-start=\"2390\" data-end=\"2417\">Verpackt als Rolle<\/strong> im Inneren der Schachtel.<\/li>\n<li>H\u00e4lt <strong data-start=\"2474\" data-end=\"2498\">hei\u00dfem<\/strong> Gebrauch <strong data-start=\"2474\" data-end=\"2498\">bis 70 \u00b0C<\/strong> oder kaltem Gebrauch stand.<\/li>\n<li>Glatte Innenseite f\u00fcr einen reibungslosen <strong data-start=\"2537\" data-end=\"2558\">Ablauf.<\/strong><\/li>\n<\/ul>\n<p>&nbsp;<\/p>\n<p><!--more--><\/p>\n<h4>Weitere Informationen :<\/h4>\n<ul>\n<li><strong>Verpackung<\/strong>: Packung mit 100 St\u00fcck<\/li>\n<li><strong>Ma\u00dfe<\/strong>: 27 x 50 cm<\/li>\n<li><strong>Material<\/strong>: LDPE (Low Density Polyethylene)<\/li>\n<li><strong>Farbe<\/strong>: Transparent<\/li>\n<li><strong>Widerstand<\/strong>: 80 Mikron<\/li>\n<\/ul>\n<p>&nbsp;<\/p>\n<p><!--more--><\/p>\n<p>Hier finden Sie unseren Spritzbeutel mit den Ma\u00dfen 31 x 54 cm : <span style=\"color: #d12727;\"><a style=\"color: #d12727;\" href=\"https:\/\/www.csj-emballages.com\/de\/produit\/spritzbeutel-zur-warmen-oder-kalten-verwendung-buendel-31-x-54-cm-pro-100\/\">POC54HOT<\/a><\/span><\/p>\n<p>&nbsp;<\/p>\n<p><!--more--><\/p>\n<p><a href=\"\/?product_cat=poches-a-douilles\">Sehen Sie sich hier den Rest unseres Sortiments an Spritzbeuteln an<\/a><\/p>\n","protected":false},"excerpt":{"rendered":"<p>Spritzbeutel Beschreibung unseres Spritzbeutels Verwendung warm oder kalt 27 x 50 cm pro 100<\/p>\n","protected":false},"featured_media":242618,"template":"","meta":{"_acf_changed":false},"product_brand":[],"product_cat":[1137,1171,3966,3154],"product_tag":[],"class_list":{"0":"post-226883","1":"product","2":"type-product","3":"status-publish","4":"has-post-thumbnail","6":"product_cat-lebensmittelverpackungen","7":"product_cat-backerei-und-konditorei","8":"product_cat-zubehor-und-ausstattung","9":"product_cat-steckschlusseltaschen","11":"first","12":"instock","13":"taxable","14":"shipping-taxable","15":"purchasable","16":"product-type-simple"},"acf":[],"yoast_head":"<!-- This site is optimized with the Yoast SEO Premium plugin v26.6 (Yoast SEO v26.6) - https:\/\/yoast.com\/wordpress\/plugins\/seo\/ -->\n<title>T\u00fcllenbeutel f\u00fcr warme oder kalte Anwendungen 27 x 50 cm pro 100<\/title>\n<meta name=\"description\" content=\"Spritzbeutel 27 x 50 cm pro 100, transparent, rutschfest, auf einer Rolle verpackt. Verwendung warm bis 70 \u00b0C oder kalt.\" \/>\n<meta name=\"robots\" content=\"index, follow, max-snippet:-1, max-image-preview:large, max-video-preview:-1\" \/>\n<link rel=\"canonical\" href=\"https:\/\/www.csj-emballages.com\/de\/produit\/100-einweg-tullenbeutel-warm-oder-kalt-27-x-50-cm\/\" \/>\n<meta property=\"og:locale\" content=\"de_DE\" \/>\n<meta property=\"og:type\" content=\"article\" \/>\n<meta property=\"og:title\" content=\"Spritzbeutel warme oder kalte Verwendung 27 x 50 cm pro 100\" \/>\n<meta property=\"og:description\" content=\"Spritzbeutel 27 x 50 cm pro 100, transparent, rutschfest, auf einer Rolle verpackt. Verwendung warm bis 70 \u00b0C oder kalt.\" \/>\n<meta property=\"og:url\" content=\"https:\/\/www.csj-emballages.com\/de\/produit\/100-einweg-tullenbeutel-warm-oder-kalt-27-x-50-cm\/\" \/>\n<meta property=\"og:site_name\" content=\"CSJ Emballages\" \/>\n<meta property=\"article:publisher\" content=\"https:\/\/www.facebook.com\/csjemballages\" \/>\n<meta property=\"article:modified_time\" content=\"2026-04-28T00:17:41+00:00\" \/>\n<meta property=\"og:image\" content=\"https:\/\/www.csj-emballages.com\/wp-content\/uploads\/2025\/03\/POC50HOT.webp\" \/>\n\t<meta property=\"og:image:width\" content=\"800\" \/>\n\t<meta property=\"og:image:height\" content=\"800\" \/>\n\t<meta property=\"og:image:type\" content=\"image\/webp\" \/>\n<meta name=\"twitter:card\" content=\"summary_large_image\" \/>\n<meta name=\"twitter:label1\" content=\"Gesch\u00e4tzte Lesezeit\" \/>\n\t<meta name=\"twitter:data1\" content=\"2 Minuten\" \/>\n<script type=\"application\/ld+json\" class=\"yoast-schema-graph\">{\"@context\":\"https:\/\/schema.org\",\"@graph\":[{\"@type\":\"WebPage\",\"@id\":\"https:\/\/www.csj-emballages.com\/de\/produit\/100-einweg-tullenbeutel-warm-oder-kalt-27-x-50-cm\/\",\"url\":\"https:\/\/www.csj-emballages.com\/de\/produit\/100-einweg-tullenbeutel-warm-oder-kalt-27-x-50-cm\/\",\"name\":\"T\u00fcllenbeutel f\u00fcr warme oder kalte Anwendungen 27 x 50 cm pro 100\",\"isPartOf\":{\"@id\":\"https:\/\/www.csj-emballages.com\/de\/#website\"},\"primaryImageOfPage\":{\"@id\":\"https:\/\/www.csj-emballages.com\/de\/produit\/100-einweg-tullenbeutel-warm-oder-kalt-27-x-50-cm\/#primaryimage\"},\"image\":{\"@id\":\"https:\/\/www.csj-emballages.com\/de\/produit\/100-einweg-tullenbeutel-warm-oder-kalt-27-x-50-cm\/#primaryimage\"},\"thumbnailUrl\":\"https:\/\/www.csj-emballages.com\/wp-content\/uploads\/2025\/03\/POC50HOT.webp\",\"datePublished\":\"2025-03-07T01:18:28+00:00\",\"dateModified\":\"2026-04-28T00:17:41+00:00\",\"description\":\"Spritzbeutel 27 x 50 cm pro 100, transparent, rutschfest, auf einer Rolle verpackt. Verwendung warm bis 70 \u00b0C oder kalt.\",\"breadcrumb\":{\"@id\":\"https:\/\/www.csj-emballages.com\/de\/produit\/100-einweg-tullenbeutel-warm-oder-kalt-27-x-50-cm\/#breadcrumb\"},\"inLanguage\":\"de\",\"potentialAction\":[{\"@type\":\"ReadAction\",\"target\":[\"https:\/\/www.csj-emballages.com\/de\/produit\/100-einweg-tullenbeutel-warm-oder-kalt-27-x-50-cm\/\"]}]},{\"@type\":\"ImageObject\",\"inLanguage\":\"de\",\"@id\":\"https:\/\/www.csj-emballages.com\/de\/produit\/100-einweg-tullenbeutel-warm-oder-kalt-27-x-50-cm\/#primaryimage\",\"url\":\"https:\/\/www.csj-emballages.com\/wp-content\/uploads\/2025\/03\/POC50HOT.webp\",\"contentUrl\":\"https:\/\/www.csj-emballages.com\/wp-content\/uploads\/2025\/03\/POC50HOT.webp\",\"width\":800,\"height\":800,\"caption\":\"Poche \u00e0 douille\"},{\"@type\":\"BreadcrumbList\",\"@id\":\"https:\/\/www.csj-emballages.com\/de\/produit\/100-einweg-tullenbeutel-warm-oder-kalt-27-x-50-cm\/#breadcrumb\",\"itemListElement\":[{\"@type\":\"ListItem\",\"position\":1,\"name\":\"Accueil\",\"item\":\"https:\/\/www.csj-emballages.com\/de\/universum-lebensmittelverpackungen\/\"},{\"@type\":\"ListItem\",\"position\":2,\"name\":\"Shop\",\"item\":\"https:\/\/www.csj-emballages.com\/shop\/\"},{\"@type\":\"ListItem\",\"position\":3,\"name\":\"Spritzbeutel warme oder kalte Verwendung 27 x 50 cm pro 100\"}]},{\"@type\":\"WebSite\",\"@id\":\"https:\/\/www.csj-emballages.com\/de\/#website\",\"url\":\"https:\/\/www.csj-emballages.com\/de\/\",\"name\":\"CSJ Emballages\",\"description\":\"\",\"publisher\":{\"@id\":\"https:\/\/www.csj-emballages.com\/de\/#organization\"},\"potentialAction\":[{\"@type\":\"SearchAction\",\"target\":{\"@type\":\"EntryPoint\",\"urlTemplate\":\"https:\/\/www.csj-emballages.com\/de\/?s={search_term_string}\"},\"query-input\":{\"@type\":\"PropertyValueSpecification\",\"valueRequired\":true,\"valueName\":\"search_term_string\"}}],\"inLanguage\":\"de\"},{\"@type\":\"Organization\",\"@id\":\"https:\/\/www.csj-emballages.com\/de\/#Organization\/\",\"name\":\"CSJ Emballages\",\"url\":\"https:\/\/www.csj-emballages.com\/de\/\",\"logo\":{\"@type\":\"ImageObject\",\"inLanguage\":\"de\",\"@id\":\"https:\/\/www.csj-emballages.com\/de\/#\/schema\/logo\/image\/\",\"url\":\"https:\/\/www.csj-emballages.com\/wp-content\/uploads\/2023\/10\/logo_csj.webp\",\"contentUrl\":\"https:\/\/www.csj-emballages.com\/wp-content\/uploads\/2023\/10\/logo_csj.webp\",\"width\":250,\"height\":95,\"caption\":\"CSJ Emballages\"},\"image\":{\"@id\":\"https:\/\/www.csj-emballages.com\/de\/#\/schema\/logo\/image\/\"},\"sameAs\":[\"https:\/\/www.facebook.com\/csjemballages\"],\"address\":{\"@type\":\"PostalAddress\",\"streetAddress\":\"ZI La Lechere\",\"addressLocality\":\"Patornay\",\"postalCode\":\"39130\",\"addressCountry\":\"FR\"},\"contactPoint\":[{\"@type\":\"ContactPoint\",\"contactType\":\"Service client\",\"telephone\":\"0384254272\",\"email\":\"contact@csj-emballages.com\"}]}]}<\/script>\n<!-- \/ Yoast SEO Premium plugin. -->","yoast_head_json":{"title":"T\u00fcllenbeutel f\u00fcr warme oder kalte Anwendungen 27 x 50 cm pro 100","description":"Spritzbeutel 27 x 50 cm pro 100, transparent, rutschfest, auf einer Rolle verpackt. Verwendung warm bis 70 \u00b0C oder kalt.","robots":{"index":"index","follow":"follow","max-snippet":"max-snippet:-1","max-image-preview":"max-image-preview:large","max-video-preview":"max-video-preview:-1"},"canonical":"https:\/\/www.csj-emballages.com\/de\/produit\/100-einweg-tullenbeutel-warm-oder-kalt-27-x-50-cm\/","og_locale":"de_DE","og_type":"article","og_title":"Spritzbeutel warme oder kalte Verwendung 27 x 50 cm pro 100","og_description":"Spritzbeutel 27 x 50 cm pro 100, transparent, rutschfest, auf einer Rolle verpackt. Verwendung warm bis 70 \u00b0C oder kalt.","og_url":"https:\/\/www.csj-emballages.com\/de\/produit\/100-einweg-tullenbeutel-warm-oder-kalt-27-x-50-cm\/","og_site_name":"CSJ Emballages","article_publisher":"https:\/\/www.facebook.com\/csjemballages","article_modified_time":"2026-04-28T00:17:41+00:00","og_image":[{"width":800,"height":800,"url":"https:\/\/www.csj-emballages.com\/wp-content\/uploads\/2025\/03\/POC50HOT.webp","type":"image\/webp"}],"twitter_card":"summary_large_image","twitter_misc":{"Gesch\u00e4tzte Lesezeit":"2 Minuten"},"schema":{"@context":"https:\/\/schema.org","@graph":[{"@type":"WebPage","@id":"https:\/\/www.csj-emballages.com\/de\/produit\/100-einweg-tullenbeutel-warm-oder-kalt-27-x-50-cm\/","url":"https:\/\/www.csj-emballages.com\/de\/produit\/100-einweg-tullenbeutel-warm-oder-kalt-27-x-50-cm\/","name":"T\u00fcllenbeutel f\u00fcr warme oder kalte Anwendungen 27 x 50 cm pro 100","isPartOf":{"@id":"https:\/\/www.csj-emballages.com\/de\/#website"},"primaryImageOfPage":{"@id":"https:\/\/www.csj-emballages.com\/de\/produit\/100-einweg-tullenbeutel-warm-oder-kalt-27-x-50-cm\/#primaryimage"},"image":{"@id":"https:\/\/www.csj-emballages.com\/de\/produit\/100-einweg-tullenbeutel-warm-oder-kalt-27-x-50-cm\/#primaryimage"},"thumbnailUrl":"https:\/\/www.csj-emballages.com\/wp-content\/uploads\/2025\/03\/POC50HOT.webp","datePublished":"2025-03-07T01:18:28+00:00","dateModified":"2026-04-28T00:17:41+00:00","description":"Spritzbeutel 27 x 50 cm pro 100, transparent, rutschfest, auf einer Rolle verpackt. Verwendung warm bis 70 \u00b0C oder kalt.","breadcrumb":{"@id":"https:\/\/www.csj-emballages.com\/de\/produit\/100-einweg-tullenbeutel-warm-oder-kalt-27-x-50-cm\/#breadcrumb"},"inLanguage":"de","potentialAction":[{"@type":"ReadAction","target":["https:\/\/www.csj-emballages.com\/de\/produit\/100-einweg-tullenbeutel-warm-oder-kalt-27-x-50-cm\/"]}]},{"@type":"ImageObject","inLanguage":"de","@id":"https:\/\/www.csj-emballages.com\/de\/produit\/100-einweg-tullenbeutel-warm-oder-kalt-27-x-50-cm\/#primaryimage","url":"https:\/\/www.csj-emballages.com\/wp-content\/uploads\/2025\/03\/POC50HOT.webp","contentUrl":"https:\/\/www.csj-emballages.com\/wp-content\/uploads\/2025\/03\/POC50HOT.webp","width":800,"height":800,"caption":"Poche \u00e0 douille"},{"@type":"BreadcrumbList","@id":"https:\/\/www.csj-emballages.com\/de\/produit\/100-einweg-tullenbeutel-warm-oder-kalt-27-x-50-cm\/#breadcrumb","itemListElement":[{"@type":"ListItem","position":1,"name":"Accueil","item":"https:\/\/www.csj-emballages.com\/de\/universum-lebensmittelverpackungen\/"},{"@type":"ListItem","position":2,"name":"Shop","item":"https:\/\/www.csj-emballages.com\/shop\/"},{"@type":"ListItem","position":3,"name":"Spritzbeutel warme oder kalte Verwendung 27 x 50 cm pro 100"}]},{"@type":"WebSite","@id":"https:\/\/www.csj-emballages.com\/de\/#website","url":"https:\/\/www.csj-emballages.com\/de\/","name":"CSJ Emballages","description":"","publisher":{"@id":"https:\/\/www.csj-emballages.com\/de\/#organization"},"potentialAction":[{"@type":"SearchAction","target":{"@type":"EntryPoint","urlTemplate":"https:\/\/www.csj-emballages.com\/de\/?s={search_term_string}"},"query-input":{"@type":"PropertyValueSpecification","valueRequired":true,"valueName":"search_term_string"}}],"inLanguage":"de"},{"@type":"Organization","@id":"https:\/\/www.csj-emballages.com\/de\/#Organization\/","name":"CSJ Emballages","url":"https:\/\/www.csj-emballages.com\/de\/","logo":{"@type":"ImageObject","inLanguage":"de","@id":"https:\/\/www.csj-emballages.com\/de\/#\/schema\/logo\/image\/","url":"https:\/\/www.csj-emballages.com\/wp-content\/uploads\/2023\/10\/logo_csj.webp","contentUrl":"https:\/\/www.csj-emballages.com\/wp-content\/uploads\/2023\/10\/logo_csj.webp","width":250,"height":95,"caption":"CSJ Emballages"},"image":{"@id":"https:\/\/www.csj-emballages.com\/de\/#\/schema\/logo\/image\/"},"sameAs":["https:\/\/www.facebook.com\/csjemballages"],"address":{"@type":"PostalAddress","streetAddress":"ZI La Lechere","addressLocality":"Patornay","postalCode":"39130","addressCountry":"FR"},"contactPoint":[{"@type":"ContactPoint","contactType":"Service client","telephone":"0384254272","email":"contact@csj-emballages.com"}]}]}},"df_price":8.06,"df_sale_price":"","df_regular_price":8.06,"df_image_link":"https:\/\/www.csj-emballages.com\/wp-content\/uploads\/2025\/03\/POC50HOT-300x300.webp","tiered_pricing_type":"fixed","tiered_pricing_fixed_rules":[],"tiered_pricing_percentage_rules":[],"tiered_pricing_minimum":1,"tiered_pricing_roles_data":[],"_links":{"self":[{"href":"https:\/\/www.csj-emballages.com\/de\/wp-json\/wp\/v2\/product\/226883","targetHints":{"allow":["GET"]}}],"collection":[{"href":"https:\/\/www.csj-emballages.com\/de\/wp-json\/wp\/v2\/product"}],"about":[{"href":"https:\/\/www.csj-emballages.com\/de\/wp-json\/wp\/v2\/types\/product"}],"wp:featuredmedia":[{"embeddable":true,"href":"https:\/\/www.csj-emballages.com\/de\/wp-json\/wp\/v2\/media\/242618"}],"wp:attachment":[{"href":"https:\/\/www.csj-emballages.com\/de\/wp-json\/wp\/v2\/media?parent=226883"}],"wp:term":[{"taxonomy":"product_brand","embeddable":true,"href":"https:\/\/www.csj-emballages.com\/de\/wp-json\/wp\/v2\/product_brand?post=226883"},{"taxonomy":"product_cat","embeddable":true,"href":"https:\/\/www.csj-emballages.com\/de\/wp-json\/wp\/v2\/product_cat?post=226883"},{"taxonomy":"product_tag","embeddable":true,"href":"https:\/\/www.csj-emballages.com\/de\/wp-json\/wp\/v2\/product_tag?post=226883"}],"curies":[{"name":"wp","href":"https:\/\/api.w.org\/{rel}","templated":true}]}}