{"id":22688,"date":"2024-03-01T16:50:26","date_gmt":"2024-03-01T15:50:26","guid":{"rendered":"https:\/\/u15jnbdpoq.preview.infomaniak.website\/produit\/50-zerreissbare-becherhalter-aus-pappe\/"},"modified":"2026-03-25T02:15:40","modified_gmt":"2026-03-25T01:15:40","slug":"50-zerreissbare-becherhalter-aus-pappe","status":"publish","type":"product","link":"https:\/\/www.csj-emballages.com\/de\/produit\/50-zerreissbare-becherhalter-aus-pappe\/","title":{"rendered":"Becherhalter aus zerrei\u00dfbarer Pappe pro 50 St\u00fcck"},"content":{"rendered":"<h2>Becherhalter<\/h2>\n<hr>\n<h3>Beschreibung von Becherhalter aus Pappe, zerrei\u00dfbar 50 St\u00fcck<\/h3>\n<p><!--more--><\/p>\n<p data-start=\"277\" data-end=\"628\">Wenn mehrere Getr\u00e4nke gleichzeitig weg m\u00fcssen, wird dieser <strong data-start=\"335\" data-end=\"374\">Becherhalter aus zerrei\u00dfbarem Karton<\/strong> schnell unentbehrlich. Mit ihm lassen sich bis zu <strong data-start=\"436\" data-end=\"450\">vier Becher<\/strong> stabil, stressfrei und kippsicher transportieren. Ob Kaffee, Tee, Limonade oder Hei\u00dfgetr\u00e4nke &#8211; w\u00e4hrend der Fahrt bleibt alles sicher an seinem Platz.  <\/p>\n<p data-start=\"630\" data-end=\"947\">Seine wahre St\u00e4rke ist die <strong data-start=\"660\" data-end=\"683\">Abrei\u00dffunktion<\/strong>. Mit wenigen Handgriffen passen Sie den Halter an den Bedarf an: <strong>1, 2, 3 oder 4 Becher<\/strong>. Das ist einfach, schnell und vor allem sehr praktisch f\u00fcr den Verkauf zum Mitnehmen. Sie vermeiden Verschwendung und verwenden nur das, was Sie brauchen, ohne die Verpackungen zu vervielfachen.   <\/p>\n<p data-start=\"949\" data-end=\"1301\">Dieser aus <strong data-start=\"961\" data-end=\"977\">geformtem Karton<\/strong> hergestellte <strong>Becherhalter aus Pappe<\/strong> liegt gut in der Hand und nimmt Feuchtigkeit leicht auf. Das Ergebnis: Die <strong>Becher<\/strong> halten besser und der Transport ist bequemer, sowohl f\u00fcr Ihr Team als auch f\u00fcr Ihre Kunden. Er l\u00e4sst sich leicht \u00fcber eine Theke schieben und ohne Zeitverlust verteilen, selbst zu Zeiten mit hohem Besucheraufkommen.  <\/p>\n<p data-start=\"1303\" data-end=\"1535\">Er wird <strong data-start=\"1309\" data-end=\"1326\">im 50er-Pack<\/strong> verkauft und ist perfekt auf die Bed\u00fcrfnisse von Caf\u00e9s, Fast-Food-Restaurants, Imbissen, B\u00e4ckereien oder Food-Trucks abgestimmt. Er ist unauff\u00e4llig, robust und funktional, vereinfacht den Service und bietet eine zuverl\u00e4ssige L\u00f6sung f\u00fcr den Alltag. <\/p>\n<p data-start=\"1537\" data-end=\"1657\">Im Klartext: Es ist ein cleveres Accessoire, das den Verkauf zum Mitnehmen erleichtert und das Kundenerlebnis verbessert &#8211; ganz ohne Komplikationen.<\/p>\n<p data-start=\"1537\" data-end=\"1657\">\n<p><!--more--><\/p>\n<p>Dieser <strong>Becherhalter<\/strong> ist f\u00fcr <strong>Becher<\/strong> mit einem Fassungsverm\u00f6gen von <strong>240 ml<\/strong> bis <strong>650 ml<\/strong> (Kaffeebecher und\/oder Smoothie-Becher) geeignet.<\/p>\n<p>&nbsp;<\/p>\n<p><!--more--><\/p>\n<h4>Vorteile :<\/h4>\n<ul>\n<li data-start=\"1685\" data-end=\"1725\">Sicherer Transport von bis zu <strong>4 Bechern<\/strong>.<\/li>\n<li data-start=\"1728\" data-end=\"1769\"><strong>Abrei\u00dfbar<\/strong> je nach Anzahl der Getr\u00e4nke.<\/li>\n<li data-start=\"1772\" data-end=\"1807\">Gute Stabilit\u00e4t und Griffigkeit.<\/li>\n<li data-start=\"1810\" data-end=\"1837\">Zeitersparnis beim Servieren.<\/li>\n<li data-start=\"1840\" data-end=\"1866\">Praktische Packung mit <strong>50 St\u00fcck<\/strong>.<\/li>\n<\/ul>\n<p>&nbsp;<\/p>\n<p><!--more--><\/p>\n<h4>Weitere Informationen :<\/h4>\n<ul>\n<li><strong>Verpackung<\/strong>: Packung mit 50 St\u00fcck<\/li>\n<li><strong>Abmessungen<\/strong>: 220 x 185 x 45 mm (L x B x H)<\/li>\n<li><strong>Material<\/strong>: Karton<\/li>\n<li><strong>Kapazit\u00e4t<\/strong>: 4 Pl\u00e4tze<\/li>\n<\/ul>\n<p>&nbsp;<\/p>\n<p><!--more--><\/p>\n<p><a href=\"https:\/\/www.csj-emballages.com\/de\/categorie-produit\/lebensmittelverpackungen\/restauration-de\/topfe-schalen-becherhalter\/becherhalter\/\">Sehen Sie sich den Rest unseres Sortiments an Getr\u00e4nkehaltern an<\/a><\/p>\n","protected":false},"excerpt":{"rendered":"<p>Becherhalter Beschreibung von Becherhalter aus Pappe, zerrei\u00dfbar 50 St\u00fcck<\/p>\n","protected":false},"featured_media":203500,"template":"","meta":{"_acf_changed":false},"product_brand":[],"product_cat":[1137,1134,3163],"product_tag":[],"class_list":{"0":"post-22688","1":"product","2":"type-product","3":"status-publish","4":"has-post-thumbnail","6":"product_cat-lebensmittelverpackungen","7":"product_cat-restauration-de","8":"product_cat-becherhalter","10":"first","11":"instock","12":"taxable","13":"shipping-taxable","14":"purchasable","15":"product-type-simple"},"acf":[],"yoast_head":"<!-- This site is optimized with the Yoast SEO Premium plugin v26.6 (Yoast SEO v26.6) - https:\/\/yoast.com\/wordpress\/plugins\/seo\/ -->\n<title>Becherhalter aus zerrei\u00dfbarer Pappe pro 50 St\u00fcck<\/title>\n<meta name=\"description\" content=\"Entdecken Sie unseren Becherhalter aus Karton f\u00fcr 4 Getr\u00e4nke. Ma\u00dfe: 220 x 185 x 45 mm. Dieses Produkt wird in Packungen zu 50 St\u00fcck verkauft.\" \/>\n<meta name=\"robots\" content=\"index, follow, max-snippet:-1, max-image-preview:large, max-video-preview:-1\" \/>\n<link rel=\"canonical\" href=\"https:\/\/www.csj-emballages.com\/de\/produit\/50-zerreissbare-becherhalter-aus-pappe\/\" \/>\n<meta property=\"og:locale\" content=\"de_DE\" \/>\n<meta property=\"og:type\" content=\"article\" \/>\n<meta property=\"og:title\" content=\"Becherhalter aus zerrei\u00dfbarer Pappe pro 50 St\u00fcck\" \/>\n<meta property=\"og:description\" content=\"Entdecken Sie unseren Becherhalter aus Karton f\u00fcr 4 Getr\u00e4nke. Ma\u00dfe: 220 x 185 x 45 mm. Dieses Produkt wird in Packungen zu 50 St\u00fcck verkauft.\" \/>\n<meta property=\"og:url\" content=\"https:\/\/www.csj-emballages.com\/de\/produit\/50-zerreissbare-becherhalter-aus-pappe\/\" \/>\n<meta property=\"og:site_name\" content=\"CSJ Emballages\" \/>\n<meta property=\"article:publisher\" content=\"https:\/\/www.facebook.com\/csjemballages\" \/>\n<meta property=\"article:modified_time\" content=\"2026-03-25T01:15:40+00:00\" \/>\n<meta property=\"og:image\" content=\"https:\/\/www.csj-emballages.com\/wp-content\/uploads\/2024\/03\/Porte-gobelets.webp\" \/>\n\t<meta property=\"og:image:width\" content=\"800\" \/>\n\t<meta property=\"og:image:height\" content=\"800\" \/>\n\t<meta property=\"og:image:type\" content=\"image\/webp\" \/>\n<meta name=\"twitter:card\" content=\"summary_large_image\" \/>\n<meta name=\"twitter:label1\" content=\"Gesch\u00e4tzte Lesezeit\" \/>\n\t<meta name=\"twitter:data1\" content=\"2 Minuten\" \/>\n<script type=\"application\/ld+json\" class=\"yoast-schema-graph\">{\"@context\":\"https:\/\/schema.org\",\"@graph\":[{\"@type\":\"WebPage\",\"@id\":\"https:\/\/www.csj-emballages.com\/de\/produit\/50-zerreissbare-becherhalter-aus-pappe\/\",\"url\":\"https:\/\/www.csj-emballages.com\/de\/produit\/50-zerreissbare-becherhalter-aus-pappe\/\",\"name\":\"Becherhalter aus zerrei\u00dfbarer Pappe pro 50 St\u00fcck\",\"isPartOf\":{\"@id\":\"https:\/\/www.csj-emballages.com\/de\/#website\"},\"primaryImageOfPage\":{\"@id\":\"https:\/\/www.csj-emballages.com\/de\/produit\/50-zerreissbare-becherhalter-aus-pappe\/#primaryimage\"},\"image\":{\"@id\":\"https:\/\/www.csj-emballages.com\/de\/produit\/50-zerreissbare-becherhalter-aus-pappe\/#primaryimage\"},\"thumbnailUrl\":\"https:\/\/www.csj-emballages.com\/wp-content\/uploads\/2024\/03\/Porte-gobelets.webp\",\"datePublished\":\"2024-03-01T15:50:26+00:00\",\"dateModified\":\"2026-03-25T01:15:40+00:00\",\"description\":\"Entdecken Sie unseren Becherhalter aus Karton f\u00fcr 4 Getr\u00e4nke. Ma\u00dfe: 220 x 185 x 45 mm. Dieses Produkt wird in Packungen zu 50 St\u00fcck verkauft.\",\"breadcrumb\":{\"@id\":\"https:\/\/www.csj-emballages.com\/de\/produit\/50-zerreissbare-becherhalter-aus-pappe\/#breadcrumb\"},\"inLanguage\":\"de\",\"potentialAction\":[{\"@type\":\"ReadAction\",\"target\":[\"https:\/\/www.csj-emballages.com\/de\/produit\/50-zerreissbare-becherhalter-aus-pappe\/\"]}]},{\"@type\":\"ImageObject\",\"inLanguage\":\"de\",\"@id\":\"https:\/\/www.csj-emballages.com\/de\/produit\/50-zerreissbare-becherhalter-aus-pappe\/#primaryimage\",\"url\":\"https:\/\/www.csj-emballages.com\/wp-content\/uploads\/2024\/03\/Porte-gobelets.webp\",\"contentUrl\":\"https:\/\/www.csj-emballages.com\/wp-content\/uploads\/2024\/03\/Porte-gobelets.webp\",\"width\":800,\"height\":800,\"caption\":\"porte gobelets\"},{\"@type\":\"BreadcrumbList\",\"@id\":\"https:\/\/www.csj-emballages.com\/de\/produit\/50-zerreissbare-becherhalter-aus-pappe\/#breadcrumb\",\"itemListElement\":[{\"@type\":\"ListItem\",\"position\":1,\"name\":\"Accueil\",\"item\":\"https:\/\/www.csj-emballages.com\/de\/universum-lebensmittelverpackungen\/\"},{\"@type\":\"ListItem\",\"position\":2,\"name\":\"Shop\",\"item\":\"https:\/\/www.csj-emballages.com\/shop\/\"},{\"@type\":\"ListItem\",\"position\":3,\"name\":\"Becherhalter aus zerrei\u00dfbarer Pappe pro 50 St\u00fcck\"}]},{\"@type\":\"WebSite\",\"@id\":\"https:\/\/www.csj-emballages.com\/de\/#website\",\"url\":\"https:\/\/www.csj-emballages.com\/de\/\",\"name\":\"CSJ Emballages\",\"description\":\"\",\"publisher\":{\"@id\":\"https:\/\/www.csj-emballages.com\/de\/#organization\"},\"potentialAction\":[{\"@type\":\"SearchAction\",\"target\":{\"@type\":\"EntryPoint\",\"urlTemplate\":\"https:\/\/www.csj-emballages.com\/de\/?s={search_term_string}\"},\"query-input\":{\"@type\":\"PropertyValueSpecification\",\"valueRequired\":true,\"valueName\":\"search_term_string\"}}],\"inLanguage\":\"de\"},{\"@type\":\"Organization\",\"@id\":\"https:\/\/www.csj-emballages.com\/de\/#Organization\/\",\"name\":\"CSJ Emballages\",\"url\":\"https:\/\/www.csj-emballages.com\/de\/\",\"logo\":{\"@type\":\"ImageObject\",\"inLanguage\":\"de\",\"@id\":\"https:\/\/www.csj-emballages.com\/de\/#\/schema\/logo\/image\/\",\"url\":\"https:\/\/www.csj-emballages.com\/wp-content\/uploads\/2023\/10\/logo_csj.webp\",\"contentUrl\":\"https:\/\/www.csj-emballages.com\/wp-content\/uploads\/2023\/10\/logo_csj.webp\",\"width\":250,\"height\":95,\"caption\":\"CSJ Emballages\"},\"image\":{\"@id\":\"https:\/\/www.csj-emballages.com\/de\/#\/schema\/logo\/image\/\"},\"sameAs\":[\"https:\/\/www.facebook.com\/csjemballages\"],\"address\":{\"@type\":\"PostalAddress\",\"streetAddress\":\"ZI La Lechere\",\"addressLocality\":\"Patornay\",\"postalCode\":\"39130\",\"addressCountry\":\"FR\"},\"contactPoint\":[{\"@type\":\"ContactPoint\",\"contactType\":\"Service client\",\"telephone\":\"0384254272\",\"email\":\"contact@csj-emballages.com\"}]}]}<\/script>\n<!-- \/ Yoast SEO Premium plugin. -->","yoast_head_json":{"title":"Becherhalter aus zerrei\u00dfbarer Pappe pro 50 St\u00fcck","description":"Entdecken Sie unseren Becherhalter aus Karton f\u00fcr 4 Getr\u00e4nke. Ma\u00dfe: 220 x 185 x 45 mm. Dieses Produkt wird in Packungen zu 50 St\u00fcck verkauft.","robots":{"index":"index","follow":"follow","max-snippet":"max-snippet:-1","max-image-preview":"max-image-preview:large","max-video-preview":"max-video-preview:-1"},"canonical":"https:\/\/www.csj-emballages.com\/de\/produit\/50-zerreissbare-becherhalter-aus-pappe\/","og_locale":"de_DE","og_type":"article","og_title":"Becherhalter aus zerrei\u00dfbarer Pappe pro 50 St\u00fcck","og_description":"Entdecken Sie unseren Becherhalter aus Karton f\u00fcr 4 Getr\u00e4nke. Ma\u00dfe: 220 x 185 x 45 mm. Dieses Produkt wird in Packungen zu 50 St\u00fcck verkauft.","og_url":"https:\/\/www.csj-emballages.com\/de\/produit\/50-zerreissbare-becherhalter-aus-pappe\/","og_site_name":"CSJ Emballages","article_publisher":"https:\/\/www.facebook.com\/csjemballages","article_modified_time":"2026-03-25T01:15:40+00:00","og_image":[{"width":800,"height":800,"url":"https:\/\/www.csj-emballages.com\/wp-content\/uploads\/2024\/03\/Porte-gobelets.webp","type":"image\/webp"}],"twitter_card":"summary_large_image","twitter_misc":{"Gesch\u00e4tzte Lesezeit":"2 Minuten"},"schema":{"@context":"https:\/\/schema.org","@graph":[{"@type":"WebPage","@id":"https:\/\/www.csj-emballages.com\/de\/produit\/50-zerreissbare-becherhalter-aus-pappe\/","url":"https:\/\/www.csj-emballages.com\/de\/produit\/50-zerreissbare-becherhalter-aus-pappe\/","name":"Becherhalter aus zerrei\u00dfbarer Pappe pro 50 St\u00fcck","isPartOf":{"@id":"https:\/\/www.csj-emballages.com\/de\/#website"},"primaryImageOfPage":{"@id":"https:\/\/www.csj-emballages.com\/de\/produit\/50-zerreissbare-becherhalter-aus-pappe\/#primaryimage"},"image":{"@id":"https:\/\/www.csj-emballages.com\/de\/produit\/50-zerreissbare-becherhalter-aus-pappe\/#primaryimage"},"thumbnailUrl":"https:\/\/www.csj-emballages.com\/wp-content\/uploads\/2024\/03\/Porte-gobelets.webp","datePublished":"2024-03-01T15:50:26+00:00","dateModified":"2026-03-25T01:15:40+00:00","description":"Entdecken Sie unseren Becherhalter aus Karton f\u00fcr 4 Getr\u00e4nke. Ma\u00dfe: 220 x 185 x 45 mm. Dieses Produkt wird in Packungen zu 50 St\u00fcck verkauft.","breadcrumb":{"@id":"https:\/\/www.csj-emballages.com\/de\/produit\/50-zerreissbare-becherhalter-aus-pappe\/#breadcrumb"},"inLanguage":"de","potentialAction":[{"@type":"ReadAction","target":["https:\/\/www.csj-emballages.com\/de\/produit\/50-zerreissbare-becherhalter-aus-pappe\/"]}]},{"@type":"ImageObject","inLanguage":"de","@id":"https:\/\/www.csj-emballages.com\/de\/produit\/50-zerreissbare-becherhalter-aus-pappe\/#primaryimage","url":"https:\/\/www.csj-emballages.com\/wp-content\/uploads\/2024\/03\/Porte-gobelets.webp","contentUrl":"https:\/\/www.csj-emballages.com\/wp-content\/uploads\/2024\/03\/Porte-gobelets.webp","width":800,"height":800,"caption":"porte gobelets"},{"@type":"BreadcrumbList","@id":"https:\/\/www.csj-emballages.com\/de\/produit\/50-zerreissbare-becherhalter-aus-pappe\/#breadcrumb","itemListElement":[{"@type":"ListItem","position":1,"name":"Accueil","item":"https:\/\/www.csj-emballages.com\/de\/universum-lebensmittelverpackungen\/"},{"@type":"ListItem","position":2,"name":"Shop","item":"https:\/\/www.csj-emballages.com\/shop\/"},{"@type":"ListItem","position":3,"name":"Becherhalter aus zerrei\u00dfbarer Pappe pro 50 St\u00fcck"}]},{"@type":"WebSite","@id":"https:\/\/www.csj-emballages.com\/de\/#website","url":"https:\/\/www.csj-emballages.com\/de\/","name":"CSJ Emballages","description":"","publisher":{"@id":"https:\/\/www.csj-emballages.com\/de\/#organization"},"potentialAction":[{"@type":"SearchAction","target":{"@type":"EntryPoint","urlTemplate":"https:\/\/www.csj-emballages.com\/de\/?s={search_term_string}"},"query-input":{"@type":"PropertyValueSpecification","valueRequired":true,"valueName":"search_term_string"}}],"inLanguage":"de"},{"@type":"Organization","@id":"https:\/\/www.csj-emballages.com\/de\/#Organization\/","name":"CSJ Emballages","url":"https:\/\/www.csj-emballages.com\/de\/","logo":{"@type":"ImageObject","inLanguage":"de","@id":"https:\/\/www.csj-emballages.com\/de\/#\/schema\/logo\/image\/","url":"https:\/\/www.csj-emballages.com\/wp-content\/uploads\/2023\/10\/logo_csj.webp","contentUrl":"https:\/\/www.csj-emballages.com\/wp-content\/uploads\/2023\/10\/logo_csj.webp","width":250,"height":95,"caption":"CSJ Emballages"},"image":{"@id":"https:\/\/www.csj-emballages.com\/de\/#\/schema\/logo\/image\/"},"sameAs":["https:\/\/www.facebook.com\/csjemballages"],"address":{"@type":"PostalAddress","streetAddress":"ZI La Lechere","addressLocality":"Patornay","postalCode":"39130","addressCountry":"FR"},"contactPoint":[{"@type":"ContactPoint","contactType":"Service client","telephone":"0384254272","email":"contact@csj-emballages.com"}]}]}},"df_price":8.47,"df_sale_price":"","df_regular_price":8.47,"df_image_link":"https:\/\/www.csj-emballages.com\/wp-content\/uploads\/2024\/03\/Porte-gobelets-300x300.webp","tiered_pricing_type":"fixed","tiered_pricing_fixed_rules":[],"tiered_pricing_percentage_rules":[],"tiered_pricing_minimum":1,"tiered_pricing_roles_data":[],"_links":{"self":[{"href":"https:\/\/www.csj-emballages.com\/de\/wp-json\/wp\/v2\/product\/22688","targetHints":{"allow":["GET"]}}],"collection":[{"href":"https:\/\/www.csj-emballages.com\/de\/wp-json\/wp\/v2\/product"}],"about":[{"href":"https:\/\/www.csj-emballages.com\/de\/wp-json\/wp\/v2\/types\/product"}],"wp:featuredmedia":[{"embeddable":true,"href":"https:\/\/www.csj-emballages.com\/de\/wp-json\/wp\/v2\/media\/203500"}],"wp:attachment":[{"href":"https:\/\/www.csj-emballages.com\/de\/wp-json\/wp\/v2\/media?parent=22688"}],"wp:term":[{"taxonomy":"product_brand","embeddable":true,"href":"https:\/\/www.csj-emballages.com\/de\/wp-json\/wp\/v2\/product_brand?post=22688"},{"taxonomy":"product_cat","embeddable":true,"href":"https:\/\/www.csj-emballages.com\/de\/wp-json\/wp\/v2\/product_cat?post=22688"},{"taxonomy":"product_tag","embeddable":true,"href":"https:\/\/www.csj-emballages.com\/de\/wp-json\/wp\/v2\/product_tag?post=22688"}],"curies":[{"name":"wp","href":"https:\/\/api.w.org\/{rel}","templated":true}]}}