{"id":226866,"date":"2025-03-07T02:18:19","date_gmt":"2025-03-07T01:18:19","guid":{"rendered":"https:\/\/www.csj-emballages.com\/?post_type=product&#038;p=226866"},"modified":"2026-05-04T02:12:47","modified_gmt":"2026-05-04T00:12:47","slug":"platte-fur-vakuumbeutel-abgerundeter-rand-120-x-200-mm-pro-200","status":"publish","type":"product","link":"https:\/\/www.csj-emballages.com\/de\/produit\/platte-fur-vakuumbeutel-abgerundeter-rand-120-x-200-mm-pro-200\/","title":{"rendered":"Goldplatte Vakuumbeutel abgerundete Kanten 120 x 200 mm pro 100"},"content":{"rendered":"<h2>Goldplatte Vakuumbeutel<\/h2>\n<hr>\n<h3>Beschreibung von unserer Goldplatte Vakuumbeutel abgerundete Kanten 120 x 200 mm pro 100<\/h3>\n<p><!--more--><\/p>\n<p data-start=\"127\" data-end=\"484\">Die <strong data-start=\"130\" data-end=\"157\">Goldplatte Vakuumbeutel<\/strong> <strong>120 x 200 mm<\/strong> mit <strong>abgerundeten Kanten<\/strong> ist das kleine Detail, das bei einer Pr\u00e4sentation alles ver\u00e4ndert. Auf den ersten Blick k\u00f6nnte man meinen, dass es sich hierbei lediglich um eine Unterlage f\u00fcr Lebensmittel handelt. Doch sobald man sie benutzt, merkt man schnell, dass sie einen echten Mehrwert bietet, sowohl f\u00fcr die \u00c4sthetik als auch f\u00fcr die Aufbewahrung.  <\/p>\n<p data-start=\"486\" data-end=\"868\">Erstens ist ihr Format von <strong>120 x 200 mm<\/strong> perfekt f\u00fcr kleine Zubereitungen: eine Portion R\u00e4ucherlachs, ein paar Scheiben Wurst, eine kleine Auswahl &#8230; Genau die richtige Gr\u00f6\u00dfe, um Ihre Produkte zur Geltung zu bringen, ohne dass sie auf der Platte verloren wirken. Und da sie starr ist, h\u00e4lt sie die Lebensmittel im Vakuum gut fest, ohne sie zu zerdr\u00fccken. <\/p>\n<p data-start=\"870\" data-end=\"1216\">Zweitens ist seine <strong data-start=\"891\" data-end=\"904\">Goldplattenveredelung<\/strong> nicht nur da, um h\u00fcbsch auszusehen, sondern verleiht ihm einen echten Premium-Aspekt, ideal f\u00fcr Schaufenster, K\u00fchlregale oder gepflegte Pr\u00e4sentationen. Die <strong>goldene Farbe<\/strong> vermittelt sofort einen hochwertigen, fast gierigen Eindruck, der den Kunden zum Kauf anregt. <\/p>\n<p data-start=\"1218\" data-end=\"1498\">Die <strong data-start=\"1222\" data-end=\"1240\">abgerundeten Kanten<\/strong> wiederum machen den Alltag einfacher: keine h\u00e4ngengebliebenen Ecken, weniger Gefahr, den <strong>Vakuumbeutel<\/strong> zu durchstechen, und ein viel fl\u00fcssigeres Anlegen. Das ist die Art von Detail, das man erst bemerkt, wenn es nicht da ist&#8230; und das alles ver\u00e4ndert, wenn es da ist. <\/p>\n<p data-start=\"1500\" data-end=\"1773\">Diese <strong data-start=\"1567\" data-end=\"1594\">Vakuumbeutelplatte<\/strong> ist mit den meisten Vakuumger\u00e4ten auf dem Markt kompatibel und wurde f\u00fcr Profis entwickelt, die auf Schnelligkeit, Zuverl\u00e4ssigkeit und eine sch\u00f6ne Pr\u00e4sentation angewiesen sind. Sie wird in <strong>Packungen zu 100 St\u00fcck<\/strong> verkauft und erm\u00f6glicht es, gro\u00dfe Mengen problemlos zu bew\u00e4ltigen, ohne dass es zu Unterbrechungen kommt. <\/p>\n<p data-start=\"1775\" data-end=\"1840\">Kurz gesagt: einfach, sauber, elegant und vor allem praktisch.<\/p>\n<p><!--more--><\/p>\n<h4>Vorteile :<\/h4>\n<ul>\n<li data-start=\"2055\" data-end=\"2094\">Premium-Pr\u00e4sentation auf einen Blick.<\/li>\n<li data-start=\"2097\" data-end=\"2149\"><strong>Abgerundete Kanten<\/strong>: kein Durchstechen des Vakuumbeutels.<\/li>\n<li data-start=\"2152\" data-end=\"2203\">Starre Halterung f\u00fcr perfekten Halt im Vakuum.<\/li>\n<li data-start=\"2245\" data-end=\"2281\">Ideales Format f\u00fcr kleine Portionen.<\/li>\n<li data-start=\"2284\" data-end=\"2314\">Sparset mit <strong>100 St\u00fcck<\/strong>.<\/li>\n<\/ul>\n<p>&nbsp;<\/p>\n<p><!--more--><\/p>\n<h4>Weitere Informationen :<\/h4>\n<ul>\n<li><strong>Verpackung<\/strong>: Packung mit 100 St\u00fcck<\/li>\n<li><strong>Ma\u00dfe<\/strong>: 120 x 200 mm<\/li>\n<li><strong>Gewicht<\/strong>: 620 gr\/m\u00b2<\/li>\n<li><strong>Material<\/strong>: Karton<\/li>\n<li><strong>Farbe<\/strong>: Gold<\/li>\n<\/ul>\n<p>&nbsp;<\/p>\n<p><!--more--><\/p>\n<p>Hier finden Sie die Vakuumbeutel, die mit dieser Gr\u00f6\u00dfe der Goldplatten kompatibel sind : <span style=\"color: #d12727;\"><a style=\"color: #d12727;\" href=\"https:\/\/www.csj-emballages.com\/es\/produit\/100-bolsas-de-vacio-lisas-17-x-25-cm-90-%c2%b5\/\">SVIDELISS1725<\/a><\/span> \/ <span style=\"color: #d12727;\"><a style=\"color: #d12727;\" href=\"https:\/\/www.csj-emballages.com\/es\/produit\/100-bolsas-de-vacio-lisas-15-x-27-cm-90-%c2%b5\/\">SVIDELISS1527<\/a><\/span> \/<\/p>\n<p>&nbsp;<\/p>\n<p><!--more--><\/p>\n<p>Dieses Produkt ist in verschiedenen Gr\u00f6\u00dfen erh\u00e4ltlich : <span style=\"color: #d12727;\"><a style=\"color: #d12727;\" href=\"https:\/\/www.csj-emballages.com\/es\/produit\/bolsa-de-vacio-placa-dorada-cantos-redondeados-150-x-200-mm-paquete-de-100\/\">150 x 200 mm<\/a><\/span> \/ <span style=\"color: #d12727;\"><a style=\"color: #d12727;\" href=\"https:\/\/www.csj-emballages.com\/produit\/plaque-pour-sac-sous-vide-bord-arrondie-160-x-230-mm-par-200\/\">160 x 230 mm<\/a><\/span> \/ <span style=\"color: #d12727;\"><a style=\"color: #d12727;\" href=\"https:\/\/www.csj-emballages.com\/es\/produit\/bolsa-de-vacio-placa-dorada-cantos-redondeados-200-x-250-mm-paquete-de-100\/\">200 x 250 mm<\/a><\/span> \/ <span style=\"color: #d12727;\"><a style=\"color: #d12727;\" href=\"https:\/\/www.csj-emballages.com\/es\/produit\/carton-para-bolsas-de-vacio-canto-redondeado-200-x-300-mm-100-unid\/\">200 x 300 mm<\/a> <span style=\"color: #000000;\">\/<\/span> <a style=\"color: #d12727;\" href=\"https:\/\/www.csj-emballages.com\/es\/produit\/bolsa-de-vacio-placa-dorada-con-bordes-redondeados-200-x-500-mm-por-100\/\">200 x 500 mm<\/a> <span style=\"color: #000000;\">\/<\/span> <a style=\"color: #d12727;\" href=\"https:\/\/www.csj-emballages.com\/es\/produit\/bolsa-de-vacio-placa-dorada-cantos-redondeados-200-x-600-mm-paquete-de-100\/\">200 x 600 mm<\/a><\/span><\/p>\n<p>&nbsp;<\/p>\n<p><!--more--><\/p>\n<p><a href=\"https:\/\/www.csj-emballages.com\/de\/categorie-produit\/lebensmittelverpackungen\/metzgerei-und-feinkostgeschaft\/sacke-und-beutel\/vakuumbeutel\/goldplatten\/\">Sehen Sie sich den Rest unseres Sortiments an Goldplatten f\u00fcr Vakuumbeutel an<\/a><\/p>\n","protected":false},"excerpt":{"rendered":"<p>Goldplatte Vakuumbeutel Beschreibung von unserer Goldplatte Vakuumbeutel abgerundete Kanten 120 x 200 mm pro 100<\/p>\n","protected":false},"featured_media":253588,"template":"","meta":{"_acf_changed":false},"product_brand":[],"product_cat":[1137,1170,3962,1235,9259],"product_tag":[],"class_list":{"0":"post-226866","1":"product","2":"type-product","3":"status-publish","4":"has-post-thumbnail","6":"product_cat-lebensmittelverpackungen","7":"product_cat-metzgerei-und-feinkostgeschaft","8":"product_cat-sacke-und-beutel","9":"product_cat-vakuumbeutel","10":"product_cat-goldplatten","12":"first","13":"instock","14":"taxable","15":"shipping-taxable","16":"purchasable","17":"product-type-simple"},"acf":[],"yoast_head":"<!-- This site is optimized with the Yoast SEO Premium plugin v26.6 (Yoast SEO v26.6) - https:\/\/yoast.com\/wordpress\/plugins\/seo\/ -->\n<title>Goldplatte Vakuumbeutel mit abgerundeten Kanten 120 x 200 mm per 100<\/title>\n<meta name=\"description\" content=\"Optimieren Sie die Aufbewahrung Ihrer Lebensmittel mit dieser Goldplatte Vakuumbeutel abgerundete Kanten 120 x 200 mm. Sichern Sie Ihre Produkte ohne Durchsto\u00dfgefahr.\" \/>\n<meta name=\"robots\" content=\"index, follow, max-snippet:-1, max-image-preview:large, max-video-preview:-1\" \/>\n<link rel=\"canonical\" href=\"https:\/\/www.csj-emballages.com\/de\/produit\/platte-fur-vakuumbeutel-abgerundeter-rand-120-x-200-mm-pro-200\/\" \/>\n<meta property=\"og:locale\" content=\"de_DE\" \/>\n<meta property=\"og:type\" content=\"article\" \/>\n<meta property=\"og:title\" content=\"Goldplatte Vakuumbeutel abgerundete Kanten 120 x 200 mm pro 100\" \/>\n<meta property=\"og:description\" content=\"Optimieren Sie die Aufbewahrung Ihrer Lebensmittel mit dieser Goldplatte Vakuumbeutel abgerundete Kanten 120 x 200 mm. Sichern Sie Ihre Produkte ohne Durchsto\u00dfgefahr.\" \/>\n<meta property=\"og:url\" content=\"https:\/\/www.csj-emballages.com\/de\/produit\/platte-fur-vakuumbeutel-abgerundeter-rand-120-x-200-mm-pro-200\/\" \/>\n<meta property=\"og:site_name\" content=\"CSJ Emballages\" \/>\n<meta property=\"article:publisher\" content=\"https:\/\/www.facebook.com\/csjemballages\" \/>\n<meta property=\"article:modified_time\" content=\"2026-05-04T00:12:47+00:00\" \/>\n<meta property=\"og:image\" content=\"https:\/\/www.csj-emballages.com\/wp-content\/uploads\/2025\/03\/Plaques-or.webp\" \/>\n\t<meta property=\"og:image:width\" content=\"800\" \/>\n\t<meta property=\"og:image:height\" content=\"800\" \/>\n\t<meta property=\"og:image:type\" content=\"image\/webp\" \/>\n<meta name=\"twitter:card\" content=\"summary_large_image\" \/>\n<meta name=\"twitter:label1\" content=\"Gesch\u00e4tzte Lesezeit\" \/>\n\t<meta name=\"twitter:data1\" content=\"2 Minuten\" \/>\n<script type=\"application\/ld+json\" class=\"yoast-schema-graph\">{\"@context\":\"https:\/\/schema.org\",\"@graph\":[{\"@type\":\"WebPage\",\"@id\":\"https:\/\/www.csj-emballages.com\/de\/produit\/platte-fur-vakuumbeutel-abgerundeter-rand-120-x-200-mm-pro-200\/\",\"url\":\"https:\/\/www.csj-emballages.com\/de\/produit\/platte-fur-vakuumbeutel-abgerundeter-rand-120-x-200-mm-pro-200\/\",\"name\":\"Goldplatte Vakuumbeutel mit abgerundeten Kanten 120 x 200 mm per 100\",\"isPartOf\":{\"@id\":\"https:\/\/www.csj-emballages.com\/de\/#website\"},\"primaryImageOfPage\":{\"@id\":\"https:\/\/www.csj-emballages.com\/de\/produit\/platte-fur-vakuumbeutel-abgerundeter-rand-120-x-200-mm-pro-200\/#primaryimage\"},\"image\":{\"@id\":\"https:\/\/www.csj-emballages.com\/de\/produit\/platte-fur-vakuumbeutel-abgerundeter-rand-120-x-200-mm-pro-200\/#primaryimage\"},\"thumbnailUrl\":\"https:\/\/www.csj-emballages.com\/wp-content\/uploads\/2025\/03\/Plaques-or.webp\",\"datePublished\":\"2025-03-07T01:18:19+00:00\",\"dateModified\":\"2026-05-04T00:12:47+00:00\",\"description\":\"Optimieren Sie die Aufbewahrung Ihrer Lebensmittel mit dieser Goldplatte Vakuumbeutel abgerundete Kanten 120 x 200 mm. Sichern Sie Ihre Produkte ohne Durchsto\u00dfgefahr.\",\"breadcrumb\":{\"@id\":\"https:\/\/www.csj-emballages.com\/de\/produit\/platte-fur-vakuumbeutel-abgerundeter-rand-120-x-200-mm-pro-200\/#breadcrumb\"},\"inLanguage\":\"de\",\"potentialAction\":[{\"@type\":\"ReadAction\",\"target\":[\"https:\/\/www.csj-emballages.com\/de\/produit\/platte-fur-vakuumbeutel-abgerundeter-rand-120-x-200-mm-pro-200\/\"]}]},{\"@type\":\"ImageObject\",\"inLanguage\":\"de\",\"@id\":\"https:\/\/www.csj-emballages.com\/de\/produit\/platte-fur-vakuumbeutel-abgerundeter-rand-120-x-200-mm-pro-200\/#primaryimage\",\"url\":\"https:\/\/www.csj-emballages.com\/wp-content\/uploads\/2025\/03\/Plaques-or.webp\",\"contentUrl\":\"https:\/\/www.csj-emballages.com\/wp-content\/uploads\/2025\/03\/Plaques-or.webp\",\"width\":800,\"height\":800,\"caption\":\"Plaque or sac sous vide\"},{\"@type\":\"BreadcrumbList\",\"@id\":\"https:\/\/www.csj-emballages.com\/de\/produit\/platte-fur-vakuumbeutel-abgerundeter-rand-120-x-200-mm-pro-200\/#breadcrumb\",\"itemListElement\":[{\"@type\":\"ListItem\",\"position\":1,\"name\":\"Accueil\",\"item\":\"https:\/\/www.csj-emballages.com\/de\/universum-lebensmittelverpackungen\/\"},{\"@type\":\"ListItem\",\"position\":2,\"name\":\"Shop\",\"item\":\"https:\/\/www.csj-emballages.com\/shop\/\"},{\"@type\":\"ListItem\",\"position\":3,\"name\":\"Goldplatte Vakuumbeutel abgerundete Kanten 120 x 200 mm pro 100\"}]},{\"@type\":\"WebSite\",\"@id\":\"https:\/\/www.csj-emballages.com\/de\/#website\",\"url\":\"https:\/\/www.csj-emballages.com\/de\/\",\"name\":\"CSJ Emballages\",\"description\":\"\",\"publisher\":{\"@id\":\"https:\/\/www.csj-emballages.com\/de\/#organization\"},\"potentialAction\":[{\"@type\":\"SearchAction\",\"target\":{\"@type\":\"EntryPoint\",\"urlTemplate\":\"https:\/\/www.csj-emballages.com\/de\/?s={search_term_string}\"},\"query-input\":{\"@type\":\"PropertyValueSpecification\",\"valueRequired\":true,\"valueName\":\"search_term_string\"}}],\"inLanguage\":\"de\"},{\"@type\":\"Organization\",\"@id\":\"https:\/\/www.csj-emballages.com\/de\/#Organization\/\",\"name\":\"CSJ Emballages\",\"url\":\"https:\/\/www.csj-emballages.com\/de\/\",\"logo\":{\"@type\":\"ImageObject\",\"inLanguage\":\"de\",\"@id\":\"https:\/\/www.csj-emballages.com\/de\/#\/schema\/logo\/image\/\",\"url\":\"https:\/\/www.csj-emballages.com\/wp-content\/uploads\/2023\/10\/logo_csj.webp\",\"contentUrl\":\"https:\/\/www.csj-emballages.com\/wp-content\/uploads\/2023\/10\/logo_csj.webp\",\"width\":250,\"height\":95,\"caption\":\"CSJ Emballages\"},\"image\":{\"@id\":\"https:\/\/www.csj-emballages.com\/de\/#\/schema\/logo\/image\/\"},\"sameAs\":[\"https:\/\/www.facebook.com\/csjemballages\"],\"address\":{\"@type\":\"PostalAddress\",\"streetAddress\":\"ZI La Lechere\",\"addressLocality\":\"Patornay\",\"postalCode\":\"39130\",\"addressCountry\":\"FR\"},\"contactPoint\":[{\"@type\":\"ContactPoint\",\"contactType\":\"Service client\",\"telephone\":\"0384254272\",\"email\":\"contact@csj-emballages.com\"}]}]}<\/script>\n<!-- \/ Yoast SEO Premium plugin. -->","yoast_head_json":{"title":"Goldplatte Vakuumbeutel mit abgerundeten Kanten 120 x 200 mm per 100","description":"Optimieren Sie die Aufbewahrung Ihrer Lebensmittel mit dieser Goldplatte Vakuumbeutel abgerundete Kanten 120 x 200 mm. Sichern Sie Ihre Produkte ohne Durchsto\u00dfgefahr.","robots":{"index":"index","follow":"follow","max-snippet":"max-snippet:-1","max-image-preview":"max-image-preview:large","max-video-preview":"max-video-preview:-1"},"canonical":"https:\/\/www.csj-emballages.com\/de\/produit\/platte-fur-vakuumbeutel-abgerundeter-rand-120-x-200-mm-pro-200\/","og_locale":"de_DE","og_type":"article","og_title":"Goldplatte Vakuumbeutel abgerundete Kanten 120 x 200 mm pro 100","og_description":"Optimieren Sie die Aufbewahrung Ihrer Lebensmittel mit dieser Goldplatte Vakuumbeutel abgerundete Kanten 120 x 200 mm. Sichern Sie Ihre Produkte ohne Durchsto\u00dfgefahr.","og_url":"https:\/\/www.csj-emballages.com\/de\/produit\/platte-fur-vakuumbeutel-abgerundeter-rand-120-x-200-mm-pro-200\/","og_site_name":"CSJ Emballages","article_publisher":"https:\/\/www.facebook.com\/csjemballages","article_modified_time":"2026-05-04T00:12:47+00:00","og_image":[{"width":800,"height":800,"url":"https:\/\/www.csj-emballages.com\/wp-content\/uploads\/2025\/03\/Plaques-or.webp","type":"image\/webp"}],"twitter_card":"summary_large_image","twitter_misc":{"Gesch\u00e4tzte Lesezeit":"2 Minuten"},"schema":{"@context":"https:\/\/schema.org","@graph":[{"@type":"WebPage","@id":"https:\/\/www.csj-emballages.com\/de\/produit\/platte-fur-vakuumbeutel-abgerundeter-rand-120-x-200-mm-pro-200\/","url":"https:\/\/www.csj-emballages.com\/de\/produit\/platte-fur-vakuumbeutel-abgerundeter-rand-120-x-200-mm-pro-200\/","name":"Goldplatte Vakuumbeutel mit abgerundeten Kanten 120 x 200 mm per 100","isPartOf":{"@id":"https:\/\/www.csj-emballages.com\/de\/#website"},"primaryImageOfPage":{"@id":"https:\/\/www.csj-emballages.com\/de\/produit\/platte-fur-vakuumbeutel-abgerundeter-rand-120-x-200-mm-pro-200\/#primaryimage"},"image":{"@id":"https:\/\/www.csj-emballages.com\/de\/produit\/platte-fur-vakuumbeutel-abgerundeter-rand-120-x-200-mm-pro-200\/#primaryimage"},"thumbnailUrl":"https:\/\/www.csj-emballages.com\/wp-content\/uploads\/2025\/03\/Plaques-or.webp","datePublished":"2025-03-07T01:18:19+00:00","dateModified":"2026-05-04T00:12:47+00:00","description":"Optimieren Sie die Aufbewahrung Ihrer Lebensmittel mit dieser Goldplatte Vakuumbeutel abgerundete Kanten 120 x 200 mm. Sichern Sie Ihre Produkte ohne Durchsto\u00dfgefahr.","breadcrumb":{"@id":"https:\/\/www.csj-emballages.com\/de\/produit\/platte-fur-vakuumbeutel-abgerundeter-rand-120-x-200-mm-pro-200\/#breadcrumb"},"inLanguage":"de","potentialAction":[{"@type":"ReadAction","target":["https:\/\/www.csj-emballages.com\/de\/produit\/platte-fur-vakuumbeutel-abgerundeter-rand-120-x-200-mm-pro-200\/"]}]},{"@type":"ImageObject","inLanguage":"de","@id":"https:\/\/www.csj-emballages.com\/de\/produit\/platte-fur-vakuumbeutel-abgerundeter-rand-120-x-200-mm-pro-200\/#primaryimage","url":"https:\/\/www.csj-emballages.com\/wp-content\/uploads\/2025\/03\/Plaques-or.webp","contentUrl":"https:\/\/www.csj-emballages.com\/wp-content\/uploads\/2025\/03\/Plaques-or.webp","width":800,"height":800,"caption":"Plaque or sac sous vide"},{"@type":"BreadcrumbList","@id":"https:\/\/www.csj-emballages.com\/de\/produit\/platte-fur-vakuumbeutel-abgerundeter-rand-120-x-200-mm-pro-200\/#breadcrumb","itemListElement":[{"@type":"ListItem","position":1,"name":"Accueil","item":"https:\/\/www.csj-emballages.com\/de\/universum-lebensmittelverpackungen\/"},{"@type":"ListItem","position":2,"name":"Shop","item":"https:\/\/www.csj-emballages.com\/shop\/"},{"@type":"ListItem","position":3,"name":"Goldplatte Vakuumbeutel abgerundete Kanten 120 x 200 mm pro 100"}]},{"@type":"WebSite","@id":"https:\/\/www.csj-emballages.com\/de\/#website","url":"https:\/\/www.csj-emballages.com\/de\/","name":"CSJ Emballages","description":"","publisher":{"@id":"https:\/\/www.csj-emballages.com\/de\/#organization"},"potentialAction":[{"@type":"SearchAction","target":{"@type":"EntryPoint","urlTemplate":"https:\/\/www.csj-emballages.com\/de\/?s={search_term_string}"},"query-input":{"@type":"PropertyValueSpecification","valueRequired":true,"valueName":"search_term_string"}}],"inLanguage":"de"},{"@type":"Organization","@id":"https:\/\/www.csj-emballages.com\/de\/#Organization\/","name":"CSJ Emballages","url":"https:\/\/www.csj-emballages.com\/de\/","logo":{"@type":"ImageObject","inLanguage":"de","@id":"https:\/\/www.csj-emballages.com\/de\/#\/schema\/logo\/image\/","url":"https:\/\/www.csj-emballages.com\/wp-content\/uploads\/2023\/10\/logo_csj.webp","contentUrl":"https:\/\/www.csj-emballages.com\/wp-content\/uploads\/2023\/10\/logo_csj.webp","width":250,"height":95,"caption":"CSJ Emballages"},"image":{"@id":"https:\/\/www.csj-emballages.com\/de\/#\/schema\/logo\/image\/"},"sameAs":["https:\/\/www.facebook.com\/csjemballages"],"address":{"@type":"PostalAddress","streetAddress":"ZI La Lechere","addressLocality":"Patornay","postalCode":"39130","addressCountry":"FR"},"contactPoint":[{"@type":"ContactPoint","contactType":"Service client","telephone":"0384254272","email":"contact@csj-emballages.com"}]}]}},"df_price":8.74,"df_sale_price":"","df_regular_price":8.74,"df_image_link":"https:\/\/www.csj-emballages.com\/wp-content\/uploads\/2025\/03\/Plaques-or-300x300.webp","tiered_pricing_type":"fixed","tiered_pricing_fixed_rules":[],"tiered_pricing_percentage_rules":[],"tiered_pricing_minimum":1,"tiered_pricing_roles_data":[],"_links":{"self":[{"href":"https:\/\/www.csj-emballages.com\/de\/wp-json\/wp\/v2\/product\/226866","targetHints":{"allow":["GET"]}}],"collection":[{"href":"https:\/\/www.csj-emballages.com\/de\/wp-json\/wp\/v2\/product"}],"about":[{"href":"https:\/\/www.csj-emballages.com\/de\/wp-json\/wp\/v2\/types\/product"}],"wp:featuredmedia":[{"embeddable":true,"href":"https:\/\/www.csj-emballages.com\/de\/wp-json\/wp\/v2\/media\/253588"}],"wp:attachment":[{"href":"https:\/\/www.csj-emballages.com\/de\/wp-json\/wp\/v2\/media?parent=226866"}],"wp:term":[{"taxonomy":"product_brand","embeddable":true,"href":"https:\/\/www.csj-emballages.com\/de\/wp-json\/wp\/v2\/product_brand?post=226866"},{"taxonomy":"product_cat","embeddable":true,"href":"https:\/\/www.csj-emballages.com\/de\/wp-json\/wp\/v2\/product_cat?post=226866"},{"taxonomy":"product_tag","embeddable":true,"href":"https:\/\/www.csj-emballages.com\/de\/wp-json\/wp\/v2\/product_tag?post=226866"}],"curies":[{"name":"wp","href":"https:\/\/api.w.org\/{rel}","templated":true}]}}