{"id":226854,"date":"2025-03-01T02:18:13","date_gmt":"2025-03-01T01:18:13","guid":{"rendered":"https:\/\/www.csj-emballages.com\/?post_type=product&#038;p=226854"},"modified":"2026-04-30T02:15:41","modified_gmt":"2026-04-30T00:15:41","slug":"burger-beutel-papier-14-7-x-22-cm-pro-1000","status":"publish","type":"product","link":"https:\/\/www.csj-emballages.com\/de\/produit\/burger-beutel-papier-14-7-x-22-cm-pro-1000\/","title":{"rendered":"Burger-Beutel fettdichtes Papier 14 + 6.5 x 25 cm pro 1000"},"content":{"rendered":"<h2>Beutel Burger<\/h2>\n<hr>\n<h3>Beschreibung von unserem Burgerbeutel fettdichtes Papier 14 + 6.5 x 25 cm pro 1000<\/h3>\n<p><!--more--><\/p>\n<div class=\"flex-1 overflow-hidden\">\n<div class=\"h-full\">\n<div class=\"react-scroll-to-bottom--css-topht-79elbk h-full\">\n<div class=\"react-scroll-to-bottom--css-topht-1n7m0yu\">\n<div class=\"flex flex-col text-sm md:pb-9\">\n<article class=\"w-full text-token-text-primary focus-visible:outline-2 focus-visible:outline-offset-[-4px]\" dir=\"auto\" data-testid=\"conversation-turn-3\" data-scroll-anchor=\"true\">\n<div class=\"text-base py-[18px] px-3 md:px-4 m-auto w-full md:px-5 lg:px-1 xl:px-5\">\n<div class=\"mx-auto flex flex-1 gap-4 text-base md:gap-5 lg:gap-6 md:max-w-3xl lg:max-w-[40rem] xl:max-w-[48rem]\">\n<div class=\"group\/conversation-turn relative flex w-full min-w-0 flex-col agent-turn\">\n<div class=\"flex-col gap-1 md:gap-3\">\n<div class=\"flex max-w-full flex-col flex-grow\">\n<div class=\"min-h-[20px] text-message flex w-full flex-col items-end gap-2 whitespace-normal break-words [.text-message+&amp;]:mt-5\" dir=\"auto\" data-message-author-role=\"assistant\" data-message-id=\"9b3be93c-2125-4d4a-a54f-505a21bded71\">\n<div class=\"flex w-full flex-col gap-1 empty:hidden first:pt-[3px]\">\n<div class=\"markdown prose w-full break-words dark:prose-invert light\">\n<p data-start=\"335\" data-end=\"699\">Egal, ob Sie ein Restaurant, einen Cateringservice, einen Foodtruck oder sogar eine Gemeinschaftseinrichtung betreiben, der <strong>Burger-Beutel<\/strong> aus <strong>fettdichtem Papier<\/strong> ist ein Muss f\u00fcr jede Lebensmittelverpackung. Mit den Ma\u00dfen <strong>14 + 6,5 x 25 cm<\/strong> eignet sich dieses Modell perfekt f\u00fcr gro\u00dfz\u00fcgige Burger, Bagels, Paninis oder andere warme Snacks. Sein gr\u00f6\u00dfter Vorteil? Es ist <strong>fettdicht<\/strong>, was bedeutet, dass es gegen Fett, So\u00dfen und andere Fl\u00fcssigkeiten resistent ist: Schluss mit tropfendem Verpackungsmaterial oder befleckten H\u00e4nden. Ihre Kunden k\u00f6nnen ihr Essen unbeschwert genie\u00dfen, auch wenn sie unterwegs sind.    <\/p>\n<p data-start=\"954\" data-end=\"1227\">Diese aus hochwertigem Papier hergestellte <strong>Burger-T\u00fcte<\/strong> ist robust und flexibel zugleich. Sie passt sich gut an die Form des Produkts an und ist gleichzeitig hitze- und feuchtigkeitsbest\u00e4ndig. Dank des Formats mit Seitenfalte k\u00f6nnen auch gr\u00f6\u00dfere Produkte oder Feinschmeckerprodukte problemlos darin verstaut werden.  <\/p>\n<p data-start=\"1229\" data-end=\"1385\">Er ist nicht nur praktisch, sondern verleiht Ihrem Take-away-Service durch sein Design auch ein attraktives Image. Das Erscheinungsbild ist sauber, hygienisch und schafft Vertrauen. <\/p>\n<p data-start=\"1387\" data-end=\"1648\">Dieser <strong>Burger-Beutel<\/strong>, der in Packungen zu <strong>1000<\/strong> St\u00fcck verpackt ist, wurde f\u00fcr den intensiven Gebrauch entwickelt und bietet dennoch ein hervorragendes Preis-Leistungs-Verh\u00e4ltnis. Es handelt sich um eine zuverl\u00e4ssige, schnell einsetzbare L\u00f6sung, die den Rush-Service erleichtert und gleichzeitig eine gute Kundenerfahrung gew\u00e4hrleistet. <\/p>\n<\/div>\n<\/div>\n<\/div>\n<\/div>\n<\/div>\n<\/div>\n<\/div>\n<\/div>\n<\/article>\n<\/div>\n<\/div>\n<\/div>\n<\/div>\n<\/div>\n<p>&nbsp;<\/p>\n<p><!--more--><\/p>\n<h4><strong>Ihre Vorteile :<\/strong><\/h4>\n<ul>\n<li>Fettdichtes Papier: widersteht So\u00dfen, Fetten und Feuchtigkeit.<\/li>\n<li>Praktische Gr\u00f6\u00dfe: ideal f\u00fcr Burger, Bagels, Paninis usw.<\/li>\n<li>Saubere und professionelle Pr\u00e4sentation.<\/li>\n<li>Geeignet f\u00fcr den Verkauf zum Mitnehmen und f\u00fcr Schnellrestaurants.<\/li>\n<li>Sparpack mit 1000 Beuteln.<\/li>\n<\/ul>\n<p>&nbsp;<\/p>\n<p><!--more--><\/p>\n<p><strong>Weitere Informationen :  <\/strong><\/p>\n<ul>\n<li><strong>Verpackung<\/strong>: Karton mit 1000 St\u00fcck<\/li>\n<li><strong>Ma\u00dfe<\/strong>: 14 + 6,5 x 25 cm<\/li>\n<li><strong>Material<\/strong>: Fettdichtes Papier<\/li>\n<li><strong>Farbe<\/strong>: Wei\u00df \/ Deko<\/li>\n<\/ul>\n<p>&nbsp;<\/p>\n<p><!--more--><\/p>\n<p>Hier finden Sie unseren Burgerbeutel mit gr\u00fcnen Motiven : <span style=\"color: #d12727;\"><a style=\"color: #d12727;\" href=\"https:\/\/www.csj-emballages.com\/de\/produit\/500-hamburgertueten-papier-14-7-x-22-cm\/\">SCBUR22<\/a><\/span><\/p>\n<p>&nbsp;<\/p>\n<p><!--more--><\/p>\n<p><a href=\"https:\/\/www.csj-emballages.com\/de\/categorie-produit\/lebensmittelverpackungen\/backerei-und-konditorei\/schachteln-und-etuis\/gebackschachteln\/weise-gebackschachteln\/\">Sehen Sie sich den Rest unseres Sortiments an wei\u00dfen Geb\u00e4ckdosen an.<\/a><\/p>\n","protected":false},"excerpt":{"rendered":"<p>Beutel Burger Beschreibung von unserem Burgerbeutel fettdichtes Papier 14 + 6.5 x 25 cm pro 1000<\/p>\n","protected":false},"featured_media":233053,"template":"","meta":{"_acf_changed":false},"product_brand":[],"product_cat":[1137,1171,3967,1661,3479,1134,3976,3427],"product_tag":[],"class_list":{"0":"post-226854","1":"product","2":"type-product","3":"status-publish","4":"has-post-thumbnail","6":"product_cat-lebensmittelverpackungen","7":"product_cat-backerei-und-konditorei","8":"product_cat-sacke-beutel-und-papier","9":"product_cat-sacheries-de","10":"product_cat-sandwich-taschen","11":"product_cat-restauration-de","12":"product_cat-sacke-und-papier","13":"product_cat-hamburger-beutel","15":"first","16":"instock","17":"taxable","18":"shipping-taxable","19":"purchasable","20":"product-type-simple"},"acf":[],"yoast_head":"<!-- This site is optimized with the Yoast SEO Premium plugin v26.6 (Yoast SEO v26.6) - https:\/\/yoast.com\/wordpress\/plugins\/seo\/ -->\n<title>Burger-Beutel aus fettdichtem Papier 14 + 6.5 x 25 cm pro 1000<\/title>\n<meta name=\"description\" content=\"Burger-Beutel fettdichtes Papier 14 + 6,5 x 25 cm - 1000 St\u00fcck Ideal f\u00fcr Burger, Paninis, Bagels... Praktische, saubere und professionelle Verpackung.\" \/>\n<meta name=\"robots\" content=\"index, follow, max-snippet:-1, max-image-preview:large, max-video-preview:-1\" \/>\n<link rel=\"canonical\" href=\"https:\/\/www.csj-emballages.com\/de\/produit\/burger-beutel-papier-14-7-x-22-cm-pro-1000\/\" \/>\n<meta property=\"og:locale\" content=\"de_DE\" \/>\n<meta property=\"og:type\" content=\"article\" \/>\n<meta property=\"og:title\" content=\"Burger-Beutel fettdichtes Papier 14 + 6.5 x 25 cm pro 1000\" \/>\n<meta property=\"og:description\" content=\"Burger-Beutel fettdichtes Papier 14 + 6,5 x 25 cm - 1000 St\u00fcck Ideal f\u00fcr Burger, Paninis, Bagels... Praktische, saubere und professionelle Verpackung.\" \/>\n<meta property=\"og:url\" content=\"https:\/\/www.csj-emballages.com\/de\/produit\/burger-beutel-papier-14-7-x-22-cm-pro-1000\/\" \/>\n<meta property=\"og:site_name\" content=\"CSJ Emballages\" \/>\n<meta property=\"article:publisher\" content=\"https:\/\/www.facebook.com\/csjemballages\" \/>\n<meta property=\"article:modified_time\" content=\"2026-04-30T00:15:41+00:00\" \/>\n<meta property=\"og:image\" content=\"https:\/\/www.csj-emballages.com\/wp-content\/uploads\/2025\/03\/Design-sans-titre-15.webp\" \/>\n\t<meta property=\"og:image:width\" content=\"800\" \/>\n\t<meta property=\"og:image:height\" content=\"800\" \/>\n\t<meta property=\"og:image:type\" content=\"image\/jpeg\" \/>\n<meta name=\"twitter:card\" content=\"summary_large_image\" \/>\n<meta name=\"twitter:label1\" content=\"Gesch\u00e4tzte Lesezeit\" \/>\n\t<meta name=\"twitter:data1\" content=\"2 Minuten\" \/>\n<script type=\"application\/ld+json\" class=\"yoast-schema-graph\">{\"@context\":\"https:\/\/schema.org\",\"@graph\":[{\"@type\":\"WebPage\",\"@id\":\"https:\/\/www.csj-emballages.com\/de\/produit\/burger-beutel-papier-14-7-x-22-cm-pro-1000\/\",\"url\":\"https:\/\/www.csj-emballages.com\/de\/produit\/burger-beutel-papier-14-7-x-22-cm-pro-1000\/\",\"name\":\"Burger-Beutel aus fettdichtem Papier 14 + 6.5 x 25 cm pro 1000\",\"isPartOf\":{\"@id\":\"https:\/\/www.csj-emballages.com\/de\/#website\"},\"primaryImageOfPage\":{\"@id\":\"https:\/\/www.csj-emballages.com\/de\/produit\/burger-beutel-papier-14-7-x-22-cm-pro-1000\/#primaryimage\"},\"image\":{\"@id\":\"https:\/\/www.csj-emballages.com\/de\/produit\/burger-beutel-papier-14-7-x-22-cm-pro-1000\/#primaryimage\"},\"thumbnailUrl\":\"https:\/\/www.csj-emballages.com\/wp-content\/uploads\/2025\/03\/Design-sans-titre-15.webp\",\"datePublished\":\"2025-03-01T01:18:13+00:00\",\"dateModified\":\"2026-04-30T00:15:41+00:00\",\"description\":\"Burger-Beutel fettdichtes Papier 14 + 6,5 x 25 cm - 1000 St\u00fcck Ideal f\u00fcr Burger, Paninis, Bagels... Praktische, saubere und professionelle Verpackung.\",\"breadcrumb\":{\"@id\":\"https:\/\/www.csj-emballages.com\/de\/produit\/burger-beutel-papier-14-7-x-22-cm-pro-1000\/#breadcrumb\"},\"inLanguage\":\"de\",\"potentialAction\":[{\"@type\":\"ReadAction\",\"target\":[\"https:\/\/www.csj-emballages.com\/de\/produit\/burger-beutel-papier-14-7-x-22-cm-pro-1000\/\"]}]},{\"@type\":\"ImageObject\",\"inLanguage\":\"de\",\"@id\":\"https:\/\/www.csj-emballages.com\/de\/produit\/burger-beutel-papier-14-7-x-22-cm-pro-1000\/#primaryimage\",\"url\":\"https:\/\/www.csj-emballages.com\/wp-content\/uploads\/2025\/03\/Design-sans-titre-15.webp\",\"contentUrl\":\"https:\/\/www.csj-emballages.com\/wp-content\/uploads\/2025\/03\/Design-sans-titre-15.webp\",\"width\":800,\"height\":800,\"caption\":\"Sachet burger\"},{\"@type\":\"BreadcrumbList\",\"@id\":\"https:\/\/www.csj-emballages.com\/de\/produit\/burger-beutel-papier-14-7-x-22-cm-pro-1000\/#breadcrumb\",\"itemListElement\":[{\"@type\":\"ListItem\",\"position\":1,\"name\":\"Accueil\",\"item\":\"https:\/\/www.csj-emballages.com\/de\/universum-lebensmittelverpackungen\/\"},{\"@type\":\"ListItem\",\"position\":2,\"name\":\"Shop\",\"item\":\"https:\/\/www.csj-emballages.com\/shop\/\"},{\"@type\":\"ListItem\",\"position\":3,\"name\":\"Burger-Beutel fettdichtes Papier 14 + 6.5 x 25 cm pro 1000\"}]},{\"@type\":\"WebSite\",\"@id\":\"https:\/\/www.csj-emballages.com\/de\/#website\",\"url\":\"https:\/\/www.csj-emballages.com\/de\/\",\"name\":\"CSJ Emballages\",\"description\":\"\",\"publisher\":{\"@id\":\"https:\/\/www.csj-emballages.com\/de\/#organization\"},\"potentialAction\":[{\"@type\":\"SearchAction\",\"target\":{\"@type\":\"EntryPoint\",\"urlTemplate\":\"https:\/\/www.csj-emballages.com\/de\/?s={search_term_string}\"},\"query-input\":{\"@type\":\"PropertyValueSpecification\",\"valueRequired\":true,\"valueName\":\"search_term_string\"}}],\"inLanguage\":\"de\"},{\"@type\":\"Organization\",\"@id\":\"https:\/\/www.csj-emballages.com\/de\/#Organization\/\",\"name\":\"CSJ Emballages\",\"url\":\"https:\/\/www.csj-emballages.com\/de\/\",\"logo\":{\"@type\":\"ImageObject\",\"inLanguage\":\"de\",\"@id\":\"https:\/\/www.csj-emballages.com\/de\/#\/schema\/logo\/image\/\",\"url\":\"https:\/\/www.csj-emballages.com\/wp-content\/uploads\/2023\/10\/logo_csj.webp\",\"contentUrl\":\"https:\/\/www.csj-emballages.com\/wp-content\/uploads\/2023\/10\/logo_csj.webp\",\"width\":250,\"height\":95,\"caption\":\"CSJ Emballages\"},\"image\":{\"@id\":\"https:\/\/www.csj-emballages.com\/de\/#\/schema\/logo\/image\/\"},\"sameAs\":[\"https:\/\/www.facebook.com\/csjemballages\"],\"address\":{\"@type\":\"PostalAddress\",\"streetAddress\":\"ZI La Lechere\",\"addressLocality\":\"Patornay\",\"postalCode\":\"39130\",\"addressCountry\":\"FR\"},\"contactPoint\":[{\"@type\":\"ContactPoint\",\"contactType\":\"Service client\",\"telephone\":\"0384254272\",\"email\":\"contact@csj-emballages.com\"}]}]}<\/script>\n<!-- \/ Yoast SEO Premium plugin. -->","yoast_head_json":{"title":"Burger-Beutel aus fettdichtem Papier 14 + 6.5 x 25 cm pro 1000","description":"Burger-Beutel fettdichtes Papier 14 + 6,5 x 25 cm - 1000 St\u00fcck Ideal f\u00fcr Burger, Paninis, Bagels... Praktische, saubere und professionelle Verpackung.","robots":{"index":"index","follow":"follow","max-snippet":"max-snippet:-1","max-image-preview":"max-image-preview:large","max-video-preview":"max-video-preview:-1"},"canonical":"https:\/\/www.csj-emballages.com\/de\/produit\/burger-beutel-papier-14-7-x-22-cm-pro-1000\/","og_locale":"de_DE","og_type":"article","og_title":"Burger-Beutel fettdichtes Papier 14 + 6.5 x 25 cm pro 1000","og_description":"Burger-Beutel fettdichtes Papier 14 + 6,5 x 25 cm - 1000 St\u00fcck Ideal f\u00fcr Burger, Paninis, Bagels... Praktische, saubere und professionelle Verpackung.","og_url":"https:\/\/www.csj-emballages.com\/de\/produit\/burger-beutel-papier-14-7-x-22-cm-pro-1000\/","og_site_name":"CSJ Emballages","article_publisher":"https:\/\/www.facebook.com\/csjemballages","article_modified_time":"2026-04-30T00:15:41+00:00","og_image":[{"width":800,"height":800,"url":"https:\/\/www.csj-emballages.com\/wp-content\/uploads\/2025\/03\/Design-sans-titre-15.webp","type":"image\/jpeg"}],"twitter_card":"summary_large_image","twitter_misc":{"Gesch\u00e4tzte Lesezeit":"2 Minuten"},"schema":{"@context":"https:\/\/schema.org","@graph":[{"@type":"WebPage","@id":"https:\/\/www.csj-emballages.com\/de\/produit\/burger-beutel-papier-14-7-x-22-cm-pro-1000\/","url":"https:\/\/www.csj-emballages.com\/de\/produit\/burger-beutel-papier-14-7-x-22-cm-pro-1000\/","name":"Burger-Beutel aus fettdichtem Papier 14 + 6.5 x 25 cm pro 1000","isPartOf":{"@id":"https:\/\/www.csj-emballages.com\/de\/#website"},"primaryImageOfPage":{"@id":"https:\/\/www.csj-emballages.com\/de\/produit\/burger-beutel-papier-14-7-x-22-cm-pro-1000\/#primaryimage"},"image":{"@id":"https:\/\/www.csj-emballages.com\/de\/produit\/burger-beutel-papier-14-7-x-22-cm-pro-1000\/#primaryimage"},"thumbnailUrl":"https:\/\/www.csj-emballages.com\/wp-content\/uploads\/2025\/03\/Design-sans-titre-15.webp","datePublished":"2025-03-01T01:18:13+00:00","dateModified":"2026-04-30T00:15:41+00:00","description":"Burger-Beutel fettdichtes Papier 14 + 6,5 x 25 cm - 1000 St\u00fcck Ideal f\u00fcr Burger, Paninis, Bagels... Praktische, saubere und professionelle Verpackung.","breadcrumb":{"@id":"https:\/\/www.csj-emballages.com\/de\/produit\/burger-beutel-papier-14-7-x-22-cm-pro-1000\/#breadcrumb"},"inLanguage":"de","potentialAction":[{"@type":"ReadAction","target":["https:\/\/www.csj-emballages.com\/de\/produit\/burger-beutel-papier-14-7-x-22-cm-pro-1000\/"]}]},{"@type":"ImageObject","inLanguage":"de","@id":"https:\/\/www.csj-emballages.com\/de\/produit\/burger-beutel-papier-14-7-x-22-cm-pro-1000\/#primaryimage","url":"https:\/\/www.csj-emballages.com\/wp-content\/uploads\/2025\/03\/Design-sans-titre-15.webp","contentUrl":"https:\/\/www.csj-emballages.com\/wp-content\/uploads\/2025\/03\/Design-sans-titre-15.webp","width":800,"height":800,"caption":"Sachet burger"},{"@type":"BreadcrumbList","@id":"https:\/\/www.csj-emballages.com\/de\/produit\/burger-beutel-papier-14-7-x-22-cm-pro-1000\/#breadcrumb","itemListElement":[{"@type":"ListItem","position":1,"name":"Accueil","item":"https:\/\/www.csj-emballages.com\/de\/universum-lebensmittelverpackungen\/"},{"@type":"ListItem","position":2,"name":"Shop","item":"https:\/\/www.csj-emballages.com\/shop\/"},{"@type":"ListItem","position":3,"name":"Burger-Beutel fettdichtes Papier 14 + 6.5 x 25 cm pro 1000"}]},{"@type":"WebSite","@id":"https:\/\/www.csj-emballages.com\/de\/#website","url":"https:\/\/www.csj-emballages.com\/de\/","name":"CSJ Emballages","description":"","publisher":{"@id":"https:\/\/www.csj-emballages.com\/de\/#organization"},"potentialAction":[{"@type":"SearchAction","target":{"@type":"EntryPoint","urlTemplate":"https:\/\/www.csj-emballages.com\/de\/?s={search_term_string}"},"query-input":{"@type":"PropertyValueSpecification","valueRequired":true,"valueName":"search_term_string"}}],"inLanguage":"de"},{"@type":"Organization","@id":"https:\/\/www.csj-emballages.com\/de\/#Organization\/","name":"CSJ Emballages","url":"https:\/\/www.csj-emballages.com\/de\/","logo":{"@type":"ImageObject","inLanguage":"de","@id":"https:\/\/www.csj-emballages.com\/de\/#\/schema\/logo\/image\/","url":"https:\/\/www.csj-emballages.com\/wp-content\/uploads\/2023\/10\/logo_csj.webp","contentUrl":"https:\/\/www.csj-emballages.com\/wp-content\/uploads\/2023\/10\/logo_csj.webp","width":250,"height":95,"caption":"CSJ Emballages"},"image":{"@id":"https:\/\/www.csj-emballages.com\/de\/#\/schema\/logo\/image\/"},"sameAs":["https:\/\/www.facebook.com\/csjemballages"],"address":{"@type":"PostalAddress","streetAddress":"ZI La Lechere","addressLocality":"Patornay","postalCode":"39130","addressCountry":"FR"},"contactPoint":[{"@type":"ContactPoint","contactType":"Service client","telephone":"0384254272","email":"contact@csj-emballages.com"}]}]}},"df_price":24.78,"df_sale_price":"","df_regular_price":24.78,"df_image_link":"https:\/\/www.csj-emballages.com\/wp-content\/uploads\/2025\/03\/Design-sans-titre-15-300x300.webp","tiered_pricing_type":"fixed","tiered_pricing_fixed_rules":[],"tiered_pricing_percentage_rules":[],"tiered_pricing_minimum":1,"tiered_pricing_roles_data":[],"_links":{"self":[{"href":"https:\/\/www.csj-emballages.com\/de\/wp-json\/wp\/v2\/product\/226854","targetHints":{"allow":["GET"]}}],"collection":[{"href":"https:\/\/www.csj-emballages.com\/de\/wp-json\/wp\/v2\/product"}],"about":[{"href":"https:\/\/www.csj-emballages.com\/de\/wp-json\/wp\/v2\/types\/product"}],"wp:featuredmedia":[{"embeddable":true,"href":"https:\/\/www.csj-emballages.com\/de\/wp-json\/wp\/v2\/media\/233053"}],"wp:attachment":[{"href":"https:\/\/www.csj-emballages.com\/de\/wp-json\/wp\/v2\/media?parent=226854"}],"wp:term":[{"taxonomy":"product_brand","embeddable":true,"href":"https:\/\/www.csj-emballages.com\/de\/wp-json\/wp\/v2\/product_brand?post=226854"},{"taxonomy":"product_cat","embeddable":true,"href":"https:\/\/www.csj-emballages.com\/de\/wp-json\/wp\/v2\/product_cat?post=226854"},{"taxonomy":"product_tag","embeddable":true,"href":"https:\/\/www.csj-emballages.com\/de\/wp-json\/wp\/v2\/product_tag?post=226854"}],"curies":[{"name":"wp","href":"https:\/\/api.w.org\/{rel}","templated":true}]}}