{"id":226832,"date":"2025-02-27T17:30:43","date_gmt":"2025-02-27T16:30:43","guid":{"rendered":"https:\/\/www.csj-emballages.com\/?post_type=product&#038;p=226832"},"modified":"2026-04-11T02:17:07","modified_gmt":"2026-04-11T00:17:07","slug":"vakuumbeutel-zur-aufbewahrung-glatt-schwarz-35-x-45-cm-90-%c2%b5-pro-100","status":"publish","type":"product","link":"https:\/\/www.csj-emballages.com\/de\/produit\/vakuumbeutel-zur-aufbewahrung-glatt-schwarz-35-x-45-cm-90-%c2%b5-pro-100\/","title":{"rendered":"Vakuumbeutel zur Aufbewahrung glatt schwarz 35 x 45 cm 90 \u00b5 pro 100"},"content":{"rendered":"<div style=\"box-sizing: inherit; font-family: Roboto, sans-serif;\">\n<div style=\"box-sizing: inherit; font-family: Roboto, sans-serif;\">\n<div style=\"box-sizing: inherit; font-family: Roboto, sans-serif;\">\n<div style=\"box-sizing: inherit; font-family: Roboto, sans-serif;\">\n<div style=\"box-sizing: inherit; font-family: Roboto, sans-serif;\">\n<div style=\"box-sizing: inherit; font-family: Roboto, sans-serif;\">\n<h2><strong style=\"font-family: Roboto, sans-serif;\">Vakuumbeutel<br \/>\n<\/strong><\/h2>\n<div style=\"box-sizing: inherit; font-family: Roboto, sans-serif;\">\n<div style=\"box-sizing: inherit; font-family: Roboto, sans-serif;\">\n<div style=\"box-sizing: inherit; font-family: Roboto, sans-serif;\">\n<div style=\"text-align: center;\">\n<div style=\"box-sizing: inherit; font-family: Roboto, sans-serif;\">\n<div style=\"box-sizing: inherit; font-family: Roboto, sans-serif;\">\n<div style=\"box-sizing: inherit; font-family: Roboto, sans-serif;\">\n<div style=\"box-sizing: inherit; font-family: Roboto, sans-serif;\">\n<div style=\"box-sizing: inherit; font-family: Roboto, sans-serif;\">\n<div style=\"box-sizing: inherit; font-family: Roboto, sans-serif; text-align: left;\">\n<hr>\n<h3 style=\"text-align: left;\">Beschreibung unserer Vakuumbeutel zur Aufbewahrung glatt schwarz 35 x 45 cm 90 \u00b5 per 100<\/h3>\n<p><!--more--><\/p>\n<p class=\"\" data-start=\"81\" data-end=\"472\">Optimieren Sie die Haltbarkeit Ihrer Lebensmittel und Produkte mit diesem <strong data-start=\"154\" data-end=\"201\">glatten, schwarzen Vakuum-Aufbewahrungsbeutel<\/strong>, der f\u00fcr maximalen Schutz vor Luft und Feuchtigkeit konzipiert wurde. Mit einer Dicke von <strong data-start=\"297\" data-end=\"311\">90 Mikron<\/strong> bietet dieser <strong>Beutel<\/strong> eine wirksame Barriere gegen Oxidation, Bakterien und Verunreinigungen und verl\u00e4ngert so die Frische und Qualit\u00e4t von Lebensmitteln. Mit seinem gro\u00dfz\u00fcgigen Format von <strong>35 x 45 cm<\/strong> eignet sich der Beutel ideal zum Verpacken von gro\u00dfen St\u00fccken Fleisch, Fisch, Wurstwaren, Gem\u00fcse und Fertiggerichten. Seine undurchsichtige <strong data-start=\"664\" data-end=\"687\">schwarze Farbe <\/strong>garantiert einen Lichtschutz, der ideal f\u00fcr Produkte ist, die empfindlich auf Belichtung reagieren.   <\/p>\n<p class=\"\" data-start=\"789\" data-end=\"1031\">Diese <strong>Beutel<\/strong> sind mit den meisten <strong data-start=\"821\" data-end=\"854\">Maschinen mit externer Absaugung<\/strong> und <strong data-start=\"858\" data-end=\"879\">Vakuumglocken<\/strong> kompatibel und eignen sich perfekt f\u00fcr die Bed\u00fcrfnisse von Gastronomiebetrieben <strong data-start=\"932\" data-end=\"1028\">, Metzgern und Caterern<\/strong>.<\/p>\n<h4 class=\"\" data-start=\"1033\" data-end=\"1055\"><\/h4>\n<\/div>\n<\/div>\n<\/div>\n<\/div>\n<\/div>\n<\/div>\n<\/div>\n<\/div>\n<\/div>\n<\/div>\n<p><!--more--><\/p>\n<p style=\"text-align: left;\"><strong>Die Vorteile unserer Koch-Vakuumbeutel :<\/strong><\/p>\n<ul style=\"text-align: left;\">\n<li><strong data-start=\"1058\" data-end=\"1087\">Langzeitkonservierung<\/strong>: Sch\u00fctzt Lebensmittel vor Oxidation und Bakterien.<\/li>\n<li><strong data-start=\"1148\" data-end=\"1168\">Hohe Widerstandsf\u00e4higkeit<\/strong>: 90 Mikron dick f\u00fcr verst\u00e4rkten Schutz.<\/li>\n<li><strong data-start=\"1230\" data-end=\"1249\">Praktisches Format<\/strong>: Ideal f\u00fcr gro\u00dfe Portionen und sperrige Produkte.<\/li>\n<li><strong data-start=\"1316\" data-end=\"1348\">Lichtschutz<\/strong>: Schwarze Farbe, um die Qualit\u00e4t empfindlicher Lebensmittel zu bewahren.<\/li>\n<li><strong data-start=\"1418\" data-end=\"1447\">Universelle Kompatibilit\u00e4t<\/strong>: Geeignet f\u00fcr externe Absaug- und Vakuumkammermaschinen.<\/li>\n<\/ul>\n<\/div>\n<div style=\"box-sizing: inherit; font-family: Roboto, sans-serif;\"><\/div>\n<\/div>\n<\/div>\n<\/div>\n<\/div>\n<\/div>\n<p><!--more--><\/p>\n<h4>Weitere Informationen :<\/h4>\n<ul>\n<li><strong>Verpackung<\/strong>: Packung mit 100 St\u00fcck<\/li>\n<li><strong>Abmessungen<\/strong>: 35 x 45 cm<\/li>\n<li><strong>Hei\u00dfsiegelbar<\/strong>: Ja<\/li>\n<li><strong>Widerstand<\/strong>: 90\u00b5<\/li>\n<li><strong>Farbe<\/strong>: Schwarz<\/li>\n<li><strong>Schrumpfbar<\/strong>: Nein<\/li>\n<li><strong>Schwei\u00dfnaht<\/strong>: 3 Seiten \/ \u00d6ffnung \u00fcber die Breite<\/li>\n<\/ul>\n<p>&nbsp;<\/p>\n<p><!--more--><\/p>\n<p>Dieses Produkt ist in verschiedenen Gr\u00f6\u00dfen erh\u00e4ltlich : <span style=\"color: #d12727;\"><a style=\"color: #d12727;\" href=\"https:\/\/www.csj-emballages.com\/es\/produit\/100-bolsas-de-vacio-lisas-negras-15-x-20-cm-90-%c2%b5\/\">15 x 20 cm<\/a><\/span> \/ <span style=\"color: #d12727;\"><a style=\"color: #d12727;\" href=\"https:\/\/www.csj-emballages.com\/es\/produit\/100-bolsas-de-vacio-negras-lisas-15-x-30-cm-90-%c2%b5\/\">15 x 30 cm<\/a><\/span> \/ <span style=\"color: #d12727;\"><a style=\"color: #d12727;\" href=\"https:\/\/www.csj-emballages.com\/es\/produit\/100-bolsas-de-vacio-negras-lisas-20-x-20-cm-90-%c2%b5\/\">20 x 20 cm<\/a><\/span> \/ <span style=\"color: #d12727;\"><a style=\"color: #d12727;\" href=\"https:\/\/www.csj-emballages.com\/produit\/100-sacs-sous-vide-de-conservation-lisses-noirs-20-x-30-cm-90-%c2%b5-sachets-sous-vide\/https:\/\/www.csj-emballages.com\/produit\/100-sacs-sous-vides-de-conservation-noirs-20-x-25-cm-90-%c2%b5-sachets-sous-vide\/\">20 x 25 cm<\/a><\/span> \/ <span style=\"color: #d12727;\"><a style=\"color: #d12727;\" href=\"https:\/\/www.csj-emballages.com\/es\/produit\/100-bolsas-de-vacio-negras-lisas-20-x-30-cm-90-%c2%b5\/\">20 x 30 cm<\/a><\/span> \/ <span style=\"color: #d12727;\"><a style=\"color: #d12727;\" href=\"https:\/\/www.csj-emballages.com\/es\/produit\/100-bolsas-de-vacio-negras-lisas-25-x-35-cm-90-%c2%b5\/\">25 x 35 cm<\/a><\/span> \/ <span style=\"color: #d12727;\"><a style=\"color: #d12727;\" href=\"https:\/\/www.csj-emballages.com\/es\/produit\/bolsa-de-vacio-negra-lisa-30-x-40-cm-90-%c2%b5-por-100\/\">30 x 40 cm<\/a><\/span><\/p>\n<p>&nbsp;<\/p>\n<p style=\"text-align: left;\"><!--more--><\/p>\n<p><a href=\"https:\/\/www.csj-emballages.com\/de\/categorie-produit\/lebensmittelverpackungen\/metzgerei-und-feinkostgeschaft\/sacke-und-beutel\/vakuumbeutel\/vakuumbeutel-backen\/\">Sehen Sie sich den Rest unseres Sortiments an Koch-Vakuumbeuteln an<\/a><\/p>\n","protected":false},"excerpt":{"rendered":"<p>Vakuumbeutel Beschreibung unserer Vakuumbeutel zur Aufbewahrung glatt schwarz 35 x 45 cm 90 \u00b5 per 100<\/p>\n","protected":false},"featured_media":222148,"template":"","meta":{"_acf_changed":false},"product_brand":[],"product_cat":[1137,1170,3962,1235,1599],"product_tag":[],"class_list":{"0":"post-226832","1":"product","2":"type-product","3":"status-publish","4":"has-post-thumbnail","6":"product_cat-lebensmittelverpackungen","7":"product_cat-metzgerei-und-feinkostgeschaft","8":"product_cat-sacke-und-beutel","9":"product_cat-vakuumbeutel","10":"product_cat-glatte-schwarze-vakuumbeutel","12":"first","13":"instock","14":"taxable","15":"shipping-taxable","16":"purchasable","17":"product-type-simple"},"acf":[],"yoast_head":"<!-- This site is optimized with the Yoast SEO Premium plugin v26.6 (Yoast SEO v26.6) - https:\/\/yoast.com\/wordpress\/plugins\/seo\/ -->\n<title>Vakuum-Aufbewahrungsbeutel Glatt Schwarz 35 x 45 cm 90 \u00b5 per 100<\/title>\n<meta name=\"description\" content=\"Schwarzer glatter Vakuumbeutel 35 x 45 cm 90 \u00b5 pro 100. Ideal f\u00fcr die sichere Aufbewahrung von Fleisch, Fisch und Fertiggerichten.\" \/>\n<meta name=\"robots\" content=\"index, follow, max-snippet:-1, max-image-preview:large, max-video-preview:-1\" \/>\n<link rel=\"canonical\" href=\"https:\/\/www.csj-emballages.com\/de\/produit\/vakuumbeutel-zur-aufbewahrung-glatt-schwarz-35-x-45-cm-90-%c2%b5-pro-100\/\" \/>\n<meta property=\"og:locale\" content=\"de_DE\" \/>\n<meta property=\"og:type\" content=\"article\" \/>\n<meta property=\"og:title\" content=\"Vakuumbeutel zur Aufbewahrung glatt schwarz 35 x 45 cm 90 \u00b5 pro 100\" \/>\n<meta property=\"og:description\" content=\"Schwarzer glatter Vakuumbeutel 35 x 45 cm 90 \u00b5 pro 100. Ideal f\u00fcr die sichere Aufbewahrung von Fleisch, Fisch und Fertiggerichten.\" \/>\n<meta property=\"og:url\" content=\"https:\/\/www.csj-emballages.com\/de\/produit\/vakuumbeutel-zur-aufbewahrung-glatt-schwarz-35-x-45-cm-90-%c2%b5-pro-100\/\" \/>\n<meta property=\"og:site_name\" content=\"CSJ Emballages\" \/>\n<meta property=\"article:publisher\" content=\"https:\/\/www.facebook.com\/csjemballages\" \/>\n<meta property=\"article:modified_time\" content=\"2026-04-11T00:17:07+00:00\" \/>\n<meta property=\"og:image\" content=\"https:\/\/www.csj-emballages.com\/wp-content\/uploads\/2025\/01\/Sac-sous-vide-lisse-noir.webp\" \/>\n\t<meta property=\"og:image:width\" content=\"800\" \/>\n\t<meta property=\"og:image:height\" content=\"800\" \/>\n\t<meta property=\"og:image:type\" content=\"image\/webp\" \/>\n<meta name=\"twitter:card\" content=\"summary_large_image\" \/>\n<meta name=\"twitter:label1\" content=\"Gesch\u00e4tzte Lesezeit\" \/>\n\t<meta name=\"twitter:data1\" content=\"1\u00a0Minute\" \/>\n<script type=\"application\/ld+json\" class=\"yoast-schema-graph\">{\"@context\":\"https:\/\/schema.org\",\"@graph\":[{\"@type\":\"WebPage\",\"@id\":\"https:\/\/www.csj-emballages.com\/de\/produit\/vakuumbeutel-zur-aufbewahrung-glatt-schwarz-35-x-45-cm-90-%c2%b5-pro-100\/\",\"url\":\"https:\/\/www.csj-emballages.com\/de\/produit\/vakuumbeutel-zur-aufbewahrung-glatt-schwarz-35-x-45-cm-90-%c2%b5-pro-100\/\",\"name\":\"Vakuum-Aufbewahrungsbeutel Glatt Schwarz 35 x 45 cm 90 \u00b5 per 100\",\"isPartOf\":{\"@id\":\"https:\/\/www.csj-emballages.com\/de\/#website\"},\"primaryImageOfPage\":{\"@id\":\"https:\/\/www.csj-emballages.com\/de\/produit\/vakuumbeutel-zur-aufbewahrung-glatt-schwarz-35-x-45-cm-90-%c2%b5-pro-100\/#primaryimage\"},\"image\":{\"@id\":\"https:\/\/www.csj-emballages.com\/de\/produit\/vakuumbeutel-zur-aufbewahrung-glatt-schwarz-35-x-45-cm-90-%c2%b5-pro-100\/#primaryimage\"},\"thumbnailUrl\":\"https:\/\/www.csj-emballages.com\/wp-content\/uploads\/2025\/01\/Sac-sous-vide-lisse-noir.webp\",\"datePublished\":\"2025-02-27T16:30:43+00:00\",\"dateModified\":\"2026-04-11T00:17:07+00:00\",\"description\":\"Schwarzer glatter Vakuumbeutel 35 x 45 cm 90 \u00b5 pro 100. Ideal f\u00fcr die sichere Aufbewahrung von Fleisch, Fisch und Fertiggerichten.\",\"breadcrumb\":{\"@id\":\"https:\/\/www.csj-emballages.com\/de\/produit\/vakuumbeutel-zur-aufbewahrung-glatt-schwarz-35-x-45-cm-90-%c2%b5-pro-100\/#breadcrumb\"},\"inLanguage\":\"de\",\"potentialAction\":[{\"@type\":\"ReadAction\",\"target\":[\"https:\/\/www.csj-emballages.com\/de\/produit\/vakuumbeutel-zur-aufbewahrung-glatt-schwarz-35-x-45-cm-90-%c2%b5-pro-100\/\"]}]},{\"@type\":\"ImageObject\",\"inLanguage\":\"de\",\"@id\":\"https:\/\/www.csj-emballages.com\/de\/produit\/vakuumbeutel-zur-aufbewahrung-glatt-schwarz-35-x-45-cm-90-%c2%b5-pro-100\/#primaryimage\",\"url\":\"https:\/\/www.csj-emballages.com\/wp-content\/uploads\/2025\/01\/Sac-sous-vide-lisse-noir.webp\",\"contentUrl\":\"https:\/\/www.csj-emballages.com\/wp-content\/uploads\/2025\/01\/Sac-sous-vide-lisse-noir.webp\",\"width\":800,\"height\":800,\"caption\":\"Sac sous vide\"},{\"@type\":\"BreadcrumbList\",\"@id\":\"https:\/\/www.csj-emballages.com\/de\/produit\/vakuumbeutel-zur-aufbewahrung-glatt-schwarz-35-x-45-cm-90-%c2%b5-pro-100\/#breadcrumb\",\"itemListElement\":[{\"@type\":\"ListItem\",\"position\":1,\"name\":\"Accueil\",\"item\":\"https:\/\/www.csj-emballages.com\/de\/universum-lebensmittelverpackungen\/\"},{\"@type\":\"ListItem\",\"position\":2,\"name\":\"Shop\",\"item\":\"https:\/\/www.csj-emballages.com\/shop\/\"},{\"@type\":\"ListItem\",\"position\":3,\"name\":\"Vakuumbeutel zur Aufbewahrung glatt schwarz 35 x 45 cm 90 \u00b5 pro 100\"}]},{\"@type\":\"WebSite\",\"@id\":\"https:\/\/www.csj-emballages.com\/de\/#website\",\"url\":\"https:\/\/www.csj-emballages.com\/de\/\",\"name\":\"CSJ Emballages\",\"description\":\"\",\"publisher\":{\"@id\":\"https:\/\/www.csj-emballages.com\/de\/#organization\"},\"potentialAction\":[{\"@type\":\"SearchAction\",\"target\":{\"@type\":\"EntryPoint\",\"urlTemplate\":\"https:\/\/www.csj-emballages.com\/de\/?s={search_term_string}\"},\"query-input\":{\"@type\":\"PropertyValueSpecification\",\"valueRequired\":true,\"valueName\":\"search_term_string\"}}],\"inLanguage\":\"de\"},{\"@type\":\"Organization\",\"@id\":\"https:\/\/www.csj-emballages.com\/de\/#Organization\/\",\"name\":\"CSJ Emballages\",\"url\":\"https:\/\/www.csj-emballages.com\/de\/\",\"logo\":{\"@type\":\"ImageObject\",\"inLanguage\":\"de\",\"@id\":\"https:\/\/www.csj-emballages.com\/de\/#\/schema\/logo\/image\/\",\"url\":\"https:\/\/www.csj-emballages.com\/wp-content\/uploads\/2023\/10\/logo_csj.webp\",\"contentUrl\":\"https:\/\/www.csj-emballages.com\/wp-content\/uploads\/2023\/10\/logo_csj.webp\",\"width\":250,\"height\":95,\"caption\":\"CSJ Emballages\"},\"image\":{\"@id\":\"https:\/\/www.csj-emballages.com\/de\/#\/schema\/logo\/image\/\"},\"sameAs\":[\"https:\/\/www.facebook.com\/csjemballages\"],\"address\":{\"@type\":\"PostalAddress\",\"streetAddress\":\"ZI La Lechere\",\"addressLocality\":\"Patornay\",\"postalCode\":\"39130\",\"addressCountry\":\"FR\"},\"contactPoint\":[{\"@type\":\"ContactPoint\",\"contactType\":\"Service client\",\"telephone\":\"0384254272\",\"email\":\"contact@csj-emballages.com\"}]}]}<\/script>\n<!-- \/ Yoast SEO Premium plugin. -->","yoast_head_json":{"title":"Vakuum-Aufbewahrungsbeutel Glatt Schwarz 35 x 45 cm 90 \u00b5 per 100","description":"Schwarzer glatter Vakuumbeutel 35 x 45 cm 90 \u00b5 pro 100. Ideal f\u00fcr die sichere Aufbewahrung von Fleisch, Fisch und Fertiggerichten.","robots":{"index":"index","follow":"follow","max-snippet":"max-snippet:-1","max-image-preview":"max-image-preview:large","max-video-preview":"max-video-preview:-1"},"canonical":"https:\/\/www.csj-emballages.com\/de\/produit\/vakuumbeutel-zur-aufbewahrung-glatt-schwarz-35-x-45-cm-90-%c2%b5-pro-100\/","og_locale":"de_DE","og_type":"article","og_title":"Vakuumbeutel zur Aufbewahrung glatt schwarz 35 x 45 cm 90 \u00b5 pro 100","og_description":"Schwarzer glatter Vakuumbeutel 35 x 45 cm 90 \u00b5 pro 100. Ideal f\u00fcr die sichere Aufbewahrung von Fleisch, Fisch und Fertiggerichten.","og_url":"https:\/\/www.csj-emballages.com\/de\/produit\/vakuumbeutel-zur-aufbewahrung-glatt-schwarz-35-x-45-cm-90-%c2%b5-pro-100\/","og_site_name":"CSJ Emballages","article_publisher":"https:\/\/www.facebook.com\/csjemballages","article_modified_time":"2026-04-11T00:17:07+00:00","og_image":[{"width":800,"height":800,"url":"https:\/\/www.csj-emballages.com\/wp-content\/uploads\/2025\/01\/Sac-sous-vide-lisse-noir.webp","type":"image\/webp"}],"twitter_card":"summary_large_image","twitter_misc":{"Gesch\u00e4tzte Lesezeit":"1\u00a0Minute"},"schema":{"@context":"https:\/\/schema.org","@graph":[{"@type":"WebPage","@id":"https:\/\/www.csj-emballages.com\/de\/produit\/vakuumbeutel-zur-aufbewahrung-glatt-schwarz-35-x-45-cm-90-%c2%b5-pro-100\/","url":"https:\/\/www.csj-emballages.com\/de\/produit\/vakuumbeutel-zur-aufbewahrung-glatt-schwarz-35-x-45-cm-90-%c2%b5-pro-100\/","name":"Vakuum-Aufbewahrungsbeutel Glatt Schwarz 35 x 45 cm 90 \u00b5 per 100","isPartOf":{"@id":"https:\/\/www.csj-emballages.com\/de\/#website"},"primaryImageOfPage":{"@id":"https:\/\/www.csj-emballages.com\/de\/produit\/vakuumbeutel-zur-aufbewahrung-glatt-schwarz-35-x-45-cm-90-%c2%b5-pro-100\/#primaryimage"},"image":{"@id":"https:\/\/www.csj-emballages.com\/de\/produit\/vakuumbeutel-zur-aufbewahrung-glatt-schwarz-35-x-45-cm-90-%c2%b5-pro-100\/#primaryimage"},"thumbnailUrl":"https:\/\/www.csj-emballages.com\/wp-content\/uploads\/2025\/01\/Sac-sous-vide-lisse-noir.webp","datePublished":"2025-02-27T16:30:43+00:00","dateModified":"2026-04-11T00:17:07+00:00","description":"Schwarzer glatter Vakuumbeutel 35 x 45 cm 90 \u00b5 pro 100. Ideal f\u00fcr die sichere Aufbewahrung von Fleisch, Fisch und Fertiggerichten.","breadcrumb":{"@id":"https:\/\/www.csj-emballages.com\/de\/produit\/vakuumbeutel-zur-aufbewahrung-glatt-schwarz-35-x-45-cm-90-%c2%b5-pro-100\/#breadcrumb"},"inLanguage":"de","potentialAction":[{"@type":"ReadAction","target":["https:\/\/www.csj-emballages.com\/de\/produit\/vakuumbeutel-zur-aufbewahrung-glatt-schwarz-35-x-45-cm-90-%c2%b5-pro-100\/"]}]},{"@type":"ImageObject","inLanguage":"de","@id":"https:\/\/www.csj-emballages.com\/de\/produit\/vakuumbeutel-zur-aufbewahrung-glatt-schwarz-35-x-45-cm-90-%c2%b5-pro-100\/#primaryimage","url":"https:\/\/www.csj-emballages.com\/wp-content\/uploads\/2025\/01\/Sac-sous-vide-lisse-noir.webp","contentUrl":"https:\/\/www.csj-emballages.com\/wp-content\/uploads\/2025\/01\/Sac-sous-vide-lisse-noir.webp","width":800,"height":800,"caption":"Sac sous vide"},{"@type":"BreadcrumbList","@id":"https:\/\/www.csj-emballages.com\/de\/produit\/vakuumbeutel-zur-aufbewahrung-glatt-schwarz-35-x-45-cm-90-%c2%b5-pro-100\/#breadcrumb","itemListElement":[{"@type":"ListItem","position":1,"name":"Accueil","item":"https:\/\/www.csj-emballages.com\/de\/universum-lebensmittelverpackungen\/"},{"@type":"ListItem","position":2,"name":"Shop","item":"https:\/\/www.csj-emballages.com\/shop\/"},{"@type":"ListItem","position":3,"name":"Vakuumbeutel zur Aufbewahrung glatt schwarz 35 x 45 cm 90 \u00b5 pro 100"}]},{"@type":"WebSite","@id":"https:\/\/www.csj-emballages.com\/de\/#website","url":"https:\/\/www.csj-emballages.com\/de\/","name":"CSJ Emballages","description":"","publisher":{"@id":"https:\/\/www.csj-emballages.com\/de\/#organization"},"potentialAction":[{"@type":"SearchAction","target":{"@type":"EntryPoint","urlTemplate":"https:\/\/www.csj-emballages.com\/de\/?s={search_term_string}"},"query-input":{"@type":"PropertyValueSpecification","valueRequired":true,"valueName":"search_term_string"}}],"inLanguage":"de"},{"@type":"Organization","@id":"https:\/\/www.csj-emballages.com\/de\/#Organization\/","name":"CSJ Emballages","url":"https:\/\/www.csj-emballages.com\/de\/","logo":{"@type":"ImageObject","inLanguage":"de","@id":"https:\/\/www.csj-emballages.com\/de\/#\/schema\/logo\/image\/","url":"https:\/\/www.csj-emballages.com\/wp-content\/uploads\/2023\/10\/logo_csj.webp","contentUrl":"https:\/\/www.csj-emballages.com\/wp-content\/uploads\/2023\/10\/logo_csj.webp","width":250,"height":95,"caption":"CSJ Emballages"},"image":{"@id":"https:\/\/www.csj-emballages.com\/de\/#\/schema\/logo\/image\/"},"sameAs":["https:\/\/www.facebook.com\/csjemballages"],"address":{"@type":"PostalAddress","streetAddress":"ZI La Lechere","addressLocality":"Patornay","postalCode":"39130","addressCountry":"FR"},"contactPoint":[{"@type":"ContactPoint","contactType":"Service client","telephone":"0384254272","email":"contact@csj-emballages.com"}]}]}},"df_price":25.2,"df_sale_price":"","df_regular_price":25.2,"df_image_link":"https:\/\/www.csj-emballages.com\/wp-content\/uploads\/2025\/01\/Sac-sous-vide-lisse-noir-300x300.webp","tiered_pricing_type":"fixed","tiered_pricing_fixed_rules":[],"tiered_pricing_percentage_rules":[],"tiered_pricing_minimum":1,"tiered_pricing_roles_data":[],"_links":{"self":[{"href":"https:\/\/www.csj-emballages.com\/de\/wp-json\/wp\/v2\/product\/226832","targetHints":{"allow":["GET"]}}],"collection":[{"href":"https:\/\/www.csj-emballages.com\/de\/wp-json\/wp\/v2\/product"}],"about":[{"href":"https:\/\/www.csj-emballages.com\/de\/wp-json\/wp\/v2\/types\/product"}],"wp:featuredmedia":[{"embeddable":true,"href":"https:\/\/www.csj-emballages.com\/de\/wp-json\/wp\/v2\/media\/222148"}],"wp:attachment":[{"href":"https:\/\/www.csj-emballages.com\/de\/wp-json\/wp\/v2\/media?parent=226832"}],"wp:term":[{"taxonomy":"product_brand","embeddable":true,"href":"https:\/\/www.csj-emballages.com\/de\/wp-json\/wp\/v2\/product_brand?post=226832"},{"taxonomy":"product_cat","embeddable":true,"href":"https:\/\/www.csj-emballages.com\/de\/wp-json\/wp\/v2\/product_cat?post=226832"},{"taxonomy":"product_tag","embeddable":true,"href":"https:\/\/www.csj-emballages.com\/de\/wp-json\/wp\/v2\/product_tag?post=226832"}],"curies":[{"name":"wp","href":"https:\/\/api.w.org\/{rel}","templated":true}]}}