{"id":22683,"date":"2024-03-01T16:50:26","date_gmt":"2024-03-01T15:50:26","guid":{"rendered":"https:\/\/u15jnbdpoq.preview.infomaniak.website\/produit\/100-pfannkuchenhuellen-aus-kraftkarton\/"},"modified":"2026-04-21T02:15:40","modified_gmt":"2026-04-21T00:15:40","slug":"100-pfannkuchenhuellen-aus-kraftkarton","status":"publish","type":"product","link":"https:\/\/www.csj-emballages.com\/de\/produit\/100-pfannkuchenhuellen-aus-kraftkarton\/","title":{"rendered":"Crepe-Tasche aus rei\u00dfbarem Karton pro 100"},"content":{"rendered":"<h2>Krepp-Tasche<\/h2>\n<hr>\n<h3>Beschreibung unserer Crepe-Tasche aus zerrei\u00dfbarem Kraftkarton pro 100 St\u00fcck<\/h3>\n<p><!--more--><\/p>\n<p data-start=\"217\" data-end=\"673\">Hier ist der perfekte <strong>Beutel<\/strong>, um <strong>Cr\u00eapes<\/strong> zum Mitnehmen zu servieren, ohne dass man sich dar\u00fcber den Kopf zerbrechen muss. Diese <g id=\"gid_2\">Cr\u00eape-Tasche aus zerrei\u00dfbarem Karton<\/g> wurde entwickelt, um das Essen viel einfacher, sauberer und vor allem angenehmer zu machen. Sobald man sie in die Hand nimmt, sieht man sofort, dass sie so gestaltet wurde, dass sie der nat\u00fcrlichen Geste des Kunden folgt: den Cr\u00eape halten, ein paar Bissen vorschieben und dann nur so viel abrei\u00dfen, wie man braucht, um bequem weiter zu essen.  <\/p>\n<p data-start=\"675\" data-end=\"980\">Dank der <strong data-start=\"687\" data-end=\"711\">vorgestanzten Linien<\/strong> l\u00e4sst sich die <strong>Tasche<\/strong> sauber \u00f6ffnen, ohne dass sie ausfranst oder der Cr\u00eape herausf\u00e4llt. Der Kunde beh\u00e4lt immer einen guten Griff, was ideal f\u00fcr St\u00e4nde, M\u00e4rkte, mobile Cr\u00eaperien oder Dorffeste ist, bei denen die Leute oft im Gehen essen. <\/p>\n<p data-start=\"982\" data-end=\"1347\">Tats\u00e4chlich verleiht ihm sein <strong data-start=\"995\" data-end=\"1011\">Kraftkarton<\/strong> ein authentisches Aussehen, das im Street-Food-Bereich sehr angesagt ist. Er sorgt f\u00fcr eine nat\u00fcrliche und warme Ausstrahlung, die Ihre Zubereitungen, ob s\u00fc\u00df oder herzhaft, automatisch zur Geltung bringt. Und da der <strong>Karton<\/strong> steif genug ist, werden Unf\u00e4lle vermieden: Der Cr\u00eape bleibt auch bei gro\u00dfz\u00fcgiger F\u00fcllung sicher stehen.  <\/p>\n<p data-start=\"1349\" data-end=\"1553\">Ebenso sorgt das <strong data-start=\"1368\" data-end=\"1379\">100er-Format<\/strong> daf\u00fcr, dass Sie immer genug haben, um ohne Unterbrechung einen guten Dienstrhythmus aufrechtzuerhalten. Das ist praktisch, kosteng\u00fcnstig und vor allem sehr beliebt, wenn der Andrang pl\u00f6tzlich steigt. <\/p>\n<p data-start=\"1555\" data-end=\"1787\">Kurz gesagt, diese <strong>Cr\u00eape-Tasche<\/strong> ist nicht nur eine Verpackung: Sie verbessert das Kundenerlebnis, indem sie die Verkostung von Anfang bis Ende fl\u00fcssig macht. Sie vereint Einfachheit, Effizienz und Komfort und bringt Ihr Know-how zur Geltung. <\/p>\n<p data-start=\"1555\" data-end=\"1787\">\n<p data-start=\"1013\" data-end=\"1189\"><!--more--><\/p>\n<p data-start=\"1013\" data-end=\"1189\"><strong>Vorteile :  <\/strong><\/p>\n<ul>\n<li data-start=\"1815\" data-end=\"1858\">Saubere und leicht abrei\u00dfbare <strong>Vorschnitte<\/strong> <\/li>\n<li data-start=\"1861\" data-end=\"1905\">Guter Griff w\u00e4hrend der Verkostung<\/li>\n<li data-start=\"1908\" data-end=\"1943\">Steifer und \u00e4sthetischer <strong>Kraftkarton<\/strong> <\/li>\n<li data-start=\"1946\" data-end=\"1975\">Ideal f\u00fcr den Verkauf unterwegs<\/li>\n<li data-start=\"1978\" data-end=\"2009\">Praktisches Set aus <strong>100 H\u00fcllen<\/strong>.<\/li>\n<\/ul>\n<p>&nbsp;<\/p>\n<p data-start=\"1013\" data-end=\"1189\"><!--more--><\/p>\n<h4>Weitere Informationen :<\/h4>\n<ul>\n<li><strong>Verpackung<\/strong>: Packung mit 100 St\u00fcck<\/li>\n<li><strong>Abmessungen<\/strong>: 170 x 220 x 100 ( L x B x H in mm)<\/li>\n<li><strong>Farbe<\/strong>: Braun<\/li>\n<li><strong>Material<\/strong>: Karton<\/li>\n<\/ul>\n<p>&nbsp;<\/p>\n<p><!--more--><\/p>\n<p><a href=\"https:\/\/www.csj-emballages.com\/de\/categorie-produit\/lebensmittelverpackungen\/restauration-de\/dosen-schalen-beutel-konen\/frittierte-taschen-pfannkuchen-tacos-wraps\/\">Sehen Sie sich den Rest unseres Sortiments an Pommes frites- \/ Pfannkuchen- \/ Taco- \/ Wrap-Packungen an.<\/a><\/p>\n","protected":false},"excerpt":{"rendered":"<p>Krepp-Tasche Beschreibung unserer Crepe-Tasche aus zerrei\u00dfbarem Kraftkarton pro 100 St\u00fcck<\/p>\n","protected":false},"featured_media":230489,"template":"","meta":{"_acf_changed":false},"product_brand":[],"product_cat":[1137,1134,3085],"product_tag":[],"class_list":{"0":"post-22683","1":"product","2":"type-product","3":"status-publish","4":"has-post-thumbnail","6":"product_cat-lebensmittelverpackungen","7":"product_cat-restauration-de","8":"product_cat-frittierte-taschen-pfannkuchen-tacos-wraps","10":"first","11":"instock","12":"taxable","13":"shipping-taxable","14":"purchasable","15":"product-type-simple"},"acf":[],"yoast_head":"<!-- This site is optimized with the Yoast SEO Premium plugin v26.6 (Yoast SEO v26.6) - https:\/\/yoast.com\/wordpress\/plugins\/seo\/ -->\n<title>Kreppbeutel aus zerrei\u00dfbarem Karton pro 100<\/title>\n<meta name=\"description\" content=\"Entdecken Sie unsere Crepe-Tasche aus Kraftkarton mit einer Aufrei\u00dflasche \u00e0 100 St\u00fcck - praktisch, hygienisch und ideal f\u00fcr den Verkauf zum Mitnehmen.\" \/>\n<meta name=\"robots\" content=\"index, follow, max-snippet:-1, max-image-preview:large, max-video-preview:-1\" \/>\n<link rel=\"canonical\" href=\"https:\/\/www.csj-emballages.com\/de\/produit\/100-pfannkuchenhuellen-aus-kraftkarton\/\" \/>\n<meta property=\"og:locale\" content=\"de_DE\" \/>\n<meta property=\"og:type\" content=\"article\" \/>\n<meta property=\"og:title\" content=\"Crepe-Tasche aus rei\u00dfbarem Karton pro 100\" \/>\n<meta property=\"og:description\" content=\"Entdecken Sie unsere Crepe-Tasche aus Kraftkarton mit einer Aufrei\u00dflasche \u00e0 100 St\u00fcck - praktisch, hygienisch und ideal f\u00fcr den Verkauf zum Mitnehmen.\" \/>\n<meta property=\"og:url\" content=\"https:\/\/www.csj-emballages.com\/de\/produit\/100-pfannkuchenhuellen-aus-kraftkarton\/\" \/>\n<meta property=\"og:site_name\" content=\"CSJ Emballages\" \/>\n<meta property=\"article:publisher\" content=\"https:\/\/www.facebook.com\/csjemballages\" \/>\n<meta property=\"article:modified_time\" content=\"2026-04-21T00:15:40+00:00\" \/>\n<meta property=\"og:image\" content=\"https:\/\/www.csj-emballages.com\/wp-content\/uploads\/2024\/03\/POCCREP-png.webp\" \/>\n\t<meta property=\"og:image:width\" content=\"800\" \/>\n\t<meta property=\"og:image:height\" content=\"800\" \/>\n\t<meta property=\"og:image:type\" content=\"image\/png\" \/>\n<meta name=\"twitter:card\" content=\"summary_large_image\" \/>\n<meta name=\"twitter:label1\" content=\"Gesch\u00e4tzte Lesezeit\" \/>\n\t<meta name=\"twitter:data1\" content=\"2 Minuten\" \/>\n<script type=\"application\/ld+json\" class=\"yoast-schema-graph\">{\"@context\":\"https:\/\/schema.org\",\"@graph\":[{\"@type\":\"WebPage\",\"@id\":\"https:\/\/www.csj-emballages.com\/de\/produit\/100-pfannkuchenhuellen-aus-kraftkarton\/\",\"url\":\"https:\/\/www.csj-emballages.com\/de\/produit\/100-pfannkuchenhuellen-aus-kraftkarton\/\",\"name\":\"Kreppbeutel aus zerrei\u00dfbarem Karton pro 100\",\"isPartOf\":{\"@id\":\"https:\/\/www.csj-emballages.com\/de\/#website\"},\"primaryImageOfPage\":{\"@id\":\"https:\/\/www.csj-emballages.com\/de\/produit\/100-pfannkuchenhuellen-aus-kraftkarton\/#primaryimage\"},\"image\":{\"@id\":\"https:\/\/www.csj-emballages.com\/de\/produit\/100-pfannkuchenhuellen-aus-kraftkarton\/#primaryimage\"},\"thumbnailUrl\":\"https:\/\/www.csj-emballages.com\/wp-content\/uploads\/2024\/03\/POCCREP-png.webp\",\"datePublished\":\"2024-03-01T15:50:26+00:00\",\"dateModified\":\"2026-04-21T00:15:40+00:00\",\"description\":\"Entdecken Sie unsere Crepe-Tasche aus Kraftkarton mit einer Aufrei\u00dflasche \u00e0 100 St\u00fcck - praktisch, hygienisch und ideal f\u00fcr den Verkauf zum Mitnehmen.\",\"breadcrumb\":{\"@id\":\"https:\/\/www.csj-emballages.com\/de\/produit\/100-pfannkuchenhuellen-aus-kraftkarton\/#breadcrumb\"},\"inLanguage\":\"de\",\"potentialAction\":[{\"@type\":\"ReadAction\",\"target\":[\"https:\/\/www.csj-emballages.com\/de\/produit\/100-pfannkuchenhuellen-aus-kraftkarton\/\"]}]},{\"@type\":\"ImageObject\",\"inLanguage\":\"de\",\"@id\":\"https:\/\/www.csj-emballages.com\/de\/produit\/100-pfannkuchenhuellen-aus-kraftkarton\/#primaryimage\",\"url\":\"https:\/\/www.csj-emballages.com\/wp-content\/uploads\/2024\/03\/POCCREP-png.webp\",\"contentUrl\":\"https:\/\/www.csj-emballages.com\/wp-content\/uploads\/2024\/03\/POCCREP-png.webp\",\"width\":800,\"height\":800,\"caption\":\"Pochette cr\u00eape\"},{\"@type\":\"BreadcrumbList\",\"@id\":\"https:\/\/www.csj-emballages.com\/de\/produit\/100-pfannkuchenhuellen-aus-kraftkarton\/#breadcrumb\",\"itemListElement\":[{\"@type\":\"ListItem\",\"position\":1,\"name\":\"Accueil\",\"item\":\"https:\/\/www.csj-emballages.com\/de\/universum-lebensmittelverpackungen\/\"},{\"@type\":\"ListItem\",\"position\":2,\"name\":\"Shop\",\"item\":\"https:\/\/www.csj-emballages.com\/shop\/\"},{\"@type\":\"ListItem\",\"position\":3,\"name\":\"Crepe-Tasche aus rei\u00dfbarem Karton pro 100\"}]},{\"@type\":\"WebSite\",\"@id\":\"https:\/\/www.csj-emballages.com\/de\/#website\",\"url\":\"https:\/\/www.csj-emballages.com\/de\/\",\"name\":\"CSJ Emballages\",\"description\":\"\",\"publisher\":{\"@id\":\"https:\/\/www.csj-emballages.com\/de\/#organization\"},\"potentialAction\":[{\"@type\":\"SearchAction\",\"target\":{\"@type\":\"EntryPoint\",\"urlTemplate\":\"https:\/\/www.csj-emballages.com\/de\/?s={search_term_string}\"},\"query-input\":{\"@type\":\"PropertyValueSpecification\",\"valueRequired\":true,\"valueName\":\"search_term_string\"}}],\"inLanguage\":\"de\"},{\"@type\":\"Organization\",\"@id\":\"https:\/\/www.csj-emballages.com\/de\/#Organization\/\",\"name\":\"CSJ Emballages\",\"url\":\"https:\/\/www.csj-emballages.com\/de\/\",\"logo\":{\"@type\":\"ImageObject\",\"inLanguage\":\"de\",\"@id\":\"https:\/\/www.csj-emballages.com\/de\/#\/schema\/logo\/image\/\",\"url\":\"https:\/\/www.csj-emballages.com\/wp-content\/uploads\/2023\/10\/logo_csj.webp\",\"contentUrl\":\"https:\/\/www.csj-emballages.com\/wp-content\/uploads\/2023\/10\/logo_csj.webp\",\"width\":250,\"height\":95,\"caption\":\"CSJ Emballages\"},\"image\":{\"@id\":\"https:\/\/www.csj-emballages.com\/de\/#\/schema\/logo\/image\/\"},\"sameAs\":[\"https:\/\/www.facebook.com\/csjemballages\"],\"address\":{\"@type\":\"PostalAddress\",\"streetAddress\":\"ZI La Lechere\",\"addressLocality\":\"Patornay\",\"postalCode\":\"39130\",\"addressCountry\":\"FR\"},\"contactPoint\":[{\"@type\":\"ContactPoint\",\"contactType\":\"Service client\",\"telephone\":\"0384254272\",\"email\":\"contact@csj-emballages.com\"}]}]}<\/script>\n<!-- \/ Yoast SEO Premium plugin. -->","yoast_head_json":{"title":"Kreppbeutel aus zerrei\u00dfbarem Karton pro 100","description":"Entdecken Sie unsere Crepe-Tasche aus Kraftkarton mit einer Aufrei\u00dflasche \u00e0 100 St\u00fcck - praktisch, hygienisch und ideal f\u00fcr den Verkauf zum Mitnehmen.","robots":{"index":"index","follow":"follow","max-snippet":"max-snippet:-1","max-image-preview":"max-image-preview:large","max-video-preview":"max-video-preview:-1"},"canonical":"https:\/\/www.csj-emballages.com\/de\/produit\/100-pfannkuchenhuellen-aus-kraftkarton\/","og_locale":"de_DE","og_type":"article","og_title":"Crepe-Tasche aus rei\u00dfbarem Karton pro 100","og_description":"Entdecken Sie unsere Crepe-Tasche aus Kraftkarton mit einer Aufrei\u00dflasche \u00e0 100 St\u00fcck - praktisch, hygienisch und ideal f\u00fcr den Verkauf zum Mitnehmen.","og_url":"https:\/\/www.csj-emballages.com\/de\/produit\/100-pfannkuchenhuellen-aus-kraftkarton\/","og_site_name":"CSJ Emballages","article_publisher":"https:\/\/www.facebook.com\/csjemballages","article_modified_time":"2026-04-21T00:15:40+00:00","og_image":[{"width":800,"height":800,"url":"https:\/\/www.csj-emballages.com\/wp-content\/uploads\/2024\/03\/POCCREP-png.webp","type":"image\/png"}],"twitter_card":"summary_large_image","twitter_misc":{"Gesch\u00e4tzte Lesezeit":"2 Minuten"},"schema":{"@context":"https:\/\/schema.org","@graph":[{"@type":"WebPage","@id":"https:\/\/www.csj-emballages.com\/de\/produit\/100-pfannkuchenhuellen-aus-kraftkarton\/","url":"https:\/\/www.csj-emballages.com\/de\/produit\/100-pfannkuchenhuellen-aus-kraftkarton\/","name":"Kreppbeutel aus zerrei\u00dfbarem Karton pro 100","isPartOf":{"@id":"https:\/\/www.csj-emballages.com\/de\/#website"},"primaryImageOfPage":{"@id":"https:\/\/www.csj-emballages.com\/de\/produit\/100-pfannkuchenhuellen-aus-kraftkarton\/#primaryimage"},"image":{"@id":"https:\/\/www.csj-emballages.com\/de\/produit\/100-pfannkuchenhuellen-aus-kraftkarton\/#primaryimage"},"thumbnailUrl":"https:\/\/www.csj-emballages.com\/wp-content\/uploads\/2024\/03\/POCCREP-png.webp","datePublished":"2024-03-01T15:50:26+00:00","dateModified":"2026-04-21T00:15:40+00:00","description":"Entdecken Sie unsere Crepe-Tasche aus Kraftkarton mit einer Aufrei\u00dflasche \u00e0 100 St\u00fcck - praktisch, hygienisch und ideal f\u00fcr den Verkauf zum Mitnehmen.","breadcrumb":{"@id":"https:\/\/www.csj-emballages.com\/de\/produit\/100-pfannkuchenhuellen-aus-kraftkarton\/#breadcrumb"},"inLanguage":"de","potentialAction":[{"@type":"ReadAction","target":["https:\/\/www.csj-emballages.com\/de\/produit\/100-pfannkuchenhuellen-aus-kraftkarton\/"]}]},{"@type":"ImageObject","inLanguage":"de","@id":"https:\/\/www.csj-emballages.com\/de\/produit\/100-pfannkuchenhuellen-aus-kraftkarton\/#primaryimage","url":"https:\/\/www.csj-emballages.com\/wp-content\/uploads\/2024\/03\/POCCREP-png.webp","contentUrl":"https:\/\/www.csj-emballages.com\/wp-content\/uploads\/2024\/03\/POCCREP-png.webp","width":800,"height":800,"caption":"Pochette cr\u00eape"},{"@type":"BreadcrumbList","@id":"https:\/\/www.csj-emballages.com\/de\/produit\/100-pfannkuchenhuellen-aus-kraftkarton\/#breadcrumb","itemListElement":[{"@type":"ListItem","position":1,"name":"Accueil","item":"https:\/\/www.csj-emballages.com\/de\/universum-lebensmittelverpackungen\/"},{"@type":"ListItem","position":2,"name":"Shop","item":"https:\/\/www.csj-emballages.com\/shop\/"},{"@type":"ListItem","position":3,"name":"Crepe-Tasche aus rei\u00dfbarem Karton pro 100"}]},{"@type":"WebSite","@id":"https:\/\/www.csj-emballages.com\/de\/#website","url":"https:\/\/www.csj-emballages.com\/de\/","name":"CSJ Emballages","description":"","publisher":{"@id":"https:\/\/www.csj-emballages.com\/de\/#organization"},"potentialAction":[{"@type":"SearchAction","target":{"@type":"EntryPoint","urlTemplate":"https:\/\/www.csj-emballages.com\/de\/?s={search_term_string}"},"query-input":{"@type":"PropertyValueSpecification","valueRequired":true,"valueName":"search_term_string"}}],"inLanguage":"de"},{"@type":"Organization","@id":"https:\/\/www.csj-emballages.com\/de\/#Organization\/","name":"CSJ Emballages","url":"https:\/\/www.csj-emballages.com\/de\/","logo":{"@type":"ImageObject","inLanguage":"de","@id":"https:\/\/www.csj-emballages.com\/de\/#\/schema\/logo\/image\/","url":"https:\/\/www.csj-emballages.com\/wp-content\/uploads\/2023\/10\/logo_csj.webp","contentUrl":"https:\/\/www.csj-emballages.com\/wp-content\/uploads\/2023\/10\/logo_csj.webp","width":250,"height":95,"caption":"CSJ Emballages"},"image":{"@id":"https:\/\/www.csj-emballages.com\/de\/#\/schema\/logo\/image\/"},"sameAs":["https:\/\/www.facebook.com\/csjemballages"],"address":{"@type":"PostalAddress","streetAddress":"ZI La Lechere","addressLocality":"Patornay","postalCode":"39130","addressCountry":"FR"},"contactPoint":[{"@type":"ContactPoint","contactType":"Service client","telephone":"0384254272","email":"contact@csj-emballages.com"}]}]}},"df_price":20.56,"df_sale_price":"","df_regular_price":20.56,"df_image_link":"https:\/\/www.csj-emballages.com\/wp-content\/uploads\/2024\/03\/POCCREP-300x300.webp","tiered_pricing_type":"fixed","tiered_pricing_fixed_rules":[],"tiered_pricing_percentage_rules":[],"tiered_pricing_minimum":1,"tiered_pricing_roles_data":[],"_links":{"self":[{"href":"https:\/\/www.csj-emballages.com\/de\/wp-json\/wp\/v2\/product\/22683","targetHints":{"allow":["GET"]}}],"collection":[{"href":"https:\/\/www.csj-emballages.com\/de\/wp-json\/wp\/v2\/product"}],"about":[{"href":"https:\/\/www.csj-emballages.com\/de\/wp-json\/wp\/v2\/types\/product"}],"wp:featuredmedia":[{"embeddable":true,"href":"https:\/\/www.csj-emballages.com\/de\/wp-json\/wp\/v2\/media\/230489"}],"wp:attachment":[{"href":"https:\/\/www.csj-emballages.com\/de\/wp-json\/wp\/v2\/media?parent=22683"}],"wp:term":[{"taxonomy":"product_brand","embeddable":true,"href":"https:\/\/www.csj-emballages.com\/de\/wp-json\/wp\/v2\/product_brand?post=22683"},{"taxonomy":"product_cat","embeddable":true,"href":"https:\/\/www.csj-emballages.com\/de\/wp-json\/wp\/v2\/product_cat?post=22683"},{"taxonomy":"product_tag","embeddable":true,"href":"https:\/\/www.csj-emballages.com\/de\/wp-json\/wp\/v2\/product_tag?post=22683"}],"curies":[{"name":"wp","href":"https:\/\/api.w.org\/{rel}","templated":true}]}}