{"id":226821,"date":"2025-02-27T17:08:12","date_gmt":"2025-02-27T16:08:12","guid":{"rendered":"https:\/\/www.csj-emballages.com\/?post_type=product&#038;p=226821"},"modified":"2026-05-08T02:15:16","modified_gmt":"2026-05-08T00:15:16","slug":"schussel-salat-kraft-780-ml-pro-50","status":"publish","type":"product","link":"https:\/\/www.csj-emballages.com\/de\/produit\/schussel-salat-kraft-780-ml-pro-50\/","title":{"rendered":"Sch\u00fcssel Salat Kraft 780 ml pro 50"},"content":{"rendered":"<h2>Salatschale<\/h2>\n<hr>\n<h3>Beschreibung von Sch\u00fcssel Kraft Salat rund 780 ml 50 St\u00fcck<\/h3>\n<p><!--more--><\/p>\n<p data-start=\"275\" data-end=\"701\">Diese <strong>780 ml<\/strong> fassende <strong>Kraft-Salatschale<\/strong> ist die Art von Beh\u00e4lter, die man sofort adoptiert, weil sie so einfach, praktisch und vielseitig ist. Mit ihrem runden, ausgewogenen Format bringt sie alle Arten von Zubereitungen leicht zur Geltung: <g id=\"gid_2\">gemischte Salate<\/g>, <g id=\"gid_3\">warme Bowls<\/g>, <g id=\"gid_4\">Crousty<\/g>, <g id=\"gid_5\">Nudeln<\/g> oder <g id=\"gid_6\">Gem\u00fcse<\/g>. Schon auf den ersten Blick verleiht sein Kraftliner-Look einen nat\u00fcrlichen und modernen Touch, der Profis und Kunden gleicherma\u00dfen anspricht.  <\/p>\n<p data-start=\"703\" data-end=\"1074\">Dank seines Fassungsverm\u00f6gens von <strong>780 ml<\/strong> kann er gro\u00dfz\u00fcgige Portionen anbieten, ohne \u00fcberm\u00e4\u00dfig gro\u00df zu sein. Das ist die goldene Mitte f\u00fcr eine komplette Mahlzeit zum Mitnehmen oder f\u00fcr den schnellen Verzehr. Seine feste Struktur sorgt daf\u00fcr, dass er auch bei gut gef\u00fcllten Gerichten oder Gerichten mit leichten Saucen nicht verrutscht. Man kann es stressfrei transportieren, ohne Angst haben zu m\u00fcssen, dass es ausl\u00e4uft oder zerdr\u00fcckt wird.   <\/p>\n<p data-start=\"1076\" data-end=\"1388\">Ein weiterer Pluspunkt ist, dass sich die <strong>Sch\u00fcssel<\/strong> f\u00fcr viele Zwecke eignet. Sie passt problemlos in ein Restaurant, einen Imbiss, einen Foodtruck, einen Sandwichladen oder sogar zu Veranstaltungen. Das schlichte Design l\u00e4sst Ihnen auch die Freiheit, einen Deckel, ein Etikett oder ein Logo anzubringen, um Ihre visuelle Identit\u00e4t zu st\u00e4rken.  <\/p>\n<p data-start=\"1390\" data-end=\"1615\">Er wird <strong data-start=\"1396\" data-end=\"1413\">im Set von 50 St\u00fcck<\/strong> verkauft und erm\u00f6glicht eine intelligente Lagerverwaltung, ohne den Lagerraum zu \u00fcberf\u00fcllen. Es ist eine ideale L\u00f6sung f\u00fcr Berufst\u00e4tige, die Praktikabilit\u00e4t, \u00c4sthetik und Effizienz im Alltag miteinander verbinden wollen. <\/p>\n<p data-start=\"1617\" data-end=\"1794\">Zusammenfassend l\u00e4sst sich sagen, dass diese <strong>Kraft-Salatschale<\/strong> nicht nur ein Gericht enth\u00e4lt: Sie wertet Ihre Rezepte auf, vereinfacht Ihr Servieren und bietet eine saubere und aktuelle Pr\u00e4sentation.<\/p>\n<p data-start=\"763\" data-end=\"1088\">\n<p data-start=\"763\" data-end=\"1088\"><!--more--><\/p>\n<p data-start=\"763\" data-end=\"1088\">Diese Sch\u00fcssel kann mit einem <strong data-start=\"589\" data-end=\"640\">transparenten PET-Deckel (Combo separat erh\u00e4ltlich)<\/strong> verwendet werden, um noch praktischer zu sein, so dass die Kunden den Inhalt sehen k\u00f6nnen, w\u00e4hrend die Lebensmittel frisch bleiben.<\/p>\n<p data-start=\"763\" data-end=\"1088\">\n<p data-start=\"763\" data-end=\"1088\"><!--more--><\/p>\n<p><span style=\"color: #ff0000;\"><strong>*M\u00f6glichkeit der Personalisierung<\/strong><\/span><\/p>\n<p>&nbsp;<\/p>\n<p><!--more--><\/p>\n<h4>Vorteile :<\/h4>\n<ul>\n<li data-start=\"1822\" data-end=\"1868\">Format <strong>780 ml<\/strong> perfekt f\u00fcr Bowls und Salate.<\/li>\n<li data-start=\"1871\" data-end=\"1928\">Gute Steifigkeit, auch bei warmen Gerichten oder So\u00dfen.<\/li>\n<li data-start=\"1931\" data-end=\"1964\">Nat\u00fcrlicher und trendiger Kraft-Look.<\/li>\n<li data-start=\"1967\" data-end=\"2003\">Vielseitig einsetzbar: herzhaft, warm oder kalt.<\/li>\n<li data-start=\"2006\" data-end=\"2032\">Praktische Packung mit<strong> 50 St\u00fcck.<\/strong><\/li>\n<\/ul>\n<p>&nbsp;<\/p>\n<p><!--more--><\/p>\n<h4>Weitere Informationen :<\/h4>\n<ul>\n<li><strong>Verpackung<\/strong>: Packung mit 50 St\u00fcck<\/li>\n<li><strong>Volumen<\/strong>: 780 ml<\/li>\n<li><strong>Unterer Durchmesser<\/strong>: 130 mm<\/li>\n<li><strong>Oberer Durchmesser<\/strong>: 150 mm<\/li>\n<li><strong>H\u00f6he<\/strong>: 58 mm<\/li>\n<li><strong>Material<\/strong>: Karton \/ PP<\/li>\n<li><strong>Farbe<\/strong>: Braun<\/li>\n<li><strong>Nutzung<\/strong>: Kalt \/ Warm<\/li>\n<\/ul>\n<p>&nbsp;<\/p>\n<p><!--more--><\/p>\n<p>Hier finden Sie die Kombination aus Salatsch\u00fcssel und Deckel : <span style=\"color: #d12727;\"><a style=\"color: #d12727;\" href=\"https:\/\/www.csj-emballages.com\/es\/produit\/25-ensaladeras-kraft-tapas-pet-750-ml\/\">PO750KGE<\/a><\/span><\/p>\n<p>&nbsp;<\/p>\n<p><!--more--><\/p>\n<p>Dieses Produkt ist in verschiedenen Gr\u00f6\u00dfen erh\u00e4ltlich : <span style=\"color: #d12727;\"><a style=\"color: #d12727;\" href=\"https:\/\/www.csj-emballages.com\/es\/produit\/50-tarros-redondos-kraft-500-ml\/\">500 ml<\/a><\/span> \/ <span style=\"color: #d12727;\"><a style=\"color: #d12727;\" href=\"https:\/\/www.csj-emballages.com\/es\/produit\/ensaladera-redonda-kraft-960-ml-a-50\/\">960 ml<\/a><\/span> \/ <span style=\"color: #d12727;\"><a style=\"color: #d12727;\" href=\"https:\/\/www.csj-emballages.com\/es\/produit\/ensaladera-redonda-kraft-1100-ml\/\">1100 ml<\/a><\/span> \/ <span style=\"color: #d12727;\"><a style=\"color: #d12727;\" href=\"https:\/\/www.csj-emballages.com\/produit\/50-bol-salade-kraft-1250-ml\/\">1250 ml<\/a><\/span><\/p>\n<p>&nbsp;<\/p>\n<p><!--more--><\/p>\n<p><a href=\"https:\/\/www.csj-emballages.com\/de\/categorie-produit\/lebensmittelverpackungen\/restauration-de\/topfe-schalen-becherhalter\/kraft-salattopfe\/\">Sehen Sie sich den Rest unseres Sortiments an Kraft-Salatschalen an.<\/a><\/p>\n","protected":false},"excerpt":{"rendered":"<p>Salatschale Beschreibung von Sch\u00fcssel Kraft Salat rund 780 ml 50 St\u00fcck<\/p>\n","protected":false},"featured_media":224521,"template":"","meta":{"_acf_changed":false},"product_brand":[],"product_cat":[1137,1134,3975,3149],"product_tag":[],"class_list":{"0":"post-226821","1":"product","2":"type-product","3":"status-publish","4":"has-post-thumbnail","6":"product_cat-lebensmittelverpackungen","7":"product_cat-restauration-de","8":"product_cat-topfe-schalen-becherhalter","9":"product_cat-kraft-salattopfe","11":"first","12":"instock","13":"taxable","14":"shipping-taxable","15":"purchasable","16":"product-type-simple"},"acf":[],"yoast_head":"<!-- This site is optimized with the Yoast SEO Premium plugin v26.6 (Yoast SEO v26.6) - https:\/\/yoast.com\/wordpress\/plugins\/seo\/ -->\n<title>Sch\u00fcssel Salat Kraft 780 ml pro 50<\/title>\n<meta name=\"description\" content=\"Entdecken Sie unsere 780 ml Kraft Salatschale, die perfekt f\u00fcr warme oder kalte Speisen geeignet ist. Die Sch\u00fcssel ist robust, umweltfreundlich und \u00e4sthetisch ansprechend. Sie ist ideal f\u00fcr den Verkauf vor Ort.\" \/>\n<meta name=\"robots\" content=\"index, follow, max-snippet:-1, max-image-preview:large, max-video-preview:-1\" \/>\n<link rel=\"canonical\" href=\"https:\/\/www.csj-emballages.com\/de\/produit\/schussel-salat-kraft-780-ml-pro-50\/\" \/>\n<meta property=\"og:locale\" content=\"de_DE\" \/>\n<meta property=\"og:type\" content=\"article\" \/>\n<meta property=\"og:title\" content=\"Sch\u00fcssel Salat Kraft 780 ml pro 50\" \/>\n<meta property=\"og:description\" content=\"Entdecken Sie unsere 780 ml Kraft Salatschale, die perfekt f\u00fcr warme oder kalte Speisen geeignet ist. Die Sch\u00fcssel ist robust, umweltfreundlich und \u00e4sthetisch ansprechend. Sie ist ideal f\u00fcr den Verkauf vor Ort.\" \/>\n<meta property=\"og:url\" content=\"https:\/\/www.csj-emballages.com\/de\/produit\/schussel-salat-kraft-780-ml-pro-50\/\" \/>\n<meta property=\"og:site_name\" content=\"CSJ Emballages\" \/>\n<meta property=\"article:publisher\" content=\"https:\/\/www.facebook.com\/csjemballages\" \/>\n<meta property=\"article:modified_time\" content=\"2026-05-08T00:15:16+00:00\" \/>\n<meta property=\"og:image\" content=\"https:\/\/www.csj-emballages.com\/wp-content\/uploads\/2024\/12\/PO780K.webp\" \/>\n\t<meta property=\"og:image:width\" content=\"800\" \/>\n\t<meta property=\"og:image:height\" content=\"800\" \/>\n\t<meta property=\"og:image:type\" content=\"image\/webp\" \/>\n<meta name=\"twitter:card\" content=\"summary_large_image\" \/>\n<meta name=\"twitter:label1\" content=\"Gesch\u00e4tzte Lesezeit\" \/>\n\t<meta name=\"twitter:data1\" content=\"2 Minuten\" \/>\n<script type=\"application\/ld+json\" class=\"yoast-schema-graph\">{\"@context\":\"https:\/\/schema.org\",\"@graph\":[{\"@type\":\"WebPage\",\"@id\":\"https:\/\/www.csj-emballages.com\/de\/produit\/schussel-salat-kraft-780-ml-pro-50\/\",\"url\":\"https:\/\/www.csj-emballages.com\/de\/produit\/schussel-salat-kraft-780-ml-pro-50\/\",\"name\":\"Sch\u00fcssel Salat Kraft 780 ml pro 50\",\"isPartOf\":{\"@id\":\"https:\/\/www.csj-emballages.com\/de\/#website\"},\"primaryImageOfPage\":{\"@id\":\"https:\/\/www.csj-emballages.com\/de\/produit\/schussel-salat-kraft-780-ml-pro-50\/#primaryimage\"},\"image\":{\"@id\":\"https:\/\/www.csj-emballages.com\/de\/produit\/schussel-salat-kraft-780-ml-pro-50\/#primaryimage\"},\"thumbnailUrl\":\"https:\/\/www.csj-emballages.com\/wp-content\/uploads\/2024\/12\/PO780K.webp\",\"datePublished\":\"2025-02-27T16:08:12+00:00\",\"dateModified\":\"2026-05-08T00:15:16+00:00\",\"description\":\"Entdecken Sie unsere 780 ml Kraft Salatschale, die perfekt f\u00fcr warme oder kalte Speisen geeignet ist. Die Sch\u00fcssel ist robust, umweltfreundlich und \u00e4sthetisch ansprechend. Sie ist ideal f\u00fcr den Verkauf vor Ort.\",\"breadcrumb\":{\"@id\":\"https:\/\/www.csj-emballages.com\/de\/produit\/schussel-salat-kraft-780-ml-pro-50\/#breadcrumb\"},\"inLanguage\":\"de\",\"potentialAction\":[{\"@type\":\"ReadAction\",\"target\":[\"https:\/\/www.csj-emballages.com\/de\/produit\/schussel-salat-kraft-780-ml-pro-50\/\"]}]},{\"@type\":\"ImageObject\",\"inLanguage\":\"de\",\"@id\":\"https:\/\/www.csj-emballages.com\/de\/produit\/schussel-salat-kraft-780-ml-pro-50\/#primaryimage\",\"url\":\"https:\/\/www.csj-emballages.com\/wp-content\/uploads\/2024\/12\/PO780K.webp\",\"contentUrl\":\"https:\/\/www.csj-emballages.com\/wp-content\/uploads\/2024\/12\/PO780K.webp\",\"width\":800,\"height\":800,\"caption\":\"Bol salade\"},{\"@type\":\"BreadcrumbList\",\"@id\":\"https:\/\/www.csj-emballages.com\/de\/produit\/schussel-salat-kraft-780-ml-pro-50\/#breadcrumb\",\"itemListElement\":[{\"@type\":\"ListItem\",\"position\":1,\"name\":\"Accueil\",\"item\":\"https:\/\/www.csj-emballages.com\/de\/universum-lebensmittelverpackungen\/\"},{\"@type\":\"ListItem\",\"position\":2,\"name\":\"Shop\",\"item\":\"https:\/\/www.csj-emballages.com\/shop\/\"},{\"@type\":\"ListItem\",\"position\":3,\"name\":\"Sch\u00fcssel Salat Kraft 780 ml pro 50\"}]},{\"@type\":\"WebSite\",\"@id\":\"https:\/\/www.csj-emballages.com\/de\/#website\",\"url\":\"https:\/\/www.csj-emballages.com\/de\/\",\"name\":\"CSJ Emballages\",\"description\":\"\",\"publisher\":{\"@id\":\"https:\/\/www.csj-emballages.com\/de\/#organization\"},\"potentialAction\":[{\"@type\":\"SearchAction\",\"target\":{\"@type\":\"EntryPoint\",\"urlTemplate\":\"https:\/\/www.csj-emballages.com\/de\/?s={search_term_string}\"},\"query-input\":{\"@type\":\"PropertyValueSpecification\",\"valueRequired\":true,\"valueName\":\"search_term_string\"}}],\"inLanguage\":\"de\"},{\"@type\":\"Organization\",\"@id\":\"https:\/\/www.csj-emballages.com\/de\/#Organization\/\",\"name\":\"CSJ Emballages\",\"url\":\"https:\/\/www.csj-emballages.com\/de\/\",\"logo\":{\"@type\":\"ImageObject\",\"inLanguage\":\"de\",\"@id\":\"https:\/\/www.csj-emballages.com\/de\/#\/schema\/logo\/image\/\",\"url\":\"https:\/\/www.csj-emballages.com\/wp-content\/uploads\/2023\/10\/logo_csj.webp\",\"contentUrl\":\"https:\/\/www.csj-emballages.com\/wp-content\/uploads\/2023\/10\/logo_csj.webp\",\"width\":250,\"height\":95,\"caption\":\"CSJ Emballages\"},\"image\":{\"@id\":\"https:\/\/www.csj-emballages.com\/de\/#\/schema\/logo\/image\/\"},\"sameAs\":[\"https:\/\/www.facebook.com\/csjemballages\"],\"address\":{\"@type\":\"PostalAddress\",\"streetAddress\":\"ZI La Lechere\",\"addressLocality\":\"Patornay\",\"postalCode\":\"39130\",\"addressCountry\":\"FR\"},\"contactPoint\":[{\"@type\":\"ContactPoint\",\"contactType\":\"Service client\",\"telephone\":\"0384254272\",\"email\":\"contact@csj-emballages.com\"}]}]}<\/script>\n<!-- \/ Yoast SEO Premium plugin. -->","yoast_head_json":{"title":"Sch\u00fcssel Salat Kraft 780 ml pro 50","description":"Entdecken Sie unsere 780 ml Kraft Salatschale, die perfekt f\u00fcr warme oder kalte Speisen geeignet ist. Die Sch\u00fcssel ist robust, umweltfreundlich und \u00e4sthetisch ansprechend. Sie ist ideal f\u00fcr den Verkauf vor Ort.","robots":{"index":"index","follow":"follow","max-snippet":"max-snippet:-1","max-image-preview":"max-image-preview:large","max-video-preview":"max-video-preview:-1"},"canonical":"https:\/\/www.csj-emballages.com\/de\/produit\/schussel-salat-kraft-780-ml-pro-50\/","og_locale":"de_DE","og_type":"article","og_title":"Sch\u00fcssel Salat Kraft 780 ml pro 50","og_description":"Entdecken Sie unsere 780 ml Kraft Salatschale, die perfekt f\u00fcr warme oder kalte Speisen geeignet ist. Die Sch\u00fcssel ist robust, umweltfreundlich und \u00e4sthetisch ansprechend. Sie ist ideal f\u00fcr den Verkauf vor Ort.","og_url":"https:\/\/www.csj-emballages.com\/de\/produit\/schussel-salat-kraft-780-ml-pro-50\/","og_site_name":"CSJ Emballages","article_publisher":"https:\/\/www.facebook.com\/csjemballages","article_modified_time":"2026-05-08T00:15:16+00:00","og_image":[{"width":800,"height":800,"url":"https:\/\/www.csj-emballages.com\/wp-content\/uploads\/2024\/12\/PO780K.webp","type":"image\/webp"}],"twitter_card":"summary_large_image","twitter_misc":{"Gesch\u00e4tzte Lesezeit":"2 Minuten"},"schema":{"@context":"https:\/\/schema.org","@graph":[{"@type":"WebPage","@id":"https:\/\/www.csj-emballages.com\/de\/produit\/schussel-salat-kraft-780-ml-pro-50\/","url":"https:\/\/www.csj-emballages.com\/de\/produit\/schussel-salat-kraft-780-ml-pro-50\/","name":"Sch\u00fcssel Salat Kraft 780 ml pro 50","isPartOf":{"@id":"https:\/\/www.csj-emballages.com\/de\/#website"},"primaryImageOfPage":{"@id":"https:\/\/www.csj-emballages.com\/de\/produit\/schussel-salat-kraft-780-ml-pro-50\/#primaryimage"},"image":{"@id":"https:\/\/www.csj-emballages.com\/de\/produit\/schussel-salat-kraft-780-ml-pro-50\/#primaryimage"},"thumbnailUrl":"https:\/\/www.csj-emballages.com\/wp-content\/uploads\/2024\/12\/PO780K.webp","datePublished":"2025-02-27T16:08:12+00:00","dateModified":"2026-05-08T00:15:16+00:00","description":"Entdecken Sie unsere 780 ml Kraft Salatschale, die perfekt f\u00fcr warme oder kalte Speisen geeignet ist. Die Sch\u00fcssel ist robust, umweltfreundlich und \u00e4sthetisch ansprechend. Sie ist ideal f\u00fcr den Verkauf vor Ort.","breadcrumb":{"@id":"https:\/\/www.csj-emballages.com\/de\/produit\/schussel-salat-kraft-780-ml-pro-50\/#breadcrumb"},"inLanguage":"de","potentialAction":[{"@type":"ReadAction","target":["https:\/\/www.csj-emballages.com\/de\/produit\/schussel-salat-kraft-780-ml-pro-50\/"]}]},{"@type":"ImageObject","inLanguage":"de","@id":"https:\/\/www.csj-emballages.com\/de\/produit\/schussel-salat-kraft-780-ml-pro-50\/#primaryimage","url":"https:\/\/www.csj-emballages.com\/wp-content\/uploads\/2024\/12\/PO780K.webp","contentUrl":"https:\/\/www.csj-emballages.com\/wp-content\/uploads\/2024\/12\/PO780K.webp","width":800,"height":800,"caption":"Bol salade"},{"@type":"BreadcrumbList","@id":"https:\/\/www.csj-emballages.com\/de\/produit\/schussel-salat-kraft-780-ml-pro-50\/#breadcrumb","itemListElement":[{"@type":"ListItem","position":1,"name":"Accueil","item":"https:\/\/www.csj-emballages.com\/de\/universum-lebensmittelverpackungen\/"},{"@type":"ListItem","position":2,"name":"Shop","item":"https:\/\/www.csj-emballages.com\/shop\/"},{"@type":"ListItem","position":3,"name":"Sch\u00fcssel Salat Kraft 780 ml pro 50"}]},{"@type":"WebSite","@id":"https:\/\/www.csj-emballages.com\/de\/#website","url":"https:\/\/www.csj-emballages.com\/de\/","name":"CSJ Emballages","description":"","publisher":{"@id":"https:\/\/www.csj-emballages.com\/de\/#organization"},"potentialAction":[{"@type":"SearchAction","target":{"@type":"EntryPoint","urlTemplate":"https:\/\/www.csj-emballages.com\/de\/?s={search_term_string}"},"query-input":{"@type":"PropertyValueSpecification","valueRequired":true,"valueName":"search_term_string"}}],"inLanguage":"de"},{"@type":"Organization","@id":"https:\/\/www.csj-emballages.com\/de\/#Organization\/","name":"CSJ Emballages","url":"https:\/\/www.csj-emballages.com\/de\/","logo":{"@type":"ImageObject","inLanguage":"de","@id":"https:\/\/www.csj-emballages.com\/de\/#\/schema\/logo\/image\/","url":"https:\/\/www.csj-emballages.com\/wp-content\/uploads\/2023\/10\/logo_csj.webp","contentUrl":"https:\/\/www.csj-emballages.com\/wp-content\/uploads\/2023\/10\/logo_csj.webp","width":250,"height":95,"caption":"CSJ Emballages"},"image":{"@id":"https:\/\/www.csj-emballages.com\/de\/#\/schema\/logo\/image\/"},"sameAs":["https:\/\/www.facebook.com\/csjemballages"],"address":{"@type":"PostalAddress","streetAddress":"ZI La Lechere","addressLocality":"Patornay","postalCode":"39130","addressCountry":"FR"},"contactPoint":[{"@type":"ContactPoint","contactType":"Service client","telephone":"0384254272","email":"contact@csj-emballages.com"}]}]}},"df_price":6.71,"df_sale_price":"","df_regular_price":6.71,"df_image_link":"https:\/\/www.csj-emballages.com\/wp-content\/uploads\/2024\/12\/PO780K-300x300.webp","tiered_pricing_type":"fixed","tiered_pricing_fixed_rules":[],"tiered_pricing_percentage_rules":[],"tiered_pricing_minimum":1,"tiered_pricing_roles_data":[],"_links":{"self":[{"href":"https:\/\/www.csj-emballages.com\/de\/wp-json\/wp\/v2\/product\/226821","targetHints":{"allow":["GET"]}}],"collection":[{"href":"https:\/\/www.csj-emballages.com\/de\/wp-json\/wp\/v2\/product"}],"about":[{"href":"https:\/\/www.csj-emballages.com\/de\/wp-json\/wp\/v2\/types\/product"}],"wp:featuredmedia":[{"embeddable":true,"href":"https:\/\/www.csj-emballages.com\/de\/wp-json\/wp\/v2\/media\/224521"}],"wp:attachment":[{"href":"https:\/\/www.csj-emballages.com\/de\/wp-json\/wp\/v2\/media?parent=226821"}],"wp:term":[{"taxonomy":"product_brand","embeddable":true,"href":"https:\/\/www.csj-emballages.com\/de\/wp-json\/wp\/v2\/product_brand?post=226821"},{"taxonomy":"product_cat","embeddable":true,"href":"https:\/\/www.csj-emballages.com\/de\/wp-json\/wp\/v2\/product_cat?post=226821"},{"taxonomy":"product_tag","embeddable":true,"href":"https:\/\/www.csj-emballages.com\/de\/wp-json\/wp\/v2\/product_tag?post=226821"}],"curies":[{"name":"wp","href":"https:\/\/api.w.org\/{rel}","templated":true}]}}