{"id":226761,"date":"2025-01-21T17:33:31","date_gmt":"2025-01-21T16:33:31","guid":{"rendered":"https:\/\/www.csj-emballages.com\/?post_type=product&#038;p=226761"},"modified":"2026-05-05T19:00:24","modified_gmt":"2026-05-05T17:00:24","slug":"aluminiumschale-pro-100","status":"publish","type":"product","link":"https:\/\/www.csj-emballages.com\/de\/produit\/aluminiumschale-pro-100\/","title":{"rendered":"Aluminiumschale f\u00fcr Jakobsmuscheln pro 100"},"content":{"rendered":"<h2>Aluminiumschale<\/h2>\n<hr>\n<h3>Beschreibung von unserem Aluschale f\u00fcr Jakobsmuscheln pro 100<\/h3>\n<p><!--more--><\/p>\n<p class=\"\" data-start=\"231\" data-end=\"663\">Ob Gastronomen, Caterer oder leidenschaftliche K\u00f6che: Diese <strong>Aluminiumschalen f\u00fcr Jakobsmuscheln<\/strong> sind ideal f\u00fcr die Pr\u00e4sentation und das Garen Ihrer <strong>Jakobsmuscheln<\/strong>, aber auch f\u00fcr alle anderen individuellen Zubereitungen, die ein Garen im Ofen erfordern. Die aus lebensmittelechtem <strong>Aluminium<\/strong> hergestellten Schalen bieten eine hervorragende W\u00e4rmeleitung und erm\u00f6glichen ein gleichm\u00e4\u00dfiges und schnelles Garen Ihrer Gerichte. Diese robusten und eleganten <strong>Aluminiumschalen<\/strong> wurden entwickelt, um Ihnen das Servieren zu erleichtern und gleichzeitig Ihre kulinarischen Kreationen aufzuwerten. Sie halten der Hitze eines traditionellen Ofens sehr gut stand und sind dennoch leicht genug f\u00fcr den Transport oder den Verkauf zum Mitnehmen. Dieses Einwegformat eignet sich auch perfekt f\u00fcr Veranstaltungen oder Service mit hohem Durchsatz, da Sie wertvolle Zeit beim Abwasch und bei der Reinigung sparen.    <\/p>\n<p class=\"\" data-start=\"1088\" data-end=\"1457\">Ihr klassisches <strong>Muscheldesign<\/strong> verleiht Ihren Pr\u00e4sentationen eine traditionelle und raffinierte Note. Die <strong>100er-Packung<\/strong> eignet sich perfekt f\u00fcr den professionellen Gebrauch. Sie sind auch sehr beliebt bei Privatpersonen, die zu Hause eine Pr\u00e4sentation wie in einem Restaurant nachmachen m\u00f6chten.  <\/p>\n<p><!--more--><\/p>\n<p><strong>Ihre Vorteile :<\/strong><\/p>\n<ul>\n<li>Perfekt zum Kochen und Pr\u00e4sentieren von Jakobsmuscheln.<\/li>\n<li>Dank ihrer hervorragenden W\u00e4rmeleitung ist das Kochen gleichm\u00e4\u00dfig und kontrolliert.<\/li>\n<li>Stapelbar f\u00fcr eine einfache Aufbewahrung.<\/li>\n<li><strong>Packung mit 100 St\u00fcck<\/strong>: ideal f\u00fcr den professionellen Einsatz.<\/li>\n<li><strong>Einweg<\/strong>: spart Zeit bei der Reinigung.<\/li>\n<\/ul>\n<p>&nbsp;<\/p>\n<p><!--more--><\/p>\n<p><strong>Weitere Informationen :  <\/strong><\/p>\n<ul>\n<li><strong>Verpackung<\/strong>: Packung mit 100 St\u00fcck<\/li>\n<li><strong>Unterer Durchmesser <\/strong>: 6 cm<\/li>\n<li> <strong>Durchmesser oben<\/strong>: 12 cm<\/li>\n<li><strong>H\u00f6he<\/strong>: 2 cm<\/li>\n<li><strong>Material<\/strong>: Aluminium<\/li>\n<\/ul>\n<p>&nbsp;<\/p>\n<p><!--more--><\/p>\n<p><span style=\"color: #000000\">Hier finden Sie unseren Schneckenteller : <span style=\"color: #d12727\"><a style=\"color: #d12727\" href=\"https:\/\/www.csj-emballages.com\/pt-pt\/produit\/100-placas-de-aluminio-para-caracois-147-o\/\">AA170<\/a><\/span><\/span><\/p>\n<p>&nbsp;<\/p>\n<p><!--more--><\/p>\n<p><a href=\"https:\/\/www.csj-emballages.com\/de\/categorie-produit\/lebensmittelverpackungen\/metzgerei-und-feinkostgeschaft\/schalen-dosen-und-glaser\/aluminiumschalen-schalen-formen-tabletts-becher-auflaufformen-tortenschalen\/\">Sehen Sie sich den Rest unseres Sortiments an Aluminiumverpackungen an<\/a><\/p>\n","protected":false},"excerpt":{"rendered":"<p>Aluminiumschale Beschreibung von unserem Aluschale f\u00fcr Jakobsmuscheln pro 100<\/p>\n","protected":false},"featured_media":232660,"template":"","meta":{"_acf_changed":false},"product_brand":[],"product_cat":[1137,1170,2277,1997,9357],"product_tag":[],"class_list":{"0":"post-226761","1":"product","2":"type-product","3":"status-publish","4":"has-post-thumbnail","6":"product_cat-lebensmittelverpackungen","7":"product_cat-metzgerei-und-feinkostgeschaft","8":"product_cat-schalen-dosen-und-glaser","9":"product_cat-aluminiumschalen-schalen-formen-tabletts-becher-auflaufformen-tortenschalen","10":"product_cat-aluminiumschalen","12":"first","13":"instock","14":"taxable","15":"shipping-taxable","16":"purchasable","17":"product-type-simple"},"acf":[],"yoast_head":"<!-- This site is optimized with the Yoast SEO Premium plugin v26.6 (Yoast SEO v26.6) - https:\/\/yoast.com\/wordpress\/plugins\/seo\/ -->\n<title>Aluminiumschale f\u00fcr Jakobsmuscheln pro 100<\/title>\n<meta name=\"description\" content=\"Aluminiumschalen zu 100 St\u00fcck, ideal zum Kochen und Pr\u00e4sentieren von Jakobsmuscheln. Widerstandsf\u00e4hig, praktisch und gebrauchsfertig.\" \/>\n<meta name=\"robots\" content=\"index, follow, max-snippet:-1, max-image-preview:large, max-video-preview:-1\" \/>\n<link rel=\"canonical\" href=\"https:\/\/www.csj-emballages.com\/de\/produit\/aluminiumschale-pro-100\/\" \/>\n<meta property=\"og:locale\" content=\"de_DE\" \/>\n<meta property=\"og:type\" content=\"article\" \/>\n<meta property=\"og:title\" content=\"Aluminiumschale f\u00fcr Jakobsmuscheln pro 100\" \/>\n<meta property=\"og:description\" content=\"Aluminiumschalen zu 100 St\u00fcck, ideal zum Kochen und Pr\u00e4sentieren von Jakobsmuscheln. Widerstandsf\u00e4hig, praktisch und gebrauchsfertig.\" \/>\n<meta property=\"og:url\" content=\"https:\/\/www.csj-emballages.com\/de\/produit\/aluminiumschale-pro-100\/\" \/>\n<meta property=\"og:site_name\" content=\"CSJ Emballages\" \/>\n<meta property=\"article:publisher\" content=\"https:\/\/www.facebook.com\/csjemballages\" \/>\n<meta property=\"article:modified_time\" content=\"2026-05-05T17:00:24+00:00\" \/>\n<meta property=\"og:image\" content=\"https:\/\/www.csj-emballages.com\/wp-content\/uploads\/2025\/01\/COQUIALU.webp\" \/>\n\t<meta property=\"og:image:width\" content=\"800\" \/>\n\t<meta property=\"og:image:height\" content=\"801\" \/>\n\t<meta property=\"og:image:type\" content=\"image\/webp\" \/>\n<meta name=\"twitter:card\" content=\"summary_large_image\" \/>\n<meta name=\"twitter:label1\" content=\"Gesch\u00e4tzte Lesezeit\" \/>\n\t<meta name=\"twitter:data1\" content=\"1\u00a0Minute\" \/>\n<script type=\"application\/ld+json\" class=\"yoast-schema-graph\">{\"@context\":\"https:\/\/schema.org\",\"@graph\":[{\"@type\":\"WebPage\",\"@id\":\"https:\/\/www.csj-emballages.com\/de\/produit\/aluminiumschale-pro-100\/\",\"url\":\"https:\/\/www.csj-emballages.com\/de\/produit\/aluminiumschale-pro-100\/\",\"name\":\"Aluminiumschale f\u00fcr Jakobsmuscheln pro 100\",\"isPartOf\":{\"@id\":\"https:\/\/www.csj-emballages.com\/de\/#website\"},\"primaryImageOfPage\":{\"@id\":\"https:\/\/www.csj-emballages.com\/de\/produit\/aluminiumschale-pro-100\/#primaryimage\"},\"image\":{\"@id\":\"https:\/\/www.csj-emballages.com\/de\/produit\/aluminiumschale-pro-100\/#primaryimage\"},\"thumbnailUrl\":\"https:\/\/www.csj-emballages.com\/wp-content\/uploads\/2025\/01\/COQUIALU.webp\",\"datePublished\":\"2025-01-21T16:33:31+00:00\",\"dateModified\":\"2026-05-05T17:00:24+00:00\",\"description\":\"Aluminiumschalen zu 100 St\u00fcck, ideal zum Kochen und Pr\u00e4sentieren von Jakobsmuscheln. Widerstandsf\u00e4hig, praktisch und gebrauchsfertig.\",\"breadcrumb\":{\"@id\":\"https:\/\/www.csj-emballages.com\/de\/produit\/aluminiumschale-pro-100\/#breadcrumb\"},\"inLanguage\":\"de\",\"potentialAction\":[{\"@type\":\"ReadAction\",\"target\":[\"https:\/\/www.csj-emballages.com\/de\/produit\/aluminiumschale-pro-100\/\"]}]},{\"@type\":\"ImageObject\",\"inLanguage\":\"de\",\"@id\":\"https:\/\/www.csj-emballages.com\/de\/produit\/aluminiumschale-pro-100\/#primaryimage\",\"url\":\"https:\/\/www.csj-emballages.com\/wp-content\/uploads\/2025\/01\/COQUIALU.webp\",\"contentUrl\":\"https:\/\/www.csj-emballages.com\/wp-content\/uploads\/2025\/01\/COQUIALU.webp\",\"width\":800,\"height\":801,\"caption\":\"Coquille aluminium\"},{\"@type\":\"BreadcrumbList\",\"@id\":\"https:\/\/www.csj-emballages.com\/de\/produit\/aluminiumschale-pro-100\/#breadcrumb\",\"itemListElement\":[{\"@type\":\"ListItem\",\"position\":1,\"name\":\"Accueil\",\"item\":\"https:\/\/www.csj-emballages.com\/de\/universum-lebensmittelverpackungen\/\"},{\"@type\":\"ListItem\",\"position\":2,\"name\":\"Shop\",\"item\":\"https:\/\/www.csj-emballages.com\/shop\/\"},{\"@type\":\"ListItem\",\"position\":3,\"name\":\"Aluminiumschale f\u00fcr Jakobsmuscheln pro 100\"}]},{\"@type\":\"WebSite\",\"@id\":\"https:\/\/www.csj-emballages.com\/de\/#website\",\"url\":\"https:\/\/www.csj-emballages.com\/de\/\",\"name\":\"CSJ Emballages\",\"description\":\"\",\"publisher\":{\"@id\":\"https:\/\/www.csj-emballages.com\/de\/#organization\"},\"potentialAction\":[{\"@type\":\"SearchAction\",\"target\":{\"@type\":\"EntryPoint\",\"urlTemplate\":\"https:\/\/www.csj-emballages.com\/de\/?s={search_term_string}\"},\"query-input\":{\"@type\":\"PropertyValueSpecification\",\"valueRequired\":true,\"valueName\":\"search_term_string\"}}],\"inLanguage\":\"de\"},{\"@type\":\"Organization\",\"@id\":\"https:\/\/www.csj-emballages.com\/de\/#Organization\/\",\"name\":\"CSJ Emballages\",\"url\":\"https:\/\/www.csj-emballages.com\/de\/\",\"logo\":{\"@type\":\"ImageObject\",\"inLanguage\":\"de\",\"@id\":\"https:\/\/www.csj-emballages.com\/de\/#\/schema\/logo\/image\/\",\"url\":\"https:\/\/www.csj-emballages.com\/wp-content\/uploads\/2023\/10\/logo_csj.webp\",\"contentUrl\":\"https:\/\/www.csj-emballages.com\/wp-content\/uploads\/2023\/10\/logo_csj.webp\",\"width\":250,\"height\":95,\"caption\":\"CSJ Emballages\"},\"image\":{\"@id\":\"https:\/\/www.csj-emballages.com\/de\/#\/schema\/logo\/image\/\"},\"sameAs\":[\"https:\/\/www.facebook.com\/csjemballages\"],\"address\":{\"@type\":\"PostalAddress\",\"streetAddress\":\"ZI La Lechere\",\"addressLocality\":\"Patornay\",\"postalCode\":\"39130\",\"addressCountry\":\"FR\"},\"contactPoint\":[{\"@type\":\"ContactPoint\",\"contactType\":\"Service client\",\"telephone\":\"0384254272\",\"email\":\"contact@csj-emballages.com\"}]}]}<\/script>\n<!-- \/ Yoast SEO Premium plugin. -->","yoast_head_json":{"title":"Aluminiumschale f\u00fcr Jakobsmuscheln pro 100","description":"Aluminiumschalen zu 100 St\u00fcck, ideal zum Kochen und Pr\u00e4sentieren von Jakobsmuscheln. Widerstandsf\u00e4hig, praktisch und gebrauchsfertig.","robots":{"index":"index","follow":"follow","max-snippet":"max-snippet:-1","max-image-preview":"max-image-preview:large","max-video-preview":"max-video-preview:-1"},"canonical":"https:\/\/www.csj-emballages.com\/de\/produit\/aluminiumschale-pro-100\/","og_locale":"de_DE","og_type":"article","og_title":"Aluminiumschale f\u00fcr Jakobsmuscheln pro 100","og_description":"Aluminiumschalen zu 100 St\u00fcck, ideal zum Kochen und Pr\u00e4sentieren von Jakobsmuscheln. Widerstandsf\u00e4hig, praktisch und gebrauchsfertig.","og_url":"https:\/\/www.csj-emballages.com\/de\/produit\/aluminiumschale-pro-100\/","og_site_name":"CSJ Emballages","article_publisher":"https:\/\/www.facebook.com\/csjemballages","article_modified_time":"2026-05-05T17:00:24+00:00","og_image":[{"width":800,"height":801,"url":"https:\/\/www.csj-emballages.com\/wp-content\/uploads\/2025\/01\/COQUIALU.webp","type":"image\/webp"}],"twitter_card":"summary_large_image","twitter_misc":{"Gesch\u00e4tzte Lesezeit":"1\u00a0Minute"},"schema":{"@context":"https:\/\/schema.org","@graph":[{"@type":"WebPage","@id":"https:\/\/www.csj-emballages.com\/de\/produit\/aluminiumschale-pro-100\/","url":"https:\/\/www.csj-emballages.com\/de\/produit\/aluminiumschale-pro-100\/","name":"Aluminiumschale f\u00fcr Jakobsmuscheln pro 100","isPartOf":{"@id":"https:\/\/www.csj-emballages.com\/de\/#website"},"primaryImageOfPage":{"@id":"https:\/\/www.csj-emballages.com\/de\/produit\/aluminiumschale-pro-100\/#primaryimage"},"image":{"@id":"https:\/\/www.csj-emballages.com\/de\/produit\/aluminiumschale-pro-100\/#primaryimage"},"thumbnailUrl":"https:\/\/www.csj-emballages.com\/wp-content\/uploads\/2025\/01\/COQUIALU.webp","datePublished":"2025-01-21T16:33:31+00:00","dateModified":"2026-05-05T17:00:24+00:00","description":"Aluminiumschalen zu 100 St\u00fcck, ideal zum Kochen und Pr\u00e4sentieren von Jakobsmuscheln. Widerstandsf\u00e4hig, praktisch und gebrauchsfertig.","breadcrumb":{"@id":"https:\/\/www.csj-emballages.com\/de\/produit\/aluminiumschale-pro-100\/#breadcrumb"},"inLanguage":"de","potentialAction":[{"@type":"ReadAction","target":["https:\/\/www.csj-emballages.com\/de\/produit\/aluminiumschale-pro-100\/"]}]},{"@type":"ImageObject","inLanguage":"de","@id":"https:\/\/www.csj-emballages.com\/de\/produit\/aluminiumschale-pro-100\/#primaryimage","url":"https:\/\/www.csj-emballages.com\/wp-content\/uploads\/2025\/01\/COQUIALU.webp","contentUrl":"https:\/\/www.csj-emballages.com\/wp-content\/uploads\/2025\/01\/COQUIALU.webp","width":800,"height":801,"caption":"Coquille aluminium"},{"@type":"BreadcrumbList","@id":"https:\/\/www.csj-emballages.com\/de\/produit\/aluminiumschale-pro-100\/#breadcrumb","itemListElement":[{"@type":"ListItem","position":1,"name":"Accueil","item":"https:\/\/www.csj-emballages.com\/de\/universum-lebensmittelverpackungen\/"},{"@type":"ListItem","position":2,"name":"Shop","item":"https:\/\/www.csj-emballages.com\/shop\/"},{"@type":"ListItem","position":3,"name":"Aluminiumschale f\u00fcr Jakobsmuscheln pro 100"}]},{"@type":"WebSite","@id":"https:\/\/www.csj-emballages.com\/de\/#website","url":"https:\/\/www.csj-emballages.com\/de\/","name":"CSJ Emballages","description":"","publisher":{"@id":"https:\/\/www.csj-emballages.com\/de\/#organization"},"potentialAction":[{"@type":"SearchAction","target":{"@type":"EntryPoint","urlTemplate":"https:\/\/www.csj-emballages.com\/de\/?s={search_term_string}"},"query-input":{"@type":"PropertyValueSpecification","valueRequired":true,"valueName":"search_term_string"}}],"inLanguage":"de"},{"@type":"Organization","@id":"https:\/\/www.csj-emballages.com\/de\/#Organization\/","name":"CSJ Emballages","url":"https:\/\/www.csj-emballages.com\/de\/","logo":{"@type":"ImageObject","inLanguage":"de","@id":"https:\/\/www.csj-emballages.com\/de\/#\/schema\/logo\/image\/","url":"https:\/\/www.csj-emballages.com\/wp-content\/uploads\/2023\/10\/logo_csj.webp","contentUrl":"https:\/\/www.csj-emballages.com\/wp-content\/uploads\/2023\/10\/logo_csj.webp","width":250,"height":95,"caption":"CSJ Emballages"},"image":{"@id":"https:\/\/www.csj-emballages.com\/de\/#\/schema\/logo\/image\/"},"sameAs":["https:\/\/www.facebook.com\/csjemballages"],"address":{"@type":"PostalAddress","streetAddress":"ZI La Lechere","addressLocality":"Patornay","postalCode":"39130","addressCountry":"FR"},"contactPoint":[{"@type":"ContactPoint","contactType":"Service client","telephone":"0384254272","email":"contact@csj-emballages.com"}]}]}},"df_price":4.98,"df_sale_price":"","df_regular_price":4.98,"df_image_link":"https:\/\/www.csj-emballages.com\/wp-content\/uploads\/2025\/01\/COQUIALU-300x300.webp","tiered_pricing_type":"fixed","tiered_pricing_fixed_rules":[],"tiered_pricing_percentage_rules":[],"tiered_pricing_minimum":1,"tiered_pricing_roles_data":[],"_links":{"self":[{"href":"https:\/\/www.csj-emballages.com\/de\/wp-json\/wp\/v2\/product\/226761","targetHints":{"allow":["GET"]}}],"collection":[{"href":"https:\/\/www.csj-emballages.com\/de\/wp-json\/wp\/v2\/product"}],"about":[{"href":"https:\/\/www.csj-emballages.com\/de\/wp-json\/wp\/v2\/types\/product"}],"wp:featuredmedia":[{"embeddable":true,"href":"https:\/\/www.csj-emballages.com\/de\/wp-json\/wp\/v2\/media\/232660"}],"wp:attachment":[{"href":"https:\/\/www.csj-emballages.com\/de\/wp-json\/wp\/v2\/media?parent=226761"}],"wp:term":[{"taxonomy":"product_brand","embeddable":true,"href":"https:\/\/www.csj-emballages.com\/de\/wp-json\/wp\/v2\/product_brand?post=226761"},{"taxonomy":"product_cat","embeddable":true,"href":"https:\/\/www.csj-emballages.com\/de\/wp-json\/wp\/v2\/product_cat?post=226761"},{"taxonomy":"product_tag","embeddable":true,"href":"https:\/\/www.csj-emballages.com\/de\/wp-json\/wp\/v2\/product_tag?post=226761"}],"curies":[{"name":"wp","href":"https:\/\/api.w.org\/{rel}","templated":true}]}}