{"id":226706,"date":"2024-03-01T16:54:55","date_gmt":"2024-03-01T15:54:55","guid":{"rendered":"https:\/\/www.csj-emballages.com\/produit\/plastikschale-pommes-frites-wurst-500-ml-pro-250\/"},"modified":"2026-04-29T02:13:11","modified_gmt":"2026-04-29T00:13:11","slug":"plastikschale-pommes-frites-wurst-500-ml-pro-250","status":"publish","type":"product","link":"https:\/\/www.csj-emballages.com\/de\/produit\/plastikschale-pommes-frites-wurst-500-ml-pro-250\/","title":{"rendered":"Schale Pommes frites Kunststoff 500 ml pro 250"},"content":{"rendered":"<h2>Schale Pommes frites<\/h2>\n<hr>\n<h3>Entdecken Sie unsere Schale Pommes frites Kunststoff 500 ml pro 250<\/h3>\n<p><!--more--><\/p>\n<p data-start=\"114\" data-end=\"487\">Die <strong>Schale Pommes frites<\/strong> <strong>500 ml<\/strong>, die im <strong>Set zu<\/strong> <strong>250<\/strong> St\u00fcck verkauft wird, ist eine einfache, effiziente L\u00f6sung, die perfekt auf die Bed\u00fcrfnisse von Gastronomiebetrieben abgestimmt ist. Ob Sie nun ein Imbiss, ein Foodtruck, eine Brasserie oder ein traditionelles Restaurant mit Take-away-Angebot sind, diese <strong>Kunststoffschale<\/strong> wurde so konzipiert, dass sie Sie t\u00e4glich begleitet. Zun\u00e4chst einmal bietet ihr Format von <strong>500 ml<\/strong> ein ideales Fassungsverm\u00f6gen, um eine gro\u00dfz\u00fcgige Portion Pommes frites ohne \u00dcberlaufen und mit gutem Griff zu servieren. Dank ihres robusten Designs bleibt die <strong>Schale<\/strong> stabil und bequem zu bedienen, auch wenn das Servieren schneller geht. Ebenso ist sie leicht und gut stapelbar, was die Lagerung und Organisation in der K\u00fcche erheblich erleichtert.    <\/p>\n<p data-start=\"880\" data-end=\"1175\">Zweitens ist seine Transparenz ein echter Vorteil. Sie erm\u00f6glicht es, das Produkt hervorzuheben, was bei der Arbeit im Schaufenster oder im Thekendienst von entscheidender Bedeutung ist. Die Kunden sehen sofort, was sie kaufen, was den visuellen Reiz erh\u00f6ht und zu einem qualitativ hochwertigeren Erlebnis beitr\u00e4gt.  <\/p>\n<p data-start=\"1177\" data-end=\"1468\">Au\u00dferdem ist diese <strong data-start=\"1197\" data-end=\"1220\">Plastikschale<\/strong> nur f\u00fcr den einmaligen Gebrauch bestimmt. Das garantiert eine einwandfreie Hygiene und erleichtert Ihren Teams die Arbeit: Kein Waschen, kein Sortieren, nur eine schnelle und saubere Verwendung. Eine echte Zeitersparnis in Zeiten hohen Besucheraufkommens.  <\/p>\n<p data-start=\"1470\" data-end=\"1702\">Schlie\u00dflich ist die <strong>Verpackung in 250 Einheiten<\/strong> ideal, um einen kontinuierlichen Service zu gew\u00e4hrleisten und gleichzeitig Ihren Bestand zu kontrollieren. Es gibt keine unvorhergesehenen Ausf\u00e4lle, aber auch keine \u00dcberbest\u00e4nde: Das ist ein perfektes Gleichgewicht f\u00fcr einen regelm\u00e4\u00dfigen Betrieb. <\/p>\n<p data-start=\"1704\" data-end=\"1909\">Zusammenfassend l\u00e4sst sich sagen, dass diese <strong>Schale<\/strong><strong data-start=\"1721\" data-end=\"1741\"> Pommes frites<\/strong> <strong>500 ml<\/strong> eine sichere Wahl f\u00fcr alle Berufst\u00e4tigen darstellt, die einen sauberen, schnellen und gepflegten Service mit einer Pr\u00e4sentation anbieten m\u00f6chten, die ihre Produkte aufwertet.<\/p>\n<p data-start=\"1610\" data-end=\"1809\"><!--more--><\/p>\n<h4 data-start=\"1610\" data-end=\"1809\">Vorteile :<\/h4>\n<ul>\n<li data-start=\"2118\" data-end=\"2171\"><strong>500 ml<\/strong> Fassungsverm\u00f6gen perfekt f\u00fcr eine Portion Pommes frites.<\/li>\n<li data-start=\"2174\" data-end=\"2218\">Transparent f\u00fcr eine sch\u00f6ne Hervorhebung.<\/li>\n<li data-start=\"2221\" data-end=\"2258\">Einmalige Verwendung: hygienisch und schnell.<\/li>\n<li data-start=\"2261\" data-end=\"2293\">Leicht und gut stapelbar.<\/li>\n<li data-start=\"2296\" data-end=\"2348\">Verpackung zu <strong>250<\/strong> St\u00fcck f\u00fcr eine optimierte Verwaltung.<\/li>\n<\/ul>\n<p>&nbsp;<\/p>\n<p><!--more--><\/p>\n<h4>Weitere Informationen :<\/h4>\n<ul>\n<li><strong>Verpackung<\/strong>: Packung mit 250<\/li>\n<li><strong>Abmessungen<\/strong>: 143 x 111 x 49 mm (L x B x H)<\/li>\n<li><strong>Material<\/strong>: Polystyrol PS<\/li>\n<li><strong>Volumen<\/strong>: 500 ml<\/li>\n<li><strong>Temperatur<\/strong>: -5\u00b0C\/+80\u00b0C<\/li>\n<li><strong>Farbe<\/strong>: Transparent<\/li>\n<\/ul>\n<p>&nbsp;<\/p>\n<p><!--more--><\/p>\n<p>Dieser quadratische Kuchenhalter in Wei\u00df \/ Schwarz ist in verschiedenen Gr\u00f6\u00dfen erh\u00e4ltlich : <span style=\"color: #d12727;\"><a style=\"color: #d12727;\" href=\"https:\/\/www.csj-emballages.com\/es\/produit\/bandeja-de-plastico-para-virutas-125-ml-por-500\/\">125 ml<\/a><\/span> \/ <span style=\"color: #d12727;\"><a style=\"color: #d12727;\" href=\"https:\/\/www.csj-emballages.com\/es\/produit\/bandeja-de-plastico-para-virutas-250-ml-por-500\/\">250 ml<\/a><\/span> \/ <span style=\"color: #d12727;\"><a style=\"color: #d12727;\" href=\"https:\/\/www.csj-emballages.com\/es\/produit\/bandeja-de-plastico-para-patatas-fritas-375ml-a-250\/\">375 ml<\/a><\/span> \/ <span style=\"color: #d12727;\"><a style=\"color: #d12727;\" href=\"https:\/\/www.csj-emballages.com\/es\/produit\/bandeja-de-plastico-para-virutas-750-ml-por-250\/\">700 ml<\/a> <\/span>\/ <span style=\"color: #d12727;\"><a style=\"color: #d12727;\" href=\"https:\/\/www.csj-emballages.com\/es\/produit\/250-bandejas-de-patatas-fritas-charcuteria-1000-ml\/\">1000 ml<\/a> <\/span>\/ <span style=\"color: #d12727;\"><a style=\"color: #d12727;\" href=\"https:\/\/www.csj-emballages.com\/es\/produit\/bandeja-de-plastico-para-patatas-fritas-y-salchichas-1500-ml-por-250\/\">1500 ml<\/a><\/span><\/p>\n<p>&nbsp;<\/p>\n<p><!--more--><\/p>\n<p><a href=\"\/?product_cat=barquette-frites-plastique\">Sehen Sie sich den Rest unseres Sortiments an Pommes frites-Schalen aus Plastik an<\/a><\/p>\n<div style=\"text-align: left;\">\n<div style=\"text-align: left;\">\n<div style=\"text-align: left;\">\n<div style=\"text-align: left;\">\n<div style=\"text-align: left;\">\n<div style=\"text-align: left;\">\n<div style=\"text-align: left;\">\n<div style=\"text-align: left;\">\n<div style=\"text-align: left;\">\n<div style=\"text-align: left;\">\n<div style=\"text-align: center;\">\n<div style=\"text-align: center;\">\n<div style=\"text-align: center;\">\n<div style=\"text-align: center;\">\n<div style=\"text-align: center;\">\n<div style=\"text-align: center;\">\n<div style=\"text-align: center;\">\n<div style=\"text-align: center;\">\n<div style=\"text-align: center;\">\n<div style=\"text-align: center;\"><\/div>\n<\/div>\n<\/div>\n<\/div>\n<\/div>\n<\/div>\n<\/div>\n<\/div>\n<\/div>\n<\/div>\n<\/div>\n<\/div>\n<\/div>\n<\/div>\n<\/div>\n<\/div>\n<\/div>\n<\/div>\n<\/div>\n<\/div>\n","protected":false},"excerpt":{"rendered":"<p>Schale Pommes frites Entdecken Sie unsere Schale Pommes frites Kunststoff 500 ml pro 250<\/p>\n","protected":false},"featured_media":159062,"template":"","meta":{"_acf_changed":false},"product_brand":[],"product_cat":[1137,1134,3944,1474],"product_tag":[],"class_list":{"0":"post-226706","1":"product","2":"type-product","3":"status-publish","4":"has-post-thumbnail","6":"product_cat-lebensmittelverpackungen","7":"product_cat-restauration-de","8":"product_cat-pommes-frites-schalen-aus-kunststoff-caissipack","9":"product_cat-schalen-kartons","11":"first","12":"instock","13":"taxable","14":"shipping-taxable","15":"purchasable","16":"product-type-simple"},"acf":[],"yoast_head":"<!-- This site is optimized with the Yoast SEO Premium plugin v26.6 (Yoast SEO v26.6) - https:\/\/yoast.com\/wordpress\/plugins\/seo\/ -->\n<title>Schale Pommes Frites Plastik 500 ml pro 250<\/title>\n<meta name=\"description\" content=\"Schale Pommes frites aus Kunststoff 500 ml pro 250, praktisch und widerstandsf\u00e4hig. Perfekt f\u00fcr den Verkauf zum Mitnehmen und f\u00fcr warme Portionen.\" \/>\n<meta name=\"robots\" content=\"index, follow, max-snippet:-1, max-image-preview:large, max-video-preview:-1\" \/>\n<link rel=\"canonical\" href=\"https:\/\/www.csj-emballages.com\/de\/produit\/plastikschale-pommes-frites-wurst-500-ml-pro-250\/\" \/>\n<meta property=\"og:locale\" content=\"de_DE\" \/>\n<meta property=\"og:type\" content=\"article\" \/>\n<meta property=\"og:title\" content=\"Schale Pommes frites Kunststoff 500 ml pro 250\" \/>\n<meta property=\"og:description\" content=\"Schale Pommes frites aus Kunststoff 500 ml pro 250, praktisch und widerstandsf\u00e4hig. Perfekt f\u00fcr den Verkauf zum Mitnehmen und f\u00fcr warme Portionen.\" \/>\n<meta property=\"og:url\" content=\"https:\/\/www.csj-emballages.com\/de\/produit\/plastikschale-pommes-frites-wurst-500-ml-pro-250\/\" \/>\n<meta property=\"og:site_name\" content=\"CSJ Emballages\" \/>\n<meta property=\"article:publisher\" content=\"https:\/\/www.facebook.com\/csjemballages\" \/>\n<meta property=\"article:modified_time\" content=\"2026-04-29T00:13:11+00:00\" \/>\n<meta property=\"og:image\" content=\"https:\/\/www.csj-emballages.com\/wp-content\/uploads\/2024\/03\/produit-5-4.png\" \/>\n\t<meta property=\"og:image:width\" content=\"300\" \/>\n\t<meta property=\"og:image:height\" content=\"300\" \/>\n\t<meta property=\"og:image:type\" content=\"image\/png\" \/>\n<meta name=\"twitter:card\" content=\"summary_large_image\" \/>\n<meta name=\"twitter:label1\" content=\"Gesch\u00e4tzte Lesezeit\" \/>\n\t<meta name=\"twitter:data1\" content=\"2 Minuten\" \/>\n<script type=\"application\/ld+json\" class=\"yoast-schema-graph\">{\"@context\":\"https:\/\/schema.org\",\"@graph\":[{\"@type\":\"WebPage\",\"@id\":\"https:\/\/www.csj-emballages.com\/de\/produit\/plastikschale-pommes-frites-wurst-500-ml-pro-250\/\",\"url\":\"https:\/\/www.csj-emballages.com\/de\/produit\/plastikschale-pommes-frites-wurst-500-ml-pro-250\/\",\"name\":\"Schale Pommes Frites Plastik 500 ml pro 250\",\"isPartOf\":{\"@id\":\"https:\/\/www.csj-emballages.com\/de\/#website\"},\"primaryImageOfPage\":{\"@id\":\"https:\/\/www.csj-emballages.com\/de\/produit\/plastikschale-pommes-frites-wurst-500-ml-pro-250\/#primaryimage\"},\"image\":{\"@id\":\"https:\/\/www.csj-emballages.com\/de\/produit\/plastikschale-pommes-frites-wurst-500-ml-pro-250\/#primaryimage\"},\"thumbnailUrl\":\"https:\/\/www.csj-emballages.com\/wp-content\/uploads\/2024\/03\/produit-5-4.png\",\"datePublished\":\"2024-03-01T15:54:55+00:00\",\"dateModified\":\"2026-04-29T00:13:11+00:00\",\"description\":\"Schale Pommes frites aus Kunststoff 500 ml pro 250, praktisch und widerstandsf\u00e4hig. Perfekt f\u00fcr den Verkauf zum Mitnehmen und f\u00fcr warme Portionen.\",\"breadcrumb\":{\"@id\":\"https:\/\/www.csj-emballages.com\/de\/produit\/plastikschale-pommes-frites-wurst-500-ml-pro-250\/#breadcrumb\"},\"inLanguage\":\"de\",\"potentialAction\":[{\"@type\":\"ReadAction\",\"target\":[\"https:\/\/www.csj-emballages.com\/de\/produit\/plastikschale-pommes-frites-wurst-500-ml-pro-250\/\"]}]},{\"@type\":\"ImageObject\",\"inLanguage\":\"de\",\"@id\":\"https:\/\/www.csj-emballages.com\/de\/produit\/plastikschale-pommes-frites-wurst-500-ml-pro-250\/#primaryimage\",\"url\":\"https:\/\/www.csj-emballages.com\/wp-content\/uploads\/2024\/03\/produit-5-4.png\",\"contentUrl\":\"https:\/\/www.csj-emballages.com\/wp-content\/uploads\/2024\/03\/produit-5-4.png\",\"width\":300,\"height\":300,\"caption\":\"Barquette plastique\"},{\"@type\":\"BreadcrumbList\",\"@id\":\"https:\/\/www.csj-emballages.com\/de\/produit\/plastikschale-pommes-frites-wurst-500-ml-pro-250\/#breadcrumb\",\"itemListElement\":[{\"@type\":\"ListItem\",\"position\":1,\"name\":\"Accueil\",\"item\":\"https:\/\/www.csj-emballages.com\/de\/universum-lebensmittelverpackungen\/\"},{\"@type\":\"ListItem\",\"position\":2,\"name\":\"Shop\",\"item\":\"https:\/\/www.csj-emballages.com\/shop\/\"},{\"@type\":\"ListItem\",\"position\":3,\"name\":\"Schale Pommes frites Kunststoff 500 ml pro 250\"}]},{\"@type\":\"WebSite\",\"@id\":\"https:\/\/www.csj-emballages.com\/de\/#website\",\"url\":\"https:\/\/www.csj-emballages.com\/de\/\",\"name\":\"CSJ Emballages\",\"description\":\"\",\"publisher\":{\"@id\":\"https:\/\/www.csj-emballages.com\/de\/#organization\"},\"potentialAction\":[{\"@type\":\"SearchAction\",\"target\":{\"@type\":\"EntryPoint\",\"urlTemplate\":\"https:\/\/www.csj-emballages.com\/de\/?s={search_term_string}\"},\"query-input\":{\"@type\":\"PropertyValueSpecification\",\"valueRequired\":true,\"valueName\":\"search_term_string\"}}],\"inLanguage\":\"de\"},{\"@type\":\"Organization\",\"@id\":\"https:\/\/www.csj-emballages.com\/de\/#Organization\/\",\"name\":\"CSJ Emballages\",\"url\":\"https:\/\/www.csj-emballages.com\/de\/\",\"logo\":{\"@type\":\"ImageObject\",\"inLanguage\":\"de\",\"@id\":\"https:\/\/www.csj-emballages.com\/de\/#\/schema\/logo\/image\/\",\"url\":\"https:\/\/www.csj-emballages.com\/wp-content\/uploads\/2023\/10\/logo_csj.webp\",\"contentUrl\":\"https:\/\/www.csj-emballages.com\/wp-content\/uploads\/2023\/10\/logo_csj.webp\",\"width\":250,\"height\":95,\"caption\":\"CSJ Emballages\"},\"image\":{\"@id\":\"https:\/\/www.csj-emballages.com\/de\/#\/schema\/logo\/image\/\"},\"sameAs\":[\"https:\/\/www.facebook.com\/csjemballages\"],\"address\":{\"@type\":\"PostalAddress\",\"streetAddress\":\"ZI La Lechere\",\"addressLocality\":\"Patornay\",\"postalCode\":\"39130\",\"addressCountry\":\"FR\"},\"contactPoint\":[{\"@type\":\"ContactPoint\",\"contactType\":\"Service client\",\"telephone\":\"0384254272\",\"email\":\"contact@csj-emballages.com\"}]}]}<\/script>\n<!-- \/ Yoast SEO Premium plugin. -->","yoast_head_json":{"title":"Schale Pommes Frites Plastik 500 ml pro 250","description":"Schale Pommes frites aus Kunststoff 500 ml pro 250, praktisch und widerstandsf\u00e4hig. Perfekt f\u00fcr den Verkauf zum Mitnehmen und f\u00fcr warme Portionen.","robots":{"index":"index","follow":"follow","max-snippet":"max-snippet:-1","max-image-preview":"max-image-preview:large","max-video-preview":"max-video-preview:-1"},"canonical":"https:\/\/www.csj-emballages.com\/de\/produit\/plastikschale-pommes-frites-wurst-500-ml-pro-250\/","og_locale":"de_DE","og_type":"article","og_title":"Schale Pommes frites Kunststoff 500 ml pro 250","og_description":"Schale Pommes frites aus Kunststoff 500 ml pro 250, praktisch und widerstandsf\u00e4hig. Perfekt f\u00fcr den Verkauf zum Mitnehmen und f\u00fcr warme Portionen.","og_url":"https:\/\/www.csj-emballages.com\/de\/produit\/plastikschale-pommes-frites-wurst-500-ml-pro-250\/","og_site_name":"CSJ Emballages","article_publisher":"https:\/\/www.facebook.com\/csjemballages","article_modified_time":"2026-04-29T00:13:11+00:00","og_image":[{"width":300,"height":300,"url":"https:\/\/www.csj-emballages.com\/wp-content\/uploads\/2024\/03\/produit-5-4.png","type":"image\/png"}],"twitter_card":"summary_large_image","twitter_misc":{"Gesch\u00e4tzte Lesezeit":"2 Minuten"},"schema":{"@context":"https:\/\/schema.org","@graph":[{"@type":"WebPage","@id":"https:\/\/www.csj-emballages.com\/de\/produit\/plastikschale-pommes-frites-wurst-500-ml-pro-250\/","url":"https:\/\/www.csj-emballages.com\/de\/produit\/plastikschale-pommes-frites-wurst-500-ml-pro-250\/","name":"Schale Pommes Frites Plastik 500 ml pro 250","isPartOf":{"@id":"https:\/\/www.csj-emballages.com\/de\/#website"},"primaryImageOfPage":{"@id":"https:\/\/www.csj-emballages.com\/de\/produit\/plastikschale-pommes-frites-wurst-500-ml-pro-250\/#primaryimage"},"image":{"@id":"https:\/\/www.csj-emballages.com\/de\/produit\/plastikschale-pommes-frites-wurst-500-ml-pro-250\/#primaryimage"},"thumbnailUrl":"https:\/\/www.csj-emballages.com\/wp-content\/uploads\/2024\/03\/produit-5-4.png","datePublished":"2024-03-01T15:54:55+00:00","dateModified":"2026-04-29T00:13:11+00:00","description":"Schale Pommes frites aus Kunststoff 500 ml pro 250, praktisch und widerstandsf\u00e4hig. Perfekt f\u00fcr den Verkauf zum Mitnehmen und f\u00fcr warme Portionen.","breadcrumb":{"@id":"https:\/\/www.csj-emballages.com\/de\/produit\/plastikschale-pommes-frites-wurst-500-ml-pro-250\/#breadcrumb"},"inLanguage":"de","potentialAction":[{"@type":"ReadAction","target":["https:\/\/www.csj-emballages.com\/de\/produit\/plastikschale-pommes-frites-wurst-500-ml-pro-250\/"]}]},{"@type":"ImageObject","inLanguage":"de","@id":"https:\/\/www.csj-emballages.com\/de\/produit\/plastikschale-pommes-frites-wurst-500-ml-pro-250\/#primaryimage","url":"https:\/\/www.csj-emballages.com\/wp-content\/uploads\/2024\/03\/produit-5-4.png","contentUrl":"https:\/\/www.csj-emballages.com\/wp-content\/uploads\/2024\/03\/produit-5-4.png","width":300,"height":300,"caption":"Barquette plastique"},{"@type":"BreadcrumbList","@id":"https:\/\/www.csj-emballages.com\/de\/produit\/plastikschale-pommes-frites-wurst-500-ml-pro-250\/#breadcrumb","itemListElement":[{"@type":"ListItem","position":1,"name":"Accueil","item":"https:\/\/www.csj-emballages.com\/de\/universum-lebensmittelverpackungen\/"},{"@type":"ListItem","position":2,"name":"Shop","item":"https:\/\/www.csj-emballages.com\/shop\/"},{"@type":"ListItem","position":3,"name":"Schale Pommes frites Kunststoff 500 ml pro 250"}]},{"@type":"WebSite","@id":"https:\/\/www.csj-emballages.com\/de\/#website","url":"https:\/\/www.csj-emballages.com\/de\/","name":"CSJ Emballages","description":"","publisher":{"@id":"https:\/\/www.csj-emballages.com\/de\/#organization"},"potentialAction":[{"@type":"SearchAction","target":{"@type":"EntryPoint","urlTemplate":"https:\/\/www.csj-emballages.com\/de\/?s={search_term_string}"},"query-input":{"@type":"PropertyValueSpecification","valueRequired":true,"valueName":"search_term_string"}}],"inLanguage":"de"},{"@type":"Organization","@id":"https:\/\/www.csj-emballages.com\/de\/#Organization\/","name":"CSJ Emballages","url":"https:\/\/www.csj-emballages.com\/de\/","logo":{"@type":"ImageObject","inLanguage":"de","@id":"https:\/\/www.csj-emballages.com\/de\/#\/schema\/logo\/image\/","url":"https:\/\/www.csj-emballages.com\/wp-content\/uploads\/2023\/10\/logo_csj.webp","contentUrl":"https:\/\/www.csj-emballages.com\/wp-content\/uploads\/2023\/10\/logo_csj.webp","width":250,"height":95,"caption":"CSJ Emballages"},"image":{"@id":"https:\/\/www.csj-emballages.com\/de\/#\/schema\/logo\/image\/"},"sameAs":["https:\/\/www.facebook.com\/csjemballages"],"address":{"@type":"PostalAddress","streetAddress":"ZI La Lechere","addressLocality":"Patornay","postalCode":"39130","addressCountry":"FR"},"contactPoint":[{"@type":"ContactPoint","contactType":"Service client","telephone":"0384254272","email":"contact@csj-emballages.com"}]}]}},"df_price":13,"df_sale_price":"","df_regular_price":13,"df_image_link":"https:\/\/www.csj-emballages.com\/wp-content\/uploads\/2024\/03\/produit-5-4.png","tiered_pricing_type":"fixed","tiered_pricing_fixed_rules":[],"tiered_pricing_percentage_rules":[],"tiered_pricing_minimum":1,"tiered_pricing_roles_data":[],"_links":{"self":[{"href":"https:\/\/www.csj-emballages.com\/de\/wp-json\/wp\/v2\/product\/226706","targetHints":{"allow":["GET"]}}],"collection":[{"href":"https:\/\/www.csj-emballages.com\/de\/wp-json\/wp\/v2\/product"}],"about":[{"href":"https:\/\/www.csj-emballages.com\/de\/wp-json\/wp\/v2\/types\/product"}],"wp:featuredmedia":[{"embeddable":true,"href":"https:\/\/www.csj-emballages.com\/de\/wp-json\/wp\/v2\/media\/159062"}],"wp:attachment":[{"href":"https:\/\/www.csj-emballages.com\/de\/wp-json\/wp\/v2\/media?parent=226706"}],"wp:term":[{"taxonomy":"product_brand","embeddable":true,"href":"https:\/\/www.csj-emballages.com\/de\/wp-json\/wp\/v2\/product_brand?post=226706"},{"taxonomy":"product_cat","embeddable":true,"href":"https:\/\/www.csj-emballages.com\/de\/wp-json\/wp\/v2\/product_cat?post=226706"},{"taxonomy":"product_tag","embeddable":true,"href":"https:\/\/www.csj-emballages.com\/de\/wp-json\/wp\/v2\/product_tag?post=226706"}],"curies":[{"name":"wp","href":"https:\/\/api.w.org\/{rel}","templated":true}]}}