{"id":226693,"date":"2024-03-01T16:54:55","date_gmt":"2024-03-01T15:54:55","guid":{"rendered":"https:\/\/www.csj-emballages.com\/produit\/schale-pommes-frites-aus-karton-400-ml-pro-50\/"},"modified":"2026-05-01T02:11:44","modified_gmt":"2026-05-01T00:11:44","slug":"schale-pommes-frites-aus-karton-400-ml-pro-50","status":"publish","type":"product","link":"https:\/\/www.csj-emballages.com\/de\/produit\/schale-pommes-frites-aus-karton-400-ml-pro-50\/","title":{"rendered":"Schale Pommes frites aus Karton 400 ml pro 50"},"content":{"rendered":"<h2 class=\"p1\">Schale Pommes frites aus Karton<\/h2>\n<hr>\n<h3>Beschreibung unserer Schale Pommes frites aus Karton 400 ml pro 50 St\u00fcck<\/h3>\n<p><!--more--><\/p>\n<p class=\"\" data-start=\"292\" data-end=\"616\">Diese robuste und praktische <strong>Schale aus Kraftkarton<\/strong> mit einem Fassungsverm\u00f6gen von <strong>400 ml<\/strong> ist ideal zum Servieren von Pommes frites, Nuggets, Aperitifh\u00e4ppchen oder sogar kleinen Gerichten zum Mitnehmen. Sie wird im Set von <strong>50<\/strong> St\u00fcck verkauft und bietet einen hervorragenden Kompromiss zwischen Zweckm\u00e4\u00dfigkeit, Hygiene und Pr\u00e4sentation. Die <strong>Kartonschale<\/strong> wurde f\u00fcr <strong data-start=\"630\" data-end=\"662\">hei\u00dfe Speisen<\/strong> konzipiert und weicht nicht auf, wenn sie mit Hitze oder Feuchtigkeit in Ber\u00fchrung kommt. Sie bleibt auch bei fettigen <strong>Pommes frites<\/strong> oder So\u00dfen in Form. Sie besteht aus dickem, lebensmittelechtem Karton, ist <strong data-start=\"883\" data-end=\"897\">umweltfreundlich<\/strong> und <strong data-start=\"901\" data-end=\"927\">vollst\u00e4ndig recycelbar<\/strong> und somit eine verantwortungsbewusstere Alternative zu herk\u00f6mmlichen Plastikbeh\u00e4ltern.    <\/p>\n<p class=\"\" data-start=\"1020\" data-end=\"1377\">Ob Sie nun ein <strong data-start=\"1038\" data-end=\"1061\">Schnellrestaurant<\/strong>, ein <strong data-start=\"1066\" data-end=\"1080\">Foodtruck<\/strong>, ein <strong data-start=\"1085\" data-end=\"1110\">Event-Caterer<\/strong> oder sogar eine Privatperson sind, die eine Party veranstaltet, diese Schale garantiert Ihnen einen gepflegten Service, einen guten Griff und eine echte Alltagstauglichkeit. Ihr Format ist perfekt geeignet, um sie flach auf den Tisch zu stellen oder in der Hand zu halten, um sie unterwegs zu verzehren. <\/p>\n<p class=\"\" data-start=\"1379\" data-end=\"1497\">Diese <strong>Frittierschale<\/strong> wird in Packungen zu <strong>50<\/strong> St\u00fcck verkauft und erm\u00f6glicht es Ihnen, Ihren Bedarf an Beh\u00e4ltern einfach zu verwalten, ohne die Lagerhaltung zu \u00fcberlasten.<\/p>\n<p class=\"\" data-start=\"1499\" data-end=\"1594\">Ein Muss f\u00fcr alle, die <strong data-start=\"1551\" data-end=\"1593\">Effizienz, Einfachheit und Pr\u00e4sentation<\/strong> miteinander verbinden wollen.<\/p>\n<p data-start=\"1499\" data-end=\"1594\">\n<p data-start=\"100\" data-end=\"556\"><!--more--><\/p>\n<h4 data-start=\"100\" data-end=\"556\">Ihre Vorteile :<\/h4>\n<ul>\n<li data-start=\"678\" data-end=\"771\">Umweltfreundliches <strong data-start=\"680\" data-end=\"703\">Material<\/strong>: Hergestellt aus umweltfreundlichem, recycelbarem Karton.<\/li>\n<li data-start=\"772\" data-end=\"865\"><strong data-start=\"774\" data-end=\"798\">Fest und widerstandsf\u00e4hig<\/strong>: Wird nicht durch Hitze oder Feuchtigkeit von Lebensmitteln weich.<\/li>\n<li data-start=\"866\" data-end=\"963\"><strong data-start=\"868\" data-end=\"905\">Praktisch f\u00fcr den Verkauf zum Mitnehmen<\/strong>: Geeignet f\u00fcr professionelle Schnellrestaurants.<\/li>\n<li data-start=\"964\" data-end=\"1046\" data-is-only-node=\"\"><strong data-start=\"966\" data-end=\"986\">Ansprechendes Design<\/strong>: Sorgf\u00e4ltige Pr\u00e4sentation, damit die Gerichte gut zur Geltung kommen.<\/li>\n<\/ul>\n<p>&nbsp;<\/p>\n<p><!--more--><\/p>\n<h4 data-start=\"558\" data-end=\"575\">Weitere Informationen :<\/h4>\n<ul>\n<li><strong>Verpackung<\/strong>: Packung mit 50 St\u00fcck<\/li>\n<li><strong>Untere Abmessungen<\/strong>: 11 x 7,5 cm<\/li>\n<li><strong>Obere Abmessungen<\/strong>: 16,7 x 12,5 cm<\/li>\n<li><b>H\u00f6he <\/b>: 3,7 cm<\/li>\n<li><strong>Volumen<\/strong>: 400 ml<\/li>\n<li><strong>Material<\/strong>: Karton<\/li>\n<li><strong>Farbe<\/strong>: Braun<\/li>\n<\/ul>\n<p>&nbsp;<\/p>\n<p><!--more--><\/p>\n<p>Diese Frittierschale ist in verschiedenen Gr\u00f6\u00dfen erh\u00e4ltlich : <span style=\"color: #d12727;\"><a style=\"color: #d12727;\" href=\"https:\/\/www.csj-emballages.com\/de\/produit\/schale-pommes-frites-aus-karton-250-ml-pro-200\/\">250 ml<\/a><\/span> \/ <span style=\"color: #d12727;\"><a style=\"color: #d12727;\" href=\"https:\/\/www.csj-emballages.com\/produit\/100-barquette-frite-carton-300-ml-restauration-emporter\/\">300 ml<\/a><\/span> \/ <span style=\"color: #d12727;\"><a style=\"color: #d12727;\" href=\"https:\/\/www.csj-emballages.com\/produit\/barquette-frite-carton-520-ml-2-compartiments-par-100\/\">520 ml<\/a><\/span> \/ <span style=\"color: #d12727;\"><a style=\"color: #d12727;\" href=\"https:\/\/www.csj-emballages.com\/de\/produit\/schale-pommes-frites-aus-karton-680-ml-pro-100\/\">680 ml<\/a><\/span> \/ <span style=\"color: #d12727;\"><a style=\"color: #d12727;\" href=\"https:\/\/www.csj-emballages.com\/de\/produit\/50-schalen-pommes-frites-karton-1000-ml\/\">1000 ml <\/a><\/span> <\/p>\n<p>&nbsp;<\/p>\n<p><!--more--><\/p>\n<p><a href=\"https:\/\/www.csj-emballages.com\/de\/categorie-produit\/lebensmittelverpackungen\/restauration-de\/dosen-schalen-beutel-konen\/schalen-kartons\/pommes-frites-schalen-aus-karton\/\">Sehen Sie sich den Rest unseres Sortiments an Pommes frites-Schalen aus Karton an.<\/a><\/p>\n","protected":false},"excerpt":{"rendered":"<p>Schale Pommes frites aus Karton Beschreibung unserer Schale Pommes frites aus Karton 400 ml pro 50 St\u00fcck<\/p>\n","protected":false},"featured_media":159133,"template":"","meta":{"_acf_changed":false},"product_brand":[],"product_cat":[1137,1134,1474,3945],"product_tag":[],"class_list":{"0":"post-226693","1":"product","2":"type-product","3":"status-publish","4":"has-post-thumbnail","6":"product_cat-lebensmittelverpackungen","7":"product_cat-restauration-de","8":"product_cat-schalen-kartons","9":"product_cat-pommes-frites-schalen-aus-karton","11":"first","12":"instock","13":"taxable","14":"shipping-taxable","15":"purchasable","16":"product-type-simple"},"acf":[],"yoast_head":"<!-- This site is optimized with the Yoast SEO Premium plugin v26.6 (Yoast SEO v26.6) - https:\/\/yoast.com\/wordpress\/plugins\/seo\/ -->\n<title>Schale Pommes frites Kraftkarton 400 ml<\/title>\n<meta name=\"description\" content=\"Kaufen Sie jetzt unsere Schale Pommes Frites in 400 ml! Diese Schale ist ideal zum Mitnehmen, vielseitig einsetzbar, praktisch und umweltfreundlich.\" \/>\n<meta name=\"robots\" content=\"index, follow, max-snippet:-1, max-image-preview:large, max-video-preview:-1\" \/>\n<link rel=\"canonical\" href=\"https:\/\/www.csj-emballages.com\/de\/produit\/schale-pommes-frites-aus-karton-400-ml-pro-50\/\" \/>\n<meta property=\"og:locale\" content=\"de_DE\" \/>\n<meta property=\"og:type\" content=\"article\" \/>\n<meta property=\"og:title\" content=\"Schale Pommes frites aus Karton 400 ml pro 50\" \/>\n<meta property=\"og:description\" content=\"Kaufen Sie jetzt unsere Schale Pommes Frites in 400 ml! Diese Schale ist ideal zum Mitnehmen, vielseitig einsetzbar, praktisch und umweltfreundlich.\" \/>\n<meta property=\"og:url\" content=\"https:\/\/www.csj-emballages.com\/de\/produit\/schale-pommes-frites-aus-karton-400-ml-pro-50\/\" \/>\n<meta property=\"og:site_name\" content=\"CSJ Emballages\" \/>\n<meta property=\"article:publisher\" content=\"https:\/\/www.facebook.com\/csjemballages\" \/>\n<meta property=\"article:modified_time\" content=\"2026-05-01T00:11:44+00:00\" \/>\n<meta property=\"og:image\" content=\"https:\/\/www.csj-emballages.com\/wp-content\/uploads\/2024\/03\/produit-8.png\" \/>\n\t<meta property=\"og:image:width\" content=\"300\" \/>\n\t<meta property=\"og:image:height\" content=\"300\" \/>\n\t<meta property=\"og:image:type\" content=\"image\/png\" \/>\n<meta name=\"twitter:card\" content=\"summary_large_image\" \/>\n<meta name=\"twitter:label1\" content=\"Gesch\u00e4tzte Lesezeit\" \/>\n\t<meta name=\"twitter:data1\" content=\"2 Minuten\" \/>\n<script type=\"application\/ld+json\" class=\"yoast-schema-graph\">{\"@context\":\"https:\/\/schema.org\",\"@graph\":[{\"@type\":\"WebPage\",\"@id\":\"https:\/\/www.csj-emballages.com\/de\/produit\/schale-pommes-frites-aus-karton-400-ml-pro-50\/\",\"url\":\"https:\/\/www.csj-emballages.com\/de\/produit\/schale-pommes-frites-aus-karton-400-ml-pro-50\/\",\"name\":\"Schale Pommes frites Kraftkarton 400 ml\",\"isPartOf\":{\"@id\":\"https:\/\/www.csj-emballages.com\/de\/#website\"},\"primaryImageOfPage\":{\"@id\":\"https:\/\/www.csj-emballages.com\/de\/produit\/schale-pommes-frites-aus-karton-400-ml-pro-50\/#primaryimage\"},\"image\":{\"@id\":\"https:\/\/www.csj-emballages.com\/de\/produit\/schale-pommes-frites-aus-karton-400-ml-pro-50\/#primaryimage\"},\"thumbnailUrl\":\"https:\/\/www.csj-emballages.com\/wp-content\/uploads\/2024\/03\/produit-8.png\",\"datePublished\":\"2024-03-01T15:54:55+00:00\",\"dateModified\":\"2026-05-01T00:11:44+00:00\",\"description\":\"Kaufen Sie jetzt unsere Schale Pommes Frites in 400 ml! Diese Schale ist ideal zum Mitnehmen, vielseitig einsetzbar, praktisch und umweltfreundlich.\",\"breadcrumb\":{\"@id\":\"https:\/\/www.csj-emballages.com\/de\/produit\/schale-pommes-frites-aus-karton-400-ml-pro-50\/#breadcrumb\"},\"inLanguage\":\"de\",\"potentialAction\":[{\"@type\":\"ReadAction\",\"target\":[\"https:\/\/www.csj-emballages.com\/de\/produit\/schale-pommes-frites-aus-karton-400-ml-pro-50\/\"]}]},{\"@type\":\"ImageObject\",\"inLanguage\":\"de\",\"@id\":\"https:\/\/www.csj-emballages.com\/de\/produit\/schale-pommes-frites-aus-karton-400-ml-pro-50\/#primaryimage\",\"url\":\"https:\/\/www.csj-emballages.com\/wp-content\/uploads\/2024\/03\/produit-8.png\",\"contentUrl\":\"https:\/\/www.csj-emballages.com\/wp-content\/uploads\/2024\/03\/produit-8.png\",\"width\":300,\"height\":300,\"caption\":\"barquette frite\"},{\"@type\":\"BreadcrumbList\",\"@id\":\"https:\/\/www.csj-emballages.com\/de\/produit\/schale-pommes-frites-aus-karton-400-ml-pro-50\/#breadcrumb\",\"itemListElement\":[{\"@type\":\"ListItem\",\"position\":1,\"name\":\"Accueil\",\"item\":\"https:\/\/www.csj-emballages.com\/de\/universum-lebensmittelverpackungen\/\"},{\"@type\":\"ListItem\",\"position\":2,\"name\":\"Shop\",\"item\":\"https:\/\/www.csj-emballages.com\/shop\/\"},{\"@type\":\"ListItem\",\"position\":3,\"name\":\"Schale Pommes frites aus Karton 400 ml pro 50\"}]},{\"@type\":\"WebSite\",\"@id\":\"https:\/\/www.csj-emballages.com\/de\/#website\",\"url\":\"https:\/\/www.csj-emballages.com\/de\/\",\"name\":\"CSJ Emballages\",\"description\":\"\",\"publisher\":{\"@id\":\"https:\/\/www.csj-emballages.com\/de\/#organization\"},\"potentialAction\":[{\"@type\":\"SearchAction\",\"target\":{\"@type\":\"EntryPoint\",\"urlTemplate\":\"https:\/\/www.csj-emballages.com\/de\/?s={search_term_string}\"},\"query-input\":{\"@type\":\"PropertyValueSpecification\",\"valueRequired\":true,\"valueName\":\"search_term_string\"}}],\"inLanguage\":\"de\"},{\"@type\":\"Organization\",\"@id\":\"https:\/\/www.csj-emballages.com\/de\/#Organization\/\",\"name\":\"CSJ Emballages\",\"url\":\"https:\/\/www.csj-emballages.com\/de\/\",\"logo\":{\"@type\":\"ImageObject\",\"inLanguage\":\"de\",\"@id\":\"https:\/\/www.csj-emballages.com\/de\/#\/schema\/logo\/image\/\",\"url\":\"https:\/\/www.csj-emballages.com\/wp-content\/uploads\/2023\/10\/logo_csj.webp\",\"contentUrl\":\"https:\/\/www.csj-emballages.com\/wp-content\/uploads\/2023\/10\/logo_csj.webp\",\"width\":250,\"height\":95,\"caption\":\"CSJ Emballages\"},\"image\":{\"@id\":\"https:\/\/www.csj-emballages.com\/de\/#\/schema\/logo\/image\/\"},\"sameAs\":[\"https:\/\/www.facebook.com\/csjemballages\"],\"address\":{\"@type\":\"PostalAddress\",\"streetAddress\":\"ZI La Lechere\",\"addressLocality\":\"Patornay\",\"postalCode\":\"39130\",\"addressCountry\":\"FR\"},\"contactPoint\":[{\"@type\":\"ContactPoint\",\"contactType\":\"Service client\",\"telephone\":\"0384254272\",\"email\":\"contact@csj-emballages.com\"}]}]}<\/script>\n<!-- \/ Yoast SEO Premium plugin. -->","yoast_head_json":{"title":"Schale Pommes frites Kraftkarton 400 ml","description":"Kaufen Sie jetzt unsere Schale Pommes Frites in 400 ml! Diese Schale ist ideal zum Mitnehmen, vielseitig einsetzbar, praktisch und umweltfreundlich.","robots":{"index":"index","follow":"follow","max-snippet":"max-snippet:-1","max-image-preview":"max-image-preview:large","max-video-preview":"max-video-preview:-1"},"canonical":"https:\/\/www.csj-emballages.com\/de\/produit\/schale-pommes-frites-aus-karton-400-ml-pro-50\/","og_locale":"de_DE","og_type":"article","og_title":"Schale Pommes frites aus Karton 400 ml pro 50","og_description":"Kaufen Sie jetzt unsere Schale Pommes Frites in 400 ml! Diese Schale ist ideal zum Mitnehmen, vielseitig einsetzbar, praktisch und umweltfreundlich.","og_url":"https:\/\/www.csj-emballages.com\/de\/produit\/schale-pommes-frites-aus-karton-400-ml-pro-50\/","og_site_name":"CSJ Emballages","article_publisher":"https:\/\/www.facebook.com\/csjemballages","article_modified_time":"2026-05-01T00:11:44+00:00","og_image":[{"width":300,"height":300,"url":"https:\/\/www.csj-emballages.com\/wp-content\/uploads\/2024\/03\/produit-8.png","type":"image\/png"}],"twitter_card":"summary_large_image","twitter_misc":{"Gesch\u00e4tzte Lesezeit":"2 Minuten"},"schema":{"@context":"https:\/\/schema.org","@graph":[{"@type":"WebPage","@id":"https:\/\/www.csj-emballages.com\/de\/produit\/schale-pommes-frites-aus-karton-400-ml-pro-50\/","url":"https:\/\/www.csj-emballages.com\/de\/produit\/schale-pommes-frites-aus-karton-400-ml-pro-50\/","name":"Schale Pommes frites Kraftkarton 400 ml","isPartOf":{"@id":"https:\/\/www.csj-emballages.com\/de\/#website"},"primaryImageOfPage":{"@id":"https:\/\/www.csj-emballages.com\/de\/produit\/schale-pommes-frites-aus-karton-400-ml-pro-50\/#primaryimage"},"image":{"@id":"https:\/\/www.csj-emballages.com\/de\/produit\/schale-pommes-frites-aus-karton-400-ml-pro-50\/#primaryimage"},"thumbnailUrl":"https:\/\/www.csj-emballages.com\/wp-content\/uploads\/2024\/03\/produit-8.png","datePublished":"2024-03-01T15:54:55+00:00","dateModified":"2026-05-01T00:11:44+00:00","description":"Kaufen Sie jetzt unsere Schale Pommes Frites in 400 ml! Diese Schale ist ideal zum Mitnehmen, vielseitig einsetzbar, praktisch und umweltfreundlich.","breadcrumb":{"@id":"https:\/\/www.csj-emballages.com\/de\/produit\/schale-pommes-frites-aus-karton-400-ml-pro-50\/#breadcrumb"},"inLanguage":"de","potentialAction":[{"@type":"ReadAction","target":["https:\/\/www.csj-emballages.com\/de\/produit\/schale-pommes-frites-aus-karton-400-ml-pro-50\/"]}]},{"@type":"ImageObject","inLanguage":"de","@id":"https:\/\/www.csj-emballages.com\/de\/produit\/schale-pommes-frites-aus-karton-400-ml-pro-50\/#primaryimage","url":"https:\/\/www.csj-emballages.com\/wp-content\/uploads\/2024\/03\/produit-8.png","contentUrl":"https:\/\/www.csj-emballages.com\/wp-content\/uploads\/2024\/03\/produit-8.png","width":300,"height":300,"caption":"barquette frite"},{"@type":"BreadcrumbList","@id":"https:\/\/www.csj-emballages.com\/de\/produit\/schale-pommes-frites-aus-karton-400-ml-pro-50\/#breadcrumb","itemListElement":[{"@type":"ListItem","position":1,"name":"Accueil","item":"https:\/\/www.csj-emballages.com\/de\/universum-lebensmittelverpackungen\/"},{"@type":"ListItem","position":2,"name":"Shop","item":"https:\/\/www.csj-emballages.com\/shop\/"},{"@type":"ListItem","position":3,"name":"Schale Pommes frites aus Karton 400 ml pro 50"}]},{"@type":"WebSite","@id":"https:\/\/www.csj-emballages.com\/de\/#website","url":"https:\/\/www.csj-emballages.com\/de\/","name":"CSJ Emballages","description":"","publisher":{"@id":"https:\/\/www.csj-emballages.com\/de\/#organization"},"potentialAction":[{"@type":"SearchAction","target":{"@type":"EntryPoint","urlTemplate":"https:\/\/www.csj-emballages.com\/de\/?s={search_term_string}"},"query-input":{"@type":"PropertyValueSpecification","valueRequired":true,"valueName":"search_term_string"}}],"inLanguage":"de"},{"@type":"Organization","@id":"https:\/\/www.csj-emballages.com\/de\/#Organization\/","name":"CSJ Emballages","url":"https:\/\/www.csj-emballages.com\/de\/","logo":{"@type":"ImageObject","inLanguage":"de","@id":"https:\/\/www.csj-emballages.com\/de\/#\/schema\/logo\/image\/","url":"https:\/\/www.csj-emballages.com\/wp-content\/uploads\/2023\/10\/logo_csj.webp","contentUrl":"https:\/\/www.csj-emballages.com\/wp-content\/uploads\/2023\/10\/logo_csj.webp","width":250,"height":95,"caption":"CSJ Emballages"},"image":{"@id":"https:\/\/www.csj-emballages.com\/de\/#\/schema\/logo\/image\/"},"sameAs":["https:\/\/www.facebook.com\/csjemballages"],"address":{"@type":"PostalAddress","streetAddress":"ZI La Lechere","addressLocality":"Patornay","postalCode":"39130","addressCountry":"FR"},"contactPoint":[{"@type":"ContactPoint","contactType":"Service client","telephone":"0384254272","email":"contact@csj-emballages.com"}]}]}},"df_price":2.99,"df_sale_price":"","df_regular_price":2.99,"df_image_link":"https:\/\/www.csj-emballages.com\/wp-content\/uploads\/2024\/03\/produit-8.png","tiered_pricing_type":"fixed","tiered_pricing_fixed_rules":[],"tiered_pricing_percentage_rules":[],"tiered_pricing_minimum":1,"tiered_pricing_roles_data":[],"_links":{"self":[{"href":"https:\/\/www.csj-emballages.com\/de\/wp-json\/wp\/v2\/product\/226693","targetHints":{"allow":["GET"]}}],"collection":[{"href":"https:\/\/www.csj-emballages.com\/de\/wp-json\/wp\/v2\/product"}],"about":[{"href":"https:\/\/www.csj-emballages.com\/de\/wp-json\/wp\/v2\/types\/product"}],"wp:featuredmedia":[{"embeddable":true,"href":"https:\/\/www.csj-emballages.com\/de\/wp-json\/wp\/v2\/media\/159133"}],"wp:attachment":[{"href":"https:\/\/www.csj-emballages.com\/de\/wp-json\/wp\/v2\/media?parent=226693"}],"wp:term":[{"taxonomy":"product_brand","embeddable":true,"href":"https:\/\/www.csj-emballages.com\/de\/wp-json\/wp\/v2\/product_brand?post=226693"},{"taxonomy":"product_cat","embeddable":true,"href":"https:\/\/www.csj-emballages.com\/de\/wp-json\/wp\/v2\/product_cat?post=226693"},{"taxonomy":"product_tag","embeddable":true,"href":"https:\/\/www.csj-emballages.com\/de\/wp-json\/wp\/v2\/product_tag?post=226693"}],"curies":[{"name":"wp","href":"https:\/\/api.w.org\/{rel}","templated":true}]}}