{"id":226683,"date":"2024-03-01T16:54:54","date_gmt":"2024-03-01T15:54:54","guid":{"rendered":"https:\/\/www.csj-emballages.com\/produit\/100-weisse-akkordeon-harlotten-48-cm-o-nicht-gewebt\/"},"modified":"2026-05-01T02:11:47","modified_gmt":"2026-05-01T00:11:47","slug":"100-weisse-akkordeon-harlotten-48-cm-o-nicht-gewebt","status":"publish","type":"product","link":"https:\/\/www.csj-emballages.com\/de\/produit\/100-weisse-akkordeon-harlotten-48-cm-o-nicht-gewebt\/","title":{"rendered":"Wei\u00dfe Falthaube, 48 cm \u00d8, Vlies, 100 St\u00fcck"},"content":{"rendered":"<h2>Wei\u00dfe Falthaube<\/h2>\n<hr>\n<h3>Entdecken Sie unsere wei\u00dfe Falthaube, 48 cm \u00d8, Vlies, im 100er-Pack.<\/h3>\n<p><!--more--><\/p>\n<p data-start=\"289\" data-end=\"619\">Diskret, praktisch und angenehm zu tragen, ist diese <strong data-start=\"336\" data-end=\"373\">wei\u00dfe Falthaube, \u00d8 48 cm<\/strong>, ideal f\u00fcr alle Umgebungen, in denen Hygiene unerl\u00e4sslich ist. Sobald sie aufgesetzt ist, ist sie kaum sp\u00fcrbar. Ihr <strong>Akkordeon-Format<\/strong> passt sich leicht dem Kopf an, ohne zu dr\u00fccken, was ein komfortables Arbeiten auch \u00fcber mehrere Stunden hinweg erm\u00f6glicht.  <\/p>\n<p data-start=\"621\" data-end=\"994\">Hergestellt aus <strong data-start=\"634\" data-end=\"656\">Vliesstoff<\/strong>, l\u00e4sst sie die <strong>Kopfhaut atmen<\/strong> und bietet gleichzeitig effektiven Schutz vor herabfallenden Haaren. Dank ihres <strong>flexiblen Gummibands<\/strong> passt sie sich verschiedenen Kopfformen an, ohne zu verrutschen oder Abdr\u00fccke zu hinterlassen. Es ist genau die Art von Produkt, die man t\u00e4glich verwendet, ohne dar\u00fcber nachzudenken, die aber hygienisch den entscheidenden Unterschied macht.  <\/p>\n<p data-start=\"996\" data-end=\"1353\">Ihre <strong data-start=\"1000\" data-end=\"1016\">wei\u00dfe Farbe<\/strong> sorgt f\u00fcr ein <strong>saubereres<\/strong> Erscheinungsbild. Sie eignet sich daher perfekt f\u00fcr Lebensmittelberufe, professionelle K\u00fcchen, Labore, aber auch f\u00fcr die Industrie, Reinigungs- oder Medizinbereiche. Sie erm\u00f6glicht die Einhaltung von Hygienestandards bei gleichzeitig gepflegtem Aussehen.  <\/p>\n<p data-start=\"1355\" data-end=\"1678\">Verkauft <strong data-start=\"1362\" data-end=\"1380\">im 100er-Pack<\/strong>, ist diese <strong>Haube<\/strong> auch eine praktische Wahl f\u00fcr die Lagerverwaltung. Sie haben immer das N\u00f6tige zur Hand, um Ihr Team oder Ihre Besucher auszustatten, ohne Engp\u00e4sse bef\u00fcrchten zu m\u00fcssen. Sie ist zum einmaligen Gebrauch bestimmt, l\u00e4sst sich leicht entsorgen und garantiert bei jeder Anwendung einwandfreie Hygiene.  <\/p>\n<p data-start=\"1680\" data-end=\"1896\">Zusammenfassend kombiniert diese <strong>wei\u00dfe Falthaube<\/strong> Komfort, Effizienz und Diskretion. Sie f\u00fcgt sich nat\u00fcrlich in Ihren Berufsalltag ein und erf\u00fcllt perfekt die Anforderungen kontrollierter Umgebungen. <\/p>\n<p data-start=\"1680\" data-end=\"1896\"><!--more--><\/p>\n<h4 data-start=\"1680\" data-end=\"1896\">Vorteile :<\/h4>\n<ul>\n<li data-start=\"1924\" data-end=\"1979\"><strong>Gr\u00f6\u00dfe \u00d8 48 cm<\/strong>, passend f\u00fcr die meisten Benutzer.<\/li>\n<li data-start=\"1982\" data-end=\"2023\"><strong>Vliesstoff<\/strong>, leicht und atmungsaktiv.<\/li>\n<li data-start=\"2026\" data-end=\"2074\">Komfortables Gummiband, ohne \u00fcberm\u00e4\u00dfigen Druck.<\/li>\n<li data-start=\"2077\" data-end=\"2116\">Sauberes und professionelles <strong>Wei\u00df<\/strong>.<\/li>\n<li data-start=\"2119\" data-end=\"2159\">Zum einmaligen Gebrauch f\u00fcr optimale Hygiene.<\/li>\n<li data-start=\"2162\" data-end=\"2192\">Sparpackung mit <strong>100 St\u00fcck<\/strong>.<\/li>\n<\/ul>\n<p>&nbsp;<\/p>\n<p><!--more--><\/p>\n<h4>Weitere Informationen :<\/h4>\n<ul>\n<li><strong>Verpackung<\/strong>: Packung mit 100 St\u00fcck<\/li>\n<li><strong>Durchmesser<\/strong>: 48 cm<\/li>\n<li><strong>Abmessungen<\/strong>: 270 x 240 x 40 mm<\/li>\n<li><strong>Material<\/strong>: Polypropylen-Vliesstoff<\/li>\n<li><strong>Farbe<\/strong>: Wei\u00df<\/li>\n<\/ul>\n<p>&nbsp;<\/p>\n<p><!--more--><\/p>\n<p>Diese wei\u00dfe Falthaube ist auch in Schwarz erh\u00e4ltlich: <span style=\"color: #d12727;\"><a style=\"color: #d12727;\" href=\"https:\/\/www.csj-emballages.com\/produit\/100-charlottes-noires-accordeon-48-cm-o-non-tissees\/\">CHARLN<\/a><\/span><\/p>\n<h3><\/h3>\n<p><!--more--><\/p>\n<p><a href=\"https:\/\/www.csj-emballages.com\/de\/categorie-produit\/hygiene-und-pflege\/individuelle-ausstattung\/charlottes-de\/\">Entdecken Sie den Rest unseres Sortiments an Hauben<\/a><\/p>\n","protected":false},"excerpt":{"rendered":"<p>Wei\u00dfe Falthaube Entdecken Sie unsere wei\u00dfe Falthaube, 48 cm \u00d8, Vlies, im 100er-Pack.<\/p>\n","protected":false},"featured_media":12279,"template":"","meta":{"_acf_changed":false},"product_brand":[],"product_cat":[1218,2348,3942],"product_tag":[],"class_list":{"0":"post-226683","1":"product","2":"type-product","3":"status-publish","4":"has-post-thumbnail","6":"product_cat-hygiene-und-pflege","7":"product_cat-individuelle-ausstattung","8":"product_cat-charlottes-de","10":"first","11":"instock","12":"taxable","13":"shipping-taxable","14":"purchasable","15":"product-type-simple"},"acf":[],"yoast_head":"<!-- This site is optimized with the Yoast SEO Premium plugin v26.6 (Yoast SEO v26.6) - https:\/\/yoast.com\/wordpress\/plugins\/seo\/ -->\n<title>Wei\u00dfe Falthaube, 48 cm \u00d8, Vlies, 100 St\u00fcck<\/title>\n<meta name=\"description\" content=\"Wei\u00dfe Falthaube, \u00d8 48 cm, Vlies. Bequem und ideal f\u00fcr einwandfreie Hygiene im professionellen Umfeld.\" \/>\n<meta name=\"robots\" content=\"index, follow, max-snippet:-1, max-image-preview:large, max-video-preview:-1\" \/>\n<link rel=\"canonical\" href=\"https:\/\/www.csj-emballages.com\/de\/produit\/100-weisse-akkordeon-harlotten-48-cm-o-nicht-gewebt\/\" \/>\n<meta property=\"og:locale\" content=\"de_DE\" \/>\n<meta property=\"og:type\" content=\"article\" \/>\n<meta property=\"og:title\" content=\"Wei\u00dfe Falthaube, 48 cm \u00d8, Vlies, 100 St\u00fcck\" \/>\n<meta property=\"og:description\" content=\"Wei\u00dfe Falthaube, \u00d8 48 cm, Vlies. Bequem und ideal f\u00fcr einwandfreie Hygiene im professionellen Umfeld.\" \/>\n<meta property=\"og:url\" content=\"https:\/\/www.csj-emballages.com\/de\/produit\/100-weisse-akkordeon-harlotten-48-cm-o-nicht-gewebt\/\" \/>\n<meta property=\"og:site_name\" content=\"CSJ Emballages\" \/>\n<meta property=\"article:publisher\" content=\"https:\/\/www.facebook.com\/csjemballages\" \/>\n<meta property=\"article:modified_time\" content=\"2026-05-01T00:11:47+00:00\" \/>\n<meta property=\"og:image\" content=\"https:\/\/www.csj-emballages.com\/wp-content\/uploads\/2024\/03\/ItemCHARLACCORD.png\" \/>\n\t<meta property=\"og:image:width\" content=\"300\" \/>\n\t<meta property=\"og:image:height\" content=\"300\" \/>\n\t<meta property=\"og:image:type\" content=\"image\/png\" \/>\n<meta name=\"twitter:card\" content=\"summary_large_image\" \/>\n<meta name=\"twitter:label1\" content=\"Gesch\u00e4tzte Lesezeit\" \/>\n\t<meta name=\"twitter:data1\" content=\"2 Minuten\" \/>\n<script type=\"application\/ld+json\" class=\"yoast-schema-graph\">{\"@context\":\"https:\/\/schema.org\",\"@graph\":[{\"@type\":\"WebPage\",\"@id\":\"https:\/\/www.csj-emballages.com\/de\/produit\/100-weisse-akkordeon-harlotten-48-cm-o-nicht-gewebt\/\",\"url\":\"https:\/\/www.csj-emballages.com\/de\/produit\/100-weisse-akkordeon-harlotten-48-cm-o-nicht-gewebt\/\",\"name\":\"Wei\u00dfe Falthaube, 48 cm \u00d8, Vlies, 100 St\u00fcck\",\"isPartOf\":{\"@id\":\"https:\/\/www.csj-emballages.com\/de\/#website\"},\"primaryImageOfPage\":{\"@id\":\"https:\/\/www.csj-emballages.com\/de\/produit\/100-weisse-akkordeon-harlotten-48-cm-o-nicht-gewebt\/#primaryimage\"},\"image\":{\"@id\":\"https:\/\/www.csj-emballages.com\/de\/produit\/100-weisse-akkordeon-harlotten-48-cm-o-nicht-gewebt\/#primaryimage\"},\"thumbnailUrl\":\"https:\/\/www.csj-emballages.com\/wp-content\/uploads\/2024\/03\/ItemCHARLACCORD.png\",\"datePublished\":\"2024-03-01T15:54:54+00:00\",\"dateModified\":\"2026-05-01T00:11:47+00:00\",\"description\":\"Wei\u00dfe Falthaube, \u00d8 48 cm, Vlies. Bequem und ideal f\u00fcr einwandfreie Hygiene im professionellen Umfeld.\",\"breadcrumb\":{\"@id\":\"https:\/\/www.csj-emballages.com\/de\/produit\/100-weisse-akkordeon-harlotten-48-cm-o-nicht-gewebt\/#breadcrumb\"},\"inLanguage\":\"de\",\"potentialAction\":[{\"@type\":\"ReadAction\",\"target\":[\"https:\/\/www.csj-emballages.com\/de\/produit\/100-weisse-akkordeon-harlotten-48-cm-o-nicht-gewebt\/\"]}]},{\"@type\":\"ImageObject\",\"inLanguage\":\"de\",\"@id\":\"https:\/\/www.csj-emballages.com\/de\/produit\/100-weisse-akkordeon-harlotten-48-cm-o-nicht-gewebt\/#primaryimage\",\"url\":\"https:\/\/www.csj-emballages.com\/wp-content\/uploads\/2024\/03\/ItemCHARLACCORD.png\",\"contentUrl\":\"https:\/\/www.csj-emballages.com\/wp-content\/uploads\/2024\/03\/ItemCHARLACCORD.png\",\"width\":300,\"height\":300,\"caption\":\"Charlotte blanche\"},{\"@type\":\"BreadcrumbList\",\"@id\":\"https:\/\/www.csj-emballages.com\/de\/produit\/100-weisse-akkordeon-harlotten-48-cm-o-nicht-gewebt\/#breadcrumb\",\"itemListElement\":[{\"@type\":\"ListItem\",\"position\":1,\"name\":\"Accueil\",\"item\":\"https:\/\/www.csj-emballages.com\/de\/universum-lebensmittelverpackungen\/\"},{\"@type\":\"ListItem\",\"position\":2,\"name\":\"Shop\",\"item\":\"https:\/\/www.csj-emballages.com\/shop\/\"},{\"@type\":\"ListItem\",\"position\":3,\"name\":\"Wei\u00dfe Falthaube, 48 cm \u00d8, Vlies, 100 St\u00fcck\"}]},{\"@type\":\"WebSite\",\"@id\":\"https:\/\/www.csj-emballages.com\/de\/#website\",\"url\":\"https:\/\/www.csj-emballages.com\/de\/\",\"name\":\"CSJ Emballages\",\"description\":\"\",\"publisher\":{\"@id\":\"https:\/\/www.csj-emballages.com\/de\/#organization\"},\"potentialAction\":[{\"@type\":\"SearchAction\",\"target\":{\"@type\":\"EntryPoint\",\"urlTemplate\":\"https:\/\/www.csj-emballages.com\/de\/?s={search_term_string}\"},\"query-input\":{\"@type\":\"PropertyValueSpecification\",\"valueRequired\":true,\"valueName\":\"search_term_string\"}}],\"inLanguage\":\"de\"},{\"@type\":\"Organization\",\"@id\":\"https:\/\/www.csj-emballages.com\/de\/#Organization\/\",\"name\":\"CSJ Emballages\",\"url\":\"https:\/\/www.csj-emballages.com\/de\/\",\"logo\":{\"@type\":\"ImageObject\",\"inLanguage\":\"de\",\"@id\":\"https:\/\/www.csj-emballages.com\/de\/#\/schema\/logo\/image\/\",\"url\":\"https:\/\/www.csj-emballages.com\/wp-content\/uploads\/2023\/10\/logo_csj.webp\",\"contentUrl\":\"https:\/\/www.csj-emballages.com\/wp-content\/uploads\/2023\/10\/logo_csj.webp\",\"width\":250,\"height\":95,\"caption\":\"CSJ Emballages\"},\"image\":{\"@id\":\"https:\/\/www.csj-emballages.com\/de\/#\/schema\/logo\/image\/\"},\"sameAs\":[\"https:\/\/www.facebook.com\/csjemballages\"],\"address\":{\"@type\":\"PostalAddress\",\"streetAddress\":\"ZI La Lechere\",\"addressLocality\":\"Patornay\",\"postalCode\":\"39130\",\"addressCountry\":\"FR\"},\"contactPoint\":[{\"@type\":\"ContactPoint\",\"contactType\":\"Service client\",\"telephone\":\"0384254272\",\"email\":\"contact@csj-emballages.com\"}]}]}<\/script>\n<!-- \/ Yoast SEO Premium plugin. -->","yoast_head_json":{"title":"Wei\u00dfe Falthaube, 48 cm \u00d8, Vlies, 100 St\u00fcck","description":"Wei\u00dfe Falthaube, \u00d8 48 cm, Vlies. Bequem und ideal f\u00fcr einwandfreie Hygiene im professionellen Umfeld.","robots":{"index":"index","follow":"follow","max-snippet":"max-snippet:-1","max-image-preview":"max-image-preview:large","max-video-preview":"max-video-preview:-1"},"canonical":"https:\/\/www.csj-emballages.com\/de\/produit\/100-weisse-akkordeon-harlotten-48-cm-o-nicht-gewebt\/","og_locale":"de_DE","og_type":"article","og_title":"Wei\u00dfe Falthaube, 48 cm \u00d8, Vlies, 100 St\u00fcck","og_description":"Wei\u00dfe Falthaube, \u00d8 48 cm, Vlies. Bequem und ideal f\u00fcr einwandfreie Hygiene im professionellen Umfeld.","og_url":"https:\/\/www.csj-emballages.com\/de\/produit\/100-weisse-akkordeon-harlotten-48-cm-o-nicht-gewebt\/","og_site_name":"CSJ Emballages","article_publisher":"https:\/\/www.facebook.com\/csjemballages","article_modified_time":"2026-05-01T00:11:47+00:00","og_image":[{"width":300,"height":300,"url":"https:\/\/www.csj-emballages.com\/wp-content\/uploads\/2024\/03\/ItemCHARLACCORD.png","type":"image\/png"}],"twitter_card":"summary_large_image","twitter_misc":{"Gesch\u00e4tzte Lesezeit":"2 Minuten"},"schema":{"@context":"https:\/\/schema.org","@graph":[{"@type":"WebPage","@id":"https:\/\/www.csj-emballages.com\/de\/produit\/100-weisse-akkordeon-harlotten-48-cm-o-nicht-gewebt\/","url":"https:\/\/www.csj-emballages.com\/de\/produit\/100-weisse-akkordeon-harlotten-48-cm-o-nicht-gewebt\/","name":"Wei\u00dfe Falthaube, 48 cm \u00d8, Vlies, 100 St\u00fcck","isPartOf":{"@id":"https:\/\/www.csj-emballages.com\/de\/#website"},"primaryImageOfPage":{"@id":"https:\/\/www.csj-emballages.com\/de\/produit\/100-weisse-akkordeon-harlotten-48-cm-o-nicht-gewebt\/#primaryimage"},"image":{"@id":"https:\/\/www.csj-emballages.com\/de\/produit\/100-weisse-akkordeon-harlotten-48-cm-o-nicht-gewebt\/#primaryimage"},"thumbnailUrl":"https:\/\/www.csj-emballages.com\/wp-content\/uploads\/2024\/03\/ItemCHARLACCORD.png","datePublished":"2024-03-01T15:54:54+00:00","dateModified":"2026-05-01T00:11:47+00:00","description":"Wei\u00dfe Falthaube, \u00d8 48 cm, Vlies. Bequem und ideal f\u00fcr einwandfreie Hygiene im professionellen Umfeld.","breadcrumb":{"@id":"https:\/\/www.csj-emballages.com\/de\/produit\/100-weisse-akkordeon-harlotten-48-cm-o-nicht-gewebt\/#breadcrumb"},"inLanguage":"de","potentialAction":[{"@type":"ReadAction","target":["https:\/\/www.csj-emballages.com\/de\/produit\/100-weisse-akkordeon-harlotten-48-cm-o-nicht-gewebt\/"]}]},{"@type":"ImageObject","inLanguage":"de","@id":"https:\/\/www.csj-emballages.com\/de\/produit\/100-weisse-akkordeon-harlotten-48-cm-o-nicht-gewebt\/#primaryimage","url":"https:\/\/www.csj-emballages.com\/wp-content\/uploads\/2024\/03\/ItemCHARLACCORD.png","contentUrl":"https:\/\/www.csj-emballages.com\/wp-content\/uploads\/2024\/03\/ItemCHARLACCORD.png","width":300,"height":300,"caption":"Charlotte blanche"},{"@type":"BreadcrumbList","@id":"https:\/\/www.csj-emballages.com\/de\/produit\/100-weisse-akkordeon-harlotten-48-cm-o-nicht-gewebt\/#breadcrumb","itemListElement":[{"@type":"ListItem","position":1,"name":"Accueil","item":"https:\/\/www.csj-emballages.com\/de\/universum-lebensmittelverpackungen\/"},{"@type":"ListItem","position":2,"name":"Shop","item":"https:\/\/www.csj-emballages.com\/shop\/"},{"@type":"ListItem","position":3,"name":"Wei\u00dfe Falthaube, 48 cm \u00d8, Vlies, 100 St\u00fcck"}]},{"@type":"WebSite","@id":"https:\/\/www.csj-emballages.com\/de\/#website","url":"https:\/\/www.csj-emballages.com\/de\/","name":"CSJ Emballages","description":"","publisher":{"@id":"https:\/\/www.csj-emballages.com\/de\/#organization"},"potentialAction":[{"@type":"SearchAction","target":{"@type":"EntryPoint","urlTemplate":"https:\/\/www.csj-emballages.com\/de\/?s={search_term_string}"},"query-input":{"@type":"PropertyValueSpecification","valueRequired":true,"valueName":"search_term_string"}}],"inLanguage":"de"},{"@type":"Organization","@id":"https:\/\/www.csj-emballages.com\/de\/#Organization\/","name":"CSJ Emballages","url":"https:\/\/www.csj-emballages.com\/de\/","logo":{"@type":"ImageObject","inLanguage":"de","@id":"https:\/\/www.csj-emballages.com\/de\/#\/schema\/logo\/image\/","url":"https:\/\/www.csj-emballages.com\/wp-content\/uploads\/2023\/10\/logo_csj.webp","contentUrl":"https:\/\/www.csj-emballages.com\/wp-content\/uploads\/2023\/10\/logo_csj.webp","width":250,"height":95,"caption":"CSJ Emballages"},"image":{"@id":"https:\/\/www.csj-emballages.com\/de\/#\/schema\/logo\/image\/"},"sameAs":["https:\/\/www.facebook.com\/csjemballages"],"address":{"@type":"PostalAddress","streetAddress":"ZI La Lechere","addressLocality":"Patornay","postalCode":"39130","addressCountry":"FR"},"contactPoint":[{"@type":"ContactPoint","contactType":"Service client","telephone":"0384254272","email":"contact@csj-emballages.com"}]}]}},"df_price":1.99,"df_sale_price":"","df_regular_price":1.99,"df_image_link":"https:\/\/www.csj-emballages.com\/wp-content\/uploads\/2024\/03\/ItemCHARLACCORD.png","tiered_pricing_type":"fixed","tiered_pricing_fixed_rules":[],"tiered_pricing_percentage_rules":[],"tiered_pricing_minimum":1,"tiered_pricing_roles_data":[],"_links":{"self":[{"href":"https:\/\/www.csj-emballages.com\/de\/wp-json\/wp\/v2\/product\/226683","targetHints":{"allow":["GET"]}}],"collection":[{"href":"https:\/\/www.csj-emballages.com\/de\/wp-json\/wp\/v2\/product"}],"about":[{"href":"https:\/\/www.csj-emballages.com\/de\/wp-json\/wp\/v2\/types\/product"}],"wp:featuredmedia":[{"embeddable":true,"href":"https:\/\/www.csj-emballages.com\/de\/wp-json\/wp\/v2\/media\/12279"}],"wp:attachment":[{"href":"https:\/\/www.csj-emballages.com\/de\/wp-json\/wp\/v2\/media?parent=226683"}],"wp:term":[{"taxonomy":"product_brand","embeddable":true,"href":"https:\/\/www.csj-emballages.com\/de\/wp-json\/wp\/v2\/product_brand?post=226683"},{"taxonomy":"product_cat","embeddable":true,"href":"https:\/\/www.csj-emballages.com\/de\/wp-json\/wp\/v2\/product_cat?post=226683"},{"taxonomy":"product_tag","embeddable":true,"href":"https:\/\/www.csj-emballages.com\/de\/wp-json\/wp\/v2\/product_tag?post=226683"}],"curies":[{"name":"wp","href":"https:\/\/api.w.org\/{rel}","templated":true}]}}