{"id":226677,"date":"2024-03-01T16:54:54","date_gmt":"2024-03-01T15:54:54","guid":{"rendered":"https:\/\/www.csj-emballages.com\/produit\/wagen-2x15-liter-backenpresse\/"},"modified":"2026-05-14T02:13:08","modified_gmt":"2026-05-14T00:13:08","slug":"wagen-2x15-liter-backenpresse","status":"publish","type":"product","link":"https:\/\/www.csj-emballages.com\/de\/produit\/wagen-2x15-liter-backenpresse\/","title":{"rendered":"Reinigungswagen 2&#215;15 Liter mit Flachpresse"},"content":{"rendered":"<h2>Reinigungswagen<\/h2>\n<hr>\n<h3>Entdecken Sie unseren Reinigungswagen 2&#215;15 Liter mit Flachpresse<\/h3>\n<p><!--more--><\/p>\n<p data-start=\"278\" data-end=\"705\">Dieser <strong>Reinigungswagen<\/strong> <strong data-start=\"299\" data-end=\"335\">2 x 15 Liter mit Flachpresse<\/strong> ist darauf ausgelegt, die Reinigung einfacher, schneller und vor allem weniger anstrengend zu gestalten. Schon bei der ersten Benutzung sch\u00e4tzt man seine klare Organisation: Zwei separate Beh\u00e4lter erm\u00f6glichen die Trennung von sauberem und schmutzigem Wasser, was die Reinigungseffizienz sofort verbessert. Ergebnis: Die B\u00f6den werden hygienischer gereinigt, ohne unn\u00f6tiges Nachwischen.  <\/p>\n<p data-start=\"707\" data-end=\"1116\">Die <strong>integrierte Flachpresse<\/strong> erleichtert das m\u00fchelose Auswringen. Mit wenigen Handgriffen ist der Mopp einsatzbereit, weder zu nass noch zu trocken. Dies spart nicht nur Zeit, sondern erm\u00f6glicht auch eine bessere Kontrolle der Bodenfeuchtigkeit, was in stark frequentierten Bereichen unerl\u00e4sslich ist. Zudem bietet der <strong>ergonomische Griff<\/strong> einen guten Halt und macht die t\u00e4gliche Nutzung komfortabler.   <\/p>\n<p data-start=\"1118\" data-end=\"1490\">Dank seiner robusten Struktur und <strong>seiner Schwenkr\u00e4der<\/strong> l\u00e4sst sich der <strong>Wagen leicht bewegen<\/strong>, selbst wenn er voll ist. Er folgt Ihren Bewegungen ruckelfrei, sei es in engen Korridoren, Klassenzimmern, B\u00fcros oder Gesch\u00e4ftsr\u00e4umen. Sein kompaktes Format ist weiterhin praktisch zu verstauen und bietet gleichzeitig ausreichend Kapazit\u00e4t f\u00fcr gro\u00dfe Fl\u00e4chen.  <\/p>\n<p data-start=\"1492\" data-end=\"1834\">Dieser <strong>Reinigungswagen<\/strong> eignet sich hervorragend f\u00fcr Reinigungsunternehmen, Gemeinden, Gesundheitseinrichtungen, Hotels oder Restaurants. Er erf\u00fcllt die Anforderungen von Fachleuten, die zuverl\u00e4ssiges, funktionales und langlebiges Material suchen. Zusammenfassend ist er ein durchdachtes Werkzeug, das die Arbeit vereinfacht und den Nutzungskomfort Tag f\u00fcr Tag verbessert.  <\/p>\n<p data-start=\"1492\" data-end=\"1834\">\n<p data-start=\"1528\" data-end=\"1790\"><!--more--><\/p>\n<h4 data-start=\"1528\" data-end=\"1790\">Vorteile :<\/h4>\n<ul>\n<li data-start=\"1862\" data-end=\"1913\"><strong>Zwei 15-Liter-Beh\u00e4lter<\/strong> f\u00fcr bessere Hygiene.<\/li>\n<li data-start=\"1916\" data-end=\"1961\"><strong>Flachpresse<\/strong> effizient und einfach zu bedienen.<\/li>\n<li data-start=\"1964\" data-end=\"2011\">Reibungsloser Transport dank Schwenkr\u00e4dern.<\/li>\n<li data-start=\"2014\" data-end=\"2043\">Robuste und langlebige Struktur.<\/li>\n<li data-start=\"2046\" data-end=\"2082\">Komfortable t\u00e4gliche Nutzung.<\/li>\n<\/ul>\n<p>&nbsp;<\/p>\n<p><!--more--><\/p>\n<h4>Weitere Informationen :<\/h4>\n<ul>\n<li><strong>Verpackung<\/strong>: Einzeln<\/li>\n<li><strong>Doppeleimerwagen<\/strong><\/li>\n<li><strong>Eimervolumen<\/strong>: 2&#215;15 Liter<\/li>\n<li><strong>Abnehmbare Deichsel<\/strong><\/li>\n<li><strong>Raddurchmesser<\/strong>: 75 mm (unmontiert)<\/li>\n<\/ul>\n<p>&nbsp;<\/p>\n<p><!--more--><\/p>\n<p><a href=\"https:\/\/www.csj-emballages.com\/de\/hygiene-universum\/\">Entdecken Sie den Rest unseres Hygiene-Sortiments<\/a><\/p>\n","protected":false},"excerpt":{"rendered":"<p>Reinigungswagen Entdecken Sie unseren Reinigungswagen 2&#215;15 Liter mit Flachpresse<\/p>\n","protected":false},"featured_media":261880,"template":"","meta":{"_acf_changed":false},"product_brand":[],"product_cat":[1218,3940],"product_tag":[],"class_list":{"0":"post-226677","1":"product","2":"type-product","3":"status-publish","4":"has-post-thumbnail","6":"product_cat-hygiene-und-pflege","7":"product_cat-einkaufswagen","9":"first","10":"instock","11":"taxable","12":"shipping-taxable","13":"purchasable","14":"product-type-simple"},"acf":[],"yoast_head":"<!-- This site is optimized with the Yoast SEO Premium plugin v26.6 (Yoast SEO v26.6) - https:\/\/yoast.com\/wordpress\/plugins\/seo\/ -->\n<title>Reinigungswagen 2x15 Liter mit Flachpresse<\/title>\n<meta name=\"description\" content=\"Reinigungswagen 2x15 Liter mit Flachpresse: praktisch, robust und leicht zu man\u00f6vrieren. Ideal f\u00fcr eine effiziente und organisierte professionelle Reinigung.\" \/>\n<meta name=\"robots\" content=\"index, follow, max-snippet:-1, max-image-preview:large, max-video-preview:-1\" \/>\n<link rel=\"canonical\" href=\"https:\/\/www.csj-emballages.com\/de\/produit\/wagen-2x15-liter-backenpresse\/\" \/>\n<meta property=\"og:locale\" content=\"de_DE\" \/>\n<meta property=\"og:type\" content=\"article\" \/>\n<meta property=\"og:title\" content=\"Reinigungswagen 2x15 Liter mit Flachpresse\" \/>\n<meta property=\"og:description\" content=\"Reinigungswagen 2x15 Liter mit Flachpresse: praktisch, robust und leicht zu man\u00f6vrieren. Ideal f\u00fcr eine effiziente und organisierte professionelle Reinigung.\" \/>\n<meta property=\"og:url\" content=\"https:\/\/www.csj-emballages.com\/de\/produit\/wagen-2x15-liter-backenpresse\/\" \/>\n<meta property=\"og:site_name\" content=\"CSJ Emballages\" \/>\n<meta property=\"article:publisher\" content=\"https:\/\/www.facebook.com\/csjemballages\" \/>\n<meta property=\"article:modified_time\" content=\"2026-05-14T00:13:08+00:00\" \/>\n<meta property=\"og:image\" content=\"https:\/\/www.csj-emballages.com\/wp-content\/uploads\/2024\/03\/Chariot.webp\" \/>\n\t<meta property=\"og:image:width\" content=\"800\" \/>\n\t<meta property=\"og:image:height\" content=\"800\" \/>\n\t<meta property=\"og:image:type\" content=\"image\/webp\" \/>\n<meta name=\"twitter:card\" content=\"summary_large_image\" \/>\n<meta name=\"twitter:label1\" content=\"Gesch\u00e4tzte Lesezeit\" \/>\n\t<meta name=\"twitter:data1\" content=\"1\u00a0Minute\" \/>\n<script type=\"application\/ld+json\" class=\"yoast-schema-graph\">{\"@context\":\"https:\/\/schema.org\",\"@graph\":[{\"@type\":\"WebPage\",\"@id\":\"https:\/\/www.csj-emballages.com\/de\/produit\/wagen-2x15-liter-backenpresse\/\",\"url\":\"https:\/\/www.csj-emballages.com\/de\/produit\/wagen-2x15-liter-backenpresse\/\",\"name\":\"Reinigungswagen 2x15 Liter mit Flachpresse\",\"isPartOf\":{\"@id\":\"https:\/\/www.csj-emballages.com\/de\/#website\"},\"primaryImageOfPage\":{\"@id\":\"https:\/\/www.csj-emballages.com\/de\/produit\/wagen-2x15-liter-backenpresse\/#primaryimage\"},\"image\":{\"@id\":\"https:\/\/www.csj-emballages.com\/de\/produit\/wagen-2x15-liter-backenpresse\/#primaryimage\"},\"thumbnailUrl\":\"https:\/\/www.csj-emballages.com\/wp-content\/uploads\/2024\/03\/Chariot.webp\",\"datePublished\":\"2024-03-01T15:54:54+00:00\",\"dateModified\":\"2026-05-14T00:13:08+00:00\",\"description\":\"Reinigungswagen 2x15 Liter mit Flachpresse: praktisch, robust und leicht zu man\u00f6vrieren. Ideal f\u00fcr eine effiziente und organisierte professionelle Reinigung.\",\"breadcrumb\":{\"@id\":\"https:\/\/www.csj-emballages.com\/de\/produit\/wagen-2x15-liter-backenpresse\/#breadcrumb\"},\"inLanguage\":\"de\",\"potentialAction\":[{\"@type\":\"ReadAction\",\"target\":[\"https:\/\/www.csj-emballages.com\/de\/produit\/wagen-2x15-liter-backenpresse\/\"]}]},{\"@type\":\"ImageObject\",\"inLanguage\":\"de\",\"@id\":\"https:\/\/www.csj-emballages.com\/de\/produit\/wagen-2x15-liter-backenpresse\/#primaryimage\",\"url\":\"https:\/\/www.csj-emballages.com\/wp-content\/uploads\/2024\/03\/Chariot.webp\",\"contentUrl\":\"https:\/\/www.csj-emballages.com\/wp-content\/uploads\/2024\/03\/Chariot.webp\",\"width\":800,\"height\":800,\"caption\":\"Chariot de lavage\"},{\"@type\":\"BreadcrumbList\",\"@id\":\"https:\/\/www.csj-emballages.com\/de\/produit\/wagen-2x15-liter-backenpresse\/#breadcrumb\",\"itemListElement\":[{\"@type\":\"ListItem\",\"position\":1,\"name\":\"Accueil\",\"item\":\"https:\/\/www.csj-emballages.com\/de\/universum-lebensmittelverpackungen\/\"},{\"@type\":\"ListItem\",\"position\":2,\"name\":\"Shop\",\"item\":\"https:\/\/www.csj-emballages.com\/shop\/\"},{\"@type\":\"ListItem\",\"position\":3,\"name\":\"Reinigungswagen 2&#215;15 Liter mit Flachpresse\"}]},{\"@type\":\"WebSite\",\"@id\":\"https:\/\/www.csj-emballages.com\/de\/#website\",\"url\":\"https:\/\/www.csj-emballages.com\/de\/\",\"name\":\"CSJ Emballages\",\"description\":\"\",\"publisher\":{\"@id\":\"https:\/\/www.csj-emballages.com\/de\/#organization\"},\"potentialAction\":[{\"@type\":\"SearchAction\",\"target\":{\"@type\":\"EntryPoint\",\"urlTemplate\":\"https:\/\/www.csj-emballages.com\/de\/?s={search_term_string}\"},\"query-input\":{\"@type\":\"PropertyValueSpecification\",\"valueRequired\":true,\"valueName\":\"search_term_string\"}}],\"inLanguage\":\"de\"},{\"@type\":\"Organization\",\"@id\":\"https:\/\/www.csj-emballages.com\/de\/#Organization\/\",\"name\":\"CSJ Emballages\",\"url\":\"https:\/\/www.csj-emballages.com\/de\/\",\"logo\":{\"@type\":\"ImageObject\",\"inLanguage\":\"de\",\"@id\":\"https:\/\/www.csj-emballages.com\/de\/#\/schema\/logo\/image\/\",\"url\":\"https:\/\/www.csj-emballages.com\/wp-content\/uploads\/2023\/10\/logo_csj.webp\",\"contentUrl\":\"https:\/\/www.csj-emballages.com\/wp-content\/uploads\/2023\/10\/logo_csj.webp\",\"width\":250,\"height\":95,\"caption\":\"CSJ Emballages\"},\"image\":{\"@id\":\"https:\/\/www.csj-emballages.com\/de\/#\/schema\/logo\/image\/\"},\"sameAs\":[\"https:\/\/www.facebook.com\/csjemballages\"],\"address\":{\"@type\":\"PostalAddress\",\"streetAddress\":\"ZI La Lechere\",\"addressLocality\":\"Patornay\",\"postalCode\":\"39130\",\"addressCountry\":\"FR\"},\"contactPoint\":[{\"@type\":\"ContactPoint\",\"contactType\":\"Service client\",\"telephone\":\"0384254272\",\"email\":\"contact@csj-emballages.com\"}]}]}<\/script>\n<!-- \/ Yoast SEO Premium plugin. -->","yoast_head_json":{"title":"Reinigungswagen 2x15 Liter mit Flachpresse","description":"Reinigungswagen 2x15 Liter mit Flachpresse: praktisch, robust und leicht zu man\u00f6vrieren. Ideal f\u00fcr eine effiziente und organisierte professionelle Reinigung.","robots":{"index":"index","follow":"follow","max-snippet":"max-snippet:-1","max-image-preview":"max-image-preview:large","max-video-preview":"max-video-preview:-1"},"canonical":"https:\/\/www.csj-emballages.com\/de\/produit\/wagen-2x15-liter-backenpresse\/","og_locale":"de_DE","og_type":"article","og_title":"Reinigungswagen 2x15 Liter mit Flachpresse","og_description":"Reinigungswagen 2x15 Liter mit Flachpresse: praktisch, robust und leicht zu man\u00f6vrieren. Ideal f\u00fcr eine effiziente und organisierte professionelle Reinigung.","og_url":"https:\/\/www.csj-emballages.com\/de\/produit\/wagen-2x15-liter-backenpresse\/","og_site_name":"CSJ Emballages","article_publisher":"https:\/\/www.facebook.com\/csjemballages","article_modified_time":"2026-05-14T00:13:08+00:00","og_image":[{"width":800,"height":800,"url":"https:\/\/www.csj-emballages.com\/wp-content\/uploads\/2024\/03\/Chariot.webp","type":"image\/webp"}],"twitter_card":"summary_large_image","twitter_misc":{"Gesch\u00e4tzte Lesezeit":"1\u00a0Minute"},"schema":{"@context":"https:\/\/schema.org","@graph":[{"@type":"WebPage","@id":"https:\/\/www.csj-emballages.com\/de\/produit\/wagen-2x15-liter-backenpresse\/","url":"https:\/\/www.csj-emballages.com\/de\/produit\/wagen-2x15-liter-backenpresse\/","name":"Reinigungswagen 2x15 Liter mit Flachpresse","isPartOf":{"@id":"https:\/\/www.csj-emballages.com\/de\/#website"},"primaryImageOfPage":{"@id":"https:\/\/www.csj-emballages.com\/de\/produit\/wagen-2x15-liter-backenpresse\/#primaryimage"},"image":{"@id":"https:\/\/www.csj-emballages.com\/de\/produit\/wagen-2x15-liter-backenpresse\/#primaryimage"},"thumbnailUrl":"https:\/\/www.csj-emballages.com\/wp-content\/uploads\/2024\/03\/Chariot.webp","datePublished":"2024-03-01T15:54:54+00:00","dateModified":"2026-05-14T00:13:08+00:00","description":"Reinigungswagen 2x15 Liter mit Flachpresse: praktisch, robust und leicht zu man\u00f6vrieren. Ideal f\u00fcr eine effiziente und organisierte professionelle Reinigung.","breadcrumb":{"@id":"https:\/\/www.csj-emballages.com\/de\/produit\/wagen-2x15-liter-backenpresse\/#breadcrumb"},"inLanguage":"de","potentialAction":[{"@type":"ReadAction","target":["https:\/\/www.csj-emballages.com\/de\/produit\/wagen-2x15-liter-backenpresse\/"]}]},{"@type":"ImageObject","inLanguage":"de","@id":"https:\/\/www.csj-emballages.com\/de\/produit\/wagen-2x15-liter-backenpresse\/#primaryimage","url":"https:\/\/www.csj-emballages.com\/wp-content\/uploads\/2024\/03\/Chariot.webp","contentUrl":"https:\/\/www.csj-emballages.com\/wp-content\/uploads\/2024\/03\/Chariot.webp","width":800,"height":800,"caption":"Chariot de lavage"},{"@type":"BreadcrumbList","@id":"https:\/\/www.csj-emballages.com\/de\/produit\/wagen-2x15-liter-backenpresse\/#breadcrumb","itemListElement":[{"@type":"ListItem","position":1,"name":"Accueil","item":"https:\/\/www.csj-emballages.com\/de\/universum-lebensmittelverpackungen\/"},{"@type":"ListItem","position":2,"name":"Shop","item":"https:\/\/www.csj-emballages.com\/shop\/"},{"@type":"ListItem","position":3,"name":"Reinigungswagen 2&#215;15 Liter mit Flachpresse"}]},{"@type":"WebSite","@id":"https:\/\/www.csj-emballages.com\/de\/#website","url":"https:\/\/www.csj-emballages.com\/de\/","name":"CSJ Emballages","description":"","publisher":{"@id":"https:\/\/www.csj-emballages.com\/de\/#organization"},"potentialAction":[{"@type":"SearchAction","target":{"@type":"EntryPoint","urlTemplate":"https:\/\/www.csj-emballages.com\/de\/?s={search_term_string}"},"query-input":{"@type":"PropertyValueSpecification","valueRequired":true,"valueName":"search_term_string"}}],"inLanguage":"de"},{"@type":"Organization","@id":"https:\/\/www.csj-emballages.com\/de\/#Organization\/","name":"CSJ Emballages","url":"https:\/\/www.csj-emballages.com\/de\/","logo":{"@type":"ImageObject","inLanguage":"de","@id":"https:\/\/www.csj-emballages.com\/de\/#\/schema\/logo\/image\/","url":"https:\/\/www.csj-emballages.com\/wp-content\/uploads\/2023\/10\/logo_csj.webp","contentUrl":"https:\/\/www.csj-emballages.com\/wp-content\/uploads\/2023\/10\/logo_csj.webp","width":250,"height":95,"caption":"CSJ Emballages"},"image":{"@id":"https:\/\/www.csj-emballages.com\/de\/#\/schema\/logo\/image\/"},"sameAs":["https:\/\/www.facebook.com\/csjemballages"],"address":{"@type":"PostalAddress","streetAddress":"ZI La Lechere","addressLocality":"Patornay","postalCode":"39130","addressCountry":"FR"},"contactPoint":[{"@type":"ContactPoint","contactType":"Service client","telephone":"0384254272","email":"contact@csj-emballages.com"}]}]}},"df_price":102.98,"df_sale_price":"","df_regular_price":102.98,"df_image_link":"https:\/\/www.csj-emballages.com\/wp-content\/uploads\/2024\/03\/Chariot-300x300.webp","tiered_pricing_type":"fixed","tiered_pricing_fixed_rules":[],"tiered_pricing_percentage_rules":[],"tiered_pricing_minimum":1,"tiered_pricing_roles_data":[],"_links":{"self":[{"href":"https:\/\/www.csj-emballages.com\/de\/wp-json\/wp\/v2\/product\/226677","targetHints":{"allow":["GET"]}}],"collection":[{"href":"https:\/\/www.csj-emballages.com\/de\/wp-json\/wp\/v2\/product"}],"about":[{"href":"https:\/\/www.csj-emballages.com\/de\/wp-json\/wp\/v2\/types\/product"}],"wp:featuredmedia":[{"embeddable":true,"href":"https:\/\/www.csj-emballages.com\/de\/wp-json\/wp\/v2\/media\/261880"}],"wp:attachment":[{"href":"https:\/\/www.csj-emballages.com\/de\/wp-json\/wp\/v2\/media?parent=226677"}],"wp:term":[{"taxonomy":"product_brand","embeddable":true,"href":"https:\/\/www.csj-emballages.com\/de\/wp-json\/wp\/v2\/product_brand?post=226677"},{"taxonomy":"product_cat","embeddable":true,"href":"https:\/\/www.csj-emballages.com\/de\/wp-json\/wp\/v2\/product_cat?post=226677"},{"taxonomy":"product_tag","embeddable":true,"href":"https:\/\/www.csj-emballages.com\/de\/wp-json\/wp\/v2\/product_tag?post=226677"}],"curies":[{"name":"wp","href":"https:\/\/api.w.org\/{rel}","templated":true}]}}