{"id":22666,"date":"2024-03-01T16:50:26","date_gmt":"2024-03-01T15:50:26","guid":{"rendered":"https:\/\/u15jnbdpoq.preview.infomaniak.website\/produit\/50-taco-beutel-aus-zerreissbarem-karton\/"},"modified":"2026-04-21T02:15:41","modified_gmt":"2026-04-21T00:15:41","slug":"50-taco-beutel-aus-zerreissbarem-karton","status":"publish","type":"product","link":"https:\/\/www.csj-emballages.com\/de\/produit\/50-taco-beutel-aus-zerreissbarem-karton\/","title":{"rendered":"Taco-Tasche aus zerrei\u00dfbarem Karton pro 50"},"content":{"rendered":"<h2>Taco-Tasche<\/h2>\n<hr>\n<h3>Beschreibung unserer Taco-H\u00fclle aus Kraftkarton, rei\u00dfbar, 50 St\u00fcck<\/h3>\n<p><!--more--><\/p>\n<p data-start=\"343\" data-end=\"867\">Wenn Sie Ihre <strong>Tacos<\/strong> in einer sauberen, modernen und wirklich praktischen Verpackung anbieten m\u00f6chten, wird diese <strong data-start=\"442\" data-end=\"481\">Taco-Tasche aus zerrei\u00dfbarem Karton<\/strong> Ihre Art des Servierens ver\u00e4ndern. Auf den ersten Blick f\u00e4llt das<strong> schwarz-beige<\/strong> <strong>Design <\/strong>mit seinen grafischen Linien und dem &#8220; <strong>TASTY<\/strong> &#8222;-Logo, das einen Hauch von Premium-Street-Food vermittelt, sofort ins Auge. Doch sobald man sie benutzt, wird klar, dass diese <strong>Taco-H\u00fclle<\/strong> nicht nur gut aussieht, sondern auch das Leben aller Beteiligten vereinfachen soll &#8211; sowohl in der K\u00fcche als auch auf der Kundenseite.  <\/p>\n<p data-start=\"869\" data-end=\"1214\">Zun\u00e4chst einmal ist das <strong data-start=\"890\" data-end=\"916\">Aufrei\u00dfsystem<\/strong> ein echter Pluspunkt. Anstatt den ganzen Taco herauszunehmen und zu riskieren, dass er \u00fcberall hingelangt, kann der Verbraucher einfach an dem vorgeschnittenen Streifen ziehen, um den Inhalt nach und nach freizulegen. Das macht den Genuss viel sauberer, vor allem bei gro\u00dfz\u00fcgigen oder gut gef\u00fcllten Tacos.  <\/p>\n<p data-start=\"1216\" data-end=\"1581\">Zweitens h\u00e4lt der <strong>dicke Karton<\/strong> die W\u00e4rme perfekt und sorgt gleichzeitig f\u00fcr eine gute Steifigkeit, so dass die <strong>Tasche<\/strong> nicht knickt oder zusammenf\u00e4llt. So bleiben die Tacos auch bei einem l\u00e4ngeren Transport oder einer Bestellung per Lieferung gut pr\u00e4sentiert. Ebenso erm\u00f6glicht es das universelle Format, die meisten Taco-Gr\u00f6\u00dfen einfach und ohne Zeitverlust zu verpacken.  <\/p>\n<p data-start=\"1583\" data-end=\"1888\">Au\u00dferdem l\u00e4sst sich der Beutel leicht in eine Zubereitungskette integrieren: Er l\u00e4sst sich schnell \u00f6ffnen, mit wenigen Handgriffen bef\u00fcllen und ist resistent gegen die Feuchtigkeit von So\u00dfen. Mit einem <strong data-start=\"1756\" data-end=\"1769\">Set von 50 St\u00fcck<\/strong> haben Sie einen praktischen Vorrat, der Sie sowohl bei schnellen Diensten als auch an hektischen Abenden begleitet. <\/p>\n<p data-start=\"1013\" data-end=\"1189\"><!--more--><\/p>\n<p data-start=\"1013\" data-end=\"1189\"><strong>Vorteile :  <\/strong><\/p>\n<ul>\n<li data-start=\"2078\" data-end=\"2120\">Saubere und praktische <strong>Aufrei\u00df\u00f6ffnung<\/strong>.<\/li>\n<li data-start=\"2123\" data-end=\"2153\">Modernes, ansprechendes Design.<\/li>\n<li data-start=\"2156\" data-end=\"2200\">Fester Karton, der die <strong>Tacos<\/strong> gut festh\u00e4lt.<\/li>\n<li data-start=\"2203\" data-end=\"2253\">Geeignet f\u00fcr den Verkauf zum Mitnehmen und f\u00fcr die Lieferung.<\/li>\n<li data-start=\"2256\" data-end=\"2303\">Lot von <strong>50<\/strong>, perfekt f\u00fcr den Liniendienst.<\/li>\n<\/ul>\n<p>&nbsp;<\/p>\n<p data-start=\"1013\" data-end=\"1189\"><!--more--><\/p>\n<h4>Weitere Informationen :<\/h4>\n<ul>\n<li><strong>Verpackung<\/strong>: Packung mit 50 St\u00fcck<\/li>\n<li><strong>Abmessungen<\/strong>: 190 x 160 x 150 ( L x B x H in mm)<\/li>\n<li><strong>Farbe<\/strong>: Braun \/ Schwarz<\/li>\n<li><strong>Material<\/strong>: Karton<\/li>\n<\/ul>\n<p>&nbsp;<\/p>\n<p><!--more--><\/p>\n<p>Hier finden Sie unsere Kraft Tacos Tasche : <span style=\"color: #d12727;\"><a style=\"color: #d12727;\" href=\"https:\/\/www.csj-emballages.com\/es\/produit\/100-bolsillos-de-carton-kraft-para-tacos\/\">POCTACOSK<\/a><\/span><\/p>\n<p>&nbsp;<\/p>\n<p><!--more--><\/p>\n<p><a href=\"\/?product_cat=pochettes-carton-frites-crepes-tacos-wraps-snack-restauration-emporter\">Sehen Sie sich den Rest unseres Sortiments an Pommes-\/Cr\u00eapes-\/Tacos-\/Wrap-T\u00fcten an<\/a><\/p>\n","protected":false},"excerpt":{"rendered":"<p>Taco-Tasche Beschreibung unserer Taco-H\u00fclle aus Kraftkarton, rei\u00dfbar, 50 St\u00fcck<\/p>\n","protected":false},"featured_media":230473,"template":"","meta":{"_acf_changed":false},"product_brand":[],"product_cat":[1137,1134,3085,1265],"product_tag":[],"class_list":{"0":"post-22666","1":"product","2":"type-product","3":"status-publish","4":"has-post-thumbnail","6":"product_cat-lebensmittelverpackungen","7":"product_cat-restauration-de","8":"product_cat-frittierte-taschen-pfannkuchen-tacos-wraps","9":"product_cat-lagerbestande-promotion","11":"first","12":"instock","13":"sale","14":"taxable","15":"shipping-taxable","16":"purchasable","17":"product-type-simple"},"acf":[],"yoast_head":"<!-- This site is optimized with the Yoast SEO Premium plugin v26.6 (Yoast SEO v26.6) - https:\/\/yoast.com\/wordpress\/plugins\/seo\/ -->\n<title>Tacos Tasche Kraft Rei\u00dfkarton pro 50<\/title>\n<meta name=\"description\" content=\"Entdecken Sie unsere Taco-Beutel aus schwarzem Kraftkarton mit einer 50-fachen Aufrei\u00dflasche - praktisch, hygienisch und ideal f\u00fcr den Verkauf zum Mitnehmen.\" \/>\n<meta name=\"robots\" content=\"index, follow, max-snippet:-1, max-image-preview:large, max-video-preview:-1\" \/>\n<link rel=\"canonical\" href=\"https:\/\/www.csj-emballages.com\/de\/produit\/50-taco-beutel-aus-zerreissbarem-karton\/\" \/>\n<meta property=\"og:locale\" content=\"de_DE\" \/>\n<meta property=\"og:type\" content=\"article\" \/>\n<meta property=\"og:title\" content=\"Taco-Tasche aus zerrei\u00dfbarem Karton pro 50\" \/>\n<meta property=\"og:description\" content=\"Entdecken Sie unsere Taco-Beutel aus schwarzem Kraftkarton mit einer 50-fachen Aufrei\u00dflasche - praktisch, hygienisch und ideal f\u00fcr den Verkauf zum Mitnehmen.\" \/>\n<meta property=\"og:url\" content=\"https:\/\/www.csj-emballages.com\/de\/produit\/50-taco-beutel-aus-zerreissbarem-karton\/\" \/>\n<meta property=\"og:site_name\" content=\"CSJ Emballages\" \/>\n<meta property=\"article:publisher\" content=\"https:\/\/www.facebook.com\/csjemballages\" \/>\n<meta property=\"article:modified_time\" content=\"2026-04-21T00:15:41+00:00\" \/>\n<meta property=\"og:image\" content=\"https:\/\/www.csj-emballages.com\/wp-content\/uploads\/2024\/03\/POCTACOS-1.webp\" \/>\n\t<meta property=\"og:image:width\" content=\"800\" \/>\n\t<meta property=\"og:image:height\" content=\"800\" \/>\n\t<meta property=\"og:image:type\" content=\"image\/webp\" \/>\n<meta name=\"twitter:card\" content=\"summary_large_image\" \/>\n<meta name=\"twitter:label1\" content=\"Gesch\u00e4tzte Lesezeit\" \/>\n\t<meta name=\"twitter:data1\" content=\"2 Minuten\" \/>\n<script type=\"application\/ld+json\" class=\"yoast-schema-graph\">{\"@context\":\"https:\/\/schema.org\",\"@graph\":[{\"@type\":\"WebPage\",\"@id\":\"https:\/\/www.csj-emballages.com\/de\/produit\/50-taco-beutel-aus-zerreissbarem-karton\/\",\"url\":\"https:\/\/www.csj-emballages.com\/de\/produit\/50-taco-beutel-aus-zerreissbarem-karton\/\",\"name\":\"Tacos Tasche Kraft Rei\u00dfkarton pro 50\",\"isPartOf\":{\"@id\":\"https:\/\/www.csj-emballages.com\/de\/#website\"},\"primaryImageOfPage\":{\"@id\":\"https:\/\/www.csj-emballages.com\/de\/produit\/50-taco-beutel-aus-zerreissbarem-karton\/#primaryimage\"},\"image\":{\"@id\":\"https:\/\/www.csj-emballages.com\/de\/produit\/50-taco-beutel-aus-zerreissbarem-karton\/#primaryimage\"},\"thumbnailUrl\":\"https:\/\/www.csj-emballages.com\/wp-content\/uploads\/2024\/03\/POCTACOS-1.webp\",\"datePublished\":\"2024-03-01T15:50:26+00:00\",\"dateModified\":\"2026-04-21T00:15:41+00:00\",\"description\":\"Entdecken Sie unsere Taco-Beutel aus schwarzem Kraftkarton mit einer 50-fachen Aufrei\u00dflasche - praktisch, hygienisch und ideal f\u00fcr den Verkauf zum Mitnehmen.\",\"breadcrumb\":{\"@id\":\"https:\/\/www.csj-emballages.com\/de\/produit\/50-taco-beutel-aus-zerreissbarem-karton\/#breadcrumb\"},\"inLanguage\":\"de\",\"potentialAction\":[{\"@type\":\"ReadAction\",\"target\":[\"https:\/\/www.csj-emballages.com\/de\/produit\/50-taco-beutel-aus-zerreissbarem-karton\/\"]}]},{\"@type\":\"ImageObject\",\"inLanguage\":\"de\",\"@id\":\"https:\/\/www.csj-emballages.com\/de\/produit\/50-taco-beutel-aus-zerreissbarem-karton\/#primaryimage\",\"url\":\"https:\/\/www.csj-emballages.com\/wp-content\/uploads\/2024\/03\/POCTACOS-1.webp\",\"contentUrl\":\"https:\/\/www.csj-emballages.com\/wp-content\/uploads\/2024\/03\/POCTACOS-1.webp\",\"width\":800,\"height\":800,\"caption\":\"Pochette tacos\"},{\"@type\":\"BreadcrumbList\",\"@id\":\"https:\/\/www.csj-emballages.com\/de\/produit\/50-taco-beutel-aus-zerreissbarem-karton\/#breadcrumb\",\"itemListElement\":[{\"@type\":\"ListItem\",\"position\":1,\"name\":\"Accueil\",\"item\":\"https:\/\/www.csj-emballages.com\/de\/universum-lebensmittelverpackungen\/\"},{\"@type\":\"ListItem\",\"position\":2,\"name\":\"Shop\",\"item\":\"https:\/\/www.csj-emballages.com\/shop\/\"},{\"@type\":\"ListItem\",\"position\":3,\"name\":\"Taco-Tasche aus zerrei\u00dfbarem Karton pro 50\"}]},{\"@type\":\"WebSite\",\"@id\":\"https:\/\/www.csj-emballages.com\/de\/#website\",\"url\":\"https:\/\/www.csj-emballages.com\/de\/\",\"name\":\"CSJ Emballages\",\"description\":\"\",\"publisher\":{\"@id\":\"https:\/\/www.csj-emballages.com\/de\/#organization\"},\"potentialAction\":[{\"@type\":\"SearchAction\",\"target\":{\"@type\":\"EntryPoint\",\"urlTemplate\":\"https:\/\/www.csj-emballages.com\/de\/?s={search_term_string}\"},\"query-input\":{\"@type\":\"PropertyValueSpecification\",\"valueRequired\":true,\"valueName\":\"search_term_string\"}}],\"inLanguage\":\"de\"},{\"@type\":\"Organization\",\"@id\":\"https:\/\/www.csj-emballages.com\/de\/#Organization\/\",\"name\":\"CSJ Emballages\",\"url\":\"https:\/\/www.csj-emballages.com\/de\/\",\"logo\":{\"@type\":\"ImageObject\",\"inLanguage\":\"de\",\"@id\":\"https:\/\/www.csj-emballages.com\/de\/#\/schema\/logo\/image\/\",\"url\":\"https:\/\/www.csj-emballages.com\/wp-content\/uploads\/2023\/10\/logo_csj.webp\",\"contentUrl\":\"https:\/\/www.csj-emballages.com\/wp-content\/uploads\/2023\/10\/logo_csj.webp\",\"width\":250,\"height\":95,\"caption\":\"CSJ Emballages\"},\"image\":{\"@id\":\"https:\/\/www.csj-emballages.com\/de\/#\/schema\/logo\/image\/\"},\"sameAs\":[\"https:\/\/www.facebook.com\/csjemballages\"],\"address\":{\"@type\":\"PostalAddress\",\"streetAddress\":\"ZI La Lechere\",\"addressLocality\":\"Patornay\",\"postalCode\":\"39130\",\"addressCountry\":\"FR\"},\"contactPoint\":[{\"@type\":\"ContactPoint\",\"contactType\":\"Service client\",\"telephone\":\"0384254272\",\"email\":\"contact@csj-emballages.com\"}]}]}<\/script>\n<!-- \/ Yoast SEO Premium plugin. -->","yoast_head_json":{"title":"Tacos Tasche Kraft Rei\u00dfkarton pro 50","description":"Entdecken Sie unsere Taco-Beutel aus schwarzem Kraftkarton mit einer 50-fachen Aufrei\u00dflasche - praktisch, hygienisch und ideal f\u00fcr den Verkauf zum Mitnehmen.","robots":{"index":"index","follow":"follow","max-snippet":"max-snippet:-1","max-image-preview":"max-image-preview:large","max-video-preview":"max-video-preview:-1"},"canonical":"https:\/\/www.csj-emballages.com\/de\/produit\/50-taco-beutel-aus-zerreissbarem-karton\/","og_locale":"de_DE","og_type":"article","og_title":"Taco-Tasche aus zerrei\u00dfbarem Karton pro 50","og_description":"Entdecken Sie unsere Taco-Beutel aus schwarzem Kraftkarton mit einer 50-fachen Aufrei\u00dflasche - praktisch, hygienisch und ideal f\u00fcr den Verkauf zum Mitnehmen.","og_url":"https:\/\/www.csj-emballages.com\/de\/produit\/50-taco-beutel-aus-zerreissbarem-karton\/","og_site_name":"CSJ Emballages","article_publisher":"https:\/\/www.facebook.com\/csjemballages","article_modified_time":"2026-04-21T00:15:41+00:00","og_image":[{"width":800,"height":800,"url":"https:\/\/www.csj-emballages.com\/wp-content\/uploads\/2024\/03\/POCTACOS-1.webp","type":"image\/webp"}],"twitter_card":"summary_large_image","twitter_misc":{"Gesch\u00e4tzte Lesezeit":"2 Minuten"},"schema":{"@context":"https:\/\/schema.org","@graph":[{"@type":"WebPage","@id":"https:\/\/www.csj-emballages.com\/de\/produit\/50-taco-beutel-aus-zerreissbarem-karton\/","url":"https:\/\/www.csj-emballages.com\/de\/produit\/50-taco-beutel-aus-zerreissbarem-karton\/","name":"Tacos Tasche Kraft Rei\u00dfkarton pro 50","isPartOf":{"@id":"https:\/\/www.csj-emballages.com\/de\/#website"},"primaryImageOfPage":{"@id":"https:\/\/www.csj-emballages.com\/de\/produit\/50-taco-beutel-aus-zerreissbarem-karton\/#primaryimage"},"image":{"@id":"https:\/\/www.csj-emballages.com\/de\/produit\/50-taco-beutel-aus-zerreissbarem-karton\/#primaryimage"},"thumbnailUrl":"https:\/\/www.csj-emballages.com\/wp-content\/uploads\/2024\/03\/POCTACOS-1.webp","datePublished":"2024-03-01T15:50:26+00:00","dateModified":"2026-04-21T00:15:41+00:00","description":"Entdecken Sie unsere Taco-Beutel aus schwarzem Kraftkarton mit einer 50-fachen Aufrei\u00dflasche - praktisch, hygienisch und ideal f\u00fcr den Verkauf zum Mitnehmen.","breadcrumb":{"@id":"https:\/\/www.csj-emballages.com\/de\/produit\/50-taco-beutel-aus-zerreissbarem-karton\/#breadcrumb"},"inLanguage":"de","potentialAction":[{"@type":"ReadAction","target":["https:\/\/www.csj-emballages.com\/de\/produit\/50-taco-beutel-aus-zerreissbarem-karton\/"]}]},{"@type":"ImageObject","inLanguage":"de","@id":"https:\/\/www.csj-emballages.com\/de\/produit\/50-taco-beutel-aus-zerreissbarem-karton\/#primaryimage","url":"https:\/\/www.csj-emballages.com\/wp-content\/uploads\/2024\/03\/POCTACOS-1.webp","contentUrl":"https:\/\/www.csj-emballages.com\/wp-content\/uploads\/2024\/03\/POCTACOS-1.webp","width":800,"height":800,"caption":"Pochette tacos"},{"@type":"BreadcrumbList","@id":"https:\/\/www.csj-emballages.com\/de\/produit\/50-taco-beutel-aus-zerreissbarem-karton\/#breadcrumb","itemListElement":[{"@type":"ListItem","position":1,"name":"Accueil","item":"https:\/\/www.csj-emballages.com\/de\/universum-lebensmittelverpackungen\/"},{"@type":"ListItem","position":2,"name":"Shop","item":"https:\/\/www.csj-emballages.com\/shop\/"},{"@type":"ListItem","position":3,"name":"Taco-Tasche aus zerrei\u00dfbarem Karton pro 50"}]},{"@type":"WebSite","@id":"https:\/\/www.csj-emballages.com\/de\/#website","url":"https:\/\/www.csj-emballages.com\/de\/","name":"CSJ Emballages","description":"","publisher":{"@id":"https:\/\/www.csj-emballages.com\/de\/#organization"},"potentialAction":[{"@type":"SearchAction","target":{"@type":"EntryPoint","urlTemplate":"https:\/\/www.csj-emballages.com\/de\/?s={search_term_string}"},"query-input":{"@type":"PropertyValueSpecification","valueRequired":true,"valueName":"search_term_string"}}],"inLanguage":"de"},{"@type":"Organization","@id":"https:\/\/www.csj-emballages.com\/de\/#Organization\/","name":"CSJ Emballages","url":"https:\/\/www.csj-emballages.com\/de\/","logo":{"@type":"ImageObject","inLanguage":"de","@id":"https:\/\/www.csj-emballages.com\/de\/#\/schema\/logo\/image\/","url":"https:\/\/www.csj-emballages.com\/wp-content\/uploads\/2023\/10\/logo_csj.webp","contentUrl":"https:\/\/www.csj-emballages.com\/wp-content\/uploads\/2023\/10\/logo_csj.webp","width":250,"height":95,"caption":"CSJ Emballages"},"image":{"@id":"https:\/\/www.csj-emballages.com\/de\/#\/schema\/logo\/image\/"},"sameAs":["https:\/\/www.facebook.com\/csjemballages"],"address":{"@type":"PostalAddress","streetAddress":"ZI La Lechere","addressLocality":"Patornay","postalCode":"39130","addressCountry":"FR"},"contactPoint":[{"@type":"ContactPoint","contactType":"Service client","telephone":"0384254272","email":"contact@csj-emballages.com"}]}]}},"df_price":7.8,"df_sale_price":7.8,"df_regular_price":11.14,"df_image_link":"https:\/\/www.csj-emballages.com\/wp-content\/uploads\/2024\/03\/POCTACOS-1-300x300.webp","tiered_pricing_type":"fixed","tiered_pricing_fixed_rules":[],"tiered_pricing_percentage_rules":[],"tiered_pricing_minimum":1,"tiered_pricing_roles_data":[],"_links":{"self":[{"href":"https:\/\/www.csj-emballages.com\/de\/wp-json\/wp\/v2\/product\/22666","targetHints":{"allow":["GET"]}}],"collection":[{"href":"https:\/\/www.csj-emballages.com\/de\/wp-json\/wp\/v2\/product"}],"about":[{"href":"https:\/\/www.csj-emballages.com\/de\/wp-json\/wp\/v2\/types\/product"}],"wp:featuredmedia":[{"embeddable":true,"href":"https:\/\/www.csj-emballages.com\/de\/wp-json\/wp\/v2\/media\/230473"}],"wp:attachment":[{"href":"https:\/\/www.csj-emballages.com\/de\/wp-json\/wp\/v2\/media?parent=22666"}],"wp:term":[{"taxonomy":"product_brand","embeddable":true,"href":"https:\/\/www.csj-emballages.com\/de\/wp-json\/wp\/v2\/product_brand?post=22666"},{"taxonomy":"product_cat","embeddable":true,"href":"https:\/\/www.csj-emballages.com\/de\/wp-json\/wp\/v2\/product_cat?post=22666"},{"taxonomy":"product_tag","embeddable":true,"href":"https:\/\/www.csj-emballages.com\/de\/wp-json\/wp\/v2\/product_tag?post=22666"}],"curies":[{"name":"wp","href":"https:\/\/api.w.org\/{rel}","templated":true}]}}