{"id":226656,"date":"2024-03-01T16:54:50","date_gmt":"2024-03-01T15:54:50","guid":{"rendered":"https:\/\/www.csj-emballages.com\/produit\/50-deckel-fuer-verschliessbare-schalen-bo2200\/"},"modified":"2026-04-29T02:13:18","modified_gmt":"2026-04-29T00:13:18","slug":"50-deckel-fuer-verschliessbare-schalen-bo2200","status":"publish","type":"product","link":"https:\/\/www.csj-emballages.com\/de\/produit\/50-deckel-fuer-verschliessbare-schalen-bo2200\/","title":{"rendered":"Deckel f\u00fcr verschlie\u00dfbare Schale BO2200 pro 50"},"content":{"rendered":"<h2>Aluminiumschalen-Deckel<\/h2>\n<hr>\n<h3>Beschreibung von unserem Deckel f\u00fcr Deckelschale BO2200 pro 50<\/h3>\n<p><!--more--><\/p>\n<p data-start=\"31\" data-end=\"344\">Optimieren Sie die Aufbewahrung und den Transport Ihrer Gerichte mit diesen <strong> <span style=\"color: #000000;\">Aluminiumschalen-Deckeln<\/span><\/strong>.<span style=\"color: #d12727;\"><strong data-start=\"95\" data-end=\"142\"> <span style=\"color: #000000;\">verschlie\u00dfbar<\/span> <a style=\"color: #d12727;\" href=\"https:\/\/www.csj-emballages.com\/es\/produit\/50-bandejas-de-aluminio-desechables-con-tapas-separadas-precintables-2100ml\/\">BO2200<\/a><\/strong><\/span>. Der Deckel wurde f\u00fcr die Verwendung mit <strong>Aluminiumschalen<\/strong> (Ref. <span style=\"color: #d12727;\"><a style=\"color: #d12727;\" href=\"https:\/\/www.csj-emballages.com\/es\/produit\/50-bandejas-de-aluminio-desechables-con-tapas-separadas-precintables-2100ml\/\">BO2200<\/a><\/span>Sie sorgen f\u00fcr einen <strong data-start=\"265\" data-end=\"290\">perfekten Verschluss<\/strong>, um einen optimalen Schutz der Lebensmittel zu gew\u00e4hrleisten. <\/p>\n<p data-start=\"346\" data-end=\"675\">Dank ihrer pr\u00e4zisen Passform gew\u00e4hrleisten diese <strong>Deckel<\/strong> einen luftdichten Verschluss, wodurch das Risiko von Leckagen minimiert und die Frische Ihrer Zubereitungen erhalten bleibt. Sie sind ideal f\u00fcr Caterer, Gastronomen und Privatpersonen und gew\u00e4hrleisten eine sichere Verpackung f\u00fcr Speisen zum Mitnehmen oder Lieferungen.<\/p>\n<h3 data-start=\"951\" data-end=\"979\"><\/h3>\n<p><!--more--><\/p>\n<p><strong>Vorteile :<\/strong><\/p>\n<ul>\n<li data-start=\"1174\" data-end=\"1257\">Sorgt f\u00fcr einen hermetischen Verschluss, um Auslaufen zu verhindern.<\/li>\n<li data-start=\"1258\" data-end=\"1338\">Bewahrt die Frische und Qualit\u00e4t der Lebensmittel.<\/li>\n<li data-start=\"1339\" data-end=\"1413\">Geeignet f\u00fcr BO2200-Aluminiumschalen.<\/li>\n<li data-start=\"1494\" data-end=\"1596\" data-is-last-node=\"\">Praktische L\u00f6sung f\u00fcr Transport und Lieferung.<\/li>\n<\/ul>\n<p>&nbsp;<\/p>\n<p><!--more--><\/p>\n<h4>Weitere Informationen :<\/h4>\n<ul>\n<li><strong>Verpackung<\/strong>: Packung mit 50 St\u00fcck<\/li>\n<li><strong>Ma\u00dfe<\/strong>: 315 x 215 mm<\/li>\n<li><strong>Material<\/strong>: Karton<\/li>\n<\/ul>\n<p>&nbsp;<\/p>\n<p><!--more--><\/p>\n<p>Hier finden Sie die Aluminiumschale, die mit diesem Deckel kompatibel ist : <span style=\"color: #d12727;\"><a style=\"color: #d12727;\" href=\"https:\/\/www.csj-emballages.com\/es\/produit\/50-bandejas-de-aluminio-desechables-con-tapas-separadas-precintables-2100ml\/\">BO200<\/a><\/span><\/p>\n<p>&nbsp;<\/p>\n<p><!--more--><\/p>\n<p><a href=\"https:\/\/www.csj-emballages.com\/de\/categorie-produit\/lebensmittelverpackungen\/metzgerei-und-feinkostgeschaft\/schalen-dosen-und-glaser\/aluminiumschalen-schalen-formen-tabletts-becher-auflaufformen-tortenschalen\/verschliesbare-schalen\/\">Sehen Sie sich den Rest unseres Sortiments an verschlie\u00dfbaren Aluminiumschalen an.<\/a><\/p>\n","protected":false},"excerpt":{"rendered":"<p>Aluminiumschalen-Deckel Beschreibung von unserem Deckel f\u00fcr Deckelschale BO2200 pro 50<\/p>\n","protected":false},"featured_media":227954,"template":"","meta":{"_acf_changed":false},"product_brand":[],"product_cat":[1137,1170,1997,2174],"product_tag":[],"class_list":{"0":"post-226656","1":"product","2":"type-product","3":"status-publish","4":"has-post-thumbnail","6":"product_cat-lebensmittelverpackungen","7":"product_cat-metzgerei-und-feinkostgeschaft","8":"product_cat-aluminiumschalen-schalen-formen-tabletts-becher-auflaufformen-tortenschalen","9":"product_cat-verschliesbare-schalen","11":"first","12":"instock","13":"taxable","14":"shipping-taxable","15":"purchasable","16":"product-type-simple"},"acf":[],"yoast_head":"<!-- This site is optimized with the Yoast SEO Premium plugin v26.6 (Yoast SEO v26.6) - https:\/\/yoast.com\/wordpress\/plugins\/seo\/ -->\n<title>Deckel Aluminiumschale BO2200<\/title>\n<meta name=\"description\" content=\"Versiegelbare Aluminiumdeckel f\u00fcr BO2200-Schalen. Sorgen f\u00fcr einen luftdichten Verschluss, um Ihre Speisen zu sch\u00fctzen und zu konservieren. Schalen separat erh\u00e4ltlich.\" \/>\n<meta name=\"robots\" content=\"index, follow, max-snippet:-1, max-image-preview:large, max-video-preview:-1\" \/>\n<link rel=\"canonical\" href=\"https:\/\/www.csj-emballages.com\/de\/produit\/50-deckel-fuer-verschliessbare-schalen-bo2200\/\" \/>\n<meta property=\"og:locale\" content=\"de_DE\" \/>\n<meta property=\"og:type\" content=\"article\" \/>\n<meta property=\"og:title\" content=\"Deckel f\u00fcr verschlie\u00dfbare Schale BO2200 pro 50\" \/>\n<meta property=\"og:description\" content=\"Versiegelbare Aluminiumdeckel f\u00fcr BO2200-Schalen. Sorgen f\u00fcr einen luftdichten Verschluss, um Ihre Speisen zu sch\u00fctzen und zu konservieren. Schalen separat erh\u00e4ltlich.\" \/>\n<meta property=\"og:url\" content=\"https:\/\/www.csj-emballages.com\/de\/produit\/50-deckel-fuer-verschliessbare-schalen-bo2200\/\" \/>\n<meta property=\"og:site_name\" content=\"CSJ Emballages\" \/>\n<meta property=\"article:publisher\" content=\"https:\/\/www.facebook.com\/csjemballages\" \/>\n<meta property=\"article:modified_time\" content=\"2026-04-29T00:13:18+00:00\" \/>\n<meta property=\"og:image\" content=\"https:\/\/www.csj-emballages.com\/wp-content\/uploads\/2024\/03\/COUVERCLE-CARTON-_-ALUMINIUM-REF.CO-POUR-BARQUETTE-OPERCULABLE.webp\" \/>\n\t<meta property=\"og:image:width\" content=\"800\" \/>\n\t<meta property=\"og:image:height\" content=\"800\" \/>\n\t<meta property=\"og:image:type\" content=\"image\/webp\" \/>\n<meta name=\"twitter:card\" content=\"summary_large_image\" \/>\n<meta name=\"twitter:label1\" content=\"Gesch\u00e4tzte Lesezeit\" \/>\n\t<meta name=\"twitter:data1\" content=\"1\u00a0Minute\" \/>\n<script type=\"application\/ld+json\" class=\"yoast-schema-graph\">{\"@context\":\"https:\/\/schema.org\",\"@graph\":[{\"@type\":\"WebPage\",\"@id\":\"https:\/\/www.csj-emballages.com\/de\/produit\/50-deckel-fuer-verschliessbare-schalen-bo2200\/\",\"url\":\"https:\/\/www.csj-emballages.com\/de\/produit\/50-deckel-fuer-verschliessbare-schalen-bo2200\/\",\"name\":\"Deckel Aluminiumschale BO2200\",\"isPartOf\":{\"@id\":\"https:\/\/www.csj-emballages.com\/de\/#website\"},\"primaryImageOfPage\":{\"@id\":\"https:\/\/www.csj-emballages.com\/de\/produit\/50-deckel-fuer-verschliessbare-schalen-bo2200\/#primaryimage\"},\"image\":{\"@id\":\"https:\/\/www.csj-emballages.com\/de\/produit\/50-deckel-fuer-verschliessbare-schalen-bo2200\/#primaryimage\"},\"thumbnailUrl\":\"https:\/\/www.csj-emballages.com\/wp-content\/uploads\/2024\/03\/COUVERCLE-CARTON-_-ALUMINIUM-REF.CO-POUR-BARQUETTE-OPERCULABLE.webp\",\"datePublished\":\"2024-03-01T15:54:50+00:00\",\"dateModified\":\"2026-04-29T00:13:18+00:00\",\"description\":\"Versiegelbare Aluminiumdeckel f\u00fcr BO2200-Schalen. Sorgen f\u00fcr einen luftdichten Verschluss, um Ihre Speisen zu sch\u00fctzen und zu konservieren. Schalen separat erh\u00e4ltlich.\",\"breadcrumb\":{\"@id\":\"https:\/\/www.csj-emballages.com\/de\/produit\/50-deckel-fuer-verschliessbare-schalen-bo2200\/#breadcrumb\"},\"inLanguage\":\"de\",\"potentialAction\":[{\"@type\":\"ReadAction\",\"target\":[\"https:\/\/www.csj-emballages.com\/de\/produit\/50-deckel-fuer-verschliessbare-schalen-bo2200\/\"]}]},{\"@type\":\"ImageObject\",\"inLanguage\":\"de\",\"@id\":\"https:\/\/www.csj-emballages.com\/de\/produit\/50-deckel-fuer-verschliessbare-schalen-bo2200\/#primaryimage\",\"url\":\"https:\/\/www.csj-emballages.com\/wp-content\/uploads\/2024\/03\/COUVERCLE-CARTON-_-ALUMINIUM-REF.CO-POUR-BARQUETTE-OPERCULABLE.webp\",\"contentUrl\":\"https:\/\/www.csj-emballages.com\/wp-content\/uploads\/2024\/03\/COUVERCLE-CARTON-_-ALUMINIUM-REF.CO-POUR-BARQUETTE-OPERCULABLE.webp\",\"width\":800,\"height\":800,\"caption\":\"Couvercle barquette aluminium\"},{\"@type\":\"BreadcrumbList\",\"@id\":\"https:\/\/www.csj-emballages.com\/de\/produit\/50-deckel-fuer-verschliessbare-schalen-bo2200\/#breadcrumb\",\"itemListElement\":[{\"@type\":\"ListItem\",\"position\":1,\"name\":\"Accueil\",\"item\":\"https:\/\/www.csj-emballages.com\/de\/universum-lebensmittelverpackungen\/\"},{\"@type\":\"ListItem\",\"position\":2,\"name\":\"Shop\",\"item\":\"https:\/\/www.csj-emballages.com\/shop\/\"},{\"@type\":\"ListItem\",\"position\":3,\"name\":\"Deckel f\u00fcr verschlie\u00dfbare Schale BO2200 pro 50\"}]},{\"@type\":\"WebSite\",\"@id\":\"https:\/\/www.csj-emballages.com\/de\/#website\",\"url\":\"https:\/\/www.csj-emballages.com\/de\/\",\"name\":\"CSJ Emballages\",\"description\":\"\",\"publisher\":{\"@id\":\"https:\/\/www.csj-emballages.com\/de\/#organization\"},\"potentialAction\":[{\"@type\":\"SearchAction\",\"target\":{\"@type\":\"EntryPoint\",\"urlTemplate\":\"https:\/\/www.csj-emballages.com\/de\/?s={search_term_string}\"},\"query-input\":{\"@type\":\"PropertyValueSpecification\",\"valueRequired\":true,\"valueName\":\"search_term_string\"}}],\"inLanguage\":\"de\"},{\"@type\":\"Organization\",\"@id\":\"https:\/\/www.csj-emballages.com\/de\/#Organization\/\",\"name\":\"CSJ Emballages\",\"url\":\"https:\/\/www.csj-emballages.com\/de\/\",\"logo\":{\"@type\":\"ImageObject\",\"inLanguage\":\"de\",\"@id\":\"https:\/\/www.csj-emballages.com\/de\/#\/schema\/logo\/image\/\",\"url\":\"https:\/\/www.csj-emballages.com\/wp-content\/uploads\/2023\/10\/logo_csj.webp\",\"contentUrl\":\"https:\/\/www.csj-emballages.com\/wp-content\/uploads\/2023\/10\/logo_csj.webp\",\"width\":250,\"height\":95,\"caption\":\"CSJ Emballages\"},\"image\":{\"@id\":\"https:\/\/www.csj-emballages.com\/de\/#\/schema\/logo\/image\/\"},\"sameAs\":[\"https:\/\/www.facebook.com\/csjemballages\"],\"address\":{\"@type\":\"PostalAddress\",\"streetAddress\":\"ZI La Lechere\",\"addressLocality\":\"Patornay\",\"postalCode\":\"39130\",\"addressCountry\":\"FR\"},\"contactPoint\":[{\"@type\":\"ContactPoint\",\"contactType\":\"Service client\",\"telephone\":\"0384254272\",\"email\":\"contact@csj-emballages.com\"}]}]}<\/script>\n<!-- \/ Yoast SEO Premium plugin. -->","yoast_head_json":{"title":"Deckel Aluminiumschale BO2200","description":"Versiegelbare Aluminiumdeckel f\u00fcr BO2200-Schalen. Sorgen f\u00fcr einen luftdichten Verschluss, um Ihre Speisen zu sch\u00fctzen und zu konservieren. Schalen separat erh\u00e4ltlich.","robots":{"index":"index","follow":"follow","max-snippet":"max-snippet:-1","max-image-preview":"max-image-preview:large","max-video-preview":"max-video-preview:-1"},"canonical":"https:\/\/www.csj-emballages.com\/de\/produit\/50-deckel-fuer-verschliessbare-schalen-bo2200\/","og_locale":"de_DE","og_type":"article","og_title":"Deckel f\u00fcr verschlie\u00dfbare Schale BO2200 pro 50","og_description":"Versiegelbare Aluminiumdeckel f\u00fcr BO2200-Schalen. Sorgen f\u00fcr einen luftdichten Verschluss, um Ihre Speisen zu sch\u00fctzen und zu konservieren. Schalen separat erh\u00e4ltlich.","og_url":"https:\/\/www.csj-emballages.com\/de\/produit\/50-deckel-fuer-verschliessbare-schalen-bo2200\/","og_site_name":"CSJ Emballages","article_publisher":"https:\/\/www.facebook.com\/csjemballages","article_modified_time":"2026-04-29T00:13:18+00:00","og_image":[{"width":800,"height":800,"url":"https:\/\/www.csj-emballages.com\/wp-content\/uploads\/2024\/03\/COUVERCLE-CARTON-_-ALUMINIUM-REF.CO-POUR-BARQUETTE-OPERCULABLE.webp","type":"image\/webp"}],"twitter_card":"summary_large_image","twitter_misc":{"Gesch\u00e4tzte Lesezeit":"1\u00a0Minute"},"schema":{"@context":"https:\/\/schema.org","@graph":[{"@type":"WebPage","@id":"https:\/\/www.csj-emballages.com\/de\/produit\/50-deckel-fuer-verschliessbare-schalen-bo2200\/","url":"https:\/\/www.csj-emballages.com\/de\/produit\/50-deckel-fuer-verschliessbare-schalen-bo2200\/","name":"Deckel Aluminiumschale BO2200","isPartOf":{"@id":"https:\/\/www.csj-emballages.com\/de\/#website"},"primaryImageOfPage":{"@id":"https:\/\/www.csj-emballages.com\/de\/produit\/50-deckel-fuer-verschliessbare-schalen-bo2200\/#primaryimage"},"image":{"@id":"https:\/\/www.csj-emballages.com\/de\/produit\/50-deckel-fuer-verschliessbare-schalen-bo2200\/#primaryimage"},"thumbnailUrl":"https:\/\/www.csj-emballages.com\/wp-content\/uploads\/2024\/03\/COUVERCLE-CARTON-_-ALUMINIUM-REF.CO-POUR-BARQUETTE-OPERCULABLE.webp","datePublished":"2024-03-01T15:54:50+00:00","dateModified":"2026-04-29T00:13:18+00:00","description":"Versiegelbare Aluminiumdeckel f\u00fcr BO2200-Schalen. Sorgen f\u00fcr einen luftdichten Verschluss, um Ihre Speisen zu sch\u00fctzen und zu konservieren. Schalen separat erh\u00e4ltlich.","breadcrumb":{"@id":"https:\/\/www.csj-emballages.com\/de\/produit\/50-deckel-fuer-verschliessbare-schalen-bo2200\/#breadcrumb"},"inLanguage":"de","potentialAction":[{"@type":"ReadAction","target":["https:\/\/www.csj-emballages.com\/de\/produit\/50-deckel-fuer-verschliessbare-schalen-bo2200\/"]}]},{"@type":"ImageObject","inLanguage":"de","@id":"https:\/\/www.csj-emballages.com\/de\/produit\/50-deckel-fuer-verschliessbare-schalen-bo2200\/#primaryimage","url":"https:\/\/www.csj-emballages.com\/wp-content\/uploads\/2024\/03\/COUVERCLE-CARTON-_-ALUMINIUM-REF.CO-POUR-BARQUETTE-OPERCULABLE.webp","contentUrl":"https:\/\/www.csj-emballages.com\/wp-content\/uploads\/2024\/03\/COUVERCLE-CARTON-_-ALUMINIUM-REF.CO-POUR-BARQUETTE-OPERCULABLE.webp","width":800,"height":800,"caption":"Couvercle barquette aluminium"},{"@type":"BreadcrumbList","@id":"https:\/\/www.csj-emballages.com\/de\/produit\/50-deckel-fuer-verschliessbare-schalen-bo2200\/#breadcrumb","itemListElement":[{"@type":"ListItem","position":1,"name":"Accueil","item":"https:\/\/www.csj-emballages.com\/de\/universum-lebensmittelverpackungen\/"},{"@type":"ListItem","position":2,"name":"Shop","item":"https:\/\/www.csj-emballages.com\/shop\/"},{"@type":"ListItem","position":3,"name":"Deckel f\u00fcr verschlie\u00dfbare Schale BO2200 pro 50"}]},{"@type":"WebSite","@id":"https:\/\/www.csj-emballages.com\/de\/#website","url":"https:\/\/www.csj-emballages.com\/de\/","name":"CSJ Emballages","description":"","publisher":{"@id":"https:\/\/www.csj-emballages.com\/de\/#organization"},"potentialAction":[{"@type":"SearchAction","target":{"@type":"EntryPoint","urlTemplate":"https:\/\/www.csj-emballages.com\/de\/?s={search_term_string}"},"query-input":{"@type":"PropertyValueSpecification","valueRequired":true,"valueName":"search_term_string"}}],"inLanguage":"de"},{"@type":"Organization","@id":"https:\/\/www.csj-emballages.com\/de\/#Organization\/","name":"CSJ Emballages","url":"https:\/\/www.csj-emballages.com\/de\/","logo":{"@type":"ImageObject","inLanguage":"de","@id":"https:\/\/www.csj-emballages.com\/de\/#\/schema\/logo\/image\/","url":"https:\/\/www.csj-emballages.com\/wp-content\/uploads\/2023\/10\/logo_csj.webp","contentUrl":"https:\/\/www.csj-emballages.com\/wp-content\/uploads\/2023\/10\/logo_csj.webp","width":250,"height":95,"caption":"CSJ Emballages"},"image":{"@id":"https:\/\/www.csj-emballages.com\/de\/#\/schema\/logo\/image\/"},"sameAs":["https:\/\/www.facebook.com\/csjemballages"],"address":{"@type":"PostalAddress","streetAddress":"ZI La Lechere","addressLocality":"Patornay","postalCode":"39130","addressCountry":"FR"},"contactPoint":[{"@type":"ContactPoint","contactType":"Service client","telephone":"0384254272","email":"contact@csj-emballages.com"}]}]}},"df_price":8.44,"df_sale_price":"","df_regular_price":8.44,"df_image_link":"https:\/\/www.csj-emballages.com\/wp-content\/uploads\/2024\/03\/COUVERCLE-CARTON-_-ALUMINIUM-REF.CO-POUR-BARQUETTE-OPERCULABLE-300x300.webp","tiered_pricing_type":"fixed","tiered_pricing_fixed_rules":[],"tiered_pricing_percentage_rules":[],"tiered_pricing_minimum":1,"tiered_pricing_roles_data":[],"_links":{"self":[{"href":"https:\/\/www.csj-emballages.com\/de\/wp-json\/wp\/v2\/product\/226656","targetHints":{"allow":["GET"]}}],"collection":[{"href":"https:\/\/www.csj-emballages.com\/de\/wp-json\/wp\/v2\/product"}],"about":[{"href":"https:\/\/www.csj-emballages.com\/de\/wp-json\/wp\/v2\/types\/product"}],"wp:featuredmedia":[{"embeddable":true,"href":"https:\/\/www.csj-emballages.com\/de\/wp-json\/wp\/v2\/media\/227954"}],"wp:attachment":[{"href":"https:\/\/www.csj-emballages.com\/de\/wp-json\/wp\/v2\/media?parent=226656"}],"wp:term":[{"taxonomy":"product_brand","embeddable":true,"href":"https:\/\/www.csj-emballages.com\/de\/wp-json\/wp\/v2\/product_brand?post=226656"},{"taxonomy":"product_cat","embeddable":true,"href":"https:\/\/www.csj-emballages.com\/de\/wp-json\/wp\/v2\/product_cat?post=226656"},{"taxonomy":"product_tag","embeddable":true,"href":"https:\/\/www.csj-emballages.com\/de\/wp-json\/wp\/v2\/product_tag?post=226656"}],"curies":[{"name":"wp","href":"https:\/\/api.w.org\/{rel}","templated":true}]}}