{"id":226651,"date":"2024-03-01T16:55:44","date_gmt":"2024-03-01T15:55:44","guid":{"rendered":"https:\/\/www.csj-emballages.com\/produit\/50-transparente-plastikeinlagen-25-macarons-fuer-schachteln\/"},"modified":"2026-04-15T02:12:15","modified_gmt":"2026-04-15T00:12:15","slug":"50-transparente-plastikeinlagen-25-macarons-fuer-schachteln","status":"publish","type":"product","link":"https:\/\/www.csj-emballages.com\/de\/produit\/50-transparente-plastikeinlagen-25-macarons-fuer-schachteln\/","title":{"rendered":"Transparente Makroneneinlage aus Kunststoff 25 Makronen f\u00fcr Schachteln pro 50 St\u00fcck"},"content":{"rendered":"<h2>Makronen kalibrieren<\/h2>\n<hr>\n<h3>Beschreibung von &#8222;Makroneneinlage transparent Kunststoff 25 Makronen f\u00fcr Schachtel pro 50 St\u00fcck<\/h3>\n<p><!--more--><\/p>\n<p data-start=\"101\" data-end=\"569\">Die <strong data-start=\"104\" data-end=\"150\">transparente Makroneneinlage aus Kunststoff 25 Makronen<\/strong> ist ein unverzichtbares Accessoire, um eine elegante Pr\u00e4sentation und einen optimalen Schutz Ihrer s\u00fc\u00dfen K\u00f6stlichkeiten zu gew\u00e4hrleisten. Diese speziell f\u00fcr Konditoreischachteln konzipierte <strong>Unterlage aus festem Kunststoff<\/strong> bietet Platz f\u00fcr bis zu <strong data-start=\"383\" data-end=\"398\">25 Macarons<\/strong> in einer perfekt geordneten Anordnung. Egal, ob Sie Konditormeister, Feinkosth\u00e4ndler oder Wiederverk\u00e4ufer sind, diese Verkeilung sorgt f\u00fcr ein professionelles Erscheinungsbild, das Ihren Kreationen gerecht wird.  <\/p>\n<p data-start=\"571\" data-end=\"1022\">Mit seiner <strong>raffinierten, kristallklaren<\/strong> Farbe hebt er den Glanz und die Farbnuancen Ihrer Macarons hervor und verst\u00e4rkt so den visuellen Eindruck beim Verzehr. Die aus hochwertigem Kunststoff gefertigte <strong>Einlage<\/strong> ist leicht und robust zugleich und garantiert einen ausgezeichneten Halt w\u00e4hrend des Transports, auch \u00fcber lange Strecken. Sie passt problemlos in eine <strong data-start=\"944\" data-end=\"972\">passende Makronenschachtel (25 Makronen)<\/strong> und erleichtert so die Zubereitung und Lagerung.  <\/p>\n<p data-start=\"1024\" data-end=\"1326\">Sie wird <strong data-start=\"1036\" data-end=\"1060\">in Packungen zu 50 St\u00fcck<\/strong> verpackt und entspricht den Bed\u00fcrfnissen von Profis, die eine praktische, hygienische und wirtschaftliche L\u00f6sung suchen. Diese <strong>transparente Einlage<\/strong> ist au\u00dferdem so konzipiert, dass sie den Platz optimal nutzt und verhindert, dass die Macarons verrutschen oder besch\u00e4digt werden, wodurch ihre Textur und Feinheit erhalten bleiben. <\/p>\n<p data-start=\"1328\" data-end=\"1644\">Ideal f\u00fcr Zeiten mit viel Betrieb wie Feste, Hochzeiten oder Veranstaltungen. Mit dem <strong data-start=\"1414\" data-end=\"1448\">transparenten Macarons-Keiler aus Kunststoff<\/strong> sparen Sie Zeit und bieten Ihren Kunden gleichzeitig ein gepflegtes und unwiderstehliches Endprodukt. Mit ihm wird jede <strong>Schachtel<\/strong> <strong>mit ihrer Einlage<\/strong> zu einer echten Schlemmervitrine, die schon auf den ersten Blick verf\u00fchrt. <\/p>\n<p data-start=\"1423\" data-end=\"1694\"><!--more--><\/p>\n<h4 data-start=\"1423\" data-end=\"1694\">Vorteile :<\/h4>\n<ul>\n<li data-start=\"1423\" data-end=\"1694\">Perfekter Halt f\u00fcr <strong>25 Macarons<\/strong>, ohne dass die Gefahr besteht, dass sie zerdr\u00fcckt werden.<\/li>\n<li data-start=\"1423\" data-end=\"1694\">Steifer, hygienischer <strong data-start=\"1698\" data-end=\"1723\">lebensmittelechter Kunststoff<\/strong>.<\/li>\n<li data-start=\"1423\" data-end=\"1694\"><strong data-start=\"1757\" data-end=\"1775\"> Kristallklare<\/strong> Farbe, die Ihre Kreationen veredelt.<\/li>\n<li data-start=\"1423\" data-end=\"1694\">Standardformat, das in herk\u00f6mmliche Makronenschachteln passt.<\/li>\n<li data-start=\"1423\" data-end=\"1694\">Wird in <strong data-start=\"1875\" data-end=\"1888\">Sets von 50 St\u00fcck<\/strong> verkauft und ist ideal f\u00fcr den professionellen Einsatz.<\/li>\n<\/ul>\n<p>&nbsp;<\/p>\n<p><!--more--><\/p>\n<h4>Weitere Informationen :<\/h4>\n<ul style=\"box-sizing: inherit; font-family: Roboto, sans-serif;\">\n<li><strong>Verpackung<\/strong>: Packung mit 50 St\u00fcck<\/li>\n<li><span style=\"font-weight: bold;\">Abmessungen<\/span>: 220 x 140 x 19 (L x B X H in mm)<\/li>\n<li><strong>Ma\u00dfe des Platzes f\u00fcr die Makrone<\/strong>: 4 cm x 2,5 cm<\/li>\n<li><strong>Material<\/strong>: Kunststoff<\/li>\n<li><strong>Farbe<\/strong>: Kristallklar<\/li>\n<li><strong>Kapazit\u00e4t<\/strong>: 25 Makronen<\/li>\n<\/ul>\n<p>&nbsp;<\/p>\n<p><!--more--><\/p>\n<p>Keil auch in transparent erh\u00e4ltlich : <span style=\"color: #d12727;\"><br \/>\n  <a style=\"color: #d12727;\" href=\"https:\/\/www.csj-emballages.com\/de\/produit\/50-schwarze-plastikeinlagen-25-makronen-fuer-schachteln\/\">CALBM25NOIR<\/a><br \/>\n<\/span><\/p>\n<p>&nbsp;<\/p>\n<p><!--more--><\/p>\n<p>Hier finden Sie alle Makronenschachteln, die mit dieser Verkeilung kompatibel sind: <span style=\"color: #d12727;\"><br \/>\n  <a style=\"color: #d12727;\" href=\"https:\/\/www.csj-emballages.com\/de\/produit\/rosa-schachtel-fuer-25-macarons-aus-karton\/\">ROSE<\/a><br \/>\n<\/span> (BM25ROSE) \/ <span style=\"color: #d12727;\"><br \/>\n  <a style=\"color: #d12727;\" href=\"https:\/\/www.csj-emballages.com\/de\/produit\/gruene-schachtel-fuer-25-macarons-aus-karton\/\">GR\u00dcN<\/a><br \/>\n<\/span> (BM25GR\u00dcN) \/ <span style=\"color: #d12727;\"><br \/>\n  <a style=\"color: #d12727;\" href=\"https:\/\/www.csj-emballages.com\/de\/produit\/orangefarbene-schachtel-fuer-25-macarons-aus-karton\/\">ORANGE<\/a><br \/>\n<\/span> (BM25ORANGE) \/ <span style=\"color: #d12727;\"><a style=\"color: #d12727;\" href=\"https:\/\/www.csj-emballages.com\/de\/produit\/schwarze-schachtel-fuer-25-macarons-aus-karton\/\">SCHWARZ<\/a> <span style=\"color: #000000;\">(BM25SCHWARZ)<\/span><\/span><\/p>\n<p>&nbsp;<\/p>\n<p><!--more--><\/p>\n<p><a href=\"https:\/\/www.csj-emballages.com\/de\/categorie-produit\/lebensmittelverpackungen\/backerei-und-konditorei\/schachteln-und-etuis\/macarons-schachteln-etuis\/schachteln-einlagen-fur-macarons\/makroneneinlagen\/\">Sehen Sie sich den Rest unseres Sortiments an Makroneneinlagen an<\/a><\/p>\n","protected":false},"excerpt":{"rendered":"<p>Makronen kalibrieren Beschreibung von &#8222;Makroneneinlage transparent Kunststoff 25 Makronen f\u00fcr Schachtel pro 50 St\u00fcck<\/p>\n","protected":false},"featured_media":242015,"template":"","meta":{"_acf_changed":false},"product_brand":[],"product_cat":[1137,1171,1728,2167,3933],"product_tag":[],"class_list":{"0":"post-226651","1":"product","2":"type-product","3":"status-publish","4":"has-post-thumbnail","6":"product_cat-lebensmittelverpackungen","7":"product_cat-backerei-und-konditorei","8":"product_cat-macarons-schachteln-etuis","9":"product_cat-schachteln-einlagen-fur-macarons","10":"product_cat-makroneneinlagen","12":"first","13":"instock","14":"taxable","15":"shipping-taxable","16":"purchasable","17":"product-type-simple"},"acf":[],"yoast_head":"<!-- This site is optimized with the Yoast SEO Premium plugin v26.6 (Yoast SEO v26.6) - https:\/\/yoast.com\/wordpress\/plugins\/seo\/ -->\n<title>Macarons Transparent Plastik 25 Macarons pro 50<\/title>\n<meta name=\"description\" content=\"Transparente Makroneneinlage aus Kunststoff 25 Makronen - 50 elegante und widerstandsf\u00e4hige Einlagen zum Schutz und zur Veredelung Ihrer Backkreationen.\" \/>\n<meta name=\"robots\" content=\"index, follow, max-snippet:-1, max-image-preview:large, max-video-preview:-1\" \/>\n<link rel=\"canonical\" href=\"https:\/\/www.csj-emballages.com\/de\/produit\/50-transparente-plastikeinlagen-25-macarons-fuer-schachteln\/\" \/>\n<meta property=\"og:locale\" content=\"de_DE\" \/>\n<meta property=\"og:type\" content=\"article\" \/>\n<meta property=\"og:title\" content=\"Transparente Makroneneinlage aus Kunststoff 25 Makronen f\u00fcr Schachteln pro 50 St\u00fcck\" \/>\n<meta property=\"og:description\" content=\"Transparente Makroneneinlage aus Kunststoff 25 Makronen - 50 elegante und widerstandsf\u00e4hige Einlagen zum Schutz und zur Veredelung Ihrer Backkreationen.\" \/>\n<meta property=\"og:url\" content=\"https:\/\/www.csj-emballages.com\/de\/produit\/50-transparente-plastikeinlagen-25-macarons-fuer-schachteln\/\" \/>\n<meta property=\"og:site_name\" content=\"CSJ Emballages\" \/>\n<meta property=\"article:publisher\" content=\"https:\/\/www.facebook.com\/csjemballages\" \/>\n<meta property=\"article:modified_time\" content=\"2026-04-15T00:12:15+00:00\" \/>\n<meta property=\"og:image\" content=\"https:\/\/www.csj-emballages.com\/wp-content\/uploads\/2024\/03\/CALBM25TRAN.webp\" \/>\n\t<meta property=\"og:image:width\" content=\"800\" \/>\n\t<meta property=\"og:image:height\" content=\"800\" \/>\n\t<meta property=\"og:image:type\" content=\"image\/webp\" \/>\n<meta name=\"twitter:card\" content=\"summary_large_image\" \/>\n<meta name=\"twitter:label1\" content=\"Gesch\u00e4tzte Lesezeit\" \/>\n\t<meta name=\"twitter:data1\" content=\"2 Minuten\" \/>\n<script type=\"application\/ld+json\" class=\"yoast-schema-graph\">{\"@context\":\"https:\/\/schema.org\",\"@graph\":[{\"@type\":\"WebPage\",\"@id\":\"https:\/\/www.csj-emballages.com\/de\/produit\/50-transparente-plastikeinlagen-25-macarons-fuer-schachteln\/\",\"url\":\"https:\/\/www.csj-emballages.com\/de\/produit\/50-transparente-plastikeinlagen-25-macarons-fuer-schachteln\/\",\"name\":\"Macarons Transparent Plastik 25 Macarons pro 50\",\"isPartOf\":{\"@id\":\"https:\/\/www.csj-emballages.com\/de\/#website\"},\"primaryImageOfPage\":{\"@id\":\"https:\/\/www.csj-emballages.com\/de\/produit\/50-transparente-plastikeinlagen-25-macarons-fuer-schachteln\/#primaryimage\"},\"image\":{\"@id\":\"https:\/\/www.csj-emballages.com\/de\/produit\/50-transparente-plastikeinlagen-25-macarons-fuer-schachteln\/#primaryimage\"},\"thumbnailUrl\":\"https:\/\/www.csj-emballages.com\/wp-content\/uploads\/2024\/03\/CALBM25TRAN.webp\",\"datePublished\":\"2024-03-01T15:55:44+00:00\",\"dateModified\":\"2026-04-15T00:12:15+00:00\",\"description\":\"Transparente Makroneneinlage aus Kunststoff 25 Makronen - 50 elegante und widerstandsf\u00e4hige Einlagen zum Schutz und zur Veredelung Ihrer Backkreationen.\",\"breadcrumb\":{\"@id\":\"https:\/\/www.csj-emballages.com\/de\/produit\/50-transparente-plastikeinlagen-25-macarons-fuer-schachteln\/#breadcrumb\"},\"inLanguage\":\"de\",\"potentialAction\":[{\"@type\":\"ReadAction\",\"target\":[\"https:\/\/www.csj-emballages.com\/de\/produit\/50-transparente-plastikeinlagen-25-macarons-fuer-schachteln\/\"]}]},{\"@type\":\"ImageObject\",\"inLanguage\":\"de\",\"@id\":\"https:\/\/www.csj-emballages.com\/de\/produit\/50-transparente-plastikeinlagen-25-macarons-fuer-schachteln\/#primaryimage\",\"url\":\"https:\/\/www.csj-emballages.com\/wp-content\/uploads\/2024\/03\/CALBM25TRAN.webp\",\"contentUrl\":\"https:\/\/www.csj-emballages.com\/wp-content\/uploads\/2024\/03\/CALBM25TRAN.webp\",\"width\":800,\"height\":800,\"caption\":\"Calage macarons\"},{\"@type\":\"BreadcrumbList\",\"@id\":\"https:\/\/www.csj-emballages.com\/de\/produit\/50-transparente-plastikeinlagen-25-macarons-fuer-schachteln\/#breadcrumb\",\"itemListElement\":[{\"@type\":\"ListItem\",\"position\":1,\"name\":\"Accueil\",\"item\":\"https:\/\/www.csj-emballages.com\/de\/universum-lebensmittelverpackungen\/\"},{\"@type\":\"ListItem\",\"position\":2,\"name\":\"Shop\",\"item\":\"https:\/\/www.csj-emballages.com\/shop\/\"},{\"@type\":\"ListItem\",\"position\":3,\"name\":\"Transparente Makroneneinlage aus Kunststoff 25 Makronen f\u00fcr Schachteln pro 50 St\u00fcck\"}]},{\"@type\":\"WebSite\",\"@id\":\"https:\/\/www.csj-emballages.com\/de\/#website\",\"url\":\"https:\/\/www.csj-emballages.com\/de\/\",\"name\":\"CSJ Emballages\",\"description\":\"\",\"publisher\":{\"@id\":\"https:\/\/www.csj-emballages.com\/de\/#organization\"},\"potentialAction\":[{\"@type\":\"SearchAction\",\"target\":{\"@type\":\"EntryPoint\",\"urlTemplate\":\"https:\/\/www.csj-emballages.com\/de\/?s={search_term_string}\"},\"query-input\":{\"@type\":\"PropertyValueSpecification\",\"valueRequired\":true,\"valueName\":\"search_term_string\"}}],\"inLanguage\":\"de\"},{\"@type\":\"Organization\",\"@id\":\"https:\/\/www.csj-emballages.com\/de\/#Organization\/\",\"name\":\"CSJ Emballages\",\"url\":\"https:\/\/www.csj-emballages.com\/de\/\",\"logo\":{\"@type\":\"ImageObject\",\"inLanguage\":\"de\",\"@id\":\"https:\/\/www.csj-emballages.com\/de\/#\/schema\/logo\/image\/\",\"url\":\"https:\/\/www.csj-emballages.com\/wp-content\/uploads\/2023\/10\/logo_csj.webp\",\"contentUrl\":\"https:\/\/www.csj-emballages.com\/wp-content\/uploads\/2023\/10\/logo_csj.webp\",\"width\":250,\"height\":95,\"caption\":\"CSJ Emballages\"},\"image\":{\"@id\":\"https:\/\/www.csj-emballages.com\/de\/#\/schema\/logo\/image\/\"},\"sameAs\":[\"https:\/\/www.facebook.com\/csjemballages\"],\"address\":{\"@type\":\"PostalAddress\",\"streetAddress\":\"ZI La Lechere\",\"addressLocality\":\"Patornay\",\"postalCode\":\"39130\",\"addressCountry\":\"FR\"},\"contactPoint\":[{\"@type\":\"ContactPoint\",\"contactType\":\"Service client\",\"telephone\":\"0384254272\",\"email\":\"contact@csj-emballages.com\"}]}]}<\/script>\n<!-- \/ Yoast SEO Premium plugin. -->","yoast_head_json":{"title":"Macarons Transparent Plastik 25 Macarons pro 50","description":"Transparente Makroneneinlage aus Kunststoff 25 Makronen - 50 elegante und widerstandsf\u00e4hige Einlagen zum Schutz und zur Veredelung Ihrer Backkreationen.","robots":{"index":"index","follow":"follow","max-snippet":"max-snippet:-1","max-image-preview":"max-image-preview:large","max-video-preview":"max-video-preview:-1"},"canonical":"https:\/\/www.csj-emballages.com\/de\/produit\/50-transparente-plastikeinlagen-25-macarons-fuer-schachteln\/","og_locale":"de_DE","og_type":"article","og_title":"Transparente Makroneneinlage aus Kunststoff 25 Makronen f\u00fcr Schachteln pro 50 St\u00fcck","og_description":"Transparente Makroneneinlage aus Kunststoff 25 Makronen - 50 elegante und widerstandsf\u00e4hige Einlagen zum Schutz und zur Veredelung Ihrer Backkreationen.","og_url":"https:\/\/www.csj-emballages.com\/de\/produit\/50-transparente-plastikeinlagen-25-macarons-fuer-schachteln\/","og_site_name":"CSJ Emballages","article_publisher":"https:\/\/www.facebook.com\/csjemballages","article_modified_time":"2026-04-15T00:12:15+00:00","og_image":[{"width":800,"height":800,"url":"https:\/\/www.csj-emballages.com\/wp-content\/uploads\/2024\/03\/CALBM25TRAN.webp","type":"image\/webp"}],"twitter_card":"summary_large_image","twitter_misc":{"Gesch\u00e4tzte Lesezeit":"2 Minuten"},"schema":{"@context":"https:\/\/schema.org","@graph":[{"@type":"WebPage","@id":"https:\/\/www.csj-emballages.com\/de\/produit\/50-transparente-plastikeinlagen-25-macarons-fuer-schachteln\/","url":"https:\/\/www.csj-emballages.com\/de\/produit\/50-transparente-plastikeinlagen-25-macarons-fuer-schachteln\/","name":"Macarons Transparent Plastik 25 Macarons pro 50","isPartOf":{"@id":"https:\/\/www.csj-emballages.com\/de\/#website"},"primaryImageOfPage":{"@id":"https:\/\/www.csj-emballages.com\/de\/produit\/50-transparente-plastikeinlagen-25-macarons-fuer-schachteln\/#primaryimage"},"image":{"@id":"https:\/\/www.csj-emballages.com\/de\/produit\/50-transparente-plastikeinlagen-25-macarons-fuer-schachteln\/#primaryimage"},"thumbnailUrl":"https:\/\/www.csj-emballages.com\/wp-content\/uploads\/2024\/03\/CALBM25TRAN.webp","datePublished":"2024-03-01T15:55:44+00:00","dateModified":"2026-04-15T00:12:15+00:00","description":"Transparente Makroneneinlage aus Kunststoff 25 Makronen - 50 elegante und widerstandsf\u00e4hige Einlagen zum Schutz und zur Veredelung Ihrer Backkreationen.","breadcrumb":{"@id":"https:\/\/www.csj-emballages.com\/de\/produit\/50-transparente-plastikeinlagen-25-macarons-fuer-schachteln\/#breadcrumb"},"inLanguage":"de","potentialAction":[{"@type":"ReadAction","target":["https:\/\/www.csj-emballages.com\/de\/produit\/50-transparente-plastikeinlagen-25-macarons-fuer-schachteln\/"]}]},{"@type":"ImageObject","inLanguage":"de","@id":"https:\/\/www.csj-emballages.com\/de\/produit\/50-transparente-plastikeinlagen-25-macarons-fuer-schachteln\/#primaryimage","url":"https:\/\/www.csj-emballages.com\/wp-content\/uploads\/2024\/03\/CALBM25TRAN.webp","contentUrl":"https:\/\/www.csj-emballages.com\/wp-content\/uploads\/2024\/03\/CALBM25TRAN.webp","width":800,"height":800,"caption":"Calage macarons"},{"@type":"BreadcrumbList","@id":"https:\/\/www.csj-emballages.com\/de\/produit\/50-transparente-plastikeinlagen-25-macarons-fuer-schachteln\/#breadcrumb","itemListElement":[{"@type":"ListItem","position":1,"name":"Accueil","item":"https:\/\/www.csj-emballages.com\/de\/universum-lebensmittelverpackungen\/"},{"@type":"ListItem","position":2,"name":"Shop","item":"https:\/\/www.csj-emballages.com\/shop\/"},{"@type":"ListItem","position":3,"name":"Transparente Makroneneinlage aus Kunststoff 25 Makronen f\u00fcr Schachteln pro 50 St\u00fcck"}]},{"@type":"WebSite","@id":"https:\/\/www.csj-emballages.com\/de\/#website","url":"https:\/\/www.csj-emballages.com\/de\/","name":"CSJ Emballages","description":"","publisher":{"@id":"https:\/\/www.csj-emballages.com\/de\/#organization"},"potentialAction":[{"@type":"SearchAction","target":{"@type":"EntryPoint","urlTemplate":"https:\/\/www.csj-emballages.com\/de\/?s={search_term_string}"},"query-input":{"@type":"PropertyValueSpecification","valueRequired":true,"valueName":"search_term_string"}}],"inLanguage":"de"},{"@type":"Organization","@id":"https:\/\/www.csj-emballages.com\/de\/#Organization\/","name":"CSJ Emballages","url":"https:\/\/www.csj-emballages.com\/de\/","logo":{"@type":"ImageObject","inLanguage":"de","@id":"https:\/\/www.csj-emballages.com\/de\/#\/schema\/logo\/image\/","url":"https:\/\/www.csj-emballages.com\/wp-content\/uploads\/2023\/10\/logo_csj.webp","contentUrl":"https:\/\/www.csj-emballages.com\/wp-content\/uploads\/2023\/10\/logo_csj.webp","width":250,"height":95,"caption":"CSJ Emballages"},"image":{"@id":"https:\/\/www.csj-emballages.com\/de\/#\/schema\/logo\/image\/"},"sameAs":["https:\/\/www.facebook.com\/csjemballages"],"address":{"@type":"PostalAddress","streetAddress":"ZI La Lechere","addressLocality":"Patornay","postalCode":"39130","addressCountry":"FR"},"contactPoint":[{"@type":"ContactPoint","contactType":"Service client","telephone":"0384254272","email":"contact@csj-emballages.com"}]}]}},"df_price":31.04,"df_sale_price":"","df_regular_price":31.04,"df_image_link":"https:\/\/www.csj-emballages.com\/wp-content\/uploads\/2024\/03\/CALBM25TRAN-300x300.webp","tiered_pricing_type":"fixed","tiered_pricing_fixed_rules":[],"tiered_pricing_percentage_rules":[],"tiered_pricing_minimum":1,"tiered_pricing_roles_data":[],"_links":{"self":[{"href":"https:\/\/www.csj-emballages.com\/de\/wp-json\/wp\/v2\/product\/226651","targetHints":{"allow":["GET"]}}],"collection":[{"href":"https:\/\/www.csj-emballages.com\/de\/wp-json\/wp\/v2\/product"}],"about":[{"href":"https:\/\/www.csj-emballages.com\/de\/wp-json\/wp\/v2\/types\/product"}],"wp:featuredmedia":[{"embeddable":true,"href":"https:\/\/www.csj-emballages.com\/de\/wp-json\/wp\/v2\/media\/242015"}],"wp:attachment":[{"href":"https:\/\/www.csj-emballages.com\/de\/wp-json\/wp\/v2\/media?parent=226651"}],"wp:term":[{"taxonomy":"product_brand","embeddable":true,"href":"https:\/\/www.csj-emballages.com\/de\/wp-json\/wp\/v2\/product_brand?post=226651"},{"taxonomy":"product_cat","embeddable":true,"href":"https:\/\/www.csj-emballages.com\/de\/wp-json\/wp\/v2\/product_cat?post=226651"},{"taxonomy":"product_tag","embeddable":true,"href":"https:\/\/www.csj-emballages.com\/de\/wp-json\/wp\/v2\/product_tag?post=226651"}],"curies":[{"name":"wp","href":"https:\/\/api.w.org\/{rel}","templated":true}]}}