{"id":226648,"date":"2024-03-01T16:55:43","date_gmt":"2024-03-01T15:55:43","guid":{"rendered":"https:\/\/www.csj-emballages.com\/produit\/100-weisse-konditoreikisten-ohne-deckel-14-x-10-x-4-cm\/"},"modified":"2026-04-28T02:13:31","modified_gmt":"2026-04-28T00:13:31","slug":"100-weisse-konditoreikisten-ohne-deckel-14-x-10-x-4-cm","status":"publish","type":"product","link":"https:\/\/www.csj-emballages.com\/de\/produit\/100-weisse-konditoreikisten-ohne-deckel-14-x-10-x-4-cm\/","title":{"rendered":"Wei\u00dfe Konditoreikiste ohne Deckel 13 x 10 x 4,5 cm pro 100"},"content":{"rendered":"<div style=\"font-family: Roboto, sans-serif\">\n<div style=\"font-family: Roboto, sans-serif\">\n<div style=\"font-family: Roboto, sans-serif\">\n<h2>Patisserie-Kiste wei\u00df<\/h2>\n<hr>\n<h3>Beschreibung unserer Konditoreikiste wei\u00df ohne Deckel 13 x 10 x 4,5 cm pro 100<\/h3>\n<p><!--more--><\/p>\n<div class=\"flex-shrink-0 flex flex-col relative items-end\">\n<div class=\"pt-0.5 juice:pt-0\">\n<div class=\"gizmo-bot-avatar flex h-6 w-6 items-center justify-center overflow-hidden rounded-full juice:h-8 juice:w-8\">\n<div class=\"relative p-1 rounded-sm flex items-center justify-center bg-token-main-surface-primary text-token-text-primary h-8 w-8\">\n<p class=\"\" data-start=\"189\" data-end=\"651\">Diese stabile, praktische und perfekt auf die Bed\u00fcrfnisse von professionellen Konditoren und anspruchsvollen Privatpersonen zugeschnittene <strong data-start=\"318\" data-end=\"365\">wei\u00dfe Konditoreikiste ohne Deckel<\/strong> im Format <strong>13 x 10 x 4,5 cm<\/strong> ist ein unverzichtbares Hilfsmittel f\u00fcr den Transport und die Pr\u00e4sentation Ihrer s\u00fc\u00dfen K\u00f6stlichkeiten. Sie wird im <strong>100er-Set<\/strong> verkauft und eignet sich ideal f\u00fcr B\u00e4ckereien, Konditoreien, Catering-Unternehmen oder auch f\u00fcr punktuelle Veranstaltungen wie Hochzeiten, Geburtstage oder Gourmetm\u00e4rkte. Die aus <strong>Karton<\/strong> hergestellte <strong>wei\u00dfe Kiste<\/strong> ist so konzipiert, dass sie das Gewicht Ihrer Kuchen, Tortenst\u00fccke, Entremets, Viennoiseries oder Mignardises tragen kann, ohne sich zu verformen. Die neutrale <strong>wei\u00dfe Farbe<\/strong> passt sich leicht an jede Art von visueller oder dekorativer Welt an, egal ob Sie ein Handwerker mit raffiniertem Stil oder ein leidenschaftlicher Hobbyk\u00fcnstler sind.   <\/p>\n<p class=\"\" data-start=\"992\" data-end=\"1306\">Auch die <strong>H\u00f6he von 4,5 cm<\/strong> sorgt f\u00fcr einen guten Halt der Produkte und erleichtert das Anfassen. Ohne <strong>Deckel<\/strong> ist sie auch sehr praktisch f\u00fcr den sofortigen Gebrauch oder um Ihre Kreationen in einer Vitrine auszustellen. Und f\u00fcr diejenigen, die sie abdecken m\u00f6chten, ist sie mit Frischhaltefolien oder Lebensmitteln kompatibel.  <\/p>\n<p class=\"\" data-start=\"1308\" data-end=\"1534\">Diese einfache und funktionelle <strong>wei\u00dfe Konditoreikiste<\/strong> vereint Effizienz, Hygiene und \u00c4sthetik. Ein Muss, das Sie immer zur Hand haben sollten, um sorgf\u00e4ltig und elegant zu verpacken. <\/p>\n<p data-start=\"1308\" data-end=\"1534\">\n<\/div>\n<\/div>\n<\/div>\n<\/div>\n<p><!--more--><\/p>\n<p><strong>Ihre Vorteile :<\/strong><\/p>\n<ul>\n<li><strong>Praktisches Format<\/strong>: 13 x 10 x 4,5 cm, ideal f\u00fcr kleine Geb\u00e4ckst\u00fccke.<\/li>\n<li><strong>Starker, fester Karton<\/strong>: keine Verformung beim Transport.<\/li>\n<li><strong>Ohne Deckel<\/strong>: perfekt f\u00fcr die direkte Pr\u00e4sentation im Schaufenster.<\/li>\n<li><strong>Verkauft in 100 St\u00fcck<\/strong>: kosteng\u00fcnstige L\u00f6sung f\u00fcr Profis und Veranstaltungen.<\/li>\n<\/ul>\n<p>&nbsp;<\/p>\n<p><!--more--><\/p>\n<h4>Weitere Informationen :<\/h4>\n<ul>\n<li><strong>Verpackung<\/strong>: Packung mit 100 St\u00fcck<\/li>\n<li><strong>Ma\u00dfe<\/strong>: 13 x 10 x 4,5 (L x B x H in cm)<\/li>\n<li><span style=\"font-weight: bold\">Farbe <\/span>: Wei\u00df<\/li>\n<li><span style=\"font-weight: bold\">Material <\/span>: Karton<\/li>\n<\/ul>\n<\/div>\n<\/div>\n<\/div>\n<p>&nbsp;<\/p>\n<h5><!--more--><\/h5>\n<div style=\"font-family: Roboto, sans-serif\">\n<div style=\"font-family: Roboto, sans-serif\">\n<div style=\"font-family: Roboto, sans-serif\">\n<p>Diese Kiste ist in verschiedenen Gr\u00f6\u00dfen erh\u00e4ltlich : <span style=\"color: #d12727\"><a style=\"color: #d12727\" href=\"https:\/\/www.csj-emballages.com\/produit\/100-caissettes-patissieres-blanches-sans-couvercle-16-x-11-x-5-cm\/\">16 x 11 x 4,5 cm<\/a><\/span> \/ <span style=\"color: #d12727\"><a style=\"color: #d12727\" href=\"https:\/\/www.csj-emballages.com\/produit\/100-caissettes-patissieres-blanches-sans-couvercle-18-x-12-x-5-cm\/\">18 x 12 x 4,5 cm<\/a><\/span> \/ <span style=\"color: #d12727\"><a style=\"color: #d12727\" href=\"https:\/\/www.csj-emballages.com\/produit\/100-caissettes-patissieres-blanches-sans-couvercle-20-x-13-x-5-cm\/\">20 x 13 x 4,5 cm<\/a> <\/span>\/ <span style=\"color: #d12727\"><a style=\"color: #d12727\" href=\"https:\/\/www.csj-emballages.com\/produit\/100-caissettes-patissieres-blanches-sans-couvercle-22-x-14-x-6-cm\/\">22 x 14 x 4,5 cm<\/a> <\/span>\/ <span style=\"color: #d12727\"><a style=\"color: #d12727\" href=\"https:\/\/www.csj-emballages.com\/de\/produit\/100-weisse-konditoreikisten-ohne-deckel-24-x-15-x-5-cm\/\">24 x 15 x 4,5 cm<\/a><\/span><\/p>\n<p>&nbsp;<\/p>\n<p><!--more--><\/p>\n<p><a href=\"https:\/\/www.csj-emballages.com\/de\/categorie-produit\/lebensmittelverpackungen\/backerei-und-konditorei\/kisten-de\/konditorkisten-ohne-deckel-weis\/\">Sehen Sie sich den Rest unseres Sortiments an wei\u00dfen deckellosen Geb\u00e4ckkisten an.<\/a><\/p>\n<\/div>\n<\/div>\n<\/div>\n","protected":false},"excerpt":{"rendered":"<p>Patisserie-Kiste wei\u00df Beschreibung unserer Konditoreikiste wei\u00df ohne Deckel 13 x 10 x 4,5 cm pro 100<\/p>\n","protected":false},"featured_media":231871,"template":"","meta":{"_acf_changed":false},"product_brand":[],"product_cat":[1137,1171,3936],"product_tag":[],"class_list":{"0":"post-226648","1":"product","2":"type-product","3":"status-publish","4":"has-post-thumbnail","6":"product_cat-lebensmittelverpackungen","7":"product_cat-backerei-und-konditorei","8":"product_cat-konditorkisten-ohne-deckel-weis","10":"first","11":"instock","12":"taxable","13":"shipping-taxable","14":"purchasable","15":"product-type-simple"},"acf":[],"yoast_head":"<!-- This site is optimized with the Yoast SEO Premium plugin v26.6 (Yoast SEO v26.6) - https:\/\/yoast.com\/wordpress\/plugins\/seo\/ -->\n<title>Wei\u00dfe P\u00e2tisserie-Kiste ohne Deckel 13 x 10 x 4,5 cm<\/title>\n<meta name=\"description\" content=\"Wei\u00dfe Konditorkiste ohne Deckel 13 x 10 x 4,5 cm - Packung zu 100 Ideal f\u00fcr den Transport und die elegante Pr\u00e4sentation Ihrer S\u00fc\u00dfigkeiten.\" \/>\n<meta name=\"robots\" content=\"index, follow, max-snippet:-1, max-image-preview:large, max-video-preview:-1\" \/>\n<link rel=\"canonical\" href=\"https:\/\/www.csj-emballages.com\/de\/produit\/100-weisse-konditoreikisten-ohne-deckel-14-x-10-x-4-cm\/\" \/>\n<meta property=\"og:locale\" content=\"de_DE\" \/>\n<meta property=\"og:type\" content=\"article\" \/>\n<meta property=\"og:title\" content=\"Wei\u00dfe Konditoreikiste ohne Deckel 13 x 10 x 4,5 cm pro 100\" \/>\n<meta property=\"og:description\" content=\"Wei\u00dfe Konditorkiste ohne Deckel 13 x 10 x 4,5 cm - Packung zu 100 Ideal f\u00fcr den Transport und die elegante Pr\u00e4sentation Ihrer S\u00fc\u00dfigkeiten.\" \/>\n<meta property=\"og:url\" content=\"https:\/\/www.csj-emballages.com\/de\/produit\/100-weisse-konditoreikisten-ohne-deckel-14-x-10-x-4-cm\/\" \/>\n<meta property=\"og:site_name\" content=\"CSJ Emballages\" \/>\n<meta property=\"article:publisher\" content=\"https:\/\/www.facebook.com\/csjemballages\" \/>\n<meta property=\"article:modified_time\" content=\"2026-04-28T00:13:31+00:00\" \/>\n<meta property=\"og:image\" content=\"https:\/\/www.csj-emballages.com\/wp-content\/uploads\/2024\/03\/CC13-1.webp\" \/>\n\t<meta property=\"og:image:width\" content=\"800\" \/>\n\t<meta property=\"og:image:height\" content=\"800\" \/>\n\t<meta property=\"og:image:type\" content=\"image\/jpeg\" \/>\n<meta name=\"twitter:card\" content=\"summary_large_image\" \/>\n<meta name=\"twitter:label1\" content=\"Gesch\u00e4tzte Lesezeit\" \/>\n\t<meta name=\"twitter:data1\" content=\"2 Minuten\" \/>\n<script type=\"application\/ld+json\" class=\"yoast-schema-graph\">{\"@context\":\"https:\/\/schema.org\",\"@graph\":[{\"@type\":\"WebPage\",\"@id\":\"https:\/\/www.csj-emballages.com\/de\/produit\/100-weisse-konditoreikisten-ohne-deckel-14-x-10-x-4-cm\/\",\"url\":\"https:\/\/www.csj-emballages.com\/de\/produit\/100-weisse-konditoreikisten-ohne-deckel-14-x-10-x-4-cm\/\",\"name\":\"Wei\u00dfe P\u00e2tisserie-Kiste ohne Deckel 13 x 10 x 4,5 cm\",\"isPartOf\":{\"@id\":\"https:\/\/www.csj-emballages.com\/de\/#website\"},\"primaryImageOfPage\":{\"@id\":\"https:\/\/www.csj-emballages.com\/de\/produit\/100-weisse-konditoreikisten-ohne-deckel-14-x-10-x-4-cm\/#primaryimage\"},\"image\":{\"@id\":\"https:\/\/www.csj-emballages.com\/de\/produit\/100-weisse-konditoreikisten-ohne-deckel-14-x-10-x-4-cm\/#primaryimage\"},\"thumbnailUrl\":\"https:\/\/www.csj-emballages.com\/wp-content\/uploads\/2024\/03\/CC13-1.webp\",\"datePublished\":\"2024-03-01T15:55:43+00:00\",\"dateModified\":\"2026-04-28T00:13:31+00:00\",\"description\":\"Wei\u00dfe Konditorkiste ohne Deckel 13 x 10 x 4,5 cm - Packung zu 100 Ideal f\u00fcr den Transport und die elegante Pr\u00e4sentation Ihrer S\u00fc\u00dfigkeiten.\",\"breadcrumb\":{\"@id\":\"https:\/\/www.csj-emballages.com\/de\/produit\/100-weisse-konditoreikisten-ohne-deckel-14-x-10-x-4-cm\/#breadcrumb\"},\"inLanguage\":\"de\",\"potentialAction\":[{\"@type\":\"ReadAction\",\"target\":[\"https:\/\/www.csj-emballages.com\/de\/produit\/100-weisse-konditoreikisten-ohne-deckel-14-x-10-x-4-cm\/\"]}]},{\"@type\":\"ImageObject\",\"inLanguage\":\"de\",\"@id\":\"https:\/\/www.csj-emballages.com\/de\/produit\/100-weisse-konditoreikisten-ohne-deckel-14-x-10-x-4-cm\/#primaryimage\",\"url\":\"https:\/\/www.csj-emballages.com\/wp-content\/uploads\/2024\/03\/CC13-1.webp\",\"contentUrl\":\"https:\/\/www.csj-emballages.com\/wp-content\/uploads\/2024\/03\/CC13-1.webp\",\"width\":800,\"height\":800,\"caption\":\"Caissette p\u00e2tissi\u00e8re blanche\"},{\"@type\":\"BreadcrumbList\",\"@id\":\"https:\/\/www.csj-emballages.com\/de\/produit\/100-weisse-konditoreikisten-ohne-deckel-14-x-10-x-4-cm\/#breadcrumb\",\"itemListElement\":[{\"@type\":\"ListItem\",\"position\":1,\"name\":\"Accueil\",\"item\":\"https:\/\/www.csj-emballages.com\/de\/universum-lebensmittelverpackungen\/\"},{\"@type\":\"ListItem\",\"position\":2,\"name\":\"Shop\",\"item\":\"https:\/\/www.csj-emballages.com\/shop\/\"},{\"@type\":\"ListItem\",\"position\":3,\"name\":\"Wei\u00dfe Konditoreikiste ohne Deckel 13 x 10 x 4,5 cm pro 100\"}]},{\"@type\":\"WebSite\",\"@id\":\"https:\/\/www.csj-emballages.com\/de\/#website\",\"url\":\"https:\/\/www.csj-emballages.com\/de\/\",\"name\":\"CSJ Emballages\",\"description\":\"\",\"publisher\":{\"@id\":\"https:\/\/www.csj-emballages.com\/de\/#organization\"},\"potentialAction\":[{\"@type\":\"SearchAction\",\"target\":{\"@type\":\"EntryPoint\",\"urlTemplate\":\"https:\/\/www.csj-emballages.com\/de\/?s={search_term_string}\"},\"query-input\":{\"@type\":\"PropertyValueSpecification\",\"valueRequired\":true,\"valueName\":\"search_term_string\"}}],\"inLanguage\":\"de\"},{\"@type\":\"Organization\",\"@id\":\"https:\/\/www.csj-emballages.com\/de\/#Organization\/\",\"name\":\"CSJ Emballages\",\"url\":\"https:\/\/www.csj-emballages.com\/de\/\",\"logo\":{\"@type\":\"ImageObject\",\"inLanguage\":\"de\",\"@id\":\"https:\/\/www.csj-emballages.com\/de\/#\/schema\/logo\/image\/\",\"url\":\"https:\/\/www.csj-emballages.com\/wp-content\/uploads\/2023\/10\/logo_csj.webp\",\"contentUrl\":\"https:\/\/www.csj-emballages.com\/wp-content\/uploads\/2023\/10\/logo_csj.webp\",\"width\":250,\"height\":95,\"caption\":\"CSJ Emballages\"},\"image\":{\"@id\":\"https:\/\/www.csj-emballages.com\/de\/#\/schema\/logo\/image\/\"},\"sameAs\":[\"https:\/\/www.facebook.com\/csjemballages\"],\"address\":{\"@type\":\"PostalAddress\",\"streetAddress\":\"ZI La Lechere\",\"addressLocality\":\"Patornay\",\"postalCode\":\"39130\",\"addressCountry\":\"FR\"},\"contactPoint\":[{\"@type\":\"ContactPoint\",\"contactType\":\"Service client\",\"telephone\":\"0384254272\",\"email\":\"contact@csj-emballages.com\"}]}]}<\/script>\n<!-- \/ Yoast SEO Premium plugin. -->","yoast_head_json":{"title":"Wei\u00dfe P\u00e2tisserie-Kiste ohne Deckel 13 x 10 x 4,5 cm","description":"Wei\u00dfe Konditorkiste ohne Deckel 13 x 10 x 4,5 cm - Packung zu 100 Ideal f\u00fcr den Transport und die elegante Pr\u00e4sentation Ihrer S\u00fc\u00dfigkeiten.","robots":{"index":"index","follow":"follow","max-snippet":"max-snippet:-1","max-image-preview":"max-image-preview:large","max-video-preview":"max-video-preview:-1"},"canonical":"https:\/\/www.csj-emballages.com\/de\/produit\/100-weisse-konditoreikisten-ohne-deckel-14-x-10-x-4-cm\/","og_locale":"de_DE","og_type":"article","og_title":"Wei\u00dfe Konditoreikiste ohne Deckel 13 x 10 x 4,5 cm pro 100","og_description":"Wei\u00dfe Konditorkiste ohne Deckel 13 x 10 x 4,5 cm - Packung zu 100 Ideal f\u00fcr den Transport und die elegante Pr\u00e4sentation Ihrer S\u00fc\u00dfigkeiten.","og_url":"https:\/\/www.csj-emballages.com\/de\/produit\/100-weisse-konditoreikisten-ohne-deckel-14-x-10-x-4-cm\/","og_site_name":"CSJ Emballages","article_publisher":"https:\/\/www.facebook.com\/csjemballages","article_modified_time":"2026-04-28T00:13:31+00:00","og_image":[{"width":800,"height":800,"url":"https:\/\/www.csj-emballages.com\/wp-content\/uploads\/2024\/03\/CC13-1.webp","type":"image\/jpeg"}],"twitter_card":"summary_large_image","twitter_misc":{"Gesch\u00e4tzte Lesezeit":"2 Minuten"},"schema":{"@context":"https:\/\/schema.org","@graph":[{"@type":"WebPage","@id":"https:\/\/www.csj-emballages.com\/de\/produit\/100-weisse-konditoreikisten-ohne-deckel-14-x-10-x-4-cm\/","url":"https:\/\/www.csj-emballages.com\/de\/produit\/100-weisse-konditoreikisten-ohne-deckel-14-x-10-x-4-cm\/","name":"Wei\u00dfe P\u00e2tisserie-Kiste ohne Deckel 13 x 10 x 4,5 cm","isPartOf":{"@id":"https:\/\/www.csj-emballages.com\/de\/#website"},"primaryImageOfPage":{"@id":"https:\/\/www.csj-emballages.com\/de\/produit\/100-weisse-konditoreikisten-ohne-deckel-14-x-10-x-4-cm\/#primaryimage"},"image":{"@id":"https:\/\/www.csj-emballages.com\/de\/produit\/100-weisse-konditoreikisten-ohne-deckel-14-x-10-x-4-cm\/#primaryimage"},"thumbnailUrl":"https:\/\/www.csj-emballages.com\/wp-content\/uploads\/2024\/03\/CC13-1.webp","datePublished":"2024-03-01T15:55:43+00:00","dateModified":"2026-04-28T00:13:31+00:00","description":"Wei\u00dfe Konditorkiste ohne Deckel 13 x 10 x 4,5 cm - Packung zu 100 Ideal f\u00fcr den Transport und die elegante Pr\u00e4sentation Ihrer S\u00fc\u00dfigkeiten.","breadcrumb":{"@id":"https:\/\/www.csj-emballages.com\/de\/produit\/100-weisse-konditoreikisten-ohne-deckel-14-x-10-x-4-cm\/#breadcrumb"},"inLanguage":"de","potentialAction":[{"@type":"ReadAction","target":["https:\/\/www.csj-emballages.com\/de\/produit\/100-weisse-konditoreikisten-ohne-deckel-14-x-10-x-4-cm\/"]}]},{"@type":"ImageObject","inLanguage":"de","@id":"https:\/\/www.csj-emballages.com\/de\/produit\/100-weisse-konditoreikisten-ohne-deckel-14-x-10-x-4-cm\/#primaryimage","url":"https:\/\/www.csj-emballages.com\/wp-content\/uploads\/2024\/03\/CC13-1.webp","contentUrl":"https:\/\/www.csj-emballages.com\/wp-content\/uploads\/2024\/03\/CC13-1.webp","width":800,"height":800,"caption":"Caissette p\u00e2tissi\u00e8re blanche"},{"@type":"BreadcrumbList","@id":"https:\/\/www.csj-emballages.com\/de\/produit\/100-weisse-konditoreikisten-ohne-deckel-14-x-10-x-4-cm\/#breadcrumb","itemListElement":[{"@type":"ListItem","position":1,"name":"Accueil","item":"https:\/\/www.csj-emballages.com\/de\/universum-lebensmittelverpackungen\/"},{"@type":"ListItem","position":2,"name":"Shop","item":"https:\/\/www.csj-emballages.com\/shop\/"},{"@type":"ListItem","position":3,"name":"Wei\u00dfe Konditoreikiste ohne Deckel 13 x 10 x 4,5 cm pro 100"}]},{"@type":"WebSite","@id":"https:\/\/www.csj-emballages.com\/de\/#website","url":"https:\/\/www.csj-emballages.com\/de\/","name":"CSJ Emballages","description":"","publisher":{"@id":"https:\/\/www.csj-emballages.com\/de\/#organization"},"potentialAction":[{"@type":"SearchAction","target":{"@type":"EntryPoint","urlTemplate":"https:\/\/www.csj-emballages.com\/de\/?s={search_term_string}"},"query-input":{"@type":"PropertyValueSpecification","valueRequired":true,"valueName":"search_term_string"}}],"inLanguage":"de"},{"@type":"Organization","@id":"https:\/\/www.csj-emballages.com\/de\/#Organization\/","name":"CSJ Emballages","url":"https:\/\/www.csj-emballages.com\/de\/","logo":{"@type":"ImageObject","inLanguage":"de","@id":"https:\/\/www.csj-emballages.com\/de\/#\/schema\/logo\/image\/","url":"https:\/\/www.csj-emballages.com\/wp-content\/uploads\/2023\/10\/logo_csj.webp","contentUrl":"https:\/\/www.csj-emballages.com\/wp-content\/uploads\/2023\/10\/logo_csj.webp","width":250,"height":95,"caption":"CSJ Emballages"},"image":{"@id":"https:\/\/www.csj-emballages.com\/de\/#\/schema\/logo\/image\/"},"sameAs":["https:\/\/www.facebook.com\/csjemballages"],"address":{"@type":"PostalAddress","streetAddress":"ZI La Lechere","addressLocality":"Patornay","postalCode":"39130","addressCountry":"FR"},"contactPoint":[{"@type":"ContactPoint","contactType":"Service client","telephone":"0384254272","email":"contact@csj-emballages.com"}]}]}},"df_price":6.47,"df_sale_price":"","df_regular_price":6.47,"df_image_link":"https:\/\/www.csj-emballages.com\/wp-content\/uploads\/2024\/03\/CC13-1-300x300.webp","tiered_pricing_type":"fixed","tiered_pricing_fixed_rules":[],"tiered_pricing_percentage_rules":[],"tiered_pricing_minimum":1,"tiered_pricing_roles_data":[],"_links":{"self":[{"href":"https:\/\/www.csj-emballages.com\/de\/wp-json\/wp\/v2\/product\/226648","targetHints":{"allow":["GET"]}}],"collection":[{"href":"https:\/\/www.csj-emballages.com\/de\/wp-json\/wp\/v2\/product"}],"about":[{"href":"https:\/\/www.csj-emballages.com\/de\/wp-json\/wp\/v2\/types\/product"}],"wp:featuredmedia":[{"embeddable":true,"href":"https:\/\/www.csj-emballages.com\/de\/wp-json\/wp\/v2\/media\/231871"}],"wp:attachment":[{"href":"https:\/\/www.csj-emballages.com\/de\/wp-json\/wp\/v2\/media?parent=226648"}],"wp:term":[{"taxonomy":"product_brand","embeddable":true,"href":"https:\/\/www.csj-emballages.com\/de\/wp-json\/wp\/v2\/product_brand?post=226648"},{"taxonomy":"product_cat","embeddable":true,"href":"https:\/\/www.csj-emballages.com\/de\/wp-json\/wp\/v2\/product_cat?post=226648"},{"taxonomy":"product_tag","embeddable":true,"href":"https:\/\/www.csj-emballages.com\/de\/wp-json\/wp\/v2\/product_tag?post=226648"}],"curies":[{"name":"wp","href":"https:\/\/api.w.org\/{rel}","templated":true}]}}