{"id":22664,"date":"2024-03-01T16:50:26","date_gmt":"2024-03-01T15:50:26","guid":{"rendered":"https:\/\/u15jnbdpoq.preview.infomaniak.website\/produit\/100-taco-beutel-aus-reissbarem-kraftkarton\/"},"modified":"2026-04-30T02:15:07","modified_gmt":"2026-04-30T00:15:07","slug":"100-taco-beutel-aus-reissbarem-kraftkarton","status":"publish","type":"product","link":"https:\/\/www.csj-emballages.com\/de\/produit\/100-taco-beutel-aus-reissbarem-kraftkarton\/","title":{"rendered":"Taco-Tasche aus Kraftkarton, rei\u00dfbar pro 100"},"content":{"rendered":"<h2>Taco-Tasche<\/h2>\n<hr>\n<h3>Beschreibung unserer Tacos-Tasche aus Kraftkarton, rei\u00dfbar, 100 St\u00fcck<\/h3>\n<p><!--more--><\/p>\n<p data-start=\"291\" data-end=\"748\">Hier ist ein Beutel, der die Art und Weise, wie man einen <strong>Taco<\/strong> serviert, wirklich ver\u00e4ndert. Dank des <strong data-start=\"373\" data-end=\"403\">integrierten Aufrei\u00dfsystems<\/strong> erm\u00f6glicht diese <strong>Kraftkartonh\u00fclle<\/strong> ein einfaches Essen, ohne sich die H\u00e4nde schmutzig zu machen und ohne die gesamte Verpackung zu manipulieren. Ziehen Sie einfach an dem vorgestanzten Streifen, um den unteren Teil freizugeben, wodurch Sie im Laufe des Essens Zugang zu den Tacos erhalten. Es ist einfach, sauber und superpraktisch, vor allem im Take-away-Verkauf.   <\/p>\n<p data-start=\"750\" data-end=\"1168\">Der dicke <strong>Kraftkarton<\/strong> sorgt f\u00fcr Stabilit\u00e4t und Authentizit\u00e4t. Die <strong>nat\u00fcrliche Textur<\/strong> unterstreicht den Aspekt des &#8222;<strong>Selbstgemachten<\/strong>&#8220; und verst\u00e4rkt das qualitative Image Ihrer Zubereitungen. Die <g id=\"gid_3\">Taco-H\u00fclle<\/g> ist au\u00dferdem sehr hitzebest\u00e4ndig: Die Tacos bleiben auch bei gro\u00dfz\u00fcgiger Bef\u00fcllung sicher an ihrem Platz. Dadurch wird die Gefahr des Auslaufens oder Einrei\u00dfens verringert, was den Esskomfort Ihrer Kunden direkt verbessert.   <\/p>\n<p data-start=\"1170\" data-end=\"1557\">Ein weiterer Pluspunkt ist der Griff. Die <strong>Tasche<\/strong> wurde so gestaltet, dass sie auch bei schweren oder gut gef\u00fcllten Tacos bequem ist. Sie verhindert Verbrennungen, Auslaufen und schwierige Handhabungen. Sie eignet sich perfekt f\u00fcr Schnellrestaurants, Imbisse, Food-Trucks oder spezialisierte Einzelh\u00e4ndler, die effizienter arbeiten und gleichzeitig ein saubereres und angenehmeres Erlebnis bieten m\u00f6chten.   <\/p>\n<p data-start=\"1559\" data-end=\"1763\">Mit der <strong data-start=\"1568\" data-end=\"1589\">100-St\u00fcck-Packung<\/strong> sind Sie darauf vorbereitet, ohne Unterbrechung mit geladenen Diensten Schritt zu halten. Diese Verpackung ist ideal f\u00fcr Einrichtungen, die einen zuverl\u00e4ssigen und konstanten Vorrat ben\u00f6tigen. <\/p>\n<p data-start=\"1765\" data-end=\"1930\">Kurz gesagt, diese <strong>Kraft-Taco-Aufrei\u00dfh\u00fclle<\/strong> ist nicht einfach nur eine Verpackung: Sie ist ein cleveres Werkzeug, das dem Kunden das Leben leichter macht und gleichzeitig Ihr Know-how aufwertet.<\/p>\n<p data-start=\"1765\" data-end=\"1930\">\n<p data-start=\"1013\" data-end=\"1189\"><!--more--><\/p>\n<p data-start=\"1013\" data-end=\"1189\"><strong>Vorteile :  <\/strong><\/p>\n<ul>\n<li data-start=\"1958\" data-end=\"1996\">Ultrapraktische <strong>Aufrei\u00df\u00f6ffnung<\/strong>.<\/li>\n<li data-start=\"1999\" data-end=\"2038\">Widerstandsf\u00e4higer und \u00e4sthetischer Kraftkarton.<\/li>\n<li data-start=\"2041\" data-end=\"2073\">Sehr gute Hitzebest\u00e4ndigkeit.<\/li>\n<li data-start=\"2076\" data-end=\"2118\">Guter Griff f\u00fcr gro\u00dfz\u00fcgige Tacos.<\/li>\n<li data-start=\"2121\" data-end=\"2165\"><strong>100er-Set<\/strong>, perfekt f\u00fcr den Dauerbetrieb.<\/li>\n<\/ul>\n<p>&nbsp;<\/p>\n<p data-start=\"1013\" data-end=\"1189\"><!--more--><\/p>\n<h4>Weitere Informationen :<\/h4>\n<ul>\n<li><strong>Verpackung<\/strong>: Packung mit 100 St\u00fcck<\/li>\n<li><strong>Abmessungen<\/strong>: 195 x 125 x 30 ( L x B x H in mm)<\/li>\n<li><strong>Farbe<\/strong>: Braun<\/li>\n<li><strong>Material<\/strong>: Karton<\/li>\n<\/ul>\n<p>&nbsp;<\/p>\n<p><!--more--><\/p>\n<p>Hier finden Sie unsere Tacotasche &#8222;TASTY&#8220; : <span style=\"color: #d12727;\"><a style=\"color: #d12727;\" href=\"https:\/\/www.csj-emballages.com\/es\/produit\/50-bolsillos-de-carton-para-tacos\/\">POCTACOS<\/a><\/span><\/p>\n<p>&nbsp;<\/p>\n<p><!--more--><\/p>\n<p><a href=\"https:\/\/www.csj-emballages.com\/de\/categorie-produit\/lebensmittelverpackungen\/restauration-de\/dosen-schalen-beutel-konen\/frittierte-taschen-pfannkuchen-tacos-wraps\/\">Sehen Sie sich den Rest unseres Sortiments an Pommes frites- \/ Pfannkuchen- \/ Taco- \/ Wrap-Packungen an.<\/a><\/p>\n","protected":false},"excerpt":{"rendered":"<p>Taco-Tasche Beschreibung unserer Tacos-Tasche aus Kraftkarton, rei\u00dfbar, 100 St\u00fcck<\/p>\n","protected":false},"featured_media":230456,"template":"","meta":{"_acf_changed":false},"product_brand":[],"product_cat":[1137,1134,3085],"product_tag":[],"class_list":{"0":"post-22664","1":"product","2":"type-product","3":"status-publish","4":"has-post-thumbnail","6":"product_cat-lebensmittelverpackungen","7":"product_cat-restauration-de","8":"product_cat-frittierte-taschen-pfannkuchen-tacos-wraps","10":"first","11":"instock","12":"taxable","13":"shipping-taxable","14":"purchasable","15":"product-type-simple"},"acf":[],"yoast_head":"<!-- This site is optimized with the Yoast SEO Premium plugin v26.6 (Yoast SEO v26.6) - https:\/\/yoast.com\/wordpress\/plugins\/seo\/ -->\n<title>Tacos Tasche Kraft Rei\u00dfkarton pro 100<\/title>\n<meta name=\"description\" content=\"Entdecken Sie unsere Taco-Beutel aus Kraftkarton mit einer Aufrei\u00dflasche von 100 St\u00fcck - praktisch, hygienisch und ideal f\u00fcr den Verkauf zum Mitnehmen.\" \/>\n<meta name=\"robots\" content=\"index, follow, max-snippet:-1, max-image-preview:large, max-video-preview:-1\" \/>\n<link rel=\"canonical\" href=\"https:\/\/www.csj-emballages.com\/de\/produit\/100-taco-beutel-aus-reissbarem-kraftkarton\/\" \/>\n<meta property=\"og:locale\" content=\"de_DE\" \/>\n<meta property=\"og:type\" content=\"article\" \/>\n<meta property=\"og:title\" content=\"Taco-Tasche aus Kraftkarton, rei\u00dfbar pro 100\" \/>\n<meta property=\"og:description\" content=\"Entdecken Sie unsere Taco-Beutel aus Kraftkarton mit einer Aufrei\u00dflasche von 100 St\u00fcck - praktisch, hygienisch und ideal f\u00fcr den Verkauf zum Mitnehmen.\" \/>\n<meta property=\"og:url\" content=\"https:\/\/www.csj-emballages.com\/de\/produit\/100-taco-beutel-aus-reissbarem-kraftkarton\/\" \/>\n<meta property=\"og:site_name\" content=\"CSJ Emballages\" \/>\n<meta property=\"article:publisher\" content=\"https:\/\/www.facebook.com\/csjemballages\" \/>\n<meta property=\"article:modified_time\" content=\"2026-04-30T00:15:07+00:00\" \/>\n<meta property=\"og:image\" content=\"https:\/\/www.csj-emballages.com\/wp-content\/uploads\/2024\/03\/POCTACOSSK.webp\" \/>\n\t<meta property=\"og:image:width\" content=\"800\" \/>\n\t<meta property=\"og:image:height\" content=\"800\" \/>\n\t<meta property=\"og:image:type\" content=\"image\/webp\" \/>\n<meta name=\"twitter:card\" content=\"summary_large_image\" \/>\n<meta name=\"twitter:label1\" content=\"Gesch\u00e4tzte Lesezeit\" \/>\n\t<meta name=\"twitter:data1\" content=\"2 Minuten\" \/>\n<script type=\"application\/ld+json\" class=\"yoast-schema-graph\">{\"@context\":\"https:\/\/schema.org\",\"@graph\":[{\"@type\":\"WebPage\",\"@id\":\"https:\/\/www.csj-emballages.com\/de\/produit\/100-taco-beutel-aus-reissbarem-kraftkarton\/\",\"url\":\"https:\/\/www.csj-emballages.com\/de\/produit\/100-taco-beutel-aus-reissbarem-kraftkarton\/\",\"name\":\"Tacos Tasche Kraft Rei\u00dfkarton pro 100\",\"isPartOf\":{\"@id\":\"https:\/\/www.csj-emballages.com\/de\/#website\"},\"primaryImageOfPage\":{\"@id\":\"https:\/\/www.csj-emballages.com\/de\/produit\/100-taco-beutel-aus-reissbarem-kraftkarton\/#primaryimage\"},\"image\":{\"@id\":\"https:\/\/www.csj-emballages.com\/de\/produit\/100-taco-beutel-aus-reissbarem-kraftkarton\/#primaryimage\"},\"thumbnailUrl\":\"https:\/\/www.csj-emballages.com\/wp-content\/uploads\/2024\/03\/POCTACOSSK.webp\",\"datePublished\":\"2024-03-01T15:50:26+00:00\",\"dateModified\":\"2026-04-30T00:15:07+00:00\",\"description\":\"Entdecken Sie unsere Taco-Beutel aus Kraftkarton mit einer Aufrei\u00dflasche von 100 St\u00fcck - praktisch, hygienisch und ideal f\u00fcr den Verkauf zum Mitnehmen.\",\"breadcrumb\":{\"@id\":\"https:\/\/www.csj-emballages.com\/de\/produit\/100-taco-beutel-aus-reissbarem-kraftkarton\/#breadcrumb\"},\"inLanguage\":\"de\",\"potentialAction\":[{\"@type\":\"ReadAction\",\"target\":[\"https:\/\/www.csj-emballages.com\/de\/produit\/100-taco-beutel-aus-reissbarem-kraftkarton\/\"]}]},{\"@type\":\"ImageObject\",\"inLanguage\":\"de\",\"@id\":\"https:\/\/www.csj-emballages.com\/de\/produit\/100-taco-beutel-aus-reissbarem-kraftkarton\/#primaryimage\",\"url\":\"https:\/\/www.csj-emballages.com\/wp-content\/uploads\/2024\/03\/POCTACOSSK.webp\",\"contentUrl\":\"https:\/\/www.csj-emballages.com\/wp-content\/uploads\/2024\/03\/POCTACOSSK.webp\",\"width\":800,\"height\":800,\"caption\":\"Pochette tacos\"},{\"@type\":\"BreadcrumbList\",\"@id\":\"https:\/\/www.csj-emballages.com\/de\/produit\/100-taco-beutel-aus-reissbarem-kraftkarton\/#breadcrumb\",\"itemListElement\":[{\"@type\":\"ListItem\",\"position\":1,\"name\":\"Accueil\",\"item\":\"https:\/\/www.csj-emballages.com\/de\/universum-lebensmittelverpackungen\/\"},{\"@type\":\"ListItem\",\"position\":2,\"name\":\"Shop\",\"item\":\"https:\/\/www.csj-emballages.com\/shop\/\"},{\"@type\":\"ListItem\",\"position\":3,\"name\":\"Taco-Tasche aus Kraftkarton, rei\u00dfbar pro 100\"}]},{\"@type\":\"WebSite\",\"@id\":\"https:\/\/www.csj-emballages.com\/de\/#website\",\"url\":\"https:\/\/www.csj-emballages.com\/de\/\",\"name\":\"CSJ Emballages\",\"description\":\"\",\"publisher\":{\"@id\":\"https:\/\/www.csj-emballages.com\/de\/#organization\"},\"potentialAction\":[{\"@type\":\"SearchAction\",\"target\":{\"@type\":\"EntryPoint\",\"urlTemplate\":\"https:\/\/www.csj-emballages.com\/de\/?s={search_term_string}\"},\"query-input\":{\"@type\":\"PropertyValueSpecification\",\"valueRequired\":true,\"valueName\":\"search_term_string\"}}],\"inLanguage\":\"de\"},{\"@type\":\"Organization\",\"@id\":\"https:\/\/www.csj-emballages.com\/de\/#Organization\/\",\"name\":\"CSJ Emballages\",\"url\":\"https:\/\/www.csj-emballages.com\/de\/\",\"logo\":{\"@type\":\"ImageObject\",\"inLanguage\":\"de\",\"@id\":\"https:\/\/www.csj-emballages.com\/de\/#\/schema\/logo\/image\/\",\"url\":\"https:\/\/www.csj-emballages.com\/wp-content\/uploads\/2023\/10\/logo_csj.webp\",\"contentUrl\":\"https:\/\/www.csj-emballages.com\/wp-content\/uploads\/2023\/10\/logo_csj.webp\",\"width\":250,\"height\":95,\"caption\":\"CSJ Emballages\"},\"image\":{\"@id\":\"https:\/\/www.csj-emballages.com\/de\/#\/schema\/logo\/image\/\"},\"sameAs\":[\"https:\/\/www.facebook.com\/csjemballages\"],\"address\":{\"@type\":\"PostalAddress\",\"streetAddress\":\"ZI La Lechere\",\"addressLocality\":\"Patornay\",\"postalCode\":\"39130\",\"addressCountry\":\"FR\"},\"contactPoint\":[{\"@type\":\"ContactPoint\",\"contactType\":\"Service client\",\"telephone\":\"0384254272\",\"email\":\"contact@csj-emballages.com\"}]}]}<\/script>\n<!-- \/ Yoast SEO Premium plugin. -->","yoast_head_json":{"title":"Tacos Tasche Kraft Rei\u00dfkarton pro 100","description":"Entdecken Sie unsere Taco-Beutel aus Kraftkarton mit einer Aufrei\u00dflasche von 100 St\u00fcck - praktisch, hygienisch und ideal f\u00fcr den Verkauf zum Mitnehmen.","robots":{"index":"index","follow":"follow","max-snippet":"max-snippet:-1","max-image-preview":"max-image-preview:large","max-video-preview":"max-video-preview:-1"},"canonical":"https:\/\/www.csj-emballages.com\/de\/produit\/100-taco-beutel-aus-reissbarem-kraftkarton\/","og_locale":"de_DE","og_type":"article","og_title":"Taco-Tasche aus Kraftkarton, rei\u00dfbar pro 100","og_description":"Entdecken Sie unsere Taco-Beutel aus Kraftkarton mit einer Aufrei\u00dflasche von 100 St\u00fcck - praktisch, hygienisch und ideal f\u00fcr den Verkauf zum Mitnehmen.","og_url":"https:\/\/www.csj-emballages.com\/de\/produit\/100-taco-beutel-aus-reissbarem-kraftkarton\/","og_site_name":"CSJ Emballages","article_publisher":"https:\/\/www.facebook.com\/csjemballages","article_modified_time":"2026-04-30T00:15:07+00:00","og_image":[{"width":800,"height":800,"url":"https:\/\/www.csj-emballages.com\/wp-content\/uploads\/2024\/03\/POCTACOSSK.webp","type":"image\/webp"}],"twitter_card":"summary_large_image","twitter_misc":{"Gesch\u00e4tzte Lesezeit":"2 Minuten"},"schema":{"@context":"https:\/\/schema.org","@graph":[{"@type":"WebPage","@id":"https:\/\/www.csj-emballages.com\/de\/produit\/100-taco-beutel-aus-reissbarem-kraftkarton\/","url":"https:\/\/www.csj-emballages.com\/de\/produit\/100-taco-beutel-aus-reissbarem-kraftkarton\/","name":"Tacos Tasche Kraft Rei\u00dfkarton pro 100","isPartOf":{"@id":"https:\/\/www.csj-emballages.com\/de\/#website"},"primaryImageOfPage":{"@id":"https:\/\/www.csj-emballages.com\/de\/produit\/100-taco-beutel-aus-reissbarem-kraftkarton\/#primaryimage"},"image":{"@id":"https:\/\/www.csj-emballages.com\/de\/produit\/100-taco-beutel-aus-reissbarem-kraftkarton\/#primaryimage"},"thumbnailUrl":"https:\/\/www.csj-emballages.com\/wp-content\/uploads\/2024\/03\/POCTACOSSK.webp","datePublished":"2024-03-01T15:50:26+00:00","dateModified":"2026-04-30T00:15:07+00:00","description":"Entdecken Sie unsere Taco-Beutel aus Kraftkarton mit einer Aufrei\u00dflasche von 100 St\u00fcck - praktisch, hygienisch und ideal f\u00fcr den Verkauf zum Mitnehmen.","breadcrumb":{"@id":"https:\/\/www.csj-emballages.com\/de\/produit\/100-taco-beutel-aus-reissbarem-kraftkarton\/#breadcrumb"},"inLanguage":"de","potentialAction":[{"@type":"ReadAction","target":["https:\/\/www.csj-emballages.com\/de\/produit\/100-taco-beutel-aus-reissbarem-kraftkarton\/"]}]},{"@type":"ImageObject","inLanguage":"de","@id":"https:\/\/www.csj-emballages.com\/de\/produit\/100-taco-beutel-aus-reissbarem-kraftkarton\/#primaryimage","url":"https:\/\/www.csj-emballages.com\/wp-content\/uploads\/2024\/03\/POCTACOSSK.webp","contentUrl":"https:\/\/www.csj-emballages.com\/wp-content\/uploads\/2024\/03\/POCTACOSSK.webp","width":800,"height":800,"caption":"Pochette tacos"},{"@type":"BreadcrumbList","@id":"https:\/\/www.csj-emballages.com\/de\/produit\/100-taco-beutel-aus-reissbarem-kraftkarton\/#breadcrumb","itemListElement":[{"@type":"ListItem","position":1,"name":"Accueil","item":"https:\/\/www.csj-emballages.com\/de\/universum-lebensmittelverpackungen\/"},{"@type":"ListItem","position":2,"name":"Shop","item":"https:\/\/www.csj-emballages.com\/shop\/"},{"@type":"ListItem","position":3,"name":"Taco-Tasche aus Kraftkarton, rei\u00dfbar pro 100"}]},{"@type":"WebSite","@id":"https:\/\/www.csj-emballages.com\/de\/#website","url":"https:\/\/www.csj-emballages.com\/de\/","name":"CSJ Emballages","description":"","publisher":{"@id":"https:\/\/www.csj-emballages.com\/de\/#organization"},"potentialAction":[{"@type":"SearchAction","target":{"@type":"EntryPoint","urlTemplate":"https:\/\/www.csj-emballages.com\/de\/?s={search_term_string}"},"query-input":{"@type":"PropertyValueSpecification","valueRequired":true,"valueName":"search_term_string"}}],"inLanguage":"de"},{"@type":"Organization","@id":"https:\/\/www.csj-emballages.com\/de\/#Organization\/","name":"CSJ Emballages","url":"https:\/\/www.csj-emballages.com\/de\/","logo":{"@type":"ImageObject","inLanguage":"de","@id":"https:\/\/www.csj-emballages.com\/de\/#\/schema\/logo\/image\/","url":"https:\/\/www.csj-emballages.com\/wp-content\/uploads\/2023\/10\/logo_csj.webp","contentUrl":"https:\/\/www.csj-emballages.com\/wp-content\/uploads\/2023\/10\/logo_csj.webp","width":250,"height":95,"caption":"CSJ Emballages"},"image":{"@id":"https:\/\/www.csj-emballages.com\/de\/#\/schema\/logo\/image\/"},"sameAs":["https:\/\/www.facebook.com\/csjemballages"],"address":{"@type":"PostalAddress","streetAddress":"ZI La Lechere","addressLocality":"Patornay","postalCode":"39130","addressCountry":"FR"},"contactPoint":[{"@type":"ContactPoint","contactType":"Service client","telephone":"0384254272","email":"contact@csj-emballages.com"}]}]}},"df_price":21.29,"df_sale_price":"","df_regular_price":21.29,"df_image_link":"https:\/\/www.csj-emballages.com\/wp-content\/uploads\/2024\/03\/POCTACOSSK-300x300.webp","tiered_pricing_type":"fixed","tiered_pricing_fixed_rules":[],"tiered_pricing_percentage_rules":[],"tiered_pricing_minimum":1,"tiered_pricing_roles_data":[],"_links":{"self":[{"href":"https:\/\/www.csj-emballages.com\/de\/wp-json\/wp\/v2\/product\/22664","targetHints":{"allow":["GET"]}}],"collection":[{"href":"https:\/\/www.csj-emballages.com\/de\/wp-json\/wp\/v2\/product"}],"about":[{"href":"https:\/\/www.csj-emballages.com\/de\/wp-json\/wp\/v2\/types\/product"}],"wp:featuredmedia":[{"embeddable":true,"href":"https:\/\/www.csj-emballages.com\/de\/wp-json\/wp\/v2\/media\/230456"}],"wp:attachment":[{"href":"https:\/\/www.csj-emballages.com\/de\/wp-json\/wp\/v2\/media?parent=22664"}],"wp:term":[{"taxonomy":"product_brand","embeddable":true,"href":"https:\/\/www.csj-emballages.com\/de\/wp-json\/wp\/v2\/product_brand?post=22664"},{"taxonomy":"product_cat","embeddable":true,"href":"https:\/\/www.csj-emballages.com\/de\/wp-json\/wp\/v2\/product_cat?post=22664"},{"taxonomy":"product_tag","embeddable":true,"href":"https:\/\/www.csj-emballages.com\/de\/wp-json\/wp\/v2\/product_tag?post=22664"}],"curies":[{"name":"wp","href":"https:\/\/api.w.org\/{rel}","templated":true}]}}