{"id":226629,"date":"2024-03-01T16:55:51","date_gmt":"2024-03-01T15:55:51","guid":{"rendered":"https:\/\/www.csj-emballages.com\/produit\/25-pastaschachteln-aus-farbigem-karton-evan-40-x-5-cm\/"},"modified":"2026-04-03T09:02:30","modified_gmt":"2026-04-03T07:02:30","slug":"25-pastaschachteln-aus-farbigem-karton-evan-40-x-5-cm","status":"publish","type":"product","link":"https:\/\/www.csj-emballages.com\/de\/produit\/25-pastaschachteln-aus-farbigem-karton-evan-40-x-5-cm\/","title":{"rendered":"Geb\u00e4ckkarton \u201eSensation\u201c farbiger Karton 40 x 5 cm, 25 St\u00fcck"},"content":{"rendered":"<h2 data-start=\"251\" data-end=\"581\">Geb\u00e4ckkarton \u201eSensation\u201c farbiger Karton 40 x 5 cm, 25 St\u00fcck<\/h2>\n<hr>\n<h3 data-start=\"251\" data-end=\"581\">Entdecken Sie unseren Geb\u00e4ckkarton \u201eSensation\u201c aus farbigem Karton, 40 x 5 cm, 25 St\u00fcck<\/h3>\n<p><!--more--><\/p>\n<p data-start=\"251\" data-end=\"581\">Der <strong>Geb\u00e4ckkarton \u201eSensation\u201c aus farbigem Karton, 40 x 5 cm,<\/strong> ist ideal, um Ihre l\u00e4nglichen Backkreationen zu veredeln und zu sch\u00fctzen. Mit seinem hellen und appetitlichen Design, das raffinierte Dessert-Abbildungen hervorhebt, wertet er Ihre Produkte im Gesch\u00e4ft sofort auf und st\u00e4rkt das Qualit\u00e4tsimage Ihres Hauses. <\/p>\n<p data-start=\"583\" data-end=\"967\">Sein gro\u00dfes <strong>quadratisches Format 40 x 40 cm<\/strong> ist perfekt f\u00fcr Familientorten, gro\u00dfe Entremets, Kuchen, Blechkuchen oder Sortimente zum Teilen geeignet. Seine <strong>H\u00f6he von 5 cm<\/strong> eignet sich besonders f\u00fcr flacheres Geb\u00e4ck und sorgt gleichzeitig f\u00fcr optimalen Halt. <\/p>\n<p data-start=\"969\" data-end=\"1260\">Die Serie \u201e<strong>Sensation<\/strong>\u201c besticht durch ihre moderne und appetitliche Optik, ideal f\u00fcr Konditoren, B\u00e4cker und Caterer, die eine funktionale und zugleich attraktive Verpackung anbieten m\u00f6chten. Sie eignet sich sowohl f\u00fcr den t\u00e4glichen Verkauf als auch f\u00fcr festliche Anl\u00e4sse oder Sonderbestellungen. <\/p>\n<p data-start=\"1262\" data-end=\"1529\">Dieser einfach aufzubauende und praktisch zu handhabende Karton optimiert die Vorbereitungszeit in der Backstube. Verpackt in Einheiten von <strong>25 St\u00fcck<\/strong>, ist er auf die Bed\u00fcrfnisse von Profis zugeschnitten, die eine \u00e4sthetische und leistungsstarke L\u00f6sung f\u00fcr ihre l\u00e4nglichen Kreationen suchen. <\/p>\n<p data-start=\"1262\" data-end=\"1529\">\n<p style=\"text-align: right;\" data-start=\"1262\" data-end=\"1529\"><!--more--><\/p>\n<h4 data-start=\"1262\" data-end=\"1529\">Vorteile :<\/h4>\n<ul>\n<li data-start=\"1490\" data-end=\"1557\">Gro\u00dfformat <strong>40 x 40 x 5 cm<\/strong>, ideal f\u00fcr gro\u00dfe, flache Backwaren.<\/li>\n<li data-start=\"1560\" data-end=\"1602\">Modernes und appetitliches Design \u201e<strong>Sensation<\/strong>\u201c.<\/li>\n<li data-start=\"1605\" data-end=\"1648\">Stabiler Karton in Lebensmittelqualit\u00e4t.<\/li>\n<li data-start=\"1690\" data-end=\"1742\">Geeignet f\u00fcr Torten, Blechkuchen und Familien-Entremets.<\/li>\n<li data-start=\"1745\" data-end=\"1776\">Einfach aufzubauen und zu verwenden.<\/li>\n<li data-start=\"1823\" data-end=\"1863\">Praktische Verpackungseinheit von <strong>25 Kartons<\/strong>.<\/li>\n<\/ul>\n<p>&nbsp;<\/p>\n<p><!--more--><\/p>\n<h4 data-start=\"1262\" data-end=\"1529\">Weitere Informationen :<\/h4>\n<ul>\n<li><strong>Verpackung<\/strong>: Packung mit 25 St\u00fcck<\/li>\n<li><strong>Ma\u00dfe<\/strong>: 40 x 40 x 5 cm<\/li>\n<li><strong>Modell<\/strong>: Sensation<\/li>\n<li><strong>Farbe<\/strong>: Gr\u00fcn \/ Wei\u00df<\/li>\n<li><strong>Material<\/strong>: Karton<\/li>\n<\/ul>\n<p>&nbsp;<\/p>\n<p><!--more--><\/p>\n<p><a href=\"\/?product_cat=boites-patissieres-delicieuses\">Entdecken Sie unser weiteres Sortiment an Sensation Geb\u00e4ckschachteln<\/a><\/p>\n","protected":false},"excerpt":{"rendered":"<p>Geb\u00e4ckkarton \u201eSensation\u201c farbiger Karton 40 x 5 cm, 25 St\u00fcck Entdecken Sie unseren Geb\u00e4ckkarton \u201eSensation\u201c aus farbigem Karton, 40 x 5 cm, 25 St\u00fcck<\/p>\n","protected":false},"featured_media":89856,"template":"","meta":{"_acf_changed":false},"product_brand":[],"product_cat":[1137,1171,3964,1256,1261,9271,1265],"product_tag":[],"class_list":{"0":"post-226629","1":"product","2":"type-product","3":"status-publish","4":"has-post-thumbnail","6":"product_cat-lebensmittelverpackungen","7":"product_cat-backerei-und-konditorei","8":"product_cat-schachteln-und-etuis","9":"product_cat-gebackschachteln","10":"product_cat-bunte-gebackschachteln","11":"product_cat-bunte-keksdosen-lektion","12":"product_cat-lagerbestande-promotion","14":"first","15":"instock","16":"sale","17":"taxable","18":"shipping-taxable","19":"purchasable","20":"product-type-simple"},"acf":[],"yoast_head":"<!-- This site is optimized with the Yoast SEO Premium plugin v26.6 (Yoast SEO v26.6) - https:\/\/yoast.com\/wordpress\/plugins\/seo\/ -->\n<title>Geb\u00e4ckkarton \u201eSensation\u201c Farbiger Karton 40 x 5 cm, 25 St\u00fcck<\/title>\n<meta name=\"description\" content=\"Geb\u00e4ckkarton \u201eSensation\u201c farbiger Karton 40 x 40 x 5 cm, 25 St\u00fcck. Ideal f\u00fcr gro\u00dfe Torten und Familiengeb\u00e4ck.\" \/>\n<meta name=\"robots\" content=\"index, follow, max-snippet:-1, max-image-preview:large, max-video-preview:-1\" \/>\n<link rel=\"canonical\" href=\"https:\/\/www.csj-emballages.com\/de\/produit\/25-pastaschachteln-aus-farbigem-karton-evan-40-x-5-cm\/\" \/>\n<meta property=\"og:locale\" content=\"de_DE\" \/>\n<meta property=\"og:type\" content=\"article\" \/>\n<meta property=\"og:title\" content=\"Geb\u00e4ckkarton \u201eSensation\u201c farbiger Karton 40 x 5 cm, 25 St\u00fcck\" \/>\n<meta property=\"og:description\" content=\"Geb\u00e4ckkarton \u201eSensation\u201c farbiger Karton 40 x 40 x 5 cm, 25 St\u00fcck. Ideal f\u00fcr gro\u00dfe Torten und Familiengeb\u00e4ck.\" \/>\n<meta property=\"og:url\" content=\"https:\/\/www.csj-emballages.com\/de\/produit\/25-pastaschachteln-aus-farbigem-karton-evan-40-x-5-cm\/\" \/>\n<meta property=\"og:site_name\" content=\"CSJ Emballages\" \/>\n<meta property=\"article:publisher\" content=\"https:\/\/www.facebook.com\/csjemballages\" \/>\n<meta property=\"article:modified_time\" content=\"2026-04-03T07:02:30+00:00\" \/>\n<meta property=\"og:image\" content=\"https:\/\/www.csj-emballages.com\/wp-content\/uploads\/2024\/03\/Capture_d_ecran_2024-06-28_a_15.40.07-removebg-preview-1-e1724336254920.png\" \/>\n\t<meta property=\"og:image:width\" content=\"499\" \/>\n\t<meta property=\"og:image:height\" content=\"500\" \/>\n\t<meta property=\"og:image:type\" content=\"image\/png\" \/>\n<meta name=\"twitter:card\" content=\"summary_large_image\" \/>\n<meta name=\"twitter:label1\" content=\"Gesch\u00e4tzte Lesezeit\" \/>\n\t<meta name=\"twitter:data1\" content=\"1\u00a0Minute\" \/>\n<script type=\"application\/ld+json\" class=\"yoast-schema-graph\">{\"@context\":\"https:\/\/schema.org\",\"@graph\":[{\"@type\":\"WebPage\",\"@id\":\"https:\/\/www.csj-emballages.com\/de\/produit\/25-pastaschachteln-aus-farbigem-karton-evan-40-x-5-cm\/\",\"url\":\"https:\/\/www.csj-emballages.com\/de\/produit\/25-pastaschachteln-aus-farbigem-karton-evan-40-x-5-cm\/\",\"name\":\"Geb\u00e4ckkarton \u201eSensation\u201c Farbiger Karton 40 x 5 cm, 25 St\u00fcck\",\"isPartOf\":{\"@id\":\"https:\/\/www.csj-emballages.com\/de\/#website\"},\"primaryImageOfPage\":{\"@id\":\"https:\/\/www.csj-emballages.com\/de\/produit\/25-pastaschachteln-aus-farbigem-karton-evan-40-x-5-cm\/#primaryimage\"},\"image\":{\"@id\":\"https:\/\/www.csj-emballages.com\/de\/produit\/25-pastaschachteln-aus-farbigem-karton-evan-40-x-5-cm\/#primaryimage\"},\"thumbnailUrl\":\"https:\/\/www.csj-emballages.com\/wp-content\/uploads\/2024\/03\/Capture_d_ecran_2024-06-28_a_15.40.07-removebg-preview-1-e1724336254920.png\",\"datePublished\":\"2024-03-01T15:55:51+00:00\",\"dateModified\":\"2026-04-03T07:02:30+00:00\",\"description\":\"Geb\u00e4ckkarton \u201eSensation\u201c farbiger Karton 40 x 40 x 5 cm, 25 St\u00fcck. Ideal f\u00fcr gro\u00dfe Torten und Familiengeb\u00e4ck.\",\"breadcrumb\":{\"@id\":\"https:\/\/www.csj-emballages.com\/de\/produit\/25-pastaschachteln-aus-farbigem-karton-evan-40-x-5-cm\/#breadcrumb\"},\"inLanguage\":\"de\",\"potentialAction\":[{\"@type\":\"ReadAction\",\"target\":[\"https:\/\/www.csj-emballages.com\/de\/produit\/25-pastaschachteln-aus-farbigem-karton-evan-40-x-5-cm\/\"]}]},{\"@type\":\"ImageObject\",\"inLanguage\":\"de\",\"@id\":\"https:\/\/www.csj-emballages.com\/de\/produit\/25-pastaschachteln-aus-farbigem-karton-evan-40-x-5-cm\/#primaryimage\",\"url\":\"https:\/\/www.csj-emballages.com\/wp-content\/uploads\/2024\/03\/Capture_d_ecran_2024-06-28_a_15.40.07-removebg-preview-1-e1724336254920.png\",\"contentUrl\":\"https:\/\/www.csj-emballages.com\/wp-content\/uploads\/2024\/03\/Capture_d_ecran_2024-06-28_a_15.40.07-removebg-preview-1-e1724336254920.png\",\"width\":499,\"height\":500,\"caption\":\"Bo\u00eetes p\u00e2tissi\u00e8res Sensation 18x5 cm\"},{\"@type\":\"BreadcrumbList\",\"@id\":\"https:\/\/www.csj-emballages.com\/de\/produit\/25-pastaschachteln-aus-farbigem-karton-evan-40-x-5-cm\/#breadcrumb\",\"itemListElement\":[{\"@type\":\"ListItem\",\"position\":1,\"name\":\"Accueil\",\"item\":\"https:\/\/www.csj-emballages.com\/de\/universum-lebensmittelverpackungen\/\"},{\"@type\":\"ListItem\",\"position\":2,\"name\":\"Shop\",\"item\":\"https:\/\/www.csj-emballages.com\/shop\/\"},{\"@type\":\"ListItem\",\"position\":3,\"name\":\"Geb\u00e4ckkarton \u201eSensation\u201c farbiger Karton 40 x 5 cm, 25 St\u00fcck\"}]},{\"@type\":\"WebSite\",\"@id\":\"https:\/\/www.csj-emballages.com\/de\/#website\",\"url\":\"https:\/\/www.csj-emballages.com\/de\/\",\"name\":\"CSJ Emballages\",\"description\":\"\",\"publisher\":{\"@id\":\"https:\/\/www.csj-emballages.com\/de\/#organization\"},\"potentialAction\":[{\"@type\":\"SearchAction\",\"target\":{\"@type\":\"EntryPoint\",\"urlTemplate\":\"https:\/\/www.csj-emballages.com\/de\/?s={search_term_string}\"},\"query-input\":{\"@type\":\"PropertyValueSpecification\",\"valueRequired\":true,\"valueName\":\"search_term_string\"}}],\"inLanguage\":\"de\"},{\"@type\":\"Organization\",\"@id\":\"https:\/\/www.csj-emballages.com\/de\/#Organization\/\",\"name\":\"CSJ Emballages\",\"url\":\"https:\/\/www.csj-emballages.com\/de\/\",\"logo\":{\"@type\":\"ImageObject\",\"inLanguage\":\"de\",\"@id\":\"https:\/\/www.csj-emballages.com\/de\/#\/schema\/logo\/image\/\",\"url\":\"https:\/\/www.csj-emballages.com\/wp-content\/uploads\/2023\/10\/logo_csj.webp\",\"contentUrl\":\"https:\/\/www.csj-emballages.com\/wp-content\/uploads\/2023\/10\/logo_csj.webp\",\"width\":250,\"height\":95,\"caption\":\"CSJ Emballages\"},\"image\":{\"@id\":\"https:\/\/www.csj-emballages.com\/de\/#\/schema\/logo\/image\/\"},\"sameAs\":[\"https:\/\/www.facebook.com\/csjemballages\"],\"address\":{\"@type\":\"PostalAddress\",\"streetAddress\":\"ZI La Lechere\",\"addressLocality\":\"Patornay\",\"postalCode\":\"39130\",\"addressCountry\":\"FR\"},\"contactPoint\":[{\"@type\":\"ContactPoint\",\"contactType\":\"Service client\",\"telephone\":\"0384254272\",\"email\":\"contact@csj-emballages.com\"}]}]}<\/script>\n<!-- \/ Yoast SEO Premium plugin. -->","yoast_head_json":{"title":"Geb\u00e4ckkarton \u201eSensation\u201c Farbiger Karton 40 x 5 cm, 25 St\u00fcck","description":"Geb\u00e4ckkarton \u201eSensation\u201c farbiger Karton 40 x 40 x 5 cm, 25 St\u00fcck. Ideal f\u00fcr gro\u00dfe Torten und Familiengeb\u00e4ck.","robots":{"index":"index","follow":"follow","max-snippet":"max-snippet:-1","max-image-preview":"max-image-preview:large","max-video-preview":"max-video-preview:-1"},"canonical":"https:\/\/www.csj-emballages.com\/de\/produit\/25-pastaschachteln-aus-farbigem-karton-evan-40-x-5-cm\/","og_locale":"de_DE","og_type":"article","og_title":"Geb\u00e4ckkarton \u201eSensation\u201c farbiger Karton 40 x 5 cm, 25 St\u00fcck","og_description":"Geb\u00e4ckkarton \u201eSensation\u201c farbiger Karton 40 x 40 x 5 cm, 25 St\u00fcck. Ideal f\u00fcr gro\u00dfe Torten und Familiengeb\u00e4ck.","og_url":"https:\/\/www.csj-emballages.com\/de\/produit\/25-pastaschachteln-aus-farbigem-karton-evan-40-x-5-cm\/","og_site_name":"CSJ Emballages","article_publisher":"https:\/\/www.facebook.com\/csjemballages","article_modified_time":"2026-04-03T07:02:30+00:00","og_image":[{"width":499,"height":500,"url":"https:\/\/www.csj-emballages.com\/wp-content\/uploads\/2024\/03\/Capture_d_ecran_2024-06-28_a_15.40.07-removebg-preview-1-e1724336254920.png","type":"image\/png"}],"twitter_card":"summary_large_image","twitter_misc":{"Gesch\u00e4tzte Lesezeit":"1\u00a0Minute"},"schema":{"@context":"https:\/\/schema.org","@graph":[{"@type":"WebPage","@id":"https:\/\/www.csj-emballages.com\/de\/produit\/25-pastaschachteln-aus-farbigem-karton-evan-40-x-5-cm\/","url":"https:\/\/www.csj-emballages.com\/de\/produit\/25-pastaschachteln-aus-farbigem-karton-evan-40-x-5-cm\/","name":"Geb\u00e4ckkarton \u201eSensation\u201c Farbiger Karton 40 x 5 cm, 25 St\u00fcck","isPartOf":{"@id":"https:\/\/www.csj-emballages.com\/de\/#website"},"primaryImageOfPage":{"@id":"https:\/\/www.csj-emballages.com\/de\/produit\/25-pastaschachteln-aus-farbigem-karton-evan-40-x-5-cm\/#primaryimage"},"image":{"@id":"https:\/\/www.csj-emballages.com\/de\/produit\/25-pastaschachteln-aus-farbigem-karton-evan-40-x-5-cm\/#primaryimage"},"thumbnailUrl":"https:\/\/www.csj-emballages.com\/wp-content\/uploads\/2024\/03\/Capture_d_ecran_2024-06-28_a_15.40.07-removebg-preview-1-e1724336254920.png","datePublished":"2024-03-01T15:55:51+00:00","dateModified":"2026-04-03T07:02:30+00:00","description":"Geb\u00e4ckkarton \u201eSensation\u201c farbiger Karton 40 x 40 x 5 cm, 25 St\u00fcck. Ideal f\u00fcr gro\u00dfe Torten und Familiengeb\u00e4ck.","breadcrumb":{"@id":"https:\/\/www.csj-emballages.com\/de\/produit\/25-pastaschachteln-aus-farbigem-karton-evan-40-x-5-cm\/#breadcrumb"},"inLanguage":"de","potentialAction":[{"@type":"ReadAction","target":["https:\/\/www.csj-emballages.com\/de\/produit\/25-pastaschachteln-aus-farbigem-karton-evan-40-x-5-cm\/"]}]},{"@type":"ImageObject","inLanguage":"de","@id":"https:\/\/www.csj-emballages.com\/de\/produit\/25-pastaschachteln-aus-farbigem-karton-evan-40-x-5-cm\/#primaryimage","url":"https:\/\/www.csj-emballages.com\/wp-content\/uploads\/2024\/03\/Capture_d_ecran_2024-06-28_a_15.40.07-removebg-preview-1-e1724336254920.png","contentUrl":"https:\/\/www.csj-emballages.com\/wp-content\/uploads\/2024\/03\/Capture_d_ecran_2024-06-28_a_15.40.07-removebg-preview-1-e1724336254920.png","width":499,"height":500,"caption":"Bo\u00eetes p\u00e2tissi\u00e8res Sensation 18x5 cm"},{"@type":"BreadcrumbList","@id":"https:\/\/www.csj-emballages.com\/de\/produit\/25-pastaschachteln-aus-farbigem-karton-evan-40-x-5-cm\/#breadcrumb","itemListElement":[{"@type":"ListItem","position":1,"name":"Accueil","item":"https:\/\/www.csj-emballages.com\/de\/universum-lebensmittelverpackungen\/"},{"@type":"ListItem","position":2,"name":"Shop","item":"https:\/\/www.csj-emballages.com\/shop\/"},{"@type":"ListItem","position":3,"name":"Geb\u00e4ckkarton \u201eSensation\u201c farbiger Karton 40 x 5 cm, 25 St\u00fcck"}]},{"@type":"WebSite","@id":"https:\/\/www.csj-emballages.com\/de\/#website","url":"https:\/\/www.csj-emballages.com\/de\/","name":"CSJ Emballages","description":"","publisher":{"@id":"https:\/\/www.csj-emballages.com\/de\/#organization"},"potentialAction":[{"@type":"SearchAction","target":{"@type":"EntryPoint","urlTemplate":"https:\/\/www.csj-emballages.com\/de\/?s={search_term_string}"},"query-input":{"@type":"PropertyValueSpecification","valueRequired":true,"valueName":"search_term_string"}}],"inLanguage":"de"},{"@type":"Organization","@id":"https:\/\/www.csj-emballages.com\/de\/#Organization\/","name":"CSJ Emballages","url":"https:\/\/www.csj-emballages.com\/de\/","logo":{"@type":"ImageObject","inLanguage":"de","@id":"https:\/\/www.csj-emballages.com\/de\/#\/schema\/logo\/image\/","url":"https:\/\/www.csj-emballages.com\/wp-content\/uploads\/2023\/10\/logo_csj.webp","contentUrl":"https:\/\/www.csj-emballages.com\/wp-content\/uploads\/2023\/10\/logo_csj.webp","width":250,"height":95,"caption":"CSJ Emballages"},"image":{"@id":"https:\/\/www.csj-emballages.com\/de\/#\/schema\/logo\/image\/"},"sameAs":["https:\/\/www.facebook.com\/csjemballages"],"address":{"@type":"PostalAddress","streetAddress":"ZI La Lechere","addressLocality":"Patornay","postalCode":"39130","addressCountry":"FR"},"contactPoint":[{"@type":"ContactPoint","contactType":"Service client","telephone":"0384254272","email":"contact@csj-emballages.com"}]}]}},"df_price":14.46,"df_sale_price":14.46,"df_regular_price":18.07,"df_image_link":"https:\/\/www.csj-emballages.com\/wp-content\/uploads\/2024\/03\/Capture_d_ecran_2024-06-28_a_15.40.07-removebg-preview-1-300x300.png","tiered_pricing_type":"fixed","tiered_pricing_fixed_rules":[],"tiered_pricing_percentage_rules":[],"tiered_pricing_minimum":1,"tiered_pricing_roles_data":[],"_links":{"self":[{"href":"https:\/\/www.csj-emballages.com\/de\/wp-json\/wp\/v2\/product\/226629","targetHints":{"allow":["GET"]}}],"collection":[{"href":"https:\/\/www.csj-emballages.com\/de\/wp-json\/wp\/v2\/product"}],"about":[{"href":"https:\/\/www.csj-emballages.com\/de\/wp-json\/wp\/v2\/types\/product"}],"wp:featuredmedia":[{"embeddable":true,"href":"https:\/\/www.csj-emballages.com\/de\/wp-json\/wp\/v2\/media\/89856"}],"wp:attachment":[{"href":"https:\/\/www.csj-emballages.com\/de\/wp-json\/wp\/v2\/media?parent=226629"}],"wp:term":[{"taxonomy":"product_brand","embeddable":true,"href":"https:\/\/www.csj-emballages.com\/de\/wp-json\/wp\/v2\/product_brand?post=226629"},{"taxonomy":"product_cat","embeddable":true,"href":"https:\/\/www.csj-emballages.com\/de\/wp-json\/wp\/v2\/product_cat?post=226629"},{"taxonomy":"product_tag","embeddable":true,"href":"https:\/\/www.csj-emballages.com\/de\/wp-json\/wp\/v2\/product_tag?post=226629"}],"curies":[{"name":"wp","href":"https:\/\/api.w.org\/{rel}","templated":true}]}}