{"id":226612,"date":"2024-03-01T16:55:45","date_gmt":"2024-03-01T15:55:45","guid":{"rendered":"https:\/\/www.csj-emballages.com\/produit\/50-schwarze-plastikeinlagen-16-macarons-fuer-schachteln\/"},"modified":"2026-03-12T16:19:00","modified_gmt":"2026-03-12T15:19:00","slug":"50-schwarze-plastikeinlagen-16-macarons-fuer-schachteln","status":"publish","type":"product","link":"https:\/\/www.csj-emballages.com\/de\/produit\/50-schwarze-plastikeinlagen-16-macarons-fuer-schachteln\/","title":{"rendered":"Macarons schwarz Kunststoff 16 Macarons f\u00fcr Schachtel pro 50"},"content":{"rendered":"<h2>Makronen kalibrieren<\/h2>\n<hr>\n<h3>Beschreibung von &#8222;Macarons&#8220; schwarz Plastik 16 Macarons f\u00fcr 50er Schachteln<\/h3>\n<p><!--more--><\/p>\n<p data-start=\"198\" data-end=\"659\">Die <strong data-start=\"201\" data-end=\"265\">schwarze Plastikeinlage Macarons 16 Macarons f\u00fcr Schachteln zu 50 St\u00fcck<\/strong> ist der unverzichtbare Verb\u00fcndete von Konditoren, Caterern und Schokoladenherstellern, die eine sorgf\u00e4ltige Pr\u00e4sentation und einen optimalen Schutz ihrer Kreationen gew\u00e4hrleisten m\u00f6chten. Dieser starre Halter aus schwarzem Kunststoff, der speziell f\u00fcr <strong data-start=\"494\" data-end=\"509\">16 Makronen<\/strong> konzipiert wurde, passt perfekt in die daf\u00fcr vorgesehenen Schachteln und sorgt f\u00fcr einen perfekten Halt w\u00e4hrend des Transports und der Lagerung. Dank der unterteilten Struktur findet jedes Macaron seinen Platz, ohne dass die Gefahr besteht, dass es aneinander st\u00f6\u00dft. Die <strong data-start=\"844\" data-end=\"868\">Macaron-Einlage<\/strong> bewahrt die Feinheit Ihrer Leckereien, egal ob sie im Laden verkauft, zum Mitnehmen oder f\u00fcr prestigetr\u00e4chtige Veranstaltungen bestimmt sind.   <\/p>\n<p data-start=\"1022\" data-end=\"1303\">Ebenso verleiht der verwendete <strong data-start=\"1025\" data-end=\"1043\">schwarze Kunststoff<\/strong> einen zus\u00e4tzlichen Hauch von Eleganz, der ideal ist, um Ihre Produkte im Schaufenster oder bei der \u00dcbergabe an den Kunden hervorzuheben. Der dunkle Farbton hebt die kr\u00e4ftigen Farben der Schalen hervor und schafft einen raffinierten Kontrast, der sofort ins Auge f\u00e4llt. <\/p>\n<p data-start=\"1305\" data-end=\"1629\">Diese Verpackung wird in <strong data-start=\"1314\" data-end=\"1335\">Packungen mit 50 St\u00fcck<\/strong> verkauft und ist perfekt auf die Bed\u00fcrfnisse von Profis abgestimmt. Diese <strong>Einlage<\/strong> sch\u00fctzt nicht nur Ihre Macarons, sondern optimiert auch die Aufbewahrung in den Schachteln. <\/p>\n<p data-start=\"1631\" data-end=\"1794\">Entscheiden Sie sich f\u00fcr die <strong data-start=\"1642\" data-end=\"1688\">schwarze Macarons-Einlage<\/strong> und sorgen Sie daf\u00fcr, dass Ihre Kunden von der Pr\u00e4sentation bis zur Verkostung ein vollst\u00e4ndiges Schlemmererlebnis haben.<\/p>\n<p data-start=\"1631\" data-end=\"1794\">\n<p data-start=\"1423\" data-end=\"1694\"><!--more--><\/p>\n<h4 data-start=\"1423\" data-end=\"1694\">Vorteile :<\/h4>\n<ul>\n<li data-start=\"1423\" data-end=\"1694\">Perfekter Halt f\u00fcr <strong data-start=\"2013\" data-end=\"2028\">16 Macarons<\/strong>, ohne dass die Gefahr besteht, dass sie zerdr\u00fcckt werden.<\/li>\n<li data-start=\"1423\" data-end=\"1694\">Steifer, hygienischer <strong data-start=\"1698\" data-end=\"1723\">lebensmittelechter Kunststoff<\/strong>.<\/li>\n<li data-start=\"1423\" data-end=\"1694\">Transparente<strong data-start=\"1757\" data-end=\"1775\"> schwarze<\/strong> Farbe, die Ihre Kreationen hervorhebt.<\/li>\n<li data-start=\"1423\" data-end=\"1694\">Standardformat, das in herk\u00f6mmliche Makronenschachteln passt.<\/li>\n<li data-start=\"1423\" data-end=\"1694\">Wird in <strong data-start=\"1875\" data-end=\"1888\">Sets von 50 St\u00fcck<\/strong> verkauft und ist ideal f\u00fcr den professionellen Einsatz.<\/li>\n<\/ul>\n<p>&nbsp;<\/p>\n<p><!--more--><\/p>\n<h4>Weitere Informationen :<\/h4>\n<ul style=\"box-sizing: inherit; font-family: Roboto, sans-serif;\">\n<li><strong>Verpackung<\/strong>: Packung mit 50 St\u00fcck<\/li>\n<li><span style=\"font-weight: bold;\">Abmessungen<\/span>: 170 x 130 x 19 (L x B X H in mm)<\/li>\n<li><strong>Ma\u00dfe des Platzes f\u00fcr die Makrone<\/strong>: 4 cm x 2,5 cm<\/li>\n<li><strong>Material<\/strong>: Kunststoff<\/li>\n<li><strong>Farbe<\/strong>: Schwarz<\/li>\n<li><strong>Kapazit\u00e4t<\/strong>: 16 Makronen<\/li>\n<\/ul>\n<p>&nbsp;<\/p>\n<p><!--more--><\/p>\n<p>Keil auch in transparent erh\u00e4ltlich : <span style=\"color: #d12727;\"><br \/>\n  <a style=\"color: #d12727;\" href=\"https:\/\/www.csj-emballages.com\/produit\/50-calages-transparent-plastique-16-macarons-pour-boite\/\">CALBM12TRAN<\/a><br \/>\n<\/span><\/p>\n<p>&nbsp;<\/p>\n<p><!--more--><\/p>\n<p>Hier finden Sie alle Makronenschachteln, die mit dieser Verkeilung kompatibel sind: <span style=\"color: #d12727;\"><br \/>\n  <a style=\"color: #d12727;\" href=\"https:\/\/www.csj-emballages.com\/de\/produit\/rosa-schachtel-fuer-12-16-macarons-aus-karton\/\">ROSE<\/a><br \/>\n<\/span> (BM12ROSE) \/ <span style=\"color: #d12727;\"><br \/>\n  <a style=\"color: #d12727;\" href=\"https:\/\/www.csj-emballages.com\/de\/produit\/gruene-schachtel-fuer-12-16-macarons-aus-karton\/\">GR\u00dcN<\/a><br \/>\n<\/span> (BM12GR\u00dcN) \/ <span style=\"color: #d12727;\"><br \/>\n  <a style=\"color: #d12727;\" href=\"https:\/\/www.csj-emballages.com\/de\/produit\/orangefarbene-schachtel-fuer-12-16-macarons-aus-karton\/\">ORANGE<\/a><br \/>\n<\/span> (BM12ORANGE) \/ <span style=\"color: #d12727;\"><a style=\"color: #d12727;\" href=\"https:\/\/www.csj-emballages.com\/de\/produit\/schwarze-schachtel-fuer-12-16-macarons-aus-karton\/\">SCHWARZ<\/a> <span style=\"color: #000000;\">(BM12NOIR) \/ <span style=\"color: #d12727;\"><a style=\"color: #d12727;\" href=\"https:\/\/www.csj-emballages.com\/de\/produit\/parmaschachtel-fuer-12-16-macarons-aus-karton\/\">PARMA<\/a><\/span> (BM12VIO)<\/span><\/span><\/p>\n<p>&nbsp;<\/p>\n<p><!--more--><\/p>\n<p><a href=\"https:\/\/www.csj-emballages.com\/de\/categorie-produit\/lebensmittelverpackungen\/backerei-und-konditorei\/schachteln-und-etuis\/macarons-schachteln-etuis\/schachteln-einlagen-fur-macarons\/makroneneinlagen\/\">Sehen Sie sich den Rest unseres Sortiments an Makroneneinlagen an<\/a><\/p>\n","protected":false},"excerpt":{"rendered":"<p>Makronen kalibrieren Beschreibung von &#8222;Macarons&#8220; schwarz Plastik 16 Macarons f\u00fcr 50er Schachteln<\/p>\n","protected":false},"featured_media":241977,"template":"","meta":{"_acf_changed":false},"product_brand":[],"product_cat":[1137,1171,1728,2167,3933],"product_tag":[],"class_list":{"0":"post-226612","1":"product","2":"type-product","3":"status-publish","4":"has-post-thumbnail","6":"product_cat-lebensmittelverpackungen","7":"product_cat-backerei-und-konditorei","8":"product_cat-macarons-schachteln-etuis","9":"product_cat-schachteln-einlagen-fur-macarons","10":"product_cat-makroneneinlagen","12":"first","13":"instock","14":"taxable","15":"shipping-taxable","16":"purchasable","17":"product-type-simple"},"acf":[],"yoast_head":"<!-- This site is optimized with the Yoast SEO Premium plugin v26.6 (Yoast SEO v26.6) - https:\/\/yoast.com\/wordpress\/plugins\/seo\/ -->\n<title>Macarons schwarz Kunststoff 16 Macarons f\u00fcr Box pro 50<\/title>\n<meta name=\"description\" content=\"Schwarze Macarons-Einlage f\u00fcr 16 Plastik-Macarons, pro 50 St\u00fcck. Sch\u00fctzt, wertet auf und optimiert Ihre professionellen Pr\u00e4sentationen.\" \/>\n<meta name=\"robots\" content=\"index, follow, max-snippet:-1, max-image-preview:large, max-video-preview:-1\" \/>\n<link rel=\"canonical\" href=\"https:\/\/www.csj-emballages.com\/de\/produit\/50-schwarze-plastikeinlagen-16-macarons-fuer-schachteln\/\" \/>\n<meta property=\"og:locale\" content=\"de_DE\" \/>\n<meta property=\"og:type\" content=\"article\" \/>\n<meta property=\"og:title\" content=\"Macarons schwarz Kunststoff 16 Macarons f\u00fcr Schachtel pro 50\" \/>\n<meta property=\"og:description\" content=\"Schwarze Macarons-Einlage f\u00fcr 16 Plastik-Macarons, pro 50 St\u00fcck. Sch\u00fctzt, wertet auf und optimiert Ihre professionellen Pr\u00e4sentationen.\" \/>\n<meta property=\"og:url\" content=\"https:\/\/www.csj-emballages.com\/de\/produit\/50-schwarze-plastikeinlagen-16-macarons-fuer-schachteln\/\" \/>\n<meta property=\"og:site_name\" content=\"CSJ Emballages\" \/>\n<meta property=\"article:publisher\" content=\"https:\/\/www.facebook.com\/csjemballages\" \/>\n<meta property=\"article:modified_time\" content=\"2026-03-12T15:19:00+00:00\" \/>\n<meta property=\"og:image\" content=\"https:\/\/www.csj-emballages.com\/wp-content\/uploads\/2024\/03\/CALBM12NOIR.webp\" \/>\n\t<meta property=\"og:image:width\" content=\"800\" \/>\n\t<meta property=\"og:image:height\" content=\"800\" \/>\n\t<meta property=\"og:image:type\" content=\"image\/webp\" \/>\n<meta name=\"twitter:card\" content=\"summary_large_image\" \/>\n<meta name=\"twitter:label1\" content=\"Gesch\u00e4tzte Lesezeit\" \/>\n\t<meta name=\"twitter:data1\" content=\"2 Minuten\" \/>\n<script type=\"application\/ld+json\" class=\"yoast-schema-graph\">{\"@context\":\"https:\/\/schema.org\",\"@graph\":[{\"@type\":\"WebPage\",\"@id\":\"https:\/\/www.csj-emballages.com\/de\/produit\/50-schwarze-plastikeinlagen-16-macarons-fuer-schachteln\/\",\"url\":\"https:\/\/www.csj-emballages.com\/de\/produit\/50-schwarze-plastikeinlagen-16-macarons-fuer-schachteln\/\",\"name\":\"Macarons schwarz Kunststoff 16 Macarons f\u00fcr Box pro 50\",\"isPartOf\":{\"@id\":\"https:\/\/www.csj-emballages.com\/de\/#website\"},\"primaryImageOfPage\":{\"@id\":\"https:\/\/www.csj-emballages.com\/de\/produit\/50-schwarze-plastikeinlagen-16-macarons-fuer-schachteln\/#primaryimage\"},\"image\":{\"@id\":\"https:\/\/www.csj-emballages.com\/de\/produit\/50-schwarze-plastikeinlagen-16-macarons-fuer-schachteln\/#primaryimage\"},\"thumbnailUrl\":\"https:\/\/www.csj-emballages.com\/wp-content\/uploads\/2024\/03\/CALBM12NOIR.webp\",\"datePublished\":\"2024-03-01T15:55:45+00:00\",\"dateModified\":\"2026-03-12T15:19:00+00:00\",\"description\":\"Schwarze Macarons-Einlage f\u00fcr 16 Plastik-Macarons, pro 50 St\u00fcck. Sch\u00fctzt, wertet auf und optimiert Ihre professionellen Pr\u00e4sentationen.\",\"breadcrumb\":{\"@id\":\"https:\/\/www.csj-emballages.com\/de\/produit\/50-schwarze-plastikeinlagen-16-macarons-fuer-schachteln\/#breadcrumb\"},\"inLanguage\":\"de\",\"potentialAction\":[{\"@type\":\"ReadAction\",\"target\":[\"https:\/\/www.csj-emballages.com\/de\/produit\/50-schwarze-plastikeinlagen-16-macarons-fuer-schachteln\/\"]}]},{\"@type\":\"ImageObject\",\"inLanguage\":\"de\",\"@id\":\"https:\/\/www.csj-emballages.com\/de\/produit\/50-schwarze-plastikeinlagen-16-macarons-fuer-schachteln\/#primaryimage\",\"url\":\"https:\/\/www.csj-emballages.com\/wp-content\/uploads\/2024\/03\/CALBM12NOIR.webp\",\"contentUrl\":\"https:\/\/www.csj-emballages.com\/wp-content\/uploads\/2024\/03\/CALBM12NOIR.webp\",\"width\":800,\"height\":800,\"caption\":\"Calage macarons\"},{\"@type\":\"BreadcrumbList\",\"@id\":\"https:\/\/www.csj-emballages.com\/de\/produit\/50-schwarze-plastikeinlagen-16-macarons-fuer-schachteln\/#breadcrumb\",\"itemListElement\":[{\"@type\":\"ListItem\",\"position\":1,\"name\":\"Accueil\",\"item\":\"https:\/\/www.csj-emballages.com\/de\/universum-lebensmittelverpackungen\/\"},{\"@type\":\"ListItem\",\"position\":2,\"name\":\"Shop\",\"item\":\"https:\/\/www.csj-emballages.com\/shop\/\"},{\"@type\":\"ListItem\",\"position\":3,\"name\":\"Macarons schwarz Kunststoff 16 Macarons f\u00fcr Schachtel pro 50\"}]},{\"@type\":\"WebSite\",\"@id\":\"https:\/\/www.csj-emballages.com\/de\/#website\",\"url\":\"https:\/\/www.csj-emballages.com\/de\/\",\"name\":\"CSJ Emballages\",\"description\":\"\",\"publisher\":{\"@id\":\"https:\/\/www.csj-emballages.com\/de\/#organization\"},\"potentialAction\":[{\"@type\":\"SearchAction\",\"target\":{\"@type\":\"EntryPoint\",\"urlTemplate\":\"https:\/\/www.csj-emballages.com\/de\/?s={search_term_string}\"},\"query-input\":{\"@type\":\"PropertyValueSpecification\",\"valueRequired\":true,\"valueName\":\"search_term_string\"}}],\"inLanguage\":\"de\"},{\"@type\":\"Organization\",\"@id\":\"https:\/\/www.csj-emballages.com\/de\/#Organization\/\",\"name\":\"CSJ Emballages\",\"url\":\"https:\/\/www.csj-emballages.com\/de\/\",\"logo\":{\"@type\":\"ImageObject\",\"inLanguage\":\"de\",\"@id\":\"https:\/\/www.csj-emballages.com\/de\/#\/schema\/logo\/image\/\",\"url\":\"https:\/\/www.csj-emballages.com\/wp-content\/uploads\/2023\/10\/logo_csj.webp\",\"contentUrl\":\"https:\/\/www.csj-emballages.com\/wp-content\/uploads\/2023\/10\/logo_csj.webp\",\"width\":250,\"height\":95,\"caption\":\"CSJ Emballages\"},\"image\":{\"@id\":\"https:\/\/www.csj-emballages.com\/de\/#\/schema\/logo\/image\/\"},\"sameAs\":[\"https:\/\/www.facebook.com\/csjemballages\"],\"address\":{\"@type\":\"PostalAddress\",\"streetAddress\":\"ZI La Lechere\",\"addressLocality\":\"Patornay\",\"postalCode\":\"39130\",\"addressCountry\":\"FR\"},\"contactPoint\":[{\"@type\":\"ContactPoint\",\"contactType\":\"Service client\",\"telephone\":\"0384254272\",\"email\":\"contact@csj-emballages.com\"}]}]}<\/script>\n<!-- \/ Yoast SEO Premium plugin. -->","yoast_head_json":{"title":"Macarons schwarz Kunststoff 16 Macarons f\u00fcr Box pro 50","description":"Schwarze Macarons-Einlage f\u00fcr 16 Plastik-Macarons, pro 50 St\u00fcck. Sch\u00fctzt, wertet auf und optimiert Ihre professionellen Pr\u00e4sentationen.","robots":{"index":"index","follow":"follow","max-snippet":"max-snippet:-1","max-image-preview":"max-image-preview:large","max-video-preview":"max-video-preview:-1"},"canonical":"https:\/\/www.csj-emballages.com\/de\/produit\/50-schwarze-plastikeinlagen-16-macarons-fuer-schachteln\/","og_locale":"de_DE","og_type":"article","og_title":"Macarons schwarz Kunststoff 16 Macarons f\u00fcr Schachtel pro 50","og_description":"Schwarze Macarons-Einlage f\u00fcr 16 Plastik-Macarons, pro 50 St\u00fcck. Sch\u00fctzt, wertet auf und optimiert Ihre professionellen Pr\u00e4sentationen.","og_url":"https:\/\/www.csj-emballages.com\/de\/produit\/50-schwarze-plastikeinlagen-16-macarons-fuer-schachteln\/","og_site_name":"CSJ Emballages","article_publisher":"https:\/\/www.facebook.com\/csjemballages","article_modified_time":"2026-03-12T15:19:00+00:00","og_image":[{"width":800,"height":800,"url":"https:\/\/www.csj-emballages.com\/wp-content\/uploads\/2024\/03\/CALBM12NOIR.webp","type":"image\/webp"}],"twitter_card":"summary_large_image","twitter_misc":{"Gesch\u00e4tzte Lesezeit":"2 Minuten"},"schema":{"@context":"https:\/\/schema.org","@graph":[{"@type":"WebPage","@id":"https:\/\/www.csj-emballages.com\/de\/produit\/50-schwarze-plastikeinlagen-16-macarons-fuer-schachteln\/","url":"https:\/\/www.csj-emballages.com\/de\/produit\/50-schwarze-plastikeinlagen-16-macarons-fuer-schachteln\/","name":"Macarons schwarz Kunststoff 16 Macarons f\u00fcr Box pro 50","isPartOf":{"@id":"https:\/\/www.csj-emballages.com\/de\/#website"},"primaryImageOfPage":{"@id":"https:\/\/www.csj-emballages.com\/de\/produit\/50-schwarze-plastikeinlagen-16-macarons-fuer-schachteln\/#primaryimage"},"image":{"@id":"https:\/\/www.csj-emballages.com\/de\/produit\/50-schwarze-plastikeinlagen-16-macarons-fuer-schachteln\/#primaryimage"},"thumbnailUrl":"https:\/\/www.csj-emballages.com\/wp-content\/uploads\/2024\/03\/CALBM12NOIR.webp","datePublished":"2024-03-01T15:55:45+00:00","dateModified":"2026-03-12T15:19:00+00:00","description":"Schwarze Macarons-Einlage f\u00fcr 16 Plastik-Macarons, pro 50 St\u00fcck. Sch\u00fctzt, wertet auf und optimiert Ihre professionellen Pr\u00e4sentationen.","breadcrumb":{"@id":"https:\/\/www.csj-emballages.com\/de\/produit\/50-schwarze-plastikeinlagen-16-macarons-fuer-schachteln\/#breadcrumb"},"inLanguage":"de","potentialAction":[{"@type":"ReadAction","target":["https:\/\/www.csj-emballages.com\/de\/produit\/50-schwarze-plastikeinlagen-16-macarons-fuer-schachteln\/"]}]},{"@type":"ImageObject","inLanguage":"de","@id":"https:\/\/www.csj-emballages.com\/de\/produit\/50-schwarze-plastikeinlagen-16-macarons-fuer-schachteln\/#primaryimage","url":"https:\/\/www.csj-emballages.com\/wp-content\/uploads\/2024\/03\/CALBM12NOIR.webp","contentUrl":"https:\/\/www.csj-emballages.com\/wp-content\/uploads\/2024\/03\/CALBM12NOIR.webp","width":800,"height":800,"caption":"Calage macarons"},{"@type":"BreadcrumbList","@id":"https:\/\/www.csj-emballages.com\/de\/produit\/50-schwarze-plastikeinlagen-16-macarons-fuer-schachteln\/#breadcrumb","itemListElement":[{"@type":"ListItem","position":1,"name":"Accueil","item":"https:\/\/www.csj-emballages.com\/de\/universum-lebensmittelverpackungen\/"},{"@type":"ListItem","position":2,"name":"Shop","item":"https:\/\/www.csj-emballages.com\/shop\/"},{"@type":"ListItem","position":3,"name":"Macarons schwarz Kunststoff 16 Macarons f\u00fcr Schachtel pro 50"}]},{"@type":"WebSite","@id":"https:\/\/www.csj-emballages.com\/de\/#website","url":"https:\/\/www.csj-emballages.com\/de\/","name":"CSJ Emballages","description":"","publisher":{"@id":"https:\/\/www.csj-emballages.com\/de\/#organization"},"potentialAction":[{"@type":"SearchAction","target":{"@type":"EntryPoint","urlTemplate":"https:\/\/www.csj-emballages.com\/de\/?s={search_term_string}"},"query-input":{"@type":"PropertyValueSpecification","valueRequired":true,"valueName":"search_term_string"}}],"inLanguage":"de"},{"@type":"Organization","@id":"https:\/\/www.csj-emballages.com\/de\/#Organization\/","name":"CSJ Emballages","url":"https:\/\/www.csj-emballages.com\/de\/","logo":{"@type":"ImageObject","inLanguage":"de","@id":"https:\/\/www.csj-emballages.com\/de\/#\/schema\/logo\/image\/","url":"https:\/\/www.csj-emballages.com\/wp-content\/uploads\/2023\/10\/logo_csj.webp","contentUrl":"https:\/\/www.csj-emballages.com\/wp-content\/uploads\/2023\/10\/logo_csj.webp","width":250,"height":95,"caption":"CSJ Emballages"},"image":{"@id":"https:\/\/www.csj-emballages.com\/de\/#\/schema\/logo\/image\/"},"sameAs":["https:\/\/www.facebook.com\/csjemballages"],"address":{"@type":"PostalAddress","streetAddress":"ZI La Lechere","addressLocality":"Patornay","postalCode":"39130","addressCountry":"FR"},"contactPoint":[{"@type":"ContactPoint","contactType":"Service client","telephone":"0384254272","email":"contact@csj-emballages.com"}]}]}},"df_price":29.17,"df_sale_price":"","df_regular_price":29.17,"df_image_link":"https:\/\/www.csj-emballages.com\/wp-content\/uploads\/2024\/03\/CALBM12NOIR-300x300.webp","tiered_pricing_type":"fixed","tiered_pricing_fixed_rules":[],"tiered_pricing_percentage_rules":[],"tiered_pricing_minimum":1,"tiered_pricing_roles_data":[],"_links":{"self":[{"href":"https:\/\/www.csj-emballages.com\/de\/wp-json\/wp\/v2\/product\/226612","targetHints":{"allow":["GET"]}}],"collection":[{"href":"https:\/\/www.csj-emballages.com\/de\/wp-json\/wp\/v2\/product"}],"about":[{"href":"https:\/\/www.csj-emballages.com\/de\/wp-json\/wp\/v2\/types\/product"}],"wp:featuredmedia":[{"embeddable":true,"href":"https:\/\/www.csj-emballages.com\/de\/wp-json\/wp\/v2\/media\/241977"}],"wp:attachment":[{"href":"https:\/\/www.csj-emballages.com\/de\/wp-json\/wp\/v2\/media?parent=226612"}],"wp:term":[{"taxonomy":"product_brand","embeddable":true,"href":"https:\/\/www.csj-emballages.com\/de\/wp-json\/wp\/v2\/product_brand?post=226612"},{"taxonomy":"product_cat","embeddable":true,"href":"https:\/\/www.csj-emballages.com\/de\/wp-json\/wp\/v2\/product_cat?post=226612"},{"taxonomy":"product_tag","embeddable":true,"href":"https:\/\/www.csj-emballages.com\/de\/wp-json\/wp\/v2\/product_tag?post=226612"}],"curies":[{"name":"wp","href":"https:\/\/api.w.org\/{rel}","templated":true}]}}