{"id":226592,"date":"2024-03-01T16:55:44","date_gmt":"2024-03-01T15:55:44","guid":{"rendered":"https:\/\/www.csj-emballages.com\/produit\/50-schwarze-plastikeinlagen-8-makronen-fuer-schachteln\/"},"modified":"2026-04-21T12:00:46","modified_gmt":"2026-04-21T10:00:46","slug":"50-schwarze-plastikeinlagen-8-makronen-fuer-schachteln","status":"publish","type":"product","link":"https:\/\/www.csj-emballages.com\/de\/produit\/50-schwarze-plastikeinlagen-8-makronen-fuer-schachteln\/","title":{"rendered":"Macarons schwarz Kunststoff 8 Macarons f\u00fcr Box pro 50"},"content":{"rendered":"<h2>Makronen kalibrieren<\/h2>\n<hr>\n<h3>Beschreibung von &#8222;Macarons&#8220; schwarz Kunststoff 8 Macarons f\u00fcr Schachtel pro 50 St\u00fcck<\/h3>\n<p><!--more--><\/p>\n<p data-start=\"128\" data-end=\"437\">Bieten Sie Ihren s\u00fc\u00dfen K\u00f6stlichkeiten eine elegante Pr\u00e4sentation und optimalen Schutz mit der <strong data-start=\"212\" data-end=\"275\">schwarzen Kunststoffeinlage Macarons 8 Macarons f\u00fcr Schachteln zu 50 St\u00fcck<\/strong>. Diese Einlage wurde speziell f\u00fcr Konditoren und Handwerker entwickelt, die ihr Image pflegen m\u00f6chten, und vereint Praktikabilit\u00e4t, Hygiene und \u00c4sthetik. <\/p>\n<p data-start=\"439\" data-end=\"802\">Jede <strong>Einlage<\/strong> bietet Platz f\u00fcr <strong data-start=\"473\" data-end=\"495\">bis zu 8 Macarons<\/strong> in Standardgr\u00f6\u00dfe und h\u00e4lt sie sicher fest, um St\u00f6\u00dfe und Quetschungen beim Transport oder bei der Lagerung zu vermeiden. Das Design aus <strong data-start=\"642\" data-end=\"667\">lebensmittelechtem Kunststoff<\/strong> garantiert optimale Sicherheit f\u00fcr Ihre Kreationen und bietet gleichzeitig gen\u00fcgend Steifigkeit, um wiederholten Handhabungen standzuhalten. <\/p>\n<p data-start=\"804\" data-end=\"1037\">Die <strong data-start=\"815\" data-end=\"824\">schwarze<\/strong> Farbe verleiht einen raffinierten Touch, der die kr\u00e4ftigen und zarten Farben der Macaronschalen hervorhebt. Der Kontrasteffekt hebt Ihre Werke hervor und tr\u00e4gt dazu bei, das hochwertige Image Ihres Unternehmens zu verst\u00e4rken. <\/p>\n<p data-start=\"1039\" data-end=\"1314\">Sie werden in einem g\u00fcnstigen Set von <strong data-start=\"1067\" data-end=\"1081\">50<\/strong> St\u00fcck verkauft und eignen sich perfekt f\u00fcr den regelm\u00e4\u00dfigen professionellen Gebrauch. Sie lassen sich leicht in Standard-Makronenschachteln einlegen, passen sich problemlos an und sorgen f\u00fcr eine schnelle Platzierung bei der Kommissionierung. <\/p>\n<p data-start=\"1316\" data-end=\"1613\">Wenn Sie sich f\u00fcr diesen <strong data-start=\"1327\" data-end=\"1361\">schwarzen Makronenhalter aus Kunststoff<\/strong> entscheiden, entscheiden Sie sich f\u00fcr ein praktisches, widerstandsf\u00e4higes und \u00e4sthetisches Produkt, das den Anforderungen von Handwerkern, Caterern und Fachgesch\u00e4ften gleicherma\u00dfen gerecht wird. Ein Muss, um Ihre Kunden mit Sorgfalt zu beliefern und gleichzeitig Ihr Know-how aufzuwerten. <\/p>\n<p data-start=\"1423\" data-end=\"1694\"><!--more--><\/p>\n<h4 data-start=\"1423\" data-end=\"1694\">Vorteile :<\/h4>\n<ul>\n<li data-start=\"1423\" data-end=\"1694\">Perfekter Halt von <strong data-start=\"1658\" data-end=\"1672\">8 Macarons<\/strong> ohne Bruchrisiko.<\/li>\n<li data-start=\"1423\" data-end=\"1694\">Steifer, hygienischer <strong data-start=\"1698\" data-end=\"1723\">lebensmittelechter Kunststoff<\/strong>.<\/li>\n<li data-start=\"1423\" data-end=\"1694\"><strong data-start=\"1757\" data-end=\"1775\">Elegante schwarze<\/strong> Farbe, die Ihre Kreationen hervorhebt.<\/li>\n<li data-start=\"1423\" data-end=\"1694\">Standardformat, das in herk\u00f6mmliche Makronenschachteln passt.<\/li>\n<li data-start=\"1423\" data-end=\"1694\">Wird in <strong data-start=\"1875\" data-end=\"1888\">Sets von 50 St\u00fcck<\/strong> verkauft und ist ideal f\u00fcr den professionellen Einsatz.<\/li>\n<\/ul>\n<p>&nbsp;<\/p>\n<p><!--more--><\/p>\n<h4>Weitere Informationen :<\/h4>\n<ul style=\"box-sizing: inherit; font-family: Roboto, sans-serif;\">\n<li><strong>Verpackung<\/strong>: Packung mit 50 St\u00fcck<\/li>\n<li><span style=\"font-weight: bold;\">Abmessungen<\/span>: 230 x 50 x 19 (L x B X H in mm)<\/li>\n<li><strong>Ma\u00dfe des Platzes f\u00fcr die Makrone<\/strong>: 4 cm x 2,5 cm<\/li>\n<li><strong>Material<\/strong>: Kunststoff<\/li>\n<li><strong>Farbe<\/strong>: Schwarz<\/li>\n<li><strong>Kapazit\u00e4t<\/strong>: 8 Makronen<\/li>\n<\/ul>\n<p>&nbsp;<\/p>\n<p><!--more--><\/p>\n<p>Keil auch in transparent erh\u00e4ltlich : <span style=\"color: #d12727;\"><br \/>\n  <a style=\"color: #d12727;\" href=\"https:\/\/www.csj-emballages.com\/produit\/50-calages-transparent-plastique-8-macarons-pour-boite\/\">CALBM6TRAN<\/a><br \/>\n<\/span><\/p>\n<p>&nbsp;<\/p>\n<p><!--more--><\/p>\n<p>Hier finden Sie alle Makronenschachteln, die mit dieser Einlage kompatibel sind: <span style=\"color: #d12727;\"><br \/>\n  <a style=\"color: #d12727;\" href=\"https:\/\/www.csj-emballages.com\/pt-pt\/produit\/25-caixas-de-cartao-branco-para-8-macarons\/\">WEISS<\/a><br \/>\n<\/span> (BM6BANC) \/ <span style=\"color: #d12727;\"><br \/>\n  <a style=\"color: #d12727;\" href=\"https:\/\/www.csj-emballages.com\/pt-pt\/produit\/caixa-de-cartao-cor-de-rosa-para-8-macarons\/\">ROSE<\/a><br \/>\n<\/span> (BM6ROSE) \/ <span style=\"color: #d12727;\"><br \/>\n  <a style=\"color: #d12727;\" href=\"https:\/\/www.csj-emballages.com\/pt-pt\/produit\/caixa-de-cartao-verde-para-8-macarons\/\">GR\u00dcN<\/a><br \/>\n<\/span> (BM6GR\u00dcN) \/ <span style=\"color: #d12727;\"><br \/>\n  <a style=\"color: #d12727;\" href=\"https:\/\/www.csj-emballages.com\/pt-pt\/produit\/caixa-de-cartao-laranja-para-8-macarons\/\">ORANGE (ORANGE)<\/a><br \/>\n<\/span> (BM6ORANGE) \/ <span style=\"color: #d12727;\"><a style=\"color: #d12727;\" href=\"https:\/\/www.csj-emballages.com\/pt-pt\/produit\/caixa-de-cartao-preta-para-8-macarons\/\">SCHWARZ<\/a> <span style=\"color: #000000;\">(BM6SCHWARZ)<\/span><\/span><\/p>\n<p>&nbsp;<\/p>\n<p><!--more--><\/p>\n<p><a href=\"https:\/\/www.csj-emballages.com\/de\/categorie-produit\/lebensmittelverpackungen\/backerei-und-konditorei\/schachteln-und-etuis\/macarons-schachteln-etuis\/schachteln-einlagen-fur-macarons\/makroneneinlagen\/\">Sehen Sie sich den Rest unseres Sortiments an Makroneneinlagen an<\/a><\/p>\n","protected":false},"excerpt":{"rendered":"<p>Makronen kalibrieren Beschreibung von &#8222;Macarons&#8220; schwarz Kunststoff 8 Macarons f\u00fcr Schachtel pro 50 St\u00fcck<\/p>\n","protected":false},"featured_media":241963,"template":"","meta":{"_acf_changed":false},"product_brand":[],"product_cat":[1137,1171,1728,2167,3933],"product_tag":[],"class_list":{"0":"post-226592","1":"product","2":"type-product","3":"status-publish","4":"has-post-thumbnail","6":"product_cat-lebensmittelverpackungen","7":"product_cat-backerei-und-konditorei","8":"product_cat-macarons-schachteln-etuis","9":"product_cat-schachteln-einlagen-fur-macarons","10":"product_cat-makroneneinlagen","12":"first","13":"instock","14":"taxable","15":"shipping-taxable","16":"purchasable","17":"product-type-simple"},"acf":[],"yoast_head":"<!-- This site is optimized with the Yoast SEO Premium plugin v26.6 (Yoast SEO v26.6) - https:\/\/yoast.com\/wordpress\/plugins\/seo\/ -->\n<title>Macarons schwarz Kunststoff 8 Macarons f\u00fcr Box pro 50<\/title>\n<meta name=\"description\" content=\"Schwarzer Makronenhalter aus Kunststoff f\u00fcr 8 Makronen - Ideal f\u00fcr die Platzierung der Makronen in ihrer Schachtel. Wird in Sets zu 50 St\u00fcck verkauft.\" \/>\n<meta name=\"robots\" content=\"index, follow, max-snippet:-1, max-image-preview:large, max-video-preview:-1\" \/>\n<link rel=\"canonical\" href=\"https:\/\/www.csj-emballages.com\/de\/produit\/50-schwarze-plastikeinlagen-8-makronen-fuer-schachteln\/\" \/>\n<meta property=\"og:locale\" content=\"de_DE\" \/>\n<meta property=\"og:type\" content=\"article\" \/>\n<meta property=\"og:title\" content=\"Macarons schwarz Kunststoff 8 Macarons f\u00fcr Box pro 50\" \/>\n<meta property=\"og:description\" content=\"Schwarzer Makronenhalter aus Kunststoff f\u00fcr 8 Makronen - Ideal f\u00fcr die Platzierung der Makronen in ihrer Schachtel. Wird in Sets zu 50 St\u00fcck verkauft.\" \/>\n<meta property=\"og:url\" content=\"https:\/\/www.csj-emballages.com\/de\/produit\/50-schwarze-plastikeinlagen-8-makronen-fuer-schachteln\/\" \/>\n<meta property=\"og:site_name\" content=\"CSJ Emballages\" \/>\n<meta property=\"article:publisher\" content=\"https:\/\/www.facebook.com\/csjemballages\" \/>\n<meta property=\"article:modified_time\" content=\"2026-04-21T10:00:46+00:00\" \/>\n<meta property=\"og:image\" content=\"https:\/\/www.csj-emballages.com\/wp-content\/uploads\/2024\/03\/Calages-macarons.webp\" \/>\n\t<meta property=\"og:image:width\" content=\"800\" \/>\n\t<meta property=\"og:image:height\" content=\"800\" \/>\n\t<meta property=\"og:image:type\" content=\"image\/webp\" \/>\n<meta name=\"twitter:card\" content=\"summary_large_image\" \/>\n<meta name=\"twitter:label1\" content=\"Gesch\u00e4tzte Lesezeit\" \/>\n\t<meta name=\"twitter:data1\" content=\"2 Minuten\" \/>\n<script type=\"application\/ld+json\" class=\"yoast-schema-graph\">{\"@context\":\"https:\/\/schema.org\",\"@graph\":[{\"@type\":\"WebPage\",\"@id\":\"https:\/\/www.csj-emballages.com\/de\/produit\/50-schwarze-plastikeinlagen-8-makronen-fuer-schachteln\/\",\"url\":\"https:\/\/www.csj-emballages.com\/de\/produit\/50-schwarze-plastikeinlagen-8-makronen-fuer-schachteln\/\",\"name\":\"Macarons schwarz Kunststoff 8 Macarons f\u00fcr Box pro 50\",\"isPartOf\":{\"@id\":\"https:\/\/www.csj-emballages.com\/de\/#website\"},\"primaryImageOfPage\":{\"@id\":\"https:\/\/www.csj-emballages.com\/de\/produit\/50-schwarze-plastikeinlagen-8-makronen-fuer-schachteln\/#primaryimage\"},\"image\":{\"@id\":\"https:\/\/www.csj-emballages.com\/de\/produit\/50-schwarze-plastikeinlagen-8-makronen-fuer-schachteln\/#primaryimage\"},\"thumbnailUrl\":\"https:\/\/www.csj-emballages.com\/wp-content\/uploads\/2024\/03\/Calages-macarons.webp\",\"datePublished\":\"2024-03-01T15:55:44+00:00\",\"dateModified\":\"2026-04-21T10:00:46+00:00\",\"description\":\"Schwarzer Makronenhalter aus Kunststoff f\u00fcr 8 Makronen - Ideal f\u00fcr die Platzierung der Makronen in ihrer Schachtel. Wird in Sets zu 50 St\u00fcck verkauft.\",\"breadcrumb\":{\"@id\":\"https:\/\/www.csj-emballages.com\/de\/produit\/50-schwarze-plastikeinlagen-8-makronen-fuer-schachteln\/#breadcrumb\"},\"inLanguage\":\"de\",\"potentialAction\":[{\"@type\":\"ReadAction\",\"target\":[\"https:\/\/www.csj-emballages.com\/de\/produit\/50-schwarze-plastikeinlagen-8-makronen-fuer-schachteln\/\"]}]},{\"@type\":\"ImageObject\",\"inLanguage\":\"de\",\"@id\":\"https:\/\/www.csj-emballages.com\/de\/produit\/50-schwarze-plastikeinlagen-8-makronen-fuer-schachteln\/#primaryimage\",\"url\":\"https:\/\/www.csj-emballages.com\/wp-content\/uploads\/2024\/03\/Calages-macarons.webp\",\"contentUrl\":\"https:\/\/www.csj-emballages.com\/wp-content\/uploads\/2024\/03\/Calages-macarons.webp\",\"width\":800,\"height\":800,\"caption\":\"Calage noir\"},{\"@type\":\"BreadcrumbList\",\"@id\":\"https:\/\/www.csj-emballages.com\/de\/produit\/50-schwarze-plastikeinlagen-8-makronen-fuer-schachteln\/#breadcrumb\",\"itemListElement\":[{\"@type\":\"ListItem\",\"position\":1,\"name\":\"Accueil\",\"item\":\"https:\/\/www.csj-emballages.com\/de\/universum-lebensmittelverpackungen\/\"},{\"@type\":\"ListItem\",\"position\":2,\"name\":\"Shop\",\"item\":\"https:\/\/www.csj-emballages.com\/shop\/\"},{\"@type\":\"ListItem\",\"position\":3,\"name\":\"Macarons schwarz Kunststoff 8 Macarons f\u00fcr Box pro 50\"}]},{\"@type\":\"WebSite\",\"@id\":\"https:\/\/www.csj-emballages.com\/de\/#website\",\"url\":\"https:\/\/www.csj-emballages.com\/de\/\",\"name\":\"CSJ Emballages\",\"description\":\"\",\"publisher\":{\"@id\":\"https:\/\/www.csj-emballages.com\/de\/#organization\"},\"potentialAction\":[{\"@type\":\"SearchAction\",\"target\":{\"@type\":\"EntryPoint\",\"urlTemplate\":\"https:\/\/www.csj-emballages.com\/de\/?s={search_term_string}\"},\"query-input\":{\"@type\":\"PropertyValueSpecification\",\"valueRequired\":true,\"valueName\":\"search_term_string\"}}],\"inLanguage\":\"de\"},{\"@type\":\"Organization\",\"@id\":\"https:\/\/www.csj-emballages.com\/de\/#Organization\/\",\"name\":\"CSJ Emballages\",\"url\":\"https:\/\/www.csj-emballages.com\/de\/\",\"logo\":{\"@type\":\"ImageObject\",\"inLanguage\":\"de\",\"@id\":\"https:\/\/www.csj-emballages.com\/de\/#\/schema\/logo\/image\/\",\"url\":\"https:\/\/www.csj-emballages.com\/wp-content\/uploads\/2023\/10\/logo_csj.webp\",\"contentUrl\":\"https:\/\/www.csj-emballages.com\/wp-content\/uploads\/2023\/10\/logo_csj.webp\",\"width\":250,\"height\":95,\"caption\":\"CSJ Emballages\"},\"image\":{\"@id\":\"https:\/\/www.csj-emballages.com\/de\/#\/schema\/logo\/image\/\"},\"sameAs\":[\"https:\/\/www.facebook.com\/csjemballages\"],\"address\":{\"@type\":\"PostalAddress\",\"streetAddress\":\"ZI La Lechere\",\"addressLocality\":\"Patornay\",\"postalCode\":\"39130\",\"addressCountry\":\"FR\"},\"contactPoint\":[{\"@type\":\"ContactPoint\",\"contactType\":\"Service client\",\"telephone\":\"0384254272\",\"email\":\"contact@csj-emballages.com\"}]}]}<\/script>\n<!-- \/ Yoast SEO Premium plugin. -->","yoast_head_json":{"title":"Macarons schwarz Kunststoff 8 Macarons f\u00fcr Box pro 50","description":"Schwarzer Makronenhalter aus Kunststoff f\u00fcr 8 Makronen - Ideal f\u00fcr die Platzierung der Makronen in ihrer Schachtel. Wird in Sets zu 50 St\u00fcck verkauft.","robots":{"index":"index","follow":"follow","max-snippet":"max-snippet:-1","max-image-preview":"max-image-preview:large","max-video-preview":"max-video-preview:-1"},"canonical":"https:\/\/www.csj-emballages.com\/de\/produit\/50-schwarze-plastikeinlagen-8-makronen-fuer-schachteln\/","og_locale":"de_DE","og_type":"article","og_title":"Macarons schwarz Kunststoff 8 Macarons f\u00fcr Box pro 50","og_description":"Schwarzer Makronenhalter aus Kunststoff f\u00fcr 8 Makronen - Ideal f\u00fcr die Platzierung der Makronen in ihrer Schachtel. Wird in Sets zu 50 St\u00fcck verkauft.","og_url":"https:\/\/www.csj-emballages.com\/de\/produit\/50-schwarze-plastikeinlagen-8-makronen-fuer-schachteln\/","og_site_name":"CSJ Emballages","article_publisher":"https:\/\/www.facebook.com\/csjemballages","article_modified_time":"2026-04-21T10:00:46+00:00","og_image":[{"width":800,"height":800,"url":"https:\/\/www.csj-emballages.com\/wp-content\/uploads\/2024\/03\/Calages-macarons.webp","type":"image\/webp"}],"twitter_card":"summary_large_image","twitter_misc":{"Gesch\u00e4tzte Lesezeit":"2 Minuten"},"schema":{"@context":"https:\/\/schema.org","@graph":[{"@type":"WebPage","@id":"https:\/\/www.csj-emballages.com\/de\/produit\/50-schwarze-plastikeinlagen-8-makronen-fuer-schachteln\/","url":"https:\/\/www.csj-emballages.com\/de\/produit\/50-schwarze-plastikeinlagen-8-makronen-fuer-schachteln\/","name":"Macarons schwarz Kunststoff 8 Macarons f\u00fcr Box pro 50","isPartOf":{"@id":"https:\/\/www.csj-emballages.com\/de\/#website"},"primaryImageOfPage":{"@id":"https:\/\/www.csj-emballages.com\/de\/produit\/50-schwarze-plastikeinlagen-8-makronen-fuer-schachteln\/#primaryimage"},"image":{"@id":"https:\/\/www.csj-emballages.com\/de\/produit\/50-schwarze-plastikeinlagen-8-makronen-fuer-schachteln\/#primaryimage"},"thumbnailUrl":"https:\/\/www.csj-emballages.com\/wp-content\/uploads\/2024\/03\/Calages-macarons.webp","datePublished":"2024-03-01T15:55:44+00:00","dateModified":"2026-04-21T10:00:46+00:00","description":"Schwarzer Makronenhalter aus Kunststoff f\u00fcr 8 Makronen - Ideal f\u00fcr die Platzierung der Makronen in ihrer Schachtel. Wird in Sets zu 50 St\u00fcck verkauft.","breadcrumb":{"@id":"https:\/\/www.csj-emballages.com\/de\/produit\/50-schwarze-plastikeinlagen-8-makronen-fuer-schachteln\/#breadcrumb"},"inLanguage":"de","potentialAction":[{"@type":"ReadAction","target":["https:\/\/www.csj-emballages.com\/de\/produit\/50-schwarze-plastikeinlagen-8-makronen-fuer-schachteln\/"]}]},{"@type":"ImageObject","inLanguage":"de","@id":"https:\/\/www.csj-emballages.com\/de\/produit\/50-schwarze-plastikeinlagen-8-makronen-fuer-schachteln\/#primaryimage","url":"https:\/\/www.csj-emballages.com\/wp-content\/uploads\/2024\/03\/Calages-macarons.webp","contentUrl":"https:\/\/www.csj-emballages.com\/wp-content\/uploads\/2024\/03\/Calages-macarons.webp","width":800,"height":800,"caption":"Calage noir"},{"@type":"BreadcrumbList","@id":"https:\/\/www.csj-emballages.com\/de\/produit\/50-schwarze-plastikeinlagen-8-makronen-fuer-schachteln\/#breadcrumb","itemListElement":[{"@type":"ListItem","position":1,"name":"Accueil","item":"https:\/\/www.csj-emballages.com\/de\/universum-lebensmittelverpackungen\/"},{"@type":"ListItem","position":2,"name":"Shop","item":"https:\/\/www.csj-emballages.com\/shop\/"},{"@type":"ListItem","position":3,"name":"Macarons schwarz Kunststoff 8 Macarons f\u00fcr Box pro 50"}]},{"@type":"WebSite","@id":"https:\/\/www.csj-emballages.com\/de\/#website","url":"https:\/\/www.csj-emballages.com\/de\/","name":"CSJ Emballages","description":"","publisher":{"@id":"https:\/\/www.csj-emballages.com\/de\/#organization"},"potentialAction":[{"@type":"SearchAction","target":{"@type":"EntryPoint","urlTemplate":"https:\/\/www.csj-emballages.com\/de\/?s={search_term_string}"},"query-input":{"@type":"PropertyValueSpecification","valueRequired":true,"valueName":"search_term_string"}}],"inLanguage":"de"},{"@type":"Organization","@id":"https:\/\/www.csj-emballages.com\/de\/#Organization\/","name":"CSJ Emballages","url":"https:\/\/www.csj-emballages.com\/de\/","logo":{"@type":"ImageObject","inLanguage":"de","@id":"https:\/\/www.csj-emballages.com\/de\/#\/schema\/logo\/image\/","url":"https:\/\/www.csj-emballages.com\/wp-content\/uploads\/2023\/10\/logo_csj.webp","contentUrl":"https:\/\/www.csj-emballages.com\/wp-content\/uploads\/2023\/10\/logo_csj.webp","width":250,"height":95,"caption":"CSJ Emballages"},"image":{"@id":"https:\/\/www.csj-emballages.com\/de\/#\/schema\/logo\/image\/"},"sameAs":["https:\/\/www.facebook.com\/csjemballages"],"address":{"@type":"PostalAddress","streetAddress":"ZI La Lechere","addressLocality":"Patornay","postalCode":"39130","addressCountry":"FR"},"contactPoint":[{"@type":"ContactPoint","contactType":"Service client","telephone":"0384254272","email":"contact@csj-emballages.com"}]}]}},"df_price":27.86,"df_sale_price":"","df_regular_price":27.86,"df_image_link":"https:\/\/www.csj-emballages.com\/wp-content\/uploads\/2024\/03\/Calages-macarons-300x300.webp","tiered_pricing_type":"fixed","tiered_pricing_fixed_rules":[],"tiered_pricing_percentage_rules":[],"tiered_pricing_minimum":1,"tiered_pricing_roles_data":[],"_links":{"self":[{"href":"https:\/\/www.csj-emballages.com\/de\/wp-json\/wp\/v2\/product\/226592","targetHints":{"allow":["GET"]}}],"collection":[{"href":"https:\/\/www.csj-emballages.com\/de\/wp-json\/wp\/v2\/product"}],"about":[{"href":"https:\/\/www.csj-emballages.com\/de\/wp-json\/wp\/v2\/types\/product"}],"wp:featuredmedia":[{"embeddable":true,"href":"https:\/\/www.csj-emballages.com\/de\/wp-json\/wp\/v2\/media\/241963"}],"wp:attachment":[{"href":"https:\/\/www.csj-emballages.com\/de\/wp-json\/wp\/v2\/media?parent=226592"}],"wp:term":[{"taxonomy":"product_brand","embeddable":true,"href":"https:\/\/www.csj-emballages.com\/de\/wp-json\/wp\/v2\/product_brand?post=226592"},{"taxonomy":"product_cat","embeddable":true,"href":"https:\/\/www.csj-emballages.com\/de\/wp-json\/wp\/v2\/product_cat?post=226592"},{"taxonomy":"product_tag","embeddable":true,"href":"https:\/\/www.csj-emballages.com\/de\/wp-json\/wp\/v2\/product_tag?post=226592"}],"curies":[{"name":"wp","href":"https:\/\/api.w.org\/{rel}","templated":true}]}}