{"id":226568,"date":"2024-03-01T16:55:42","date_gmt":"2024-03-01T15:55:42","guid":{"rendered":"https:\/\/www.csj-emballages.com\/produit\/wiederverwendbarer-plastikloeffel-kristall-140-mm-pro-100\/"},"modified":"2026-05-04T02:11:10","modified_gmt":"2026-05-04T00:11:10","slug":"wiederverwendbarer-plastikloeffel-kristall-140-mm-pro-100","status":"publish","type":"product","link":"https:\/\/www.csj-emballages.com\/de\/produit\/wiederverwendbarer-plastikloeffel-kristall-140-mm-pro-100\/","title":{"rendered":"Wiederverwendbarer Plastikl\u00f6ffel Kristall 140 mm pro 100"},"content":{"rendered":"<h2>Wiederverwendbarer Kunststoffl\u00f6ffel<\/h2>\n<hr>\n<h3>Entdecken Sie unseren wiederverwendbaren Kunststoffl\u00f6ffel in Kristalloptik, 140 mm, 100 St\u00fcck<\/h3>\n<p><!--more--><\/p>\n<p data-start=\"191\" data-end=\"510\">Der <strong>wiederverwendbare Kunststoffl\u00f6ffel in Kristalloptik 140 mm<\/strong> ist ideal zum Servieren von Desserts, Vorspeisen oder Kostproben bei Buffets, Empf\u00e4ngen und professionellen Veranstaltungen. Zun\u00e4chst sorgt seine transparente Kristalloptik f\u00fcr eine elegante, gepflegte Tischwirkung \u2013 bei voller Praktikabilit\u00e4t eines Kunststoffbestecks. <\/p>\n<p data-start=\"512\" data-end=\"785\">Mit einer <strong>L\u00e4nge von 140<\/strong> mm ist dieser <strong>L\u00f6ffel perfekt f\u00fcr Einzelportionen, Dessertgl\u00e4ser, Obstsalate, Cremes, Mousses oder Catering-Zubereitungen<\/strong> geeignet. Zudem sorgt seine Form f\u00fcr einen angenehmen Griff und eine komfortable Nutzung f\u00fcr die G\u00e4ste. <\/p>\n<p data-start=\"787\" data-end=\"1158\">Aus starrem Kunststoff gefertigt, bietet er eine gute Stabilit\u00e4t und kann wiederverwendet werden. Dank seines <strong>schlichten, transparenten Designs<\/strong> passt er sich m\u00fchelos jedem Dekorationsstil an \u2013 von formellen Anl\u00e4ssen bis hin zu geselligen Buffets. <\/p>\n<p data-start=\"1160\" data-end=\"1476\">Kurzum: leicht zu reinigen und stapelbar f\u00fcr eine optimierte Lagerung \u2013 der wiederverwendbare Kunststoffl\u00f6ffel in Kristalloptik ist eine praktische L\u00f6sung f\u00fcr Gastronomie, Eventbereich, Einrichtungen und Caterer. Verpackt im Set zu <strong>100 St\u00fcck<\/strong> eignet er sich sowohl f\u00fcr den regelm\u00e4\u00dfigen Einsatz als auch f\u00fcr den Bedarf zwischendurch. <\/p>\n<p data-start=\"1160\" data-end=\"1476\">\n<p data-start=\"1150\" data-end=\"1454\"><!--more--><\/p>\n<h4 data-start=\"1150\" data-end=\"1454\">Vorteile :<\/h4>\n<ul>\n<li data-start=\"1514\" data-end=\"1564\"><strong>L\u00e4nge 140 mm<\/strong> \u2013 ideal f\u00fcr Desserts und Dessertgl\u00e4ser.<\/li>\n<li data-start=\"1567\" data-end=\"1606\">Elegante und transparente Kristall-Optik.<\/li>\n<li data-start=\"1609\" data-end=\"1640\">Steifer und widerstandsf\u00e4higer Kunststoff.<\/li>\n<li data-start=\"1643\" data-end=\"1688\">Wiederverwendbar \u2013 f\u00fcr eine nachhaltigere L\u00f6sung.<\/li>\n<li data-start=\"1723\" data-end=\"1772\">Geeignet f\u00fcr Buffets, Empf\u00e4nge und Gastronomie.<\/li>\n<li data-start=\"1805\" data-end=\"1849\">Praktische Verpackung mit <strong>100 L\u00f6ffeln<\/strong>.<\/li>\n<\/ul>\n<p>&nbsp;<\/p>\n<p><!--more--><\/p>\n<h4>Weitere Informationen :<\/h4>\n<ul>\n<li><strong>Verpackung<\/strong>: Packung mit 100 St\u00fcck<\/li>\n<li><strong>L\u00e4nge<\/strong>: 140 mm<\/li>\n<li><strong>Farbe<\/strong>: Transparent<\/li>\n<li><strong>Material<\/strong>: PET-Kunststoff<\/li>\n<\/ul>\n<p>&nbsp;<\/p>\n<p><!--more--><\/p>\n<p><a href=\"https:\/\/www.csj-emballages.com\/de\/categorie-produit\/lebensmittelverpackungen\/restauration-de\/teller-einwegbesteck-strohhalme\/gabeln-messer-loffel\/kristallbesteck\/\">Entdecken Sie den Rest unseres Kristallbesteck-Sortiments<\/a><\/p>\n","protected":false},"excerpt":{"rendered":"<p>Wiederverwendbarer Kunststoffl\u00f6ffel Entdecken Sie unseren wiederverwendbaren Kunststoffl\u00f6ffel in Kristalloptik, 140 mm, 100 St\u00fcck<\/p>\n","protected":false},"featured_media":167907,"template":"","meta":{"_acf_changed":false},"product_brand":[],"product_cat":[1134,2604,2611],"product_tag":[],"class_list":{"0":"post-226568","1":"product","2":"type-product","3":"status-publish","4":"has-post-thumbnail","6":"product_cat-restauration-de","7":"product_cat-gabeln-messer-loffel","8":"product_cat-kristallbesteck","10":"first","11":"instock","12":"taxable","13":"shipping-taxable","14":"purchasable","15":"product-type-simple"},"acf":[],"yoast_head":"<!-- This site is optimized with the Yoast SEO Premium plugin v26.6 (Yoast SEO v26.6) - https:\/\/yoast.com\/wordpress\/plugins\/seo\/ -->\n<title>Wiederverwendbarer Plastikl\u00f6ffel Cristal - 140 mm<\/title>\n<meta name=\"description\" content=\"Wiederverwendbarer Kunststoffl\u00f6ffel in Kristalloptik, 140 mm, 100 St\u00fcck. Elegant, robust und ideal f\u00fcr Buffets und Events.\" \/>\n<meta name=\"robots\" content=\"index, follow, max-snippet:-1, max-image-preview:large, max-video-preview:-1\" \/>\n<link rel=\"canonical\" href=\"https:\/\/www.csj-emballages.com\/de\/produit\/wiederverwendbarer-plastikloeffel-kristall-140-mm-pro-100\/\" \/>\n<meta property=\"og:locale\" content=\"de_DE\" \/>\n<meta property=\"og:type\" content=\"article\" \/>\n<meta property=\"og:title\" content=\"Wiederverwendbarer Plastikl\u00f6ffel Kristall 140 mm pro 100\" \/>\n<meta property=\"og:description\" content=\"Wiederverwendbarer Kunststoffl\u00f6ffel in Kristalloptik, 140 mm, 100 St\u00fcck. Elegant, robust und ideal f\u00fcr Buffets und Events.\" \/>\n<meta property=\"og:url\" content=\"https:\/\/www.csj-emballages.com\/de\/produit\/wiederverwendbarer-plastikloeffel-kristall-140-mm-pro-100\/\" \/>\n<meta property=\"og:site_name\" content=\"CSJ Emballages\" \/>\n<meta property=\"article:publisher\" content=\"https:\/\/www.facebook.com\/csjemballages\" \/>\n<meta property=\"article:modified_time\" content=\"2026-05-04T00:11:10+00:00\" \/>\n<meta property=\"og:image\" content=\"https:\/\/www.csj-emballages.com\/wp-content\/uploads\/2024\/03\/Cuillere-1-scaled.webp\" \/>\n\t<meta property=\"og:image:width\" content=\"2048\" \/>\n\t<meta property=\"og:image:height\" content=\"2048\" \/>\n\t<meta property=\"og:image:type\" content=\"image\/webp\" \/>\n<meta name=\"twitter:card\" content=\"summary_large_image\" \/>\n<meta name=\"twitter:label1\" content=\"Gesch\u00e4tzte Lesezeit\" \/>\n\t<meta name=\"twitter:data1\" content=\"1\u00a0Minute\" \/>\n<script type=\"application\/ld+json\" class=\"yoast-schema-graph\">{\"@context\":\"https:\/\/schema.org\",\"@graph\":[{\"@type\":\"WebPage\",\"@id\":\"https:\/\/www.csj-emballages.com\/de\/produit\/wiederverwendbarer-plastikloeffel-kristall-140-mm-pro-100\/\",\"url\":\"https:\/\/www.csj-emballages.com\/de\/produit\/wiederverwendbarer-plastikloeffel-kristall-140-mm-pro-100\/\",\"name\":\"Wiederverwendbarer Plastikl\u00f6ffel Cristal - 140 mm\",\"isPartOf\":{\"@id\":\"https:\/\/www.csj-emballages.com\/de\/#website\"},\"primaryImageOfPage\":{\"@id\":\"https:\/\/www.csj-emballages.com\/de\/produit\/wiederverwendbarer-plastikloeffel-kristall-140-mm-pro-100\/#primaryimage\"},\"image\":{\"@id\":\"https:\/\/www.csj-emballages.com\/de\/produit\/wiederverwendbarer-plastikloeffel-kristall-140-mm-pro-100\/#primaryimage\"},\"thumbnailUrl\":\"https:\/\/www.csj-emballages.com\/wp-content\/uploads\/2024\/03\/Cuillere-1-scaled.webp\",\"datePublished\":\"2024-03-01T15:55:42+00:00\",\"dateModified\":\"2026-05-04T00:11:10+00:00\",\"description\":\"Wiederverwendbarer Kunststoffl\u00f6ffel in Kristalloptik, 140 mm, 100 St\u00fcck. Elegant, robust und ideal f\u00fcr Buffets und Events.\",\"breadcrumb\":{\"@id\":\"https:\/\/www.csj-emballages.com\/de\/produit\/wiederverwendbarer-plastikloeffel-kristall-140-mm-pro-100\/#breadcrumb\"},\"inLanguage\":\"de\",\"potentialAction\":[{\"@type\":\"ReadAction\",\"target\":[\"https:\/\/www.csj-emballages.com\/de\/produit\/wiederverwendbarer-plastikloeffel-kristall-140-mm-pro-100\/\"]}]},{\"@type\":\"ImageObject\",\"inLanguage\":\"de\",\"@id\":\"https:\/\/www.csj-emballages.com\/de\/produit\/wiederverwendbarer-plastikloeffel-kristall-140-mm-pro-100\/#primaryimage\",\"url\":\"https:\/\/www.csj-emballages.com\/wp-content\/uploads\/2024\/03\/Cuillere-1-scaled.webp\",\"contentUrl\":\"https:\/\/www.csj-emballages.com\/wp-content\/uploads\/2024\/03\/Cuillere-1-scaled.webp\",\"width\":2048,\"height\":2048,\"caption\":\"Couteau plastique\"},{\"@type\":\"BreadcrumbList\",\"@id\":\"https:\/\/www.csj-emballages.com\/de\/produit\/wiederverwendbarer-plastikloeffel-kristall-140-mm-pro-100\/#breadcrumb\",\"itemListElement\":[{\"@type\":\"ListItem\",\"position\":1,\"name\":\"Accueil\",\"item\":\"https:\/\/www.csj-emballages.com\/de\/universum-lebensmittelverpackungen\/\"},{\"@type\":\"ListItem\",\"position\":2,\"name\":\"Shop\",\"item\":\"https:\/\/www.csj-emballages.com\/shop\/\"},{\"@type\":\"ListItem\",\"position\":3,\"name\":\"Wiederverwendbarer Plastikl\u00f6ffel Kristall 140 mm pro 100\"}]},{\"@type\":\"WebSite\",\"@id\":\"https:\/\/www.csj-emballages.com\/de\/#website\",\"url\":\"https:\/\/www.csj-emballages.com\/de\/\",\"name\":\"CSJ Emballages\",\"description\":\"\",\"publisher\":{\"@id\":\"https:\/\/www.csj-emballages.com\/de\/#organization\"},\"potentialAction\":[{\"@type\":\"SearchAction\",\"target\":{\"@type\":\"EntryPoint\",\"urlTemplate\":\"https:\/\/www.csj-emballages.com\/de\/?s={search_term_string}\"},\"query-input\":{\"@type\":\"PropertyValueSpecification\",\"valueRequired\":true,\"valueName\":\"search_term_string\"}}],\"inLanguage\":\"de\"},{\"@type\":\"Organization\",\"@id\":\"https:\/\/www.csj-emballages.com\/de\/#Organization\/\",\"name\":\"CSJ Emballages\",\"url\":\"https:\/\/www.csj-emballages.com\/de\/\",\"logo\":{\"@type\":\"ImageObject\",\"inLanguage\":\"de\",\"@id\":\"https:\/\/www.csj-emballages.com\/de\/#\/schema\/logo\/image\/\",\"url\":\"https:\/\/www.csj-emballages.com\/wp-content\/uploads\/2023\/10\/logo_csj.webp\",\"contentUrl\":\"https:\/\/www.csj-emballages.com\/wp-content\/uploads\/2023\/10\/logo_csj.webp\",\"width\":250,\"height\":95,\"caption\":\"CSJ Emballages\"},\"image\":{\"@id\":\"https:\/\/www.csj-emballages.com\/de\/#\/schema\/logo\/image\/\"},\"sameAs\":[\"https:\/\/www.facebook.com\/csjemballages\"],\"address\":{\"@type\":\"PostalAddress\",\"streetAddress\":\"ZI La Lechere\",\"addressLocality\":\"Patornay\",\"postalCode\":\"39130\",\"addressCountry\":\"FR\"},\"contactPoint\":[{\"@type\":\"ContactPoint\",\"contactType\":\"Service client\",\"telephone\":\"0384254272\",\"email\":\"contact@csj-emballages.com\"}]}]}<\/script>\n<!-- \/ Yoast SEO Premium plugin. -->","yoast_head_json":{"title":"Wiederverwendbarer Plastikl\u00f6ffel Cristal - 140 mm","description":"Wiederverwendbarer Kunststoffl\u00f6ffel in Kristalloptik, 140 mm, 100 St\u00fcck. Elegant, robust und ideal f\u00fcr Buffets und Events.","robots":{"index":"index","follow":"follow","max-snippet":"max-snippet:-1","max-image-preview":"max-image-preview:large","max-video-preview":"max-video-preview:-1"},"canonical":"https:\/\/www.csj-emballages.com\/de\/produit\/wiederverwendbarer-plastikloeffel-kristall-140-mm-pro-100\/","og_locale":"de_DE","og_type":"article","og_title":"Wiederverwendbarer Plastikl\u00f6ffel Kristall 140 mm pro 100","og_description":"Wiederverwendbarer Kunststoffl\u00f6ffel in Kristalloptik, 140 mm, 100 St\u00fcck. Elegant, robust und ideal f\u00fcr Buffets und Events.","og_url":"https:\/\/www.csj-emballages.com\/de\/produit\/wiederverwendbarer-plastikloeffel-kristall-140-mm-pro-100\/","og_site_name":"CSJ Emballages","article_publisher":"https:\/\/www.facebook.com\/csjemballages","article_modified_time":"2026-05-04T00:11:10+00:00","og_image":[{"width":2048,"height":2048,"url":"https:\/\/www.csj-emballages.com\/wp-content\/uploads\/2024\/03\/Cuillere-1-scaled.webp","type":"image\/webp"}],"twitter_card":"summary_large_image","twitter_misc":{"Gesch\u00e4tzte Lesezeit":"1\u00a0Minute"},"schema":{"@context":"https:\/\/schema.org","@graph":[{"@type":"WebPage","@id":"https:\/\/www.csj-emballages.com\/de\/produit\/wiederverwendbarer-plastikloeffel-kristall-140-mm-pro-100\/","url":"https:\/\/www.csj-emballages.com\/de\/produit\/wiederverwendbarer-plastikloeffel-kristall-140-mm-pro-100\/","name":"Wiederverwendbarer Plastikl\u00f6ffel Cristal - 140 mm","isPartOf":{"@id":"https:\/\/www.csj-emballages.com\/de\/#website"},"primaryImageOfPage":{"@id":"https:\/\/www.csj-emballages.com\/de\/produit\/wiederverwendbarer-plastikloeffel-kristall-140-mm-pro-100\/#primaryimage"},"image":{"@id":"https:\/\/www.csj-emballages.com\/de\/produit\/wiederverwendbarer-plastikloeffel-kristall-140-mm-pro-100\/#primaryimage"},"thumbnailUrl":"https:\/\/www.csj-emballages.com\/wp-content\/uploads\/2024\/03\/Cuillere-1-scaled.webp","datePublished":"2024-03-01T15:55:42+00:00","dateModified":"2026-05-04T00:11:10+00:00","description":"Wiederverwendbarer Kunststoffl\u00f6ffel in Kristalloptik, 140 mm, 100 St\u00fcck. Elegant, robust und ideal f\u00fcr Buffets und Events.","breadcrumb":{"@id":"https:\/\/www.csj-emballages.com\/de\/produit\/wiederverwendbarer-plastikloeffel-kristall-140-mm-pro-100\/#breadcrumb"},"inLanguage":"de","potentialAction":[{"@type":"ReadAction","target":["https:\/\/www.csj-emballages.com\/de\/produit\/wiederverwendbarer-plastikloeffel-kristall-140-mm-pro-100\/"]}]},{"@type":"ImageObject","inLanguage":"de","@id":"https:\/\/www.csj-emballages.com\/de\/produit\/wiederverwendbarer-plastikloeffel-kristall-140-mm-pro-100\/#primaryimage","url":"https:\/\/www.csj-emballages.com\/wp-content\/uploads\/2024\/03\/Cuillere-1-scaled.webp","contentUrl":"https:\/\/www.csj-emballages.com\/wp-content\/uploads\/2024\/03\/Cuillere-1-scaled.webp","width":2048,"height":2048,"caption":"Couteau plastique"},{"@type":"BreadcrumbList","@id":"https:\/\/www.csj-emballages.com\/de\/produit\/wiederverwendbarer-plastikloeffel-kristall-140-mm-pro-100\/#breadcrumb","itemListElement":[{"@type":"ListItem","position":1,"name":"Accueil","item":"https:\/\/www.csj-emballages.com\/de\/universum-lebensmittelverpackungen\/"},{"@type":"ListItem","position":2,"name":"Shop","item":"https:\/\/www.csj-emballages.com\/shop\/"},{"@type":"ListItem","position":3,"name":"Wiederverwendbarer Plastikl\u00f6ffel Kristall 140 mm pro 100"}]},{"@type":"WebSite","@id":"https:\/\/www.csj-emballages.com\/de\/#website","url":"https:\/\/www.csj-emballages.com\/de\/","name":"CSJ Emballages","description":"","publisher":{"@id":"https:\/\/www.csj-emballages.com\/de\/#organization"},"potentialAction":[{"@type":"SearchAction","target":{"@type":"EntryPoint","urlTemplate":"https:\/\/www.csj-emballages.com\/de\/?s={search_term_string}"},"query-input":{"@type":"PropertyValueSpecification","valueRequired":true,"valueName":"search_term_string"}}],"inLanguage":"de"},{"@type":"Organization","@id":"https:\/\/www.csj-emballages.com\/de\/#Organization\/","name":"CSJ Emballages","url":"https:\/\/www.csj-emballages.com\/de\/","logo":{"@type":"ImageObject","inLanguage":"de","@id":"https:\/\/www.csj-emballages.com\/de\/#\/schema\/logo\/image\/","url":"https:\/\/www.csj-emballages.com\/wp-content\/uploads\/2023\/10\/logo_csj.webp","contentUrl":"https:\/\/www.csj-emballages.com\/wp-content\/uploads\/2023\/10\/logo_csj.webp","width":250,"height":95,"caption":"CSJ Emballages"},"image":{"@id":"https:\/\/www.csj-emballages.com\/de\/#\/schema\/logo\/image\/"},"sameAs":["https:\/\/www.facebook.com\/csjemballages"],"address":{"@type":"PostalAddress","streetAddress":"ZI La Lechere","addressLocality":"Patornay","postalCode":"39130","addressCountry":"FR"},"contactPoint":[{"@type":"ContactPoint","contactType":"Service client","telephone":"0384254272","email":"contact@csj-emballages.com"}]}]}},"df_price":2.74,"df_sale_price":"","df_regular_price":2.74,"df_image_link":"https:\/\/www.csj-emballages.com\/wp-content\/uploads\/2024\/03\/Cuillere-1-300x300.webp","tiered_pricing_type":"fixed","tiered_pricing_fixed_rules":[],"tiered_pricing_percentage_rules":[],"tiered_pricing_minimum":1,"tiered_pricing_roles_data":[],"_links":{"self":[{"href":"https:\/\/www.csj-emballages.com\/de\/wp-json\/wp\/v2\/product\/226568","targetHints":{"allow":["GET"]}}],"collection":[{"href":"https:\/\/www.csj-emballages.com\/de\/wp-json\/wp\/v2\/product"}],"about":[{"href":"https:\/\/www.csj-emballages.com\/de\/wp-json\/wp\/v2\/types\/product"}],"wp:featuredmedia":[{"embeddable":true,"href":"https:\/\/www.csj-emballages.com\/de\/wp-json\/wp\/v2\/media\/167907"}],"wp:attachment":[{"href":"https:\/\/www.csj-emballages.com\/de\/wp-json\/wp\/v2\/media?parent=226568"}],"wp:term":[{"taxonomy":"product_brand","embeddable":true,"href":"https:\/\/www.csj-emballages.com\/de\/wp-json\/wp\/v2\/product_brand?post=226568"},{"taxonomy":"product_cat","embeddable":true,"href":"https:\/\/www.csj-emballages.com\/de\/wp-json\/wp\/v2\/product_cat?post=226568"},{"taxonomy":"product_tag","embeddable":true,"href":"https:\/\/www.csj-emballages.com\/de\/wp-json\/wp\/v2\/product_tag?post=226568"}],"curies":[{"name":"wp","href":"https:\/\/api.w.org\/{rel}","templated":true}]}}