{"id":226565,"date":"2024-03-01T16:55:43","date_gmt":"2024-03-01T15:55:43","guid":{"rendered":"https:\/\/www.csj-emballages.com\/produit\/100-weisse-einweg-kappen-aus-papier-mit-rotem-rand\/"},"modified":"2026-03-12T16:19:08","modified_gmt":"2026-03-12T15:19:08","slug":"100-weisse-einweg-kappen-aus-papier-mit-rotem-rand","status":"publish","type":"product","link":"https:\/\/www.csj-emballages.com\/de\/produit\/100-weisse-einweg-kappen-aus-papier-mit-rotem-rand\/","title":{"rendered":"Wei\u00dfe Papierhaube mit rotem Rand, 100er-Pack"},"content":{"rendered":"<h2>Papierm\u00fctze<\/h2>\n<hr>\n<h3>Entdecken Sie unsere wei\u00dfe Papierhaube mit rotem Rand im 100er-Pack<\/h3>\n<p><!--more--><\/p>\n<p data-start=\"289\" data-end=\"674\">Diese <strong>wei\u00dfe Papierhaube mit rotem Rand<\/strong> ist ein echter Klassiker\u2026 und das aus gutem Grund. Sie erf\u00fcllt ihre Aufgabe einfach und effektiv. Sobald man sie tr\u00e4gt, vermittelt sie ein sauberes, gepflegtes und professionelles Bild, was in Lebensmittelbetrieben unerl\u00e4sslich ist. Der <strong>rote Rand<\/strong> sorgt f\u00fcr eine dezente, aber beruhigende optische Note, die oft mit <strong>Hygiene und Frische<\/strong> assoziiert wird.   <\/p>\n<p data-start=\"676\" data-end=\"992\">F\u00fcr den t\u00e4glichen Gebrauch konzipiert, passt sich diese <strong>wei\u00dfe Papierm\u00fctze<\/strong> dank ihres faltbaren Systems leicht an den Kopf an. Eine genaue Gr\u00f6\u00dfe ist nicht erforderlich: Sie l\u00e4sst sich in wenigen Sekunden anpassen und ebenso schnell wieder abnehmen. Das ist praktisch, wenn sich Teams abwechseln oder wenn das Tempo in der K\u00fcche, im Labor oder im Verkaufsbereich anzieht.  <\/p>\n<p data-start=\"994\" data-end=\"1352\">Ihr leichtes <strong>Papier<\/strong> macht sie auch \u00fcber mehrere Stunden hinweg angenehm zu tragen. Sie sitzt fest, ohne zu dr\u00fccken, und erf\u00fcllt dabei perfekt ihre Aufgabe: Haare zur\u00fcckzuhalten und Hygienevorschriften einzuhalten. Dieses Modell eignet sich gleicherma\u00dfen f\u00fcr Metzgereien, Fischgesch\u00e4fte, B\u00e4ckereien, Caterer sowie f\u00fcr professionelle K\u00fcchen oder einmalige Veranstaltungen.  <\/p>\n<p data-start=\"1354\" data-end=\"1596\">Verkauft <strong data-start=\"1360\" data-end=\"1378\">im 100er-Pack<\/strong>, erm\u00f6glicht er die einfache Deckung des t\u00e4glichen Bedarfs, ohne sich um sofortige Nachbestellungen k\u00fcmmern zu m\u00fcssen. Es ist eine einfache, wirtschaftliche und effektive L\u00f6sung, um ein komplettes Team auszustatten und dabei ein einheitliches Erscheinungsbild zu wahren. <\/p>\n<p data-start=\"1598\" data-end=\"1770\">Zusammenfassend: Diese <strong>Papierm\u00fctze<\/strong> will nicht zu viel sein. Sie liefert genau das, was man von ihr erwartet: Sauberkeit, Praktikabilit\u00e4t und ein seri\u00f6ses Image, ohne Komplikationen. <\/p>\n<p data-start=\"1598\" data-end=\"1770\">\n<p data-start=\"1598\" data-end=\"1770\"><!--more--><\/p>\n<h4 data-start=\"1598\" data-end=\"1770\">Vorteile :<\/h4>\n<ul>\n<li data-start=\"120\" data-end=\"162\">Sofort sauberes und professionelles Erscheinungsbild.<\/li>\n<li data-start=\"165\" data-end=\"218\">Diskreter <strong>roter Rand<\/strong>, der das Hygienebild verst\u00e4rkt.<\/li>\n<li data-start=\"221\" data-end=\"266\">Einfache Anpassung dank faltbarem System.<\/li>\n<li data-start=\"269\" data-end=\"314\">Leicht und angenehm im Alltag zu tragen.<\/li>\n<li data-start=\"317\" data-end=\"355\">Geeignet f\u00fcr alle Lebensmittelbetriebe.<\/li>\n<li data-start=\"358\" data-end=\"403\"><strong>100er-Pack<\/strong>, praktisch f\u00fcr den regelm\u00e4\u00dfigen Gebrauch.<\/li>\n<\/ul>\n<p>&nbsp;<\/p>\n<p><!--more--><\/p>\n<h4>Weitere Informationen :<\/h4>\n<ul>\n<li><strong>Verpackung<\/strong>: Packung mit 100 St\u00fcck<\/li>\n<li><strong>Ma\u00dfe<\/strong>: 27,5 x 8,5 cm<\/li>\n<li><strong>Grammatur<\/strong>: 70 g\/m\u00b2<\/li>\n<li><strong>Material<\/strong>: Papier<\/li>\n<li>Kopfumfang <strong>verstellbar<\/strong><\/li>\n<li>Bel\u00fcftete, <strong>perforierte<\/strong> Oberseite<\/li>\n<li><strong>Gefaltete Oberseite<\/strong> und am Rand der Papierm\u00fctze verklebt<\/li>\n<li><strong>Farbe<\/strong>: Wei\u00df \/ Rot<\/li>\n<\/ul>\n<p>&nbsp;<\/p>\n<p><!--more--><\/p>\n<p>Diese Papierhaube ist auch in Blau erh\u00e4ltlich: <span style=\"color: #d12727;\"><a style=\"color: #d12727;\" href=\"https:\/\/www.csj-emballages.com\/es\/produit\/100-tapones-desechables-de-papel-blanco-con-ribete-azul\/\">HAUBE<\/a><\/span><\/p>\n<p>&nbsp;<\/p>\n<p><!--more--><\/p>\n<p><a href=\"https:\/\/www.csj-emballages.com\/de\/categorie-produit\/hygiene-und-pflege\/individuelle-ausstattung\/calots-de\/\">Sehen Sie sich den Rest unseres Papierm\u00fctzen-Sortiments an<\/a><\/p>\n","protected":false},"excerpt":{"rendered":"<p>Papierm\u00fctze Entdecken Sie unsere wei\u00dfe Papierhaube mit rotem Rand im 100er-Pack<\/p>\n","protected":false},"featured_media":12387,"template":"","meta":{"_acf_changed":false},"product_brand":[],"product_cat":[1218,2348,3941],"product_tag":[],"class_list":{"0":"post-226565","1":"product","2":"type-product","3":"status-publish","4":"has-post-thumbnail","6":"product_cat-hygiene-und-pflege","7":"product_cat-individuelle-ausstattung","8":"product_cat-calots-de","10":"first","11":"instock","12":"taxable","13":"shipping-taxable","14":"purchasable","15":"product-type-simple"},"acf":[],"yoast_head":"<!-- This site is optimized with the Yoast SEO Premium plugin v26.6 (Yoast SEO v26.6) - https:\/\/yoast.com\/wordpress\/plugins\/seo\/ -->\n<title>Wei\u00dfe Papierhaube mit rotem Rand, 100er-Pack<\/title>\n<meta name=\"description\" content=\"Wei\u00dfe Papierhaube mit rotem Rand, im 100er-Pack. Leicht, verstellbar und hygienisch, ideal f\u00fcr K\u00fcchen, Metzgereien, Fischgesch\u00e4fte und Lebensmittelbetriebe.\" \/>\n<meta name=\"robots\" content=\"index, follow, max-snippet:-1, max-image-preview:large, max-video-preview:-1\" \/>\n<link rel=\"canonical\" href=\"https:\/\/www.csj-emballages.com\/de\/produit\/100-weisse-einweg-kappen-aus-papier-mit-rotem-rand\/\" \/>\n<meta property=\"og:locale\" content=\"de_DE\" \/>\n<meta property=\"og:type\" content=\"article\" \/>\n<meta property=\"og:title\" content=\"Wei\u00dfe Papierhaube mit rotem Rand, 100er-Pack\" \/>\n<meta property=\"og:description\" content=\"Wei\u00dfe Papierhaube mit rotem Rand, im 100er-Pack. Leicht, verstellbar und hygienisch, ideal f\u00fcr K\u00fcchen, Metzgereien, Fischgesch\u00e4fte und Lebensmittelbetriebe.\" \/>\n<meta property=\"og:url\" content=\"https:\/\/www.csj-emballages.com\/de\/produit\/100-weisse-einweg-kappen-aus-papier-mit-rotem-rand\/\" \/>\n<meta property=\"og:site_name\" content=\"CSJ Emballages\" \/>\n<meta property=\"article:publisher\" content=\"https:\/\/www.facebook.com\/csjemballages\" \/>\n<meta property=\"article:modified_time\" content=\"2026-03-12T15:19:08+00:00\" \/>\n<meta property=\"og:image\" content=\"https:\/\/www.csj-emballages.com\/wp-content\/uploads\/2024\/03\/calot-rouge-boucherie-papier-reglable-grossiste-csj-emballages-big-jpg.webp\" \/>\n\t<meta property=\"og:image:width\" content=\"300\" \/>\n\t<meta property=\"og:image:height\" content=\"300\" \/>\n\t<meta property=\"og:image:type\" content=\"image\/jpeg\" \/>\n<meta name=\"twitter:card\" content=\"summary_large_image\" \/>\n<meta name=\"twitter:label1\" content=\"Gesch\u00e4tzte Lesezeit\" \/>\n\t<meta name=\"twitter:data1\" content=\"2 Minuten\" \/>\n<script type=\"application\/ld+json\" class=\"yoast-schema-graph\">{\"@context\":\"https:\/\/schema.org\",\"@graph\":[{\"@type\":\"WebPage\",\"@id\":\"https:\/\/www.csj-emballages.com\/de\/produit\/100-weisse-einweg-kappen-aus-papier-mit-rotem-rand\/\",\"url\":\"https:\/\/www.csj-emballages.com\/de\/produit\/100-weisse-einweg-kappen-aus-papier-mit-rotem-rand\/\",\"name\":\"Wei\u00dfe Papierhaube mit rotem Rand, 100er-Pack\",\"isPartOf\":{\"@id\":\"https:\/\/www.csj-emballages.com\/de\/#website\"},\"primaryImageOfPage\":{\"@id\":\"https:\/\/www.csj-emballages.com\/de\/produit\/100-weisse-einweg-kappen-aus-papier-mit-rotem-rand\/#primaryimage\"},\"image\":{\"@id\":\"https:\/\/www.csj-emballages.com\/de\/produit\/100-weisse-einweg-kappen-aus-papier-mit-rotem-rand\/#primaryimage\"},\"thumbnailUrl\":\"https:\/\/www.csj-emballages.com\/wp-content\/uploads\/2024\/03\/calot-rouge-boucherie-papier-reglable-grossiste-csj-emballages-big-jpg.webp\",\"datePublished\":\"2024-03-01T15:55:43+00:00\",\"dateModified\":\"2026-03-12T15:19:08+00:00\",\"description\":\"Wei\u00dfe Papierhaube mit rotem Rand, im 100er-Pack. Leicht, verstellbar und hygienisch, ideal f\u00fcr K\u00fcchen, Metzgereien, Fischgesch\u00e4fte und Lebensmittelbetriebe.\",\"breadcrumb\":{\"@id\":\"https:\/\/www.csj-emballages.com\/de\/produit\/100-weisse-einweg-kappen-aus-papier-mit-rotem-rand\/#breadcrumb\"},\"inLanguage\":\"de\",\"potentialAction\":[{\"@type\":\"ReadAction\",\"target\":[\"https:\/\/www.csj-emballages.com\/de\/produit\/100-weisse-einweg-kappen-aus-papier-mit-rotem-rand\/\"]}]},{\"@type\":\"ImageObject\",\"inLanguage\":\"de\",\"@id\":\"https:\/\/www.csj-emballages.com\/de\/produit\/100-weisse-einweg-kappen-aus-papier-mit-rotem-rand\/#primaryimage\",\"url\":\"https:\/\/www.csj-emballages.com\/wp-content\/uploads\/2024\/03\/calot-rouge-boucherie-papier-reglable-grossiste-csj-emballages-big-jpg.webp\",\"contentUrl\":\"https:\/\/www.csj-emballages.com\/wp-content\/uploads\/2024\/03\/calot-rouge-boucherie-papier-reglable-grossiste-csj-emballages-big-jpg.webp\",\"width\":300,\"height\":300,\"caption\":\"Calot en papier\"},{\"@type\":\"BreadcrumbList\",\"@id\":\"https:\/\/www.csj-emballages.com\/de\/produit\/100-weisse-einweg-kappen-aus-papier-mit-rotem-rand\/#breadcrumb\",\"itemListElement\":[{\"@type\":\"ListItem\",\"position\":1,\"name\":\"Accueil\",\"item\":\"https:\/\/www.csj-emballages.com\/de\/universum-lebensmittelverpackungen\/\"},{\"@type\":\"ListItem\",\"position\":2,\"name\":\"Shop\",\"item\":\"https:\/\/www.csj-emballages.com\/shop\/\"},{\"@type\":\"ListItem\",\"position\":3,\"name\":\"Wei\u00dfe Papierhaube mit rotem Rand, 100er-Pack\"}]},{\"@type\":\"WebSite\",\"@id\":\"https:\/\/www.csj-emballages.com\/de\/#website\",\"url\":\"https:\/\/www.csj-emballages.com\/de\/\",\"name\":\"CSJ Emballages\",\"description\":\"\",\"publisher\":{\"@id\":\"https:\/\/www.csj-emballages.com\/de\/#organization\"},\"potentialAction\":[{\"@type\":\"SearchAction\",\"target\":{\"@type\":\"EntryPoint\",\"urlTemplate\":\"https:\/\/www.csj-emballages.com\/de\/?s={search_term_string}\"},\"query-input\":{\"@type\":\"PropertyValueSpecification\",\"valueRequired\":true,\"valueName\":\"search_term_string\"}}],\"inLanguage\":\"de\"},{\"@type\":\"Organization\",\"@id\":\"https:\/\/www.csj-emballages.com\/de\/#Organization\/\",\"name\":\"CSJ Emballages\",\"url\":\"https:\/\/www.csj-emballages.com\/de\/\",\"logo\":{\"@type\":\"ImageObject\",\"inLanguage\":\"de\",\"@id\":\"https:\/\/www.csj-emballages.com\/de\/#\/schema\/logo\/image\/\",\"url\":\"https:\/\/www.csj-emballages.com\/wp-content\/uploads\/2023\/10\/logo_csj.webp\",\"contentUrl\":\"https:\/\/www.csj-emballages.com\/wp-content\/uploads\/2023\/10\/logo_csj.webp\",\"width\":250,\"height\":95,\"caption\":\"CSJ Emballages\"},\"image\":{\"@id\":\"https:\/\/www.csj-emballages.com\/de\/#\/schema\/logo\/image\/\"},\"sameAs\":[\"https:\/\/www.facebook.com\/csjemballages\"],\"address\":{\"@type\":\"PostalAddress\",\"streetAddress\":\"ZI La Lechere\",\"addressLocality\":\"Patornay\",\"postalCode\":\"39130\",\"addressCountry\":\"FR\"},\"contactPoint\":[{\"@type\":\"ContactPoint\",\"contactType\":\"Service client\",\"telephone\":\"0384254272\",\"email\":\"contact@csj-emballages.com\"}]}]}<\/script>\n<!-- \/ Yoast SEO Premium plugin. -->","yoast_head_json":{"title":"Wei\u00dfe Papierhaube mit rotem Rand, 100er-Pack","description":"Wei\u00dfe Papierhaube mit rotem Rand, im 100er-Pack. Leicht, verstellbar und hygienisch, ideal f\u00fcr K\u00fcchen, Metzgereien, Fischgesch\u00e4fte und Lebensmittelbetriebe.","robots":{"index":"index","follow":"follow","max-snippet":"max-snippet:-1","max-image-preview":"max-image-preview:large","max-video-preview":"max-video-preview:-1"},"canonical":"https:\/\/www.csj-emballages.com\/de\/produit\/100-weisse-einweg-kappen-aus-papier-mit-rotem-rand\/","og_locale":"de_DE","og_type":"article","og_title":"Wei\u00dfe Papierhaube mit rotem Rand, 100er-Pack","og_description":"Wei\u00dfe Papierhaube mit rotem Rand, im 100er-Pack. Leicht, verstellbar und hygienisch, ideal f\u00fcr K\u00fcchen, Metzgereien, Fischgesch\u00e4fte und Lebensmittelbetriebe.","og_url":"https:\/\/www.csj-emballages.com\/de\/produit\/100-weisse-einweg-kappen-aus-papier-mit-rotem-rand\/","og_site_name":"CSJ Emballages","article_publisher":"https:\/\/www.facebook.com\/csjemballages","article_modified_time":"2026-03-12T15:19:08+00:00","og_image":[{"width":300,"height":300,"url":"https:\/\/www.csj-emballages.com\/wp-content\/uploads\/2024\/03\/calot-rouge-boucherie-papier-reglable-grossiste-csj-emballages-big-jpg.webp","type":"image\/jpeg"}],"twitter_card":"summary_large_image","twitter_misc":{"Gesch\u00e4tzte Lesezeit":"2 Minuten"},"schema":{"@context":"https:\/\/schema.org","@graph":[{"@type":"WebPage","@id":"https:\/\/www.csj-emballages.com\/de\/produit\/100-weisse-einweg-kappen-aus-papier-mit-rotem-rand\/","url":"https:\/\/www.csj-emballages.com\/de\/produit\/100-weisse-einweg-kappen-aus-papier-mit-rotem-rand\/","name":"Wei\u00dfe Papierhaube mit rotem Rand, 100er-Pack","isPartOf":{"@id":"https:\/\/www.csj-emballages.com\/de\/#website"},"primaryImageOfPage":{"@id":"https:\/\/www.csj-emballages.com\/de\/produit\/100-weisse-einweg-kappen-aus-papier-mit-rotem-rand\/#primaryimage"},"image":{"@id":"https:\/\/www.csj-emballages.com\/de\/produit\/100-weisse-einweg-kappen-aus-papier-mit-rotem-rand\/#primaryimage"},"thumbnailUrl":"https:\/\/www.csj-emballages.com\/wp-content\/uploads\/2024\/03\/calot-rouge-boucherie-papier-reglable-grossiste-csj-emballages-big-jpg.webp","datePublished":"2024-03-01T15:55:43+00:00","dateModified":"2026-03-12T15:19:08+00:00","description":"Wei\u00dfe Papierhaube mit rotem Rand, im 100er-Pack. Leicht, verstellbar und hygienisch, ideal f\u00fcr K\u00fcchen, Metzgereien, Fischgesch\u00e4fte und Lebensmittelbetriebe.","breadcrumb":{"@id":"https:\/\/www.csj-emballages.com\/de\/produit\/100-weisse-einweg-kappen-aus-papier-mit-rotem-rand\/#breadcrumb"},"inLanguage":"de","potentialAction":[{"@type":"ReadAction","target":["https:\/\/www.csj-emballages.com\/de\/produit\/100-weisse-einweg-kappen-aus-papier-mit-rotem-rand\/"]}]},{"@type":"ImageObject","inLanguage":"de","@id":"https:\/\/www.csj-emballages.com\/de\/produit\/100-weisse-einweg-kappen-aus-papier-mit-rotem-rand\/#primaryimage","url":"https:\/\/www.csj-emballages.com\/wp-content\/uploads\/2024\/03\/calot-rouge-boucherie-papier-reglable-grossiste-csj-emballages-big-jpg.webp","contentUrl":"https:\/\/www.csj-emballages.com\/wp-content\/uploads\/2024\/03\/calot-rouge-boucherie-papier-reglable-grossiste-csj-emballages-big-jpg.webp","width":300,"height":300,"caption":"Calot en papier"},{"@type":"BreadcrumbList","@id":"https:\/\/www.csj-emballages.com\/de\/produit\/100-weisse-einweg-kappen-aus-papier-mit-rotem-rand\/#breadcrumb","itemListElement":[{"@type":"ListItem","position":1,"name":"Accueil","item":"https:\/\/www.csj-emballages.com\/de\/universum-lebensmittelverpackungen\/"},{"@type":"ListItem","position":2,"name":"Shop","item":"https:\/\/www.csj-emballages.com\/shop\/"},{"@type":"ListItem","position":3,"name":"Wei\u00dfe Papierhaube mit rotem Rand, 100er-Pack"}]},{"@type":"WebSite","@id":"https:\/\/www.csj-emballages.com\/de\/#website","url":"https:\/\/www.csj-emballages.com\/de\/","name":"CSJ Emballages","description":"","publisher":{"@id":"https:\/\/www.csj-emballages.com\/de\/#organization"},"potentialAction":[{"@type":"SearchAction","target":{"@type":"EntryPoint","urlTemplate":"https:\/\/www.csj-emballages.com\/de\/?s={search_term_string}"},"query-input":{"@type":"PropertyValueSpecification","valueRequired":true,"valueName":"search_term_string"}}],"inLanguage":"de"},{"@type":"Organization","@id":"https:\/\/www.csj-emballages.com\/de\/#Organization\/","name":"CSJ Emballages","url":"https:\/\/www.csj-emballages.com\/de\/","logo":{"@type":"ImageObject","inLanguage":"de","@id":"https:\/\/www.csj-emballages.com\/de\/#\/schema\/logo\/image\/","url":"https:\/\/www.csj-emballages.com\/wp-content\/uploads\/2023\/10\/logo_csj.webp","contentUrl":"https:\/\/www.csj-emballages.com\/wp-content\/uploads\/2023\/10\/logo_csj.webp","width":250,"height":95,"caption":"CSJ Emballages"},"image":{"@id":"https:\/\/www.csj-emballages.com\/de\/#\/schema\/logo\/image\/"},"sameAs":["https:\/\/www.facebook.com\/csjemballages"],"address":{"@type":"PostalAddress","streetAddress":"ZI La Lechere","addressLocality":"Patornay","postalCode":"39130","addressCountry":"FR"},"contactPoint":[{"@type":"ContactPoint","contactType":"Service client","telephone":"0384254272","email":"contact@csj-emballages.com"}]}]}},"df_price":6.55,"df_sale_price":"","df_regular_price":6.55,"df_image_link":"https:\/\/www.csj-emballages.com\/wp-content\/uploads\/2024\/03\/calot-rouge-boucherie-papier-reglable-grossiste-csj-emballages-big-jpg.webp","tiered_pricing_type":"fixed","tiered_pricing_fixed_rules":[],"tiered_pricing_percentage_rules":[],"tiered_pricing_minimum":1,"tiered_pricing_roles_data":[],"_links":{"self":[{"href":"https:\/\/www.csj-emballages.com\/de\/wp-json\/wp\/v2\/product\/226565","targetHints":{"allow":["GET"]}}],"collection":[{"href":"https:\/\/www.csj-emballages.com\/de\/wp-json\/wp\/v2\/product"}],"about":[{"href":"https:\/\/www.csj-emballages.com\/de\/wp-json\/wp\/v2\/types\/product"}],"wp:featuredmedia":[{"embeddable":true,"href":"https:\/\/www.csj-emballages.com\/de\/wp-json\/wp\/v2\/media\/12387"}],"wp:attachment":[{"href":"https:\/\/www.csj-emballages.com\/de\/wp-json\/wp\/v2\/media?parent=226565"}],"wp:term":[{"taxonomy":"product_brand","embeddable":true,"href":"https:\/\/www.csj-emballages.com\/de\/wp-json\/wp\/v2\/product_brand?post=226565"},{"taxonomy":"product_cat","embeddable":true,"href":"https:\/\/www.csj-emballages.com\/de\/wp-json\/wp\/v2\/product_cat?post=226565"},{"taxonomy":"product_tag","embeddable":true,"href":"https:\/\/www.csj-emballages.com\/de\/wp-json\/wp\/v2\/product_tag?post=226565"}],"curies":[{"name":"wp","href":"https:\/\/api.w.org\/{rel}","templated":true}]}}