{"id":226562,"date":"2024-03-01T16:55:42","date_gmt":"2024-03-01T15:55:42","guid":{"rendered":"https:\/\/www.csj-emballages.com\/produit\/mini-dessertloeffel-holz-110-mm-pro-100\/"},"modified":"2026-04-29T02:13:01","modified_gmt":"2026-04-29T00:13:01","slug":"mini-dessertloeffel-holz-110-mm-pro-100","status":"publish","type":"product","link":"https:\/\/www.csj-emballages.com\/de\/produit\/mini-dessertloeffel-holz-110-mm-pro-100\/","title":{"rendered":"Mini Dessertl\u00f6ffel aus Holz 110 mm pro 100"},"content":{"rendered":"<h2 class=\"p1\">Mini-L\u00f6ffel aus Holz<\/h2>\n<hr>\n<h3>Entdecken Sie unseren Mini-Dessertl\u00f6ffel aus Holz 110 mm pro 100 St\u00fcck<\/h3>\n<p><!--more--><\/p>\n<p data-start=\"182\" data-end=\"596\">Wenn Sie einen praktischen, h\u00fcbschen und angenehmen <strong>kleinen L\u00f6ffel<\/strong> suchen, um Ihre Desserts zu begleiten, werden diese <strong>Mini-L\u00f6ffel aus Holz<\/strong> mit einer Gr\u00f6\u00dfe von <strong data-start=\"316\" data-end=\"326\">110 mm<\/strong> schnell zu einem unverzichtbaren Begleiter. Ihre kompakte Gr\u00f6\u00dfe ist ideal, um eine Mousse, ein Glas, ein Eis oder sogar eine Kostprobe bei einer Veranstaltung zu genie\u00dfen. Sie liegen perfekt in der Hand und sorgen f\u00fcr ein warmes Gef\u00fchl, das Plastik nie bieten kann.  <\/p>\n<p data-start=\"598\" data-end=\"1004\">Da sie aus <strong>glattem Holz<\/strong> gefertigt sind, hinterlassen sie keinen st\u00f6renden Geschmack und bieten vom ersten Bissen an ein echtes, nat\u00fcrliches Gef\u00fchl. Sie k\u00f6nnen sie f\u00fcr einen Take-away-Service, ein Buffet, einen Feinschmeckerstand oder sogar zur Verfeinerung einer Pr\u00e4sentation bei einem Empfang anbieten. Sie passen perfekt zu einem verantwortungsbewussteren Vorgehen und behalten dabei ein einfaches und authentisches Aussehen.  <\/p>\n<p data-start=\"1006\" data-end=\"1311\">Wenn Sie sich f\u00fcr eine <strong data-start=\"1024\" data-end=\"1038\">Packung mit 100 St\u00fcck<\/strong> entscheiden, stellen Sie sicher, dass Sie immer einen Vorrat bereit haben, der f\u00fcr gro\u00dfe Tage, Veranstaltungen oder Spitzenzeiten geeignet ist. Dank ihres leichten Formats lassen sie sich leicht transportieren und schnell anrichten, sei es in einem Glas, auf einem Tisch oder direkt zum Dessert. <\/p>\n<p data-start=\"1313\" data-end=\"1672\">Dank ihres <strong>nat\u00fcrlichen Looks<\/strong> verleihen sie jeder Zubereitung einen kleinen, warmen Touch. Sie fallen sofort auf: Sie verleihen m\u00fchelos einen handwerklichen und gepflegten Look. Sie sind perfekt f\u00fcr Profis, die einen sauberen, \u00e4sthetischen und praktischen Service anbieten m\u00f6chten, sowohl in Restaurants als auch in Konditoreien oder Cateringbetrieben.  <\/p>\n<p data-start=\"1674\" data-end=\"1844\">Kurz gesagt, diese <strong>Mini-L\u00f6ffel aus Holz<\/strong> vereinen Einfachheit, Komfort und visuellen Charme. Sie begleiten Ihre Desserts auf sanfte Weise und machen jede Verkostung ein wenig angenehmer. <\/p>\n<p data-start=\"1519\" data-end=\"1645\"><!--more--><\/p>\n<h4>Vorteile :<\/h4>\n<ul>\n<li>Kleines Format, ideal f\u00fcr Desserts und Verkostungen.<\/li>\n<li><strong>Aus Naturholz<\/strong>: \u00e4sthetisch ansprechend und ohne st\u00f6renden Geschmack.<\/li>\n<li>Einweg, hygienisch, kein Geschirr zu verwalten.<\/li>\n<li>Solide und angenehm in der Hand.<\/li>\n<li><strong>Umweltfreundlich<\/strong>: biologisch abbaubar und kompostierbar.<\/li>\n<li>Geeignet f\u00fcr Berufst\u00e4tige und Privatpersonen.<\/li>\n<\/ul>\n<p>&nbsp;<\/p>\n<p><!--more--><\/p>\n<h4>Sonstige Informationen :<\/h4>\n<ul>\n<li><strong>Verpackung<\/strong>: Packung mit 100 St\u00fcck<\/li>\n<li><strong>Abmessung<\/strong>: 110 mm (L\u00e4nge)<\/li>\n<li><strong>Material<\/strong>: Holz<\/li>\n<\/ul>\n<p>&nbsp;<\/p>\n<p><!--more--><\/p>\n<p>Dieser kleine L\u00f6ffel ist auch in Kristallmaterial erh\u00e4ltlich : <span style=\"color: #d12727;\"><a style=\"color: #d12727;\" href=\"https:\/\/www.csj-emballages.com\/produit\/mini-cuillere-cristal-a-verrines-en-plastique\/\">MINICV<\/a><\/span><\/p>\n<p>&nbsp;<\/p>\n<p><!--more--><\/p>\n<p><a href=\"https:\/\/www.csj-emballages.com\/de\/categorie-produit\/lebensmittelverpackungen\/restauration-de\/teller-einwegbesteck-strohhalme\/gabeln-messer-loffel\/biologisch-abbaubares-besteck\/\">Sehen Sie sich den Rest unseres Sortiments an biologisch abbaubarem Besteck an<\/a><\/p>\n","protected":false},"excerpt":{"rendered":"<p>Mini-L\u00f6ffel aus Holz Entdecken Sie unseren Mini-Dessertl\u00f6ffel aus Holz 110 mm pro 100 St\u00fcck<\/p>\n","protected":false},"featured_media":167826,"template":"","meta":{"_acf_changed":false},"product_brand":[],"product_cat":[1137,1170,1279,1281,2880,1134,3961,2604,2628,1146,2627],"product_tag":[],"class_list":{"0":"post-226562","1":"product","2":"type-product","3":"status-publish","4":"has-post-thumbnail","6":"product_cat-lebensmittelverpackungen","7":"product_cat-metzgerei-und-feinkostgeschaft","8":"product_cat-schalen-topfe-glaser","9":"product_cat-glaser","10":"product_cat-loffel-gabeln","11":"product_cat-restauration-de","12":"product_cat-teller-einwegbesteck-strohhalme","13":"product_cat-gabeln-messer-loffel","14":"product_cat-biologisch-abbaubares-besteck","15":"product_cat-bio-sortiment","16":"product_cat-bio-besteck","18":"first","19":"instock","20":"taxable","21":"shipping-taxable","22":"purchasable","23":"product-type-simple"},"acf":[],"yoast_head":"<!-- This site is optimized with the Yoast SEO Premium plugin v26.6 (Yoast SEO v26.6) - https:\/\/yoast.com\/wordpress\/plugins\/seo\/ -->\n<title>Mini Dessertl\u00f6ffel Holz 110 mm pro 100<\/title>\n<meta name=\"description\" content=\"Mini Dessertl\u00f6ffel aus Holz 110 mm (x100) ideal f\u00fcr Desserts, Catering oder Veranstaltungen. Umweltfreundlich, stilvoll und praktisch. Einweg und biologisch abbaubar.\" \/>\n<meta name=\"robots\" content=\"index, follow, max-snippet:-1, max-image-preview:large, max-video-preview:-1\" \/>\n<link rel=\"canonical\" href=\"https:\/\/www.csj-emballages.com\/de\/produit\/mini-dessertloeffel-holz-110-mm-pro-100\/\" \/>\n<meta property=\"og:locale\" content=\"de_DE\" \/>\n<meta property=\"og:type\" content=\"article\" \/>\n<meta property=\"og:title\" content=\"Mini Dessertl\u00f6ffel aus Holz 110 mm pro 100\" \/>\n<meta property=\"og:description\" content=\"Mini Dessertl\u00f6ffel aus Holz 110 mm (x100) ideal f\u00fcr Desserts, Catering oder Veranstaltungen. Umweltfreundlich, stilvoll und praktisch. Einweg und biologisch abbaubar.\" \/>\n<meta property=\"og:url\" content=\"https:\/\/www.csj-emballages.com\/de\/produit\/mini-dessertloeffel-holz-110-mm-pro-100\/\" \/>\n<meta property=\"og:site_name\" content=\"CSJ Emballages\" \/>\n<meta property=\"article:publisher\" content=\"https:\/\/www.facebook.com\/csjemballages\" \/>\n<meta property=\"article:modified_time\" content=\"2026-04-29T00:13:01+00:00\" \/>\n<meta property=\"og:image\" content=\"https:\/\/www.csj-emballages.com\/wp-content\/uploads\/2024\/03\/CU-110-BOIS-scaled-e1731591209538.webp\" \/>\n\t<meta property=\"og:image:width\" content=\"2048\" \/>\n\t<meta property=\"og:image:height\" content=\"2048\" \/>\n\t<meta property=\"og:image:type\" content=\"image\/webp\" \/>\n<meta name=\"twitter:card\" content=\"summary_large_image\" \/>\n<meta name=\"twitter:label1\" content=\"Gesch\u00e4tzte Lesezeit\" \/>\n\t<meta name=\"twitter:data1\" content=\"2 Minuten\" \/>\n<script type=\"application\/ld+json\" class=\"yoast-schema-graph\">{\"@context\":\"https:\/\/schema.org\",\"@graph\":[{\"@type\":\"WebPage\",\"@id\":\"https:\/\/www.csj-emballages.com\/de\/produit\/mini-dessertloeffel-holz-110-mm-pro-100\/\",\"url\":\"https:\/\/www.csj-emballages.com\/de\/produit\/mini-dessertloeffel-holz-110-mm-pro-100\/\",\"name\":\"Mini Dessertl\u00f6ffel Holz 110 mm pro 100\",\"isPartOf\":{\"@id\":\"https:\/\/www.csj-emballages.com\/de\/#website\"},\"primaryImageOfPage\":{\"@id\":\"https:\/\/www.csj-emballages.com\/de\/produit\/mini-dessertloeffel-holz-110-mm-pro-100\/#primaryimage\"},\"image\":{\"@id\":\"https:\/\/www.csj-emballages.com\/de\/produit\/mini-dessertloeffel-holz-110-mm-pro-100\/#primaryimage\"},\"thumbnailUrl\":\"https:\/\/www.csj-emballages.com\/wp-content\/uploads\/2024\/03\/CU-110-BOIS-scaled-e1731591209538.webp\",\"datePublished\":\"2024-03-01T15:55:42+00:00\",\"dateModified\":\"2026-04-29T00:13:01+00:00\",\"description\":\"Mini Dessertl\u00f6ffel aus Holz 110 mm (x100) ideal f\u00fcr Desserts, Catering oder Veranstaltungen. Umweltfreundlich, stilvoll und praktisch. Einweg und biologisch abbaubar.\",\"breadcrumb\":{\"@id\":\"https:\/\/www.csj-emballages.com\/de\/produit\/mini-dessertloeffel-holz-110-mm-pro-100\/#breadcrumb\"},\"inLanguage\":\"de\",\"potentialAction\":[{\"@type\":\"ReadAction\",\"target\":[\"https:\/\/www.csj-emballages.com\/de\/produit\/mini-dessertloeffel-holz-110-mm-pro-100\/\"]}]},{\"@type\":\"ImageObject\",\"inLanguage\":\"de\",\"@id\":\"https:\/\/www.csj-emballages.com\/de\/produit\/mini-dessertloeffel-holz-110-mm-pro-100\/#primaryimage\",\"url\":\"https:\/\/www.csj-emballages.com\/wp-content\/uploads\/2024\/03\/CU-110-BOIS-scaled-e1731591209538.webp\",\"contentUrl\":\"https:\/\/www.csj-emballages.com\/wp-content\/uploads\/2024\/03\/CU-110-BOIS-scaled-e1731591209538.webp\",\"width\":2048,\"height\":2048,\"caption\":\"mini cuill\u00e8re\"},{\"@type\":\"BreadcrumbList\",\"@id\":\"https:\/\/www.csj-emballages.com\/de\/produit\/mini-dessertloeffel-holz-110-mm-pro-100\/#breadcrumb\",\"itemListElement\":[{\"@type\":\"ListItem\",\"position\":1,\"name\":\"Accueil\",\"item\":\"https:\/\/www.csj-emballages.com\/de\/universum-lebensmittelverpackungen\/\"},{\"@type\":\"ListItem\",\"position\":2,\"name\":\"Shop\",\"item\":\"https:\/\/www.csj-emballages.com\/shop\/\"},{\"@type\":\"ListItem\",\"position\":3,\"name\":\"Mini Dessertl\u00f6ffel aus Holz 110 mm pro 100\"}]},{\"@type\":\"WebSite\",\"@id\":\"https:\/\/www.csj-emballages.com\/de\/#website\",\"url\":\"https:\/\/www.csj-emballages.com\/de\/\",\"name\":\"CSJ Emballages\",\"description\":\"\",\"publisher\":{\"@id\":\"https:\/\/www.csj-emballages.com\/de\/#organization\"},\"potentialAction\":[{\"@type\":\"SearchAction\",\"target\":{\"@type\":\"EntryPoint\",\"urlTemplate\":\"https:\/\/www.csj-emballages.com\/de\/?s={search_term_string}\"},\"query-input\":{\"@type\":\"PropertyValueSpecification\",\"valueRequired\":true,\"valueName\":\"search_term_string\"}}],\"inLanguage\":\"de\"},{\"@type\":\"Organization\",\"@id\":\"https:\/\/www.csj-emballages.com\/de\/#Organization\/\",\"name\":\"CSJ Emballages\",\"url\":\"https:\/\/www.csj-emballages.com\/de\/\",\"logo\":{\"@type\":\"ImageObject\",\"inLanguage\":\"de\",\"@id\":\"https:\/\/www.csj-emballages.com\/de\/#\/schema\/logo\/image\/\",\"url\":\"https:\/\/www.csj-emballages.com\/wp-content\/uploads\/2023\/10\/logo_csj.webp\",\"contentUrl\":\"https:\/\/www.csj-emballages.com\/wp-content\/uploads\/2023\/10\/logo_csj.webp\",\"width\":250,\"height\":95,\"caption\":\"CSJ Emballages\"},\"image\":{\"@id\":\"https:\/\/www.csj-emballages.com\/de\/#\/schema\/logo\/image\/\"},\"sameAs\":[\"https:\/\/www.facebook.com\/csjemballages\"],\"address\":{\"@type\":\"PostalAddress\",\"streetAddress\":\"ZI La Lechere\",\"addressLocality\":\"Patornay\",\"postalCode\":\"39130\",\"addressCountry\":\"FR\"},\"contactPoint\":[{\"@type\":\"ContactPoint\",\"contactType\":\"Service client\",\"telephone\":\"0384254272\",\"email\":\"contact@csj-emballages.com\"}]}]}<\/script>\n<!-- \/ Yoast SEO Premium plugin. -->","yoast_head_json":{"title":"Mini Dessertl\u00f6ffel Holz 110 mm pro 100","description":"Mini Dessertl\u00f6ffel aus Holz 110 mm (x100) ideal f\u00fcr Desserts, Catering oder Veranstaltungen. Umweltfreundlich, stilvoll und praktisch. Einweg und biologisch abbaubar.","robots":{"index":"index","follow":"follow","max-snippet":"max-snippet:-1","max-image-preview":"max-image-preview:large","max-video-preview":"max-video-preview:-1"},"canonical":"https:\/\/www.csj-emballages.com\/de\/produit\/mini-dessertloeffel-holz-110-mm-pro-100\/","og_locale":"de_DE","og_type":"article","og_title":"Mini Dessertl\u00f6ffel aus Holz 110 mm pro 100","og_description":"Mini Dessertl\u00f6ffel aus Holz 110 mm (x100) ideal f\u00fcr Desserts, Catering oder Veranstaltungen. Umweltfreundlich, stilvoll und praktisch. Einweg und biologisch abbaubar.","og_url":"https:\/\/www.csj-emballages.com\/de\/produit\/mini-dessertloeffel-holz-110-mm-pro-100\/","og_site_name":"CSJ Emballages","article_publisher":"https:\/\/www.facebook.com\/csjemballages","article_modified_time":"2026-04-29T00:13:01+00:00","og_image":[{"width":2048,"height":2048,"url":"https:\/\/www.csj-emballages.com\/wp-content\/uploads\/2024\/03\/CU-110-BOIS-scaled-e1731591209538.webp","type":"image\/webp"}],"twitter_card":"summary_large_image","twitter_misc":{"Gesch\u00e4tzte Lesezeit":"2 Minuten"},"schema":{"@context":"https:\/\/schema.org","@graph":[{"@type":"WebPage","@id":"https:\/\/www.csj-emballages.com\/de\/produit\/mini-dessertloeffel-holz-110-mm-pro-100\/","url":"https:\/\/www.csj-emballages.com\/de\/produit\/mini-dessertloeffel-holz-110-mm-pro-100\/","name":"Mini Dessertl\u00f6ffel Holz 110 mm pro 100","isPartOf":{"@id":"https:\/\/www.csj-emballages.com\/de\/#website"},"primaryImageOfPage":{"@id":"https:\/\/www.csj-emballages.com\/de\/produit\/mini-dessertloeffel-holz-110-mm-pro-100\/#primaryimage"},"image":{"@id":"https:\/\/www.csj-emballages.com\/de\/produit\/mini-dessertloeffel-holz-110-mm-pro-100\/#primaryimage"},"thumbnailUrl":"https:\/\/www.csj-emballages.com\/wp-content\/uploads\/2024\/03\/CU-110-BOIS-scaled-e1731591209538.webp","datePublished":"2024-03-01T15:55:42+00:00","dateModified":"2026-04-29T00:13:01+00:00","description":"Mini Dessertl\u00f6ffel aus Holz 110 mm (x100) ideal f\u00fcr Desserts, Catering oder Veranstaltungen. Umweltfreundlich, stilvoll und praktisch. Einweg und biologisch abbaubar.","breadcrumb":{"@id":"https:\/\/www.csj-emballages.com\/de\/produit\/mini-dessertloeffel-holz-110-mm-pro-100\/#breadcrumb"},"inLanguage":"de","potentialAction":[{"@type":"ReadAction","target":["https:\/\/www.csj-emballages.com\/de\/produit\/mini-dessertloeffel-holz-110-mm-pro-100\/"]}]},{"@type":"ImageObject","inLanguage":"de","@id":"https:\/\/www.csj-emballages.com\/de\/produit\/mini-dessertloeffel-holz-110-mm-pro-100\/#primaryimage","url":"https:\/\/www.csj-emballages.com\/wp-content\/uploads\/2024\/03\/CU-110-BOIS-scaled-e1731591209538.webp","contentUrl":"https:\/\/www.csj-emballages.com\/wp-content\/uploads\/2024\/03\/CU-110-BOIS-scaled-e1731591209538.webp","width":2048,"height":2048,"caption":"mini cuill\u00e8re"},{"@type":"BreadcrumbList","@id":"https:\/\/www.csj-emballages.com\/de\/produit\/mini-dessertloeffel-holz-110-mm-pro-100\/#breadcrumb","itemListElement":[{"@type":"ListItem","position":1,"name":"Accueil","item":"https:\/\/www.csj-emballages.com\/de\/universum-lebensmittelverpackungen\/"},{"@type":"ListItem","position":2,"name":"Shop","item":"https:\/\/www.csj-emballages.com\/shop\/"},{"@type":"ListItem","position":3,"name":"Mini Dessertl\u00f6ffel aus Holz 110 mm pro 100"}]},{"@type":"WebSite","@id":"https:\/\/www.csj-emballages.com\/de\/#website","url":"https:\/\/www.csj-emballages.com\/de\/","name":"CSJ Emballages","description":"","publisher":{"@id":"https:\/\/www.csj-emballages.com\/de\/#organization"},"potentialAction":[{"@type":"SearchAction","target":{"@type":"EntryPoint","urlTemplate":"https:\/\/www.csj-emballages.com\/de\/?s={search_term_string}"},"query-input":{"@type":"PropertyValueSpecification","valueRequired":true,"valueName":"search_term_string"}}],"inLanguage":"de"},{"@type":"Organization","@id":"https:\/\/www.csj-emballages.com\/de\/#Organization\/","name":"CSJ Emballages","url":"https:\/\/www.csj-emballages.com\/de\/","logo":{"@type":"ImageObject","inLanguage":"de","@id":"https:\/\/www.csj-emballages.com\/de\/#\/schema\/logo\/image\/","url":"https:\/\/www.csj-emballages.com\/wp-content\/uploads\/2023\/10\/logo_csj.webp","contentUrl":"https:\/\/www.csj-emballages.com\/wp-content\/uploads\/2023\/10\/logo_csj.webp","width":250,"height":95,"caption":"CSJ Emballages"},"image":{"@id":"https:\/\/www.csj-emballages.com\/de\/#\/schema\/logo\/image\/"},"sameAs":["https:\/\/www.facebook.com\/csjemballages"],"address":{"@type":"PostalAddress","streetAddress":"ZI La Lechere","addressLocality":"Patornay","postalCode":"39130","addressCountry":"FR"},"contactPoint":[{"@type":"ContactPoint","contactType":"Service client","telephone":"0384254272","email":"contact@csj-emballages.com"}]}]}},"df_price":1.33,"df_sale_price":"","df_regular_price":1.33,"df_image_link":"https:\/\/www.csj-emballages.com\/wp-content\/uploads\/2024\/03\/CU-110-BOIS-300x300.webp","tiered_pricing_type":"fixed","tiered_pricing_fixed_rules":[],"tiered_pricing_percentage_rules":[],"tiered_pricing_minimum":1,"tiered_pricing_roles_data":[],"_links":{"self":[{"href":"https:\/\/www.csj-emballages.com\/de\/wp-json\/wp\/v2\/product\/226562","targetHints":{"allow":["GET"]}}],"collection":[{"href":"https:\/\/www.csj-emballages.com\/de\/wp-json\/wp\/v2\/product"}],"about":[{"href":"https:\/\/www.csj-emballages.com\/de\/wp-json\/wp\/v2\/types\/product"}],"wp:featuredmedia":[{"embeddable":true,"href":"https:\/\/www.csj-emballages.com\/de\/wp-json\/wp\/v2\/media\/167826"}],"wp:attachment":[{"href":"https:\/\/www.csj-emballages.com\/de\/wp-json\/wp\/v2\/media?parent=226562"}],"wp:term":[{"taxonomy":"product_brand","embeddable":true,"href":"https:\/\/www.csj-emballages.com\/de\/wp-json\/wp\/v2\/product_brand?post=226562"},{"taxonomy":"product_cat","embeddable":true,"href":"https:\/\/www.csj-emballages.com\/de\/wp-json\/wp\/v2\/product_cat?post=226562"},{"taxonomy":"product_tag","embeddable":true,"href":"https:\/\/www.csj-emballages.com\/de\/wp-json\/wp\/v2\/product_tag?post=226562"}],"curies":[{"name":"wp","href":"https:\/\/api.w.org\/{rel}","templated":true}]}}