{"id":226557,"date":"2024-03-01T16:54:58","date_gmt":"2024-03-01T15:54:58","guid":{"rendered":"https:\/\/www.csj-emballages.com\/produit\/wiederverwendbarer-plastikloeffel-kristall-180-mm-pro-100\/"},"modified":"2026-05-04T07:00:31","modified_gmt":"2026-05-04T05:00:31","slug":"wiederverwendbarer-plastikloeffel-kristall-180-mm-pro-100","status":"publish","type":"product","link":"https:\/\/www.csj-emballages.com\/de\/produit\/wiederverwendbarer-plastikloeffel-kristall-180-mm-pro-100\/","title":{"rendered":"Wiederverwendbarer Plastikl\u00f6ffel Kristall 180 mm pro 100"},"content":{"rendered":"<h2>Plastikl\u00f6ffel<\/h2>\n<hr>\n<h3>Entdecken Sie unseren wiederverwendbaren Kunststoffl\u00f6ffel Kristall 180 mm im 100er-Pack<\/h3>\n<p><!--more--><\/p>\n<p data-start=\"236\" data-end=\"545\">Der <strong>wiederverwendbare Kunststoffl\u00f6ffel Kristall 180 mm<\/strong> ist ideal f\u00fcr das Servieren von Mahlzeiten und Desserts bei Veranstaltungen, Buffets oder Catering-Eins\u00e4tzen. Mit seiner <strong>transparenten Kristall-Optik<\/strong> verleiht er Ihren Tischen eine elegante Note und bewahrt gleichzeitig die Praktikabilit\u00e4t von Kunststoffbesteck. <\/p>\n<p data-start=\"547\" data-end=\"930\">Dank seiner <strong>L\u00e4nge von 180 mm<\/strong> bietet dieser L\u00f6ffel eine komfortable Handhabung und vielseitige Einsatzm\u00f6glichkeiten. Er eignet sich gleicherma\u00dfen f\u00fcr <strong>Vorspeisen, Hauptgerichte, Desserts, Obstsalate oder Catering-Zubereitungen<\/strong>. Sein robustes Design erm\u00f6glicht eine mehrfache Verwendung und erf\u00fcllt die Erwartungen von Profis, die eine nachhaltigere Alternative zu klassischem Einwegbesteck suchen.  <\/p>\n<p data-start=\"932\" data-end=\"1267\">Hergestellt aus <strong>lebensmittelechtem Hartkunststoff<\/strong>, garantiert er eine hohe Widerstandsf\u00e4higkeit bei gleichzeitig raffinierter \u00c4sthetik. Zudem f\u00fcgt sich sein <strong>schlichtes, transparentes Design<\/strong> m\u00fchelos in jeden Empfangsstil ein, sei es bei formellen Anl\u00e4ssen, Firmenbuffets, in der Gemeinschaftsgastronomie oder bei privaten Feiern. <\/p>\n<p data-start=\"1269\" data-end=\"1553\">Leicht zu reinigen und stapelbar f\u00fcr eine optimierte Lagerung, ist der <strong>wiederverwendbare Kunststoffl\u00f6ffel Kristall<\/strong> eine praktische und wirtschaftliche L\u00f6sung. Verpackt in Einheiten von <strong>100 St\u00fcck<\/strong>, ist er perfekt auf die Bed\u00fcrfnisse von Profis und den Einsatz in gro\u00dfen Mengen zugeschnitten. <\/p>\n<p data-start=\"1269\" data-end=\"1553\">\n<p><!--more--><\/p>\n<h4>Vorteile :<\/h4>\n<ul>\n<li data-start=\"1591\" data-end=\"1643\"><strong>L\u00e4nge 180 mm<\/strong> f\u00fcr eine komfortable Handhabung.<\/li>\n<li data-start=\"1646\" data-end=\"1685\">Elegante und transparente Kristall-Optik.<\/li>\n<li data-start=\"1688\" data-end=\"1719\">Steifer und widerstandsf\u00e4higer Kunststoff.<\/li>\n<li data-start=\"1722\" data-end=\"1767\">Wiederverwendbar \u2013 f\u00fcr eine nachhaltigere L\u00f6sung.<\/li>\n<li data-start=\"1770\" data-end=\"1799\">Lebensmittelecht.<\/li>\n<li data-start=\"1802\" data-end=\"1833\">Geeignet f\u00fcr Mahlzeiten und Desserts.<\/li>\n<li data-start=\"1836\" data-end=\"1882\">Ideal f\u00fcr Buffets, Empf\u00e4nge und Catering.<\/li>\n<li data-start=\"1885\" data-end=\"1929\">Praktische Verpackung mit <strong>100 L\u00f6ffeln<\/strong>.<\/li>\n<\/ul>\n<p>&nbsp;<\/p>\n<p><!--more--><\/p>\n<h4>Weitere Informationen :<\/h4>\n<ul>\n<li><strong>Verpackung<\/strong>: Packung mit 100 St\u00fcck<\/li>\n<li><strong>L\u00e4nge<\/strong>: 180 mm<\/li>\n<li><strong>Farbe<\/strong>: Transparent<\/li>\n<li><strong>Material<\/strong>: PET-Kunststoff<\/li>\n<\/ul>\n<p>&nbsp;<\/p>\n<p><!--more--><\/p>\n<p><a href=\"https:\/\/www.csj-emballages.com\/de\/categorie-produit\/lebensmittelverpackungen\/restauration-de\/teller-einwegbesteck-strohhalme\/gabeln-messer-loffel\/kristallbesteck\/\">Entdecken Sie unser restliches Sortiment an Kristallbesteck <\/a><\/p>\n","protected":false},"excerpt":{"rendered":"<p>Plastikl\u00f6ffel Entdecken Sie unseren wiederverwendbaren Kunststoffl\u00f6ffel Kristall 180 mm im 100er-Pack<\/p>\n","protected":false},"featured_media":167919,"template":"","meta":{"_acf_changed":false},"product_brand":[],"product_cat":[1134,2604,2611],"product_tag":[],"class_list":{"0":"post-226557","1":"product","2":"type-product","3":"status-publish","4":"has-post-thumbnail","6":"product_cat-restauration-de","7":"product_cat-gabeln-messer-loffel","8":"product_cat-kristallbesteck","10":"first","11":"instock","12":"taxable","13":"shipping-taxable","14":"purchasable","15":"product-type-simple"},"acf":[],"yoast_head":"<!-- This site is optimized with the Yoast SEO Premium plugin v26.6 (Yoast SEO v26.6) - https:\/\/yoast.com\/wordpress\/plugins\/seo\/ -->\n<title>Wiederverwendbarer Plastikl\u00f6ffel Cristal - 180 mm<\/title>\n<meta name=\"description\" content=\"Entdecken Sie unseren wiederverwendbaren Kunststoffl\u00f6ffel (180 mm)! Wir bieten Ihnen eine Packung mit 100 wiederverwendbaren L\u00f6ffeln zum g\u00fcnstigen DISCOUNT-Preis\" \/>\n<meta name=\"robots\" content=\"index, follow, max-snippet:-1, max-image-preview:large, max-video-preview:-1\" \/>\n<link rel=\"canonical\" href=\"https:\/\/www.csj-emballages.com\/de\/produit\/wiederverwendbarer-plastikloeffel-kristall-180-mm-pro-100\/\" \/>\n<meta property=\"og:locale\" content=\"de_DE\" \/>\n<meta property=\"og:type\" content=\"article\" \/>\n<meta property=\"og:title\" content=\"Wiederverwendbarer Plastikl\u00f6ffel Kristall 180 mm pro 100\" \/>\n<meta property=\"og:description\" content=\"Entdecken Sie unseren wiederverwendbaren Kunststoffl\u00f6ffel (180 mm)! Wir bieten Ihnen eine Packung mit 100 wiederverwendbaren L\u00f6ffeln zum g\u00fcnstigen DISCOUNT-Preis\" \/>\n<meta property=\"og:url\" content=\"https:\/\/www.csj-emballages.com\/de\/produit\/wiederverwendbarer-plastikloeffel-kristall-180-mm-pro-100\/\" \/>\n<meta property=\"og:site_name\" content=\"CSJ Emballages\" \/>\n<meta property=\"article:publisher\" content=\"https:\/\/www.facebook.com\/csjemballages\" \/>\n<meta property=\"article:modified_time\" content=\"2026-05-04T05:00:31+00:00\" \/>\n<meta property=\"og:image\" content=\"https:\/\/www.csj-emballages.com\/wp-content\/uploads\/2024\/03\/Cuillere2-scaled-e1731594107147.webp\" \/>\n\t<meta property=\"og:image:width\" content=\"2048\" \/>\n\t<meta property=\"og:image:height\" content=\"2048\" \/>\n\t<meta property=\"og:image:type\" content=\"image\/webp\" \/>\n<meta name=\"twitter:card\" content=\"summary_large_image\" \/>\n<meta name=\"twitter:label1\" content=\"Gesch\u00e4tzte Lesezeit\" \/>\n\t<meta name=\"twitter:data1\" content=\"1\u00a0Minute\" \/>\n<script type=\"application\/ld+json\" class=\"yoast-schema-graph\">{\"@context\":\"https:\/\/schema.org\",\"@graph\":[{\"@type\":\"WebPage\",\"@id\":\"https:\/\/www.csj-emballages.com\/de\/produit\/wiederverwendbarer-plastikloeffel-kristall-180-mm-pro-100\/\",\"url\":\"https:\/\/www.csj-emballages.com\/de\/produit\/wiederverwendbarer-plastikloeffel-kristall-180-mm-pro-100\/\",\"name\":\"Wiederverwendbarer Plastikl\u00f6ffel Cristal - 180 mm\",\"isPartOf\":{\"@id\":\"https:\/\/www.csj-emballages.com\/de\/#website\"},\"primaryImageOfPage\":{\"@id\":\"https:\/\/www.csj-emballages.com\/de\/produit\/wiederverwendbarer-plastikloeffel-kristall-180-mm-pro-100\/#primaryimage\"},\"image\":{\"@id\":\"https:\/\/www.csj-emballages.com\/de\/produit\/wiederverwendbarer-plastikloeffel-kristall-180-mm-pro-100\/#primaryimage\"},\"thumbnailUrl\":\"https:\/\/www.csj-emballages.com\/wp-content\/uploads\/2024\/03\/Cuillere2-scaled-e1731594107147.webp\",\"datePublished\":\"2024-03-01T15:54:58+00:00\",\"dateModified\":\"2026-05-04T05:00:31+00:00\",\"description\":\"Entdecken Sie unseren wiederverwendbaren Kunststoffl\u00f6ffel (180 mm)! Wir bieten Ihnen eine Packung mit 100 wiederverwendbaren L\u00f6ffeln zum g\u00fcnstigen DISCOUNT-Preis\",\"breadcrumb\":{\"@id\":\"https:\/\/www.csj-emballages.com\/de\/produit\/wiederverwendbarer-plastikloeffel-kristall-180-mm-pro-100\/#breadcrumb\"},\"inLanguage\":\"de\",\"potentialAction\":[{\"@type\":\"ReadAction\",\"target\":[\"https:\/\/www.csj-emballages.com\/de\/produit\/wiederverwendbarer-plastikloeffel-kristall-180-mm-pro-100\/\"]}]},{\"@type\":\"ImageObject\",\"inLanguage\":\"de\",\"@id\":\"https:\/\/www.csj-emballages.com\/de\/produit\/wiederverwendbarer-plastikloeffel-kristall-180-mm-pro-100\/#primaryimage\",\"url\":\"https:\/\/www.csj-emballages.com\/wp-content\/uploads\/2024\/03\/Cuillere2-scaled-e1731594107147.webp\",\"contentUrl\":\"https:\/\/www.csj-emballages.com\/wp-content\/uploads\/2024\/03\/Cuillere2-scaled-e1731594107147.webp\",\"width\":2048,\"height\":2048,\"caption\":\"Cuill\u00e8re plastique\"},{\"@type\":\"BreadcrumbList\",\"@id\":\"https:\/\/www.csj-emballages.com\/de\/produit\/wiederverwendbarer-plastikloeffel-kristall-180-mm-pro-100\/#breadcrumb\",\"itemListElement\":[{\"@type\":\"ListItem\",\"position\":1,\"name\":\"Accueil\",\"item\":\"https:\/\/www.csj-emballages.com\/de\/universum-lebensmittelverpackungen\/\"},{\"@type\":\"ListItem\",\"position\":2,\"name\":\"Shop\",\"item\":\"https:\/\/www.csj-emballages.com\/shop\/\"},{\"@type\":\"ListItem\",\"position\":3,\"name\":\"Wiederverwendbarer Plastikl\u00f6ffel Kristall 180 mm pro 100\"}]},{\"@type\":\"WebSite\",\"@id\":\"https:\/\/www.csj-emballages.com\/de\/#website\",\"url\":\"https:\/\/www.csj-emballages.com\/de\/\",\"name\":\"CSJ Emballages\",\"description\":\"\",\"publisher\":{\"@id\":\"https:\/\/www.csj-emballages.com\/de\/#organization\"},\"potentialAction\":[{\"@type\":\"SearchAction\",\"target\":{\"@type\":\"EntryPoint\",\"urlTemplate\":\"https:\/\/www.csj-emballages.com\/de\/?s={search_term_string}\"},\"query-input\":{\"@type\":\"PropertyValueSpecification\",\"valueRequired\":true,\"valueName\":\"search_term_string\"}}],\"inLanguage\":\"de\"},{\"@type\":\"Organization\",\"@id\":\"https:\/\/www.csj-emballages.com\/de\/#Organization\/\",\"name\":\"CSJ Emballages\",\"url\":\"https:\/\/www.csj-emballages.com\/de\/\",\"logo\":{\"@type\":\"ImageObject\",\"inLanguage\":\"de\",\"@id\":\"https:\/\/www.csj-emballages.com\/de\/#\/schema\/logo\/image\/\",\"url\":\"https:\/\/www.csj-emballages.com\/wp-content\/uploads\/2023\/10\/logo_csj.webp\",\"contentUrl\":\"https:\/\/www.csj-emballages.com\/wp-content\/uploads\/2023\/10\/logo_csj.webp\",\"width\":250,\"height\":95,\"caption\":\"CSJ Emballages\"},\"image\":{\"@id\":\"https:\/\/www.csj-emballages.com\/de\/#\/schema\/logo\/image\/\"},\"sameAs\":[\"https:\/\/www.facebook.com\/csjemballages\"],\"address\":{\"@type\":\"PostalAddress\",\"streetAddress\":\"ZI La Lechere\",\"addressLocality\":\"Patornay\",\"postalCode\":\"39130\",\"addressCountry\":\"FR\"},\"contactPoint\":[{\"@type\":\"ContactPoint\",\"contactType\":\"Service client\",\"telephone\":\"0384254272\",\"email\":\"contact@csj-emballages.com\"}]}]}<\/script>\n<!-- \/ Yoast SEO Premium plugin. -->","yoast_head_json":{"title":"Wiederverwendbarer Plastikl\u00f6ffel Cristal - 180 mm","description":"Entdecken Sie unseren wiederverwendbaren Kunststoffl\u00f6ffel (180 mm)! Wir bieten Ihnen eine Packung mit 100 wiederverwendbaren L\u00f6ffeln zum g\u00fcnstigen DISCOUNT-Preis","robots":{"index":"index","follow":"follow","max-snippet":"max-snippet:-1","max-image-preview":"max-image-preview:large","max-video-preview":"max-video-preview:-1"},"canonical":"https:\/\/www.csj-emballages.com\/de\/produit\/wiederverwendbarer-plastikloeffel-kristall-180-mm-pro-100\/","og_locale":"de_DE","og_type":"article","og_title":"Wiederverwendbarer Plastikl\u00f6ffel Kristall 180 mm pro 100","og_description":"Entdecken Sie unseren wiederverwendbaren Kunststoffl\u00f6ffel (180 mm)! Wir bieten Ihnen eine Packung mit 100 wiederverwendbaren L\u00f6ffeln zum g\u00fcnstigen DISCOUNT-Preis","og_url":"https:\/\/www.csj-emballages.com\/de\/produit\/wiederverwendbarer-plastikloeffel-kristall-180-mm-pro-100\/","og_site_name":"CSJ Emballages","article_publisher":"https:\/\/www.facebook.com\/csjemballages","article_modified_time":"2026-05-04T05:00:31+00:00","og_image":[{"width":2048,"height":2048,"url":"https:\/\/www.csj-emballages.com\/wp-content\/uploads\/2024\/03\/Cuillere2-scaled-e1731594107147.webp","type":"image\/webp"}],"twitter_card":"summary_large_image","twitter_misc":{"Gesch\u00e4tzte Lesezeit":"1\u00a0Minute"},"schema":{"@context":"https:\/\/schema.org","@graph":[{"@type":"WebPage","@id":"https:\/\/www.csj-emballages.com\/de\/produit\/wiederverwendbarer-plastikloeffel-kristall-180-mm-pro-100\/","url":"https:\/\/www.csj-emballages.com\/de\/produit\/wiederverwendbarer-plastikloeffel-kristall-180-mm-pro-100\/","name":"Wiederverwendbarer Plastikl\u00f6ffel Cristal - 180 mm","isPartOf":{"@id":"https:\/\/www.csj-emballages.com\/de\/#website"},"primaryImageOfPage":{"@id":"https:\/\/www.csj-emballages.com\/de\/produit\/wiederverwendbarer-plastikloeffel-kristall-180-mm-pro-100\/#primaryimage"},"image":{"@id":"https:\/\/www.csj-emballages.com\/de\/produit\/wiederverwendbarer-plastikloeffel-kristall-180-mm-pro-100\/#primaryimage"},"thumbnailUrl":"https:\/\/www.csj-emballages.com\/wp-content\/uploads\/2024\/03\/Cuillere2-scaled-e1731594107147.webp","datePublished":"2024-03-01T15:54:58+00:00","dateModified":"2026-05-04T05:00:31+00:00","description":"Entdecken Sie unseren wiederverwendbaren Kunststoffl\u00f6ffel (180 mm)! Wir bieten Ihnen eine Packung mit 100 wiederverwendbaren L\u00f6ffeln zum g\u00fcnstigen DISCOUNT-Preis","breadcrumb":{"@id":"https:\/\/www.csj-emballages.com\/de\/produit\/wiederverwendbarer-plastikloeffel-kristall-180-mm-pro-100\/#breadcrumb"},"inLanguage":"de","potentialAction":[{"@type":"ReadAction","target":["https:\/\/www.csj-emballages.com\/de\/produit\/wiederverwendbarer-plastikloeffel-kristall-180-mm-pro-100\/"]}]},{"@type":"ImageObject","inLanguage":"de","@id":"https:\/\/www.csj-emballages.com\/de\/produit\/wiederverwendbarer-plastikloeffel-kristall-180-mm-pro-100\/#primaryimage","url":"https:\/\/www.csj-emballages.com\/wp-content\/uploads\/2024\/03\/Cuillere2-scaled-e1731594107147.webp","contentUrl":"https:\/\/www.csj-emballages.com\/wp-content\/uploads\/2024\/03\/Cuillere2-scaled-e1731594107147.webp","width":2048,"height":2048,"caption":"Cuill\u00e8re plastique"},{"@type":"BreadcrumbList","@id":"https:\/\/www.csj-emballages.com\/de\/produit\/wiederverwendbarer-plastikloeffel-kristall-180-mm-pro-100\/#breadcrumb","itemListElement":[{"@type":"ListItem","position":1,"name":"Accueil","item":"https:\/\/www.csj-emballages.com\/de\/universum-lebensmittelverpackungen\/"},{"@type":"ListItem","position":2,"name":"Shop","item":"https:\/\/www.csj-emballages.com\/shop\/"},{"@type":"ListItem","position":3,"name":"Wiederverwendbarer Plastikl\u00f6ffel Kristall 180 mm pro 100"}]},{"@type":"WebSite","@id":"https:\/\/www.csj-emballages.com\/de\/#website","url":"https:\/\/www.csj-emballages.com\/de\/","name":"CSJ Emballages","description":"","publisher":{"@id":"https:\/\/www.csj-emballages.com\/de\/#organization"},"potentialAction":[{"@type":"SearchAction","target":{"@type":"EntryPoint","urlTemplate":"https:\/\/www.csj-emballages.com\/de\/?s={search_term_string}"},"query-input":{"@type":"PropertyValueSpecification","valueRequired":true,"valueName":"search_term_string"}}],"inLanguage":"de"},{"@type":"Organization","@id":"https:\/\/www.csj-emballages.com\/de\/#Organization\/","name":"CSJ Emballages","url":"https:\/\/www.csj-emballages.com\/de\/","logo":{"@type":"ImageObject","inLanguage":"de","@id":"https:\/\/www.csj-emballages.com\/de\/#\/schema\/logo\/image\/","url":"https:\/\/www.csj-emballages.com\/wp-content\/uploads\/2023\/10\/logo_csj.webp","contentUrl":"https:\/\/www.csj-emballages.com\/wp-content\/uploads\/2023\/10\/logo_csj.webp","width":250,"height":95,"caption":"CSJ Emballages"},"image":{"@id":"https:\/\/www.csj-emballages.com\/de\/#\/schema\/logo\/image\/"},"sameAs":["https:\/\/www.facebook.com\/csjemballages"],"address":{"@type":"PostalAddress","streetAddress":"ZI La Lechere","addressLocality":"Patornay","postalCode":"39130","addressCountry":"FR"},"contactPoint":[{"@type":"ContactPoint","contactType":"Service client","telephone":"0384254272","email":"contact@csj-emballages.com"}]}]}},"df_price":3.22,"df_sale_price":"","df_regular_price":3.22,"df_image_link":"https:\/\/www.csj-emballages.com\/wp-content\/uploads\/2024\/03\/Cuillere2-300x300.webp","tiered_pricing_type":"fixed","tiered_pricing_fixed_rules":[],"tiered_pricing_percentage_rules":[],"tiered_pricing_minimum":1,"tiered_pricing_roles_data":[],"_links":{"self":[{"href":"https:\/\/www.csj-emballages.com\/de\/wp-json\/wp\/v2\/product\/226557","targetHints":{"allow":["GET"]}}],"collection":[{"href":"https:\/\/www.csj-emballages.com\/de\/wp-json\/wp\/v2\/product"}],"about":[{"href":"https:\/\/www.csj-emballages.com\/de\/wp-json\/wp\/v2\/types\/product"}],"wp:featuredmedia":[{"embeddable":true,"href":"https:\/\/www.csj-emballages.com\/de\/wp-json\/wp\/v2\/media\/167919"}],"wp:attachment":[{"href":"https:\/\/www.csj-emballages.com\/de\/wp-json\/wp\/v2\/media?parent=226557"}],"wp:term":[{"taxonomy":"product_brand","embeddable":true,"href":"https:\/\/www.csj-emballages.com\/de\/wp-json\/wp\/v2\/product_brand?post=226557"},{"taxonomy":"product_cat","embeddable":true,"href":"https:\/\/www.csj-emballages.com\/de\/wp-json\/wp\/v2\/product_cat?post=226557"},{"taxonomy":"product_tag","embeddable":true,"href":"https:\/\/www.csj-emballages.com\/de\/wp-json\/wp\/v2\/product_tag?post=226557"}],"curies":[{"name":"wp","href":"https:\/\/api.w.org\/{rel}","templated":true}]}}