{"id":226551,"date":"2024-03-01T16:54:57","date_gmt":"2024-03-01T15:54:57","guid":{"rendered":"https:\/\/www.csj-emballages.com\/produit\/plastikschale-pommes-frites-wurstwaren-125-ml-pro-500\/"},"modified":"2026-04-27T02:11:26","modified_gmt":"2026-04-27T00:11:26","slug":"plastikschale-pommes-frites-wurstwaren-125-ml-pro-500","status":"publish","type":"product","link":"https:\/\/www.csj-emballages.com\/de\/produit\/plastikschale-pommes-frites-wurstwaren-125-ml-pro-500\/","title":{"rendered":"Kunststoffschale 125 ml im 500er-Pack"},"content":{"rendered":"<h2>Plastikschale<\/h2>\n<hr>\n<h3>Entdecken Sie unsere Kunststoffschale 125 ml im 500er-Pack<\/h3>\n<p><!--more--><\/p>\n<p data-start=\"269\" data-end=\"621\">Einfach, effizient und stets n\u00fctzlich: Diese <strong data-start=\"311\" data-end=\"341\">Kunststoffschale 125 ml<\/strong> ist der <strong>kleine Beh\u00e4lter<\/strong>, der den t\u00e4glichen Service wirklich erleichtert. Sie ist ideal, um <strong>Saucen<\/strong>, <strong>Beilagen<\/strong>, <strong>Gew\u00fcrze<\/strong> oder <strong>kleine Portionen<\/strong> anzubieten, ohne zu \u00fcbertreiben. Dank ihres kompakten Formats erm\u00f6glicht sie eine pr\u00e4zise Dosierung \u2013 nicht mehr und nicht weniger.  <\/p>\n<p data-start=\"623\" data-end=\"990\">Ihre <strong>rechteckige Form<\/strong> bietet gute Stabilit\u00e4t, sei es auf einem Tablett, in einer Take-away-T\u00fcte oder auf einem Tisch. Sie l\u00e4sst sich leicht und ohne Spritzer bef\u00fcllen, und ihr stabiler Kunststoff h\u00e4lt das Produkt gut in Form, selbst bei dickfl\u00fcssigeren Zubereitungen wie Saucen, Cremes oder Dips. Das Ergebnis: ein sauberer, schneller und kontrollierter Service.  <\/p>\n<p data-start=\"992\" data-end=\"1293\">Ebenso hebt ihr <strong>leicht transparentes Aussehen<\/strong> den Inhalt hervor. Farben und Texturen bleiben sichtbar, was f\u00fcr den Kunden stets appetitlicher ist. Ob f\u00fcr eine <strong>hausgemachte Sauce<\/strong>, eine <strong>Mayonnaise<\/strong>, eine <strong>Tapenade<\/strong> oder eine <strong>Dessertportion<\/strong> \u2013 diese <strong>Kunststoffschale<\/strong> passt sich problemlos an.  <\/p>\n<p data-start=\"1295\" data-end=\"1664\">Die Verpackung <strong data-start=\"1314\" data-end=\"1332\">im 500er-Pack<\/strong> ist perfekt f\u00fcr Profis, die sie t\u00e4glich verwenden. Sie sparen Zeit, vermeiden Engp\u00e4sse und k\u00f6nnen auch in Sto\u00dfzeiten gelassen arbeiten. Snacks, Food-Trucks, Restaurants, Caterer oder Lieferdienste: Dieses Format findet in jeder K\u00fcche leicht seinen Platz.  <\/p>\n<p data-start=\"1666\" data-end=\"1842\">Zusammenfassend: Diese <strong>Kunststoffschale 125 ml<\/strong> erledigt ihre Aufgabe, ohne die Dinge zu verkomplizieren. Sie ist praktisch, vielseitig und f\u00fcr den intensiven Gebrauch konzipiert, dabei unauff\u00e4llig und effizient. <\/p>\n<p data-start=\"1666\" data-end=\"1842\">\n<p data-start=\"1610\" data-end=\"1809\"><!--more--><\/p>\n<h4 data-start=\"1610\" data-end=\"1809\">Vorteile :<\/h4>\n<ul>\n<li data-start=\"2028\" data-end=\"2066\"><strong>Hitze-<\/strong> und <strong>feuchtigkeitsbest\u00e4ndig<\/strong>.<\/li>\n<li data-start=\"2123\" data-end=\"2172\"><strong>125-ml-Format<\/strong> perfekt f\u00fcr kleine Portionen.<\/li>\n<li data-start=\"2175\" data-end=\"2218\">Ideal f\u00fcr Foodtrucks, Imbisse und St\u00e4nde.<\/li>\n<li data-start=\"2221\" data-end=\"2262\">Praktische Verpackung zu<strong> 500 St\u00fcck<\/strong>.<\/li>\n<li data-start=\"2265\" data-end=\"2306\">Einfache Handhabung und sauberer Transport.<\/li>\n<\/ul>\n<p>&nbsp;<\/p>\n<p><!--more--><\/p>\n<h4>Weitere Informationen :<\/h4>\n<ul>\n<li><strong>Verpackung<\/strong>: Packung mit 500 St\u00fcck<\/li>\n<li><strong>Innenma\u00dfe<\/strong>: 60 x 40 mm (L x B)<\/li>\n<li><strong>Au\u00dfenma\u00dfe <\/strong>: 80 x 60 mm (L x B)<\/li>\n<li><strong>Volumen<\/strong>: 125 ml<\/li>\n<li><strong>Material<\/strong>: Polystyrol PS<\/li>\n<li><strong>Temperatur<\/strong>: -5\u00b0C\/+80\u00b0C<\/li>\n<li><strong>Farbe<\/strong>: Transparent<\/li>\n<\/ul>\n<p>&nbsp;<\/p>\n<p><!--more--><\/p>\n<p>Dieser quadratische Kuchenhalter in Wei\u00df \/ Schwarz ist in verschiedenen Gr\u00f6\u00dfen erh\u00e4ltlich : <span style=\"color: #d12727;\"><a style=\"color: #d12727;\" href=\"https:\/\/www.csj-emballages.com\/de\/produit\/plastikschale-pommes-frites-wurst-250-ml-pro-500\/\"><span style=\"color: #d12727;\">250 ml<\/span><\/a><\/span> \/ <span style=\"color: #d12727;\"><a style=\"color: #d12727;\" href=\"https:\/\/www.csj-emballages.com\/de\/produit\/plastikschale-pommes-frites-wurst-375ml-pro-250\/\">375 ml<\/a><\/span> \/ <span style=\"color: #d12727;\"><a style=\"color: #d12727;\" href=\"https:\/\/www.csj-emballages.com\/de\/produit\/plastikschale-pommes-frites-wurst-500-ml-pro-250\/\">500 ml<\/a><\/span> \/ <span style=\"color: #d12727;\"><a style=\"color: #d12727;\" href=\"https:\/\/www.csj-emballages.com\/de\/produit\/plastikschale-pommes-frites-wurst-750-ml-pro-250\/\">700 ml<\/a> <\/span>\/ <span style=\"color: #d12727;\"><a style=\"color: #d12727;\" href=\"https:\/\/www.csj-emballages.com\/de\/produit\/250-1000-ml-schalen-fuer-pommes-frites-und-wurstwaren\/\">1000 ml<\/a> <\/span>\/ <span style=\"color: #d12727;\"><a style=\"color: #d12727;\" href=\"https:\/\/www.csj-emballages.com\/de\/produit\/plastikschale-pommes-frites-wurstwaren-1500-ml-pro-250\/\">1500 ml<\/a><\/span><\/p>\n<p>&nbsp;<\/p>\n<p><!--more--><\/p>\n<p><a href=\"\/?product_cat=barquette-frites-plastique\">Entdecken Sie den Rest unseres Sortiments an Pommesschalen aus Kunststoff<\/a><\/p>\n","protected":false},"excerpt":{"rendered":"<p>Plastikschale Entdecken Sie unsere Kunststoffschale 125 ml im 500er-Pack<\/p>\n","protected":false},"featured_media":260583,"template":"","meta":{"_acf_changed":false},"product_brand":[],"product_cat":[1137,1134,3944,1474],"product_tag":[],"class_list":{"0":"post-226551","1":"product","2":"type-product","3":"status-publish","4":"has-post-thumbnail","6":"product_cat-lebensmittelverpackungen","7":"product_cat-restauration-de","8":"product_cat-pommes-frites-schalen-aus-kunststoff-caissipack","9":"product_cat-schalen-kartons","11":"first","12":"instock","13":"taxable","14":"shipping-taxable","15":"purchasable","16":"product-type-simple"},"acf":[],"yoast_head":"<!-- This site is optimized with the Yoast SEO Premium plugin v26.6 (Yoast SEO v26.6) - https:\/\/yoast.com\/wordpress\/plugins\/seo\/ -->\n<title>Kunststoffschale 125 ml im 500er-Pack<\/title>\n<meta name=\"description\" content=\"Kunststoffschale 125 ml im 500er-Pack, praktisch und widerstandsf\u00e4hig. Perfekt f\u00fcr den Au\u00dfer-Haus-Verkauf und warme Portionen.\" \/>\n<meta name=\"robots\" content=\"index, follow, max-snippet:-1, max-image-preview:large, max-video-preview:-1\" \/>\n<link rel=\"canonical\" href=\"https:\/\/www.csj-emballages.com\/de\/produit\/plastikschale-pommes-frites-wurstwaren-125-ml-pro-500\/\" \/>\n<meta property=\"og:locale\" content=\"de_DE\" \/>\n<meta property=\"og:type\" content=\"article\" \/>\n<meta property=\"og:title\" content=\"Kunststoffschale 125 ml im 500er-Pack\" \/>\n<meta property=\"og:description\" content=\"Kunststoffschale 125 ml im 500er-Pack, praktisch und widerstandsf\u00e4hig. Perfekt f\u00fcr den Au\u00dfer-Haus-Verkauf und warme Portionen.\" \/>\n<meta property=\"og:url\" content=\"https:\/\/www.csj-emballages.com\/de\/produit\/plastikschale-pommes-frites-wurstwaren-125-ml-pro-500\/\" \/>\n<meta property=\"og:site_name\" content=\"CSJ Emballages\" \/>\n<meta property=\"article:publisher\" content=\"https:\/\/www.facebook.com\/csjemballages\" \/>\n<meta property=\"article:modified_time\" content=\"2026-04-27T00:11:26+00:00\" \/>\n<meta property=\"og:image\" content=\"https:\/\/www.csj-emballages.com\/wp-content\/uploads\/2024\/03\/CH125.webp\" \/>\n\t<meta property=\"og:image:width\" content=\"800\" \/>\n\t<meta property=\"og:image:height\" content=\"800\" \/>\n\t<meta property=\"og:image:type\" content=\"image\/webp\" \/>\n<meta name=\"twitter:card\" content=\"summary_large_image\" \/>\n<meta name=\"twitter:label1\" content=\"Gesch\u00e4tzte Lesezeit\" \/>\n\t<meta name=\"twitter:data1\" content=\"2 Minuten\" \/>\n<script type=\"application\/ld+json\" class=\"yoast-schema-graph\">{\"@context\":\"https:\/\/schema.org\",\"@graph\":[{\"@type\":\"WebPage\",\"@id\":\"https:\/\/www.csj-emballages.com\/de\/produit\/plastikschale-pommes-frites-wurstwaren-125-ml-pro-500\/\",\"url\":\"https:\/\/www.csj-emballages.com\/de\/produit\/plastikschale-pommes-frites-wurstwaren-125-ml-pro-500\/\",\"name\":\"Kunststoffschale 125 ml im 500er-Pack\",\"isPartOf\":{\"@id\":\"https:\/\/www.csj-emballages.com\/de\/#website\"},\"primaryImageOfPage\":{\"@id\":\"https:\/\/www.csj-emballages.com\/de\/produit\/plastikschale-pommes-frites-wurstwaren-125-ml-pro-500\/#primaryimage\"},\"image\":{\"@id\":\"https:\/\/www.csj-emballages.com\/de\/produit\/plastikschale-pommes-frites-wurstwaren-125-ml-pro-500\/#primaryimage\"},\"thumbnailUrl\":\"https:\/\/www.csj-emballages.com\/wp-content\/uploads\/2024\/03\/CH125.webp\",\"datePublished\":\"2024-03-01T15:54:57+00:00\",\"dateModified\":\"2026-04-27T00:11:26+00:00\",\"description\":\"Kunststoffschale 125 ml im 500er-Pack, praktisch und widerstandsf\u00e4hig. Perfekt f\u00fcr den Au\u00dfer-Haus-Verkauf und warme Portionen.\",\"breadcrumb\":{\"@id\":\"https:\/\/www.csj-emballages.com\/de\/produit\/plastikschale-pommes-frites-wurstwaren-125-ml-pro-500\/#breadcrumb\"},\"inLanguage\":\"de\",\"potentialAction\":[{\"@type\":\"ReadAction\",\"target\":[\"https:\/\/www.csj-emballages.com\/de\/produit\/plastikschale-pommes-frites-wurstwaren-125-ml-pro-500\/\"]}]},{\"@type\":\"ImageObject\",\"inLanguage\":\"de\",\"@id\":\"https:\/\/www.csj-emballages.com\/de\/produit\/plastikschale-pommes-frites-wurstwaren-125-ml-pro-500\/#primaryimage\",\"url\":\"https:\/\/www.csj-emballages.com\/wp-content\/uploads\/2024\/03\/CH125.webp\",\"contentUrl\":\"https:\/\/www.csj-emballages.com\/wp-content\/uploads\/2024\/03\/CH125.webp\",\"width\":800,\"height\":800,\"caption\":\"Barquette plastique\"},{\"@type\":\"BreadcrumbList\",\"@id\":\"https:\/\/www.csj-emballages.com\/de\/produit\/plastikschale-pommes-frites-wurstwaren-125-ml-pro-500\/#breadcrumb\",\"itemListElement\":[{\"@type\":\"ListItem\",\"position\":1,\"name\":\"Accueil\",\"item\":\"https:\/\/www.csj-emballages.com\/de\/universum-lebensmittelverpackungen\/\"},{\"@type\":\"ListItem\",\"position\":2,\"name\":\"Shop\",\"item\":\"https:\/\/www.csj-emballages.com\/shop\/\"},{\"@type\":\"ListItem\",\"position\":3,\"name\":\"Kunststoffschale 125 ml im 500er-Pack\"}]},{\"@type\":\"WebSite\",\"@id\":\"https:\/\/www.csj-emballages.com\/de\/#website\",\"url\":\"https:\/\/www.csj-emballages.com\/de\/\",\"name\":\"CSJ Emballages\",\"description\":\"\",\"publisher\":{\"@id\":\"https:\/\/www.csj-emballages.com\/de\/#organization\"},\"potentialAction\":[{\"@type\":\"SearchAction\",\"target\":{\"@type\":\"EntryPoint\",\"urlTemplate\":\"https:\/\/www.csj-emballages.com\/de\/?s={search_term_string}\"},\"query-input\":{\"@type\":\"PropertyValueSpecification\",\"valueRequired\":true,\"valueName\":\"search_term_string\"}}],\"inLanguage\":\"de\"},{\"@type\":\"Organization\",\"@id\":\"https:\/\/www.csj-emballages.com\/de\/#Organization\/\",\"name\":\"CSJ Emballages\",\"url\":\"https:\/\/www.csj-emballages.com\/de\/\",\"logo\":{\"@type\":\"ImageObject\",\"inLanguage\":\"de\",\"@id\":\"https:\/\/www.csj-emballages.com\/de\/#\/schema\/logo\/image\/\",\"url\":\"https:\/\/www.csj-emballages.com\/wp-content\/uploads\/2023\/10\/logo_csj.webp\",\"contentUrl\":\"https:\/\/www.csj-emballages.com\/wp-content\/uploads\/2023\/10\/logo_csj.webp\",\"width\":250,\"height\":95,\"caption\":\"CSJ Emballages\"},\"image\":{\"@id\":\"https:\/\/www.csj-emballages.com\/de\/#\/schema\/logo\/image\/\"},\"sameAs\":[\"https:\/\/www.facebook.com\/csjemballages\"],\"address\":{\"@type\":\"PostalAddress\",\"streetAddress\":\"ZI La Lechere\",\"addressLocality\":\"Patornay\",\"postalCode\":\"39130\",\"addressCountry\":\"FR\"},\"contactPoint\":[{\"@type\":\"ContactPoint\",\"contactType\":\"Service client\",\"telephone\":\"0384254272\",\"email\":\"contact@csj-emballages.com\"}]}]}<\/script>\n<!-- \/ Yoast SEO Premium plugin. -->","yoast_head_json":{"title":"Kunststoffschale 125 ml im 500er-Pack","description":"Kunststoffschale 125 ml im 500er-Pack, praktisch und widerstandsf\u00e4hig. Perfekt f\u00fcr den Au\u00dfer-Haus-Verkauf und warme Portionen.","robots":{"index":"index","follow":"follow","max-snippet":"max-snippet:-1","max-image-preview":"max-image-preview:large","max-video-preview":"max-video-preview:-1"},"canonical":"https:\/\/www.csj-emballages.com\/de\/produit\/plastikschale-pommes-frites-wurstwaren-125-ml-pro-500\/","og_locale":"de_DE","og_type":"article","og_title":"Kunststoffschale 125 ml im 500er-Pack","og_description":"Kunststoffschale 125 ml im 500er-Pack, praktisch und widerstandsf\u00e4hig. Perfekt f\u00fcr den Au\u00dfer-Haus-Verkauf und warme Portionen.","og_url":"https:\/\/www.csj-emballages.com\/de\/produit\/plastikschale-pommes-frites-wurstwaren-125-ml-pro-500\/","og_site_name":"CSJ Emballages","article_publisher":"https:\/\/www.facebook.com\/csjemballages","article_modified_time":"2026-04-27T00:11:26+00:00","og_image":[{"width":800,"height":800,"url":"https:\/\/www.csj-emballages.com\/wp-content\/uploads\/2024\/03\/CH125.webp","type":"image\/webp"}],"twitter_card":"summary_large_image","twitter_misc":{"Gesch\u00e4tzte Lesezeit":"2 Minuten"},"schema":{"@context":"https:\/\/schema.org","@graph":[{"@type":"WebPage","@id":"https:\/\/www.csj-emballages.com\/de\/produit\/plastikschale-pommes-frites-wurstwaren-125-ml-pro-500\/","url":"https:\/\/www.csj-emballages.com\/de\/produit\/plastikschale-pommes-frites-wurstwaren-125-ml-pro-500\/","name":"Kunststoffschale 125 ml im 500er-Pack","isPartOf":{"@id":"https:\/\/www.csj-emballages.com\/de\/#website"},"primaryImageOfPage":{"@id":"https:\/\/www.csj-emballages.com\/de\/produit\/plastikschale-pommes-frites-wurstwaren-125-ml-pro-500\/#primaryimage"},"image":{"@id":"https:\/\/www.csj-emballages.com\/de\/produit\/plastikschale-pommes-frites-wurstwaren-125-ml-pro-500\/#primaryimage"},"thumbnailUrl":"https:\/\/www.csj-emballages.com\/wp-content\/uploads\/2024\/03\/CH125.webp","datePublished":"2024-03-01T15:54:57+00:00","dateModified":"2026-04-27T00:11:26+00:00","description":"Kunststoffschale 125 ml im 500er-Pack, praktisch und widerstandsf\u00e4hig. Perfekt f\u00fcr den Au\u00dfer-Haus-Verkauf und warme Portionen.","breadcrumb":{"@id":"https:\/\/www.csj-emballages.com\/de\/produit\/plastikschale-pommes-frites-wurstwaren-125-ml-pro-500\/#breadcrumb"},"inLanguage":"de","potentialAction":[{"@type":"ReadAction","target":["https:\/\/www.csj-emballages.com\/de\/produit\/plastikschale-pommes-frites-wurstwaren-125-ml-pro-500\/"]}]},{"@type":"ImageObject","inLanguage":"de","@id":"https:\/\/www.csj-emballages.com\/de\/produit\/plastikschale-pommes-frites-wurstwaren-125-ml-pro-500\/#primaryimage","url":"https:\/\/www.csj-emballages.com\/wp-content\/uploads\/2024\/03\/CH125.webp","contentUrl":"https:\/\/www.csj-emballages.com\/wp-content\/uploads\/2024\/03\/CH125.webp","width":800,"height":800,"caption":"Barquette plastique"},{"@type":"BreadcrumbList","@id":"https:\/\/www.csj-emballages.com\/de\/produit\/plastikschale-pommes-frites-wurstwaren-125-ml-pro-500\/#breadcrumb","itemListElement":[{"@type":"ListItem","position":1,"name":"Accueil","item":"https:\/\/www.csj-emballages.com\/de\/universum-lebensmittelverpackungen\/"},{"@type":"ListItem","position":2,"name":"Shop","item":"https:\/\/www.csj-emballages.com\/shop\/"},{"@type":"ListItem","position":3,"name":"Kunststoffschale 125 ml im 500er-Pack"}]},{"@type":"WebSite","@id":"https:\/\/www.csj-emballages.com\/de\/#website","url":"https:\/\/www.csj-emballages.com\/de\/","name":"CSJ Emballages","description":"","publisher":{"@id":"https:\/\/www.csj-emballages.com\/de\/#organization"},"potentialAction":[{"@type":"SearchAction","target":{"@type":"EntryPoint","urlTemplate":"https:\/\/www.csj-emballages.com\/de\/?s={search_term_string}"},"query-input":{"@type":"PropertyValueSpecification","valueRequired":true,"valueName":"search_term_string"}}],"inLanguage":"de"},{"@type":"Organization","@id":"https:\/\/www.csj-emballages.com\/de\/#Organization\/","name":"CSJ Emballages","url":"https:\/\/www.csj-emballages.com\/de\/","logo":{"@type":"ImageObject","inLanguage":"de","@id":"https:\/\/www.csj-emballages.com\/de\/#\/schema\/logo\/image\/","url":"https:\/\/www.csj-emballages.com\/wp-content\/uploads\/2023\/10\/logo_csj.webp","contentUrl":"https:\/\/www.csj-emballages.com\/wp-content\/uploads\/2023\/10\/logo_csj.webp","width":250,"height":95,"caption":"CSJ Emballages"},"image":{"@id":"https:\/\/www.csj-emballages.com\/de\/#\/schema\/logo\/image\/"},"sameAs":["https:\/\/www.facebook.com\/csjemballages"],"address":{"@type":"PostalAddress","streetAddress":"ZI La Lechere","addressLocality":"Patornay","postalCode":"39130","addressCountry":"FR"},"contactPoint":[{"@type":"ContactPoint","contactType":"Service client","telephone":"0384254272","email":"contact@csj-emballages.com"}]}]}},"df_price":8.47,"df_sale_price":"","df_regular_price":8.47,"df_image_link":"https:\/\/www.csj-emballages.com\/wp-content\/uploads\/2024\/03\/CH125-300x300.webp","tiered_pricing_type":"fixed","tiered_pricing_fixed_rules":[],"tiered_pricing_percentage_rules":[],"tiered_pricing_minimum":1,"tiered_pricing_roles_data":[],"_links":{"self":[{"href":"https:\/\/www.csj-emballages.com\/de\/wp-json\/wp\/v2\/product\/226551","targetHints":{"allow":["GET"]}}],"collection":[{"href":"https:\/\/www.csj-emballages.com\/de\/wp-json\/wp\/v2\/product"}],"about":[{"href":"https:\/\/www.csj-emballages.com\/de\/wp-json\/wp\/v2\/types\/product"}],"wp:featuredmedia":[{"embeddable":true,"href":"https:\/\/www.csj-emballages.com\/de\/wp-json\/wp\/v2\/media\/260583"}],"wp:attachment":[{"href":"https:\/\/www.csj-emballages.com\/de\/wp-json\/wp\/v2\/media?parent=226551"}],"wp:term":[{"taxonomy":"product_brand","embeddable":true,"href":"https:\/\/www.csj-emballages.com\/de\/wp-json\/wp\/v2\/product_brand?post=226551"},{"taxonomy":"product_cat","embeddable":true,"href":"https:\/\/www.csj-emballages.com\/de\/wp-json\/wp\/v2\/product_cat?post=226551"},{"taxonomy":"product_tag","embeddable":true,"href":"https:\/\/www.csj-emballages.com\/de\/wp-json\/wp\/v2\/product_tag?post=226551"}],"curies":[{"name":"wp","href":"https:\/\/api.w.org\/{rel}","templated":true}]}}