{"id":22647,"date":"2024-03-01T16:50:29","date_gmt":"2024-03-01T15:50:29","guid":{"rendered":"https:\/\/u15jnbdpoq.preview.infomaniak.website\/produit\/25-kraft-salatschalen-pet-deckel-1000-ml\/"},"modified":"2026-05-05T02:17:58","modified_gmt":"2026-05-05T00:17:58","slug":"25-kraft-salatschalen-pet-deckel-1000-ml","status":"publish","type":"product","link":"https:\/\/www.csj-emballages.com\/de\/produit\/25-kraft-salatschalen-pet-deckel-1000-ml\/","title":{"rendered":"Salatsch\u00fcssel Karton + Deckel PET 1000 ml pro 25"},"content":{"rendered":"<h2>Salatschale<\/h2>\n<hr>\n<h3>Beschreibung unserer Sch\u00fcssel Salat Karton + Deckel PET 1000 ml pro 25<\/h3>\n<p><!--more--><\/p>\n<p data-start=\"208\" data-end=\"629\">Wenn die Portionen immer gro\u00dfz\u00fcgiger werden, braucht man einen Beh\u00e4lter, der mithalten kann. Diese <strong data-start=\"298\" data-end=\"333\">1000-ml-Salatsch\u00fcssel aus Karton<\/strong> mit ihrem <strong data-start=\"353\" data-end=\"382\">durchsichtigen PET-Deckel<\/strong> erf\u00fcllt perfekt die Bed\u00fcrfnisse von Profis, die komplette Gerichte zum Mitnehmen anbieten. Schon auf den ersten Blick hebt sie die Rezepte durch ihren klaren Deckel hervor, der die Farben und die Frische der Zutaten erkennen l\u00e4sst.  <\/p>\n<p data-start=\"631\" data-end=\"997\">Denn mit ihrem <strong>gro\u00dfen Fassungsverm\u00f6gen<\/strong> ist diese <strong>Sch\u00fcssel<\/strong> ideal f\u00fcr gut gef\u00fcllte Mahlzeitensalate, <strong>Pok\u00e9 Bowls<\/strong>, <strong>kalte Platten<\/strong>, <strong>Crousty<\/strong> oder auch<strong> Nudeln<\/strong> oder gemischte Zubereitungen. Die dicke Pappe sorgt f\u00fcr einen sicheren Halt, auch wenn die Sch\u00fcssel gut gef\u00fcllt ist. Sie liegt stabil in der Hand und verformt sich nicht w\u00e4hrend des Transports, was sowohl dem Profi als auch dem Kunden Sicherheit gibt.  <\/p>\n<p data-start=\"999\" data-end=\"1315\">Ebenso l\u00e4sst sich der <strong>PET-Deckel<\/strong> leicht anklipsen und h\u00e4lt fest. So k\u00f6nnen die Gerichte stressfrei transportiert werden, egal ob zum Mitnehmen, Ausliefern oder f\u00fcr den Verzehr unterwegs. Au\u00dferdem bringt die Transparenz einen echten visuellen Vorteil: Der Inhalt spricht f\u00fcr sich selbst, ohne dass man die Sch\u00fcssel \u00f6ffnen muss.  <\/p>\n<p data-start=\"1317\" data-end=\"1633\">Dieses Format wird <strong data-start=\"1323\" data-end=\"1340\">in Packungen zu 25 St\u00fcck<\/strong> verkauft und eignet sich perfekt f\u00fcr die Verwaltung von Vorr\u00e4ten, ohne den Lagerraum zu \u00fcberf\u00fcllen. Sie eignet sich auch f\u00fcr Restaurants, Catering, Salatbars, Food Trucks oder Eventk\u00fcchen. Einfach zu verwenden, vielseitig einsetzbar und sch\u00f6n anzusehen, wird diese Sch\u00fcssel schnell zu einem Verb\u00fcndeten im Alltag.  <\/p>\n<p data-start=\"1635\" data-end=\"1770\">Zusammenfassend l\u00e4sst sich sagen, dass die <strong>1000-ml-Salatsch\u00fcssel<\/strong> die ideale L\u00f6sung ist, um komplette Portionen anzubieten, die gut pr\u00e4sentiert und leicht zu transportieren sind.<\/p>\n<p><!--more--><\/p>\n<p><strong><span style=\"color: #ff0000;\">*Der Deckel ist nicht f\u00fcr die Mikrowelle geeignet.<\/span><\/strong><\/p>\n<p>&nbsp;<\/p>\n<p><!--more--><\/p>\n<p><strong>Vorteile :<\/strong><\/p>\n<ul>\n<li data-start=\"1850\" data-end=\"1880\">Idealer Inhalt von <strong>1000 ml.<\/strong><\/li>\n<li data-start=\"1883\" data-end=\"1930\">Sch\u00fcssel aus festem Karton, der angenehm zu handhaben ist.<\/li>\n<li data-start=\"1933\" data-end=\"1989\"><strong>Durchsichtiger PET-Deckel<\/strong> f\u00fcr eine sch\u00f6ne Pr\u00e4sentation.<\/li>\n<li data-start=\"1992\" data-end=\"2029\">Zuverl\u00e4ssiger Verschluss f\u00fcr den Transport.<\/li>\n<li data-start=\"2032\" data-end=\"2077\">Geeignet f\u00fcr Salate, kalte oder lauwarme Gerichte.<\/li>\n<li data-start=\"2080\" data-end=\"2114\"><strong>25er-Set<\/strong>, praktisch und preiswert.<\/li>\n<\/ul>\n<p>&nbsp;<\/p>\n<p><!--more--><\/p>\n<h4>Weitere Informationen :<\/h4>\n<ul>\n<li><strong>Verpackung<\/strong>: Packung mit 25 St\u00fcck<\/li>\n<li><strong>Volumen<\/strong>: 1000 ml<\/li>\n<li><strong>Material<\/strong>: Karton \/ PET<\/li>\n<li><strong>Farbe<\/strong>: Braun<\/li>\n<li><strong>Nutzung<\/strong>: Kalt \/ Warm<\/li>\n<\/ul>\n<p>&nbsp;<\/p>\n<p><!--more--><\/p>\n<p>Dieses Produkt ist in verschiedenen Gr\u00f6\u00dfen erh\u00e4ltlich : <span style=\"color: #d12727;\"><a style=\"color: #d12727;\" href=\"https:\/\/www.csj-emballages.com\/produit\/25-bols-salades-kraft-couvercles-pet-500-ml\/\">500 ml<\/a><\/span> \/ <span style=\"color: #d12727;\"><a style=\"color: #d12727;\" href=\"https:\/\/www.csj-emballages.com\/produit\/25-bols-salades-kraft-couvercles-pet-750-ml\/\">750 ml<\/a><\/span> \/ <span style=\"color: #d12727;\"><a style=\"color: #d12727;\" href=\"https:\/\/www.csj-emballages.com\/produit\/25-bols-salades-kraft-couvercles-pet-1100-ml\/\">1100 ml<\/a><\/span> \/ <span style=\"color: #d12727;\"><a style=\"color: #d12727;\" href=\"https:\/\/www.csj-emballages.com\/produit\/25-bols-salades-kraft-couvercles-pet-1300-ml\/\">1300 ml<\/a><\/span><\/p>\n<p>&nbsp;<\/p>\n<p><!--more--><\/p>\n<p><a href=\"\/?product_cat=pots-salade-kraft\">Sehen Sie sich den Rest unseres Sortiments an Kraft-Salatbeh\u00e4ltern an<\/a><\/p>\n","protected":false},"excerpt":{"rendered":"<p>Salatschale Beschreibung unserer Sch\u00fcssel Salat Karton + Deckel PET 1000 ml pro 25<\/p>\n","protected":false},"featured_media":203420,"template":"","meta":{"_acf_changed":false},"product_brand":[],"product_cat":[1137,1134,3149],"product_tag":[],"class_list":{"0":"post-22647","1":"product","2":"type-product","3":"status-publish","4":"has-post-thumbnail","6":"product_cat-lebensmittelverpackungen","7":"product_cat-restauration-de","8":"product_cat-kraft-salattopfe","10":"first","11":"instock","12":"taxable","13":"shipping-taxable","14":"purchasable","15":"product-type-simple"},"acf":[],"yoast_head":"<!-- This site is optimized with the Yoast SEO Premium plugin v26.6 (Yoast SEO v26.6) - https:\/\/yoast.com\/wordpress\/plugins\/seo\/ -->\n<title>Salatsch\u00fcssel aus Pappe + PET-Deckel - 1000 ml<\/title>\n<meta name=\"description\" content=\"1000ml Papp-Salatsch\u00fcssel mit PET-Deckel: praktisch, umweltfreundlich, widerstandsf\u00e4hig und luftdicht. Ideal f\u00fcr alle Ihre Gerichte zum Mitnehmen!\" \/>\n<meta name=\"robots\" content=\"index, follow, max-snippet:-1, max-image-preview:large, max-video-preview:-1\" \/>\n<link rel=\"canonical\" href=\"https:\/\/www.csj-emballages.com\/de\/produit\/25-kraft-salatschalen-pet-deckel-1000-ml\/\" \/>\n<meta property=\"og:locale\" content=\"de_DE\" \/>\n<meta property=\"og:type\" content=\"article\" \/>\n<meta property=\"og:title\" content=\"Salatsch\u00fcssel Karton + Deckel PET 1000 ml pro 25\" \/>\n<meta property=\"og:description\" content=\"1000ml Papp-Salatsch\u00fcssel mit PET-Deckel: praktisch, umweltfreundlich, widerstandsf\u00e4hig und luftdicht. Ideal f\u00fcr alle Ihre Gerichte zum Mitnehmen!\" \/>\n<meta property=\"og:url\" content=\"https:\/\/www.csj-emballages.com\/de\/produit\/25-kraft-salatschalen-pet-deckel-1000-ml\/\" \/>\n<meta property=\"og:site_name\" content=\"CSJ Emballages\" \/>\n<meta property=\"article:publisher\" content=\"https:\/\/www.facebook.com\/csjemballages\" \/>\n<meta property=\"article:modified_time\" content=\"2026-05-05T00:17:58+00:00\" \/>\n<meta property=\"og:image\" content=\"https:\/\/www.csj-emballages.com\/wp-content\/uploads\/2024\/03\/Bol-salade.webp\" \/>\n\t<meta property=\"og:image:width\" content=\"800\" \/>\n\t<meta property=\"og:image:height\" content=\"800\" \/>\n\t<meta property=\"og:image:type\" content=\"image\/webp\" \/>\n<meta name=\"twitter:card\" content=\"summary_large_image\" \/>\n<meta name=\"twitter:label1\" content=\"Gesch\u00e4tzte Lesezeit\" \/>\n\t<meta name=\"twitter:data1\" content=\"2 Minuten\" \/>\n<script type=\"application\/ld+json\" class=\"yoast-schema-graph\">{\"@context\":\"https:\/\/schema.org\",\"@graph\":[{\"@type\":\"WebPage\",\"@id\":\"https:\/\/www.csj-emballages.com\/de\/produit\/25-kraft-salatschalen-pet-deckel-1000-ml\/\",\"url\":\"https:\/\/www.csj-emballages.com\/de\/produit\/25-kraft-salatschalen-pet-deckel-1000-ml\/\",\"name\":\"Salatsch\u00fcssel aus Pappe + PET-Deckel - 1000 ml\",\"isPartOf\":{\"@id\":\"https:\/\/www.csj-emballages.com\/de\/#website\"},\"primaryImageOfPage\":{\"@id\":\"https:\/\/www.csj-emballages.com\/de\/produit\/25-kraft-salatschalen-pet-deckel-1000-ml\/#primaryimage\"},\"image\":{\"@id\":\"https:\/\/www.csj-emballages.com\/de\/produit\/25-kraft-salatschalen-pet-deckel-1000-ml\/#primaryimage\"},\"thumbnailUrl\":\"https:\/\/www.csj-emballages.com\/wp-content\/uploads\/2024\/03\/Bol-salade.webp\",\"datePublished\":\"2024-03-01T15:50:29+00:00\",\"dateModified\":\"2026-05-05T00:17:58+00:00\",\"description\":\"1000ml Papp-Salatsch\u00fcssel mit PET-Deckel: praktisch, umweltfreundlich, widerstandsf\u00e4hig und luftdicht. Ideal f\u00fcr alle Ihre Gerichte zum Mitnehmen!\",\"breadcrumb\":{\"@id\":\"https:\/\/www.csj-emballages.com\/de\/produit\/25-kraft-salatschalen-pet-deckel-1000-ml\/#breadcrumb\"},\"inLanguage\":\"de\",\"potentialAction\":[{\"@type\":\"ReadAction\",\"target\":[\"https:\/\/www.csj-emballages.com\/de\/produit\/25-kraft-salatschalen-pet-deckel-1000-ml\/\"]}]},{\"@type\":\"ImageObject\",\"inLanguage\":\"de\",\"@id\":\"https:\/\/www.csj-emballages.com\/de\/produit\/25-kraft-salatschalen-pet-deckel-1000-ml\/#primaryimage\",\"url\":\"https:\/\/www.csj-emballages.com\/wp-content\/uploads\/2024\/03\/Bol-salade.webp\",\"contentUrl\":\"https:\/\/www.csj-emballages.com\/wp-content\/uploads\/2024\/03\/Bol-salade.webp\",\"width\":800,\"height\":800,\"caption\":\"bol salade\"},{\"@type\":\"BreadcrumbList\",\"@id\":\"https:\/\/www.csj-emballages.com\/de\/produit\/25-kraft-salatschalen-pet-deckel-1000-ml\/#breadcrumb\",\"itemListElement\":[{\"@type\":\"ListItem\",\"position\":1,\"name\":\"Accueil\",\"item\":\"https:\/\/www.csj-emballages.com\/de\/universum-lebensmittelverpackungen\/\"},{\"@type\":\"ListItem\",\"position\":2,\"name\":\"Shop\",\"item\":\"https:\/\/www.csj-emballages.com\/shop\/\"},{\"@type\":\"ListItem\",\"position\":3,\"name\":\"Salatsch\u00fcssel Karton + Deckel PET 1000 ml pro 25\"}]},{\"@type\":\"WebSite\",\"@id\":\"https:\/\/www.csj-emballages.com\/de\/#website\",\"url\":\"https:\/\/www.csj-emballages.com\/de\/\",\"name\":\"CSJ Emballages\",\"description\":\"\",\"publisher\":{\"@id\":\"https:\/\/www.csj-emballages.com\/de\/#organization\"},\"potentialAction\":[{\"@type\":\"SearchAction\",\"target\":{\"@type\":\"EntryPoint\",\"urlTemplate\":\"https:\/\/www.csj-emballages.com\/de\/?s={search_term_string}\"},\"query-input\":{\"@type\":\"PropertyValueSpecification\",\"valueRequired\":true,\"valueName\":\"search_term_string\"}}],\"inLanguage\":\"de\"},{\"@type\":\"Organization\",\"@id\":\"https:\/\/www.csj-emballages.com\/de\/#Organization\/\",\"name\":\"CSJ Emballages\",\"url\":\"https:\/\/www.csj-emballages.com\/de\/\",\"logo\":{\"@type\":\"ImageObject\",\"inLanguage\":\"de\",\"@id\":\"https:\/\/www.csj-emballages.com\/de\/#\/schema\/logo\/image\/\",\"url\":\"https:\/\/www.csj-emballages.com\/wp-content\/uploads\/2023\/10\/logo_csj.webp\",\"contentUrl\":\"https:\/\/www.csj-emballages.com\/wp-content\/uploads\/2023\/10\/logo_csj.webp\",\"width\":250,\"height\":95,\"caption\":\"CSJ Emballages\"},\"image\":{\"@id\":\"https:\/\/www.csj-emballages.com\/de\/#\/schema\/logo\/image\/\"},\"sameAs\":[\"https:\/\/www.facebook.com\/csjemballages\"],\"address\":{\"@type\":\"PostalAddress\",\"streetAddress\":\"ZI La Lechere\",\"addressLocality\":\"Patornay\",\"postalCode\":\"39130\",\"addressCountry\":\"FR\"},\"contactPoint\":[{\"@type\":\"ContactPoint\",\"contactType\":\"Service client\",\"telephone\":\"0384254272\",\"email\":\"contact@csj-emballages.com\"}]}]}<\/script>\n<!-- \/ Yoast SEO Premium plugin. -->","yoast_head_json":{"title":"Salatsch\u00fcssel aus Pappe + PET-Deckel - 1000 ml","description":"1000ml Papp-Salatsch\u00fcssel mit PET-Deckel: praktisch, umweltfreundlich, widerstandsf\u00e4hig und luftdicht. Ideal f\u00fcr alle Ihre Gerichte zum Mitnehmen!","robots":{"index":"index","follow":"follow","max-snippet":"max-snippet:-1","max-image-preview":"max-image-preview:large","max-video-preview":"max-video-preview:-1"},"canonical":"https:\/\/www.csj-emballages.com\/de\/produit\/25-kraft-salatschalen-pet-deckel-1000-ml\/","og_locale":"de_DE","og_type":"article","og_title":"Salatsch\u00fcssel Karton + Deckel PET 1000 ml pro 25","og_description":"1000ml Papp-Salatsch\u00fcssel mit PET-Deckel: praktisch, umweltfreundlich, widerstandsf\u00e4hig und luftdicht. Ideal f\u00fcr alle Ihre Gerichte zum Mitnehmen!","og_url":"https:\/\/www.csj-emballages.com\/de\/produit\/25-kraft-salatschalen-pet-deckel-1000-ml\/","og_site_name":"CSJ Emballages","article_publisher":"https:\/\/www.facebook.com\/csjemballages","article_modified_time":"2026-05-05T00:17:58+00:00","og_image":[{"width":800,"height":800,"url":"https:\/\/www.csj-emballages.com\/wp-content\/uploads\/2024\/03\/Bol-salade.webp","type":"image\/webp"}],"twitter_card":"summary_large_image","twitter_misc":{"Gesch\u00e4tzte Lesezeit":"2 Minuten"},"schema":{"@context":"https:\/\/schema.org","@graph":[{"@type":"WebPage","@id":"https:\/\/www.csj-emballages.com\/de\/produit\/25-kraft-salatschalen-pet-deckel-1000-ml\/","url":"https:\/\/www.csj-emballages.com\/de\/produit\/25-kraft-salatschalen-pet-deckel-1000-ml\/","name":"Salatsch\u00fcssel aus Pappe + PET-Deckel - 1000 ml","isPartOf":{"@id":"https:\/\/www.csj-emballages.com\/de\/#website"},"primaryImageOfPage":{"@id":"https:\/\/www.csj-emballages.com\/de\/produit\/25-kraft-salatschalen-pet-deckel-1000-ml\/#primaryimage"},"image":{"@id":"https:\/\/www.csj-emballages.com\/de\/produit\/25-kraft-salatschalen-pet-deckel-1000-ml\/#primaryimage"},"thumbnailUrl":"https:\/\/www.csj-emballages.com\/wp-content\/uploads\/2024\/03\/Bol-salade.webp","datePublished":"2024-03-01T15:50:29+00:00","dateModified":"2026-05-05T00:17:58+00:00","description":"1000ml Papp-Salatsch\u00fcssel mit PET-Deckel: praktisch, umweltfreundlich, widerstandsf\u00e4hig und luftdicht. Ideal f\u00fcr alle Ihre Gerichte zum Mitnehmen!","breadcrumb":{"@id":"https:\/\/www.csj-emballages.com\/de\/produit\/25-kraft-salatschalen-pet-deckel-1000-ml\/#breadcrumb"},"inLanguage":"de","potentialAction":[{"@type":"ReadAction","target":["https:\/\/www.csj-emballages.com\/de\/produit\/25-kraft-salatschalen-pet-deckel-1000-ml\/"]}]},{"@type":"ImageObject","inLanguage":"de","@id":"https:\/\/www.csj-emballages.com\/de\/produit\/25-kraft-salatschalen-pet-deckel-1000-ml\/#primaryimage","url":"https:\/\/www.csj-emballages.com\/wp-content\/uploads\/2024\/03\/Bol-salade.webp","contentUrl":"https:\/\/www.csj-emballages.com\/wp-content\/uploads\/2024\/03\/Bol-salade.webp","width":800,"height":800,"caption":"bol salade"},{"@type":"BreadcrumbList","@id":"https:\/\/www.csj-emballages.com\/de\/produit\/25-kraft-salatschalen-pet-deckel-1000-ml\/#breadcrumb","itemListElement":[{"@type":"ListItem","position":1,"name":"Accueil","item":"https:\/\/www.csj-emballages.com\/de\/universum-lebensmittelverpackungen\/"},{"@type":"ListItem","position":2,"name":"Shop","item":"https:\/\/www.csj-emballages.com\/shop\/"},{"@type":"ListItem","position":3,"name":"Salatsch\u00fcssel Karton + Deckel PET 1000 ml pro 25"}]},{"@type":"WebSite","@id":"https:\/\/www.csj-emballages.com\/de\/#website","url":"https:\/\/www.csj-emballages.com\/de\/","name":"CSJ Emballages","description":"","publisher":{"@id":"https:\/\/www.csj-emballages.com\/de\/#organization"},"potentialAction":[{"@type":"SearchAction","target":{"@type":"EntryPoint","urlTemplate":"https:\/\/www.csj-emballages.com\/de\/?s={search_term_string}"},"query-input":{"@type":"PropertyValueSpecification","valueRequired":true,"valueName":"search_term_string"}}],"inLanguage":"de"},{"@type":"Organization","@id":"https:\/\/www.csj-emballages.com\/de\/#Organization\/","name":"CSJ Emballages","url":"https:\/\/www.csj-emballages.com\/de\/","logo":{"@type":"ImageObject","inLanguage":"de","@id":"https:\/\/www.csj-emballages.com\/de\/#\/schema\/logo\/image\/","url":"https:\/\/www.csj-emballages.com\/wp-content\/uploads\/2023\/10\/logo_csj.webp","contentUrl":"https:\/\/www.csj-emballages.com\/wp-content\/uploads\/2023\/10\/logo_csj.webp","width":250,"height":95,"caption":"CSJ Emballages"},"image":{"@id":"https:\/\/www.csj-emballages.com\/de\/#\/schema\/logo\/image\/"},"sameAs":["https:\/\/www.facebook.com\/csjemballages"],"address":{"@type":"PostalAddress","streetAddress":"ZI La Lechere","addressLocality":"Patornay","postalCode":"39130","addressCountry":"FR"},"contactPoint":[{"@type":"ContactPoint","contactType":"Service client","telephone":"0384254272","email":"contact@csj-emballages.com"}]}]}},"df_price":6.92,"df_sale_price":"","df_regular_price":6.92,"df_image_link":"https:\/\/www.csj-emballages.com\/wp-content\/uploads\/2024\/03\/Bol-salade-300x300.webp","tiered_pricing_type":"fixed","tiered_pricing_fixed_rules":[],"tiered_pricing_percentage_rules":[],"tiered_pricing_minimum":1,"tiered_pricing_roles_data":[],"_links":{"self":[{"href":"https:\/\/www.csj-emballages.com\/de\/wp-json\/wp\/v2\/product\/22647","targetHints":{"allow":["GET"]}}],"collection":[{"href":"https:\/\/www.csj-emballages.com\/de\/wp-json\/wp\/v2\/product"}],"about":[{"href":"https:\/\/www.csj-emballages.com\/de\/wp-json\/wp\/v2\/types\/product"}],"wp:featuredmedia":[{"embeddable":true,"href":"https:\/\/www.csj-emballages.com\/de\/wp-json\/wp\/v2\/media\/203420"}],"wp:attachment":[{"href":"https:\/\/www.csj-emballages.com\/de\/wp-json\/wp\/v2\/media?parent=22647"}],"wp:term":[{"taxonomy":"product_brand","embeddable":true,"href":"https:\/\/www.csj-emballages.com\/de\/wp-json\/wp\/v2\/product_brand?post=22647"},{"taxonomy":"product_cat","embeddable":true,"href":"https:\/\/www.csj-emballages.com\/de\/wp-json\/wp\/v2\/product_cat?post=22647"},{"taxonomy":"product_tag","embeddable":true,"href":"https:\/\/www.csj-emballages.com\/de\/wp-json\/wp\/v2\/product_tag?post=22647"}],"curies":[{"name":"wp","href":"https:\/\/api.w.org\/{rel}","templated":true}]}}