{"id":22620,"date":"2024-03-01T16:50:27","date_gmt":"2024-03-01T15:50:27","guid":{"rendered":"https:\/\/u15jnbdpoq.preview.infomaniak.website\/produit\/45-kalte-runde-plastikbecher-rohkost-720-ml\/"},"modified":"2026-04-18T02:15:57","modified_gmt":"2026-04-18T00:15:57","slug":"45-kalte-runde-plastikbecher-rohkost-720-ml","status":"publish","type":"product","link":"https:\/\/www.csj-emballages.com\/de\/produit\/45-kalte-runde-plastikbecher-rohkost-720-ml\/","title":{"rendered":"Rundtopf aus Kunststoff 720 ml pro 45"},"content":{"rendered":"<h2>Runder Topf aus Kunststoff<\/h2>\n<hr>\n<h3>Beschreibung unseres runden Kunststoffbeh\u00e4lters 720 ml im 45er-Pack<\/h3>\n<p><!--more--><\/p>\n<p data-start=\"279\" data-end=\"684\">Wenn Sie einen einfachen, aber wirklich praktischen Beh\u00e4lter suchen, ist dieser <strong data-start=\"343\" data-end=\"372\">runde Kunststoffbeh\u00e4lter 720 ml<\/strong> genau das Richtige. Transparent, leicht und einfach zu handhaben, erm\u00f6glicht er es Ihnen, Ihre Zubereitungen sauber und ordentlich zu pr\u00e4sentieren, ohne dabei aufdringlich zu wirken. Dank seiner <strong>runden<\/strong> Form findet alles seinen nat\u00fcrlichen Platz: Salate, kalte Speisen, Desserts, geschnittenes Obst oder hausgemachte Zubereitungen passen problemlos hinein.<\/p>\n<p data-start=\"686\" data-end=\"1029\">Sein entscheidender Vorteil ist die <strong data-start=\"722\" data-end=\"738\">Transparenz<\/strong>. Sie hebt den Inhalt sofort hervor, was den Kunden beruhigt und Appetit macht. Auf einen Blick sehen Sie, was sich darin befindet, ohne ihn \u00f6ffnen zu m\u00fcssen. Das ist besonders praktisch f\u00fcr den Au\u00dfer-Haus-Verkauf, K\u00fchlvitrinen oder vorab zubereitete Bestellungen.<\/p>\n<p data-start=\"1031\" data-end=\"1401\">Ebenso ist dieser <strong>Rohkostbeh\u00e4lter<\/strong> im Alltag angenehm zu verwenden. Er l\u00e4sst sich leicht bef\u00fcllen, m\u00fchelos handhaben und platzsparend stapeln. Das Ergebnis: Sie sparen Zeit beim Servieren und optimieren Ihren Lagerplatz. Das <strong>720 ml<\/strong>-Format ist ideal, weder zu klein noch zu gro\u00df, was die Pr\u00e4sentation ausgewogener und ansprechender Portionen erm\u00f6glicht.   <\/p>\n<p data-start=\"1403\" data-end=\"1653\">Verkauft <strong data-start=\"1409\" data-end=\"1426\">im 45er-Pack<\/strong>, eignet er sich sowohl f\u00fcr Gastronomieprofis als auch f\u00fcr Caterer, Imbisse, Salatbars oder Lebensmittelgesch\u00e4fte. Es ist eine zuverl\u00e4ssige L\u00f6sung, um effizient zu arbeiten, ohne unn\u00f6tige Verpackungsvielfalt.<\/p>\n<p data-start=\"1655\" data-end=\"1825\">Zusammenfassend ist dieser <strong>runde Kunststoffbecher<\/strong> diskret, aber unverzichtbar: Er vereinfacht den Service, wertet Ihre Zubereitungen auf und erf\u00fcllt die t\u00e4glichen Anforderungen unkompliziert.<\/p>\n<p>&nbsp;<\/p>\n<p>&nbsp;<\/p>\n<p><!--more--><\/p>\n<p><strong><span style=\"color: #ff0000;\">*Nur f\u00fcr den kalten Gebrauch<\/span><\/strong><\/p>\n<p>&nbsp;<\/p>\n<p><!--more--><\/p>\n<h4>Vorteile :<\/h4>\n<ul>\n<li data-start=\"1853\" data-end=\"1883\">Vielseitiges <strong>720 ml<\/strong>-Format.<\/li>\n<li data-start=\"1886\" data-end=\"1941\">Ideale Transparenz zur Hervorhebung des Inhalts.<\/li>\n<li data-start=\"1944\" data-end=\"1988\"><strong>Runde<\/strong> Form, leicht zu bef\u00fcllen und zu stapeln.<\/li>\n<li data-start=\"1991\" data-end=\"2023\">Leicht und praktisch in der Handhabung.<\/li>\n<li data-start=\"2026\" data-end=\"2068\">Lot von <strong>45<\/strong> geeignet f\u00fcr den professionellen Gebrauch.<\/li>\n<\/ul>\n<p>&nbsp;<\/p>\n<p><!--more--><\/p>\n<h4>Weitere Informationen :<\/h4>\n<ul>\n<li><strong>Verpackung<\/strong>: Packung mit 45 St\u00fcck<\/li>\n<li><strong>Volumen<\/strong>: 720 ml<\/li>\n<li><strong>Durchmesser oben<\/strong>: \u00d8117 mm<\/li>\n<li><strong>H\u00f6he<\/strong>: 110 mm<\/li>\n<li><strong>Material<\/strong>: rPET (Recycled Polyethylene Terephthalate)<\/li>\n<li><strong>Nutzung<\/strong>: Kalt<\/li>\n<li><strong>Betriebstemperatur<\/strong>: -40\u00b0C \/ +60\u00b0C<\/li>\n<\/ul>\n<p>&nbsp;<\/p>\n<p><!--more--><\/p>\n<p><span style=\"color: #d12727;\"><a style=\"color: #d12727;\" href=\"https:\/\/www.csj-emballages.com\/es\/produit\/45-tapas-de-cristal-frio-para-tarros-de-alimentos-crudos\/\">Hier finden Sie den Deckel, der f\u00fcr diesen Topf entworfen wurde.  <\/a><\/span><\/p>\n<p>&nbsp;<\/p>\n<p><!--more--><\/p>\n<p>Das Produkt ist in verschiedenen Gr\u00f6\u00dfen erh\u00e4ltlich: <span style=\"color: #d12727;\"><a style=\"color: #d12727;\" href=\"https:\/\/www.csj-emballages.com\/es\/produit\/45-tarros-redondos-de-plastico-de-250-ml\/\">250 ml<\/a><\/span> \/ <span style=\"color: #d12727;\"><a style=\"color: #d12727;\" href=\"https:\/\/www.csj-emballages.com\/es\/produit\/45-tarros-redondos-frios-de-plastico-350-ml\/\">350 ml<\/a><\/span> \/ <span style=\"color: #d12727;\"><a style=\"color: #d12727;\" href=\"https:\/\/www.csj-emballages.com\/es\/produit\/45-tarros-de-plastico-desechables-redondos-de-500-ml\/\">500 ml<\/a><\/span><\/p>\n<p>&nbsp;<\/p>\n<p><!--more--><\/p>\n<p><a href=\"https:\/\/www.csj-emballages.com\/de\/categorie-produit\/lebensmittelverpackungen\/restauration-de\/topfe-schalen-becherhalter\/runde-topfe-de\/kalte-runde-topfe\/\">Sehen Sie sich den Rest unseres Sortiments an runden T\u00f6pfen f\u00fcr den kalten Gebrauch an.<\/a><\/p>\n","protected":false},"excerpt":{"rendered":"<p>Runder Topf aus Kunststoff Beschreibung unseres runden Kunststoffbeh\u00e4lters 720 ml im 45er-Pack<\/p>\n","protected":false},"featured_media":259215,"template":"","meta":{"_acf_changed":false},"product_brand":[],"product_cat":[1137,1170,1513,1514,2453,1134,1517,2458],"product_tag":[],"class_list":{"0":"post-22620","1":"product","2":"type-product","3":"status-publish","4":"has-post-thumbnail","6":"product_cat-lebensmittelverpackungen","7":"product_cat-metzgerei-und-feinkostgeschaft","8":"product_cat-schalen-dosen-glaser-fur-lebensmittel","9":"product_cat-runde-topfe","10":"product_cat-runde-topfe-fur-den-kalten-gebrauch","11":"product_cat-restauration-de","12":"product_cat-runde-topfe-de","13":"product_cat-kalte-runde-topfe","15":"first","16":"instock","17":"taxable","18":"shipping-taxable","19":"purchasable","20":"product-type-simple"},"acf":[],"yoast_head":"<!-- This site is optimized with the Yoast SEO Premium plugin v26.6 (Yoast SEO v26.6) - https:\/\/yoast.com\/wordpress\/plugins\/seo\/ -->\n<title>Runder Kunststoffbeh\u00e4lter 720 ml, 45 St\u00fcck<\/title>\n<meta name=\"description\" content=\"Runder Kunststoffbeh\u00e4lter 720 ml, transparent, im 45er-Pack. Ideal f\u00fcr kalte Speisen, Salate und Desserts, praktisch, stapelbar und f\u00fcr den Au\u00dfer-Haus-Verkauf geeignet.\" \/>\n<meta name=\"robots\" content=\"index, follow, max-snippet:-1, max-image-preview:large, max-video-preview:-1\" \/>\n<link rel=\"canonical\" href=\"https:\/\/www.csj-emballages.com\/de\/produit\/45-kalte-runde-plastikbecher-rohkost-720-ml\/\" \/>\n<meta property=\"og:locale\" content=\"de_DE\" \/>\n<meta property=\"og:type\" content=\"article\" \/>\n<meta property=\"og:title\" content=\"Rundtopf aus Kunststoff 720 ml pro 45\" \/>\n<meta property=\"og:description\" content=\"Runder Kunststoffbeh\u00e4lter 720 ml, transparent, im 45er-Pack. Ideal f\u00fcr kalte Speisen, Salate und Desserts, praktisch, stapelbar und f\u00fcr den Au\u00dfer-Haus-Verkauf geeignet.\" \/>\n<meta property=\"og:url\" content=\"https:\/\/www.csj-emballages.com\/de\/produit\/45-kalte-runde-plastikbecher-rohkost-720-ml\/\" \/>\n<meta property=\"og:site_name\" content=\"CSJ Emballages\" \/>\n<meta property=\"article:publisher\" content=\"https:\/\/www.facebook.com\/csjemballages\" \/>\n<meta property=\"article:modified_time\" content=\"2026-04-18T00:15:57+00:00\" \/>\n<meta property=\"og:image\" content=\"https:\/\/www.csj-emballages.com\/wp-content\/uploads\/2024\/03\/PO750C.webp\" \/>\n\t<meta property=\"og:image:width\" content=\"800\" \/>\n\t<meta property=\"og:image:height\" content=\"800\" \/>\n\t<meta property=\"og:image:type\" content=\"image\/webp\" \/>\n<meta name=\"twitter:card\" content=\"summary_large_image\" \/>\n<meta name=\"twitter:label1\" content=\"Gesch\u00e4tzte Lesezeit\" \/>\n\t<meta name=\"twitter:data1\" content=\"2 Minuten\" \/>\n<script type=\"application\/ld+json\" class=\"yoast-schema-graph\">{\"@context\":\"https:\/\/schema.org\",\"@graph\":[{\"@type\":\"WebPage\",\"@id\":\"https:\/\/www.csj-emballages.com\/de\/produit\/45-kalte-runde-plastikbecher-rohkost-720-ml\/\",\"url\":\"https:\/\/www.csj-emballages.com\/de\/produit\/45-kalte-runde-plastikbecher-rohkost-720-ml\/\",\"name\":\"Runder Kunststoffbeh\u00e4lter 720 ml, 45 St\u00fcck\",\"isPartOf\":{\"@id\":\"https:\/\/www.csj-emballages.com\/de\/#website\"},\"primaryImageOfPage\":{\"@id\":\"https:\/\/www.csj-emballages.com\/de\/produit\/45-kalte-runde-plastikbecher-rohkost-720-ml\/#primaryimage\"},\"image\":{\"@id\":\"https:\/\/www.csj-emballages.com\/de\/produit\/45-kalte-runde-plastikbecher-rohkost-720-ml\/#primaryimage\"},\"thumbnailUrl\":\"https:\/\/www.csj-emballages.com\/wp-content\/uploads\/2024\/03\/PO750C.webp\",\"datePublished\":\"2024-03-01T15:50:27+00:00\",\"dateModified\":\"2026-04-18T00:15:57+00:00\",\"description\":\"Runder Kunststoffbeh\u00e4lter 720 ml, transparent, im 45er-Pack. Ideal f\u00fcr kalte Speisen, Salate und Desserts, praktisch, stapelbar und f\u00fcr den Au\u00dfer-Haus-Verkauf geeignet.\",\"breadcrumb\":{\"@id\":\"https:\/\/www.csj-emballages.com\/de\/produit\/45-kalte-runde-plastikbecher-rohkost-720-ml\/#breadcrumb\"},\"inLanguage\":\"de\",\"potentialAction\":[{\"@type\":\"ReadAction\",\"target\":[\"https:\/\/www.csj-emballages.com\/de\/produit\/45-kalte-runde-plastikbecher-rohkost-720-ml\/\"]}]},{\"@type\":\"ImageObject\",\"inLanguage\":\"de\",\"@id\":\"https:\/\/www.csj-emballages.com\/de\/produit\/45-kalte-runde-plastikbecher-rohkost-720-ml\/#primaryimage\",\"url\":\"https:\/\/www.csj-emballages.com\/wp-content\/uploads\/2024\/03\/PO750C.webp\",\"contentUrl\":\"https:\/\/www.csj-emballages.com\/wp-content\/uploads\/2024\/03\/PO750C.webp\",\"width\":800,\"height\":800,\"caption\":\"Pot rond plastique\"},{\"@type\":\"BreadcrumbList\",\"@id\":\"https:\/\/www.csj-emballages.com\/de\/produit\/45-kalte-runde-plastikbecher-rohkost-720-ml\/#breadcrumb\",\"itemListElement\":[{\"@type\":\"ListItem\",\"position\":1,\"name\":\"Accueil\",\"item\":\"https:\/\/www.csj-emballages.com\/de\/universum-lebensmittelverpackungen\/\"},{\"@type\":\"ListItem\",\"position\":2,\"name\":\"Shop\",\"item\":\"https:\/\/www.csj-emballages.com\/shop\/\"},{\"@type\":\"ListItem\",\"position\":3,\"name\":\"Rundtopf aus Kunststoff 720 ml pro 45\"}]},{\"@type\":\"WebSite\",\"@id\":\"https:\/\/www.csj-emballages.com\/de\/#website\",\"url\":\"https:\/\/www.csj-emballages.com\/de\/\",\"name\":\"CSJ Emballages\",\"description\":\"\",\"publisher\":{\"@id\":\"https:\/\/www.csj-emballages.com\/de\/#organization\"},\"potentialAction\":[{\"@type\":\"SearchAction\",\"target\":{\"@type\":\"EntryPoint\",\"urlTemplate\":\"https:\/\/www.csj-emballages.com\/de\/?s={search_term_string}\"},\"query-input\":{\"@type\":\"PropertyValueSpecification\",\"valueRequired\":true,\"valueName\":\"search_term_string\"}}],\"inLanguage\":\"de\"},{\"@type\":\"Organization\",\"@id\":\"https:\/\/www.csj-emballages.com\/de\/#Organization\/\",\"name\":\"CSJ Emballages\",\"url\":\"https:\/\/www.csj-emballages.com\/de\/\",\"logo\":{\"@type\":\"ImageObject\",\"inLanguage\":\"de\",\"@id\":\"https:\/\/www.csj-emballages.com\/de\/#\/schema\/logo\/image\/\",\"url\":\"https:\/\/www.csj-emballages.com\/wp-content\/uploads\/2023\/10\/logo_csj.webp\",\"contentUrl\":\"https:\/\/www.csj-emballages.com\/wp-content\/uploads\/2023\/10\/logo_csj.webp\",\"width\":250,\"height\":95,\"caption\":\"CSJ Emballages\"},\"image\":{\"@id\":\"https:\/\/www.csj-emballages.com\/de\/#\/schema\/logo\/image\/\"},\"sameAs\":[\"https:\/\/www.facebook.com\/csjemballages\"],\"address\":{\"@type\":\"PostalAddress\",\"streetAddress\":\"ZI La Lechere\",\"addressLocality\":\"Patornay\",\"postalCode\":\"39130\",\"addressCountry\":\"FR\"},\"contactPoint\":[{\"@type\":\"ContactPoint\",\"contactType\":\"Service client\",\"telephone\":\"0384254272\",\"email\":\"contact@csj-emballages.com\"}]}]}<\/script>\n<!-- \/ Yoast SEO Premium plugin. -->","yoast_head_json":{"title":"Runder Kunststoffbeh\u00e4lter 720 ml, 45 St\u00fcck","description":"Runder Kunststoffbeh\u00e4lter 720 ml, transparent, im 45er-Pack. Ideal f\u00fcr kalte Speisen, Salate und Desserts, praktisch, stapelbar und f\u00fcr den Au\u00dfer-Haus-Verkauf geeignet.","robots":{"index":"index","follow":"follow","max-snippet":"max-snippet:-1","max-image-preview":"max-image-preview:large","max-video-preview":"max-video-preview:-1"},"canonical":"https:\/\/www.csj-emballages.com\/de\/produit\/45-kalte-runde-plastikbecher-rohkost-720-ml\/","og_locale":"de_DE","og_type":"article","og_title":"Rundtopf aus Kunststoff 720 ml pro 45","og_description":"Runder Kunststoffbeh\u00e4lter 720 ml, transparent, im 45er-Pack. Ideal f\u00fcr kalte Speisen, Salate und Desserts, praktisch, stapelbar und f\u00fcr den Au\u00dfer-Haus-Verkauf geeignet.","og_url":"https:\/\/www.csj-emballages.com\/de\/produit\/45-kalte-runde-plastikbecher-rohkost-720-ml\/","og_site_name":"CSJ Emballages","article_publisher":"https:\/\/www.facebook.com\/csjemballages","article_modified_time":"2026-04-18T00:15:57+00:00","og_image":[{"width":800,"height":800,"url":"https:\/\/www.csj-emballages.com\/wp-content\/uploads\/2024\/03\/PO750C.webp","type":"image\/webp"}],"twitter_card":"summary_large_image","twitter_misc":{"Gesch\u00e4tzte Lesezeit":"2 Minuten"},"schema":{"@context":"https:\/\/schema.org","@graph":[{"@type":"WebPage","@id":"https:\/\/www.csj-emballages.com\/de\/produit\/45-kalte-runde-plastikbecher-rohkost-720-ml\/","url":"https:\/\/www.csj-emballages.com\/de\/produit\/45-kalte-runde-plastikbecher-rohkost-720-ml\/","name":"Runder Kunststoffbeh\u00e4lter 720 ml, 45 St\u00fcck","isPartOf":{"@id":"https:\/\/www.csj-emballages.com\/de\/#website"},"primaryImageOfPage":{"@id":"https:\/\/www.csj-emballages.com\/de\/produit\/45-kalte-runde-plastikbecher-rohkost-720-ml\/#primaryimage"},"image":{"@id":"https:\/\/www.csj-emballages.com\/de\/produit\/45-kalte-runde-plastikbecher-rohkost-720-ml\/#primaryimage"},"thumbnailUrl":"https:\/\/www.csj-emballages.com\/wp-content\/uploads\/2024\/03\/PO750C.webp","datePublished":"2024-03-01T15:50:27+00:00","dateModified":"2026-04-18T00:15:57+00:00","description":"Runder Kunststoffbeh\u00e4lter 720 ml, transparent, im 45er-Pack. Ideal f\u00fcr kalte Speisen, Salate und Desserts, praktisch, stapelbar und f\u00fcr den Au\u00dfer-Haus-Verkauf geeignet.","breadcrumb":{"@id":"https:\/\/www.csj-emballages.com\/de\/produit\/45-kalte-runde-plastikbecher-rohkost-720-ml\/#breadcrumb"},"inLanguage":"de","potentialAction":[{"@type":"ReadAction","target":["https:\/\/www.csj-emballages.com\/de\/produit\/45-kalte-runde-plastikbecher-rohkost-720-ml\/"]}]},{"@type":"ImageObject","inLanguage":"de","@id":"https:\/\/www.csj-emballages.com\/de\/produit\/45-kalte-runde-plastikbecher-rohkost-720-ml\/#primaryimage","url":"https:\/\/www.csj-emballages.com\/wp-content\/uploads\/2024\/03\/PO750C.webp","contentUrl":"https:\/\/www.csj-emballages.com\/wp-content\/uploads\/2024\/03\/PO750C.webp","width":800,"height":800,"caption":"Pot rond plastique"},{"@type":"BreadcrumbList","@id":"https:\/\/www.csj-emballages.com\/de\/produit\/45-kalte-runde-plastikbecher-rohkost-720-ml\/#breadcrumb","itemListElement":[{"@type":"ListItem","position":1,"name":"Accueil","item":"https:\/\/www.csj-emballages.com\/de\/universum-lebensmittelverpackungen\/"},{"@type":"ListItem","position":2,"name":"Shop","item":"https:\/\/www.csj-emballages.com\/shop\/"},{"@type":"ListItem","position":3,"name":"Rundtopf aus Kunststoff 720 ml pro 45"}]},{"@type":"WebSite","@id":"https:\/\/www.csj-emballages.com\/de\/#website","url":"https:\/\/www.csj-emballages.com\/de\/","name":"CSJ Emballages","description":"","publisher":{"@id":"https:\/\/www.csj-emballages.com\/de\/#organization"},"potentialAction":[{"@type":"SearchAction","target":{"@type":"EntryPoint","urlTemplate":"https:\/\/www.csj-emballages.com\/de\/?s={search_term_string}"},"query-input":{"@type":"PropertyValueSpecification","valueRequired":true,"valueName":"search_term_string"}}],"inLanguage":"de"},{"@type":"Organization","@id":"https:\/\/www.csj-emballages.com\/de\/#Organization\/","name":"CSJ Emballages","url":"https:\/\/www.csj-emballages.com\/de\/","logo":{"@type":"ImageObject","inLanguage":"de","@id":"https:\/\/www.csj-emballages.com\/de\/#\/schema\/logo\/image\/","url":"https:\/\/www.csj-emballages.com\/wp-content\/uploads\/2023\/10\/logo_csj.webp","contentUrl":"https:\/\/www.csj-emballages.com\/wp-content\/uploads\/2023\/10\/logo_csj.webp","width":250,"height":95,"caption":"CSJ Emballages"},"image":{"@id":"https:\/\/www.csj-emballages.com\/de\/#\/schema\/logo\/image\/"},"sameAs":["https:\/\/www.facebook.com\/csjemballages"],"address":{"@type":"PostalAddress","streetAddress":"ZI La Lechere","addressLocality":"Patornay","postalCode":"39130","addressCountry":"FR"},"contactPoint":[{"@type":"ContactPoint","contactType":"Service client","telephone":"0384254272","email":"contact@csj-emballages.com"}]}]}},"df_price":7.94,"df_sale_price":"","df_regular_price":7.94,"df_image_link":"https:\/\/www.csj-emballages.com\/wp-content\/uploads\/2024\/03\/PO750C-300x300.webp","tiered_pricing_type":"fixed","tiered_pricing_fixed_rules":[],"tiered_pricing_percentage_rules":[],"tiered_pricing_minimum":1,"tiered_pricing_roles_data":[],"_links":{"self":[{"href":"https:\/\/www.csj-emballages.com\/de\/wp-json\/wp\/v2\/product\/22620","targetHints":{"allow":["GET"]}}],"collection":[{"href":"https:\/\/www.csj-emballages.com\/de\/wp-json\/wp\/v2\/product"}],"about":[{"href":"https:\/\/www.csj-emballages.com\/de\/wp-json\/wp\/v2\/types\/product"}],"wp:featuredmedia":[{"embeddable":true,"href":"https:\/\/www.csj-emballages.com\/de\/wp-json\/wp\/v2\/media\/259215"}],"wp:attachment":[{"href":"https:\/\/www.csj-emballages.com\/de\/wp-json\/wp\/v2\/media?parent=22620"}],"wp:term":[{"taxonomy":"product_brand","embeddable":true,"href":"https:\/\/www.csj-emballages.com\/de\/wp-json\/wp\/v2\/product_brand?post=22620"},{"taxonomy":"product_cat","embeddable":true,"href":"https:\/\/www.csj-emballages.com\/de\/wp-json\/wp\/v2\/product_cat?post=22620"},{"taxonomy":"product_tag","embeddable":true,"href":"https:\/\/www.csj-emballages.com\/de\/wp-json\/wp\/v2\/product_tag?post=22620"}],"curies":[{"name":"wp","href":"https:\/\/api.w.org\/{rel}","templated":true}]}}