{"id":22619,"date":"2024-03-01T16:50:28","date_gmt":"2024-03-01T15:50:28","guid":{"rendered":"https:\/\/u15jnbdpoq.preview.infomaniak.website\/produit\/45-kalte-runde-plastikbecher-rohkost-250-ml\/"},"modified":"2026-04-09T02:17:10","modified_gmt":"2026-04-09T00:17:10","slug":"45-kalte-runde-plastikbecher-rohkost-250-ml","status":"publish","type":"product","link":"https:\/\/www.csj-emballages.com\/de\/produit\/45-kalte-runde-plastikbecher-rohkost-250-ml\/","title":{"rendered":"Rundtopf aus Kunststoff 250 ml pro 45"},"content":{"rendered":"<h2>Runder Topf aus Kunststoff<\/h2>\n<hr>\n<h3>Beschreibung von Salattopf 250 ml pro 45 St\u00fcck<\/h3>\n<p><!--more--><\/p>\n<p data-start=\"251\" data-end=\"695\">Dieser <strong>runde<\/strong> <strong data-start=\"276\" data-end=\"286\">250-ml-Plastikbecher<\/strong> ist die Art von Beh\u00e4lter, die zu allem passt, ohne es jemals kompliziert zu machen. Sein Format ist ideal, um saubere und gut pr\u00e4sentierte Portionen anzubieten, sei es f\u00fcr <strong>bunte Obstsalate<\/strong>, <strong>hausgemachte Desserts<\/strong>, <strong>Saucen<\/strong>, <strong>kalte Vorspeisen<\/strong> oder sogar zum Mitnehmen. Dank der <strong>Transparenz<\/strong> bleibt der Inhalt gut sichtbar, wodurch die Produkte sofort ins rechte Licht ger\u00fcckt werden.  <\/p>\n<p data-start=\"697\" data-end=\"1095\">Im Alltag erweist sich dieser <strong>runde Plastiktopf <\/strong> als wirklich praktisch. Er liegt gut in der Hand, l\u00e4sst sich m\u00fchelos bef\u00fcllen und problemlos stapeln, was sowohl in der K\u00fcche als auch im Vorratsraum Platz spart. Die Struktur aus festem Kunststoff sorgt daf\u00fcr, dass der Topf auch bei voller F\u00fcllung sicher steht. Sie k\u00f6nnen ihn also getrost f\u00fcr den Verkauf zum Mitnehmen oder f\u00fcr die Zubereitung im Voraus verwenden.   <\/p>\n<p data-start=\"1097\" data-end=\"1448\">Au\u00dferdem entspricht die <strong data-start=\"1121\" data-end=\"1131\">250-ml-Gr\u00f6\u00dfe<\/strong> perfekt den Erwartungen der Kunden: nicht zu wenig und nicht zu viel. Es erm\u00f6glicht eine ausgewogene Portion, die optisch ansprechend und leicht zu transportieren ist. Egal, ob Sie ein Restaurant, ein Catering-Unternehmen, einen Imbiss, eine Salatbar oder ein Veranstaltungsunternehmen sind, dieser Becher f\u00fcgt sich ganz nat\u00fcrlich in Ihre Organisation ein.  <\/p>\n<p data-start=\"1450\" data-end=\"1694\">Sie wird <strong data-start=\"1456\" data-end=\"1473\">in Packungen zu 45 St\u00fcck<\/strong> verkauft und ist eine praktische L\u00f6sung, um Ihre Mengen ohne unn\u00f6tige \u00dcberbest\u00e4nde zu verwalten. Es ist eine einfache, effiziente und vielseitige Wahl, die Sie bei einem reibungslosen und gepflegten Service begleitet und Ihre Vorbereitungen aufwertet. <\/p>\n<p>&nbsp;<\/p>\n<p><!--more--><\/p>\n<p><strong><span style=\"color: #ff0000;\">*Nur f\u00fcr den kalten Gebrauch<\/span><\/strong><\/p>\n<p>&nbsp;<\/p>\n<p><!--more--><\/p>\n<h4>Vorteile :<\/h4>\n<ul>\n<li data-start=\"1722\" data-end=\"1761\">Praktisches und vielseitiges <strong>250-ml-Format<\/strong>.<\/li>\n<li data-start=\"1764\" data-end=\"1818\">Ideale <strong>Transparenz<\/strong> zur Aufwertung von Pr\u00e4paraten.<\/li>\n<li data-start=\"1821\" data-end=\"1861\">Hartplastik f\u00fcr guten Halt.<\/li>\n<li data-start=\"1864\" data-end=\"1896\">Einfach zu stapeln und zu lagern.<\/li>\n<li data-start=\"1899\" data-end=\"1941\">Lot von <strong>45<\/strong> geeignet f\u00fcr den professionellen Gebrauch.<\/li>\n<\/ul>\n<p>&nbsp;<\/p>\n<p><!--more--><\/p>\n<h4>Weitere Informationen :<\/h4>\n<ul>\n<li><strong>Verpackung<\/strong>: Packung mit 45 St\u00fcck<\/li>\n<li><strong>Volumen<\/strong>: 250 ml<\/li>\n<li><strong>Durchmesser oben<\/strong>: \u00d8117 mm<\/li>\n<li><strong>H\u00f6he<\/strong>: 42 mm<\/li>\n<li><strong>Material<\/strong>: rPET (Recycled Polyethylene Terephthalate)<\/li>\n<li><strong>Nutzung<\/strong>: Kalt<\/li>\n<li><strong>Betriebstemperatur<\/strong>: -40\u00b0C \/ +60\u00b0C<\/li>\n<\/ul>\n<p>&nbsp;<\/p>\n<p><!--more--><\/p>\n<p><span style=\"color: #d12727;\"><a style=\"color: #d12727;\" href=\"https:\/\/www.csj-emballages.com\/de\/produit\/45-kalte-kristalldeckel-fuer-rohkostglaeser\/\">Hier finden Sie den Deckel, der f\u00fcr diesen Topf entworfen wurde.  <\/a><\/span><\/p>\n<p>&nbsp;<\/p>\n<p><!--more--><\/p>\n<p>Das Produkt ist in verschiedenen Gr\u00f6\u00dfen erh\u00e4ltlich: <span style=\"color: #d12727;\"><a style=\"color: #d12727;\" href=\"https:\/\/www.csj-emballages.com\/produit\/45-pots-crudites-ronds-froids-en-plastique-350-ml\/\">350 ml<\/a><\/span> \/ <span style=\"color: #d12727;\"><a style=\"color: #d12727;\" href=\"https:\/\/www.csj-emballages.com\/produit\/45-pots-crudites-ronds-froids-jetables-en-plastique-500-ml\/\">500 ml<\/a><\/span> \/ <span style=\"color: #d12727;\"><a style=\"color: #d12727;\" href=\"https:\/\/www.csj-emballages.com\/produit\/50-pots-crudites-ronds-froids-jetables-en-plastique-720-ml\/\">720 ml<\/a><\/span><\/p>\n<p>&nbsp;<\/p>\n<p><!--more--><\/p>\n<p><a href=\"https:\/\/www.csj-emballages.com\/de\/categorie-produit\/lebensmittelverpackungen\/restauration-de\/topfe-schalen-becherhalter\/runde-topfe-de\/kalte-runde-topfe\/\">Sehen Sie sich den Rest unseres Sortiments an runden T\u00f6pfen f\u00fcr den kalten Gebrauch an.<\/a><\/p>\n","protected":false},"excerpt":{"rendered":"<p>Runder Topf aus Kunststoff Beschreibung von Salattopf 250 ml pro 45 St\u00fcck<\/p>\n","protected":false},"featured_media":259016,"template":"","meta":{"_acf_changed":false},"product_brand":[],"product_cat":[1137,1170,1513,1514,2453,1134,1517,2458],"product_tag":[],"class_list":{"0":"post-22619","1":"product","2":"type-product","3":"status-publish","4":"has-post-thumbnail","6":"product_cat-lebensmittelverpackungen","7":"product_cat-metzgerei-und-feinkostgeschaft","8":"product_cat-schalen-dosen-glaser-fur-lebensmittel","9":"product_cat-runde-topfe","10":"product_cat-runde-topfe-fur-den-kalten-gebrauch","11":"product_cat-restauration-de","12":"product_cat-runde-topfe-de","13":"product_cat-kalte-runde-topfe","15":"first","16":"instock","17":"taxable","18":"shipping-taxable","19":"purchasable","20":"product-type-simple"},"acf":[],"yoast_head":"<!-- This site is optimized with the Yoast SEO Premium plugin v26.6 (Yoast SEO v26.6) - https:\/\/yoast.com\/wordpress\/plugins\/seo\/ -->\n<title>Runde Kanne aus Kunststoff f\u00fcr kalte Anwendungen - 250 ml<\/title>\n<meta name=\"description\" content=\"Durchsichtiger runder Plastikbecher 250 ml, verkauft in 45er-Packungen. Ideal f\u00fcr Desserts, Obstsalat und kalte Zubereitungen zum Mitnehmen oder in der Vitrine.\" \/>\n<meta name=\"robots\" content=\"index, follow, max-snippet:-1, max-image-preview:large, max-video-preview:-1\" \/>\n<link rel=\"canonical\" href=\"https:\/\/www.csj-emballages.com\/de\/produit\/45-kalte-runde-plastikbecher-rohkost-250-ml\/\" \/>\n<meta property=\"og:locale\" content=\"de_DE\" \/>\n<meta property=\"og:type\" content=\"article\" \/>\n<meta property=\"og:title\" content=\"Rundtopf aus Kunststoff 250 ml pro 45\" \/>\n<meta property=\"og:description\" content=\"Durchsichtiger runder Plastikbecher 250 ml, verkauft in 45er-Packungen. Ideal f\u00fcr Desserts, Obstsalat und kalte Zubereitungen zum Mitnehmen oder in der Vitrine.\" \/>\n<meta property=\"og:url\" content=\"https:\/\/www.csj-emballages.com\/de\/produit\/45-kalte-runde-plastikbecher-rohkost-250-ml\/\" \/>\n<meta property=\"og:site_name\" content=\"CSJ Emballages\" \/>\n<meta property=\"article:publisher\" content=\"https:\/\/www.facebook.com\/csjemballages\" \/>\n<meta property=\"article:modified_time\" content=\"2026-04-09T00:17:10+00:00\" \/>\n<meta property=\"og:image\" content=\"https:\/\/www.csj-emballages.com\/wp-content\/uploads\/2024\/03\/PO250C.webp\" \/>\n\t<meta property=\"og:image:width\" content=\"800\" \/>\n\t<meta property=\"og:image:height\" content=\"800\" \/>\n\t<meta property=\"og:image:type\" content=\"image\/webp\" \/>\n<meta name=\"twitter:card\" content=\"summary_large_image\" \/>\n<meta name=\"twitter:label1\" content=\"Gesch\u00e4tzte Lesezeit\" \/>\n\t<meta name=\"twitter:data1\" content=\"2 Minuten\" \/>\n<script type=\"application\/ld+json\" class=\"yoast-schema-graph\">{\"@context\":\"https:\/\/schema.org\",\"@graph\":[{\"@type\":\"WebPage\",\"@id\":\"https:\/\/www.csj-emballages.com\/de\/produit\/45-kalte-runde-plastikbecher-rohkost-250-ml\/\",\"url\":\"https:\/\/www.csj-emballages.com\/de\/produit\/45-kalte-runde-plastikbecher-rohkost-250-ml\/\",\"name\":\"Runde Kanne aus Kunststoff f\u00fcr kalte Anwendungen - 250 ml\",\"isPartOf\":{\"@id\":\"https:\/\/www.csj-emballages.com\/de\/#website\"},\"primaryImageOfPage\":{\"@id\":\"https:\/\/www.csj-emballages.com\/de\/produit\/45-kalte-runde-plastikbecher-rohkost-250-ml\/#primaryimage\"},\"image\":{\"@id\":\"https:\/\/www.csj-emballages.com\/de\/produit\/45-kalte-runde-plastikbecher-rohkost-250-ml\/#primaryimage\"},\"thumbnailUrl\":\"https:\/\/www.csj-emballages.com\/wp-content\/uploads\/2024\/03\/PO250C.webp\",\"datePublished\":\"2024-03-01T15:50:28+00:00\",\"dateModified\":\"2026-04-09T00:17:10+00:00\",\"description\":\"Durchsichtiger runder Plastikbecher 250 ml, verkauft in 45er-Packungen. Ideal f\u00fcr Desserts, Obstsalat und kalte Zubereitungen zum Mitnehmen oder in der Vitrine.\",\"breadcrumb\":{\"@id\":\"https:\/\/www.csj-emballages.com\/de\/produit\/45-kalte-runde-plastikbecher-rohkost-250-ml\/#breadcrumb\"},\"inLanguage\":\"de\",\"potentialAction\":[{\"@type\":\"ReadAction\",\"target\":[\"https:\/\/www.csj-emballages.com\/de\/produit\/45-kalte-runde-plastikbecher-rohkost-250-ml\/\"]}]},{\"@type\":\"ImageObject\",\"inLanguage\":\"de\",\"@id\":\"https:\/\/www.csj-emballages.com\/de\/produit\/45-kalte-runde-plastikbecher-rohkost-250-ml\/#primaryimage\",\"url\":\"https:\/\/www.csj-emballages.com\/wp-content\/uploads\/2024\/03\/PO250C.webp\",\"contentUrl\":\"https:\/\/www.csj-emballages.com\/wp-content\/uploads\/2024\/03\/PO250C.webp\",\"width\":800,\"height\":800,\"caption\":\"Pot rond plastique\"},{\"@type\":\"BreadcrumbList\",\"@id\":\"https:\/\/www.csj-emballages.com\/de\/produit\/45-kalte-runde-plastikbecher-rohkost-250-ml\/#breadcrumb\",\"itemListElement\":[{\"@type\":\"ListItem\",\"position\":1,\"name\":\"Accueil\",\"item\":\"https:\/\/www.csj-emballages.com\/de\/universum-lebensmittelverpackungen\/\"},{\"@type\":\"ListItem\",\"position\":2,\"name\":\"Shop\",\"item\":\"https:\/\/www.csj-emballages.com\/shop\/\"},{\"@type\":\"ListItem\",\"position\":3,\"name\":\"Rundtopf aus Kunststoff 250 ml pro 45\"}]},{\"@type\":\"WebSite\",\"@id\":\"https:\/\/www.csj-emballages.com\/de\/#website\",\"url\":\"https:\/\/www.csj-emballages.com\/de\/\",\"name\":\"CSJ Emballages\",\"description\":\"\",\"publisher\":{\"@id\":\"https:\/\/www.csj-emballages.com\/de\/#organization\"},\"potentialAction\":[{\"@type\":\"SearchAction\",\"target\":{\"@type\":\"EntryPoint\",\"urlTemplate\":\"https:\/\/www.csj-emballages.com\/de\/?s={search_term_string}\"},\"query-input\":{\"@type\":\"PropertyValueSpecification\",\"valueRequired\":true,\"valueName\":\"search_term_string\"}}],\"inLanguage\":\"de\"},{\"@type\":\"Organization\",\"@id\":\"https:\/\/www.csj-emballages.com\/de\/#Organization\/\",\"name\":\"CSJ Emballages\",\"url\":\"https:\/\/www.csj-emballages.com\/de\/\",\"logo\":{\"@type\":\"ImageObject\",\"inLanguage\":\"de\",\"@id\":\"https:\/\/www.csj-emballages.com\/de\/#\/schema\/logo\/image\/\",\"url\":\"https:\/\/www.csj-emballages.com\/wp-content\/uploads\/2023\/10\/logo_csj.webp\",\"contentUrl\":\"https:\/\/www.csj-emballages.com\/wp-content\/uploads\/2023\/10\/logo_csj.webp\",\"width\":250,\"height\":95,\"caption\":\"CSJ Emballages\"},\"image\":{\"@id\":\"https:\/\/www.csj-emballages.com\/de\/#\/schema\/logo\/image\/\"},\"sameAs\":[\"https:\/\/www.facebook.com\/csjemballages\"],\"address\":{\"@type\":\"PostalAddress\",\"streetAddress\":\"ZI La Lechere\",\"addressLocality\":\"Patornay\",\"postalCode\":\"39130\",\"addressCountry\":\"FR\"},\"contactPoint\":[{\"@type\":\"ContactPoint\",\"contactType\":\"Service client\",\"telephone\":\"0384254272\",\"email\":\"contact@csj-emballages.com\"}]}]}<\/script>\n<!-- \/ Yoast SEO Premium plugin. -->","yoast_head_json":{"title":"Runde Kanne aus Kunststoff f\u00fcr kalte Anwendungen - 250 ml","description":"Durchsichtiger runder Plastikbecher 250 ml, verkauft in 45er-Packungen. Ideal f\u00fcr Desserts, Obstsalat und kalte Zubereitungen zum Mitnehmen oder in der Vitrine.","robots":{"index":"index","follow":"follow","max-snippet":"max-snippet:-1","max-image-preview":"max-image-preview:large","max-video-preview":"max-video-preview:-1"},"canonical":"https:\/\/www.csj-emballages.com\/de\/produit\/45-kalte-runde-plastikbecher-rohkost-250-ml\/","og_locale":"de_DE","og_type":"article","og_title":"Rundtopf aus Kunststoff 250 ml pro 45","og_description":"Durchsichtiger runder Plastikbecher 250 ml, verkauft in 45er-Packungen. Ideal f\u00fcr Desserts, Obstsalat und kalte Zubereitungen zum Mitnehmen oder in der Vitrine.","og_url":"https:\/\/www.csj-emballages.com\/de\/produit\/45-kalte-runde-plastikbecher-rohkost-250-ml\/","og_site_name":"CSJ Emballages","article_publisher":"https:\/\/www.facebook.com\/csjemballages","article_modified_time":"2026-04-09T00:17:10+00:00","og_image":[{"width":800,"height":800,"url":"https:\/\/www.csj-emballages.com\/wp-content\/uploads\/2024\/03\/PO250C.webp","type":"image\/webp"}],"twitter_card":"summary_large_image","twitter_misc":{"Gesch\u00e4tzte Lesezeit":"2 Minuten"},"schema":{"@context":"https:\/\/schema.org","@graph":[{"@type":"WebPage","@id":"https:\/\/www.csj-emballages.com\/de\/produit\/45-kalte-runde-plastikbecher-rohkost-250-ml\/","url":"https:\/\/www.csj-emballages.com\/de\/produit\/45-kalte-runde-plastikbecher-rohkost-250-ml\/","name":"Runde Kanne aus Kunststoff f\u00fcr kalte Anwendungen - 250 ml","isPartOf":{"@id":"https:\/\/www.csj-emballages.com\/de\/#website"},"primaryImageOfPage":{"@id":"https:\/\/www.csj-emballages.com\/de\/produit\/45-kalte-runde-plastikbecher-rohkost-250-ml\/#primaryimage"},"image":{"@id":"https:\/\/www.csj-emballages.com\/de\/produit\/45-kalte-runde-plastikbecher-rohkost-250-ml\/#primaryimage"},"thumbnailUrl":"https:\/\/www.csj-emballages.com\/wp-content\/uploads\/2024\/03\/PO250C.webp","datePublished":"2024-03-01T15:50:28+00:00","dateModified":"2026-04-09T00:17:10+00:00","description":"Durchsichtiger runder Plastikbecher 250 ml, verkauft in 45er-Packungen. Ideal f\u00fcr Desserts, Obstsalat und kalte Zubereitungen zum Mitnehmen oder in der Vitrine.","breadcrumb":{"@id":"https:\/\/www.csj-emballages.com\/de\/produit\/45-kalte-runde-plastikbecher-rohkost-250-ml\/#breadcrumb"},"inLanguage":"de","potentialAction":[{"@type":"ReadAction","target":["https:\/\/www.csj-emballages.com\/de\/produit\/45-kalte-runde-plastikbecher-rohkost-250-ml\/"]}]},{"@type":"ImageObject","inLanguage":"de","@id":"https:\/\/www.csj-emballages.com\/de\/produit\/45-kalte-runde-plastikbecher-rohkost-250-ml\/#primaryimage","url":"https:\/\/www.csj-emballages.com\/wp-content\/uploads\/2024\/03\/PO250C.webp","contentUrl":"https:\/\/www.csj-emballages.com\/wp-content\/uploads\/2024\/03\/PO250C.webp","width":800,"height":800,"caption":"Pot rond plastique"},{"@type":"BreadcrumbList","@id":"https:\/\/www.csj-emballages.com\/de\/produit\/45-kalte-runde-plastikbecher-rohkost-250-ml\/#breadcrumb","itemListElement":[{"@type":"ListItem","position":1,"name":"Accueil","item":"https:\/\/www.csj-emballages.com\/de\/universum-lebensmittelverpackungen\/"},{"@type":"ListItem","position":2,"name":"Shop","item":"https:\/\/www.csj-emballages.com\/shop\/"},{"@type":"ListItem","position":3,"name":"Rundtopf aus Kunststoff 250 ml pro 45"}]},{"@type":"WebSite","@id":"https:\/\/www.csj-emballages.com\/de\/#website","url":"https:\/\/www.csj-emballages.com\/de\/","name":"CSJ Emballages","description":"","publisher":{"@id":"https:\/\/www.csj-emballages.com\/de\/#organization"},"potentialAction":[{"@type":"SearchAction","target":{"@type":"EntryPoint","urlTemplate":"https:\/\/www.csj-emballages.com\/de\/?s={search_term_string}"},"query-input":{"@type":"PropertyValueSpecification","valueRequired":true,"valueName":"search_term_string"}}],"inLanguage":"de"},{"@type":"Organization","@id":"https:\/\/www.csj-emballages.com\/de\/#Organization\/","name":"CSJ Emballages","url":"https:\/\/www.csj-emballages.com\/de\/","logo":{"@type":"ImageObject","inLanguage":"de","@id":"https:\/\/www.csj-emballages.com\/de\/#\/schema\/logo\/image\/","url":"https:\/\/www.csj-emballages.com\/wp-content\/uploads\/2023\/10\/logo_csj.webp","contentUrl":"https:\/\/www.csj-emballages.com\/wp-content\/uploads\/2023\/10\/logo_csj.webp","width":250,"height":95,"caption":"CSJ Emballages"},"image":{"@id":"https:\/\/www.csj-emballages.com\/de\/#\/schema\/logo\/image\/"},"sameAs":["https:\/\/www.facebook.com\/csjemballages"],"address":{"@type":"PostalAddress","streetAddress":"ZI La Lechere","addressLocality":"Patornay","postalCode":"39130","addressCountry":"FR"},"contactPoint":[{"@type":"ContactPoint","contactType":"Service client","telephone":"0384254272","email":"contact@csj-emballages.com"}]}]}},"df_price":4.39,"df_sale_price":"","df_regular_price":4.39,"df_image_link":"https:\/\/www.csj-emballages.com\/wp-content\/uploads\/2024\/03\/PO250C-300x300.webp","tiered_pricing_type":"fixed","tiered_pricing_fixed_rules":[],"tiered_pricing_percentage_rules":[],"tiered_pricing_minimum":1,"tiered_pricing_roles_data":[],"_links":{"self":[{"href":"https:\/\/www.csj-emballages.com\/de\/wp-json\/wp\/v2\/product\/22619","targetHints":{"allow":["GET"]}}],"collection":[{"href":"https:\/\/www.csj-emballages.com\/de\/wp-json\/wp\/v2\/product"}],"about":[{"href":"https:\/\/www.csj-emballages.com\/de\/wp-json\/wp\/v2\/types\/product"}],"wp:featuredmedia":[{"embeddable":true,"href":"https:\/\/www.csj-emballages.com\/de\/wp-json\/wp\/v2\/media\/259016"}],"wp:attachment":[{"href":"https:\/\/www.csj-emballages.com\/de\/wp-json\/wp\/v2\/media?parent=22619"}],"wp:term":[{"taxonomy":"product_brand","embeddable":true,"href":"https:\/\/www.csj-emballages.com\/de\/wp-json\/wp\/v2\/product_brand?post=22619"},{"taxonomy":"product_cat","embeddable":true,"href":"https:\/\/www.csj-emballages.com\/de\/wp-json\/wp\/v2\/product_cat?post=22619"},{"taxonomy":"product_tag","embeddable":true,"href":"https:\/\/www.csj-emballages.com\/de\/wp-json\/wp\/v2\/product_tag?post=22619"}],"curies":[{"name":"wp","href":"https:\/\/api.w.org\/{rel}","templated":true}]}}