{"id":226156,"date":"2024-12-14T02:18:21","date_gmt":"2024-12-14T01:18:21","guid":{"rendered":"https:\/\/www.csj-emballages.com\/produit\/kartonschachtel-fenster-15-x-9-x-4-5-cm-pro-50\/"},"modified":"2026-03-13T02:11:36","modified_gmt":"2026-03-13T01:11:36","slug":"kartonschachtel-fenster-15-x-9-x-4-5-cm-pro-50","status":"publish","type":"product","link":"https:\/\/www.csj-emballages.com\/de\/produit\/kartonschachtel-fenster-15-x-9-x-4-5-cm-pro-50\/","title":{"rendered":"Kartonschachtel Fenster 15 x 9 x 4.5 cm pro 50"},"content":{"rendered":"<h2>Kartonschachtel Fenster<\/h2>\n<hr>\n<h3>Beschreibung unserer Schachtel aus Fensterkarton 15 x 9 x 4.5 cm pro 50 St\u00fcck<!--more--><\/h3>\n<div class=\"flex max-w-full flex-col flex-grow\">\n<div class=\"min-h-8 text-message flex w-full flex-col items-end gap-2 whitespace-normal break-words text-start [.text-message+&amp;]:mt-5\" dir=\"auto\" data-message-author-role=\"assistant\" data-message-id=\"266ca6f3-5e07-4948-bd20-80ac5e6da4a5\" data-message-model-slug=\"gpt-4o\">\n<div class=\"flex w-full flex-col gap-1 empty:hidden first:pt-[3px]\">\n<div class=\"markdown prose w-full break-words dark:prose-invert dark\">\n<p data-start=\"106\" data-end=\"516\">Entdecken Sie unsere <strong data-start=\"122\" data-end=\"169\">Fensterkartonschachtel 15 x 9 x 4,5 cm zu 50 St\u00fcck<\/strong>, eine Verpackung, die zugleich praktisch und \u00e4sthetisch ist und Ihre Zubereitungen schont. Die aus <strong data-start=\"261\" data-end=\"278\">festem Karton<\/strong> gefertigte <strong data-start=\"261\" data-end=\"278\">Box<\/strong> bietet eine ausgezeichnete Widerstandsf\u00e4higkeit, ist aber dennoch leicht und einfach zu handhaben. Das <strong data-start=\"366\" data-end=\"390\">transparente Fenster<\/strong> bringt Ihre Kreationen zur Geltung, ohne dass Sie die Schachtel \u00f6ffnen m\u00fcssen: ein echter Trumpf, um Ihre Kunden auf den ersten Blick zu verf\u00fchren.  <\/p>\n<p data-start=\"518\" data-end=\"827\">Diese <strong data-start=\"122\" data-end=\"169\">Schachtel<\/strong> ist ideal zum Verpacken von <strong data-start=\"563\" data-end=\"612\">Geb\u00e4ck, Keksen, Schokolade, S\u00fc\u00dfwaren<\/strong> oder auch <strong>Makronen<\/strong>. Dank ihres kompakten Formats passt sie sich perfekt an die Bed\u00fcrfnisse von B\u00e4ckern, Konditoren, Feinkosth\u00e4ndlern oder auch Gastronomen an, die eine qualitativ hochwertige Verpackung suchen. <\/p>\n<p data-start=\"829\" data-end=\"1107\">Sie werden in Packungen zu <strong>50<\/strong> St\u00fcck verkauft und erm\u00f6glichen Ihnen einen ausreichenden Vorrat f\u00fcr Ihren t\u00e4glichen Verkauf oder f\u00fcr Veranstaltungen (Feste, M\u00e4rkte, Fachmessen). Die Zusammenstellung ist schnell und intuitiv, sodass Sie bei der Vorbereitung der Bestellungen Zeit sparen. <\/p>\n<p data-start=\"1109\" data-end=\"1468\">\u00dcber den praktischen Aspekt hinaus vermittelt diese<strong data-start=\"1147\" data-end=\"1166\"> Kartonschachtel<\/strong> ein professionelles und gepflegtes Image. Das <strong>Fenster<\/strong> sorgt f\u00fcr einen eleganten Touch und erm\u00f6glicht es dem Verbraucher, die Frische und den Genuss des Inhalts sofort zu sehen. Dar\u00fcber hinaus ist <strong>Karton<\/strong> ein umweltfreundliches Material, das zu einem verantwortungsvolleren Konsum beitr\u00e4gt.  <\/p>\n<p data-start=\"1470\" data-end=\"1659\">Ob Sie Handwerker oder Gastronomiefachmann sind, diese <strong data-start=\"1536\" data-end=\"1565\">Fensterkartonschachtel<\/strong> ist ein unverzichtbarer Verb\u00fcndeter, um Ihre Gourmetprodukte zu sch\u00fctzen, zu transportieren und aufzuwerten.<\/p>\n<p data-start=\"1470\" data-end=\"1659\">\n<\/div>\n<\/div>\n<\/div>\n<\/div>\n<p><!--more--><\/p>\n<h4>Vorteile :<\/h4>\n<ul>\n<li><strong data-start=\"1650\" data-end=\"1674\">Transparentes Fenster<\/strong>, das Ihre Produkte hervorhebt.<\/li>\n<li>Stabiler und recycelbarer <strong>Lebensmittelkarton<\/strong>.<\/li>\n<li>Praktisches Format f\u00fcr Kekse, Schokolade und kleine Leckereien.<\/li>\n<li>Schlichte, elegante \u00c4sthetik, die sich leicht individuell gestalten l\u00e4sst.<\/li>\n<li>Packung mit 50 St\u00fcck.<\/li>\n<\/ul>\n<p>&nbsp;<\/p>\n<p><!--more--><\/p>\n<h4>Weitere Informationen :<\/h4>\n<ul>\n<li><strong>Verpackung<\/strong>: Packung mit 50 St\u00fcck<\/li>\n<li><strong>Ma\u00dfe<\/strong>: 15 x 9 x 4.5 cm (L x B x H)<\/li>\n<li><strong>Material<\/strong>: Karton \/ PET<\/li>\n<li><strong>Farbe<\/strong>: Kraft<\/li>\n<\/ul>\n<p>&nbsp;<\/p>\n<p><!--more--><\/p>\n<p>Produkt in verschiedenen Gr\u00f6\u00dfen erh\u00e4ltlich : <span style=\"color: #d12727;\"><a style=\"color: #d12727;\" href=\"https:\/\/www.csj-emballages.com\/de\/produit\/kartonschachtel-fenster-10-x-10-x-4-cm-pro-50\/\">10 x 10 x 4 cm<\/a> <span style=\"color: #000000;\">\/<\/span> <a style=\"color: #d12727;\" href=\"https:\/\/www.csj-emballages.com\/de\/produit\/kartonschachtel-fenster-20-x-12-x-4-cm-pro-50\/\">20 x 12 x 4 cm<\/a> <span style=\"color: #000000;\">\/<\/span> <a style=\"color: #d12727;\" href=\"https:\/\/www.csj-emballages.com\/de\/produit\/kartonschachtel-fenster-14-x-14-x-6-cm-pro-50\/\">14 x 14 x 6 cm<\/a> <span style=\"color: #000000;\">\/<\/span> <a style=\"color: #d12727;\" href=\"https:\/\/www.csj-emballages.com\/de\/produit\/50-schachteln-fensterkarton-20-x-6-cm\/\">20 x 20 x 4 cm<\/a> <span style=\"color: #000000;\">\/<\/span> <a style=\"color: #d12727;\" href=\"https:\/\/www.csj-emballages.com\/de\/produit\/kartonschachtel-fenster-24-x-24-x-4-cm-pro-50\/\">24 x 24 x 4 cm<\/a><\/span><\/p>\n<p>&nbsp;<\/p>\n<p><!--more--><\/p>\n<p><a href=\"https:\/\/www.csj-emballages.com\/de\/categorie-produit\/lebensmittelverpackungen\/backerei-und-konditorei\/schachteln-und-etuis\/fensterkasten\/\">Sehen Sie sich den Rest unseres Sortiments an Fensterk\u00e4sten an<\/a><\/p>\n","protected":false},"excerpt":{"rendered":"<p>Kartonschachtel Fenster Beschreibung unserer Schachtel aus Fensterkarton 15 x 9 x 4.5 cm pro 50 St\u00fcck<\/p>\n","protected":false},"featured_media":221544,"template":"","meta":{"_acf_changed":false},"product_brand":[],"product_cat":[1137,1171,3964,1172,1256,3935],"product_tag":[],"class_list":{"0":"post-226156","1":"product","2":"type-product","3":"status-publish","4":"has-post-thumbnail","6":"product_cat-lebensmittelverpackungen","7":"product_cat-backerei-und-konditorei","8":"product_cat-schachteln-und-etuis","9":"product_cat-fensterkasten","10":"product_cat-gebackschachteln","11":"product_cat-gebackschachteln-fenster","13":"first","14":"instock","15":"taxable","16":"shipping-taxable","17":"purchasable","18":"product-type-simple"},"acf":[],"yoast_head":"<!-- This site is optimized with the Yoast SEO Premium plugin v26.6 (Yoast SEO v26.6) - https:\/\/yoast.com\/wordpress\/plugins\/seo\/ -->\n<title>Fensterkarton 15 x 9 x 4.5 cm pro 50<\/title>\n<meta name=\"description\" content=\"Kartonschachtel mit Fenster 15 x 9 x 4,5 cm - Ideal f\u00fcr Geb\u00e4ck, Snacks und Einzelportionen. Strapazierf\u00e4hig, recycelbar und perfekt f\u00fcr den Transport.\" \/>\n<meta name=\"robots\" content=\"index, follow, max-snippet:-1, max-image-preview:large, max-video-preview:-1\" \/>\n<link rel=\"canonical\" href=\"https:\/\/www.csj-emballages.com\/de\/produit\/kartonschachtel-fenster-15-x-9-x-4-5-cm-pro-50\/\" \/>\n<meta property=\"og:locale\" content=\"de_DE\" \/>\n<meta property=\"og:type\" content=\"article\" \/>\n<meta property=\"og:title\" content=\"Kartonschachtel Fenster 15 x 9 x 4.5 cm pro 50\" \/>\n<meta property=\"og:description\" content=\"Kartonschachtel mit Fenster 15 x 9 x 4,5 cm - Ideal f\u00fcr Geb\u00e4ck, Snacks und Einzelportionen. Strapazierf\u00e4hig, recycelbar und perfekt f\u00fcr den Transport.\" \/>\n<meta property=\"og:url\" content=\"https:\/\/www.csj-emballages.com\/de\/produit\/kartonschachtel-fenster-15-x-9-x-4-5-cm-pro-50\/\" \/>\n<meta property=\"og:site_name\" content=\"CSJ Emballages\" \/>\n<meta property=\"article:publisher\" content=\"https:\/\/www.facebook.com\/csjemballages\" \/>\n<meta property=\"article:modified_time\" content=\"2026-03-13T01:11:36+00:00\" \/>\n<meta property=\"og:image\" content=\"https:\/\/www.csj-emballages.com\/wp-content\/uploads\/2024\/12\/BTPF15.webp\" \/>\n\t<meta property=\"og:image:width\" content=\"800\" \/>\n\t<meta property=\"og:image:height\" content=\"800\" \/>\n\t<meta property=\"og:image:type\" content=\"image\/webp\" \/>\n<meta name=\"twitter:card\" content=\"summary_large_image\" \/>\n<meta name=\"twitter:label1\" content=\"Gesch\u00e4tzte Lesezeit\" \/>\n\t<meta name=\"twitter:data1\" content=\"2 Minuten\" \/>\n<script type=\"application\/ld+json\" class=\"yoast-schema-graph\">{\"@context\":\"https:\/\/schema.org\",\"@graph\":[{\"@type\":\"WebPage\",\"@id\":\"https:\/\/www.csj-emballages.com\/de\/produit\/kartonschachtel-fenster-15-x-9-x-4-5-cm-pro-50\/\",\"url\":\"https:\/\/www.csj-emballages.com\/de\/produit\/kartonschachtel-fenster-15-x-9-x-4-5-cm-pro-50\/\",\"name\":\"Fensterkarton 15 x 9 x 4.5 cm pro 50\",\"isPartOf\":{\"@id\":\"https:\/\/www.csj-emballages.com\/de\/#website\"},\"primaryImageOfPage\":{\"@id\":\"https:\/\/www.csj-emballages.com\/de\/produit\/kartonschachtel-fenster-15-x-9-x-4-5-cm-pro-50\/#primaryimage\"},\"image\":{\"@id\":\"https:\/\/www.csj-emballages.com\/de\/produit\/kartonschachtel-fenster-15-x-9-x-4-5-cm-pro-50\/#primaryimage\"},\"thumbnailUrl\":\"https:\/\/www.csj-emballages.com\/wp-content\/uploads\/2024\/12\/BTPF15.webp\",\"datePublished\":\"2024-12-14T01:18:21+00:00\",\"dateModified\":\"2026-03-13T01:11:36+00:00\",\"description\":\"Kartonschachtel mit Fenster 15 x 9 x 4,5 cm - Ideal f\u00fcr Geb\u00e4ck, Snacks und Einzelportionen. Strapazierf\u00e4hig, recycelbar und perfekt f\u00fcr den Transport.\",\"breadcrumb\":{\"@id\":\"https:\/\/www.csj-emballages.com\/de\/produit\/kartonschachtel-fenster-15-x-9-x-4-5-cm-pro-50\/#breadcrumb\"},\"inLanguage\":\"de\",\"potentialAction\":[{\"@type\":\"ReadAction\",\"target\":[\"https:\/\/www.csj-emballages.com\/de\/produit\/kartonschachtel-fenster-15-x-9-x-4-5-cm-pro-50\/\"]}]},{\"@type\":\"ImageObject\",\"inLanguage\":\"de\",\"@id\":\"https:\/\/www.csj-emballages.com\/de\/produit\/kartonschachtel-fenster-15-x-9-x-4-5-cm-pro-50\/#primaryimage\",\"url\":\"https:\/\/www.csj-emballages.com\/wp-content\/uploads\/2024\/12\/BTPF15.webp\",\"contentUrl\":\"https:\/\/www.csj-emballages.com\/wp-content\/uploads\/2024\/12\/BTPF15.webp\",\"width\":800,\"height\":800,\"caption\":\"Boite carton fen\u00eatre\"},{\"@type\":\"BreadcrumbList\",\"@id\":\"https:\/\/www.csj-emballages.com\/de\/produit\/kartonschachtel-fenster-15-x-9-x-4-5-cm-pro-50\/#breadcrumb\",\"itemListElement\":[{\"@type\":\"ListItem\",\"position\":1,\"name\":\"Accueil\",\"item\":\"https:\/\/www.csj-emballages.com\/de\/universum-lebensmittelverpackungen\/\"},{\"@type\":\"ListItem\",\"position\":2,\"name\":\"Shop\",\"item\":\"https:\/\/www.csj-emballages.com\/shop\/\"},{\"@type\":\"ListItem\",\"position\":3,\"name\":\"Kartonschachtel Fenster 15 x 9 x 4.5 cm pro 50\"}]},{\"@type\":\"WebSite\",\"@id\":\"https:\/\/www.csj-emballages.com\/de\/#website\",\"url\":\"https:\/\/www.csj-emballages.com\/de\/\",\"name\":\"CSJ Emballages\",\"description\":\"\",\"publisher\":{\"@id\":\"https:\/\/www.csj-emballages.com\/de\/#organization\"},\"potentialAction\":[{\"@type\":\"SearchAction\",\"target\":{\"@type\":\"EntryPoint\",\"urlTemplate\":\"https:\/\/www.csj-emballages.com\/de\/?s={search_term_string}\"},\"query-input\":{\"@type\":\"PropertyValueSpecification\",\"valueRequired\":true,\"valueName\":\"search_term_string\"}}],\"inLanguage\":\"de\"},{\"@type\":\"Organization\",\"@id\":\"https:\/\/www.csj-emballages.com\/de\/#Organization\/\",\"name\":\"CSJ Emballages\",\"url\":\"https:\/\/www.csj-emballages.com\/de\/\",\"logo\":{\"@type\":\"ImageObject\",\"inLanguage\":\"de\",\"@id\":\"https:\/\/www.csj-emballages.com\/de\/#\/schema\/logo\/image\/\",\"url\":\"https:\/\/www.csj-emballages.com\/wp-content\/uploads\/2023\/10\/logo_csj.webp\",\"contentUrl\":\"https:\/\/www.csj-emballages.com\/wp-content\/uploads\/2023\/10\/logo_csj.webp\",\"width\":250,\"height\":95,\"caption\":\"CSJ Emballages\"},\"image\":{\"@id\":\"https:\/\/www.csj-emballages.com\/de\/#\/schema\/logo\/image\/\"},\"sameAs\":[\"https:\/\/www.facebook.com\/csjemballages\"],\"address\":{\"@type\":\"PostalAddress\",\"streetAddress\":\"ZI La Lechere\",\"addressLocality\":\"Patornay\",\"postalCode\":\"39130\",\"addressCountry\":\"FR\"},\"contactPoint\":[{\"@type\":\"ContactPoint\",\"contactType\":\"Service client\",\"telephone\":\"0384254272\",\"email\":\"contact@csj-emballages.com\"}]}]}<\/script>\n<!-- \/ Yoast SEO Premium plugin. -->","yoast_head_json":{"title":"Fensterkarton 15 x 9 x 4.5 cm pro 50","description":"Kartonschachtel mit Fenster 15 x 9 x 4,5 cm - Ideal f\u00fcr Geb\u00e4ck, Snacks und Einzelportionen. Strapazierf\u00e4hig, recycelbar und perfekt f\u00fcr den Transport.","robots":{"index":"index","follow":"follow","max-snippet":"max-snippet:-1","max-image-preview":"max-image-preview:large","max-video-preview":"max-video-preview:-1"},"canonical":"https:\/\/www.csj-emballages.com\/de\/produit\/kartonschachtel-fenster-15-x-9-x-4-5-cm-pro-50\/","og_locale":"de_DE","og_type":"article","og_title":"Kartonschachtel Fenster 15 x 9 x 4.5 cm pro 50","og_description":"Kartonschachtel mit Fenster 15 x 9 x 4,5 cm - Ideal f\u00fcr Geb\u00e4ck, Snacks und Einzelportionen. Strapazierf\u00e4hig, recycelbar und perfekt f\u00fcr den Transport.","og_url":"https:\/\/www.csj-emballages.com\/de\/produit\/kartonschachtel-fenster-15-x-9-x-4-5-cm-pro-50\/","og_site_name":"CSJ Emballages","article_publisher":"https:\/\/www.facebook.com\/csjemballages","article_modified_time":"2026-03-13T01:11:36+00:00","og_image":[{"width":800,"height":800,"url":"https:\/\/www.csj-emballages.com\/wp-content\/uploads\/2024\/12\/BTPF15.webp","type":"image\/webp"}],"twitter_card":"summary_large_image","twitter_misc":{"Gesch\u00e4tzte Lesezeit":"2 Minuten"},"schema":{"@context":"https:\/\/schema.org","@graph":[{"@type":"WebPage","@id":"https:\/\/www.csj-emballages.com\/de\/produit\/kartonschachtel-fenster-15-x-9-x-4-5-cm-pro-50\/","url":"https:\/\/www.csj-emballages.com\/de\/produit\/kartonschachtel-fenster-15-x-9-x-4-5-cm-pro-50\/","name":"Fensterkarton 15 x 9 x 4.5 cm pro 50","isPartOf":{"@id":"https:\/\/www.csj-emballages.com\/de\/#website"},"primaryImageOfPage":{"@id":"https:\/\/www.csj-emballages.com\/de\/produit\/kartonschachtel-fenster-15-x-9-x-4-5-cm-pro-50\/#primaryimage"},"image":{"@id":"https:\/\/www.csj-emballages.com\/de\/produit\/kartonschachtel-fenster-15-x-9-x-4-5-cm-pro-50\/#primaryimage"},"thumbnailUrl":"https:\/\/www.csj-emballages.com\/wp-content\/uploads\/2024\/12\/BTPF15.webp","datePublished":"2024-12-14T01:18:21+00:00","dateModified":"2026-03-13T01:11:36+00:00","description":"Kartonschachtel mit Fenster 15 x 9 x 4,5 cm - Ideal f\u00fcr Geb\u00e4ck, Snacks und Einzelportionen. Strapazierf\u00e4hig, recycelbar und perfekt f\u00fcr den Transport.","breadcrumb":{"@id":"https:\/\/www.csj-emballages.com\/de\/produit\/kartonschachtel-fenster-15-x-9-x-4-5-cm-pro-50\/#breadcrumb"},"inLanguage":"de","potentialAction":[{"@type":"ReadAction","target":["https:\/\/www.csj-emballages.com\/de\/produit\/kartonschachtel-fenster-15-x-9-x-4-5-cm-pro-50\/"]}]},{"@type":"ImageObject","inLanguage":"de","@id":"https:\/\/www.csj-emballages.com\/de\/produit\/kartonschachtel-fenster-15-x-9-x-4-5-cm-pro-50\/#primaryimage","url":"https:\/\/www.csj-emballages.com\/wp-content\/uploads\/2024\/12\/BTPF15.webp","contentUrl":"https:\/\/www.csj-emballages.com\/wp-content\/uploads\/2024\/12\/BTPF15.webp","width":800,"height":800,"caption":"Boite carton fen\u00eatre"},{"@type":"BreadcrumbList","@id":"https:\/\/www.csj-emballages.com\/de\/produit\/kartonschachtel-fenster-15-x-9-x-4-5-cm-pro-50\/#breadcrumb","itemListElement":[{"@type":"ListItem","position":1,"name":"Accueil","item":"https:\/\/www.csj-emballages.com\/de\/universum-lebensmittelverpackungen\/"},{"@type":"ListItem","position":2,"name":"Shop","item":"https:\/\/www.csj-emballages.com\/shop\/"},{"@type":"ListItem","position":3,"name":"Kartonschachtel Fenster 15 x 9 x 4.5 cm pro 50"}]},{"@type":"WebSite","@id":"https:\/\/www.csj-emballages.com\/de\/#website","url":"https:\/\/www.csj-emballages.com\/de\/","name":"CSJ Emballages","description":"","publisher":{"@id":"https:\/\/www.csj-emballages.com\/de\/#organization"},"potentialAction":[{"@type":"SearchAction","target":{"@type":"EntryPoint","urlTemplate":"https:\/\/www.csj-emballages.com\/de\/?s={search_term_string}"},"query-input":{"@type":"PropertyValueSpecification","valueRequired":true,"valueName":"search_term_string"}}],"inLanguage":"de"},{"@type":"Organization","@id":"https:\/\/www.csj-emballages.com\/de\/#Organization\/","name":"CSJ Emballages","url":"https:\/\/www.csj-emballages.com\/de\/","logo":{"@type":"ImageObject","inLanguage":"de","@id":"https:\/\/www.csj-emballages.com\/de\/#\/schema\/logo\/image\/","url":"https:\/\/www.csj-emballages.com\/wp-content\/uploads\/2023\/10\/logo_csj.webp","contentUrl":"https:\/\/www.csj-emballages.com\/wp-content\/uploads\/2023\/10\/logo_csj.webp","width":250,"height":95,"caption":"CSJ Emballages"},"image":{"@id":"https:\/\/www.csj-emballages.com\/de\/#\/schema\/logo\/image\/"},"sameAs":["https:\/\/www.facebook.com\/csjemballages"],"address":{"@type":"PostalAddress","streetAddress":"ZI La Lechere","addressLocality":"Patornay","postalCode":"39130","addressCountry":"FR"},"contactPoint":[{"@type":"ContactPoint","contactType":"Service client","telephone":"0384254272","email":"contact@csj-emballages.com"}]}]}},"df_price":29.78,"df_sale_price":"","df_regular_price":29.78,"df_image_link":"https:\/\/www.csj-emballages.com\/wp-content\/uploads\/2024\/12\/BTPF15-300x300.webp","tiered_pricing_type":"fixed","tiered_pricing_fixed_rules":[],"tiered_pricing_percentage_rules":[],"tiered_pricing_minimum":1,"tiered_pricing_roles_data":[],"_links":{"self":[{"href":"https:\/\/www.csj-emballages.com\/de\/wp-json\/wp\/v2\/product\/226156","targetHints":{"allow":["GET"]}}],"collection":[{"href":"https:\/\/www.csj-emballages.com\/de\/wp-json\/wp\/v2\/product"}],"about":[{"href":"https:\/\/www.csj-emballages.com\/de\/wp-json\/wp\/v2\/types\/product"}],"wp:featuredmedia":[{"embeddable":true,"href":"https:\/\/www.csj-emballages.com\/de\/wp-json\/wp\/v2\/media\/221544"}],"wp:attachment":[{"href":"https:\/\/www.csj-emballages.com\/de\/wp-json\/wp\/v2\/media?parent=226156"}],"wp:term":[{"taxonomy":"product_brand","embeddable":true,"href":"https:\/\/www.csj-emballages.com\/de\/wp-json\/wp\/v2\/product_brand?post=226156"},{"taxonomy":"product_cat","embeddable":true,"href":"https:\/\/www.csj-emballages.com\/de\/wp-json\/wp\/v2\/product_cat?post=226156"},{"taxonomy":"product_tag","embeddable":true,"href":"https:\/\/www.csj-emballages.com\/de\/wp-json\/wp\/v2\/product_tag?post=226156"}],"curies":[{"name":"wp","href":"https:\/\/api.w.org\/{rel}","templated":true}]}}