{"id":226137,"date":"2024-12-06T02:18:18","date_gmt":"2024-12-06T01:18:18","guid":{"rendered":"https:\/\/www.csj-emballages.com\/produit\/konditoreibox-modell-royal-20-x-8-cm-pro-50\/"},"modified":"2026-04-28T02:12:50","modified_gmt":"2026-04-28T00:12:50","slug":"konditoreibox-modell-royal-20-x-8-cm-pro-50","status":"publish","type":"product","link":"https:\/\/www.csj-emballages.com\/de\/produit\/konditoreibox-modell-royal-20-x-8-cm-pro-50\/","title":{"rendered":"Konditoreibox Modell &#8218;Royal&#8216; 20 x 8 cm pro 50"},"content":{"rendered":"<h2>Kuchenbox<\/h2>\n<hr>\n<h3><span style=\"font-weight: bold;\">Entdecken Sie unsere Konditoreidose Modell &#8218;Royal&#8216; 20 x 8 cm \u00e0 50 St\u00fcck<\/span><\/h3>\n<p><!--more--><\/p>\n<p>Entdecken Sie die <strong>Konditoreidose<\/strong> Modell <strong><em>Royal<\/em><\/strong>Sie ist eine ideale L\u00f6sung, um Ihre s\u00fc\u00dfen Kreationen elegant zu pr\u00e4sentieren und zu transportieren. Zun\u00e4chst einmal ist diese Schachtel <strong>20 x 8 cm<\/strong> gro\u00df und bietet damit eine Gr\u00f6\u00dfe, die perfekt f\u00fcr mittelgro\u00dfe Geb\u00e4cke geeignet ist. Ob Sie nun ein professioneller Konditor oder ein Hobbyb\u00e4cker sind, diese <strong>Kuchenschachtel<\/strong> im <strong>50er-Pack<\/strong> wird Ihren Bed\u00fcrfnissen gerecht. Diese sorgf\u00e4ltig entworfene <strong>Konditoreidose<\/strong> vereint Zweckm\u00e4\u00dfigkeit und \u00c4sthetik. Dank ihrer klaren und modernen Linien veredelt sie Ihre Desserts. Die robuste Kartonstruktur sorgt daf\u00fcr, dass auch die empfindlichsten Kreationen sicher transportiert werden k\u00f6nnen. Au\u00dferdem bietet sie optimalen Schutz vor St\u00f6\u00dfen und Feuchtigkeit.      <\/p>\n<p>Die clevere \u00d6ffnung erleichtert Ihren Kunden oder G\u00e4sten das Servieren. Denn mit wenigen Handgriffen l\u00e4sst sich die <strong>Kuchenschachtel<\/strong> \u00f6ffnen, sodass Ihre Desserts tadellos pr\u00e4sentiert werden k\u00f6nnen. Dieses Detail ist entscheidend, um die Qualit\u00e4t und Frische Ihrer Produkte zu bewahren.  <\/p>\n<p>&nbsp;<\/p>\n<p><!--more--><\/p>\n<h3>Ideale Kapazit\u00e4t f\u00fcr Ihre Backwaren<\/h3>\n<p>Mit ihren gro\u00dfz\u00fcgigen Ma\u00dfen von <strong>20 x 8 cm<\/strong> eignet sich diese <strong>Konditoreidose<\/strong> f\u00fcr Kuchen, Torten oder Rouladen. Sie bietet ausreichend Platz f\u00fcr Ihre Desserts und verhindert gleichzeitig, dass diese besch\u00e4digt werden. Da sie aus recycelbarem Material hergestellt ist, erf\u00fcllt diese <strong>Konditoreischachtel<\/strong> Ihre Umweltverpflichtungen. Wenn Sie sich f\u00fcr diese Verpackung entscheiden, verbinden Sie Praktizit\u00e4t mit \u00f6kologischer Verantwortung. So tragen Sie zu einer nachhaltigen Vorgehensweise bei und werten gleichzeitig Ihre Produkte auf. Die Verpackung zu <strong>50<\/strong> St\u00fcck garantiert Ihnen einen ausreichenden Vorrat f\u00fcr Ihren regelm\u00e4\u00dfigen Bedarf. Diese <strong>Kuchenschachtel<\/strong> ist eine wirtschaftliche und kluge Wahl, um Ihre Bestellungen in gro\u00dfen Mengen zu verwalten. Ebenso eignet sie sich perfekt f\u00fcr Konditoreien, B\u00e4ckereien oder Caterer, die Qualit\u00e4t und Kostenkontrolle miteinander verbinden m\u00f6chten.       <\/p>\n<p>&nbsp;<\/p>\n<p><!--more--><\/p>\n<h3>Warum sollte man sich f\u00fcr die Patisserie-Dose Royal entscheiden?<\/h3>\n<p>Dieses Modell <strong><em>Royal<\/em><\/strong> wurde entwickelt, um den Anforderungen der anspruchsvollsten Profis gerecht zu werden. Sie bietet ein hervorragendes Preis-Leistungs-Verh\u00e4ltnis. Ihre Robustheit, ihre \u00c4sthetik und ihre Praktikabilit\u00e4t machen sie zu einem Muss, um Ihre s\u00fc\u00dfen Kreationen zur Geltung zu bringen. Kurz gesagt: Mit dieser <strong>Kuchenbox<\/strong> vereinen Sie Eleganz und Funktionalit\u00e4t.   <\/p>\n<p>&nbsp;<\/p>\n<p><!--more--><\/p>\n<p>Entscheiden Sie sich jetzt f\u00fcr die <strong>Konditoreidose<\/strong> Modell. <strong><em>Royal<\/em><\/strong>. Sie ist die ideale L\u00f6sung, um Ihre Desserts stilvoll zu transportieren, zu pr\u00e4sentieren und zu sch\u00fctzen. <\/p>\n<p>&nbsp;<\/p>\n<p><!--more--><\/p>\n<h4>Die Vorteile :<\/h4>\n<ul>\n<li><strong>Benutzerfreundlich<\/strong>: Die clevere \u00d6ffnung erm\u00f6glicht einen schnellen Zugriff und garantiert gleichzeitig eine sch\u00f6ne Pr\u00e4sentation.<\/li>\n<li><strong>Vielseitiges Format<\/strong>: Die Ma\u00dfe (20 x 8 cm) eignen sich perfekt f\u00fcr verschiedene Arten von Geb\u00e4ck.<\/li>\n<li><strong>Umweltfreundliches Material<\/strong>: Aus recycelbarem Karton hergestellt, verbindet es Nachhaltigkeit und Umweltfreundlichkeit.<\/li>\n<li><strong>Preisg\u00fcnstige Verpackung<\/strong>: Verkauf in Packungen zu 50 St\u00fcck, ideal f\u00fcr Fachleute, die ihren Bestand effizient verwalten m\u00f6chten.<\/li>\n<\/ul>\n<p>&nbsp;<\/p>\n<p><!--more--><\/p>\n<h4>Weitere Informationen :<\/h4>\n<ul>\n<li><strong>Verpackung<\/strong>: Packung mit 50 St\u00fcck<\/li>\n<li><b>Ma\u00dfe: <\/b>20 x 8 cm (L x B x H)<\/li>\n<li><strong>Material<\/strong>: Karton<\/li>\n<li><strong>Farbe: <\/strong>Wassergr\u00fcn \/ Gold<\/li>\n<li><strong>Modell<\/strong>: Royal<\/li>\n<li><strong>Kategorie<\/strong>: Konditoreidose<\/li>\n<\/ul>\n<p>&nbsp;<\/p>\n<p><!--more--><\/p>\n<p><a href=\"https:\/\/www.csj-emballages.com\/de\/categorie-produit\/lebensmittelverpackungen\/backerei-und-konditorei\/schachteln-und-etuis\/gebackschachteln\/bunte-gebackschachteln\/\">Sehen Sie sich hier den Rest unseres Sortiments an bunten Konditoreidosen an.<\/a><\/p>\n","protected":false},"excerpt":{"rendered":"<p>Kuchenbox Entdecken Sie unsere Konditoreidose Modell &#8218;Royal&#8216; 20 x 8 cm \u00e0 50 St\u00fcck<\/p>\n","protected":false},"featured_media":193821,"template":"","meta":{"_acf_changed":false},"product_brand":[],"product_cat":[1137,1171,3964,1256,1261,9271,1265],"product_tag":[],"class_list":{"0":"post-226137","1":"product","2":"type-product","3":"status-publish","4":"has-post-thumbnail","6":"product_cat-lebensmittelverpackungen","7":"product_cat-backerei-und-konditorei","8":"product_cat-schachteln-und-etuis","9":"product_cat-gebackschachteln","10":"product_cat-bunte-gebackschachteln","11":"product_cat-bunte-keksdosen-lektion","12":"product_cat-lagerbestande-promotion","14":"first","15":"instock","16":"sale","17":"taxable","18":"shipping-taxable","19":"purchasable","20":"product-type-simple"},"acf":[],"yoast_head":"<!-- This site is optimized with the Yoast SEO Premium plugin v26.6 (Yoast SEO v26.6) - https:\/\/yoast.com\/wordpress\/plugins\/seo\/ -->\n<title>Kuchen-\/Konditoreibox Modell &#039;Royal&#039; - 20 x 8 cm<\/title>\n<meta name=\"description\" content=\"Entdecken Sie die Kuchen- und Tortenschachtel Modell Royal in der Gr\u00f6\u00dfe 20 x 8 cm x 50: elegant und recycelbar, ideal, um Ihre Desserts zu veredeln und zu transportieren.\" \/>\n<meta name=\"robots\" content=\"index, follow, max-snippet:-1, max-image-preview:large, max-video-preview:-1\" \/>\n<link rel=\"canonical\" href=\"https:\/\/www.csj-emballages.com\/de\/produit\/konditoreibox-modell-royal-20-x-8-cm-pro-50\/\" \/>\n<meta property=\"og:locale\" content=\"de_DE\" \/>\n<meta property=\"og:type\" content=\"article\" \/>\n<meta property=\"og:title\" content=\"Konditoreibox Modell &#039;Royal&#039; 20 x 8 cm pro 50\" \/>\n<meta property=\"og:description\" content=\"Entdecken Sie die Kuchen- und Tortenschachtel Modell Royal in der Gr\u00f6\u00dfe 20 x 8 cm x 50: elegant und recycelbar, ideal, um Ihre Desserts zu veredeln und zu transportieren.\" \/>\n<meta property=\"og:url\" content=\"https:\/\/www.csj-emballages.com\/de\/produit\/konditoreibox-modell-royal-20-x-8-cm-pro-50\/\" \/>\n<meta property=\"og:site_name\" content=\"CSJ Emballages\" \/>\n<meta property=\"article:publisher\" content=\"https:\/\/www.facebook.com\/csjemballages\" \/>\n<meta property=\"article:modified_time\" content=\"2026-04-28T00:12:50+00:00\" \/>\n<meta property=\"og:image\" content=\"https:\/\/www.csj-emballages.com\/wp-content\/uploads\/2024\/11\/BTP-Royal.webp\" \/>\n\t<meta property=\"og:image:width\" content=\"800\" \/>\n\t<meta property=\"og:image:height\" content=\"800\" \/>\n\t<meta property=\"og:image:type\" content=\"image\/webp\" \/>\n<meta name=\"twitter:card\" content=\"summary_large_image\" \/>\n<meta name=\"twitter:label1\" content=\"Gesch\u00e4tzte Lesezeit\" \/>\n\t<meta name=\"twitter:data1\" content=\"3 Minuten\" \/>\n<script type=\"application\/ld+json\" class=\"yoast-schema-graph\">{\"@context\":\"https:\/\/schema.org\",\"@graph\":[{\"@type\":\"WebPage\",\"@id\":\"https:\/\/www.csj-emballages.com\/de\/produit\/konditoreibox-modell-royal-20-x-8-cm-pro-50\/\",\"url\":\"https:\/\/www.csj-emballages.com\/de\/produit\/konditoreibox-modell-royal-20-x-8-cm-pro-50\/\",\"name\":\"Kuchen-\/Konditoreibox Modell 'Royal' - 20 x 8 cm\",\"isPartOf\":{\"@id\":\"https:\/\/www.csj-emballages.com\/de\/#website\"},\"primaryImageOfPage\":{\"@id\":\"https:\/\/www.csj-emballages.com\/de\/produit\/konditoreibox-modell-royal-20-x-8-cm-pro-50\/#primaryimage\"},\"image\":{\"@id\":\"https:\/\/www.csj-emballages.com\/de\/produit\/konditoreibox-modell-royal-20-x-8-cm-pro-50\/#primaryimage\"},\"thumbnailUrl\":\"https:\/\/www.csj-emballages.com\/wp-content\/uploads\/2024\/11\/BTP-Royal.webp\",\"datePublished\":\"2024-12-06T01:18:18+00:00\",\"dateModified\":\"2026-04-28T00:12:50+00:00\",\"description\":\"Entdecken Sie die Kuchen- und Tortenschachtel Modell Royal in der Gr\u00f6\u00dfe 20 x 8 cm x 50: elegant und recycelbar, ideal, um Ihre Desserts zu veredeln und zu transportieren.\",\"breadcrumb\":{\"@id\":\"https:\/\/www.csj-emballages.com\/de\/produit\/konditoreibox-modell-royal-20-x-8-cm-pro-50\/#breadcrumb\"},\"inLanguage\":\"de\",\"potentialAction\":[{\"@type\":\"ReadAction\",\"target\":[\"https:\/\/www.csj-emballages.com\/de\/produit\/konditoreibox-modell-royal-20-x-8-cm-pro-50\/\"]}]},{\"@type\":\"ImageObject\",\"inLanguage\":\"de\",\"@id\":\"https:\/\/www.csj-emballages.com\/de\/produit\/konditoreibox-modell-royal-20-x-8-cm-pro-50\/#primaryimage\",\"url\":\"https:\/\/www.csj-emballages.com\/wp-content\/uploads\/2024\/11\/BTP-Royal.webp\",\"contentUrl\":\"https:\/\/www.csj-emballages.com\/wp-content\/uploads\/2024\/11\/BTP-Royal.webp\",\"width\":800,\"height\":800,\"caption\":\"boite patissiere\"},{\"@type\":\"BreadcrumbList\",\"@id\":\"https:\/\/www.csj-emballages.com\/de\/produit\/konditoreibox-modell-royal-20-x-8-cm-pro-50\/#breadcrumb\",\"itemListElement\":[{\"@type\":\"ListItem\",\"position\":1,\"name\":\"Accueil\",\"item\":\"https:\/\/www.csj-emballages.com\/de\/universum-lebensmittelverpackungen\/\"},{\"@type\":\"ListItem\",\"position\":2,\"name\":\"Shop\",\"item\":\"https:\/\/www.csj-emballages.com\/shop\/\"},{\"@type\":\"ListItem\",\"position\":3,\"name\":\"Konditoreibox Modell &lsquo;Royal&rsquo; 20 x 8 cm pro 50\"}]},{\"@type\":\"WebSite\",\"@id\":\"https:\/\/www.csj-emballages.com\/de\/#website\",\"url\":\"https:\/\/www.csj-emballages.com\/de\/\",\"name\":\"CSJ Emballages\",\"description\":\"\",\"publisher\":{\"@id\":\"https:\/\/www.csj-emballages.com\/de\/#organization\"},\"potentialAction\":[{\"@type\":\"SearchAction\",\"target\":{\"@type\":\"EntryPoint\",\"urlTemplate\":\"https:\/\/www.csj-emballages.com\/de\/?s={search_term_string}\"},\"query-input\":{\"@type\":\"PropertyValueSpecification\",\"valueRequired\":true,\"valueName\":\"search_term_string\"}}],\"inLanguage\":\"de\"},{\"@type\":\"Organization\",\"@id\":\"https:\/\/www.csj-emballages.com\/de\/#Organization\/\",\"name\":\"CSJ Emballages\",\"url\":\"https:\/\/www.csj-emballages.com\/de\/\",\"logo\":{\"@type\":\"ImageObject\",\"inLanguage\":\"de\",\"@id\":\"https:\/\/www.csj-emballages.com\/de\/#\/schema\/logo\/image\/\",\"url\":\"https:\/\/www.csj-emballages.com\/wp-content\/uploads\/2023\/10\/logo_csj.webp\",\"contentUrl\":\"https:\/\/www.csj-emballages.com\/wp-content\/uploads\/2023\/10\/logo_csj.webp\",\"width\":250,\"height\":95,\"caption\":\"CSJ Emballages\"},\"image\":{\"@id\":\"https:\/\/www.csj-emballages.com\/de\/#\/schema\/logo\/image\/\"},\"sameAs\":[\"https:\/\/www.facebook.com\/csjemballages\"],\"address\":{\"@type\":\"PostalAddress\",\"streetAddress\":\"ZI La Lechere\",\"addressLocality\":\"Patornay\",\"postalCode\":\"39130\",\"addressCountry\":\"FR\"},\"contactPoint\":[{\"@type\":\"ContactPoint\",\"contactType\":\"Service client\",\"telephone\":\"0384254272\",\"email\":\"contact@csj-emballages.com\"}]}]}<\/script>\n<!-- \/ Yoast SEO Premium plugin. -->","yoast_head_json":{"title":"Kuchen-\/Konditoreibox Modell 'Royal' - 20 x 8 cm","description":"Entdecken Sie die Kuchen- und Tortenschachtel Modell Royal in der Gr\u00f6\u00dfe 20 x 8 cm x 50: elegant und recycelbar, ideal, um Ihre Desserts zu veredeln und zu transportieren.","robots":{"index":"index","follow":"follow","max-snippet":"max-snippet:-1","max-image-preview":"max-image-preview:large","max-video-preview":"max-video-preview:-1"},"canonical":"https:\/\/www.csj-emballages.com\/de\/produit\/konditoreibox-modell-royal-20-x-8-cm-pro-50\/","og_locale":"de_DE","og_type":"article","og_title":"Konditoreibox Modell 'Royal' 20 x 8 cm pro 50","og_description":"Entdecken Sie die Kuchen- und Tortenschachtel Modell Royal in der Gr\u00f6\u00dfe 20 x 8 cm x 50: elegant und recycelbar, ideal, um Ihre Desserts zu veredeln und zu transportieren.","og_url":"https:\/\/www.csj-emballages.com\/de\/produit\/konditoreibox-modell-royal-20-x-8-cm-pro-50\/","og_site_name":"CSJ Emballages","article_publisher":"https:\/\/www.facebook.com\/csjemballages","article_modified_time":"2026-04-28T00:12:50+00:00","og_image":[{"width":800,"height":800,"url":"https:\/\/www.csj-emballages.com\/wp-content\/uploads\/2024\/11\/BTP-Royal.webp","type":"image\/webp"}],"twitter_card":"summary_large_image","twitter_misc":{"Gesch\u00e4tzte Lesezeit":"3 Minuten"},"schema":{"@context":"https:\/\/schema.org","@graph":[{"@type":"WebPage","@id":"https:\/\/www.csj-emballages.com\/de\/produit\/konditoreibox-modell-royal-20-x-8-cm-pro-50\/","url":"https:\/\/www.csj-emballages.com\/de\/produit\/konditoreibox-modell-royal-20-x-8-cm-pro-50\/","name":"Kuchen-\/Konditoreibox Modell 'Royal' - 20 x 8 cm","isPartOf":{"@id":"https:\/\/www.csj-emballages.com\/de\/#website"},"primaryImageOfPage":{"@id":"https:\/\/www.csj-emballages.com\/de\/produit\/konditoreibox-modell-royal-20-x-8-cm-pro-50\/#primaryimage"},"image":{"@id":"https:\/\/www.csj-emballages.com\/de\/produit\/konditoreibox-modell-royal-20-x-8-cm-pro-50\/#primaryimage"},"thumbnailUrl":"https:\/\/www.csj-emballages.com\/wp-content\/uploads\/2024\/11\/BTP-Royal.webp","datePublished":"2024-12-06T01:18:18+00:00","dateModified":"2026-04-28T00:12:50+00:00","description":"Entdecken Sie die Kuchen- und Tortenschachtel Modell Royal in der Gr\u00f6\u00dfe 20 x 8 cm x 50: elegant und recycelbar, ideal, um Ihre Desserts zu veredeln und zu transportieren.","breadcrumb":{"@id":"https:\/\/www.csj-emballages.com\/de\/produit\/konditoreibox-modell-royal-20-x-8-cm-pro-50\/#breadcrumb"},"inLanguage":"de","potentialAction":[{"@type":"ReadAction","target":["https:\/\/www.csj-emballages.com\/de\/produit\/konditoreibox-modell-royal-20-x-8-cm-pro-50\/"]}]},{"@type":"ImageObject","inLanguage":"de","@id":"https:\/\/www.csj-emballages.com\/de\/produit\/konditoreibox-modell-royal-20-x-8-cm-pro-50\/#primaryimage","url":"https:\/\/www.csj-emballages.com\/wp-content\/uploads\/2024\/11\/BTP-Royal.webp","contentUrl":"https:\/\/www.csj-emballages.com\/wp-content\/uploads\/2024\/11\/BTP-Royal.webp","width":800,"height":800,"caption":"boite patissiere"},{"@type":"BreadcrumbList","@id":"https:\/\/www.csj-emballages.com\/de\/produit\/konditoreibox-modell-royal-20-x-8-cm-pro-50\/#breadcrumb","itemListElement":[{"@type":"ListItem","position":1,"name":"Accueil","item":"https:\/\/www.csj-emballages.com\/de\/universum-lebensmittelverpackungen\/"},{"@type":"ListItem","position":2,"name":"Shop","item":"https:\/\/www.csj-emballages.com\/shop\/"},{"@type":"ListItem","position":3,"name":"Konditoreibox Modell &lsquo;Royal&rsquo; 20 x 8 cm pro 50"}]},{"@type":"WebSite","@id":"https:\/\/www.csj-emballages.com\/de\/#website","url":"https:\/\/www.csj-emballages.com\/de\/","name":"CSJ Emballages","description":"","publisher":{"@id":"https:\/\/www.csj-emballages.com\/de\/#organization"},"potentialAction":[{"@type":"SearchAction","target":{"@type":"EntryPoint","urlTemplate":"https:\/\/www.csj-emballages.com\/de\/?s={search_term_string}"},"query-input":{"@type":"PropertyValueSpecification","valueRequired":true,"valueName":"search_term_string"}}],"inLanguage":"de"},{"@type":"Organization","@id":"https:\/\/www.csj-emballages.com\/de\/#Organization\/","name":"CSJ Emballages","url":"https:\/\/www.csj-emballages.com\/de\/","logo":{"@type":"ImageObject","inLanguage":"de","@id":"https:\/\/www.csj-emballages.com\/de\/#\/schema\/logo\/image\/","url":"https:\/\/www.csj-emballages.com\/wp-content\/uploads\/2023\/10\/logo_csj.webp","contentUrl":"https:\/\/www.csj-emballages.com\/wp-content\/uploads\/2023\/10\/logo_csj.webp","width":250,"height":95,"caption":"CSJ Emballages"},"image":{"@id":"https:\/\/www.csj-emballages.com\/de\/#\/schema\/logo\/image\/"},"sameAs":["https:\/\/www.facebook.com\/csjemballages"],"address":{"@type":"PostalAddress","streetAddress":"ZI La Lechere","addressLocality":"Patornay","postalCode":"39130","addressCountry":"FR"},"contactPoint":[{"@type":"ContactPoint","contactType":"Service client","telephone":"0384254272","email":"contact@csj-emballages.com"}]}]}},"df_price":11.94,"df_sale_price":11.94,"df_regular_price":14.93,"df_image_link":"https:\/\/www.csj-emballages.com\/wp-content\/uploads\/2024\/11\/BTP-Royal-300x300.webp","tiered_pricing_type":"fixed","tiered_pricing_fixed_rules":[],"tiered_pricing_percentage_rules":[],"tiered_pricing_minimum":1,"tiered_pricing_roles_data":[],"_links":{"self":[{"href":"https:\/\/www.csj-emballages.com\/de\/wp-json\/wp\/v2\/product\/226137","targetHints":{"allow":["GET"]}}],"collection":[{"href":"https:\/\/www.csj-emballages.com\/de\/wp-json\/wp\/v2\/product"}],"about":[{"href":"https:\/\/www.csj-emballages.com\/de\/wp-json\/wp\/v2\/types\/product"}],"wp:featuredmedia":[{"embeddable":true,"href":"https:\/\/www.csj-emballages.com\/de\/wp-json\/wp\/v2\/media\/193821"}],"wp:attachment":[{"href":"https:\/\/www.csj-emballages.com\/de\/wp-json\/wp\/v2\/media?parent=226137"}],"wp:term":[{"taxonomy":"product_brand","embeddable":true,"href":"https:\/\/www.csj-emballages.com\/de\/wp-json\/wp\/v2\/product_brand?post=226137"},{"taxonomy":"product_cat","embeddable":true,"href":"https:\/\/www.csj-emballages.com\/de\/wp-json\/wp\/v2\/product_cat?post=226137"},{"taxonomy":"product_tag","embeddable":true,"href":"https:\/\/www.csj-emballages.com\/de\/wp-json\/wp\/v2\/product_tag?post=226137"}],"curies":[{"name":"wp","href":"https:\/\/api.w.org\/{rel}","templated":true}]}}