{"id":226132,"date":"2024-11-20T02:18:12","date_gmt":"2024-11-20T01:18:12","guid":{"rendered":"https:\/\/www.csj-emballages.com\/produit\/toilettenpapier-einzelblatt-10-5-x-21-cm-pro-250\/"},"modified":"2026-03-12T16:00:45","modified_gmt":"2026-03-12T15:00:45","slug":"toilettenpapier-einzelblatt-10-5-x-21-cm-pro-250","status":"publish","type":"product","link":"https:\/\/www.csj-emballages.com\/de\/produit\/toilettenpapier-einzelblatt-10-5-x-21-cm-pro-250\/","title":{"rendered":"Einzelblatt-Toilettenpapier 10,5 x 21 cm, 250 Blatt"},"content":{"rendered":"<h2>Toilettenpapier<\/h2>\n<hr>\n<h3>Beschreibung unseres Einzelblatt-Toilettenpapiers 10,5 x 21 cm, 250 Blatt<\/h3>\n<p><!--more--><\/p>\n<div class=\"flex max-w-full flex-col flex-grow\">\n<div class=\"min-h-8 text-message flex w-full flex-col items-end gap-2 whitespace-normal break-words text-start [.text-message+&amp;]:mt-5\" dir=\"auto\" data-message-author-role=\"assistant\" data-message-id=\"266ca6f3-5e07-4948-bd20-80ac5e6da4a5\" data-message-model-slug=\"gpt-4o\">\n<div class=\"flex w-full flex-col gap-1 empty:hidden first:pt-[3px]\">\n<div class=\"markdown prose w-full break-words dark:prose-invert dark\">\n<p data-start=\"226\" data-end=\"558\">Dieses <strong data-start=\"229\" data-end=\"266\">Einzelblatt-Toilettenpapier<\/strong> ist eine einfache und durchdachte L\u00f6sung f\u00fcr Bereiche, in denen Hygiene und Verbrauchskontrolle unerl\u00e4sslich sind. Dank seines Formats von <strong data-start=\"408\" data-end=\"424\">10,5 x 21 cm<\/strong> bietet jedes Blatt eine komfortable Fl\u00e4che und vermeidet gleichzeitig Verschwendung. Man verwendet genau das, was ben\u00f6tigt wird \u2013 nicht mehr und nicht weniger.  <\/p>\n<p data-start=\"560\" data-end=\"898\">Das <strong>Einzelblatt-System<\/strong> erm\u00f6glicht eine <strong>sauberere und kontrolliertere<\/strong> Entnahme. Jeder Benutzer entnimmt ein Blatt nach dem anderen, was die Hygiene verbessert und \u00fcberm\u00e4\u00dfigen Verbrauch begrenzt. Dies ist ein echter Vorteil in stark frequentierten Bereichen wie Unternehmen, \u00f6ffentlichen Einrichtungen, Bildungseinrichtungen, Restaurants oder \u00f6ffentlichen Toiletten.  <\/p>\n<p data-start=\"900\" data-end=\"1246\">Praktisch in passende Spender zu integrieren, erleichtert dieses <strong>Toilettenpapier<\/strong> auch die t\u00e4gliche Verwaltung. Das Nachf\u00fcllen geht schnell, und das Format mit <strong data-start=\"1056\" data-end=\"1072\">250 Bl\u00e4ttern<\/strong> bietet eine gute Autonomie, ohne die Lagerfl\u00e4chen zu \u00fcberf\u00fcllen. Es ist eine zuverl\u00e4ssige L\u00f6sung, um saubere und gut ausgestattete Sanit\u00e4rbereiche den ganzen Tag \u00fcber zu gew\u00e4hrleisten.  <\/p>\n<p data-start=\"1248\" data-end=\"1492\">Dieses <strong>Toilettenpapier eignet sich<\/strong> hervorragend f\u00fcr den professionellen Einsatz, wobei es angenehm im Kontakt bleibt. Es erf\u00fcllt die wesentlichen Anforderungen ohne Komplikationen und steht f\u00fcr Sauberkeit, Praktikabilit\u00e4t und Verbrauchskontrolle. <\/p>\n<p data-start=\"1494\" data-end=\"1662\">Zusammenfassend ist dieses <strong>Einzelblatt-Toilettenpapier<\/strong> eine effiziente Option f\u00fcr alle, die eine hygienische, funktionale und im Alltag einfach zu handhabende L\u00f6sung suchen.<\/p>\n<p data-start=\"1494\" data-end=\"1662\">\n<\/div>\n<\/div>\n<\/div>\n<\/div>\n<p><!--more--><\/p>\n<h4>Vorteile :<\/h4>\n<ul>\n<li data-start=\"1690\" data-end=\"1734\">Hygienische <strong>Einzelblatt-Entnahme<\/strong>.<\/li>\n<li data-start=\"1737\" data-end=\"1768\">Praktisches Format <strong>10,5 x 21 cm<\/strong>.<\/li>\n<li data-start=\"1771\" data-end=\"1794\">Reduziert Verschwendung.<\/li>\n<li data-start=\"1797\" data-end=\"1836\">Geeignet f\u00fcr professionelle Sanit\u00e4rbereiche.<\/li>\n<li data-start=\"1839\" data-end=\"1857\">Einfaches Nachf\u00fcllen.<\/li>\n<li data-start=\"1860\" data-end=\"1880\"><strong>250 Blatt<\/strong>.<\/li>\n<\/ul>\n<p>&nbsp;<\/p>\n<p><!--more--><\/p>\n<h4>Weitere Informationen :<\/h4>\n<ul>\n<li><strong>Verpackung<\/strong>: Packung mit 250<\/li>\n<li><strong>Abmessungen<\/strong>: 10,5 x 21 cm<\/li>\n<li><strong>Material<\/strong>: Zellstoff<\/li>\n<li><strong>Farbe<\/strong>: Wei\u00df<\/li>\n<\/ul>\n<p>&nbsp;<\/p>\n<p><!--more--><\/p>\n<p><a href=\"\/?product_cat=papier-hygieneniques\">Entdecken Sie den Rest unseres Toilettenpapier-Sortiments<\/a><\/p>\n","protected":false},"excerpt":{"rendered":"<p>Toilettenpapier Beschreibung unseres Einzelblatt-Toilettenpapiers 10,5 x 21 cm, 250 Blatt<\/p>\n","protected":false},"featured_media":221067,"template":"","meta":{"_acf_changed":false},"product_brand":[],"product_cat":[1218,1377,1380],"product_tag":[],"class_list":{"0":"post-226132","1":"product","2":"type-product","3":"status-publish","4":"has-post-thumbnail","6":"product_cat-hygiene-und-pflege","7":"product_cat-wischtucher","8":"product_cat-toilettenpapier","10":"first","11":"instock","12":"taxable","13":"shipping-taxable","14":"purchasable","15":"product-type-simple"},"acf":[],"yoast_head":"<!-- This site is optimized with the Yoast SEO Premium plugin v26.6 (Yoast SEO v26.6) - https:\/\/yoast.com\/wordpress\/plugins\/seo\/ -->\n<title>Einzelblatt-Toilettenpapier \u2013 10,5 x 21 cm<\/title>\n<meta name=\"description\" content=\"Einzelblatt-Toilettenpapier 10,5 x 21 cm: Entdecken Sie unser praktisches und sparsames Toilettenpapier mit einzelnen Bl\u00e4ttern von 10,5 x 21 cm.\" \/>\n<meta name=\"robots\" content=\"index, follow, max-snippet:-1, max-image-preview:large, max-video-preview:-1\" \/>\n<link rel=\"canonical\" href=\"https:\/\/www.csj-emballages.com\/de\/produit\/toilettenpapier-einzelblatt-10-5-x-21-cm-pro-250\/\" \/>\n<meta property=\"og:locale\" content=\"de_DE\" \/>\n<meta property=\"og:type\" content=\"article\" \/>\n<meta property=\"og:title\" content=\"Einzelblatt-Toilettenpapier 10,5 x 21 cm, 250 Blatt\" \/>\n<meta property=\"og:description\" content=\"Einzelblatt-Toilettenpapier 10,5 x 21 cm: Entdecken Sie unser praktisches und sparsames Toilettenpapier mit einzelnen Bl\u00e4ttern von 10,5 x 21 cm.\" \/>\n<meta property=\"og:url\" content=\"https:\/\/www.csj-emballages.com\/de\/produit\/toilettenpapier-einzelblatt-10-5-x-21-cm-pro-250\/\" \/>\n<meta property=\"og:site_name\" content=\"CSJ Emballages\" \/>\n<meta property=\"article:publisher\" content=\"https:\/\/www.facebook.com\/csjemballages\" \/>\n<meta property=\"article:modified_time\" content=\"2026-03-12T15:00:45+00:00\" \/>\n<meta property=\"og:image\" content=\"https:\/\/www.csj-emballages.com\/wp-content\/uploads\/2024\/11\/Papier-toilette.webp\" \/>\n\t<meta property=\"og:image:width\" content=\"800\" \/>\n\t<meta property=\"og:image:height\" content=\"800\" \/>\n\t<meta property=\"og:image:type\" content=\"image\/webp\" \/>\n<meta name=\"twitter:card\" content=\"summary_large_image\" \/>\n<meta name=\"twitter:label1\" content=\"Gesch\u00e4tzte Lesezeit\" \/>\n\t<meta name=\"twitter:data1\" content=\"1\u00a0Minute\" \/>\n<script type=\"application\/ld+json\" class=\"yoast-schema-graph\">{\"@context\":\"https:\/\/schema.org\",\"@graph\":[{\"@type\":\"WebPage\",\"@id\":\"https:\/\/www.csj-emballages.com\/de\/produit\/toilettenpapier-einzelblatt-10-5-x-21-cm-pro-250\/\",\"url\":\"https:\/\/www.csj-emballages.com\/de\/produit\/toilettenpapier-einzelblatt-10-5-x-21-cm-pro-250\/\",\"name\":\"Einzelblatt-Toilettenpapier \u2013 10,5 x 21 cm\",\"isPartOf\":{\"@id\":\"https:\/\/www.csj-emballages.com\/de\/#website\"},\"primaryImageOfPage\":{\"@id\":\"https:\/\/www.csj-emballages.com\/de\/produit\/toilettenpapier-einzelblatt-10-5-x-21-cm-pro-250\/#primaryimage\"},\"image\":{\"@id\":\"https:\/\/www.csj-emballages.com\/de\/produit\/toilettenpapier-einzelblatt-10-5-x-21-cm-pro-250\/#primaryimage\"},\"thumbnailUrl\":\"https:\/\/www.csj-emballages.com\/wp-content\/uploads\/2024\/11\/Papier-toilette.webp\",\"datePublished\":\"2024-11-20T01:18:12+00:00\",\"dateModified\":\"2026-03-12T15:00:45+00:00\",\"description\":\"Einzelblatt-Toilettenpapier 10,5 x 21 cm: Entdecken Sie unser praktisches und sparsames Toilettenpapier mit einzelnen Bl\u00e4ttern von 10,5 x 21 cm.\",\"breadcrumb\":{\"@id\":\"https:\/\/www.csj-emballages.com\/de\/produit\/toilettenpapier-einzelblatt-10-5-x-21-cm-pro-250\/#breadcrumb\"},\"inLanguage\":\"de\",\"potentialAction\":[{\"@type\":\"ReadAction\",\"target\":[\"https:\/\/www.csj-emballages.com\/de\/produit\/toilettenpapier-einzelblatt-10-5-x-21-cm-pro-250\/\"]}]},{\"@type\":\"ImageObject\",\"inLanguage\":\"de\",\"@id\":\"https:\/\/www.csj-emballages.com\/de\/produit\/toilettenpapier-einzelblatt-10-5-x-21-cm-pro-250\/#primaryimage\",\"url\":\"https:\/\/www.csj-emballages.com\/wp-content\/uploads\/2024\/11\/Papier-toilette.webp\",\"contentUrl\":\"https:\/\/www.csj-emballages.com\/wp-content\/uploads\/2024\/11\/Papier-toilette.webp\",\"width\":800,\"height\":800,\"caption\":\"Papier toilette\"},{\"@type\":\"BreadcrumbList\",\"@id\":\"https:\/\/www.csj-emballages.com\/de\/produit\/toilettenpapier-einzelblatt-10-5-x-21-cm-pro-250\/#breadcrumb\",\"itemListElement\":[{\"@type\":\"ListItem\",\"position\":1,\"name\":\"Accueil\",\"item\":\"https:\/\/www.csj-emballages.com\/de\/universum-lebensmittelverpackungen\/\"},{\"@type\":\"ListItem\",\"position\":2,\"name\":\"Shop\",\"item\":\"https:\/\/www.csj-emballages.com\/shop\/\"},{\"@type\":\"ListItem\",\"position\":3,\"name\":\"Einzelblatt-Toilettenpapier 10,5 x 21 cm, 250 Blatt\"}]},{\"@type\":\"WebSite\",\"@id\":\"https:\/\/www.csj-emballages.com\/de\/#website\",\"url\":\"https:\/\/www.csj-emballages.com\/de\/\",\"name\":\"CSJ Emballages\",\"description\":\"\",\"publisher\":{\"@id\":\"https:\/\/www.csj-emballages.com\/de\/#organization\"},\"potentialAction\":[{\"@type\":\"SearchAction\",\"target\":{\"@type\":\"EntryPoint\",\"urlTemplate\":\"https:\/\/www.csj-emballages.com\/de\/?s={search_term_string}\"},\"query-input\":{\"@type\":\"PropertyValueSpecification\",\"valueRequired\":true,\"valueName\":\"search_term_string\"}}],\"inLanguage\":\"de\"},{\"@type\":\"Organization\",\"@id\":\"https:\/\/www.csj-emballages.com\/de\/#Organization\/\",\"name\":\"CSJ Emballages\",\"url\":\"https:\/\/www.csj-emballages.com\/de\/\",\"logo\":{\"@type\":\"ImageObject\",\"inLanguage\":\"de\",\"@id\":\"https:\/\/www.csj-emballages.com\/de\/#\/schema\/logo\/image\/\",\"url\":\"https:\/\/www.csj-emballages.com\/wp-content\/uploads\/2023\/10\/logo_csj.webp\",\"contentUrl\":\"https:\/\/www.csj-emballages.com\/wp-content\/uploads\/2023\/10\/logo_csj.webp\",\"width\":250,\"height\":95,\"caption\":\"CSJ Emballages\"},\"image\":{\"@id\":\"https:\/\/www.csj-emballages.com\/de\/#\/schema\/logo\/image\/\"},\"sameAs\":[\"https:\/\/www.facebook.com\/csjemballages\"],\"address\":{\"@type\":\"PostalAddress\",\"streetAddress\":\"ZI La Lechere\",\"addressLocality\":\"Patornay\",\"postalCode\":\"39130\",\"addressCountry\":\"FR\"},\"contactPoint\":[{\"@type\":\"ContactPoint\",\"contactType\":\"Service client\",\"telephone\":\"0384254272\",\"email\":\"contact@csj-emballages.com\"}]}]}<\/script>\n<!-- \/ Yoast SEO Premium plugin. -->","yoast_head_json":{"title":"Einzelblatt-Toilettenpapier \u2013 10,5 x 21 cm","description":"Einzelblatt-Toilettenpapier 10,5 x 21 cm: Entdecken Sie unser praktisches und sparsames Toilettenpapier mit einzelnen Bl\u00e4ttern von 10,5 x 21 cm.","robots":{"index":"index","follow":"follow","max-snippet":"max-snippet:-1","max-image-preview":"max-image-preview:large","max-video-preview":"max-video-preview:-1"},"canonical":"https:\/\/www.csj-emballages.com\/de\/produit\/toilettenpapier-einzelblatt-10-5-x-21-cm-pro-250\/","og_locale":"de_DE","og_type":"article","og_title":"Einzelblatt-Toilettenpapier 10,5 x 21 cm, 250 Blatt","og_description":"Einzelblatt-Toilettenpapier 10,5 x 21 cm: Entdecken Sie unser praktisches und sparsames Toilettenpapier mit einzelnen Bl\u00e4ttern von 10,5 x 21 cm.","og_url":"https:\/\/www.csj-emballages.com\/de\/produit\/toilettenpapier-einzelblatt-10-5-x-21-cm-pro-250\/","og_site_name":"CSJ Emballages","article_publisher":"https:\/\/www.facebook.com\/csjemballages","article_modified_time":"2026-03-12T15:00:45+00:00","og_image":[{"width":800,"height":800,"url":"https:\/\/www.csj-emballages.com\/wp-content\/uploads\/2024\/11\/Papier-toilette.webp","type":"image\/webp"}],"twitter_card":"summary_large_image","twitter_misc":{"Gesch\u00e4tzte Lesezeit":"1\u00a0Minute"},"schema":{"@context":"https:\/\/schema.org","@graph":[{"@type":"WebPage","@id":"https:\/\/www.csj-emballages.com\/de\/produit\/toilettenpapier-einzelblatt-10-5-x-21-cm-pro-250\/","url":"https:\/\/www.csj-emballages.com\/de\/produit\/toilettenpapier-einzelblatt-10-5-x-21-cm-pro-250\/","name":"Einzelblatt-Toilettenpapier \u2013 10,5 x 21 cm","isPartOf":{"@id":"https:\/\/www.csj-emballages.com\/de\/#website"},"primaryImageOfPage":{"@id":"https:\/\/www.csj-emballages.com\/de\/produit\/toilettenpapier-einzelblatt-10-5-x-21-cm-pro-250\/#primaryimage"},"image":{"@id":"https:\/\/www.csj-emballages.com\/de\/produit\/toilettenpapier-einzelblatt-10-5-x-21-cm-pro-250\/#primaryimage"},"thumbnailUrl":"https:\/\/www.csj-emballages.com\/wp-content\/uploads\/2024\/11\/Papier-toilette.webp","datePublished":"2024-11-20T01:18:12+00:00","dateModified":"2026-03-12T15:00:45+00:00","description":"Einzelblatt-Toilettenpapier 10,5 x 21 cm: Entdecken Sie unser praktisches und sparsames Toilettenpapier mit einzelnen Bl\u00e4ttern von 10,5 x 21 cm.","breadcrumb":{"@id":"https:\/\/www.csj-emballages.com\/de\/produit\/toilettenpapier-einzelblatt-10-5-x-21-cm-pro-250\/#breadcrumb"},"inLanguage":"de","potentialAction":[{"@type":"ReadAction","target":["https:\/\/www.csj-emballages.com\/de\/produit\/toilettenpapier-einzelblatt-10-5-x-21-cm-pro-250\/"]}]},{"@type":"ImageObject","inLanguage":"de","@id":"https:\/\/www.csj-emballages.com\/de\/produit\/toilettenpapier-einzelblatt-10-5-x-21-cm-pro-250\/#primaryimage","url":"https:\/\/www.csj-emballages.com\/wp-content\/uploads\/2024\/11\/Papier-toilette.webp","contentUrl":"https:\/\/www.csj-emballages.com\/wp-content\/uploads\/2024\/11\/Papier-toilette.webp","width":800,"height":800,"caption":"Papier toilette"},{"@type":"BreadcrumbList","@id":"https:\/\/www.csj-emballages.com\/de\/produit\/toilettenpapier-einzelblatt-10-5-x-21-cm-pro-250\/#breadcrumb","itemListElement":[{"@type":"ListItem","position":1,"name":"Accueil","item":"https:\/\/www.csj-emballages.com\/de\/universum-lebensmittelverpackungen\/"},{"@type":"ListItem","position":2,"name":"Shop","item":"https:\/\/www.csj-emballages.com\/shop\/"},{"@type":"ListItem","position":3,"name":"Einzelblatt-Toilettenpapier 10,5 x 21 cm, 250 Blatt"}]},{"@type":"WebSite","@id":"https:\/\/www.csj-emballages.com\/de\/#website","url":"https:\/\/www.csj-emballages.com\/de\/","name":"CSJ Emballages","description":"","publisher":{"@id":"https:\/\/www.csj-emballages.com\/de\/#organization"},"potentialAction":[{"@type":"SearchAction","target":{"@type":"EntryPoint","urlTemplate":"https:\/\/www.csj-emballages.com\/de\/?s={search_term_string}"},"query-input":{"@type":"PropertyValueSpecification","valueRequired":true,"valueName":"search_term_string"}}],"inLanguage":"de"},{"@type":"Organization","@id":"https:\/\/www.csj-emballages.com\/de\/#Organization\/","name":"CSJ Emballages","url":"https:\/\/www.csj-emballages.com\/de\/","logo":{"@type":"ImageObject","inLanguage":"de","@id":"https:\/\/www.csj-emballages.com\/de\/#\/schema\/logo\/image\/","url":"https:\/\/www.csj-emballages.com\/wp-content\/uploads\/2023\/10\/logo_csj.webp","contentUrl":"https:\/\/www.csj-emballages.com\/wp-content\/uploads\/2023\/10\/logo_csj.webp","width":250,"height":95,"caption":"CSJ Emballages"},"image":{"@id":"https:\/\/www.csj-emballages.com\/de\/#\/schema\/logo\/image\/"},"sameAs":["https:\/\/www.facebook.com\/csjemballages"],"address":{"@type":"PostalAddress","streetAddress":"ZI La Lechere","addressLocality":"Patornay","postalCode":"39130","addressCountry":"FR"},"contactPoint":[{"@type":"ContactPoint","contactType":"Service client","telephone":"0384254272","email":"contact@csj-emballages.com"}]}]}},"df_price":0.86,"df_sale_price":"","df_regular_price":0.86,"df_image_link":"https:\/\/www.csj-emballages.com\/wp-content\/uploads\/2024\/11\/Papier-toilette-300x300.webp","tiered_pricing_type":"fixed","tiered_pricing_fixed_rules":[],"tiered_pricing_percentage_rules":[],"tiered_pricing_minimum":1,"tiered_pricing_roles_data":[],"_links":{"self":[{"href":"https:\/\/www.csj-emballages.com\/de\/wp-json\/wp\/v2\/product\/226132","targetHints":{"allow":["GET"]}}],"collection":[{"href":"https:\/\/www.csj-emballages.com\/de\/wp-json\/wp\/v2\/product"}],"about":[{"href":"https:\/\/www.csj-emballages.com\/de\/wp-json\/wp\/v2\/types\/product"}],"wp:featuredmedia":[{"embeddable":true,"href":"https:\/\/www.csj-emballages.com\/de\/wp-json\/wp\/v2\/media\/221067"}],"wp:attachment":[{"href":"https:\/\/www.csj-emballages.com\/de\/wp-json\/wp\/v2\/media?parent=226132"}],"wp:term":[{"taxonomy":"product_brand","embeddable":true,"href":"https:\/\/www.csj-emballages.com\/de\/wp-json\/wp\/v2\/product_brand?post=226132"},{"taxonomy":"product_cat","embeddable":true,"href":"https:\/\/www.csj-emballages.com\/de\/wp-json\/wp\/v2\/product_cat?post=226132"},{"taxonomy":"product_tag","embeddable":true,"href":"https:\/\/www.csj-emballages.com\/de\/wp-json\/wp\/v2\/product_tag?post=226132"}],"curies":[{"name":"wp","href":"https:\/\/api.w.org\/{rel}","templated":true}]}}