{"id":226122,"date":"2024-12-14T02:18:16","date_gmt":"2024-12-14T01:18:16","guid":{"rendered":"https:\/\/www.csj-emballages.com\/produit\/kartonschachtel-fenster-10-x-10-x-4-cm-pro-50\/"},"modified":"2026-05-04T11:00:58","modified_gmt":"2026-05-04T09:00:58","slug":"kartonschachtel-fenster-10-x-10-x-4-cm-pro-50","status":"publish","type":"product","link":"https:\/\/www.csj-emballages.com\/de\/produit\/kartonschachtel-fenster-10-x-10-x-4-cm-pro-50\/","title":{"rendered":"Kartonschachtel Fenster 10 x 10 x 4 cm pro 50"},"content":{"rendered":"<h2>Kartonschachtel Fenster<\/h2>\n<hr>\n<h3>Beschreibung unserer Schachtel aus Fensterkarton 10 x 10 x 4 cm pro 50 St\u00fcck<!--more--><\/h3>\n<div class=\"flex max-w-full flex-col flex-grow\">\n<div class=\"min-h-8 text-message flex w-full flex-col items-end gap-2 whitespace-normal break-words text-start [.text-message+&amp;]:mt-5\" dir=\"auto\" data-message-author-role=\"assistant\" data-message-id=\"266ca6f3-5e07-4948-bd20-80ac5e6da4a5\" data-message-model-slug=\"gpt-4o\">\n<div class=\"flex w-full flex-col gap-1 empty:hidden first:pt-[3px]\">\n<div class=\"markdown prose w-full break-words dark:prose-invert dark\">\n<p data-start=\"99\" data-end=\"584\">Die <strong data-start=\"102\" data-end=\"148\">Fensterkartonschachtel 10 x 10 x 4 cm \u00e0 50 St\u00fcck<\/strong> ist die ideale Verpackung, um Ihre kleinen kulinarischen Kreationen zur Geltung zu bringen und sie gleichzeitig zu sch\u00fctzen. Sie wurde aus <strong data-start=\"260\" data-end=\"293\">lebensmittelechtem Karton<\/strong> hergestellt und vereint Stabilit\u00e4t, Praktikabilit\u00e4t und \u00c4sthetik. Durch das <strong data-start=\"346\" data-end=\"370\">transparente Fenster<\/strong> wird der Inhalt sofort sichtbar, sodass Ihre Kunden Ihre Produkte sehen k\u00f6nnen, ohne die Schachtel \u00f6ffnen zu m\u00fcssen. Sie ist ein echter Trumpf, um Lust auf mehr zu machen und das professionelle Image Ihres Gesch\u00e4fts zu st\u00e4rken.   <\/p>\n<p data-start=\"586\" data-end=\"974\">Dank ihres <strong data-start=\"595\" data-end=\"631\">kompakten Formats von 10 x 10 x 4 cm<\/strong> eignet sich diese Schachtel perfekt f\u00fcr Kekse, T\u00f6rtchen, Pralinen, s\u00fc\u00dfe Leckereien oder auch kleine Gourmetgeschenke. Sie eignet sich sowohl f\u00fcr <strong data-start=\"807\" data-end=\"821\">Konditoren<\/strong>, <strong data-start=\"823\" data-end=\"836\">Caterer<\/strong>, <strong data-start=\"838\" data-end=\"854\">Chocolatiers<\/strong> als auch f\u00fcr S\u00fc\u00dfwarengesch\u00e4fte oder besondere Anl\u00e4sse wie Hochzeiten, Geburtstage oder Weihnachtsfeiern. <\/p>\n<p data-start=\"976\" data-end=\"1319\">Ebenso erleichtert ihr schlichtes und elegantes Design aus <strong data-start=\"1007\" data-end=\"1023\">Kraftkarton<\/strong> die Personalisierung: Sie k\u00f6nnen ein Etikett, ein Band oder Ihr Logo anbringen, um Ihre Markenidentit\u00e4t zu st\u00e4rken. Diese umweltfreundliche und recycelbare <strong>Fensterschachtel<\/strong> entspricht den heutigen Erwartungen umweltbewusster Verbraucher und garantiert gleichzeitig eine gepflegte Pr\u00e4sentation. <\/p>\n<p data-start=\"1321\" data-end=\"1625\">Sie wird zu <strong>50 St\u00fcck<\/strong> verpackt und erm\u00f6glicht es Ihnen, einen ausreichenden Vorrat zu haben, um Ihre Bestellungen zu verwalten. Die <strong data-start=\"1491\" data-end=\"1520\">Kartonschachtel mit Fenster<\/strong> stellt somit die perfekte Kombination aus Schutz, Sichtbarkeit und Aufwertung Ihrer Produkte dar. <\/p>\n<p data-start=\"1321\" data-end=\"1625\">\n<\/div>\n<\/div>\n<\/div>\n<\/div>\n<p><!--more--><\/p>\n<h4>Vorteile :<\/h4>\n<ul>\n<li><strong data-start=\"1650\" data-end=\"1674\">Transparentes Fenster<\/strong>, das Ihre Produkte hervorhebt.<\/li>\n<li>Stabiler und recycelbarer <strong>Lebensmittelkarton<\/strong>.<\/li>\n<li>Praktisches Format f\u00fcr Kekse, Schokolade und kleine Leckereien.<\/li>\n<li>Schlichte, elegante \u00c4sthetik, die sich leicht individuell gestalten l\u00e4sst.<\/li>\n<li>Packung mit 50 St\u00fcck.<\/li>\n<\/ul>\n<p>&nbsp;<\/p>\n<p><!--more--><\/p>\n<h4>Weitere Informationen :<\/h4>\n<ul>\n<li><strong>Verpackung<\/strong>: Packung mit 50 St\u00fcck<\/li>\n<li><strong>Ma\u00dfe<\/strong>: 10 x 10 x 4 cm (L x B x H)<\/li>\n<li><strong>Material<\/strong>: Karton \/ PET<\/li>\n<li><strong>Farbe<\/strong>: Kraft<\/li>\n<\/ul>\n<p>&nbsp;<\/p>\n<p><!--more--><\/p>\n<p>Produkt in verschiedenen Gr\u00f6\u00dfen erh\u00e4ltlich : <span style=\"color: #d12727;\"><a style=\"color: #d12727;\" href=\"https:\/\/www.csj-emballages.com\/de\/produit\/kartonschachtel-fenster-14-x-14-x-6-cm-pro-50\/\">14 x 14 x 6 cm<\/a> <span style=\"color: #000000;\">\/<\/span> <a style=\"color: #d12727;\" href=\"https:\/\/www.csj-emballages.com\/de\/produit\/kartonschachtel-fenster-15-x-9-x-4-5-cm-pro-50\/\">15 x 9 x 4,5 cm<\/a> <span style=\"color: #000000;\">\/<\/span> <a style=\"color: #d12727;\" href=\"https:\/\/www.csj-emballages.com\/de\/produit\/kartonschachtel-fenster-20-x-12-x-4-cm-pro-50\/\">20 x 12 x 4 cm<\/a> <span style=\"color: #000000;\">\/<\/span> <a style=\"color: #d12727;\" href=\"https:\/\/www.csj-emballages.com\/de\/produit\/50-schachteln-fensterkarton-20-x-6-cm\/\">20 x 20 x 4 cm<\/a> <span style=\"color: #000000;\">\/<\/span> <a style=\"color: #d12727;\" href=\"https:\/\/www.csj-emballages.com\/de\/produit\/kartonschachtel-fenster-24-x-24-x-4-cm-pro-50\/\">24 x 24 x 4 cm<\/a><\/span><\/p>\n<p>&nbsp;<\/p>\n<p><!--more--><\/p>\n<p><a href=\"https:\/\/www.csj-emballages.com\/de\/categorie-produit\/lebensmittelverpackungen\/backerei-und-konditorei\/schachteln-und-etuis\/fensterkasten\/\">Sehen Sie sich den Rest unseres Sortiments an Fensterk\u00e4sten an<\/a><\/p>\n","protected":false},"excerpt":{"rendered":"<p>Kartonschachtel Fenster Beschreibung unserer Schachtel aus Fensterkarton 10 x 10 x 4 cm pro 50 St\u00fcck<\/p>\n","protected":false},"featured_media":221526,"template":"","meta":{"_acf_changed":false},"product_brand":[],"product_cat":[1137,1171,3964,1172,1256,3935],"product_tag":[],"class_list":{"0":"post-226122","1":"product","2":"type-product","3":"status-publish","4":"has-post-thumbnail","6":"product_cat-lebensmittelverpackungen","7":"product_cat-backerei-und-konditorei","8":"product_cat-schachteln-und-etuis","9":"product_cat-fensterkasten","10":"product_cat-gebackschachteln","11":"product_cat-gebackschachteln-fenster","13":"first","14":"instock","15":"taxable","16":"shipping-taxable","17":"purchasable","18":"product-type-simple"},"acf":[],"yoast_head":"<!-- This site is optimized with the Yoast SEO Premium plugin v26.6 (Yoast SEO v26.6) - https:\/\/yoast.com\/wordpress\/plugins\/seo\/ -->\n<title>Fensterkarton - 10 x 10 x 4 cm pro 50<\/title>\n<meta name=\"description\" content=\"Kartonschachtel mit Fenster 10 x 10 x 4 cm - Ideal f\u00fcr Geb\u00e4ck, Snacks und Einzelportionen. Strapazierf\u00e4hig, recycelbar und perfekt f\u00fcr den Transport.\" \/>\n<meta name=\"robots\" content=\"index, follow, max-snippet:-1, max-image-preview:large, max-video-preview:-1\" \/>\n<link rel=\"canonical\" href=\"https:\/\/www.csj-emballages.com\/de\/produit\/kartonschachtel-fenster-10-x-10-x-4-cm-pro-50\/\" \/>\n<meta property=\"og:locale\" content=\"de_DE\" \/>\n<meta property=\"og:type\" content=\"article\" \/>\n<meta property=\"og:title\" content=\"Kartonschachtel Fenster 10 x 10 x 4 cm pro 50\" \/>\n<meta property=\"og:description\" content=\"Kartonschachtel mit Fenster 10 x 10 x 4 cm - Ideal f\u00fcr Geb\u00e4ck, Snacks und Einzelportionen. Strapazierf\u00e4hig, recycelbar und perfekt f\u00fcr den Transport.\" \/>\n<meta property=\"og:url\" content=\"https:\/\/www.csj-emballages.com\/de\/produit\/kartonschachtel-fenster-10-x-10-x-4-cm-pro-50\/\" \/>\n<meta property=\"og:site_name\" content=\"CSJ Emballages\" \/>\n<meta property=\"article:publisher\" content=\"https:\/\/www.facebook.com\/csjemballages\" \/>\n<meta property=\"article:modified_time\" content=\"2026-05-04T09:00:58+00:00\" \/>\n<meta property=\"og:image\" content=\"https:\/\/www.csj-emballages.com\/wp-content\/uploads\/2024\/12\/BTPF10.webp\" \/>\n\t<meta property=\"og:image:width\" content=\"800\" \/>\n\t<meta property=\"og:image:height\" content=\"800\" \/>\n\t<meta property=\"og:image:type\" content=\"image\/webp\" \/>\n<meta name=\"twitter:card\" content=\"summary_large_image\" \/>\n<meta name=\"twitter:label1\" content=\"Gesch\u00e4tzte Lesezeit\" \/>\n\t<meta name=\"twitter:data1\" content=\"2 Minuten\" \/>\n<script type=\"application\/ld+json\" class=\"yoast-schema-graph\">{\"@context\":\"https:\/\/schema.org\",\"@graph\":[{\"@type\":\"WebPage\",\"@id\":\"https:\/\/www.csj-emballages.com\/de\/produit\/kartonschachtel-fenster-10-x-10-x-4-cm-pro-50\/\",\"url\":\"https:\/\/www.csj-emballages.com\/de\/produit\/kartonschachtel-fenster-10-x-10-x-4-cm-pro-50\/\",\"name\":\"Fensterkarton - 10 x 10 x 4 cm pro 50\",\"isPartOf\":{\"@id\":\"https:\/\/www.csj-emballages.com\/de\/#website\"},\"primaryImageOfPage\":{\"@id\":\"https:\/\/www.csj-emballages.com\/de\/produit\/kartonschachtel-fenster-10-x-10-x-4-cm-pro-50\/#primaryimage\"},\"image\":{\"@id\":\"https:\/\/www.csj-emballages.com\/de\/produit\/kartonschachtel-fenster-10-x-10-x-4-cm-pro-50\/#primaryimage\"},\"thumbnailUrl\":\"https:\/\/www.csj-emballages.com\/wp-content\/uploads\/2024\/12\/BTPF10.webp\",\"datePublished\":\"2024-12-14T01:18:16+00:00\",\"dateModified\":\"2026-05-04T09:00:58+00:00\",\"description\":\"Kartonschachtel mit Fenster 10 x 10 x 4 cm - Ideal f\u00fcr Geb\u00e4ck, Snacks und Einzelportionen. Strapazierf\u00e4hig, recycelbar und perfekt f\u00fcr den Transport.\",\"breadcrumb\":{\"@id\":\"https:\/\/www.csj-emballages.com\/de\/produit\/kartonschachtel-fenster-10-x-10-x-4-cm-pro-50\/#breadcrumb\"},\"inLanguage\":\"de\",\"potentialAction\":[{\"@type\":\"ReadAction\",\"target\":[\"https:\/\/www.csj-emballages.com\/de\/produit\/kartonschachtel-fenster-10-x-10-x-4-cm-pro-50\/\"]}]},{\"@type\":\"ImageObject\",\"inLanguage\":\"de\",\"@id\":\"https:\/\/www.csj-emballages.com\/de\/produit\/kartonschachtel-fenster-10-x-10-x-4-cm-pro-50\/#primaryimage\",\"url\":\"https:\/\/www.csj-emballages.com\/wp-content\/uploads\/2024\/12\/BTPF10.webp\",\"contentUrl\":\"https:\/\/www.csj-emballages.com\/wp-content\/uploads\/2024\/12\/BTPF10.webp\",\"width\":800,\"height\":800,\"caption\":\"Boite carton fen\u00eatre\"},{\"@type\":\"BreadcrumbList\",\"@id\":\"https:\/\/www.csj-emballages.com\/de\/produit\/kartonschachtel-fenster-10-x-10-x-4-cm-pro-50\/#breadcrumb\",\"itemListElement\":[{\"@type\":\"ListItem\",\"position\":1,\"name\":\"Accueil\",\"item\":\"https:\/\/www.csj-emballages.com\/de\/universum-lebensmittelverpackungen\/\"},{\"@type\":\"ListItem\",\"position\":2,\"name\":\"Shop\",\"item\":\"https:\/\/www.csj-emballages.com\/shop\/\"},{\"@type\":\"ListItem\",\"position\":3,\"name\":\"Kartonschachtel Fenster 10 x 10 x 4 cm pro 50\"}]},{\"@type\":\"WebSite\",\"@id\":\"https:\/\/www.csj-emballages.com\/de\/#website\",\"url\":\"https:\/\/www.csj-emballages.com\/de\/\",\"name\":\"CSJ Emballages\",\"description\":\"\",\"publisher\":{\"@id\":\"https:\/\/www.csj-emballages.com\/de\/#organization\"},\"potentialAction\":[{\"@type\":\"SearchAction\",\"target\":{\"@type\":\"EntryPoint\",\"urlTemplate\":\"https:\/\/www.csj-emballages.com\/de\/?s={search_term_string}\"},\"query-input\":{\"@type\":\"PropertyValueSpecification\",\"valueRequired\":true,\"valueName\":\"search_term_string\"}}],\"inLanguage\":\"de\"},{\"@type\":\"Organization\",\"@id\":\"https:\/\/www.csj-emballages.com\/de\/#Organization\/\",\"name\":\"CSJ Emballages\",\"url\":\"https:\/\/www.csj-emballages.com\/de\/\",\"logo\":{\"@type\":\"ImageObject\",\"inLanguage\":\"de\",\"@id\":\"https:\/\/www.csj-emballages.com\/de\/#\/schema\/logo\/image\/\",\"url\":\"https:\/\/www.csj-emballages.com\/wp-content\/uploads\/2023\/10\/logo_csj.webp\",\"contentUrl\":\"https:\/\/www.csj-emballages.com\/wp-content\/uploads\/2023\/10\/logo_csj.webp\",\"width\":250,\"height\":95,\"caption\":\"CSJ Emballages\"},\"image\":{\"@id\":\"https:\/\/www.csj-emballages.com\/de\/#\/schema\/logo\/image\/\"},\"sameAs\":[\"https:\/\/www.facebook.com\/csjemballages\"],\"address\":{\"@type\":\"PostalAddress\",\"streetAddress\":\"ZI La Lechere\",\"addressLocality\":\"Patornay\",\"postalCode\":\"39130\",\"addressCountry\":\"FR\"},\"contactPoint\":[{\"@type\":\"ContactPoint\",\"contactType\":\"Service client\",\"telephone\":\"0384254272\",\"email\":\"contact@csj-emballages.com\"}]}]}<\/script>\n<!-- \/ Yoast SEO Premium plugin. -->","yoast_head_json":{"title":"Fensterkarton - 10 x 10 x 4 cm pro 50","description":"Kartonschachtel mit Fenster 10 x 10 x 4 cm - Ideal f\u00fcr Geb\u00e4ck, Snacks und Einzelportionen. Strapazierf\u00e4hig, recycelbar und perfekt f\u00fcr den Transport.","robots":{"index":"index","follow":"follow","max-snippet":"max-snippet:-1","max-image-preview":"max-image-preview:large","max-video-preview":"max-video-preview:-1"},"canonical":"https:\/\/www.csj-emballages.com\/de\/produit\/kartonschachtel-fenster-10-x-10-x-4-cm-pro-50\/","og_locale":"de_DE","og_type":"article","og_title":"Kartonschachtel Fenster 10 x 10 x 4 cm pro 50","og_description":"Kartonschachtel mit Fenster 10 x 10 x 4 cm - Ideal f\u00fcr Geb\u00e4ck, Snacks und Einzelportionen. Strapazierf\u00e4hig, recycelbar und perfekt f\u00fcr den Transport.","og_url":"https:\/\/www.csj-emballages.com\/de\/produit\/kartonschachtel-fenster-10-x-10-x-4-cm-pro-50\/","og_site_name":"CSJ Emballages","article_publisher":"https:\/\/www.facebook.com\/csjemballages","article_modified_time":"2026-05-04T09:00:58+00:00","og_image":[{"width":800,"height":800,"url":"https:\/\/www.csj-emballages.com\/wp-content\/uploads\/2024\/12\/BTPF10.webp","type":"image\/webp"}],"twitter_card":"summary_large_image","twitter_misc":{"Gesch\u00e4tzte Lesezeit":"2 Minuten"},"schema":{"@context":"https:\/\/schema.org","@graph":[{"@type":"WebPage","@id":"https:\/\/www.csj-emballages.com\/de\/produit\/kartonschachtel-fenster-10-x-10-x-4-cm-pro-50\/","url":"https:\/\/www.csj-emballages.com\/de\/produit\/kartonschachtel-fenster-10-x-10-x-4-cm-pro-50\/","name":"Fensterkarton - 10 x 10 x 4 cm pro 50","isPartOf":{"@id":"https:\/\/www.csj-emballages.com\/de\/#website"},"primaryImageOfPage":{"@id":"https:\/\/www.csj-emballages.com\/de\/produit\/kartonschachtel-fenster-10-x-10-x-4-cm-pro-50\/#primaryimage"},"image":{"@id":"https:\/\/www.csj-emballages.com\/de\/produit\/kartonschachtel-fenster-10-x-10-x-4-cm-pro-50\/#primaryimage"},"thumbnailUrl":"https:\/\/www.csj-emballages.com\/wp-content\/uploads\/2024\/12\/BTPF10.webp","datePublished":"2024-12-14T01:18:16+00:00","dateModified":"2026-05-04T09:00:58+00:00","description":"Kartonschachtel mit Fenster 10 x 10 x 4 cm - Ideal f\u00fcr Geb\u00e4ck, Snacks und Einzelportionen. Strapazierf\u00e4hig, recycelbar und perfekt f\u00fcr den Transport.","breadcrumb":{"@id":"https:\/\/www.csj-emballages.com\/de\/produit\/kartonschachtel-fenster-10-x-10-x-4-cm-pro-50\/#breadcrumb"},"inLanguage":"de","potentialAction":[{"@type":"ReadAction","target":["https:\/\/www.csj-emballages.com\/de\/produit\/kartonschachtel-fenster-10-x-10-x-4-cm-pro-50\/"]}]},{"@type":"ImageObject","inLanguage":"de","@id":"https:\/\/www.csj-emballages.com\/de\/produit\/kartonschachtel-fenster-10-x-10-x-4-cm-pro-50\/#primaryimage","url":"https:\/\/www.csj-emballages.com\/wp-content\/uploads\/2024\/12\/BTPF10.webp","contentUrl":"https:\/\/www.csj-emballages.com\/wp-content\/uploads\/2024\/12\/BTPF10.webp","width":800,"height":800,"caption":"Boite carton fen\u00eatre"},{"@type":"BreadcrumbList","@id":"https:\/\/www.csj-emballages.com\/de\/produit\/kartonschachtel-fenster-10-x-10-x-4-cm-pro-50\/#breadcrumb","itemListElement":[{"@type":"ListItem","position":1,"name":"Accueil","item":"https:\/\/www.csj-emballages.com\/de\/universum-lebensmittelverpackungen\/"},{"@type":"ListItem","position":2,"name":"Shop","item":"https:\/\/www.csj-emballages.com\/shop\/"},{"@type":"ListItem","position":3,"name":"Kartonschachtel Fenster 10 x 10 x 4 cm pro 50"}]},{"@type":"WebSite","@id":"https:\/\/www.csj-emballages.com\/de\/#website","url":"https:\/\/www.csj-emballages.com\/de\/","name":"CSJ Emballages","description":"","publisher":{"@id":"https:\/\/www.csj-emballages.com\/de\/#organization"},"potentialAction":[{"@type":"SearchAction","target":{"@type":"EntryPoint","urlTemplate":"https:\/\/www.csj-emballages.com\/de\/?s={search_term_string}"},"query-input":{"@type":"PropertyValueSpecification","valueRequired":true,"valueName":"search_term_string"}}],"inLanguage":"de"},{"@type":"Organization","@id":"https:\/\/www.csj-emballages.com\/de\/#Organization\/","name":"CSJ Emballages","url":"https:\/\/www.csj-emballages.com\/de\/","logo":{"@type":"ImageObject","inLanguage":"de","@id":"https:\/\/www.csj-emballages.com\/de\/#\/schema\/logo\/image\/","url":"https:\/\/www.csj-emballages.com\/wp-content\/uploads\/2023\/10\/logo_csj.webp","contentUrl":"https:\/\/www.csj-emballages.com\/wp-content\/uploads\/2023\/10\/logo_csj.webp","width":250,"height":95,"caption":"CSJ Emballages"},"image":{"@id":"https:\/\/www.csj-emballages.com\/de\/#\/schema\/logo\/image\/"},"sameAs":["https:\/\/www.facebook.com\/csjemballages"],"address":{"@type":"PostalAddress","streetAddress":"ZI La Lechere","addressLocality":"Patornay","postalCode":"39130","addressCountry":"FR"},"contactPoint":[{"@type":"ContactPoint","contactType":"Service client","telephone":"0384254272","email":"contact@csj-emballages.com"}]}]}},"df_price":11.46,"df_sale_price":"","df_regular_price":11.46,"df_image_link":"https:\/\/www.csj-emballages.com\/wp-content\/uploads\/2024\/12\/BTPF10-300x300.webp","tiered_pricing_type":"fixed","tiered_pricing_fixed_rules":[],"tiered_pricing_percentage_rules":[],"tiered_pricing_minimum":1,"tiered_pricing_roles_data":[],"_links":{"self":[{"href":"https:\/\/www.csj-emballages.com\/de\/wp-json\/wp\/v2\/product\/226122","targetHints":{"allow":["GET"]}}],"collection":[{"href":"https:\/\/www.csj-emballages.com\/de\/wp-json\/wp\/v2\/product"}],"about":[{"href":"https:\/\/www.csj-emballages.com\/de\/wp-json\/wp\/v2\/types\/product"}],"wp:featuredmedia":[{"embeddable":true,"href":"https:\/\/www.csj-emballages.com\/de\/wp-json\/wp\/v2\/media\/221526"}],"wp:attachment":[{"href":"https:\/\/www.csj-emballages.com\/de\/wp-json\/wp\/v2\/media?parent=226122"}],"wp:term":[{"taxonomy":"product_brand","embeddable":true,"href":"https:\/\/www.csj-emballages.com\/de\/wp-json\/wp\/v2\/product_brand?post=226122"},{"taxonomy":"product_cat","embeddable":true,"href":"https:\/\/www.csj-emballages.com\/de\/wp-json\/wp\/v2\/product_cat?post=226122"},{"taxonomy":"product_tag","embeddable":true,"href":"https:\/\/www.csj-emballages.com\/de\/wp-json\/wp\/v2\/product_tag?post=226122"}],"curies":[{"name":"wp","href":"https:\/\/api.w.org\/{rel}","templated":true}]}}