{"id":226120,"date":"2025-01-08T15:39:29","date_gmt":"2025-01-08T14:39:29","guid":{"rendered":"https:\/\/www.csj-emballages.com\/produit\/rechteckige-gefaltete-kuchensohle-gold-schwarz-4-5-x-13-cm-pro-200\/"},"modified":"2026-04-01T17:48:12","modified_gmt":"2026-04-01T15:48:12","slug":"rechteckige-gefaltete-kuchensohle-gold-schwarz-4-5-x-13-cm-pro-200","status":"publish","type":"product","link":"https:\/\/www.csj-emballages.com\/de\/produit\/rechteckige-gefaltete-kuchensohle-gold-schwarz-4-5-x-13-cm-pro-200\/","title":{"rendered":"Rechteckige, gefaltete Kuchensohle Gold \/ Schwarz 4.5 x 13 cm pro 200"},"content":{"rendered":"<div style=\"font-family: Roboto, sans-serif;\">\n<div style=\"font-family: Roboto, sans-serif;\">\n<div style=\"font-family: Roboto, sans-serif;\">\n<div style=\"font-family: Roboto, sans-serif;\">\n<div style=\"font-family: Roboto, sans-serif;\">\n<div style=\"font-family: Roboto, sans-serif;\">\n<div style=\"font-family: Roboto, sans-serif;\">\n<div style=\"font-family: Roboto, sans-serif;\">\n<div style=\"font-family: Roboto, sans-serif;\">\n<div style=\"font-family: Roboto, sans-serif;\">\n<div style=\"font-family: Roboto, sans-serif;\">\n<div style=\"font-family: Roboto, sans-serif;\">\n<div style=\"font-family: Roboto, sans-serif;\">\n<div class=\"flex flex-grow flex-col max-w-full\">\n<div class=\"min-h-[20px] text-message flex flex-col items-start whitespace-pre-wrap break-words [.text-message+&amp;]:mt-5 juice:w-full juice:items-end overflow-x-auto gap-2\" dir=\"auto\" data-message-author-role=\"assistant\" data-message-id=\"2034782e-88f9-44ef-b4dc-07dd7bf0115f\">\n<div class=\"flex w-full flex-col gap-1 juice:empty:hidden juice:first:pt-[3px]\">\n<div class=\"markdown prose w-full break-words dark:prose-invert light\">\n<div style=\"font-family: Roboto, sans-serif;\">\n<div style=\"font-family: Roboto, sans-serif;\">\n<div style=\"font-family: Roboto, sans-serif;\">\n<div style=\"font-family: Roboto, sans-serif;\">\n<div style=\"font-family: Roboto, sans-serif;\">\n<div style=\"font-family: Roboto, sans-serif;\">\n<h2>Kuchensohle<\/h2>\n<div style=\"font-family: Roboto, sans-serif;\">\n<div style=\"font-family: Roboto, sans-serif;\">\n<div style=\"font-family: Roboto, sans-serif;\">\n<div style=\"text-align: center;\">\n<div style=\"font-family: Roboto, sans-serif;\">\n<div style=\"font-family: Roboto, sans-serif;\">\n<div style=\"font-family: Roboto, sans-serif;\">\n<div style=\"font-family: Roboto, sans-serif;\">\n<div style=\"font-family: Roboto, sans-serif;\">\n<div style=\"font-family: Roboto, sans-serif; text-align: left;\">\n<hr>\n<h3 style=\"text-align: left;\">Beschreibung unserer Torteneinlage rechteckig gefaltet gold \/ schwarz 4.5 x 13 cm pro 200<!--more--><\/h3>\n<\/div>\n<\/div>\n<\/div>\n<\/div>\n<\/div>\n<\/div>\n<\/div>\n<\/div>\n<\/div>\n<\/div>\n<\/div>\n<\/div>\n<\/div>\n<\/div>\n<\/div>\n<\/div>\n<\/div>\n<\/div>\n<\/div>\n<\/div>\n<\/div>\n<\/div>\n<\/div>\n<\/div>\n<\/div>\n<\/div>\n<\/div>\n<\/div>\n<\/div>\n<\/div>\n<\/div>\n<\/div>\n<\/div>\n<p>Die <strong>rechteckige, gold\/schwarz gefaltete<\/strong> <strong>Tortensohle<\/strong> <strong>4,5 x 13 cm<\/strong> ist eine ideale Unterlage, um Ihre Backkreationen zu veredeln. Diese <strong>Tortenunterlage<\/strong> wurde speziell f\u00fcr die Bed\u00fcrfnisse von Profis entwickelt und vereint Zweckm\u00e4\u00dfigkeit und \u00c4sthetik. Das <strong>rechteckige<\/strong> Format und die kompakten Abmessungen machen sie perfekt f\u00fcr die elegante Pr\u00e4sentation Ihrer kleinen Kuchen, T\u00f6rtchen oder anderen individuellen Desserts.  <\/p>\n<p>Mit ihrer doppelten Beschichtung <strong>in Gold<\/strong> und <strong>Schwarz<\/strong> verleiht diese <strong>Kuchensohle<\/strong> Ihrer Pr\u00e4sentation eine raffinierte Note. Die goldene Seite sorgt f\u00fcr einen Glanz, der die Blicke auf sich zieht und Ihre Kreationen hervorhebt. Was die schwarze Seite betrifft, so bietet sie eine schicke und schlichte Alternative. Diese Wahl erm\u00f6glicht es Ihnen, Ihre Pr\u00e4sentationen zu variieren und sich jedem Thema oder jeder Veranstaltung anzupassen.   <\/p>\n<p>Aus robusten Materialien gefertigt, bietet diese <strong>Tortenunterlage<\/strong> einen hervorragenden Halt. Da sie feuchtigkeits- und fettbest\u00e4ndig ist, beh\u00e4lt diese <strong>Tortenunterlage<\/strong> auch bei Kontakt mit cremigen Produkten oder leicht feuchtem Geb\u00e4ck ihr gepflegtes Aussehen bei. So k\u00f6nnen Sie sicher sein, dass Ihre Desserts bis zum Verzehr makellos pr\u00e4sentiert werden.  <\/p>\n<p>Diese praktische und vielseitige <strong>rechteckige, gefaltete<\/strong> <strong>Torteneinlage<\/strong> ist ideal f\u00fcr den sicheren Transport. Ihre spezielle Faltung sorgt f\u00fcr zus\u00e4tzliche Stabilit\u00e4t und h\u00e4lt die Desserts sicher an ihrem Platz. Ob f\u00fcr Ausstellungen im Schaufenster, Lieferungen oder Buffets, sie erf\u00fcllt perfekt die Anforderungen anspruchsvoller Profis und Amateure.  <\/p>\n<p>&nbsp;<\/p>\n<p><!--more--><\/p>\n<h4>Warum sollten Sie unsere <strong>Kuchensohle<\/strong> verwenden?<\/h4>\n<p>Die Gr\u00f6\u00dfe von <strong>4,5 x 13 cm<\/strong> ist perfekt f\u00fcr Einzelportionen. Dank dieses kompakten Formats k\u00f6nnen Sie mehrere Desserts auf einem Tisch oder einem Display platzsparend anrichten. In einer Packung mit <strong>200<\/strong> St\u00fcck garantiert Ihnen diese <strong>Torteneinlage<\/strong> einen praktischen und kosteng\u00fcnstigen Vorrat, ideal f\u00fcr Konditoren, Caterer oder Eventveranstalter.  <\/p>\n<p>Die <strong>gold\/schwarze<\/strong> <strong>Sohle<\/strong> ist nicht nur ein einfaches Accessoire, sie ist ein echter Hingucker. Sie wertet das Aussehen Ihrer Desserts auf und zeugt von Ihrer Liebe zum Detail. Dieser <strong>Tortenst\u00e4nder<\/strong> ist so konzipiert, dass er funktional ist, aber dennoch elegant aussieht. So vereinen Sie Praktikabilit\u00e4t und \u00c4sthetik ohne Kompromisse.   <\/p>\n<p>&nbsp;<\/p>\n<p><!--more--><\/p>\n<div style=\"font-family: Roboto, sans-serif;\">\n<div style=\"font-family: Roboto, sans-serif;\">\n<div style=\"font-family: Roboto, sans-serif;\">\n<div style=\"font-family: Roboto, sans-serif;\">\n<div style=\"font-family: Roboto, sans-serif;\">\n<div style=\"font-family: Roboto, sans-serif;\">\n<div style=\"font-family: Roboto, sans-serif;\">\n<div style=\"font-family: Roboto, sans-serif;\">\n<div style=\"font-family: Roboto, sans-serif;\">\n<div style=\"font-family: Roboto, sans-serif;\">\n<div style=\"font-family: Roboto, sans-serif;\">\n<div style=\"font-family: Roboto, sans-serif;\">\n<div style=\"font-family: Roboto, sans-serif;\">\n<div class=\"flex flex-grow flex-col max-w-full\">\n<div class=\"min-h-[20px] text-message flex flex-col items-start whitespace-pre-wrap break-words [.text-message+&amp;]:mt-5 juice:w-full juice:items-end overflow-x-auto gap-2\" dir=\"auto\" data-message-author-role=\"assistant\" data-message-id=\"2034782e-88f9-44ef-b4dc-07dd7bf0115f\">\n<div class=\"flex w-full flex-col gap-1 juice:empty:hidden juice:first:pt-[3px]\">\n<div class=\"markdown prose w-full break-words dark:prose-invert light\">\n<div style=\"font-family: Roboto, sans-serif;\">\n<div style=\"font-family: Roboto, sans-serif;\">\n<div style=\"font-family: Roboto, sans-serif;\">\n<div style=\"font-family: Roboto, sans-serif;\">\n<div style=\"font-family: Roboto, sans-serif;\">\n<div style=\"font-family: Roboto, sans-serif;\">\n<p>Neben ihren optischen Qualit\u00e4ten zeichnet sich diese <strong>Sohle<\/strong> auch durch ihre Benutzerfreundlichkeit aus. Sie ist leicht und widerstandsf\u00e4hig und l\u00e4sst sich leicht handhaben, sei es bei der Zubereitung in der K\u00fcche oder beim Servieren im Saal. Ihr schlichtes, aber raffiniertes Design passt perfekt zu allen Einrichtungsstilen, von klassisch bis modern.  <\/p>\n<p>Wenn Sie sich f\u00fcr diese <strong>rechteckige, gefaltete<\/strong> <strong>Tortensohle<\/strong> entscheiden, w\u00e4hlen Sie eine zuverl\u00e4ssige Unterlage von professioneller Qualit\u00e4t. Ob Sie als Konditor auf der Suche nach elegantem Zubeh\u00f6r sind oder als Hobbyb\u00e4cker Ihre Kreationen gut pr\u00e4sentieren m\u00f6chten, dieses Produkt wird Ihre Erwartungen erf\u00fcllen. <\/p>\n<p>&nbsp;<\/p>\n<p><!--more--><\/p>\n<h4 style=\"text-align: left;\"><strong>Die Vorteile unserer Kuchensohle<\/strong><strong> :<\/strong><\/h4>\n<ul style=\"text-align: left;\">\n<li><strong>Elegante \u00c4sthetik<\/strong>: Die beidseitige Beschichtung in <strong>Gold<\/strong> und <strong>Schwarz<\/strong> sorgt f\u00fcr einen anspruchsvollen Look, der perfekt ist, um jedes Dessert aufzuwerten.<\/li>\n<li><strong>Praktisch<\/strong>: Mit ihren kompakten Abmessungen ist diese <strong>Torteneinlage<\/strong> ideal f\u00fcr Einzelportionen und erleichtert die Pr\u00e4sentation im Schaufenster oder auf dem Tisch.<\/li>\n<li><strong>Sicherer Transport<\/strong>: Die spezielle Faltung der <strong>Kuchensohle<\/strong> sorgt f\u00fcr hervorragende Stabilit\u00e4t und h\u00e4lt die Desserts unterwegs sicher an ihrem Platz.<\/li>\n<li><strong>Ersparnis<\/strong>: Diese <strong>Einlegesohle<\/strong> wird in Packungen zu <strong>200<\/strong> St\u00fcck verkauft und bietet ein hervorragendes Preis-Leistungs-Verh\u00e4ltnis, vor allem f\u00fcr Berufst\u00e4tige mit einem wiederkehrenden Bedarf.<\/li>\n<\/ul>\n<\/div>\n<\/div>\n<\/div>\n<\/div>\n<\/div>\n<\/div>\n<\/div>\n<\/div>\n<\/div>\n<\/div>\n<\/div>\n<\/div>\n<p>&nbsp;<\/p>\n<\/div>\n<\/div>\n<\/div>\n<\/div>\n<\/div>\n<\/div>\n<\/div>\n<\/div>\n<\/div>\n<\/div>\n<\/div>\n<p><!--more--><\/p>\n<h4>Weitere Informationen :<\/h4>\n<ul style=\"font-family: Roboto, sans-serif;\">\n<li><strong>Verpackung<\/strong>: Packung mit 200 St\u00fcck<\/li>\n<li><span style=\"font-weight: bold;\">Gr\u00f6\u00dfe<\/span>: 4,5 x 13 cm<\/li>\n<li><strong>Material<\/strong>: Karton<\/li>\n<li><strong>H\u00f6he der eingeklappten Seiten<\/strong>: 15 mm<\/li>\n<\/ul>\n<p>&nbsp;<\/p>\n<p style=\"text-align: left;\"><!--more--><\/p>\n<p><a href=\"\/?product_cat=semelles-fonds-pliees\">Sehen Sie sich den Rest unseres Sortiments an Kuchensohlen an<\/a><\/p>\n","protected":false},"excerpt":{"rendered":"<p>Kuchensohle Beschreibung unserer Torteneinlage rechteckig gefaltet gold \/ schwarz 4.5 x 13 cm pro 200<\/p>\n","protected":false},"featured_media":214606,"template":"","meta":{"_acf_changed":false},"product_brand":[],"product_cat":[1137,1171,1925,2666],"product_tag":[],"class_list":{"0":"post-226120","1":"product","2":"type-product","3":"status-publish","4":"has-post-thumbnail","6":"product_cat-lebensmittelverpackungen","7":"product_cat-backerei-und-konditorei","8":"product_cat-kuchensohlenhalter","9":"product_cat-gefaltete-bodenplatten","11":"first","12":"instock","13":"taxable","14":"shipping-taxable","15":"purchasable","16":"product-type-simple"},"acf":[],"yoast_head":"<!-- This site is optimized with the Yoast SEO Premium plugin v26.6 (Yoast SEO v26.6) - https:\/\/yoast.com\/wordpress\/plugins\/seo\/ -->\n<title>Rechteckige gefaltete Tortensohle Gold\/Schwarz - 4.5 x 13 cm<\/title>\n<meta name=\"description\" content=\"Entdecken Sie die rechteckige, gefaltete Kuchensohle in Gold\/Schwarz 4,5 x 13 cm. Sie ist widerstandsf\u00e4hig und praktisch und wertet Ihre Kreationen mit einem raffinierten Touch auf.\" \/>\n<meta name=\"robots\" content=\"index, follow, max-snippet:-1, max-image-preview:large, max-video-preview:-1\" \/>\n<link rel=\"canonical\" href=\"https:\/\/www.csj-emballages.com\/de\/produit\/rechteckige-gefaltete-kuchensohle-gold-schwarz-4-5-x-13-cm-pro-200\/\" \/>\n<meta property=\"og:locale\" content=\"de_DE\" \/>\n<meta property=\"og:type\" content=\"article\" \/>\n<meta property=\"og:title\" content=\"Rechteckige, gefaltete Kuchensohle Gold \/ Schwarz 4.5 x 13 cm pro 200\" \/>\n<meta property=\"og:description\" content=\"Entdecken Sie die rechteckige, gefaltete Kuchensohle in Gold\/Schwarz 4,5 x 13 cm. Sie ist widerstandsf\u00e4hig und praktisch und wertet Ihre Kreationen mit einem raffinierten Touch auf.\" \/>\n<meta property=\"og:url\" content=\"https:\/\/www.csj-emballages.com\/de\/produit\/rechteckige-gefaltete-kuchensohle-gold-schwarz-4-5-x-13-cm-pro-200\/\" \/>\n<meta property=\"og:site_name\" content=\"CSJ Emballages\" \/>\n<meta property=\"article:publisher\" content=\"https:\/\/www.facebook.com\/csjemballages\" \/>\n<meta property=\"article:modified_time\" content=\"2026-04-01T15:48:12+00:00\" \/>\n<meta property=\"og:image\" content=\"https:\/\/www.csj-emballages.com\/wp-content\/uploads\/2025\/01\/Semelle-pliee-or.webp\" \/>\n\t<meta property=\"og:image:width\" content=\"800\" \/>\n\t<meta property=\"og:image:height\" content=\"800\" \/>\n\t<meta property=\"og:image:type\" content=\"image\/webp\" \/>\n<meta name=\"twitter:card\" content=\"summary_large_image\" \/>\n<meta name=\"twitter:label1\" content=\"Gesch\u00e4tzte Lesezeit\" \/>\n\t<meta name=\"twitter:data1\" content=\"3 Minuten\" \/>\n<script type=\"application\/ld+json\" class=\"yoast-schema-graph\">{\"@context\":\"https:\/\/schema.org\",\"@graph\":[{\"@type\":\"WebPage\",\"@id\":\"https:\/\/www.csj-emballages.com\/de\/produit\/rechteckige-gefaltete-kuchensohle-gold-schwarz-4-5-x-13-cm-pro-200\/\",\"url\":\"https:\/\/www.csj-emballages.com\/de\/produit\/rechteckige-gefaltete-kuchensohle-gold-schwarz-4-5-x-13-cm-pro-200\/\",\"name\":\"Rechteckige gefaltete Tortensohle Gold\/Schwarz - 4.5 x 13 cm\",\"isPartOf\":{\"@id\":\"https:\/\/www.csj-emballages.com\/de\/#website\"},\"primaryImageOfPage\":{\"@id\":\"https:\/\/www.csj-emballages.com\/de\/produit\/rechteckige-gefaltete-kuchensohle-gold-schwarz-4-5-x-13-cm-pro-200\/#primaryimage\"},\"image\":{\"@id\":\"https:\/\/www.csj-emballages.com\/de\/produit\/rechteckige-gefaltete-kuchensohle-gold-schwarz-4-5-x-13-cm-pro-200\/#primaryimage\"},\"thumbnailUrl\":\"https:\/\/www.csj-emballages.com\/wp-content\/uploads\/2025\/01\/Semelle-pliee-or.webp\",\"datePublished\":\"2025-01-08T14:39:29+00:00\",\"dateModified\":\"2026-04-01T15:48:12+00:00\",\"description\":\"Entdecken Sie die rechteckige, gefaltete Kuchensohle in Gold\/Schwarz 4,5 x 13 cm. Sie ist widerstandsf\u00e4hig und praktisch und wertet Ihre Kreationen mit einem raffinierten Touch auf.\",\"breadcrumb\":{\"@id\":\"https:\/\/www.csj-emballages.com\/de\/produit\/rechteckige-gefaltete-kuchensohle-gold-schwarz-4-5-x-13-cm-pro-200\/#breadcrumb\"},\"inLanguage\":\"de\",\"potentialAction\":[{\"@type\":\"ReadAction\",\"target\":[\"https:\/\/www.csj-emballages.com\/de\/produit\/rechteckige-gefaltete-kuchensohle-gold-schwarz-4-5-x-13-cm-pro-200\/\"]}]},{\"@type\":\"ImageObject\",\"inLanguage\":\"de\",\"@id\":\"https:\/\/www.csj-emballages.com\/de\/produit\/rechteckige-gefaltete-kuchensohle-gold-schwarz-4-5-x-13-cm-pro-200\/#primaryimage\",\"url\":\"https:\/\/www.csj-emballages.com\/wp-content\/uploads\/2025\/01\/Semelle-pliee-or.webp\",\"contentUrl\":\"https:\/\/www.csj-emballages.com\/wp-content\/uploads\/2025\/01\/Semelle-pliee-or.webp\",\"width\":800,\"height\":800,\"caption\":\"Semelle gateau\"},{\"@type\":\"BreadcrumbList\",\"@id\":\"https:\/\/www.csj-emballages.com\/de\/produit\/rechteckige-gefaltete-kuchensohle-gold-schwarz-4-5-x-13-cm-pro-200\/#breadcrumb\",\"itemListElement\":[{\"@type\":\"ListItem\",\"position\":1,\"name\":\"Accueil\",\"item\":\"https:\/\/www.csj-emballages.com\/de\/universum-lebensmittelverpackungen\/\"},{\"@type\":\"ListItem\",\"position\":2,\"name\":\"Shop\",\"item\":\"https:\/\/www.csj-emballages.com\/shop\/\"},{\"@type\":\"ListItem\",\"position\":3,\"name\":\"Rechteckige, gefaltete Kuchensohle Gold \/ Schwarz 4.5 x 13 cm pro 200\"}]},{\"@type\":\"WebSite\",\"@id\":\"https:\/\/www.csj-emballages.com\/de\/#website\",\"url\":\"https:\/\/www.csj-emballages.com\/de\/\",\"name\":\"CSJ Emballages\",\"description\":\"\",\"publisher\":{\"@id\":\"https:\/\/www.csj-emballages.com\/de\/#organization\"},\"potentialAction\":[{\"@type\":\"SearchAction\",\"target\":{\"@type\":\"EntryPoint\",\"urlTemplate\":\"https:\/\/www.csj-emballages.com\/de\/?s={search_term_string}\"},\"query-input\":{\"@type\":\"PropertyValueSpecification\",\"valueRequired\":true,\"valueName\":\"search_term_string\"}}],\"inLanguage\":\"de\"},{\"@type\":\"Organization\",\"@id\":\"https:\/\/www.csj-emballages.com\/de\/#Organization\/\",\"name\":\"CSJ Emballages\",\"url\":\"https:\/\/www.csj-emballages.com\/de\/\",\"logo\":{\"@type\":\"ImageObject\",\"inLanguage\":\"de\",\"@id\":\"https:\/\/www.csj-emballages.com\/de\/#\/schema\/logo\/image\/\",\"url\":\"https:\/\/www.csj-emballages.com\/wp-content\/uploads\/2023\/10\/logo_csj.webp\",\"contentUrl\":\"https:\/\/www.csj-emballages.com\/wp-content\/uploads\/2023\/10\/logo_csj.webp\",\"width\":250,\"height\":95,\"caption\":\"CSJ Emballages\"},\"image\":{\"@id\":\"https:\/\/www.csj-emballages.com\/de\/#\/schema\/logo\/image\/\"},\"sameAs\":[\"https:\/\/www.facebook.com\/csjemballages\"],\"address\":{\"@type\":\"PostalAddress\",\"streetAddress\":\"ZI La Lechere\",\"addressLocality\":\"Patornay\",\"postalCode\":\"39130\",\"addressCountry\":\"FR\"},\"contactPoint\":[{\"@type\":\"ContactPoint\",\"contactType\":\"Service client\",\"telephone\":\"0384254272\",\"email\":\"contact@csj-emballages.com\"}]}]}<\/script>\n<!-- \/ Yoast SEO Premium plugin. -->","yoast_head_json":{"title":"Rechteckige gefaltete Tortensohle Gold\/Schwarz - 4.5 x 13 cm","description":"Entdecken Sie die rechteckige, gefaltete Kuchensohle in Gold\/Schwarz 4,5 x 13 cm. Sie ist widerstandsf\u00e4hig und praktisch und wertet Ihre Kreationen mit einem raffinierten Touch auf.","robots":{"index":"index","follow":"follow","max-snippet":"max-snippet:-1","max-image-preview":"max-image-preview:large","max-video-preview":"max-video-preview:-1"},"canonical":"https:\/\/www.csj-emballages.com\/de\/produit\/rechteckige-gefaltete-kuchensohle-gold-schwarz-4-5-x-13-cm-pro-200\/","og_locale":"de_DE","og_type":"article","og_title":"Rechteckige, gefaltete Kuchensohle Gold \/ Schwarz 4.5 x 13 cm pro 200","og_description":"Entdecken Sie die rechteckige, gefaltete Kuchensohle in Gold\/Schwarz 4,5 x 13 cm. Sie ist widerstandsf\u00e4hig und praktisch und wertet Ihre Kreationen mit einem raffinierten Touch auf.","og_url":"https:\/\/www.csj-emballages.com\/de\/produit\/rechteckige-gefaltete-kuchensohle-gold-schwarz-4-5-x-13-cm-pro-200\/","og_site_name":"CSJ Emballages","article_publisher":"https:\/\/www.facebook.com\/csjemballages","article_modified_time":"2026-04-01T15:48:12+00:00","og_image":[{"width":800,"height":800,"url":"https:\/\/www.csj-emballages.com\/wp-content\/uploads\/2025\/01\/Semelle-pliee-or.webp","type":"image\/webp"}],"twitter_card":"summary_large_image","twitter_misc":{"Gesch\u00e4tzte Lesezeit":"3 Minuten"},"schema":{"@context":"https:\/\/schema.org","@graph":[{"@type":"WebPage","@id":"https:\/\/www.csj-emballages.com\/de\/produit\/rechteckige-gefaltete-kuchensohle-gold-schwarz-4-5-x-13-cm-pro-200\/","url":"https:\/\/www.csj-emballages.com\/de\/produit\/rechteckige-gefaltete-kuchensohle-gold-schwarz-4-5-x-13-cm-pro-200\/","name":"Rechteckige gefaltete Tortensohle Gold\/Schwarz - 4.5 x 13 cm","isPartOf":{"@id":"https:\/\/www.csj-emballages.com\/de\/#website"},"primaryImageOfPage":{"@id":"https:\/\/www.csj-emballages.com\/de\/produit\/rechteckige-gefaltete-kuchensohle-gold-schwarz-4-5-x-13-cm-pro-200\/#primaryimage"},"image":{"@id":"https:\/\/www.csj-emballages.com\/de\/produit\/rechteckige-gefaltete-kuchensohle-gold-schwarz-4-5-x-13-cm-pro-200\/#primaryimage"},"thumbnailUrl":"https:\/\/www.csj-emballages.com\/wp-content\/uploads\/2025\/01\/Semelle-pliee-or.webp","datePublished":"2025-01-08T14:39:29+00:00","dateModified":"2026-04-01T15:48:12+00:00","description":"Entdecken Sie die rechteckige, gefaltete Kuchensohle in Gold\/Schwarz 4,5 x 13 cm. Sie ist widerstandsf\u00e4hig und praktisch und wertet Ihre Kreationen mit einem raffinierten Touch auf.","breadcrumb":{"@id":"https:\/\/www.csj-emballages.com\/de\/produit\/rechteckige-gefaltete-kuchensohle-gold-schwarz-4-5-x-13-cm-pro-200\/#breadcrumb"},"inLanguage":"de","potentialAction":[{"@type":"ReadAction","target":["https:\/\/www.csj-emballages.com\/de\/produit\/rechteckige-gefaltete-kuchensohle-gold-schwarz-4-5-x-13-cm-pro-200\/"]}]},{"@type":"ImageObject","inLanguage":"de","@id":"https:\/\/www.csj-emballages.com\/de\/produit\/rechteckige-gefaltete-kuchensohle-gold-schwarz-4-5-x-13-cm-pro-200\/#primaryimage","url":"https:\/\/www.csj-emballages.com\/wp-content\/uploads\/2025\/01\/Semelle-pliee-or.webp","contentUrl":"https:\/\/www.csj-emballages.com\/wp-content\/uploads\/2025\/01\/Semelle-pliee-or.webp","width":800,"height":800,"caption":"Semelle gateau"},{"@type":"BreadcrumbList","@id":"https:\/\/www.csj-emballages.com\/de\/produit\/rechteckige-gefaltete-kuchensohle-gold-schwarz-4-5-x-13-cm-pro-200\/#breadcrumb","itemListElement":[{"@type":"ListItem","position":1,"name":"Accueil","item":"https:\/\/www.csj-emballages.com\/de\/universum-lebensmittelverpackungen\/"},{"@type":"ListItem","position":2,"name":"Shop","item":"https:\/\/www.csj-emballages.com\/shop\/"},{"@type":"ListItem","position":3,"name":"Rechteckige, gefaltete Kuchensohle Gold \/ Schwarz 4.5 x 13 cm pro 200"}]},{"@type":"WebSite","@id":"https:\/\/www.csj-emballages.com\/de\/#website","url":"https:\/\/www.csj-emballages.com\/de\/","name":"CSJ Emballages","description":"","publisher":{"@id":"https:\/\/www.csj-emballages.com\/de\/#organization"},"potentialAction":[{"@type":"SearchAction","target":{"@type":"EntryPoint","urlTemplate":"https:\/\/www.csj-emballages.com\/de\/?s={search_term_string}"},"query-input":{"@type":"PropertyValueSpecification","valueRequired":true,"valueName":"search_term_string"}}],"inLanguage":"de"},{"@type":"Organization","@id":"https:\/\/www.csj-emballages.com\/de\/#Organization\/","name":"CSJ Emballages","url":"https:\/\/www.csj-emballages.com\/de\/","logo":{"@type":"ImageObject","inLanguage":"de","@id":"https:\/\/www.csj-emballages.com\/de\/#\/schema\/logo\/image\/","url":"https:\/\/www.csj-emballages.com\/wp-content\/uploads\/2023\/10\/logo_csj.webp","contentUrl":"https:\/\/www.csj-emballages.com\/wp-content\/uploads\/2023\/10\/logo_csj.webp","width":250,"height":95,"caption":"CSJ Emballages"},"image":{"@id":"https:\/\/www.csj-emballages.com\/de\/#\/schema\/logo\/image\/"},"sameAs":["https:\/\/www.facebook.com\/csjemballages"],"address":{"@type":"PostalAddress","streetAddress":"ZI La Lechere","addressLocality":"Patornay","postalCode":"39130","addressCountry":"FR"},"contactPoint":[{"@type":"ContactPoint","contactType":"Service client","telephone":"0384254272","email":"contact@csj-emballages.com"}]}]}},"df_price":8.23,"df_sale_price":"","df_regular_price":8.23,"df_image_link":"https:\/\/www.csj-emballages.com\/wp-content\/uploads\/2025\/01\/Semelle-pliee-or-300x300.webp","tiered_pricing_type":"fixed","tiered_pricing_fixed_rules":[],"tiered_pricing_percentage_rules":[],"tiered_pricing_minimum":1,"tiered_pricing_roles_data":[],"_links":{"self":[{"href":"https:\/\/www.csj-emballages.com\/de\/wp-json\/wp\/v2\/product\/226120","targetHints":{"allow":["GET"]}}],"collection":[{"href":"https:\/\/www.csj-emballages.com\/de\/wp-json\/wp\/v2\/product"}],"about":[{"href":"https:\/\/www.csj-emballages.com\/de\/wp-json\/wp\/v2\/types\/product"}],"wp:featuredmedia":[{"embeddable":true,"href":"https:\/\/www.csj-emballages.com\/de\/wp-json\/wp\/v2\/media\/214606"}],"wp:attachment":[{"href":"https:\/\/www.csj-emballages.com\/de\/wp-json\/wp\/v2\/media?parent=226120"}],"wp:term":[{"taxonomy":"product_brand","embeddable":true,"href":"https:\/\/www.csj-emballages.com\/de\/wp-json\/wp\/v2\/product_brand?post=226120"},{"taxonomy":"product_cat","embeddable":true,"href":"https:\/\/www.csj-emballages.com\/de\/wp-json\/wp\/v2\/product_cat?post=226120"},{"taxonomy":"product_tag","embeddable":true,"href":"https:\/\/www.csj-emballages.com\/de\/wp-json\/wp\/v2\/product_tag?post=226120"}],"curies":[{"name":"wp","href":"https:\/\/api.w.org\/{rel}","templated":true}]}}