{"id":226113,"date":"2024-12-19T02:18:43","date_gmt":"2024-12-19T01:18:43","guid":{"rendered":"https:\/\/www.csj-emballages.com\/produit\/fluessiges-aroma-vanille-50-ml\/"},"modified":"2026-04-15T02:10:37","modified_gmt":"2026-04-15T00:10:37","slug":"fluessiges-aroma-vanille-50-ml","status":"publish","type":"product","link":"https:\/\/www.csj-emballages.com\/de\/produit\/fluessiges-aroma-vanille-50-ml\/","title":{"rendered":"Fl\u00fcssiges Aroma Vanille 50 ml"},"content":{"rendered":"<h2>Fl\u00fcssiges Aroma<\/h2>\n<hr>\n<h3>Beschreibung unseres fl\u00fcssigen Aromas Vanille 50 ml<\/h3>\n<p><!--more--><\/p>\n<p>Entdecken Sie unser <strong>fl\u00fcssiges<\/strong> <strong>Vanillearoma<\/strong>, ein s\u00fc\u00dfer und raffinierter Geschmack, der Ihre Rezepte bereichern wird. Dieses Qualit\u00e4tsprodukt wurde entwickelt, um Ihren Desserts, Backwaren oder Getr\u00e4nken einen Hauch von nat\u00fcrlicher <strong>Vanille<\/strong> zu verleihen. Mit seiner praktischen Gr\u00f6\u00dfe von <strong>50 ml<\/strong> ist es ideal f\u00fcr den regelm\u00e4\u00dfigen Gebrauch, egal ob Sie ein leidenschaftlicher Koch oder ein Profi sind. Dieses <strong>Vanillearoma<\/strong> ist leicht zu dosieren und eignet sich f\u00fcr eine Vielzahl von kulinarischen Kreationen.   <\/p>\n<p>Die Verwendung dieses <strong>fl\u00fcssigen Aromas<\/strong> ist einfach und flexibel. Ein paar Tropfen gen\u00fcgen, um Ihren Rezepten einen angenehmen und subtilen Geschmack zu verleihen. Ob Sie nun Cremes, Kuchen, Pfannkuchen oder sogar Getr\u00e4nke aromatisieren, dieses <strong>Vanillearoma<\/strong> f\u00fcgt sich perfekt in Ihre Zubereitungen ein. Die <strong>50-ml-Flasche<\/strong> erm\u00f6glicht eine genaue Dosierung, so dass es nicht zu \u00dcbertreibungen kommt. Eine kleine Menge reicht aus, um Ihren Kreationen einen echten Hauch von Vanille zu verleihen.    <\/p>\n<p>&nbsp;<\/p>\n<h4><!--more--><\/h4>\n<h4>Ein vielseitiges Aroma<\/h4>\n<p>Einer der gr\u00f6\u00dften Vorteile dieses <strong>fl\u00fcssigen Aromas<\/strong> ist seine Vielseitigkeit. Tats\u00e4chlich kann dieses <strong>Vanillearoma<\/strong> in vielen verschiedenen Rezepten verwendet werden. Beispielsweise kann es einem saftigen Kuchen, einem selbstgemachten Eis oder sogar einer hei\u00dfen Milch f\u00fcr ein w\u00e4rmendes Getr\u00e4nk zugesetzt werden. Es passt auch sehr gut in herzhafte Rezepte, um So\u00dfen oder Marinaden ein dezentes Aroma zu verleihen. Ob Sie nun eine s\u00fc\u00dfe Leckerei oder ein gewagtes Gericht zubereiten, dieses <strong>fl\u00fcssige Aroma<\/strong> verleiht Ihren Rezepten eine neue Geschmacksdimension.    <\/p>\n<p>Dieses <strong>Vanillearoma<\/strong> ist nicht nur einfach zu verwenden, sondern auch einfach zu lagern. Dank der luftdichten Flasche bleibt es mehrere Monate lang frisch. Sie m\u00fcssen die Flasche nach jedem Gebrauch nur wieder verschlie\u00dfen, um ihre Qualit\u00e4t zu erhalten. So k\u00f6nnen Sie dieses <strong>fl\u00fcssige Aroma<\/strong> \u00fcber einen langen Zeitraum genie\u00dfen, ohne bef\u00fcrchten zu m\u00fcssen, dass es seinen Geschmack oder seine Wirksamkeit verliert.   <\/p>\n<p>Dieses <strong>fl\u00fcssige Aroma<\/strong> ist auch eine kosteng\u00fcnstige Option. Es ist konzentriert, sodass eine kleine Menge ausreicht, um eine gro\u00dfe Menge an Zubereitung zu aromatisieren. Au\u00dferdem l\u00e4sst sich die kompakte Flasche problemlos in Ihren Schubladen oder K\u00fcchenschr\u00e4nken verstauen. Diese praktische Gr\u00f6\u00dfe ist sowohl f\u00fcr Amateure als auch f\u00fcr Profis ideal. Sie m\u00fcssen sich keine Sorgen mehr \u00fcber die Menge machen, denn jeder Tropfen dieses <strong>Vanillearomas<\/strong> z\u00e4hlt, um Ihren Kreationen den perfekten Geschmack zu verleihen.    <\/p>\n<h3><\/h3>\n<p><!--more--><\/p>\n<h4>Eine s\u00fc\u00dfe und raffinierte Note f\u00fcr Ihre Rezepte<\/h4>\n<p>Das <strong>fl\u00fcssige Aroma<\/strong> <strong>Vanille<\/strong> ist die ideale Zutat, um Ihren Kreationen eine s\u00fc\u00dfe und raffinierte Note zu verleihen. Vanille mit ihrem reichen und subtilen Duft ist ein universell beliebter Geschmack in vielen K\u00fcchen auf der ganzen Welt. Dieses <strong>Vanillearoma<\/strong> eignet sich perfekt f\u00fcr Geb\u00e4ck, Desserts und s\u00fc\u00dfe Getr\u00e4nke, aber auch f\u00fcr diejenigen, die ausgefalleneren Rezepten eine s\u00fc\u00dfe und warme Note verleihen m\u00f6chten.  <\/p>\n<p>Zusammenfassend l\u00e4sst sich sagen, dass<strong>fl\u00fcssiges Vanillearoma<\/strong> ein wichtiges Produkt f\u00fcr jeden ist, der seinen Rezepten gerne einen Hauch von S\u00fc\u00dfe verleiht. Seine einfache Handhabung, seine Vielseitigkeit und seine lange Haltbarkeit machen es zu einer praktischen und kosteng\u00fcnstigen Wahl f\u00fcr alle, die gerne kochen. Mit diesem <strong>Vanillearoma<\/strong> k\u00f6nnen Sie Ihre Rezepte in k\u00f6stliche und raffinierte Kreationen verwandeln. Testen Sie es noch heute und bringen Sie einen neuen Geschmack in Ihre allt\u00e4glichen Gerichte.   <\/p>\n<p>&nbsp;<\/p>\n<p><!--more--><\/p>\n<p>Testen Sie dieses <strong>Vanillearoma<\/strong> noch heute und verleihen Sie Ihren allt\u00e4glichen Rezepten eine neue Dimension.<\/p>\n<p>&nbsp;<\/p>\n<p><!--more--><\/p>\n<h4>Seine Vorteile :<\/h4>\n<ul>\n<li><strong>Authentischer und raffinierter Geschmack<\/strong>: Das<strong>fl\u00fcssige Vanillearoma<\/strong> bietet einen nat\u00fcrlichen Geschmack, der ideal ist, um Ihre s\u00fc\u00dfen und herzhaften Rezepte zu verfeinern.<\/li>\n<li><strong>Einfach zu dosieren<\/strong>: Einige Tropfen gen\u00fcgen, um Ihre Zubereitungen zu parf\u00fcmieren, was eine pr\u00e4zise und nicht \u00fcbertriebene Verwendung erm\u00f6glicht.<\/li>\n<li><strong>Vielseitig<\/strong> einsetzbar : Perfekt f\u00fcr eine Vielzahl von Rezepten, egal ob Desserts, Getr\u00e4nke, Geb\u00e4ck oder sogar herzhafte Gerichte.<\/li>\n<li><strong>Optimierte Haltbarkeit<\/strong>: In der luftdichten Flasche kann das<strong>Vanillearoma<\/strong> mehrere Monate lang aufbewahrt werden und bleibt dabei frisch.<\/li>\n<\/ul>\n<p>&nbsp;<\/p>\n<p><!--more--><\/p>\n<h4>Weitere Informationen :<\/h4>\n<ul>\n<li><b>H\u00f6he: <\/b>115 mm<\/li>\n<li><strong>Verpackung<\/strong>: Einzeln<\/li>\n<li><strong>Volumen<\/strong>: 50 ml<\/li>\n<li><b>Geschmack: <\/b>Vanille<\/li>\n<li><strong>Dosierung<\/strong>: 5g\/kg<\/li>\n<\/ul>\n<p>&nbsp;<\/p>\n<p><!--more--><\/p>\n<h4>Zusammensetzung :<\/h4>\n<ul>\n<li><strong>Zuckersirup<\/strong> \/ <strong>Wasser<\/strong> \/ <strong>Nat\u00fcrliches Vanillearoma \/ Farbstoff Karamell <\/strong> <\/li>\n<\/ul>\n<p>&nbsp;<\/p>\n<p><!--more--><\/p>\n<p>Produkt in verschiedenen Geschmacksrichtungen erh\u00e4ltlich : <span style=\"color: #d12727;\"><a style=\"color: #d12727;\" href=\"https:\/\/www.csj-emballages.com\/es\/produit\/liquido-sabor-cafe-50-ml\/\">Kaffee<\/a><\/span> \/ <span style=\"color: #d12727;\"><a style=\"color: #d12727;\" href=\"https:\/\/www.csj-emballages.com\/en\/produit\/liquid-rose-flavor-500-ml\/\">Rosa<\/a><\/span> \/ <span style=\"color: #d12727;\"><a style=\"color: #d12727;\" href=\"https:\/\/www.csj-emballages.com\/en\/produit\/liquid-banana-flavor-50-ml\/\">Banane<\/a><\/span> \/ <span style=\"color: #d12727;\"><a style=\"color: #d12727;\" href=\"https:\/\/www.csj-emballages.com\/es\/produit\/aroma-liquido-de-azahar-1-litro\/\">Orangenbl\u00fcte<\/a><\/span> \/ <span style=\"color: #d12727;\"><a style=\"color: #d12727;\" href=\"https:\/\/www.csj-emballages.com\/es\/produit\/fresa-sabor-liquido-50-ml\/\">Erdbeere<\/a><\/span><\/p>\n<p>&nbsp;<\/p>\n<p><!--more--><\/p>\n<p><a href=\"https:\/\/www.csj-emballages.com\/de\/categorie-produit\/lebensmittel\/konditorei\/aromen\/\">Entdecken Sie den Rest unseres Sortiments an Aromen<\/a><\/p>\n","protected":false},"excerpt":{"rendered":"<p>Fl\u00fcssiges Aroma Beschreibung unseres fl\u00fcssigen Aromas Vanille 50 ml<\/p>\n","protected":false},"featured_media":218784,"template":"","meta":{"_acf_changed":false},"product_brand":[],"product_cat":[1144,9215,9230],"product_tag":[],"class_list":{"0":"post-226113","1":"product","2":"type-product","3":"status-publish","4":"has-post-thumbnail","6":"product_cat-lebensmittel","7":"product_cat-konditorei","8":"product_cat-aromen","10":"first","11":"instock","12":"taxable","13":"shipping-taxable","14":"purchasable","15":"product-type-simple"},"acf":[],"yoast_head":"<!-- This site is optimized with the Yoast SEO Premium plugin v26.6 (Yoast SEO v26.6) - https:\/\/yoast.com\/wordpress\/plugins\/seo\/ -->\n<title>Fl\u00fcssiges Aroma Vanille - 50 ml<\/title>\n<meta name=\"description\" content=\"Entdecken Sie das fl\u00fcssige Aroma Vanille 50 ml: ein nat\u00fcrlicher tropischer Geschmack, leicht zu dosieren und vielseitig einsetzbar f\u00fcr Ihre s\u00fc\u00dfen und herzhaften Rezepte.\" \/>\n<meta name=\"robots\" content=\"index, follow, max-snippet:-1, max-image-preview:large, max-video-preview:-1\" \/>\n<link rel=\"canonical\" href=\"https:\/\/www.csj-emballages.com\/de\/produit\/fluessiges-aroma-vanille-50-ml\/\" \/>\n<meta property=\"og:locale\" content=\"de_DE\" \/>\n<meta property=\"og:type\" content=\"article\" \/>\n<meta property=\"og:title\" content=\"Fl\u00fcssiges Aroma Vanille 50 ml\" \/>\n<meta property=\"og:description\" content=\"Entdecken Sie das fl\u00fcssige Aroma Vanille 50 ml: ein nat\u00fcrlicher tropischer Geschmack, leicht zu dosieren und vielseitig einsetzbar f\u00fcr Ihre s\u00fc\u00dfen und herzhaften Rezepte.\" \/>\n<meta property=\"og:url\" content=\"https:\/\/www.csj-emballages.com\/de\/produit\/fluessiges-aroma-vanille-50-ml\/\" \/>\n<meta property=\"og:site_name\" content=\"CSJ Emballages\" \/>\n<meta property=\"article:publisher\" content=\"https:\/\/www.facebook.com\/csjemballages\" \/>\n<meta property=\"article:modified_time\" content=\"2026-04-15T00:10:37+00:00\" \/>\n<meta property=\"og:image\" content=\"https:\/\/www.csj-emballages.com\/wp-content\/uploads\/2024\/12\/Arome-vanille.webp\" \/>\n\t<meta property=\"og:image:width\" content=\"800\" \/>\n\t<meta property=\"og:image:height\" content=\"799\" \/>\n\t<meta property=\"og:image:type\" content=\"image\/webp\" \/>\n<meta name=\"twitter:card\" content=\"summary_large_image\" \/>\n<meta name=\"twitter:label1\" content=\"Gesch\u00e4tzte Lesezeit\" \/>\n\t<meta name=\"twitter:data1\" content=\"4 Minuten\" \/>\n<script type=\"application\/ld+json\" class=\"yoast-schema-graph\">{\"@context\":\"https:\/\/schema.org\",\"@graph\":[{\"@type\":\"WebPage\",\"@id\":\"https:\/\/www.csj-emballages.com\/de\/produit\/fluessiges-aroma-vanille-50-ml\/\",\"url\":\"https:\/\/www.csj-emballages.com\/de\/produit\/fluessiges-aroma-vanille-50-ml\/\",\"name\":\"Fl\u00fcssiges Aroma Vanille - 50 ml\",\"isPartOf\":{\"@id\":\"https:\/\/www.csj-emballages.com\/de\/#website\"},\"primaryImageOfPage\":{\"@id\":\"https:\/\/www.csj-emballages.com\/de\/produit\/fluessiges-aroma-vanille-50-ml\/#primaryimage\"},\"image\":{\"@id\":\"https:\/\/www.csj-emballages.com\/de\/produit\/fluessiges-aroma-vanille-50-ml\/#primaryimage\"},\"thumbnailUrl\":\"https:\/\/www.csj-emballages.com\/wp-content\/uploads\/2024\/12\/Arome-vanille.webp\",\"datePublished\":\"2024-12-19T01:18:43+00:00\",\"dateModified\":\"2026-04-15T00:10:37+00:00\",\"description\":\"Entdecken Sie das fl\u00fcssige Aroma Vanille 50 ml: ein nat\u00fcrlicher tropischer Geschmack, leicht zu dosieren und vielseitig einsetzbar f\u00fcr Ihre s\u00fc\u00dfen und herzhaften Rezepte.\",\"breadcrumb\":{\"@id\":\"https:\/\/www.csj-emballages.com\/de\/produit\/fluessiges-aroma-vanille-50-ml\/#breadcrumb\"},\"inLanguage\":\"de\",\"potentialAction\":[{\"@type\":\"ReadAction\",\"target\":[\"https:\/\/www.csj-emballages.com\/de\/produit\/fluessiges-aroma-vanille-50-ml\/\"]}]},{\"@type\":\"ImageObject\",\"inLanguage\":\"de\",\"@id\":\"https:\/\/www.csj-emballages.com\/de\/produit\/fluessiges-aroma-vanille-50-ml\/#primaryimage\",\"url\":\"https:\/\/www.csj-emballages.com\/wp-content\/uploads\/2024\/12\/Arome-vanille.webp\",\"contentUrl\":\"https:\/\/www.csj-emballages.com\/wp-content\/uploads\/2024\/12\/Arome-vanille.webp\",\"width\":800,\"height\":799,\"caption\":\"Ar\u00f4me liquide vanille\"},{\"@type\":\"BreadcrumbList\",\"@id\":\"https:\/\/www.csj-emballages.com\/de\/produit\/fluessiges-aroma-vanille-50-ml\/#breadcrumb\",\"itemListElement\":[{\"@type\":\"ListItem\",\"position\":1,\"name\":\"Accueil\",\"item\":\"https:\/\/www.csj-emballages.com\/de\/universum-lebensmittelverpackungen\/\"},{\"@type\":\"ListItem\",\"position\":2,\"name\":\"Shop\",\"item\":\"https:\/\/www.csj-emballages.com\/shop\/\"},{\"@type\":\"ListItem\",\"position\":3,\"name\":\"Fl\u00fcssiges Aroma Vanille 50 ml\"}]},{\"@type\":\"WebSite\",\"@id\":\"https:\/\/www.csj-emballages.com\/de\/#website\",\"url\":\"https:\/\/www.csj-emballages.com\/de\/\",\"name\":\"CSJ Emballages\",\"description\":\"\",\"publisher\":{\"@id\":\"https:\/\/www.csj-emballages.com\/de\/#organization\"},\"potentialAction\":[{\"@type\":\"SearchAction\",\"target\":{\"@type\":\"EntryPoint\",\"urlTemplate\":\"https:\/\/www.csj-emballages.com\/de\/?s={search_term_string}\"},\"query-input\":{\"@type\":\"PropertyValueSpecification\",\"valueRequired\":true,\"valueName\":\"search_term_string\"}}],\"inLanguage\":\"de\"},{\"@type\":\"Organization\",\"@id\":\"https:\/\/www.csj-emballages.com\/de\/#Organization\/\",\"name\":\"CSJ Emballages\",\"url\":\"https:\/\/www.csj-emballages.com\/de\/\",\"logo\":{\"@type\":\"ImageObject\",\"inLanguage\":\"de\",\"@id\":\"https:\/\/www.csj-emballages.com\/de\/#\/schema\/logo\/image\/\",\"url\":\"https:\/\/www.csj-emballages.com\/wp-content\/uploads\/2023\/10\/logo_csj.webp\",\"contentUrl\":\"https:\/\/www.csj-emballages.com\/wp-content\/uploads\/2023\/10\/logo_csj.webp\",\"width\":250,\"height\":95,\"caption\":\"CSJ Emballages\"},\"image\":{\"@id\":\"https:\/\/www.csj-emballages.com\/de\/#\/schema\/logo\/image\/\"},\"sameAs\":[\"https:\/\/www.facebook.com\/csjemballages\"],\"address\":{\"@type\":\"PostalAddress\",\"streetAddress\":\"ZI La Lechere\",\"addressLocality\":\"Patornay\",\"postalCode\":\"39130\",\"addressCountry\":\"FR\"},\"contactPoint\":[{\"@type\":\"ContactPoint\",\"contactType\":\"Service client\",\"telephone\":\"0384254272\",\"email\":\"contact@csj-emballages.com\"}]}]}<\/script>\n<!-- \/ Yoast SEO Premium plugin. -->","yoast_head_json":{"title":"Fl\u00fcssiges Aroma Vanille - 50 ml","description":"Entdecken Sie das fl\u00fcssige Aroma Vanille 50 ml: ein nat\u00fcrlicher tropischer Geschmack, leicht zu dosieren und vielseitig einsetzbar f\u00fcr Ihre s\u00fc\u00dfen und herzhaften Rezepte.","robots":{"index":"index","follow":"follow","max-snippet":"max-snippet:-1","max-image-preview":"max-image-preview:large","max-video-preview":"max-video-preview:-1"},"canonical":"https:\/\/www.csj-emballages.com\/de\/produit\/fluessiges-aroma-vanille-50-ml\/","og_locale":"de_DE","og_type":"article","og_title":"Fl\u00fcssiges Aroma Vanille 50 ml","og_description":"Entdecken Sie das fl\u00fcssige Aroma Vanille 50 ml: ein nat\u00fcrlicher tropischer Geschmack, leicht zu dosieren und vielseitig einsetzbar f\u00fcr Ihre s\u00fc\u00dfen und herzhaften Rezepte.","og_url":"https:\/\/www.csj-emballages.com\/de\/produit\/fluessiges-aroma-vanille-50-ml\/","og_site_name":"CSJ Emballages","article_publisher":"https:\/\/www.facebook.com\/csjemballages","article_modified_time":"2026-04-15T00:10:37+00:00","og_image":[{"width":800,"height":799,"url":"https:\/\/www.csj-emballages.com\/wp-content\/uploads\/2024\/12\/Arome-vanille.webp","type":"image\/webp"}],"twitter_card":"summary_large_image","twitter_misc":{"Gesch\u00e4tzte Lesezeit":"4 Minuten"},"schema":{"@context":"https:\/\/schema.org","@graph":[{"@type":"WebPage","@id":"https:\/\/www.csj-emballages.com\/de\/produit\/fluessiges-aroma-vanille-50-ml\/","url":"https:\/\/www.csj-emballages.com\/de\/produit\/fluessiges-aroma-vanille-50-ml\/","name":"Fl\u00fcssiges Aroma Vanille - 50 ml","isPartOf":{"@id":"https:\/\/www.csj-emballages.com\/de\/#website"},"primaryImageOfPage":{"@id":"https:\/\/www.csj-emballages.com\/de\/produit\/fluessiges-aroma-vanille-50-ml\/#primaryimage"},"image":{"@id":"https:\/\/www.csj-emballages.com\/de\/produit\/fluessiges-aroma-vanille-50-ml\/#primaryimage"},"thumbnailUrl":"https:\/\/www.csj-emballages.com\/wp-content\/uploads\/2024\/12\/Arome-vanille.webp","datePublished":"2024-12-19T01:18:43+00:00","dateModified":"2026-04-15T00:10:37+00:00","description":"Entdecken Sie das fl\u00fcssige Aroma Vanille 50 ml: ein nat\u00fcrlicher tropischer Geschmack, leicht zu dosieren und vielseitig einsetzbar f\u00fcr Ihre s\u00fc\u00dfen und herzhaften Rezepte.","breadcrumb":{"@id":"https:\/\/www.csj-emballages.com\/de\/produit\/fluessiges-aroma-vanille-50-ml\/#breadcrumb"},"inLanguage":"de","potentialAction":[{"@type":"ReadAction","target":["https:\/\/www.csj-emballages.com\/de\/produit\/fluessiges-aroma-vanille-50-ml\/"]}]},{"@type":"ImageObject","inLanguage":"de","@id":"https:\/\/www.csj-emballages.com\/de\/produit\/fluessiges-aroma-vanille-50-ml\/#primaryimage","url":"https:\/\/www.csj-emballages.com\/wp-content\/uploads\/2024\/12\/Arome-vanille.webp","contentUrl":"https:\/\/www.csj-emballages.com\/wp-content\/uploads\/2024\/12\/Arome-vanille.webp","width":800,"height":799,"caption":"Ar\u00f4me liquide vanille"},{"@type":"BreadcrumbList","@id":"https:\/\/www.csj-emballages.com\/de\/produit\/fluessiges-aroma-vanille-50-ml\/#breadcrumb","itemListElement":[{"@type":"ListItem","position":1,"name":"Accueil","item":"https:\/\/www.csj-emballages.com\/de\/universum-lebensmittelverpackungen\/"},{"@type":"ListItem","position":2,"name":"Shop","item":"https:\/\/www.csj-emballages.com\/shop\/"},{"@type":"ListItem","position":3,"name":"Fl\u00fcssiges Aroma Vanille 50 ml"}]},{"@type":"WebSite","@id":"https:\/\/www.csj-emballages.com\/de\/#website","url":"https:\/\/www.csj-emballages.com\/de\/","name":"CSJ Emballages","description":"","publisher":{"@id":"https:\/\/www.csj-emballages.com\/de\/#organization"},"potentialAction":[{"@type":"SearchAction","target":{"@type":"EntryPoint","urlTemplate":"https:\/\/www.csj-emballages.com\/de\/?s={search_term_string}"},"query-input":{"@type":"PropertyValueSpecification","valueRequired":true,"valueName":"search_term_string"}}],"inLanguage":"de"},{"@type":"Organization","@id":"https:\/\/www.csj-emballages.com\/de\/#Organization\/","name":"CSJ Emballages","url":"https:\/\/www.csj-emballages.com\/de\/","logo":{"@type":"ImageObject","inLanguage":"de","@id":"https:\/\/www.csj-emballages.com\/de\/#\/schema\/logo\/image\/","url":"https:\/\/www.csj-emballages.com\/wp-content\/uploads\/2023\/10\/logo_csj.webp","contentUrl":"https:\/\/www.csj-emballages.com\/wp-content\/uploads\/2023\/10\/logo_csj.webp","width":250,"height":95,"caption":"CSJ Emballages"},"image":{"@id":"https:\/\/www.csj-emballages.com\/de\/#\/schema\/logo\/image\/"},"sameAs":["https:\/\/www.facebook.com\/csjemballages"],"address":{"@type":"PostalAddress","streetAddress":"ZI La Lechere","addressLocality":"Patornay","postalCode":"39130","addressCountry":"FR"},"contactPoint":[{"@type":"ContactPoint","contactType":"Service client","telephone":"0384254272","email":"contact@csj-emballages.com"}]}]}},"df_price":3.28,"df_sale_price":"","df_regular_price":3.28,"df_image_link":"https:\/\/www.csj-emballages.com\/wp-content\/uploads\/2024\/12\/Arome-vanille-300x300.webp","tiered_pricing_type":"fixed","tiered_pricing_fixed_rules":[],"tiered_pricing_percentage_rules":[],"tiered_pricing_minimum":1,"tiered_pricing_roles_data":[],"_links":{"self":[{"href":"https:\/\/www.csj-emballages.com\/de\/wp-json\/wp\/v2\/product\/226113","targetHints":{"allow":["GET"]}}],"collection":[{"href":"https:\/\/www.csj-emballages.com\/de\/wp-json\/wp\/v2\/product"}],"about":[{"href":"https:\/\/www.csj-emballages.com\/de\/wp-json\/wp\/v2\/types\/product"}],"wp:featuredmedia":[{"embeddable":true,"href":"https:\/\/www.csj-emballages.com\/de\/wp-json\/wp\/v2\/media\/218784"}],"wp:attachment":[{"href":"https:\/\/www.csj-emballages.com\/de\/wp-json\/wp\/v2\/media?parent=226113"}],"wp:term":[{"taxonomy":"product_brand","embeddable":true,"href":"https:\/\/www.csj-emballages.com\/de\/wp-json\/wp\/v2\/product_brand?post=226113"},{"taxonomy":"product_cat","embeddable":true,"href":"https:\/\/www.csj-emballages.com\/de\/wp-json\/wp\/v2\/product_cat?post=226113"},{"taxonomy":"product_tag","embeddable":true,"href":"https:\/\/www.csj-emballages.com\/de\/wp-json\/wp\/v2\/product_tag?post=226113"}],"curies":[{"name":"wp","href":"https:\/\/api.w.org\/{rel}","templated":true}]}}